{"id":33228,"date":"2024-05-17T14:56:22","date_gmt":"2024-05-17T12:56:22","guid":{"rendered":"https:\/\/manskin.ethos-dev.ch\/produkt\/recipe-for-men-hair-and-body-set\/"},"modified":"2025-07-10T00:10:27","modified_gmt":"2025-07-09T22:10:27","slug":"recipe-for-men-hair-and-body-set","status":"publish","type":"product","link":"https:\/\/manskin.ethos-dev.ch\/fr\/produkt\/recipe-for-men-hair-and-body-set\/","title":{"rendered":"Recipe for men &#8211; Hair &amp; Body Set avec n\u00e9cessaire"},"content":{"rendered":"<h2>Recipe for men &#8211;&nbsp;Hair &amp; Body&nbsp;Kit incl. n&eacute;cessaire<\/h2>\n<p>Un programme complet pour le corps et les cheveux dans une trousse de toilette de qualit&eacute;!<\/p>\n<p>Nettoie ton corps avec le gel douche Ultra Clean, lave tes cheveux avec le shampooing Deep Cleansing et obtiens une excellente protection contre la transpiration avec le best-seller Deo Alcohol-Free Antiperspirant.<\/p>\n<h3><span style=\"color: rgb(230, 126, 34);\">Gel Douche Ultra Clean avec Grapefruit &amp; Guarana<\/span><\/h3>\n<ul>\n<li>Sors de la douche et sens-toi moins fatigu&eacute; et plus propre que jamais.<\/li>\n<li>Ce gel douche au pamplemousse et au guarana &eacute;nergisant te donne la fra&icirc;cheur ultime et le coup de fouet dont tu as besoin le matin pour te mettre en forme.<\/li>\n<li>La formule nettoyante de Recipe for men, test&eacute;e sous contr&ocirc;le dermatologique et contenant de l&#39;aloe vera apaisant, lave la peau en profondeur et laisse une sensation de douceur et de confort sur la peau, qui ne tiraille jamais et n&#39;est jamais s&egrave;che.<\/li>\n<li>Contenu 250 ml.<\/li>\n<\/ul>\n<h3><span style=\"color: rgb(230, 126, 34);\">Shampooing nettoyant en profondeur Deep Clean &agrave; l&#39;A&ccedil;a&iuml;<\/span><\/h3>\n<ul>\n<li>Un shampooing nettoyant en profondeur classique, optimis&eacute; uniquement pour les cheveux.<\/li>\n<li>Il nettoie et hydrate, ce qui permet &agrave; tes cheveux d&#39;&ecirc;tre parfaitement nettoy&eacute;s, d&#39;avoir plus d&#39;&eacute;nergie et d&#39;&ecirc;tre plus faciles &agrave; coiffer, plus souples et plus brillants.<\/li>\n<li>Sa formule r&eacute;paratrice non grasse est riche en b&eacute;ta&iuml;ne nourrissante et en extraits d&#39;a&ccedil;a&iuml; protecteurs, ce qui le rend &eacute;galement parfait pour les cheveux ab&icirc;m&eacute;s ou d&eacute;color&eacute;s.<\/li>\n<li>Contenu 200 ml.<\/li>\n<\/ul>\n<h3><span style=\"color: rgb(230, 126, 34);\">D&eacute;odorant anti-transpirant sans alcool<\/span><\/h3>\n<ul>\n<li>Ce d&eacute;odorant anti-transpirant sans alcool offre une excellente protection contre l&#39;humidit&eacute;.<\/li>\n<li>La formulation douce avec de l&#39;allanto&iuml;ne anti-irritante et du beurre de karit&eacute; traitant neutralise les bact&eacute;ries pour un contr&ocirc;le durable des odeurs.<\/li>\n<li>P&eacute;n&egrave;tre rapidement. Ne tache pas. Ne colle pas &agrave; la peau.<\/li>\n<li>Contenu 60 ml.<\/li>\n<\/ul>\n<p>&nbsp;<\/p>\n","protected":false},"excerpt":{"rendered":"<p>3 produits de soin dans une trousse de toilette pratique<\/p>\n","protected":false},"featured_media":33219,"comment_status":"closed","ping_status":"closed","template":"","meta":{"_acf_changed":false},"pwb-brand":[2778],"product_brand":[],"product_cat":[2326,1948,2358,2357,2391],"product_tag":[],"class_list":{"0":"post-33228","1":"product","2":"type-product","3":"status-publish","4":"has-post-thumbnail","6":"pwb-brand-recipe-for-men","7":"product_cat-cadeaux","8":"product_cat-shampoing-conditioner","9":"product_cat-edt-deo","10":"product_cat-nettoyant-corps","11":"product_cat-recipe-for-men-fr","12":"product_shipping_class-standard-fr","13":"sales-flash-overlay","14":"woocommerce-text-align-center","15":"woocommerce-image-align-center","16":"do-quantity-buttons","17":"has-subscription-plans","19":"first","20":"instock","21":"taxable","22":"shipping-taxable","23":"purchasable","24":"product-type-simple"},"acf":[],"yoast_head":"<!-- This site is optimized with the Yoast SEO Premium plugin v24.8 (Yoast SEO v25.4) - https:\/\/yoast.com\/wordpress\/plugins\/seo\/ -->\n<title>Recipe for men - Hair &amp; Body Set avec n\u00e9cessaire | Manskin.ch<\/title>\n<meta name=\"description\" content=\"Recipe for men - Hair &amp; Body Set avec n\u00e9cessaire\" \/>\n<meta name=\"robots\" content=\"noindex, follow, max-snippet:-1, max-image-preview:large, max-video-preview:-1\" \/>\n<meta property=\"og:locale\" content=\"fr_FR\" \/>\n<meta property=\"og:type\" content=\"article\" \/>\n<meta property=\"og:title\" content=\"Recipe for men - Hair &amp; Body Set avec n\u00e9cessaire\" \/>\n<meta property=\"og:description\" content=\"Recipe for men - Hair &amp; Body Set avec n\u00e9cessaire\" \/>\n<meta property=\"og:url\" content=\"https:\/\/manskin.ethos-dev.ch\/fr\/produkt\/recipe-for-men-hair-and-body-set\/\" \/>\n<meta property=\"og:site_name\" content=\"Manskin.ch\" \/>\n<meta property=\"article:publisher\" content=\"https:\/\/www.facebook.com\/manskin.ch\" \/>\n<meta property=\"article:modified_time\" content=\"2025-07-09T22:10:27+00:00\" \/>\n<meta property=\"og:image\" content=\"https:\/\/manskin.ethos-dev.ch\/wp-content\/uploads\/2024\/05\/Recipe-for-men-Bundle.jpeg\" \/>\n\t<meta property=\"og:image:width\" content=\"800\" \/>\n\t<meta property=\"og:image:height\" content=\"800\" \/>\n\t<meta property=\"og:image:type\" content=\"image\/jpeg\" \/>\n<meta name=\"twitter:card\" content=\"summary_large_image\" \/>\n<meta name=\"twitter:label1\" content=\"Prix\" \/>\n\t<meta name=\"twitter:data1\" content=\"54.00&#067;&#072;&#070;\" \/>\n\t<meta name=\"twitter:label2\" content=\"Disponibilit\u00e9\" \/>\n\t<meta name=\"twitter:data2\" content=\"En stock\" \/>\n<script type=\"application\/ld+json\" class=\"yoast-schema-graph\">{\"@context\":\"https:\/\/schema.org\",\"@graph\":[{\"@type\":\"WebPage\",\"@id\":\"https:\/\/manskin.ethos-dev.ch\/fr\/produkt\/recipe-for-men-hair-and-body-set\/\",\"url\":\"https:\/\/manskin.ethos-dev.ch\/fr\/produkt\/recipe-for-men-hair-and-body-set\/\",\"name\":\"Recipe for men - Hair &amp; Body Set avec n\u00e9cessaire | Manskin.ch\",\"isPartOf\":{\"@id\":\"https:\/\/manskin.ethos-dev.ch\/#website\"},\"primaryImageOfPage\":{\"@id\":\"https:\/\/manskin.ethos-dev.ch\/fr\/produkt\/recipe-for-men-hair-and-body-set\/#primaryimage\"},\"image\":{\"@id\":\"https:\/\/manskin.ethos-dev.ch\/fr\/produkt\/recipe-for-men-hair-and-body-set\/#primaryimage\"},\"thumbnailUrl\":\"https:\/\/manskin.ethos-dev.ch\/wp-content\/uploads\/2024\/05\/Recipe-for-men-Bundle.jpeg\",\"datePublished\":\"2024-05-17T12:56:22+00:00\",\"dateModified\":\"2025-07-09T22:10:27+00:00\",\"description\":\"Recipe for men - Hair &amp; Body Set avec n\u00e9cessaire\",\"breadcrumb\":{\"@id\":\"https:\/\/manskin.ethos-dev.ch\/fr\/produkt\/recipe-for-men-hair-and-body-set\/#breadcrumb\"},\"inLanguage\":\"fr-FR\",\"potentialAction\":[{\"@type\":\"ReadAction\",\"target\":[\"https:\/\/manskin.ethos-dev.ch\/fr\/produkt\/recipe-for-men-hair-and-body-set\/\"]}]},{\"@type\":\"ImageObject\",\"inLanguage\":\"fr-FR\",\"@id\":\"https:\/\/manskin.ethos-dev.ch\/fr\/produkt\/recipe-for-men-hair-and-body-set\/#primaryimage\",\"url\":\"https:\/\/manskin.ethos-dev.ch\/wp-content\/uploads\/2024\/05\/Recipe-for-men-Bundle.jpeg\",\"contentUrl\":\"https:\/\/manskin.ethos-dev.ch\/wp-content\/uploads\/2024\/05\/Recipe-for-men-Bundle.jpeg\",\"width\":800,\"height\":800},{\"@type\":\"BreadcrumbList\",\"@id\":\"https:\/\/manskin.ethos-dev.ch\/fr\/produkt\/recipe-for-men-hair-and-body-set\/#breadcrumb\",\"itemListElement\":[{\"@type\":\"ListItem\",\"position\":1,\"name\":\"Startseite\",\"item\":\"https:\/\/manskin.ethos-dev.ch\/fr\/\"},{\"@type\":\"ListItem\",\"position\":2,\"name\":\"Shop\",\"item\":\"https:\/\/manskin.ethos-dev.ch\/shop\/\"},{\"@type\":\"ListItem\",\"position\":3,\"name\":\"Recipe for men &#8211; Hair &amp; Body Set avec n\u00e9cessaire\"}]},{\"@type\":\"WebSite\",\"@id\":\"https:\/\/manskin.ethos-dev.ch\/#website\",\"url\":\"https:\/\/manskin.ethos-dev.ch\/\",\"name\":\"Manskin.ch\",\"description\":\"Tous les produits de beaut\u00e9 pour les hommes les plus exigeants\",\"publisher\":{\"@id\":\"https:\/\/manskin.ethos-dev.ch\/#organization\"},\"potentialAction\":[{\"@type\":\"SearchAction\",\"target\":{\"@type\":\"EntryPoint\",\"urlTemplate\":\"https:\/\/manskin.ethos-dev.ch\/?s={search_term_string}\"},\"query-input\":{\"@type\":\"PropertyValueSpecification\",\"valueRequired\":true,\"valueName\":\"search_term_string\"}}],\"inLanguage\":\"fr-FR\"},{\"@type\":\"Organization\",\"@id\":\"https:\/\/manskin.ethos-dev.ch\/#organization\",\"name\":\"Manskin.ch - der Schweizer Onlineshop f\u00fcr qualit\u00e4tsstarke M\u00e4nnerpflege\",\"url\":\"https:\/\/manskin.ethos-dev.ch\/\",\"logo\":{\"@type\":\"ImageObject\",\"inLanguage\":\"fr-FR\",\"@id\":\"https:\/\/manskin.ethos-dev.ch\/#\/schema\/logo\/image\/\",\"url\":\"https:\/\/manskin.ethos-dev.ch\/wp-content\/uploads\/2021\/04\/cropped-logo_head.png\",\"contentUrl\":\"https:\/\/manskin.ethos-dev.ch\/wp-content\/uploads\/2021\/04\/cropped-logo_head.png\",\"width\":235,\"height\":75,\"caption\":\"Manskin.ch - der Schweizer Onlineshop f\u00fcr qualit\u00e4tsstarke M\u00e4nnerpflege\"},\"image\":{\"@id\":\"https:\/\/manskin.ethos-dev.ch\/#\/schema\/logo\/image\/\"},\"sameAs\":[\"https:\/\/www.facebook.com\/manskin.ch\",\"https:\/\/www.instagram.com\/manskin.ch\/\"]}]}<\/script>\n<meta property=\"product:price:amount\" content=\"54.00\" \/>\n<meta property=\"product:price:currency\" content=\"CHF\" \/>\n<meta property=\"og:availability\" content=\"instock\" \/>\n<meta property=\"product:availability\" content=\"instock\" \/>\n<meta property=\"product:retailer_item_id\" content=\"14105\" \/>\n<meta property=\"product:condition\" content=\"new\" \/>\n<!-- \/ Yoast SEO Premium plugin. -->","yoast_head_json":{"title":"Recipe for men - Hair &amp; Body Set avec n\u00e9cessaire | Manskin.ch","description":"Recipe for men - Hair &amp; Body Set avec n\u00e9cessaire","robots":{"index":"noindex","follow":"follow","max-snippet":"max-snippet:-1","max-image-preview":"max-image-preview:large","max-video-preview":"max-video-preview:-1"},"og_locale":"fr_FR","og_type":"article","og_title":"Recipe for men - Hair &amp; Body Set avec n\u00e9cessaire","og_description":"Recipe for men - Hair &amp; Body Set avec n\u00e9cessaire","og_url":"https:\/\/manskin.ethos-dev.ch\/fr\/produkt\/recipe-for-men-hair-and-body-set\/","og_site_name":"Manskin.ch","article_publisher":"https:\/\/www.facebook.com\/manskin.ch","article_modified_time":"2025-07-09T22:10:27+00:00","og_image":[{"width":800,"height":800,"url":"https:\/\/manskin.ethos-dev.ch\/wp-content\/uploads\/2024\/05\/Recipe-for-men-Bundle.jpeg","type":"image\/jpeg"}],"twitter_card":"summary_large_image","twitter_misc":{"Prix":"54.00&#67;&#72;&#70;","Disponibilit\u00e9":"En stock"},"schema":{"@context":"https:\/\/schema.org","@graph":[{"@type":"WebPage","@id":"https:\/\/manskin.ethos-dev.ch\/fr\/produkt\/recipe-for-men-hair-and-body-set\/","url":"https:\/\/manskin.ethos-dev.ch\/fr\/produkt\/recipe-for-men-hair-and-body-set\/","name":"Recipe for men - Hair &amp; Body Set avec n\u00e9cessaire | Manskin.ch","isPartOf":{"@id":"https:\/\/manskin.ethos-dev.ch\/#website"},"primaryImageOfPage":{"@id":"https:\/\/manskin.ethos-dev.ch\/fr\/produkt\/recipe-for-men-hair-and-body-set\/#primaryimage"},"image":{"@id":"https:\/\/manskin.ethos-dev.ch\/fr\/produkt\/recipe-for-men-hair-and-body-set\/#primaryimage"},"thumbnailUrl":"https:\/\/manskin.ethos-dev.ch\/wp-content\/uploads\/2024\/05\/Recipe-for-men-Bundle.jpeg","datePublished":"2024-05-17T12:56:22+00:00","dateModified":"2025-07-09T22:10:27+00:00","description":"Recipe for men - Hair &amp; Body Set avec n\u00e9cessaire","breadcrumb":{"@id":"https:\/\/manskin.ethos-dev.ch\/fr\/produkt\/recipe-for-men-hair-and-body-set\/#breadcrumb"},"inLanguage":"fr-FR","potentialAction":[{"@type":"ReadAction","target":["https:\/\/manskin.ethos-dev.ch\/fr\/produkt\/recipe-for-men-hair-and-body-set\/"]}]},{"@type":"ImageObject","inLanguage":"fr-FR","@id":"https:\/\/manskin.ethos-dev.ch\/fr\/produkt\/recipe-for-men-hair-and-body-set\/#primaryimage","url":"https:\/\/manskin.ethos-dev.ch\/wp-content\/uploads\/2024\/05\/Recipe-for-men-Bundle.jpeg","contentUrl":"https:\/\/manskin.ethos-dev.ch\/wp-content\/uploads\/2024\/05\/Recipe-for-men-Bundle.jpeg","width":800,"height":800},{"@type":"BreadcrumbList","@id":"https:\/\/manskin.ethos-dev.ch\/fr\/produkt\/recipe-for-men-hair-and-body-set\/#breadcrumb","itemListElement":[{"@type":"ListItem","position":1,"name":"Startseite","item":"https:\/\/manskin.ethos-dev.ch\/fr\/"},{"@type":"ListItem","position":2,"name":"Shop","item":"https:\/\/manskin.ethos-dev.ch\/shop\/"},{"@type":"ListItem","position":3,"name":"Recipe for men &#8211; Hair &amp; Body Set avec n\u00e9cessaire"}]},{"@type":"WebSite","@id":"https:\/\/manskin.ethos-dev.ch\/#website","url":"https:\/\/manskin.ethos-dev.ch\/","name":"Manskin.ch","description":"Tous les produits de beaut\u00e9 pour les hommes les plus exigeants","publisher":{"@id":"https:\/\/manskin.ethos-dev.ch\/#organization"},"potentialAction":[{"@type":"SearchAction","target":{"@type":"EntryPoint","urlTemplate":"https:\/\/manskin.ethos-dev.ch\/?s={search_term_string}"},"query-input":{"@type":"PropertyValueSpecification","valueRequired":true,"valueName":"search_term_string"}}],"inLanguage":"fr-FR"},{"@type":"Organization","@id":"https:\/\/manskin.ethos-dev.ch\/#organization","name":"Manskin.ch - der Schweizer Onlineshop f\u00fcr qualit\u00e4tsstarke M\u00e4nnerpflege","url":"https:\/\/manskin.ethos-dev.ch\/","logo":{"@type":"ImageObject","inLanguage":"fr-FR","@id":"https:\/\/manskin.ethos-dev.ch\/#\/schema\/logo\/image\/","url":"https:\/\/manskin.ethos-dev.ch\/wp-content\/uploads\/2021\/04\/cropped-logo_head.png","contentUrl":"https:\/\/manskin.ethos-dev.ch\/wp-content\/uploads\/2021\/04\/cropped-logo_head.png","width":235,"height":75,"caption":"Manskin.ch - der Schweizer Onlineshop f\u00fcr qualit\u00e4tsstarke M\u00e4nnerpflege"},"image":{"@id":"https:\/\/manskin.ethos-dev.ch\/#\/schema\/logo\/image\/"},"sameAs":["https:\/\/www.facebook.com\/manskin.ch","https:\/\/www.instagram.com\/manskin.ch\/"]}]},"product_price_amount":"54.00","product_price_currency":"CHF","og_availability":"instock","product_availability":"instock","product_retailer_item_id":"14105","product_condition":"new"},"brands":[{"id":2778,"name":"Recipe for men","slug":"recipe-for-men"}],"_links":{"self":[{"href":"https:\/\/manskin.ethos-dev.ch\/fr\/wp-json\/wp\/v2\/product\/33228","targetHints":{"allow":["GET"]}}],"collection":[{"href":"https:\/\/manskin.ethos-dev.ch\/fr\/wp-json\/wp\/v2\/product"}],"about":[{"href":"https:\/\/manskin.ethos-dev.ch\/fr\/wp-json\/wp\/v2\/types\/product"}],"replies":[{"embeddable":true,"href":"https:\/\/manskin.ethos-dev.ch\/fr\/wp-json\/wp\/v2\/comments?post=33228"}],"wp:featuredmedia":[{"embeddable":true,"href":"https:\/\/manskin.ethos-dev.ch\/fr\/wp-json\/wp\/v2\/media\/33219"}],"wp:attachment":[{"href":"https:\/\/manskin.ethos-dev.ch\/fr\/wp-json\/wp\/v2\/media?parent=33228"}],"wp:term":[{"taxonomy":"pwb-brand","embeddable":true,"href":"https:\/\/manskin.ethos-dev.ch\/fr\/wp-json\/wp\/v2\/pwb-brand?post=33228"},{"taxonomy":"product_brand","embeddable":true,"href":"https:\/\/manskin.ethos-dev.ch\/fr\/wp-json\/wp\/v2\/product_brand?post=33228"},{"taxonomy":"product_cat","embeddable":true,"href":"https:\/\/manskin.ethos-dev.ch\/fr\/wp-json\/wp\/v2\/product_cat?post=33228"},{"taxonomy":"product_tag","embeddable":true,"href":"https:\/\/manskin.ethos-dev.ch\/fr\/wp-json\/wp\/v2\/product_tag?post=33228"}],"curies":[{"name":"wp","href":"https:\/\/api.w.org\/{rel}","templated":true}]}}