{"id":34364,"date":"2024-05-15T10:14:33","date_gmt":"2024-05-15T08:14:33","guid":{"rendered":"https:\/\/manskin.ethos-dev.ch\/produkt\/age-def-instant-lifting-eye-cream\/"},"modified":"2025-04-20T19:19:39","modified_gmt":"2025-04-20T17:19:39","slug":"shakeup-age-def-instant-lifting-eye-cream","status":"publish","type":"product","link":"https:\/\/manskin.ethos-dev.ch\/fr\/produkt\/shakeup-age-def-instant-lifting-eye-cream\/","title":{"rendered":"Shakeup &#8211; Age Def-Eye Instant Lifting Eye Cream"},"content":{"rendered":"<h2>Shakeup &#8211; Cr&egrave;me liftante pour les yeux Age-Def<\/h2>\n<p>&nbsp;<\/p>\n<ul>\n<li>Cette formule puissante raffermit, tonifie et revitalise instantan&eacute;ment les yeux fatigu&eacute;s.<\/li>\n<li>Dis adieu aux ridules, aux rides et aux yeux fatigu&eacute;s en moins de 90 secondes.<\/li>\n<li>Le m&eacute;lange stimulant de caf&eacute;ine et d&#39;ipeptide&trade; agit en synergie pour offrir des avantages imm&eacute;diats et &agrave; long terme afin de pr&eacute;venir les signes visibles de vieillissement en aidant &agrave; retrouver une apparence rafra&icirc;chie et jeune.<\/li>\n<li>Contient des ingr&eacute;dients respectueux de la peau qui non seulement raffermissent la peau, mais favorisent &eacute;galement la circulation sanguine, hydratent et r&eacute;duisent l&#39;inflammation.<\/li>\n<li>Une formule l&eacute;g&egrave;re et apaisante qui donne des r&eacute;sultats imm&eacute;diats.<\/li>\n<li>Convient &agrave; tous les types et tons de peau.<\/li>\n<\/ul>\n<p>Contenu 15 ml.<\/p>\n","protected":false},"excerpt":{"rendered":"<p>Shakeup &#8211; Cr&egrave;me liftante pour les yeux Age-Def &nbsp; Cette formule puissante raffermit, tonifie et revitalise instantan&eacute;ment les yeux fatigu&eacute;s. Dis adieu aux ridules, aux rides et aux yeux fatigu&eacute;s en moins de 90 secondes. Le m&eacute;lange stimulant de caf&eacute;ine et d&#39;ipeptide&trade; agit en synergie pour offrir des avantages imm&eacute;diats et &agrave; long terme afin &#8230; <a title=\"Shakeup &#8211; Age Def-Eye Instant Lifting Eye Cream\" class=\"read-more\" href=\"https:\/\/manskin.ethos-dev.ch\/fr\/produkt\/shakeup-age-def-instant-lifting-eye-cream\/\" aria-label=\"En savoir plus sur Shakeup &#8211; Age Def-Eye Instant Lifting Eye Cream\">Lire la suite<\/a><\/p>\n","protected":false},"featured_media":33133,"comment_status":"closed","ping_status":"closed","template":"","meta":{"_acf_changed":false},"pwb-brand":[2848],"product_brand":[],"product_cat":[2328,1930,2337,2343,2349,2850],"product_tag":[],"class_list":{"0":"post-34364","1":"product","2":"type-product","3":"status-publish","4":"has-post-thumbnail","6":"pwb-brand-shakeup","7":"product_cat-contour-de-loeil","8":"product_cat-anti-age","9":"product_cat-teint-parfait","10":"product_cat-cernes","11":"product_cat-peau-fatiguee","12":"product_cat-shakeup-fr","13":"product_shipping_class-standard-fr","14":"sales-flash-overlay","15":"woocommerce-text-align-center","16":"woocommerce-image-align-center","17":"do-quantity-buttons","18":"has-subscription-plans","20":"first","21":"instock","22":"taxable","23":"shipping-taxable","24":"purchasable","25":"product-type-simple"},"acf":[],"yoast_head":"<!-- This site is optimized with the Yoast SEO Premium plugin v24.8 (Yoast SEO v25.4) - https:\/\/yoast.com\/wordpress\/plugins\/seo\/ -->\n<title>Shakeup - Age Def-Eye Instant Lifting Eye Cream | Manskin.ch<\/title>\n<meta name=\"description\" content=\"Dis adieu aux yeux fatigu\u00e9s avec la cr\u00e8me pour les yeux Shakeup Lifting. Observe des r\u00e9sultats visibles en moins de 90 secondes. Commande-la maintenant chez Manskin.ch!\" \/>\n<meta name=\"robots\" content=\"noindex, follow, max-snippet:-1, max-image-preview:large, max-video-preview:-1\" \/>\n<meta property=\"og:locale\" content=\"fr_FR\" \/>\n<meta property=\"og:type\" content=\"article\" \/>\n<meta property=\"og:title\" content=\"Shakeup - Age Def-Eye Instant Lifting Eye Cream\" \/>\n<meta property=\"og:description\" content=\"Dis adieu aux yeux fatigu\u00e9s avec la cr\u00e8me pour les yeux Shakeup Lifting. Observe des r\u00e9sultats visibles en moins de 90 secondes. Commande-la maintenant chez Manskin.ch!\" \/>\n<meta property=\"og:url\" content=\"https:\/\/manskin.ethos-dev.ch\/fr\/produkt\/shakeup-age-def-instant-lifting-eye-cream\/\" \/>\n<meta property=\"og:site_name\" content=\"Manskin.ch\" \/>\n<meta property=\"article:publisher\" content=\"https:\/\/www.facebook.com\/manskin.ch\" \/>\n<meta property=\"article:modified_time\" content=\"2025-04-20T17:19:39+00:00\" \/>\n<meta property=\"og:image\" content=\"https:\/\/manskin.ethos-dev.ch\/wp-content\/uploads\/2024\/05\/Age-Def-Eye-Cream.jpg\" \/>\n\t<meta property=\"og:image:width\" content=\"800\" \/>\n\t<meta property=\"og:image:height\" content=\"800\" \/>\n\t<meta property=\"og:image:type\" content=\"image\/jpeg\" \/>\n<meta name=\"twitter:card\" content=\"summary_large_image\" \/>\n<meta name=\"twitter:label1\" content=\"Prix\" \/>\n\t<meta name=\"twitter:data1\" content=\"34.50&#067;&#072;&#070;\" \/>\n\t<meta name=\"twitter:label2\" content=\"Disponibilit\u00e9\" \/>\n\t<meta name=\"twitter:data2\" content=\"En stock\" \/>\n<script type=\"application\/ld+json\" class=\"yoast-schema-graph\">{\"@context\":\"https:\/\/schema.org\",\"@graph\":[{\"@type\":\"WebPage\",\"@id\":\"https:\/\/manskin.ethos-dev.ch\/fr\/produkt\/shakeup-age-def-instant-lifting-eye-cream\/\",\"url\":\"https:\/\/manskin.ethos-dev.ch\/fr\/produkt\/shakeup-age-def-instant-lifting-eye-cream\/\",\"name\":\"Shakeup - Age Def-Eye Instant Lifting Eye Cream | Manskin.ch\",\"isPartOf\":{\"@id\":\"https:\/\/manskin.ethos-dev.ch\/#website\"},\"primaryImageOfPage\":{\"@id\":\"https:\/\/manskin.ethos-dev.ch\/fr\/produkt\/shakeup-age-def-instant-lifting-eye-cream\/#primaryimage\"},\"image\":{\"@id\":\"https:\/\/manskin.ethos-dev.ch\/fr\/produkt\/shakeup-age-def-instant-lifting-eye-cream\/#primaryimage\"},\"thumbnailUrl\":\"https:\/\/manskin.ethos-dev.ch\/wp-content\/uploads\/2024\/05\/Age-Def-Eye-Cream.jpg\",\"datePublished\":\"2024-05-15T08:14:33+00:00\",\"dateModified\":\"2025-04-20T17:19:39+00:00\",\"description\":\"Dis adieu aux yeux fatigu\u00e9s avec la cr\u00e8me pour les yeux Shakeup Lifting. Observe des r\u00e9sultats visibles en moins de 90 secondes. Commande-la maintenant chez Manskin.ch!\",\"breadcrumb\":{\"@id\":\"https:\/\/manskin.ethos-dev.ch\/fr\/produkt\/shakeup-age-def-instant-lifting-eye-cream\/#breadcrumb\"},\"inLanguage\":\"fr-FR\",\"potentialAction\":[{\"@type\":\"ReadAction\",\"target\":[\"https:\/\/manskin.ethos-dev.ch\/fr\/produkt\/shakeup-age-def-instant-lifting-eye-cream\/\"]}]},{\"@type\":\"ImageObject\",\"inLanguage\":\"fr-FR\",\"@id\":\"https:\/\/manskin.ethos-dev.ch\/fr\/produkt\/shakeup-age-def-instant-lifting-eye-cream\/#primaryimage\",\"url\":\"https:\/\/manskin.ethos-dev.ch\/wp-content\/uploads\/2024\/05\/Age-Def-Eye-Cream.jpg\",\"contentUrl\":\"https:\/\/manskin.ethos-dev.ch\/wp-content\/uploads\/2024\/05\/Age-Def-Eye-Cream.jpg\",\"width\":800,\"height\":800},{\"@type\":\"BreadcrumbList\",\"@id\":\"https:\/\/manskin.ethos-dev.ch\/fr\/produkt\/shakeup-age-def-instant-lifting-eye-cream\/#breadcrumb\",\"itemListElement\":[{\"@type\":\"ListItem\",\"position\":1,\"name\":\"Startseite\",\"item\":\"https:\/\/manskin.ethos-dev.ch\/fr\/\"},{\"@type\":\"ListItem\",\"position\":2,\"name\":\"Shop\",\"item\":\"https:\/\/manskin.ethos-dev.ch\/shop\/\"},{\"@type\":\"ListItem\",\"position\":3,\"name\":\"Shakeup &#8211; Age Def-Eye Instant Lifting Eye Cream\"}]},{\"@type\":\"WebSite\",\"@id\":\"https:\/\/manskin.ethos-dev.ch\/#website\",\"url\":\"https:\/\/manskin.ethos-dev.ch\/\",\"name\":\"Manskin.ch\",\"description\":\"Tous les produits de beaut\u00e9 pour les hommes les plus exigeants\",\"publisher\":{\"@id\":\"https:\/\/manskin.ethos-dev.ch\/#organization\"},\"potentialAction\":[{\"@type\":\"SearchAction\",\"target\":{\"@type\":\"EntryPoint\",\"urlTemplate\":\"https:\/\/manskin.ethos-dev.ch\/?s={search_term_string}\"},\"query-input\":{\"@type\":\"PropertyValueSpecification\",\"valueRequired\":true,\"valueName\":\"search_term_string\"}}],\"inLanguage\":\"fr-FR\"},{\"@type\":\"Organization\",\"@id\":\"https:\/\/manskin.ethos-dev.ch\/#organization\",\"name\":\"Manskin.ch - der Schweizer Onlineshop f\u00fcr qualit\u00e4tsstarke M\u00e4nnerpflege\",\"url\":\"https:\/\/manskin.ethos-dev.ch\/\",\"logo\":{\"@type\":\"ImageObject\",\"inLanguage\":\"fr-FR\",\"@id\":\"https:\/\/manskin.ethos-dev.ch\/#\/schema\/logo\/image\/\",\"url\":\"https:\/\/manskin.ethos-dev.ch\/wp-content\/uploads\/2021\/04\/cropped-logo_head.png\",\"contentUrl\":\"https:\/\/manskin.ethos-dev.ch\/wp-content\/uploads\/2021\/04\/cropped-logo_head.png\",\"width\":235,\"height\":75,\"caption\":\"Manskin.ch - der Schweizer Onlineshop f\u00fcr qualit\u00e4tsstarke M\u00e4nnerpflege\"},\"image\":{\"@id\":\"https:\/\/manskin.ethos-dev.ch\/#\/schema\/logo\/image\/\"},\"sameAs\":[\"https:\/\/www.facebook.com\/manskin.ch\",\"https:\/\/www.instagram.com\/manskin.ch\/\"]}]}<\/script>\n<meta property=\"product:price:amount\" content=\"34.50\" \/>\n<meta property=\"product:price:currency\" content=\"CHF\" \/>\n<meta property=\"og:availability\" content=\"instock\" \/>\n<meta property=\"product:availability\" content=\"instock\" \/>\n<meta property=\"product:retailer_item_id\" content=\"14102\" \/>\n<meta property=\"product:condition\" content=\"new\" \/>\n<!-- \/ Yoast SEO Premium plugin. -->","yoast_head_json":{"title":"Shakeup - Age Def-Eye Instant Lifting Eye Cream | Manskin.ch","description":"Dis adieu aux yeux fatigu\u00e9s avec la cr\u00e8me pour les yeux Shakeup Lifting. Observe des r\u00e9sultats visibles en moins de 90 secondes. Commande-la maintenant chez Manskin.ch!","robots":{"index":"noindex","follow":"follow","max-snippet":"max-snippet:-1","max-image-preview":"max-image-preview:large","max-video-preview":"max-video-preview:-1"},"og_locale":"fr_FR","og_type":"article","og_title":"Shakeup - Age Def-Eye Instant Lifting Eye Cream","og_description":"Dis adieu aux yeux fatigu\u00e9s avec la cr\u00e8me pour les yeux Shakeup Lifting. Observe des r\u00e9sultats visibles en moins de 90 secondes. Commande-la maintenant chez Manskin.ch!","og_url":"https:\/\/manskin.ethos-dev.ch\/fr\/produkt\/shakeup-age-def-instant-lifting-eye-cream\/","og_site_name":"Manskin.ch","article_publisher":"https:\/\/www.facebook.com\/manskin.ch","article_modified_time":"2025-04-20T17:19:39+00:00","og_image":[{"width":800,"height":800,"url":"https:\/\/manskin.ethos-dev.ch\/wp-content\/uploads\/2024\/05\/Age-Def-Eye-Cream.jpg","type":"image\/jpeg"}],"twitter_card":"summary_large_image","twitter_misc":{"Prix":"34.50&#67;&#72;&#70;","Disponibilit\u00e9":"En stock"},"schema":{"@context":"https:\/\/schema.org","@graph":[{"@type":"WebPage","@id":"https:\/\/manskin.ethos-dev.ch\/fr\/produkt\/shakeup-age-def-instant-lifting-eye-cream\/","url":"https:\/\/manskin.ethos-dev.ch\/fr\/produkt\/shakeup-age-def-instant-lifting-eye-cream\/","name":"Shakeup - Age Def-Eye Instant Lifting Eye Cream | Manskin.ch","isPartOf":{"@id":"https:\/\/manskin.ethos-dev.ch\/#website"},"primaryImageOfPage":{"@id":"https:\/\/manskin.ethos-dev.ch\/fr\/produkt\/shakeup-age-def-instant-lifting-eye-cream\/#primaryimage"},"image":{"@id":"https:\/\/manskin.ethos-dev.ch\/fr\/produkt\/shakeup-age-def-instant-lifting-eye-cream\/#primaryimage"},"thumbnailUrl":"https:\/\/manskin.ethos-dev.ch\/wp-content\/uploads\/2024\/05\/Age-Def-Eye-Cream.jpg","datePublished":"2024-05-15T08:14:33+00:00","dateModified":"2025-04-20T17:19:39+00:00","description":"Dis adieu aux yeux fatigu\u00e9s avec la cr\u00e8me pour les yeux Shakeup Lifting. Observe des r\u00e9sultats visibles en moins de 90 secondes. Commande-la maintenant chez Manskin.ch!","breadcrumb":{"@id":"https:\/\/manskin.ethos-dev.ch\/fr\/produkt\/shakeup-age-def-instant-lifting-eye-cream\/#breadcrumb"},"inLanguage":"fr-FR","potentialAction":[{"@type":"ReadAction","target":["https:\/\/manskin.ethos-dev.ch\/fr\/produkt\/shakeup-age-def-instant-lifting-eye-cream\/"]}]},{"@type":"ImageObject","inLanguage":"fr-FR","@id":"https:\/\/manskin.ethos-dev.ch\/fr\/produkt\/shakeup-age-def-instant-lifting-eye-cream\/#primaryimage","url":"https:\/\/manskin.ethos-dev.ch\/wp-content\/uploads\/2024\/05\/Age-Def-Eye-Cream.jpg","contentUrl":"https:\/\/manskin.ethos-dev.ch\/wp-content\/uploads\/2024\/05\/Age-Def-Eye-Cream.jpg","width":800,"height":800},{"@type":"BreadcrumbList","@id":"https:\/\/manskin.ethos-dev.ch\/fr\/produkt\/shakeup-age-def-instant-lifting-eye-cream\/#breadcrumb","itemListElement":[{"@type":"ListItem","position":1,"name":"Startseite","item":"https:\/\/manskin.ethos-dev.ch\/fr\/"},{"@type":"ListItem","position":2,"name":"Shop","item":"https:\/\/manskin.ethos-dev.ch\/shop\/"},{"@type":"ListItem","position":3,"name":"Shakeup &#8211; Age Def-Eye Instant Lifting Eye Cream"}]},{"@type":"WebSite","@id":"https:\/\/manskin.ethos-dev.ch\/#website","url":"https:\/\/manskin.ethos-dev.ch\/","name":"Manskin.ch","description":"Tous les produits de beaut\u00e9 pour les hommes les plus exigeants","publisher":{"@id":"https:\/\/manskin.ethos-dev.ch\/#organization"},"potentialAction":[{"@type":"SearchAction","target":{"@type":"EntryPoint","urlTemplate":"https:\/\/manskin.ethos-dev.ch\/?s={search_term_string}"},"query-input":{"@type":"PropertyValueSpecification","valueRequired":true,"valueName":"search_term_string"}}],"inLanguage":"fr-FR"},{"@type":"Organization","@id":"https:\/\/manskin.ethos-dev.ch\/#organization","name":"Manskin.ch - der Schweizer Onlineshop f\u00fcr qualit\u00e4tsstarke M\u00e4nnerpflege","url":"https:\/\/manskin.ethos-dev.ch\/","logo":{"@type":"ImageObject","inLanguage":"fr-FR","@id":"https:\/\/manskin.ethos-dev.ch\/#\/schema\/logo\/image\/","url":"https:\/\/manskin.ethos-dev.ch\/wp-content\/uploads\/2021\/04\/cropped-logo_head.png","contentUrl":"https:\/\/manskin.ethos-dev.ch\/wp-content\/uploads\/2021\/04\/cropped-logo_head.png","width":235,"height":75,"caption":"Manskin.ch - der Schweizer Onlineshop f\u00fcr qualit\u00e4tsstarke M\u00e4nnerpflege"},"image":{"@id":"https:\/\/manskin.ethos-dev.ch\/#\/schema\/logo\/image\/"},"sameAs":["https:\/\/www.facebook.com\/manskin.ch","https:\/\/www.instagram.com\/manskin.ch\/"]}]},"product_price_amount":"34.50","product_price_currency":"CHF","og_availability":"instock","product_availability":"instock","product_retailer_item_id":"14102","product_condition":"new"},"brands":[{"id":2848,"name":"Shakeup","slug":"shakeup"}],"_links":{"self":[{"href":"https:\/\/manskin.ethos-dev.ch\/fr\/wp-json\/wp\/v2\/product\/34364","targetHints":{"allow":["GET"]}}],"collection":[{"href":"https:\/\/manskin.ethos-dev.ch\/fr\/wp-json\/wp\/v2\/product"}],"about":[{"href":"https:\/\/manskin.ethos-dev.ch\/fr\/wp-json\/wp\/v2\/types\/product"}],"replies":[{"embeddable":true,"href":"https:\/\/manskin.ethos-dev.ch\/fr\/wp-json\/wp\/v2\/comments?post=34364"}],"wp:featuredmedia":[{"embeddable":true,"href":"https:\/\/manskin.ethos-dev.ch\/fr\/wp-json\/wp\/v2\/media\/33133"}],"wp:attachment":[{"href":"https:\/\/manskin.ethos-dev.ch\/fr\/wp-json\/wp\/v2\/media?parent=34364"}],"wp:term":[{"taxonomy":"pwb-brand","embeddable":true,"href":"https:\/\/manskin.ethos-dev.ch\/fr\/wp-json\/wp\/v2\/pwb-brand?post=34364"},{"taxonomy":"product_brand","embeddable":true,"href":"https:\/\/manskin.ethos-dev.ch\/fr\/wp-json\/wp\/v2\/product_brand?post=34364"},{"taxonomy":"product_cat","embeddable":true,"href":"https:\/\/manskin.ethos-dev.ch\/fr\/wp-json\/wp\/v2\/product_cat?post=34364"},{"taxonomy":"product_tag","embeddable":true,"href":"https:\/\/manskin.ethos-dev.ch\/fr\/wp-json\/wp\/v2\/product_tag?post=34364"}],"curies":[{"name":"wp","href":"https:\/\/api.w.org\/{rel}","templated":true}]}}