{"id":34553,"date":"2022-01-08T14:15:34","date_gmt":"2022-01-08T13:15:34","guid":{"rendered":"https:\/\/manskin.ethos-dev.ch\/produkt\/skin-republic-charcoal-peel-off-mask-2\/"},"modified":"2024-12-18T08:26:58","modified_gmt":"2024-12-18T07:26:58","slug":"skin-republic-charcoal-peel-off-mask","status":"publish","type":"product","link":"https:\/\/manskin.ethos-dev.ch\/fr\/produkt\/skin-republic-charcoal-peel-off-mask\/","title":{"rendered":"Skin Republic &#8211; Charcoal Peel-Off Face Mask"},"content":{"rendered":"<h2>Skin Republic &#8211; Charcoal Peel-Off Face Mask<\/h2>\n<ul>\n<li>Le masque riche en min\u00e9raux avec charbon actif combine l&#8217;effet nettoyant du charbon actif avec l&#8217;effet nettoyant en profondeur d&#8217;un masque peel-off. Le r\u00e9sultat est un teint clair et radieux.<\/li>\n<li>Combat les points noirs et nettoie les pores.<\/li>\n<li>A un effet exfoliant et clarifiant &#8211; pour une peau radieuse.<\/li>\n<li>Affine le teint et laisse la peau ultra-douce.<\/li>\n<\/ul>\n<p><strong>Utilisation:<\/strong><br \/>\nAppliquer uniform\u00e9ment sur la peau nettoy\u00e9e et s\u00e8che. \u00c9vitez le contour des yeux, les sourcils, la racine des cheveux et les l\u00e8vres. Une fois que le masque est compl\u00e8tement sec, d\u00e9collez-le d\u00e9licatement. Commencez par les bords ext\u00e9rieurs. Rincez les r\u00e9sidus du masque \u00e0 l&#8217;eau. Faites suivre d&#8217;une application de cr\u00e8me hydratante.<\/p>\n<p>Ingr\u00e9dients principaux :<\/p>\n<p><span style=\"color: #ffa500;\"><strong>Charbon de bois<\/strong><\/span><\/p>\n<p>Le charbon de bois agit comme un aimant, attirant la salet\u00e9, le s\u00e9bum et les bact\u00e9ries hors des pores de la peau. Le charbon actif est tr\u00e8s efficace et il a \u00e9t\u00e9 d\u00e9montr\u00e9 qu&#8217;il absorbe 200 fois son propre poids.<\/p>\n<p><span style=\"color: #ffa500;\"><strong>Th\u00e9 vert<\/strong><\/span><br \/>\nL&#8217;extrait de th\u00e9 vert est naturellement riche en antioxydants qui aident \u00e0 prot\u00e9ger l&#8217;organisme des radicaux libres. Il a \u00e9t\u00e9 d\u00e9montr\u00e9 que le th\u00e9 vert rajeunit les vieilles cellules de la peau qui sont \u00e0 la fin de leur cycle de vie et poss\u00e8de \u00e9galement des propri\u00e9t\u00e9s anti-inflammatoires.<\/p>\n<p><strong><span style=\"color: #ffa500;\">Extrait de citron<\/span><\/strong><br \/>\nL&#8217;acide citrique qu&#8217;il contient a des propri\u00e9t\u00e9s exfoliantes naturelles et aide \u00e0 \u00e9liminer les cellules mortes de la peau et \u00e0 att\u00e9nuer les taches brunes et la pigmentation. Les propri\u00e9t\u00e9s antibact\u00e9riennes et antifongiques des agrumes en font un rem\u00e8de efficace dans le traitement de l&#8217;acn\u00e9.<\/p>\n<p><strong><span style=\"color: #ffa500;\">Extrait de raisin<\/span><\/strong><br \/>\nLes antioxydants pr\u00e9sents dans le raisin prot\u00e8gent la peau des effets n\u00e9fastes des radicaux libres, pr\u00e9venant ainsi le vieillissement pr\u00e9matur\u00e9 de la peau. Les raisins contiennent de la vitamine C, qui donne imm\u00e9diatement \u00e0 la peau un aspect plus jeune et plus sain.<\/p>\n<p><strong><span style=\"color: #ffa500;\">Extrait de fraise<\/span><\/strong><br \/>\nLes fraises contiennent des acides alpha-hydroxy, de l&#8217;acide ellagique et de la vitamine C, ce qui leur conf\u00e8re un effet exfoliant naturel. Les acides naturels aident \u00e0 \u00e9liminer les cellules mortes de la peau et \u00e0 att\u00e9nuer les taches brunes et la pigmentation.<\/p>\n","protected":false},"excerpt":{"rendered":"<p>Combat les points noirs et nettoie les pores<\/p>\n","protected":false},"featured_media":0,"comment_status":"closed","ping_status":"closed","template":"","meta":{"_acf_changed":false},"pwb-brand":[2781],"product_brand":[],"product_cat":[2330,2393],"product_tag":[],"class_list":{"0":"post-34553","1":"product","2":"type-product","3":"status-publish","5":"pwb-brand-skin-republic","6":"product_cat-masques-visage","7":"product_cat-skin-republic-fr","8":"product_shipping_class-standard-fr","9":"pa_hersteller-skin-republic-fr-2","10":"sales-flash-overlay","11":"woocommerce-text-align-center","12":"woocommerce-image-align-center","13":"do-quantity-buttons","14":"has-subscription-plans","16":"first","17":"instock","18":"purchasable","19":"product-type-simple"},"acf":[],"yoast_head":"<!-- This site is optimized with the Yoast SEO Premium plugin v24.8 (Yoast SEO v25.4) - https:\/\/yoast.com\/wordpress\/plugins\/seo\/ -->\n<title>Skin Republic - Charcoal Peel-Off Face Mask | Manskin.ch<\/title>\n<meta name=\"description\" content=\"Skin Republic - Charcoal Peel-Off Face Mask\" \/>\n<meta name=\"robots\" content=\"noindex, follow, max-snippet:-1, max-image-preview:large, max-video-preview:-1\" \/>\n<meta property=\"og:locale\" content=\"fr_FR\" \/>\n<meta property=\"og:type\" content=\"article\" \/>\n<meta property=\"og:title\" content=\"Skin Republic - Charcoal Peel-Off Face Mask\" \/>\n<meta property=\"og:description\" content=\"Skin Republic - Charcoal Peel-Off Face Mask\" \/>\n<meta property=\"og:url\" content=\"https:\/\/manskin.ethos-dev.ch\/fr\/produkt\/skin-republic-charcoal-peel-off-mask\/\" \/>\n<meta property=\"og:site_name\" content=\"Manskin.ch\" \/>\n<meta property=\"article:publisher\" content=\"https:\/\/www.facebook.com\/manskin.ch\" \/>\n<meta property=\"article:modified_time\" content=\"2024-12-18T07:26:58+00:00\" \/>\n<meta property=\"og:image\" content=\"https:\/\/manskin.ethos-dev.ch\/wp-content\/uploads\/2022\/01\/1461_0.jpg\" \/>\n\t<meta property=\"og:image:width\" content=\"800\" \/>\n\t<meta property=\"og:image:height\" content=\"800\" \/>\n\t<meta property=\"og:image:type\" content=\"image\/jpeg\" \/>\n<meta name=\"twitter:card\" content=\"summary_large_image\" \/>\n<meta name=\"twitter:label1\" content=\"Prix\" \/>\n\t<meta name=\"twitter:data1\" content=\"6.40&#067;&#072;&#070;\" \/>\n\t<meta name=\"twitter:label2\" content=\"Disponibilit\u00e9\" \/>\n\t<meta name=\"twitter:data2\" content=\"En stock\" \/>\n<script type=\"application\/ld+json\" class=\"yoast-schema-graph\">{\"@context\":\"https:\/\/schema.org\",\"@graph\":[{\"@type\":\"WebPage\",\"@id\":\"https:\/\/manskin.ethos-dev.ch\/fr\/produkt\/skin-republic-charcoal-peel-off-mask\/\",\"url\":\"https:\/\/manskin.ethos-dev.ch\/fr\/produkt\/skin-republic-charcoal-peel-off-mask\/\",\"name\":\"Skin Republic - Charcoal Peel-Off Face Mask | Manskin.ch\",\"isPartOf\":{\"@id\":\"https:\/\/manskin.ethos-dev.ch\/#website\"},\"datePublished\":\"2022-01-08T13:15:34+00:00\",\"dateModified\":\"2024-12-18T07:26:58+00:00\",\"description\":\"Skin Republic - Charcoal Peel-Off Face Mask\",\"breadcrumb\":{\"@id\":\"https:\/\/manskin.ethos-dev.ch\/fr\/produkt\/skin-republic-charcoal-peel-off-mask\/#breadcrumb\"},\"inLanguage\":\"fr-FR\",\"potentialAction\":[{\"@type\":\"ReadAction\",\"target\":[\"https:\/\/manskin.ethos-dev.ch\/fr\/produkt\/skin-republic-charcoal-peel-off-mask\/\"]}]},{\"@type\":\"BreadcrumbList\",\"@id\":\"https:\/\/manskin.ethos-dev.ch\/fr\/produkt\/skin-republic-charcoal-peel-off-mask\/#breadcrumb\",\"itemListElement\":[{\"@type\":\"ListItem\",\"position\":1,\"name\":\"Startseite\",\"item\":\"https:\/\/manskin.ethos-dev.ch\/fr\/\"},{\"@type\":\"ListItem\",\"position\":2,\"name\":\"Shop\",\"item\":\"https:\/\/manskin.ethos-dev.ch\/shop\/\"},{\"@type\":\"ListItem\",\"position\":3,\"name\":\"Skin Republic &#8211; Charcoal Peel-Off Face Mask\"}]},{\"@type\":\"WebSite\",\"@id\":\"https:\/\/manskin.ethos-dev.ch\/#website\",\"url\":\"https:\/\/manskin.ethos-dev.ch\/\",\"name\":\"Manskin.ch\",\"description\":\"Tous les produits de beaut\u00e9 pour les hommes les plus exigeants\",\"publisher\":{\"@id\":\"https:\/\/manskin.ethos-dev.ch\/#organization\"},\"potentialAction\":[{\"@type\":\"SearchAction\",\"target\":{\"@type\":\"EntryPoint\",\"urlTemplate\":\"https:\/\/manskin.ethos-dev.ch\/?s={search_term_string}\"},\"query-input\":{\"@type\":\"PropertyValueSpecification\",\"valueRequired\":true,\"valueName\":\"search_term_string\"}}],\"inLanguage\":\"fr-FR\"},{\"@type\":\"Organization\",\"@id\":\"https:\/\/manskin.ethos-dev.ch\/#organization\",\"name\":\"Manskin.ch - der Schweizer Onlineshop f\u00fcr qualit\u00e4tsstarke M\u00e4nnerpflege\",\"url\":\"https:\/\/manskin.ethos-dev.ch\/\",\"logo\":{\"@type\":\"ImageObject\",\"inLanguage\":\"fr-FR\",\"@id\":\"https:\/\/manskin.ethos-dev.ch\/#\/schema\/logo\/image\/\",\"url\":\"https:\/\/manskin.ethos-dev.ch\/wp-content\/uploads\/2021\/04\/cropped-logo_head.png\",\"contentUrl\":\"https:\/\/manskin.ethos-dev.ch\/wp-content\/uploads\/2021\/04\/cropped-logo_head.png\",\"width\":235,\"height\":75,\"caption\":\"Manskin.ch - der Schweizer Onlineshop f\u00fcr qualit\u00e4tsstarke M\u00e4nnerpflege\"},\"image\":{\"@id\":\"https:\/\/manskin.ethos-dev.ch\/#\/schema\/logo\/image\/\"},\"sameAs\":[\"https:\/\/www.facebook.com\/manskin.ch\",\"https:\/\/www.instagram.com\/manskin.ch\/\"]}]}<\/script>\n<meta property=\"product:price:amount\" content=\"6.40\" \/>\n<meta property=\"product:price:currency\" content=\"CHF\" \/>\n<meta property=\"og:availability\" content=\"instock\" \/>\n<meta property=\"product:availability\" content=\"instock\" \/>\n<meta property=\"product:retailer_item_id\" content=\"12885\" \/>\n<meta property=\"product:condition\" content=\"new\" \/>\n<!-- \/ Yoast SEO Premium plugin. -->","yoast_head_json":{"title":"Skin Republic - Charcoal Peel-Off Face Mask | Manskin.ch","description":"Skin Republic - Charcoal Peel-Off Face Mask","robots":{"index":"noindex","follow":"follow","max-snippet":"max-snippet:-1","max-image-preview":"max-image-preview:large","max-video-preview":"max-video-preview:-1"},"og_locale":"fr_FR","og_type":"article","og_title":"Skin Republic - Charcoal Peel-Off Face Mask","og_description":"Skin Republic - Charcoal Peel-Off Face Mask","og_url":"https:\/\/manskin.ethos-dev.ch\/fr\/produkt\/skin-republic-charcoal-peel-off-mask\/","og_site_name":"Manskin.ch","article_publisher":"https:\/\/www.facebook.com\/manskin.ch","article_modified_time":"2024-12-18T07:26:58+00:00","og_image":[{"width":800,"height":800,"url":"https:\/\/manskin.ethos-dev.ch\/wp-content\/uploads\/2022\/01\/1461_0.jpg","type":"image\/jpeg"}],"twitter_card":"summary_large_image","twitter_misc":{"Prix":"6.40&#67;&#72;&#70;","Disponibilit\u00e9":"En stock"},"schema":{"@context":"https:\/\/schema.org","@graph":[{"@type":"WebPage","@id":"https:\/\/manskin.ethos-dev.ch\/fr\/produkt\/skin-republic-charcoal-peel-off-mask\/","url":"https:\/\/manskin.ethos-dev.ch\/fr\/produkt\/skin-republic-charcoal-peel-off-mask\/","name":"Skin Republic - Charcoal Peel-Off Face Mask | Manskin.ch","isPartOf":{"@id":"https:\/\/manskin.ethos-dev.ch\/#website"},"datePublished":"2022-01-08T13:15:34+00:00","dateModified":"2024-12-18T07:26:58+00:00","description":"Skin Republic - Charcoal Peel-Off Face Mask","breadcrumb":{"@id":"https:\/\/manskin.ethos-dev.ch\/fr\/produkt\/skin-republic-charcoal-peel-off-mask\/#breadcrumb"},"inLanguage":"fr-FR","potentialAction":[{"@type":"ReadAction","target":["https:\/\/manskin.ethos-dev.ch\/fr\/produkt\/skin-republic-charcoal-peel-off-mask\/"]}]},{"@type":"BreadcrumbList","@id":"https:\/\/manskin.ethos-dev.ch\/fr\/produkt\/skin-republic-charcoal-peel-off-mask\/#breadcrumb","itemListElement":[{"@type":"ListItem","position":1,"name":"Startseite","item":"https:\/\/manskin.ethos-dev.ch\/fr\/"},{"@type":"ListItem","position":2,"name":"Shop","item":"https:\/\/manskin.ethos-dev.ch\/shop\/"},{"@type":"ListItem","position":3,"name":"Skin Republic &#8211; Charcoal Peel-Off Face Mask"}]},{"@type":"WebSite","@id":"https:\/\/manskin.ethos-dev.ch\/#website","url":"https:\/\/manskin.ethos-dev.ch\/","name":"Manskin.ch","description":"Tous les produits de beaut\u00e9 pour les hommes les plus exigeants","publisher":{"@id":"https:\/\/manskin.ethos-dev.ch\/#organization"},"potentialAction":[{"@type":"SearchAction","target":{"@type":"EntryPoint","urlTemplate":"https:\/\/manskin.ethos-dev.ch\/?s={search_term_string}"},"query-input":{"@type":"PropertyValueSpecification","valueRequired":true,"valueName":"search_term_string"}}],"inLanguage":"fr-FR"},{"@type":"Organization","@id":"https:\/\/manskin.ethos-dev.ch\/#organization","name":"Manskin.ch - der Schweizer Onlineshop f\u00fcr qualit\u00e4tsstarke M\u00e4nnerpflege","url":"https:\/\/manskin.ethos-dev.ch\/","logo":{"@type":"ImageObject","inLanguage":"fr-FR","@id":"https:\/\/manskin.ethos-dev.ch\/#\/schema\/logo\/image\/","url":"https:\/\/manskin.ethos-dev.ch\/wp-content\/uploads\/2021\/04\/cropped-logo_head.png","contentUrl":"https:\/\/manskin.ethos-dev.ch\/wp-content\/uploads\/2021\/04\/cropped-logo_head.png","width":235,"height":75,"caption":"Manskin.ch - der Schweizer Onlineshop f\u00fcr qualit\u00e4tsstarke M\u00e4nnerpflege"},"image":{"@id":"https:\/\/manskin.ethos-dev.ch\/#\/schema\/logo\/image\/"},"sameAs":["https:\/\/www.facebook.com\/manskin.ch","https:\/\/www.instagram.com\/manskin.ch\/"]}]},"product_price_amount":"6.40","product_price_currency":"CHF","og_availability":"instock","product_availability":"instock","product_retailer_item_id":"12885","product_condition":"new"},"brands":[{"id":2781,"name":"Skin Republic","slug":"skin-republic"}],"_links":{"self":[{"href":"https:\/\/manskin.ethos-dev.ch\/fr\/wp-json\/wp\/v2\/product\/34553","targetHints":{"allow":["GET"]}}],"collection":[{"href":"https:\/\/manskin.ethos-dev.ch\/fr\/wp-json\/wp\/v2\/product"}],"about":[{"href":"https:\/\/manskin.ethos-dev.ch\/fr\/wp-json\/wp\/v2\/types\/product"}],"replies":[{"embeddable":true,"href":"https:\/\/manskin.ethos-dev.ch\/fr\/wp-json\/wp\/v2\/comments?post=34553"}],"wp:attachment":[{"href":"https:\/\/manskin.ethos-dev.ch\/fr\/wp-json\/wp\/v2\/media?parent=34553"}],"wp:term":[{"taxonomy":"pwb-brand","embeddable":true,"href":"https:\/\/manskin.ethos-dev.ch\/fr\/wp-json\/wp\/v2\/pwb-brand?post=34553"},{"taxonomy":"product_brand","embeddable":true,"href":"https:\/\/manskin.ethos-dev.ch\/fr\/wp-json\/wp\/v2\/product_brand?post=34553"},{"taxonomy":"product_cat","embeddable":true,"href":"https:\/\/manskin.ethos-dev.ch\/fr\/wp-json\/wp\/v2\/product_cat?post=34553"},{"taxonomy":"product_tag","embeddable":true,"href":"https:\/\/manskin.ethos-dev.ch\/fr\/wp-json\/wp\/v2\/product_tag?post=34553"}],"curies":[{"name":"wp","href":"https:\/\/api.w.org\/{rel}","templated":true}]}}