{"id":34630,"date":"2022-01-08T13:39:50","date_gmt":"2022-01-08T12:39:50","guid":{"rendered":"https:\/\/manskin.ethos-dev.ch\/produkt\/hanz-de-fuko-gentle-face-wash-2\/"},"modified":"2025-03-29T10:20:20","modified_gmt":"2025-03-29T09:20:20","slug":"hanz-de-fuko-gentle-face-wash","status":"publish","type":"product","link":"https:\/\/manskin.ethos-dev.ch\/fr\/produkt\/hanz-de-fuko-gentle-face-wash\/","title":{"rendered":"Hanz De Fuko &#8211; Gentle Face Wash"},"content":{"rendered":"<h2>Hanz de Fuko &#8211; Gentle Face Wash &#8211; Nettoyant visage doux<\/h2>\n<ul>\n<li>Le nettoyant doux pour le visage aide \u00e0 \u00e9liminer en douceur l&#8217;exc\u00e8s de graisse, la salet\u00e9 et les autres contaminants sans dess\u00e9cher la peau.<\/li>\n<li>Le gel nettoyant cr\u00e9e une base optimale pour un teint \u00e9clatant et, gr\u00e2ce \u00e0 sa formule hypoallerg\u00e9nique, convient \u00e9galement aux peaux sensibles.<\/li>\n<li>Utilisation recommand\u00e9e: Humidifiez le visage et les mains avec de l&#8217;eau ti\u00e8de. Mettez le nettoyant sur la paume de vos mains et faites mousser. Massez doucement sur la peau en mouvements circulaires, puis rincez \u00e0 l&#8217;eau ti\u00e8de et s\u00e9chez.<\/li>\n<\/ul>\n<p>Ingr\u00e9dients:<br \/>\nALGUES RED DULSE: Aide \u00e0 gu\u00e9rir les cellules cutan\u00e9es endommag\u00e9es.<br \/>\nMATRICARIA: R\u00e9duit l&#8217;inflammation de la surface de la peau.<br \/>\nFEUILLE DE ROOIBOS: Prot\u00e8ge les cellules de la peau des dommages des radicaux libres.<br \/>\nALOE VERA: r\u00e9ducteur de imperfections et anti-acn\u00e9 naturel.<br \/>\nORANGE MANDARINE: Lutte contre le vieillissement et les dommages du soleil.<br \/>\nGRENADE: Prot\u00e8ge la peau du stress oxydatif et des rides.<br \/>\nHUILE DE SAUGE: \u00e9quilibre la production d&#8217;huile sur la peau.<br \/>\nTH\u00c9 BLANC: R\u00e9duit l&#8217;inflammation des radicaux libres dans les cellules de la peau.<br \/>\nHIBISCUS: Antibact\u00e9rien<br \/>\nCLOVE: Anti-inflammatoire et prot\u00e8ge contre le vieillissement.<br \/>\nHONEYSUCKLE: Combat les \u00e9ruptions cutan\u00e9es et les tons de peau in\u00e9gaux.<br \/>\nACAI: Revitalise la peau et restaure l&#8217;hydratation.<\/p>\n<p>Contenu 237 ml.<\/p>\n","protected":false},"excerpt":{"rendered":"<p>Nettoyant naturel pour peau sensible<\/p>\n","protected":false},"featured_media":0,"comment_status":"closed","ping_status":"closed","template":"","meta":{"_acf_changed":false},"pwb-brand":[2764],"product_brand":[],"product_cat":[2333,2699],"product_tag":[],"class_list":{"0":"post-34630","1":"product","2":"type-product","3":"status-publish","5":"pwb-brand-hanz-de-fuko","6":"product_cat-nettoyants-visage","7":"product_cat-hanz-de-fuko-fr","8":"product_shipping_class-standard-fr","9":"pa_hersteller-hanz-de-fuko-fr-2","10":"sales-flash-overlay","11":"woocommerce-text-align-center","12":"woocommerce-image-align-center","13":"do-quantity-buttons","14":"has-subscription-plans","16":"first","17":"instock","18":"purchasable","19":"product-type-simple"},"acf":[],"yoast_head":"<!-- This site is optimized with the Yoast SEO Premium plugin v24.8 (Yoast SEO v25.4) - https:\/\/yoast.com\/wordpress\/plugins\/seo\/ -->\n<title>Hanz De Fuko - Gentle Face Wash | Manskin.ch<\/title>\n<meta name=\"description\" content=\"Hanz De Fuko - Gentle Face Wash\" \/>\n<meta name=\"robots\" content=\"noindex, follow, max-snippet:-1, max-image-preview:large, max-video-preview:-1\" \/>\n<meta property=\"og:locale\" content=\"fr_FR\" \/>\n<meta property=\"og:type\" content=\"article\" \/>\n<meta property=\"og:title\" content=\"Hanz De Fuko - Gentle Face Wash\" \/>\n<meta property=\"og:description\" content=\"Hanz De Fuko - Gentle Face Wash\" \/>\n<meta property=\"og:url\" content=\"https:\/\/manskin.ethos-dev.ch\/fr\/produkt\/hanz-de-fuko-gentle-face-wash\/\" \/>\n<meta property=\"og:site_name\" content=\"Manskin.ch\" \/>\n<meta property=\"article:publisher\" content=\"https:\/\/www.facebook.com\/manskin.ch\" \/>\n<meta property=\"article:modified_time\" content=\"2025-03-29T09:20:20+00:00\" \/>\n<meta property=\"og:image\" content=\"https:\/\/manskin.ethos-dev.ch\/wp-content\/uploads\/2022\/01\/1199_0.jpg\" \/>\n\t<meta property=\"og:image:width\" content=\"571\" \/>\n\t<meta property=\"og:image:height\" content=\"800\" \/>\n\t<meta property=\"og:image:type\" content=\"image\/jpeg\" \/>\n<meta name=\"twitter:card\" content=\"summary_large_image\" \/>\n<meta name=\"twitter:label1\" content=\"Prix\" \/>\n\t<meta name=\"twitter:data1\" content=\"30.00&#067;&#072;&#070;\" \/>\n\t<meta name=\"twitter:label2\" content=\"Disponibilit\u00e9\" \/>\n\t<meta name=\"twitter:data2\" content=\"En stock\" \/>\n<script type=\"application\/ld+json\" class=\"yoast-schema-graph\">{\"@context\":\"https:\/\/schema.org\",\"@graph\":[{\"@type\":\"WebPage\",\"@id\":\"https:\/\/manskin.ethos-dev.ch\/fr\/produkt\/hanz-de-fuko-gentle-face-wash\/\",\"url\":\"https:\/\/manskin.ethos-dev.ch\/fr\/produkt\/hanz-de-fuko-gentle-face-wash\/\",\"name\":\"Hanz De Fuko - Gentle Face Wash | Manskin.ch\",\"isPartOf\":{\"@id\":\"https:\/\/manskin.ethos-dev.ch\/#website\"},\"datePublished\":\"2022-01-08T12:39:50+00:00\",\"dateModified\":\"2025-03-29T09:20:20+00:00\",\"description\":\"Hanz De Fuko - Gentle Face Wash\",\"breadcrumb\":{\"@id\":\"https:\/\/manskin.ethos-dev.ch\/fr\/produkt\/hanz-de-fuko-gentle-face-wash\/#breadcrumb\"},\"inLanguage\":\"fr-FR\",\"potentialAction\":[{\"@type\":\"ReadAction\",\"target\":[\"https:\/\/manskin.ethos-dev.ch\/fr\/produkt\/hanz-de-fuko-gentle-face-wash\/\"]}]},{\"@type\":\"BreadcrumbList\",\"@id\":\"https:\/\/manskin.ethos-dev.ch\/fr\/produkt\/hanz-de-fuko-gentle-face-wash\/#breadcrumb\",\"itemListElement\":[{\"@type\":\"ListItem\",\"position\":1,\"name\":\"Startseite\",\"item\":\"https:\/\/manskin.ethos-dev.ch\/fr\/\"},{\"@type\":\"ListItem\",\"position\":2,\"name\":\"Shop\",\"item\":\"https:\/\/manskin.ethos-dev.ch\/shop\/\"},{\"@type\":\"ListItem\",\"position\":3,\"name\":\"Hanz De Fuko &#8211; Gentle Face Wash\"}]},{\"@type\":\"WebSite\",\"@id\":\"https:\/\/manskin.ethos-dev.ch\/#website\",\"url\":\"https:\/\/manskin.ethos-dev.ch\/\",\"name\":\"Manskin.ch\",\"description\":\"Tous les produits de beaut\u00e9 pour les hommes les plus exigeants\",\"publisher\":{\"@id\":\"https:\/\/manskin.ethos-dev.ch\/#organization\"},\"potentialAction\":[{\"@type\":\"SearchAction\",\"target\":{\"@type\":\"EntryPoint\",\"urlTemplate\":\"https:\/\/manskin.ethos-dev.ch\/?s={search_term_string}\"},\"query-input\":{\"@type\":\"PropertyValueSpecification\",\"valueRequired\":true,\"valueName\":\"search_term_string\"}}],\"inLanguage\":\"fr-FR\"},{\"@type\":\"Organization\",\"@id\":\"https:\/\/manskin.ethos-dev.ch\/#organization\",\"name\":\"Manskin.ch - der Schweizer Onlineshop f\u00fcr qualit\u00e4tsstarke M\u00e4nnerpflege\",\"url\":\"https:\/\/manskin.ethos-dev.ch\/\",\"logo\":{\"@type\":\"ImageObject\",\"inLanguage\":\"fr-FR\",\"@id\":\"https:\/\/manskin.ethos-dev.ch\/#\/schema\/logo\/image\/\",\"url\":\"https:\/\/manskin.ethos-dev.ch\/wp-content\/uploads\/2021\/04\/cropped-logo_head.png\",\"contentUrl\":\"https:\/\/manskin.ethos-dev.ch\/wp-content\/uploads\/2021\/04\/cropped-logo_head.png\",\"width\":235,\"height\":75,\"caption\":\"Manskin.ch - der Schweizer Onlineshop f\u00fcr qualit\u00e4tsstarke M\u00e4nnerpflege\"},\"image\":{\"@id\":\"https:\/\/manskin.ethos-dev.ch\/#\/schema\/logo\/image\/\"},\"sameAs\":[\"https:\/\/www.facebook.com\/manskin.ch\",\"https:\/\/www.instagram.com\/manskin.ch\/\"]}]}<\/script>\n<meta property=\"product:price:amount\" content=\"30.00\" \/>\n<meta property=\"product:price:currency\" content=\"CHF\" \/>\n<meta property=\"og:availability\" content=\"instock\" \/>\n<meta property=\"product:availability\" content=\"instock\" \/>\n<meta property=\"product:retailer_item_id\" content=\"12703\" \/>\n<meta property=\"product:condition\" content=\"new\" \/>\n<!-- \/ Yoast SEO Premium plugin. -->","yoast_head_json":{"title":"Hanz De Fuko - Gentle Face Wash | Manskin.ch","description":"Hanz De Fuko - Gentle Face Wash","robots":{"index":"noindex","follow":"follow","max-snippet":"max-snippet:-1","max-image-preview":"max-image-preview:large","max-video-preview":"max-video-preview:-1"},"og_locale":"fr_FR","og_type":"article","og_title":"Hanz De Fuko - Gentle Face Wash","og_description":"Hanz De Fuko - Gentle Face Wash","og_url":"https:\/\/manskin.ethos-dev.ch\/fr\/produkt\/hanz-de-fuko-gentle-face-wash\/","og_site_name":"Manskin.ch","article_publisher":"https:\/\/www.facebook.com\/manskin.ch","article_modified_time":"2025-03-29T09:20:20+00:00","og_image":[{"width":571,"height":800,"url":"https:\/\/manskin.ethos-dev.ch\/wp-content\/uploads\/2022\/01\/1199_0.jpg","type":"image\/jpeg"}],"twitter_card":"summary_large_image","twitter_misc":{"Prix":"30.00&#67;&#72;&#70;","Disponibilit\u00e9":"En stock"},"schema":{"@context":"https:\/\/schema.org","@graph":[{"@type":"WebPage","@id":"https:\/\/manskin.ethos-dev.ch\/fr\/produkt\/hanz-de-fuko-gentle-face-wash\/","url":"https:\/\/manskin.ethos-dev.ch\/fr\/produkt\/hanz-de-fuko-gentle-face-wash\/","name":"Hanz De Fuko - Gentle Face Wash | Manskin.ch","isPartOf":{"@id":"https:\/\/manskin.ethos-dev.ch\/#website"},"datePublished":"2022-01-08T12:39:50+00:00","dateModified":"2025-03-29T09:20:20+00:00","description":"Hanz De Fuko - Gentle Face Wash","breadcrumb":{"@id":"https:\/\/manskin.ethos-dev.ch\/fr\/produkt\/hanz-de-fuko-gentle-face-wash\/#breadcrumb"},"inLanguage":"fr-FR","potentialAction":[{"@type":"ReadAction","target":["https:\/\/manskin.ethos-dev.ch\/fr\/produkt\/hanz-de-fuko-gentle-face-wash\/"]}]},{"@type":"BreadcrumbList","@id":"https:\/\/manskin.ethos-dev.ch\/fr\/produkt\/hanz-de-fuko-gentle-face-wash\/#breadcrumb","itemListElement":[{"@type":"ListItem","position":1,"name":"Startseite","item":"https:\/\/manskin.ethos-dev.ch\/fr\/"},{"@type":"ListItem","position":2,"name":"Shop","item":"https:\/\/manskin.ethos-dev.ch\/shop\/"},{"@type":"ListItem","position":3,"name":"Hanz De Fuko &#8211; Gentle Face Wash"}]},{"@type":"WebSite","@id":"https:\/\/manskin.ethos-dev.ch\/#website","url":"https:\/\/manskin.ethos-dev.ch\/","name":"Manskin.ch","description":"Tous les produits de beaut\u00e9 pour les hommes les plus exigeants","publisher":{"@id":"https:\/\/manskin.ethos-dev.ch\/#organization"},"potentialAction":[{"@type":"SearchAction","target":{"@type":"EntryPoint","urlTemplate":"https:\/\/manskin.ethos-dev.ch\/?s={search_term_string}"},"query-input":{"@type":"PropertyValueSpecification","valueRequired":true,"valueName":"search_term_string"}}],"inLanguage":"fr-FR"},{"@type":"Organization","@id":"https:\/\/manskin.ethos-dev.ch\/#organization","name":"Manskin.ch - der Schweizer Onlineshop f\u00fcr qualit\u00e4tsstarke M\u00e4nnerpflege","url":"https:\/\/manskin.ethos-dev.ch\/","logo":{"@type":"ImageObject","inLanguage":"fr-FR","@id":"https:\/\/manskin.ethos-dev.ch\/#\/schema\/logo\/image\/","url":"https:\/\/manskin.ethos-dev.ch\/wp-content\/uploads\/2021\/04\/cropped-logo_head.png","contentUrl":"https:\/\/manskin.ethos-dev.ch\/wp-content\/uploads\/2021\/04\/cropped-logo_head.png","width":235,"height":75,"caption":"Manskin.ch - der Schweizer Onlineshop f\u00fcr qualit\u00e4tsstarke M\u00e4nnerpflege"},"image":{"@id":"https:\/\/manskin.ethos-dev.ch\/#\/schema\/logo\/image\/"},"sameAs":["https:\/\/www.facebook.com\/manskin.ch","https:\/\/www.instagram.com\/manskin.ch\/"]}]},"product_price_amount":"30.00","product_price_currency":"CHF","og_availability":"instock","product_availability":"instock","product_retailer_item_id":"12703","product_condition":"new"},"brands":[{"id":2764,"name":"Hanz de Fuko","slug":"hanz-de-fuko"}],"_links":{"self":[{"href":"https:\/\/manskin.ethos-dev.ch\/fr\/wp-json\/wp\/v2\/product\/34630","targetHints":{"allow":["GET"]}}],"collection":[{"href":"https:\/\/manskin.ethos-dev.ch\/fr\/wp-json\/wp\/v2\/product"}],"about":[{"href":"https:\/\/manskin.ethos-dev.ch\/fr\/wp-json\/wp\/v2\/types\/product"}],"replies":[{"embeddable":true,"href":"https:\/\/manskin.ethos-dev.ch\/fr\/wp-json\/wp\/v2\/comments?post=34630"}],"wp:attachment":[{"href":"https:\/\/manskin.ethos-dev.ch\/fr\/wp-json\/wp\/v2\/media?parent=34630"}],"wp:term":[{"taxonomy":"pwb-brand","embeddable":true,"href":"https:\/\/manskin.ethos-dev.ch\/fr\/wp-json\/wp\/v2\/pwb-brand?post=34630"},{"taxonomy":"product_brand","embeddable":true,"href":"https:\/\/manskin.ethos-dev.ch\/fr\/wp-json\/wp\/v2\/product_brand?post=34630"},{"taxonomy":"product_cat","embeddable":true,"href":"https:\/\/manskin.ethos-dev.ch\/fr\/wp-json\/wp\/v2\/product_cat?post=34630"},{"taxonomy":"product_tag","embeddable":true,"href":"https:\/\/manskin.ethos-dev.ch\/fr\/wp-json\/wp\/v2\/product_tag?post=34630"}],"curies":[{"name":"wp","href":"https:\/\/api.w.org\/{rel}","templated":true}]}}