{"id":35022,"date":"2022-05-09T09:58:18","date_gmt":"2022-05-09T07:58:18","guid":{"rendered":"https:\/\/manskin.ethos-dev.ch\/produkt\/hanz-de-fuko-gravity-paste-2\/"},"modified":"2024-11-12T11:11:16","modified_gmt":"2024-11-12T10:11:16","slug":"hanz-de-fuko-gravity-paste","status":"publish","type":"product","link":"https:\/\/manskin.ethos-dev.ch\/fr\/produkt\/hanz-de-fuko-gravity-paste\/","title":{"rendered":"Gravity Paste"},"content":{"rendered":"<h2>Hanz De Fuko &#8211; Gravity Paste<\/h2>\n<ul>\n<li>Avec Gravity Paste, Hanz de Fuko a r\u00e9ussi une perc\u00e9e scientifique &#8211; le produit contient des propri\u00e9t\u00e9s r\u00e9volutionnaires qui s&#8217;activent d\u00e8s que le produit est appliqu\u00e9 et frott\u00e9 entre les paumes des mains pour modeler les cheveux sans effort.<\/li>\n<li><span style=\"font-size: 16px;\">Ce nouveau produit de coiffage innovant offre une haute tenue avec la technologie &#8220;Super-Grip&#8221; pour r\u00e9aliser toutes les coiffures imaginables avec une faible brillance.<\/span><\/li>\n<li><span style=\"font-size: 16px;\">Tenue forte<\/span><span style=\"font-size: 16px;\"><br \/>\n<\/span><\/li>\n<li><span style=\"font-size: 16px;\">Brillance moyenne<br \/>\n<\/span><\/li>\n<li><span style=\"font-size: 16px;\">Ingr\u00e9dients naturels<br \/>\n<\/span><\/li>\n<li><span style=\"font-size: 16px;\">Sans parab\u00e8nes<\/span><\/li>\n<\/ul>\n<p>Application: appliquer une quantit\u00e9 d&#8217;une pi\u00e8ce de monnaie et frotter vigoureusement entre les paumes des mains pour activer le &#8220;super grip&#8221; (lorsque le produit commence \u00e0 devenir &#8220;collant&#8221;). Ensuite, masser les cheveux humides ou secs pour un maximum de tenue et de texture.<\/p>\n<p>Contenu 56 gr.<\/p>\n","protected":false},"excerpt":{"rendered":"<p>Tenue forte et brillance moyenne<\/p>\n","protected":false},"featured_media":0,"comment_status":"closed","ping_status":"closed","template":"","meta":{"_acf_changed":false},"pwb-brand":[2764],"product_brand":[],"product_cat":[2310,2699],"product_tag":[],"class_list":{"0":"post-35022","1":"product","2":"type-product","3":"status-publish","5":"pwb-brand-hanz-de-fuko","6":"product_cat-styling-cheveux","7":"product_cat-hanz-de-fuko-fr","8":"product_shipping_class-standard-fr","9":"pa_hersteller-hanz-de-fuko-fr-2","10":"sales-flash-overlay","11":"woocommerce-text-align-center","12":"woocommerce-image-align-center","13":"do-quantity-buttons","14":"has-subscription-plans","16":"first","17":"instock","18":"purchasable","19":"product-type-simple"},"acf":[],"yoast_head":"<!-- This site is optimized with the Yoast SEO Premium plugin v24.8 (Yoast SEO v25.4) - https:\/\/yoast.com\/wordpress\/plugins\/seo\/ -->\n<title>Hanz De Fuko - Gravity Paste coiffure fixation forte - Manskin.ch<\/title>\n<meta name=\"description\" content=\"Ce nouveau produit de coiffage innovant offre une haute tenue avec la technologie &quot;Super-Grip&quot; pour obtenir n&#039;importe quelle coiffure avec peu de brillance.\" \/>\n<meta name=\"robots\" content=\"noindex, follow, max-snippet:-1, max-image-preview:large, max-video-preview:-1\" \/>\n<meta property=\"og:locale\" content=\"fr_FR\" \/>\n<meta property=\"og:type\" content=\"article\" \/>\n<meta property=\"og:title\" content=\"Gravity Paste\" \/>\n<meta property=\"og:description\" content=\"Ce nouveau produit de coiffage innovant offre une haute tenue avec la technologie &quot;Super-Grip&quot; pour obtenir n&#039;importe quelle coiffure avec peu de brillance.\" \/>\n<meta property=\"og:url\" content=\"https:\/\/manskin.ethos-dev.ch\/fr\/produkt\/hanz-de-fuko-gravity-paste\/\" \/>\n<meta property=\"og:site_name\" content=\"Manskin.ch\" \/>\n<meta property=\"article:publisher\" content=\"https:\/\/www.facebook.com\/manskin.ch\" \/>\n<meta property=\"article:modified_time\" content=\"2024-11-12T10:11:16+00:00\" \/>\n<meta property=\"og:image\" content=\"https:\/\/manskin.ethos-dev.ch\/wp-content\/uploads\/2022\/05\/Gravity-Paste.jpg\" \/>\n\t<meta property=\"og:image:width\" content=\"800\" \/>\n\t<meta property=\"og:image:height\" content=\"800\" \/>\n\t<meta property=\"og:image:type\" content=\"image\/jpeg\" \/>\n<meta name=\"twitter:card\" content=\"summary_large_image\" \/>\n<meta name=\"twitter:label1\" content=\"Prix\" \/>\n\t<meta name=\"twitter:data1\" content=\"26.50&#067;&#072;&#070;\" \/>\n\t<meta name=\"twitter:label2\" content=\"Disponibilit\u00e9\" \/>\n\t<meta name=\"twitter:data2\" content=\"En stock\" \/>\n<script type=\"application\/ld+json\" class=\"yoast-schema-graph\">{\"@context\":\"https:\/\/schema.org\",\"@graph\":[{\"@type\":\"WebPage\",\"@id\":\"https:\/\/manskin.ethos-dev.ch\/fr\/produkt\/hanz-de-fuko-gravity-paste\/\",\"url\":\"https:\/\/manskin.ethos-dev.ch\/fr\/produkt\/hanz-de-fuko-gravity-paste\/\",\"name\":\"Hanz De Fuko - Gravity Paste coiffure fixation forte - Manskin.ch\",\"isPartOf\":{\"@id\":\"https:\/\/manskin.ethos-dev.ch\/#website\"},\"datePublished\":\"2022-05-09T07:58:18+00:00\",\"dateModified\":\"2024-11-12T10:11:16+00:00\",\"description\":\"Ce nouveau produit de coiffage innovant offre une haute tenue avec la technologie \\\"Super-Grip\\\" pour obtenir n'importe quelle coiffure avec peu de brillance.\",\"breadcrumb\":{\"@id\":\"https:\/\/manskin.ethos-dev.ch\/fr\/produkt\/hanz-de-fuko-gravity-paste\/#breadcrumb\"},\"inLanguage\":\"fr-FR\",\"potentialAction\":[{\"@type\":\"ReadAction\",\"target\":[\"https:\/\/manskin.ethos-dev.ch\/fr\/produkt\/hanz-de-fuko-gravity-paste\/\"]}]},{\"@type\":\"BreadcrumbList\",\"@id\":\"https:\/\/manskin.ethos-dev.ch\/fr\/produkt\/hanz-de-fuko-gravity-paste\/#breadcrumb\",\"itemListElement\":[{\"@type\":\"ListItem\",\"position\":1,\"name\":\"Startseite\",\"item\":\"https:\/\/manskin.ethos-dev.ch\/fr\/\"},{\"@type\":\"ListItem\",\"position\":2,\"name\":\"Shop\",\"item\":\"https:\/\/manskin.ethos-dev.ch\/shop\/\"},{\"@type\":\"ListItem\",\"position\":3,\"name\":\"Gravity Paste\"}]},{\"@type\":\"WebSite\",\"@id\":\"https:\/\/manskin.ethos-dev.ch\/#website\",\"url\":\"https:\/\/manskin.ethos-dev.ch\/\",\"name\":\"Manskin.ch\",\"description\":\"Tous les produits de beaut\u00e9 pour les hommes les plus exigeants\",\"publisher\":{\"@id\":\"https:\/\/manskin.ethos-dev.ch\/#organization\"},\"potentialAction\":[{\"@type\":\"SearchAction\",\"target\":{\"@type\":\"EntryPoint\",\"urlTemplate\":\"https:\/\/manskin.ethos-dev.ch\/?s={search_term_string}\"},\"query-input\":{\"@type\":\"PropertyValueSpecification\",\"valueRequired\":true,\"valueName\":\"search_term_string\"}}],\"inLanguage\":\"fr-FR\"},{\"@type\":\"Organization\",\"@id\":\"https:\/\/manskin.ethos-dev.ch\/#organization\",\"name\":\"Manskin.ch - der Schweizer Onlineshop f\u00fcr qualit\u00e4tsstarke M\u00e4nnerpflege\",\"url\":\"https:\/\/manskin.ethos-dev.ch\/\",\"logo\":{\"@type\":\"ImageObject\",\"inLanguage\":\"fr-FR\",\"@id\":\"https:\/\/manskin.ethos-dev.ch\/#\/schema\/logo\/image\/\",\"url\":\"https:\/\/manskin.ethos-dev.ch\/wp-content\/uploads\/2021\/04\/cropped-logo_head.png\",\"contentUrl\":\"https:\/\/manskin.ethos-dev.ch\/wp-content\/uploads\/2021\/04\/cropped-logo_head.png\",\"width\":235,\"height\":75,\"caption\":\"Manskin.ch - der Schweizer Onlineshop f\u00fcr qualit\u00e4tsstarke M\u00e4nnerpflege\"},\"image\":{\"@id\":\"https:\/\/manskin.ethos-dev.ch\/#\/schema\/logo\/image\/\"},\"sameAs\":[\"https:\/\/www.facebook.com\/manskin.ch\",\"https:\/\/www.instagram.com\/manskin.ch\/\"]}]}<\/script>\n<meta property=\"product:price:amount\" content=\"26.50\" \/>\n<meta property=\"product:price:currency\" content=\"CHF\" \/>\n<meta property=\"og:availability\" content=\"instock\" \/>\n<meta property=\"product:availability\" content=\"instock\" \/>\n<meta property=\"product:retailer_item_id\" content=\"13081\" \/>\n<meta property=\"product:condition\" content=\"new\" \/>\n<!-- \/ Yoast SEO Premium plugin. -->","yoast_head_json":{"title":"Hanz De Fuko - Gravity Paste coiffure fixation forte - Manskin.ch","description":"Ce nouveau produit de coiffage innovant offre une haute tenue avec la technologie \"Super-Grip\" pour obtenir n'importe quelle coiffure avec peu de brillance.","robots":{"index":"noindex","follow":"follow","max-snippet":"max-snippet:-1","max-image-preview":"max-image-preview:large","max-video-preview":"max-video-preview:-1"},"og_locale":"fr_FR","og_type":"article","og_title":"Gravity Paste","og_description":"Ce nouveau produit de coiffage innovant offre une haute tenue avec la technologie \"Super-Grip\" pour obtenir n'importe quelle coiffure avec peu de brillance.","og_url":"https:\/\/manskin.ethos-dev.ch\/fr\/produkt\/hanz-de-fuko-gravity-paste\/","og_site_name":"Manskin.ch","article_publisher":"https:\/\/www.facebook.com\/manskin.ch","article_modified_time":"2024-11-12T10:11:16+00:00","og_image":[{"width":800,"height":800,"url":"https:\/\/manskin.ethos-dev.ch\/wp-content\/uploads\/2022\/05\/Gravity-Paste.jpg","type":"image\/jpeg"}],"twitter_card":"summary_large_image","twitter_misc":{"Prix":"26.50&#67;&#72;&#70;","Disponibilit\u00e9":"En stock"},"schema":{"@context":"https:\/\/schema.org","@graph":[{"@type":"WebPage","@id":"https:\/\/manskin.ethos-dev.ch\/fr\/produkt\/hanz-de-fuko-gravity-paste\/","url":"https:\/\/manskin.ethos-dev.ch\/fr\/produkt\/hanz-de-fuko-gravity-paste\/","name":"Hanz De Fuko - Gravity Paste coiffure fixation forte - Manskin.ch","isPartOf":{"@id":"https:\/\/manskin.ethos-dev.ch\/#website"},"datePublished":"2022-05-09T07:58:18+00:00","dateModified":"2024-11-12T10:11:16+00:00","description":"Ce nouveau produit de coiffage innovant offre une haute tenue avec la technologie \"Super-Grip\" pour obtenir n'importe quelle coiffure avec peu de brillance.","breadcrumb":{"@id":"https:\/\/manskin.ethos-dev.ch\/fr\/produkt\/hanz-de-fuko-gravity-paste\/#breadcrumb"},"inLanguage":"fr-FR","potentialAction":[{"@type":"ReadAction","target":["https:\/\/manskin.ethos-dev.ch\/fr\/produkt\/hanz-de-fuko-gravity-paste\/"]}]},{"@type":"BreadcrumbList","@id":"https:\/\/manskin.ethos-dev.ch\/fr\/produkt\/hanz-de-fuko-gravity-paste\/#breadcrumb","itemListElement":[{"@type":"ListItem","position":1,"name":"Startseite","item":"https:\/\/manskin.ethos-dev.ch\/fr\/"},{"@type":"ListItem","position":2,"name":"Shop","item":"https:\/\/manskin.ethos-dev.ch\/shop\/"},{"@type":"ListItem","position":3,"name":"Gravity Paste"}]},{"@type":"WebSite","@id":"https:\/\/manskin.ethos-dev.ch\/#website","url":"https:\/\/manskin.ethos-dev.ch\/","name":"Manskin.ch","description":"Tous les produits de beaut\u00e9 pour les hommes les plus exigeants","publisher":{"@id":"https:\/\/manskin.ethos-dev.ch\/#organization"},"potentialAction":[{"@type":"SearchAction","target":{"@type":"EntryPoint","urlTemplate":"https:\/\/manskin.ethos-dev.ch\/?s={search_term_string}"},"query-input":{"@type":"PropertyValueSpecification","valueRequired":true,"valueName":"search_term_string"}}],"inLanguage":"fr-FR"},{"@type":"Organization","@id":"https:\/\/manskin.ethos-dev.ch\/#organization","name":"Manskin.ch - der Schweizer Onlineshop f\u00fcr qualit\u00e4tsstarke M\u00e4nnerpflege","url":"https:\/\/manskin.ethos-dev.ch\/","logo":{"@type":"ImageObject","inLanguage":"fr-FR","@id":"https:\/\/manskin.ethos-dev.ch\/#\/schema\/logo\/image\/","url":"https:\/\/manskin.ethos-dev.ch\/wp-content\/uploads\/2021\/04\/cropped-logo_head.png","contentUrl":"https:\/\/manskin.ethos-dev.ch\/wp-content\/uploads\/2021\/04\/cropped-logo_head.png","width":235,"height":75,"caption":"Manskin.ch - der Schweizer Onlineshop f\u00fcr qualit\u00e4tsstarke M\u00e4nnerpflege"},"image":{"@id":"https:\/\/manskin.ethos-dev.ch\/#\/schema\/logo\/image\/"},"sameAs":["https:\/\/www.facebook.com\/manskin.ch","https:\/\/www.instagram.com\/manskin.ch\/"]}]},"product_price_amount":"26.50","product_price_currency":"CHF","og_availability":"instock","product_availability":"instock","product_retailer_item_id":"13081","product_condition":"new"},"brands":[{"id":2764,"name":"Hanz de Fuko","slug":"hanz-de-fuko"}],"_links":{"self":[{"href":"https:\/\/manskin.ethos-dev.ch\/fr\/wp-json\/wp\/v2\/product\/35022","targetHints":{"allow":["GET"]}}],"collection":[{"href":"https:\/\/manskin.ethos-dev.ch\/fr\/wp-json\/wp\/v2\/product"}],"about":[{"href":"https:\/\/manskin.ethos-dev.ch\/fr\/wp-json\/wp\/v2\/types\/product"}],"replies":[{"embeddable":true,"href":"https:\/\/manskin.ethos-dev.ch\/fr\/wp-json\/wp\/v2\/comments?post=35022"}],"wp:attachment":[{"href":"https:\/\/manskin.ethos-dev.ch\/fr\/wp-json\/wp\/v2\/media?parent=35022"}],"wp:term":[{"taxonomy":"pwb-brand","embeddable":true,"href":"https:\/\/manskin.ethos-dev.ch\/fr\/wp-json\/wp\/v2\/pwb-brand?post=35022"},{"taxonomy":"product_brand","embeddable":true,"href":"https:\/\/manskin.ethos-dev.ch\/fr\/wp-json\/wp\/v2\/product_brand?post=35022"},{"taxonomy":"product_cat","embeddable":true,"href":"https:\/\/manskin.ethos-dev.ch\/fr\/wp-json\/wp\/v2\/product_cat?post=35022"},{"taxonomy":"product_tag","embeddable":true,"href":"https:\/\/manskin.ethos-dev.ch\/fr\/wp-json\/wp\/v2\/product_tag?post=35022"}],"curies":[{"name":"wp","href":"https:\/\/api.w.org\/{rel}","templated":true}]}}