{"id":35207,"date":"2022-05-28T16:17:28","date_gmt":"2022-05-28T14:17:28","guid":{"rendered":"https:\/\/manskin.ethos-dev.ch\/produkt\/muehle-set-de-rasage-de-voyage\/"},"modified":"2025-07-02T22:20:31","modified_gmt":"2025-07-02T20:20:31","slug":"muehle-set-de-rasage-de-voyage","status":"publish","type":"product","link":"https:\/\/manskin.ethos-dev.ch\/fr\/produkt\/muehle-set-de-rasage-de-voyage\/","title":{"rendered":"M\u00dcHLE &#8211; Set de rasage de voyage Silvertip Fibre\u00ae, rasoir de s\u00fbret\u00e9"},"content":{"rendered":"<h2><span style=\"font-size: x-large;\">M\u00dcHLE &#8211; <\/span>Set de rasage de voyage Silvertip Fibre\u00ae, rasoir de s\u00fbret\u00e9 classique, poign\u00e9es chrom\u00e9es<\/h2>\n<div>\n<p>Set de rasage de voyage 4 pi\u00e8ces:<\/p>\n<ul>\n<li>Blaireau de voyage avec Silvertip Fibre\u00ae.<\/li>\n<li>Rasoir de s\u00fbret\u00e9 classique R89<\/li>\n<li>Prot\u00e8ge-lame<\/li>\n<li>\u00c9tui en cuir noir de haute qualit\u00e9 pour ranger le set. L&#8217;\u00e9tui en cuir est fabriqu\u00e9 \u00e0 la main de mani\u00e8re traditionnelle par des maroquiniers florentins.<\/li>\n<\/ul>\n<h3><span style=\"color: #ff9900;\">La t\u00eate de blaireau &#8211; Silvertip Fibre\u00ae :<\/span><\/h3>\n<ul>\n<li>Silvertip Fibre\u00ae &#8211; les fibres synth\u00e9tiques de haute qualit\u00e9 repr\u00e9sentent une innovation mondiale issue de notre propre d\u00e9veloppement.<\/li>\n<li>Avec elle, nous proposons une qualit\u00e9 sup\u00e9rieure produite synth\u00e9tiquement, dont les propri\u00e9t\u00e9s mat\u00e9rielles sont analogues \u00e0 celles du pr\u00e9cieux poil naturel argent\u00e9.<\/li>\n<li>La majorit\u00e9 des utilisateurs estiment m\u00eame que cette qualit\u00e9 offre des propri\u00e9t\u00e9s d&#8217;utilisation encore meilleures que le poil naturel. &#8220;Silvertip Fibre\u00ae&#8221; est tr\u00e8s doux sur les pointes fines, mais un peu plus stable que le crin naturel dans la zone m\u00e9diane.<\/li>\n<\/ul>\n<p>Au quotidien, les fibres, \u00e9galement trait\u00e9es manuellement, sont moins sensibles que les cheveux naturels, car elles s\u00e8chent plus rapidement et r\u00e9sistent aux savons et cr\u00e8mes de rasage. La fibre enti\u00e8rement v\u00e9g\u00e9talienne est en outre un peu plus facile \u00e0 utiliser que le poil naturel, car elle forme une mousse particuli\u00e8rement cr\u00e9meuse et abondante \u00e0 partir d&#8217;une petite quantit\u00e9 de savon ou de cr\u00e8me \u00e0 raser, ce qui permet de l&#8217;utiliser avec beaucoup d&#8217;\u00e9conomie.<\/p>\n<h3><span style=\"color: #ff9900;\">Le rasoir:\u00a0<\/span><\/h3>\n<p>Depuis des g\u00e9n\u00e9rations, le rasoir de s\u00fbret\u00e9 est consid\u00e9r\u00e9 comme un classique \u00e9l\u00e9gant qui permet de raser m\u00eame les contours avec pr\u00e9cision. Pour beaucoup, c&#8217;est le rasoir par excellence.<\/p>\n<p>Le prot\u00e8ge-lame en plastique prot\u00e8ge la lame contre les dommages et \u00e9vite les coupures pendant le stockage et les voyages.<\/p>\n<\/div>\n","protected":false},"excerpt":{"rendered":"<p>Mit synthetischem Silvertip Fibre\u00ae und Rasierhobel<\/p>\n","protected":false},"featured_media":15875,"comment_status":"closed","ping_status":"closed","template":"","meta":{"_acf_changed":false},"pwb-brand":[2769],"product_brand":[],"product_cat":[2911,2412,2422,2425],"product_tag":[],"class_list":{"0":"post-35207","1":"product","2":"type-product","3":"status-publish","4":"has-post-thumbnail","6":"pwb-brand-muehle","7":"product_cat-travel-sport","8":"product_cat-muehle-fr","9":"product_cat-rasoir-de-suretee","10":"product_cat-blaireau-new","11":"product_shipping_class-standard-fr","12":"pa_hersteller-muehle-fr-2","13":"sales-flash-overlay","14":"woocommerce-text-align-center","15":"woocommerce-image-align-center","16":"do-quantity-buttons","17":"has-subscription-plans","19":"first","20":"instock","21":"purchasable","22":"product-type-simple"},"acf":[],"yoast_head":"<!-- This site is optimized with the Yoast SEO Premium plugin v24.8 (Yoast SEO v25.4) - https:\/\/yoast.com\/wordpress\/plugins\/seo\/ -->\n<title>M\u00dcHLE - Set de rasage de voyage avec Silvertip Fibre\u00ae et rasoir de s\u00fbret\u00e9 - Manskin.ch<\/title>\n<meta name=\"description\" content=\"Blaireau de voyage avec Silvertip Fibre\u00ae, Rasoir classique R89, Protection de lame, Etui en cuir de haute qualit\u00e9 pour ranger le set en noir\" \/>\n<meta name=\"robots\" content=\"noindex, follow, max-snippet:-1, max-image-preview:large, max-video-preview:-1\" \/>\n<meta property=\"og:locale\" content=\"fr_FR\" \/>\n<meta property=\"og:type\" content=\"article\" \/>\n<meta property=\"og:title\" content=\"M\u00dcHLE - Set de rasage de voyage Silvertip Fibre\u00ae, rasoir de s\u00fbret\u00e9\" \/>\n<meta property=\"og:description\" content=\"Blaireau de voyage avec Silvertip Fibre\u00ae, Rasoir classique R89, Protection de lame, Etui en cuir de haute qualit\u00e9 pour ranger le set en noir\" \/>\n<meta property=\"og:url\" content=\"https:\/\/manskin.ethos-dev.ch\/fr\/produkt\/muehle-set-de-rasage-de-voyage\/\" \/>\n<meta property=\"og:site_name\" content=\"Manskin.ch\" \/>\n<meta property=\"article:publisher\" content=\"https:\/\/www.facebook.com\/manskin.ch\" \/>\n<meta property=\"article:modified_time\" content=\"2025-07-02T20:20:31+00:00\" \/>\n<meta property=\"og:image\" content=\"https:\/\/manskin.ethos-dev.ch\/wp-content\/uploads\/2022\/05\/mu\u0308hle_travelset.jpg\" \/>\n\t<meta property=\"og:image:width\" content=\"800\" \/>\n\t<meta property=\"og:image:height\" content=\"800\" \/>\n\t<meta property=\"og:image:type\" content=\"image\/jpeg\" \/>\n<meta name=\"twitter:card\" content=\"summary_large_image\" \/>\n<meta name=\"twitter:label1\" content=\"Prix\" \/>\n\t<meta name=\"twitter:data1\" content=\"149.00&#067;&#072;&#070;\" \/>\n\t<meta name=\"twitter:label2\" content=\"Disponibilit\u00e9\" \/>\n\t<meta name=\"twitter:data2\" content=\"En stock\" \/>\n<script type=\"application\/ld+json\" class=\"yoast-schema-graph\">{\"@context\":\"https:\/\/schema.org\",\"@graph\":[{\"@type\":\"WebPage\",\"@id\":\"https:\/\/manskin.ethos-dev.ch\/fr\/produkt\/muehle-set-de-rasage-de-voyage\/\",\"url\":\"https:\/\/manskin.ethos-dev.ch\/fr\/produkt\/muehle-set-de-rasage-de-voyage\/\",\"name\":\"M\u00dcHLE - Set de rasage de voyage avec Silvertip Fibre\u00ae et rasoir de s\u00fbret\u00e9 - Manskin.ch\",\"isPartOf\":{\"@id\":\"https:\/\/manskin.ethos-dev.ch\/#website\"},\"primaryImageOfPage\":{\"@id\":\"https:\/\/manskin.ethos-dev.ch\/fr\/produkt\/muehle-set-de-rasage-de-voyage\/#primaryimage\"},\"image\":{\"@id\":\"https:\/\/manskin.ethos-dev.ch\/fr\/produkt\/muehle-set-de-rasage-de-voyage\/#primaryimage\"},\"thumbnailUrl\":\"https:\/\/manskin.ethos-dev.ch\/wp-content\/uploads\/2022\/05\/mu\u0308hle_travelset.jpg\",\"datePublished\":\"2022-05-28T14:17:28+00:00\",\"dateModified\":\"2025-07-02T20:20:31+00:00\",\"description\":\"Blaireau de voyage avec Silvertip Fibre\u00ae, Rasoir classique R89, Protection de lame, Etui en cuir de haute qualit\u00e9 pour ranger le set en noir\",\"breadcrumb\":{\"@id\":\"https:\/\/manskin.ethos-dev.ch\/fr\/produkt\/muehle-set-de-rasage-de-voyage\/#breadcrumb\"},\"inLanguage\":\"fr-FR\",\"potentialAction\":[{\"@type\":\"ReadAction\",\"target\":[\"https:\/\/manskin.ethos-dev.ch\/fr\/produkt\/muehle-set-de-rasage-de-voyage\/\"]}]},{\"@type\":\"ImageObject\",\"inLanguage\":\"fr-FR\",\"@id\":\"https:\/\/manskin.ethos-dev.ch\/fr\/produkt\/muehle-set-de-rasage-de-voyage\/#primaryimage\",\"url\":\"https:\/\/manskin.ethos-dev.ch\/wp-content\/uploads\/2022\/05\/mu\u0308hle_travelset.jpg\",\"contentUrl\":\"https:\/\/manskin.ethos-dev.ch\/wp-content\/uploads\/2022\/05\/mu\u0308hle_travelset.jpg\",\"width\":800,\"height\":800},{\"@type\":\"BreadcrumbList\",\"@id\":\"https:\/\/manskin.ethos-dev.ch\/fr\/produkt\/muehle-set-de-rasage-de-voyage\/#breadcrumb\",\"itemListElement\":[{\"@type\":\"ListItem\",\"position\":1,\"name\":\"Startseite\",\"item\":\"https:\/\/manskin.ethos-dev.ch\/fr\/\"},{\"@type\":\"ListItem\",\"position\":2,\"name\":\"Shop\",\"item\":\"https:\/\/manskin.ethos-dev.ch\/shop\/\"},{\"@type\":\"ListItem\",\"position\":3,\"name\":\"M\u00dcHLE &#8211; Set de rasage de voyage Silvertip Fibre\u00ae, rasoir de s\u00fbret\u00e9\"}]},{\"@type\":\"WebSite\",\"@id\":\"https:\/\/manskin.ethos-dev.ch\/#website\",\"url\":\"https:\/\/manskin.ethos-dev.ch\/\",\"name\":\"Manskin.ch\",\"description\":\"Tous les produits de beaut\u00e9 pour les hommes les plus exigeants\",\"publisher\":{\"@id\":\"https:\/\/manskin.ethos-dev.ch\/#organization\"},\"potentialAction\":[{\"@type\":\"SearchAction\",\"target\":{\"@type\":\"EntryPoint\",\"urlTemplate\":\"https:\/\/manskin.ethos-dev.ch\/?s={search_term_string}\"},\"query-input\":{\"@type\":\"PropertyValueSpecification\",\"valueRequired\":true,\"valueName\":\"search_term_string\"}}],\"inLanguage\":\"fr-FR\"},{\"@type\":\"Organization\",\"@id\":\"https:\/\/manskin.ethos-dev.ch\/#organization\",\"name\":\"Manskin.ch - der Schweizer Onlineshop f\u00fcr qualit\u00e4tsstarke M\u00e4nnerpflege\",\"url\":\"https:\/\/manskin.ethos-dev.ch\/\",\"logo\":{\"@type\":\"ImageObject\",\"inLanguage\":\"fr-FR\",\"@id\":\"https:\/\/manskin.ethos-dev.ch\/#\/schema\/logo\/image\/\",\"url\":\"https:\/\/manskin.ethos-dev.ch\/wp-content\/uploads\/2021\/04\/cropped-logo_head.png\",\"contentUrl\":\"https:\/\/manskin.ethos-dev.ch\/wp-content\/uploads\/2021\/04\/cropped-logo_head.png\",\"width\":235,\"height\":75,\"caption\":\"Manskin.ch - der Schweizer Onlineshop f\u00fcr qualit\u00e4tsstarke M\u00e4nnerpflege\"},\"image\":{\"@id\":\"https:\/\/manskin.ethos-dev.ch\/#\/schema\/logo\/image\/\"},\"sameAs\":[\"https:\/\/www.facebook.com\/manskin.ch\",\"https:\/\/www.instagram.com\/manskin.ch\/\"]}]}<\/script>\n<meta property=\"product:price:amount\" content=\"149.00\" \/>\n<meta property=\"product:price:currency\" content=\"CHF\" \/>\n<meta property=\"og:availability\" content=\"instock\" \/>\n<meta property=\"product:availability\" content=\"instock\" \/>\n<meta property=\"product:retailer_item_id\" content=\"13102\" \/>\n<meta property=\"product:condition\" content=\"new\" \/>\n<!-- \/ Yoast SEO Premium plugin. -->","yoast_head_json":{"title":"M\u00dcHLE - Set de rasage de voyage avec Silvertip Fibre\u00ae et rasoir de s\u00fbret\u00e9 - Manskin.ch","description":"Blaireau de voyage avec Silvertip Fibre\u00ae, Rasoir classique R89, Protection de lame, Etui en cuir de haute qualit\u00e9 pour ranger le set en noir","robots":{"index":"noindex","follow":"follow","max-snippet":"max-snippet:-1","max-image-preview":"max-image-preview:large","max-video-preview":"max-video-preview:-1"},"og_locale":"fr_FR","og_type":"article","og_title":"M\u00dcHLE - Set de rasage de voyage Silvertip Fibre\u00ae, rasoir de s\u00fbret\u00e9","og_description":"Blaireau de voyage avec Silvertip Fibre\u00ae, Rasoir classique R89, Protection de lame, Etui en cuir de haute qualit\u00e9 pour ranger le set en noir","og_url":"https:\/\/manskin.ethos-dev.ch\/fr\/produkt\/muehle-set-de-rasage-de-voyage\/","og_site_name":"Manskin.ch","article_publisher":"https:\/\/www.facebook.com\/manskin.ch","article_modified_time":"2025-07-02T20:20:31+00:00","og_image":[{"width":800,"height":800,"url":"https:\/\/manskin.ethos-dev.ch\/wp-content\/uploads\/2022\/05\/mu\u0308hle_travelset.jpg","type":"image\/jpeg"}],"twitter_card":"summary_large_image","twitter_misc":{"Prix":"149.00&#67;&#72;&#70;","Disponibilit\u00e9":"En stock"},"schema":{"@context":"https:\/\/schema.org","@graph":[{"@type":"WebPage","@id":"https:\/\/manskin.ethos-dev.ch\/fr\/produkt\/muehle-set-de-rasage-de-voyage\/","url":"https:\/\/manskin.ethos-dev.ch\/fr\/produkt\/muehle-set-de-rasage-de-voyage\/","name":"M\u00dcHLE - Set de rasage de voyage avec Silvertip Fibre\u00ae et rasoir de s\u00fbret\u00e9 - Manskin.ch","isPartOf":{"@id":"https:\/\/manskin.ethos-dev.ch\/#website"},"primaryImageOfPage":{"@id":"https:\/\/manskin.ethos-dev.ch\/fr\/produkt\/muehle-set-de-rasage-de-voyage\/#primaryimage"},"image":{"@id":"https:\/\/manskin.ethos-dev.ch\/fr\/produkt\/muehle-set-de-rasage-de-voyage\/#primaryimage"},"thumbnailUrl":"https:\/\/manskin.ethos-dev.ch\/wp-content\/uploads\/2022\/05\/mu\u0308hle_travelset.jpg","datePublished":"2022-05-28T14:17:28+00:00","dateModified":"2025-07-02T20:20:31+00:00","description":"Blaireau de voyage avec Silvertip Fibre\u00ae, Rasoir classique R89, Protection de lame, Etui en cuir de haute qualit\u00e9 pour ranger le set en noir","breadcrumb":{"@id":"https:\/\/manskin.ethos-dev.ch\/fr\/produkt\/muehle-set-de-rasage-de-voyage\/#breadcrumb"},"inLanguage":"fr-FR","potentialAction":[{"@type":"ReadAction","target":["https:\/\/manskin.ethos-dev.ch\/fr\/produkt\/muehle-set-de-rasage-de-voyage\/"]}]},{"@type":"ImageObject","inLanguage":"fr-FR","@id":"https:\/\/manskin.ethos-dev.ch\/fr\/produkt\/muehle-set-de-rasage-de-voyage\/#primaryimage","url":"https:\/\/manskin.ethos-dev.ch\/wp-content\/uploads\/2022\/05\/mu\u0308hle_travelset.jpg","contentUrl":"https:\/\/manskin.ethos-dev.ch\/wp-content\/uploads\/2022\/05\/mu\u0308hle_travelset.jpg","width":800,"height":800},{"@type":"BreadcrumbList","@id":"https:\/\/manskin.ethos-dev.ch\/fr\/produkt\/muehle-set-de-rasage-de-voyage\/#breadcrumb","itemListElement":[{"@type":"ListItem","position":1,"name":"Startseite","item":"https:\/\/manskin.ethos-dev.ch\/fr\/"},{"@type":"ListItem","position":2,"name":"Shop","item":"https:\/\/manskin.ethos-dev.ch\/shop\/"},{"@type":"ListItem","position":3,"name":"M\u00dcHLE &#8211; Set de rasage de voyage Silvertip Fibre\u00ae, rasoir de s\u00fbret\u00e9"}]},{"@type":"WebSite","@id":"https:\/\/manskin.ethos-dev.ch\/#website","url":"https:\/\/manskin.ethos-dev.ch\/","name":"Manskin.ch","description":"Tous les produits de beaut\u00e9 pour les hommes les plus exigeants","publisher":{"@id":"https:\/\/manskin.ethos-dev.ch\/#organization"},"potentialAction":[{"@type":"SearchAction","target":{"@type":"EntryPoint","urlTemplate":"https:\/\/manskin.ethos-dev.ch\/?s={search_term_string}"},"query-input":{"@type":"PropertyValueSpecification","valueRequired":true,"valueName":"search_term_string"}}],"inLanguage":"fr-FR"},{"@type":"Organization","@id":"https:\/\/manskin.ethos-dev.ch\/#organization","name":"Manskin.ch - der Schweizer Onlineshop f\u00fcr qualit\u00e4tsstarke M\u00e4nnerpflege","url":"https:\/\/manskin.ethos-dev.ch\/","logo":{"@type":"ImageObject","inLanguage":"fr-FR","@id":"https:\/\/manskin.ethos-dev.ch\/#\/schema\/logo\/image\/","url":"https:\/\/manskin.ethos-dev.ch\/wp-content\/uploads\/2021\/04\/cropped-logo_head.png","contentUrl":"https:\/\/manskin.ethos-dev.ch\/wp-content\/uploads\/2021\/04\/cropped-logo_head.png","width":235,"height":75,"caption":"Manskin.ch - der Schweizer Onlineshop f\u00fcr qualit\u00e4tsstarke M\u00e4nnerpflege"},"image":{"@id":"https:\/\/manskin.ethos-dev.ch\/#\/schema\/logo\/image\/"},"sameAs":["https:\/\/www.facebook.com\/manskin.ch","https:\/\/www.instagram.com\/manskin.ch\/"]}]},"product_price_amount":"149.00","product_price_currency":"CHF","og_availability":"instock","product_availability":"instock","product_retailer_item_id":"13102","product_condition":"new"},"brands":[{"id":2769,"name":"M\u00dcHLE","slug":"muehle"}],"_links":{"self":[{"href":"https:\/\/manskin.ethos-dev.ch\/fr\/wp-json\/wp\/v2\/product\/35207","targetHints":{"allow":["GET"]}}],"collection":[{"href":"https:\/\/manskin.ethos-dev.ch\/fr\/wp-json\/wp\/v2\/product"}],"about":[{"href":"https:\/\/manskin.ethos-dev.ch\/fr\/wp-json\/wp\/v2\/types\/product"}],"replies":[{"embeddable":true,"href":"https:\/\/manskin.ethos-dev.ch\/fr\/wp-json\/wp\/v2\/comments?post=35207"}],"wp:featuredmedia":[{"embeddable":true,"href":"https:\/\/manskin.ethos-dev.ch\/fr\/wp-json\/wp\/v2\/media\/15875"}],"wp:attachment":[{"href":"https:\/\/manskin.ethos-dev.ch\/fr\/wp-json\/wp\/v2\/media?parent=35207"}],"wp:term":[{"taxonomy":"pwb-brand","embeddable":true,"href":"https:\/\/manskin.ethos-dev.ch\/fr\/wp-json\/wp\/v2\/pwb-brand?post=35207"},{"taxonomy":"product_brand","embeddable":true,"href":"https:\/\/manskin.ethos-dev.ch\/fr\/wp-json\/wp\/v2\/product_brand?post=35207"},{"taxonomy":"product_cat","embeddable":true,"href":"https:\/\/manskin.ethos-dev.ch\/fr\/wp-json\/wp\/v2\/product_cat?post=35207"},{"taxonomy":"product_tag","embeddable":true,"href":"https:\/\/manskin.ethos-dev.ch\/fr\/wp-json\/wp\/v2\/product_tag?post=35207"}],"curies":[{"name":"wp","href":"https:\/\/api.w.org\/{rel}","templated":true}]}}