{"id":60389,"date":"2024-08-30T14:13:57","date_gmt":"2024-08-30T12:13:57","guid":{"rendered":"https:\/\/manskin.ethos-dev.ch\/produkt\/haslinger-coffret-cadeau-bois-de-santal\/"},"modified":"2025-03-06T13:04:27","modified_gmt":"2025-03-06T12:04:27","slug":"haslinger-coffret-cadeau-bois-de-santal","status":"publish","type":"product","link":"https:\/\/manskin.ethos-dev.ch\/fr\/produkt\/haslinger-coffret-cadeau-bois-de-santal\/","title":{"rendered":"Haslinger &#8211; Coffret Cadeau au Bois de Santal"},"content":{"rendered":"<h2>Haslinger &#8211; Coffret cadeau avec santal douche &amp; shampooing, savon &agrave; barbe &amp; baume apr&egrave;s-rasage<\/h2>\n<p>\nLe coffret cadeau 4 pi&egrave;ces au bois de santal contient :<\/p>\n<ul>\n<li>Bain douche &amp; shampooing au bois de santal 200ml<\/li>\n<li>Baume apr&egrave;s-rasage au bois de santal 100ml<\/li>\n<li>Savon &agrave; barbe au bois de santal 60g<\/li>\n<li>Bo&icirc;te de rangement en aluminium pour le savon &agrave; barbe<\/li>\n<li>Tous ces produits sont fabriqu&eacute;s avec de l&#39;huile de santal v&eacute;ritable.<\/li>\n<\/ul>\n<p>\nDes cosm&eacute;tiques de haute qualit&eacute; fabriqu&eacute;s traditionnellement &agrave; Vienne depuis 1890.<br \/>\nTr&egrave;s t&ocirc;t, Haslinger a non seulement renonc&eacute; aux mati&egrave;res premi&egrave;res d&#39;origine animale, mais a &eacute;galement fait des recherches et d&eacute;velopp&eacute; des formules cosm&eacute;tiques &eacute;quilibr&eacute;es et bien tol&eacute;r&eacute;es &agrave; base d&#39;huiles v&eacute;g&eacute;tales pures. L&#39;&oelig;uvre de sa vie consistait &eacute;galement &agrave; utiliser la force et les propri&eacute;t&eacute;s positives du miel, des herbes, des plantes m&eacute;dicinales et des huiles essentielles dans des formulations cosm&eacute;tiques de soin doux.<\/p>\n<p>Sans tests sur les animaux<br \/>\nSans silicone<br \/>\nSans aluminium<br \/>\nSans parab&egrave;ne<br \/>\nSans ph&eacute;noxy&eacute;thanol<br \/>\nSans &eacute;thanolamine<br \/>\nSans Paraffine<br \/>\nSans huiles min&eacute;rales<\/p>\n","protected":false},"excerpt":{"rendered":"<p>Coffret cadeau 4 pi\u00e8ces \u00e0 l&#8217;huile de santal v\u00e9ritable<\/p>\n","protected":false},"featured_media":0,"comment_status":"closed","ping_status":"closed","template":"","meta":{"_acf_changed":false},"pwb-brand":[2761],"product_brand":[],"product_cat":[2326,1948,2357,2804,2418],"product_tag":[],"class_list":{"0":"post-60389","1":"product","2":"type-product","3":"status-publish","5":"pwb-brand-haslinger","6":"product_cat-cadeaux","7":"product_cat-shampoing-conditioner","8":"product_cat-nettoyant-corps","9":"product_cat-haslinger-fr","10":"product_cat-apres-rasage","11":"product_shipping_class-standard-fr","12":"sales-flash-overlay","13":"woocommerce-text-align-center","14":"woocommerce-image-align-center","15":"do-quantity-buttons","16":"has-subscription-plans","18":"first","19":"instock","20":"taxable","21":"shipping-taxable","22":"purchasable","23":"product-type-simple"},"acf":[],"yoast_head":"<!-- This site is optimized with the Yoast SEO Premium plugin v24.8 (Yoast SEO v25.4) - https:\/\/yoast.com\/wordpress\/plugins\/seo\/ -->\n<title>Haslinger - Coffret Cadeau au Bois de Santal | Manskin.ch<\/title>\n<meta name=\"description\" content=\"Haslinger - Coffret Cadeau au Bois de Santal\" \/>\n<meta name=\"robots\" content=\"noindex, follow, max-snippet:-1, max-image-preview:large, max-video-preview:-1\" \/>\n<meta property=\"og:locale\" content=\"fr_FR\" \/>\n<meta property=\"og:type\" content=\"article\" \/>\n<meta property=\"og:title\" content=\"Haslinger - Coffret Cadeau au Bois de Santal\" \/>\n<meta property=\"og:description\" content=\"Haslinger - Coffret Cadeau au Bois de Santal\" \/>\n<meta property=\"og:url\" content=\"https:\/\/manskin.ethos-dev.ch\/fr\/produkt\/haslinger-coffret-cadeau-bois-de-santal\/\" \/>\n<meta property=\"og:site_name\" content=\"Manskin.ch\" \/>\n<meta property=\"article:publisher\" content=\"https:\/\/www.facebook.com\/manskin.ch\" \/>\n<meta property=\"article:modified_time\" content=\"2025-03-06T12:04:27+00:00\" \/>\n<meta property=\"og:image\" content=\"https:\/\/manskin.ethos-dev.ch\/wp-content\/uploads\/2024\/08\/Sandeholz-Geschenkbox-High-Quality.jpg\" \/>\n\t<meta property=\"og:image:width\" content=\"800\" \/>\n\t<meta property=\"og:image:height\" content=\"800\" \/>\n\t<meta property=\"og:image:type\" content=\"image\/jpeg\" \/>\n<meta name=\"twitter:card\" content=\"summary_large_image\" \/>\n<meta name=\"twitter:label1\" content=\"Prix\" \/>\n\t<meta name=\"twitter:data1\" content=\"35.90&#067;&#072;&#070;\" \/>\n\t<meta name=\"twitter:label2\" content=\"Disponibilit\u00e9\" \/>\n\t<meta name=\"twitter:data2\" content=\"En stock\" \/>\n<script type=\"application\/ld+json\" class=\"yoast-schema-graph\">{\"@context\":\"https:\/\/schema.org\",\"@graph\":[{\"@type\":\"WebPage\",\"@id\":\"https:\/\/manskin.ethos-dev.ch\/fr\/produkt\/haslinger-coffret-cadeau-bois-de-santal\/\",\"url\":\"https:\/\/manskin.ethos-dev.ch\/fr\/produkt\/haslinger-coffret-cadeau-bois-de-santal\/\",\"name\":\"Haslinger - Coffret Cadeau au Bois de Santal | Manskin.ch\",\"isPartOf\":{\"@id\":\"https:\/\/manskin.ethos-dev.ch\/#website\"},\"datePublished\":\"2024-08-30T12:13:57+00:00\",\"dateModified\":\"2025-03-06T12:04:27+00:00\",\"description\":\"Haslinger - Coffret Cadeau au Bois de Santal\",\"breadcrumb\":{\"@id\":\"https:\/\/manskin.ethos-dev.ch\/fr\/produkt\/haslinger-coffret-cadeau-bois-de-santal\/#breadcrumb\"},\"inLanguage\":\"fr-FR\",\"potentialAction\":[{\"@type\":\"ReadAction\",\"target\":[\"https:\/\/manskin.ethos-dev.ch\/fr\/produkt\/haslinger-coffret-cadeau-bois-de-santal\/\"]}]},{\"@type\":\"BreadcrumbList\",\"@id\":\"https:\/\/manskin.ethos-dev.ch\/fr\/produkt\/haslinger-coffret-cadeau-bois-de-santal\/#breadcrumb\",\"itemListElement\":[{\"@type\":\"ListItem\",\"position\":1,\"name\":\"Startseite\",\"item\":\"https:\/\/manskin.ethos-dev.ch\/fr\/\"},{\"@type\":\"ListItem\",\"position\":2,\"name\":\"Shop\",\"item\":\"https:\/\/manskin.ethos-dev.ch\/shop\/\"},{\"@type\":\"ListItem\",\"position\":3,\"name\":\"Haslinger &#8211; Coffret Cadeau au Bois de Santal\"}]},{\"@type\":\"WebSite\",\"@id\":\"https:\/\/manskin.ethos-dev.ch\/#website\",\"url\":\"https:\/\/manskin.ethos-dev.ch\/\",\"name\":\"Manskin.ch\",\"description\":\"Tous les produits de beaut\u00e9 pour les hommes les plus exigeants\",\"publisher\":{\"@id\":\"https:\/\/manskin.ethos-dev.ch\/#organization\"},\"potentialAction\":[{\"@type\":\"SearchAction\",\"target\":{\"@type\":\"EntryPoint\",\"urlTemplate\":\"https:\/\/manskin.ethos-dev.ch\/?s={search_term_string}\"},\"query-input\":{\"@type\":\"PropertyValueSpecification\",\"valueRequired\":true,\"valueName\":\"search_term_string\"}}],\"inLanguage\":\"fr-FR\"},{\"@type\":\"Organization\",\"@id\":\"https:\/\/manskin.ethos-dev.ch\/#organization\",\"name\":\"Manskin.ch - der Schweizer Onlineshop f\u00fcr qualit\u00e4tsstarke M\u00e4nnerpflege\",\"url\":\"https:\/\/manskin.ethos-dev.ch\/\",\"logo\":{\"@type\":\"ImageObject\",\"inLanguage\":\"fr-FR\",\"@id\":\"https:\/\/manskin.ethos-dev.ch\/#\/schema\/logo\/image\/\",\"url\":\"https:\/\/manskin.ethos-dev.ch\/wp-content\/uploads\/2021\/04\/cropped-logo_head.png\",\"contentUrl\":\"https:\/\/manskin.ethos-dev.ch\/wp-content\/uploads\/2021\/04\/cropped-logo_head.png\",\"width\":235,\"height\":75,\"caption\":\"Manskin.ch - der Schweizer Onlineshop f\u00fcr qualit\u00e4tsstarke M\u00e4nnerpflege\"},\"image\":{\"@id\":\"https:\/\/manskin.ethos-dev.ch\/#\/schema\/logo\/image\/\"},\"sameAs\":[\"https:\/\/www.facebook.com\/manskin.ch\",\"https:\/\/www.instagram.com\/manskin.ch\/\"]}]}<\/script>\n<meta property=\"product:price:amount\" content=\"35.90\" \/>\n<meta property=\"product:price:currency\" content=\"CHF\" \/>\n<meta property=\"og:availability\" content=\"instock\" \/>\n<meta property=\"product:availability\" content=\"instock\" \/>\n<meta property=\"product:retailer_item_id\" content=\"14147\" \/>\n<meta property=\"product:condition\" content=\"new\" \/>\n<!-- \/ Yoast SEO Premium plugin. -->","yoast_head_json":{"title":"Haslinger - Coffret Cadeau au Bois de Santal | Manskin.ch","description":"Haslinger - Coffret Cadeau au Bois de Santal","robots":{"index":"noindex","follow":"follow","max-snippet":"max-snippet:-1","max-image-preview":"max-image-preview:large","max-video-preview":"max-video-preview:-1"},"og_locale":"fr_FR","og_type":"article","og_title":"Haslinger - Coffret Cadeau au Bois de Santal","og_description":"Haslinger - Coffret Cadeau au Bois de Santal","og_url":"https:\/\/manskin.ethos-dev.ch\/fr\/produkt\/haslinger-coffret-cadeau-bois-de-santal\/","og_site_name":"Manskin.ch","article_publisher":"https:\/\/www.facebook.com\/manskin.ch","article_modified_time":"2025-03-06T12:04:27+00:00","og_image":[{"width":800,"height":800,"url":"https:\/\/manskin.ethos-dev.ch\/wp-content\/uploads\/2024\/08\/Sandeholz-Geschenkbox-High-Quality.jpg","type":"image\/jpeg"}],"twitter_card":"summary_large_image","twitter_misc":{"Prix":"35.90&#67;&#72;&#70;","Disponibilit\u00e9":"En stock"},"schema":{"@context":"https:\/\/schema.org","@graph":[{"@type":"WebPage","@id":"https:\/\/manskin.ethos-dev.ch\/fr\/produkt\/haslinger-coffret-cadeau-bois-de-santal\/","url":"https:\/\/manskin.ethos-dev.ch\/fr\/produkt\/haslinger-coffret-cadeau-bois-de-santal\/","name":"Haslinger - Coffret Cadeau au Bois de Santal | Manskin.ch","isPartOf":{"@id":"https:\/\/manskin.ethos-dev.ch\/#website"},"datePublished":"2024-08-30T12:13:57+00:00","dateModified":"2025-03-06T12:04:27+00:00","description":"Haslinger - Coffret Cadeau au Bois de Santal","breadcrumb":{"@id":"https:\/\/manskin.ethos-dev.ch\/fr\/produkt\/haslinger-coffret-cadeau-bois-de-santal\/#breadcrumb"},"inLanguage":"fr-FR","potentialAction":[{"@type":"ReadAction","target":["https:\/\/manskin.ethos-dev.ch\/fr\/produkt\/haslinger-coffret-cadeau-bois-de-santal\/"]}]},{"@type":"BreadcrumbList","@id":"https:\/\/manskin.ethos-dev.ch\/fr\/produkt\/haslinger-coffret-cadeau-bois-de-santal\/#breadcrumb","itemListElement":[{"@type":"ListItem","position":1,"name":"Startseite","item":"https:\/\/manskin.ethos-dev.ch\/fr\/"},{"@type":"ListItem","position":2,"name":"Shop","item":"https:\/\/manskin.ethos-dev.ch\/shop\/"},{"@type":"ListItem","position":3,"name":"Haslinger &#8211; Coffret Cadeau au Bois de Santal"}]},{"@type":"WebSite","@id":"https:\/\/manskin.ethos-dev.ch\/#website","url":"https:\/\/manskin.ethos-dev.ch\/","name":"Manskin.ch","description":"Tous les produits de beaut\u00e9 pour les hommes les plus exigeants","publisher":{"@id":"https:\/\/manskin.ethos-dev.ch\/#organization"},"potentialAction":[{"@type":"SearchAction","target":{"@type":"EntryPoint","urlTemplate":"https:\/\/manskin.ethos-dev.ch\/?s={search_term_string}"},"query-input":{"@type":"PropertyValueSpecification","valueRequired":true,"valueName":"search_term_string"}}],"inLanguage":"fr-FR"},{"@type":"Organization","@id":"https:\/\/manskin.ethos-dev.ch\/#organization","name":"Manskin.ch - der Schweizer Onlineshop f\u00fcr qualit\u00e4tsstarke M\u00e4nnerpflege","url":"https:\/\/manskin.ethos-dev.ch\/","logo":{"@type":"ImageObject","inLanguage":"fr-FR","@id":"https:\/\/manskin.ethos-dev.ch\/#\/schema\/logo\/image\/","url":"https:\/\/manskin.ethos-dev.ch\/wp-content\/uploads\/2021\/04\/cropped-logo_head.png","contentUrl":"https:\/\/manskin.ethos-dev.ch\/wp-content\/uploads\/2021\/04\/cropped-logo_head.png","width":235,"height":75,"caption":"Manskin.ch - der Schweizer Onlineshop f\u00fcr qualit\u00e4tsstarke M\u00e4nnerpflege"},"image":{"@id":"https:\/\/manskin.ethos-dev.ch\/#\/schema\/logo\/image\/"},"sameAs":["https:\/\/www.facebook.com\/manskin.ch","https:\/\/www.instagram.com\/manskin.ch\/"]}]},"product_price_amount":"35.90","product_price_currency":"CHF","og_availability":"instock","product_availability":"instock","product_retailer_item_id":"14147","product_condition":"new"},"brands":[{"id":2761,"name":"Haslinger","slug":"haslinger"}],"_links":{"self":[{"href":"https:\/\/manskin.ethos-dev.ch\/fr\/wp-json\/wp\/v2\/product\/60389","targetHints":{"allow":["GET"]}}],"collection":[{"href":"https:\/\/manskin.ethos-dev.ch\/fr\/wp-json\/wp\/v2\/product"}],"about":[{"href":"https:\/\/manskin.ethos-dev.ch\/fr\/wp-json\/wp\/v2\/types\/product"}],"replies":[{"embeddable":true,"href":"https:\/\/manskin.ethos-dev.ch\/fr\/wp-json\/wp\/v2\/comments?post=60389"}],"wp:attachment":[{"href":"https:\/\/manskin.ethos-dev.ch\/fr\/wp-json\/wp\/v2\/media?parent=60389"}],"wp:term":[{"taxonomy":"pwb-brand","embeddable":true,"href":"https:\/\/manskin.ethos-dev.ch\/fr\/wp-json\/wp\/v2\/pwb-brand?post=60389"},{"taxonomy":"product_brand","embeddable":true,"href":"https:\/\/manskin.ethos-dev.ch\/fr\/wp-json\/wp\/v2\/product_brand?post=60389"},{"taxonomy":"product_cat","embeddable":true,"href":"https:\/\/manskin.ethos-dev.ch\/fr\/wp-json\/wp\/v2\/product_cat?post=60389"},{"taxonomy":"product_tag","embeddable":true,"href":"https:\/\/manskin.ethos-dev.ch\/fr\/wp-json\/wp\/v2\/product_tag?post=60389"}],"curies":[{"name":"wp","href":"https:\/\/api.w.org\/{rel}","templated":true}]}}