{"id":60553,"date":"2022-01-08T12:23:01","date_gmt":"2022-01-08T11:23:01","guid":{"rendered":"https:\/\/manskin.ethos-dev.ch\/produkt\/set-rytmo-blaireau-creme-a-raser\/"},"modified":"2025-01-20T08:47:21","modified_gmt":"2025-01-20T07:47:21","slug":"set-rytmo-blaireau-creme-a-raser","status":"publish","type":"product","link":"https:\/\/manskin.ethos-dev.ch\/fr\/produkt\/set-rytmo-blaireau-creme-a-raser\/","title":{"rendered":"M\u00dcHLE &#8211; Set Rytmo Blaireau &amp; Cr\u00e8me \u00e0 raser"},"content":{"rendered":"<h2>M\u00dcHLE &#8211; Starter Kit Rytmo blaireau &#038; cr\u00e8me \u00e0 raser aloe vera<\/h2>\n<ul>\n<li>Le starter kit pour le rasage humide contient un blaireau RYTMO avec Black Fibre, fibres synth\u00e9tiques, et un tube de cr\u00e8me \u00e0 raser \u00e0 l&#8217;aloe vera.<\/li>\n<\/ul>\n<p><span style=\"color: #ff9900;\"><strong>La t\u00eate de blaireau &#8211; Black Fibre<\/strong><\/span><\/p>\n<ul>\n<li>Cette qualit\u00e9 purement v\u00e9g\u00e9talienne de M\u00dcHLE a \u00e9t\u00e9 sp\u00e9cialement d\u00e9velopp\u00e9e pour le rasage humide.<\/li>\n<li>La coloration fonc\u00e9e et la douceur des fibres synth\u00e9tiques ressemblent beaucoup au mat\u00e9riel naturel de la qualit\u00e9 pur poil de blaireau, elles sont en plus un peu plus douces aux pointes.<\/li>\n<li>Les fibres synth\u00e9tiques ont \u00e9galement de bonnes propri\u00e9t\u00e9s d&#8217;utilisation. Les fibres sont plus robustes et plus durables que le poil de blaireau.<\/li>\n<\/ul>\n<p>Application: humidifier la zone de rasage &#8211; visage et cou &#8211; avec de l&#8217;eau chaude. \u00c0 l&#8217;aide du blaireau, appliquer une petite quantit\u00e9 de cr\u00e8me \u00e0 raser sur le visage en effectuant des mouvements circulaires. Laisser ensuite agir 1 \u00e0 2 minutes. Raser maintenant la barbe sans trop appuyer avec une lame tranchante. L&#8217;endroit o\u00f9 l&#8217;on commence et la question de savoir si l&#8217;on rase \u00e0 contre-Rytm d\u00e9pendent de chacun et, en fin de compte, de l&#8217;exp\u00e9rience. Rincer ensuite soigneusement la peau \u00e0 l&#8217;eau fra\u00eeche.<\/p>\n","protected":false},"excerpt":{"rendered":"<p>M\u00dcHLE &#8211; Starter Kit Rytmo blaireau &#038; cr\u00e8me \u00e0 raser aloe vera Le starter kit pour le rasage humide contient un blaireau RYTMO avec Black Fibre, fibres synth\u00e9tiques, et un tube de cr\u00e8me \u00e0 raser \u00e0 l&#8217;aloe vera. La t\u00eate de blaireau &#8211; Black Fibre Cette qualit\u00e9 purement v\u00e9g\u00e9talienne de M\u00dcHLE a \u00e9t\u00e9 sp\u00e9cialement d\u00e9velopp\u00e9e &#8230; <a title=\"M\u00dcHLE &#8211; Set Rytmo Blaireau &amp; Cr\u00e8me \u00e0 raser\" class=\"read-more\" href=\"https:\/\/manskin.ethos-dev.ch\/fr\/produkt\/set-rytmo-blaireau-creme-a-raser\/\" aria-label=\"En savoir plus sur M\u00dcHLE &#8211; Set Rytmo Blaireau &amp; Cr\u00e8me \u00e0 raser\">Lire la suite<\/a><\/p>\n","protected":false},"featured_media":0,"comment_status":"closed","ping_status":"closed","template":"","meta":{"_acf_changed":false},"pwb-brand":[2769],"product_brand":[],"product_cat":[2326,2412,2311,2424,2425],"product_tag":[],"class_list":{"0":"post-60553","1":"product","2":"type-product","3":"status-publish","5":"pwb-brand-muehle","6":"product_cat-cadeaux","7":"product_cat-muehle-fr","8":"product_cat-creme-a-raser","9":"product_cat-sets-de-rasage","10":"product_cat-blaireau-new","11":"product_shipping_class-standard-fr","12":"pa_hersteller-muehle-fr-2","13":"sales-flash-overlay","14":"woocommerce-text-align-center","15":"woocommerce-image-align-center","16":"do-quantity-buttons","17":"has-subscription-plans","19":"first","20":"instock","21":"purchasable","22":"product-type-simple"},"acf":[],"yoast_head":"<!-- This site is optimized with the Yoast SEO Premium plugin v24.8 (Yoast SEO v25.4) - https:\/\/yoast.com\/wordpress\/plugins\/seo\/ -->\n<title>M\u00dcHLE - Set Rytmo Blaireau &amp; Cr\u00e8me \u00e0 raser | Manskin.ch<\/title>\n<meta name=\"description\" content=\"M\u00dcHLE - Set Rytmo Blaireau &amp; Cr\u00e8me \u00e0 raser\" \/>\n<meta name=\"robots\" content=\"noindex, follow, max-snippet:-1, max-image-preview:large, max-video-preview:-1\" \/>\n<meta property=\"og:locale\" content=\"fr_FR\" \/>\n<meta property=\"og:type\" content=\"article\" \/>\n<meta property=\"og:title\" content=\"M\u00dcHLE - Set Rytmo Blaireau &amp; Cr\u00e8me \u00e0 raser\" \/>\n<meta property=\"og:description\" content=\"M\u00dcHLE - Set Rytmo Blaireau &amp; Cr\u00e8me \u00e0 raser\" \/>\n<meta property=\"og:url\" content=\"https:\/\/manskin.ethos-dev.ch\/fr\/produkt\/set-rytmo-blaireau-creme-a-raser\/\" \/>\n<meta property=\"og:site_name\" content=\"Manskin.ch\" \/>\n<meta property=\"article:publisher\" content=\"https:\/\/www.facebook.com\/manskin.ch\" \/>\n<meta property=\"article:modified_time\" content=\"2025-01-20T07:47:21+00:00\" \/>\n<meta property=\"og:image\" content=\"https:\/\/manskin.ethos-dev.ch\/wp-content\/uploads\/2022\/01\/mu\u0308hle_aloeset.jpg\" \/>\n\t<meta property=\"og:image:width\" content=\"800\" \/>\n\t<meta property=\"og:image:height\" content=\"800\" \/>\n\t<meta property=\"og:image:type\" content=\"image\/jpeg\" \/>\n<meta name=\"twitter:card\" content=\"summary_large_image\" \/>\n<meta name=\"twitter:label1\" content=\"Prix\" \/>\n\t<meta name=\"twitter:data1\" content=\"48.50&#067;&#072;&#070;\" \/>\n\t<meta name=\"twitter:label2\" content=\"Disponibilit\u00e9\" \/>\n\t<meta name=\"twitter:data2\" content=\"En stock\" \/>\n<script type=\"application\/ld+json\" class=\"yoast-schema-graph\">{\"@context\":\"https:\/\/schema.org\",\"@graph\":[{\"@type\":\"WebPage\",\"@id\":\"https:\/\/manskin.ethos-dev.ch\/fr\/produkt\/set-rytmo-blaireau-creme-a-raser\/\",\"url\":\"https:\/\/manskin.ethos-dev.ch\/fr\/produkt\/set-rytmo-blaireau-creme-a-raser\/\",\"name\":\"M\u00dcHLE - Set Rytmo Blaireau &amp; Cr\u00e8me \u00e0 raser | Manskin.ch\",\"isPartOf\":{\"@id\":\"https:\/\/manskin.ethos-dev.ch\/#website\"},\"datePublished\":\"2022-01-08T11:23:01+00:00\",\"dateModified\":\"2025-01-20T07:47:21+00:00\",\"description\":\"M\u00dcHLE - Set Rytmo Blaireau &amp; Cr\u00e8me \u00e0 raser\",\"breadcrumb\":{\"@id\":\"https:\/\/manskin.ethos-dev.ch\/fr\/produkt\/set-rytmo-blaireau-creme-a-raser\/#breadcrumb\"},\"inLanguage\":\"fr-FR\",\"potentialAction\":[{\"@type\":\"ReadAction\",\"target\":[\"https:\/\/manskin.ethos-dev.ch\/fr\/produkt\/set-rytmo-blaireau-creme-a-raser\/\"]}]},{\"@type\":\"BreadcrumbList\",\"@id\":\"https:\/\/manskin.ethos-dev.ch\/fr\/produkt\/set-rytmo-blaireau-creme-a-raser\/#breadcrumb\",\"itemListElement\":[{\"@type\":\"ListItem\",\"position\":1,\"name\":\"Startseite\",\"item\":\"https:\/\/manskin.ethos-dev.ch\/fr\/\"},{\"@type\":\"ListItem\",\"position\":2,\"name\":\"Shop\",\"item\":\"https:\/\/manskin.ethos-dev.ch\/shop\/\"},{\"@type\":\"ListItem\",\"position\":3,\"name\":\"M\u00dcHLE &#8211; Set Rytmo Blaireau &amp; Cr\u00e8me \u00e0 raser\"}]},{\"@type\":\"WebSite\",\"@id\":\"https:\/\/manskin.ethos-dev.ch\/#website\",\"url\":\"https:\/\/manskin.ethos-dev.ch\/\",\"name\":\"Manskin.ch\",\"description\":\"Tous les produits de beaut\u00e9 pour les hommes les plus exigeants\",\"publisher\":{\"@id\":\"https:\/\/manskin.ethos-dev.ch\/#organization\"},\"potentialAction\":[{\"@type\":\"SearchAction\",\"target\":{\"@type\":\"EntryPoint\",\"urlTemplate\":\"https:\/\/manskin.ethos-dev.ch\/?s={search_term_string}\"},\"query-input\":{\"@type\":\"PropertyValueSpecification\",\"valueRequired\":true,\"valueName\":\"search_term_string\"}}],\"inLanguage\":\"fr-FR\"},{\"@type\":\"Organization\",\"@id\":\"https:\/\/manskin.ethos-dev.ch\/#organization\",\"name\":\"Manskin.ch - der Schweizer Onlineshop f\u00fcr qualit\u00e4tsstarke M\u00e4nnerpflege\",\"url\":\"https:\/\/manskin.ethos-dev.ch\/\",\"logo\":{\"@type\":\"ImageObject\",\"inLanguage\":\"fr-FR\",\"@id\":\"https:\/\/manskin.ethos-dev.ch\/#\/schema\/logo\/image\/\",\"url\":\"https:\/\/manskin.ethos-dev.ch\/wp-content\/uploads\/2021\/04\/cropped-logo_head.png\",\"contentUrl\":\"https:\/\/manskin.ethos-dev.ch\/wp-content\/uploads\/2021\/04\/cropped-logo_head.png\",\"width\":235,\"height\":75,\"caption\":\"Manskin.ch - der Schweizer Onlineshop f\u00fcr qualit\u00e4tsstarke M\u00e4nnerpflege\"},\"image\":{\"@id\":\"https:\/\/manskin.ethos-dev.ch\/#\/schema\/logo\/image\/\"},\"sameAs\":[\"https:\/\/www.facebook.com\/manskin.ch\",\"https:\/\/www.instagram.com\/manskin.ch\/\"]}]}<\/script>\n<meta property=\"product:price:amount\" content=\"48.50\" \/>\n<meta property=\"product:price:currency\" content=\"CHF\" \/>\n<meta property=\"og:availability\" content=\"instock\" \/>\n<meta property=\"product:availability\" content=\"instock\" \/>\n<meta property=\"product:retailer_item_id\" content=\"12459\" \/>\n<meta property=\"product:condition\" content=\"new\" \/>\n<!-- \/ Yoast SEO Premium plugin. -->","yoast_head_json":{"title":"M\u00dcHLE - Set Rytmo Blaireau &amp; Cr\u00e8me \u00e0 raser | Manskin.ch","description":"M\u00dcHLE - Set Rytmo Blaireau &amp; Cr\u00e8me \u00e0 raser","robots":{"index":"noindex","follow":"follow","max-snippet":"max-snippet:-1","max-image-preview":"max-image-preview:large","max-video-preview":"max-video-preview:-1"},"og_locale":"fr_FR","og_type":"article","og_title":"M\u00dcHLE - Set Rytmo Blaireau &amp; Cr\u00e8me \u00e0 raser","og_description":"M\u00dcHLE - Set Rytmo Blaireau &amp; Cr\u00e8me \u00e0 raser","og_url":"https:\/\/manskin.ethos-dev.ch\/fr\/produkt\/set-rytmo-blaireau-creme-a-raser\/","og_site_name":"Manskin.ch","article_publisher":"https:\/\/www.facebook.com\/manskin.ch","article_modified_time":"2025-01-20T07:47:21+00:00","og_image":[{"width":800,"height":800,"url":"https:\/\/manskin.ethos-dev.ch\/wp-content\/uploads\/2022\/01\/mu\u0308hle_aloeset.jpg","type":"image\/jpeg"}],"twitter_card":"summary_large_image","twitter_misc":{"Prix":"48.50&#67;&#72;&#70;","Disponibilit\u00e9":"En stock"},"schema":{"@context":"https:\/\/schema.org","@graph":[{"@type":"WebPage","@id":"https:\/\/manskin.ethos-dev.ch\/fr\/produkt\/set-rytmo-blaireau-creme-a-raser\/","url":"https:\/\/manskin.ethos-dev.ch\/fr\/produkt\/set-rytmo-blaireau-creme-a-raser\/","name":"M\u00dcHLE - Set Rytmo Blaireau &amp; Cr\u00e8me \u00e0 raser | Manskin.ch","isPartOf":{"@id":"https:\/\/manskin.ethos-dev.ch\/#website"},"datePublished":"2022-01-08T11:23:01+00:00","dateModified":"2025-01-20T07:47:21+00:00","description":"M\u00dcHLE - Set Rytmo Blaireau &amp; Cr\u00e8me \u00e0 raser","breadcrumb":{"@id":"https:\/\/manskin.ethos-dev.ch\/fr\/produkt\/set-rytmo-blaireau-creme-a-raser\/#breadcrumb"},"inLanguage":"fr-FR","potentialAction":[{"@type":"ReadAction","target":["https:\/\/manskin.ethos-dev.ch\/fr\/produkt\/set-rytmo-blaireau-creme-a-raser\/"]}]},{"@type":"BreadcrumbList","@id":"https:\/\/manskin.ethos-dev.ch\/fr\/produkt\/set-rytmo-blaireau-creme-a-raser\/#breadcrumb","itemListElement":[{"@type":"ListItem","position":1,"name":"Startseite","item":"https:\/\/manskin.ethos-dev.ch\/fr\/"},{"@type":"ListItem","position":2,"name":"Shop","item":"https:\/\/manskin.ethos-dev.ch\/shop\/"},{"@type":"ListItem","position":3,"name":"M\u00dcHLE &#8211; Set Rytmo Blaireau &amp; Cr\u00e8me \u00e0 raser"}]},{"@type":"WebSite","@id":"https:\/\/manskin.ethos-dev.ch\/#website","url":"https:\/\/manskin.ethos-dev.ch\/","name":"Manskin.ch","description":"Tous les produits de beaut\u00e9 pour les hommes les plus exigeants","publisher":{"@id":"https:\/\/manskin.ethos-dev.ch\/#organization"},"potentialAction":[{"@type":"SearchAction","target":{"@type":"EntryPoint","urlTemplate":"https:\/\/manskin.ethos-dev.ch\/?s={search_term_string}"},"query-input":{"@type":"PropertyValueSpecification","valueRequired":true,"valueName":"search_term_string"}}],"inLanguage":"fr-FR"},{"@type":"Organization","@id":"https:\/\/manskin.ethos-dev.ch\/#organization","name":"Manskin.ch - der Schweizer Onlineshop f\u00fcr qualit\u00e4tsstarke M\u00e4nnerpflege","url":"https:\/\/manskin.ethos-dev.ch\/","logo":{"@type":"ImageObject","inLanguage":"fr-FR","@id":"https:\/\/manskin.ethos-dev.ch\/#\/schema\/logo\/image\/","url":"https:\/\/manskin.ethos-dev.ch\/wp-content\/uploads\/2021\/04\/cropped-logo_head.png","contentUrl":"https:\/\/manskin.ethos-dev.ch\/wp-content\/uploads\/2021\/04\/cropped-logo_head.png","width":235,"height":75,"caption":"Manskin.ch - der Schweizer Onlineshop f\u00fcr qualit\u00e4tsstarke M\u00e4nnerpflege"},"image":{"@id":"https:\/\/manskin.ethos-dev.ch\/#\/schema\/logo\/image\/"},"sameAs":["https:\/\/www.facebook.com\/manskin.ch","https:\/\/www.instagram.com\/manskin.ch\/"]}]},"product_price_amount":"48.50","product_price_currency":"CHF","og_availability":"instock","product_availability":"instock","product_retailer_item_id":"12459","product_condition":"new"},"brands":[{"id":2769,"name":"M\u00dcHLE","slug":"muehle"}],"_links":{"self":[{"href":"https:\/\/manskin.ethos-dev.ch\/fr\/wp-json\/wp\/v2\/product\/60553","targetHints":{"allow":["GET"]}}],"collection":[{"href":"https:\/\/manskin.ethos-dev.ch\/fr\/wp-json\/wp\/v2\/product"}],"about":[{"href":"https:\/\/manskin.ethos-dev.ch\/fr\/wp-json\/wp\/v2\/types\/product"}],"replies":[{"embeddable":true,"href":"https:\/\/manskin.ethos-dev.ch\/fr\/wp-json\/wp\/v2\/comments?post=60553"}],"wp:attachment":[{"href":"https:\/\/manskin.ethos-dev.ch\/fr\/wp-json\/wp\/v2\/media?parent=60553"}],"wp:term":[{"taxonomy":"pwb-brand","embeddable":true,"href":"https:\/\/manskin.ethos-dev.ch\/fr\/wp-json\/wp\/v2\/pwb-brand?post=60553"},{"taxonomy":"product_brand","embeddable":true,"href":"https:\/\/manskin.ethos-dev.ch\/fr\/wp-json\/wp\/v2\/product_brand?post=60553"},{"taxonomy":"product_cat","embeddable":true,"href":"https:\/\/manskin.ethos-dev.ch\/fr\/wp-json\/wp\/v2\/product_cat?post=60553"},{"taxonomy":"product_tag","embeddable":true,"href":"https:\/\/manskin.ethos-dev.ch\/fr\/wp-json\/wp\/v2\/product_tag?post=60553"}],"curies":[{"name":"wp","href":"https:\/\/api.w.org\/{rel}","templated":true}]}}