{"id":60602,"date":"2024-09-08T10:27:43","date_gmt":"2024-09-08T08:27:43","guid":{"rendered":"https:\/\/manskin.ethos-dev.ch\/produkt\/set-rocca-pinceau-silvertip-fibre-rasoir\/"},"modified":"2025-04-05T11:11:19","modified_gmt":"2025-04-05T09:11:19","slug":"set-kosmo-chene-des-marais","status":"publish","type":"product","link":"https:\/\/manskin.ethos-dev.ch\/fr\/produkt\/set-kosmo-chene-des-marais\/","title":{"rendered":"M\u00dcHLE &#8211; Set de rasage KOSMO en ch\u00eane des marais"},"content":{"rendered":"<h2>M&Uuml;HLE &#8211; Set de rasage KOSMO poign&eacute;es en ch&ecirc;ne des marais<\/h2>\n<p>Set de rasage 3 pi&egrave;ces sans bols, manches en ch&ecirc;ne des marais avec accents en m&eacute;tal chrom&eacute;:<\/p>\n<ul>\n<li>Blaireau en poils de blaireau fins<\/li>\n<li>Rasoir &agrave; lame classique<\/li>\n<li>Support en m&eacute;tal chrom&eacute;<\/li>\n<\/ul>\n<h3><span style=\"color: rgb(243, 156, 18);\">Le mat&eacute;riau &#8211; le ch&ecirc;ne des Marais<\/span><\/h3>\n<ul>\n<li>Ce mat&eacute;riau rare n&#39;est pas une esp&egrave;ce de bois en soi, mais est issu du bois de ch&ecirc;ne qui s&#39;est enfonc&eacute; dans les marais il y a plusieurs si&egrave;cles et a subi divers processus de transformation. Le bois est ainsi conserv&eacute; de mani&egrave;re naturelle et durable.<\/li>\n<li>Sous l&#39;influence des tanins pr&eacute;sents dans la tourbi&egrave;re, une coloration sombre et expressive appara&icirc;t. Les troncs que l&#39;on ne trouve plus que tr&egrave;s rarement font de ce mat&eacute;riau une v&eacute;ritable raret&eacute;. Dans leur coloration, les bois varient entre le brun, le brun fonc&eacute; et le brun noir.<\/li>\n<\/ul>\n<h3><span style=\"color: rgb(243, 156, 18);\">La t&ecirc;te du pinceau &#8211; Poil de blaireau fin<\/span><\/h3>\n<ul>\n<li>Le poil de blaireau fin est plus doux que le poil de blaireau pur, mais un peu plus ferme que le poil de blaireau &agrave; pointe d&#39;argent. Le jeu de couleurs est gris clair et laisse appara&icirc;tre la bande sombre (miroir) typique des hautes qualit&eacute;s de poils de blaireau.<\/li>\n<li>Ce mat&eacute;riau de poil naturel convient parfaitement aux rasoirs humides qui appr&eacute;cient la douceur du poil de blaireau et souhaitent obtenir un certain effet de massage.<\/li>\n<\/ul>\n<h3><span style=\"color: rgb(243, 156, 18);\">Le rasoir de&nbsp;<font face=\"AppleSystemUIFont\"><font size=\"4\"><font face=\"AppleSystemUIFont\"><font size=\"4\">s&ucirc;ret&eacute;<\/font><\/font><\/font><\/font>&nbsp;&#8211; lame de rasoir classique<\/span><\/h3>\n<ul>\n<li>Depuis des g&eacute;n&eacute;rations,&nbsp;&nbsp;le rasoir de&nbsp;<font face=\"AppleSystemUIFont\"><font size=\"4\"><font face=\"AppleSystemUIFont\"><font size=\"4\">s&ucirc;ret&eacute;<\/font><\/font><\/font><\/font> est consid&eacute;r&eacute; comme un classique &eacute;l&eacute;gant qui permet de raser m&ecirc;me les contours avec pr&eacute;cision. Pour beaucoup, il est le rasoir par excellence.<\/li>\n<li>M&ecirc;me si la lame ouverte demande d&#39;abord un peu de respect : apr&egrave;s un court temps d&#39;adaptation, guid&eacute; d&#39;une main calme, celui-ci permet un rasage tr&egrave;s pr&eacute;cis dont le r&eacute;sultat dure longtemps.<\/li>\n<li>Contrairement aux syst&egrave;mes de lames modernes, la t&ecirc;te du rasoir est immobile. Les lames se changent en d&eacute;vissant le couvercle.<\/li>\n<\/ul>\n","protected":false},"excerpt":{"rendered":"<p>M&Uuml;HLE &#8211; Set de rasage KOSMO poign&eacute;es en ch&ecirc;ne des marais Set de rasage 3 pi&egrave;ces sans bols, manches en ch&ecirc;ne des marais avec accents en m&eacute;tal chrom&eacute;: Blaireau en poils de blaireau fins Rasoir &agrave; lame classique Support en m&eacute;tal chrom&eacute; Le mat&eacute;riau &#8211; le ch&ecirc;ne des Marais Ce mat&eacute;riau rare n&#39;est pas une &#8230; <a title=\"M\u00dcHLE &#8211; Set de rasage KOSMO en ch\u00eane des marais\" class=\"read-more\" href=\"https:\/\/manskin.ethos-dev.ch\/fr\/produkt\/set-kosmo-chene-des-marais\/\" aria-label=\"En savoir plus sur M\u00dcHLE &#8211; Set de rasage KOSMO en ch\u00eane des marais\">Lire la suite<\/a><\/p>\n","protected":false},"featured_media":60606,"comment_status":"closed","ping_status":"closed","template":"","meta":{"_acf_changed":false},"pwb-brand":[2769],"product_brand":[],"product_cat":[2412,2422,2425],"product_tag":[],"class_list":{"0":"post-60602","1":"product","2":"type-product","3":"status-publish","4":"has-post-thumbnail","6":"pwb-brand-muehle","7":"product_cat-muehle-fr","8":"product_cat-rasoir-de-suretee","9":"product_cat-blaireau-new","10":"product_shipping_class-standard-fr","11":"sales-flash-overlay","12":"woocommerce-text-align-center","13":"woocommerce-image-align-center","14":"do-quantity-buttons","15":"has-subscription-plans","17":"first","18":"instock","19":"taxable","20":"shipping-taxable","21":"purchasable","22":"product-type-simple"},"acf":[],"yoast_head":"<!-- This site is optimized with the Yoast SEO Premium plugin v24.8 (Yoast SEO v25.4) - https:\/\/yoast.com\/wordpress\/plugins\/seo\/ -->\n<title>M\u00fchle Kosmo Set Blaireau &amp; Rasoir en ch\u00eane des marais | Manskin.ch<\/title>\n<meta name=\"description\" content=\"Un rasage parfait avec le set de rasage Kosmo de M\u00fchle ! Des poils de blaireau fins et un sabot de rasage classique pour une exp\u00e9rience ultime. D\u00e9couvrez-le maintenant !\" \/>\n<meta name=\"robots\" content=\"noindex, follow, max-snippet:-1, max-image-preview:large, max-video-preview:-1\" \/>\n<meta property=\"og:locale\" content=\"fr_FR\" \/>\n<meta property=\"og:type\" content=\"article\" \/>\n<meta property=\"og:title\" content=\"M\u00dcHLE - Set de rasage KOSMO en ch\u00eane des marais\" \/>\n<meta property=\"og:description\" content=\"Un rasage parfait avec le set de rasage Kosmo de M\u00fchle ! Des poils de blaireau fins et un sabot de rasage classique pour une exp\u00e9rience ultime. D\u00e9couvrez-le maintenant !\" \/>\n<meta property=\"og:url\" content=\"https:\/\/manskin.ethos-dev.ch\/fr\/produkt\/set-kosmo-chene-des-marais\/\" \/>\n<meta property=\"og:site_name\" content=\"Manskin.ch\" \/>\n<meta property=\"article:publisher\" content=\"https:\/\/www.facebook.com\/manskin.ch\" \/>\n<meta property=\"article:modified_time\" content=\"2025-04-05T09:11:19+00:00\" \/>\n<meta property=\"og:image\" content=\"https:\/\/manskin.ethos-dev.ch\/wp-content\/uploads\/2024\/09\/kosmo_rasierset.jpg\" \/>\n\t<meta property=\"og:image:width\" content=\"800\" \/>\n\t<meta property=\"og:image:height\" content=\"800\" \/>\n\t<meta property=\"og:image:type\" content=\"image\/jpeg\" \/>\n<meta name=\"twitter:card\" content=\"summary_large_image\" \/>\n<meta name=\"twitter:label1\" content=\"Prix\" \/>\n\t<meta name=\"twitter:data1\" content=\"198.00&#067;&#072;&#070;\" \/>\n\t<meta name=\"twitter:label2\" content=\"Disponibilit\u00e9\" \/>\n\t<meta name=\"twitter:data2\" content=\"En stock\" \/>\n<script type=\"application\/ld+json\" class=\"yoast-schema-graph\">{\"@context\":\"https:\/\/schema.org\",\"@graph\":[{\"@type\":\"WebPage\",\"@id\":\"https:\/\/manskin.ethos-dev.ch\/fr\/produkt\/set-kosmo-chene-des-marais\/\",\"url\":\"https:\/\/manskin.ethos-dev.ch\/fr\/produkt\/set-kosmo-chene-des-marais\/\",\"name\":\"M\u00fchle Kosmo Set Blaireau & Rasoir en ch\u00eane des marais | Manskin.ch\",\"isPartOf\":{\"@id\":\"https:\/\/manskin.ethos-dev.ch\/#website\"},\"primaryImageOfPage\":{\"@id\":\"https:\/\/manskin.ethos-dev.ch\/fr\/produkt\/set-kosmo-chene-des-marais\/#primaryimage\"},\"image\":{\"@id\":\"https:\/\/manskin.ethos-dev.ch\/fr\/produkt\/set-kosmo-chene-des-marais\/#primaryimage\"},\"thumbnailUrl\":\"https:\/\/manskin.ethos-dev.ch\/wp-content\/uploads\/2024\/09\/kosmo_rasierset.jpg\",\"datePublished\":\"2024-09-08T08:27:43+00:00\",\"dateModified\":\"2025-04-05T09:11:19+00:00\",\"description\":\"Un rasage parfait avec le set de rasage Kosmo de M\u00fchle ! Des poils de blaireau fins et un sabot de rasage classique pour une exp\u00e9rience ultime. D\u00e9couvrez-le maintenant !\",\"breadcrumb\":{\"@id\":\"https:\/\/manskin.ethos-dev.ch\/fr\/produkt\/set-kosmo-chene-des-marais\/#breadcrumb\"},\"inLanguage\":\"fr-FR\",\"potentialAction\":[{\"@type\":\"ReadAction\",\"target\":[\"https:\/\/manskin.ethos-dev.ch\/fr\/produkt\/set-kosmo-chene-des-marais\/\"]}]},{\"@type\":\"ImageObject\",\"inLanguage\":\"fr-FR\",\"@id\":\"https:\/\/manskin.ethos-dev.ch\/fr\/produkt\/set-kosmo-chene-des-marais\/#primaryimage\",\"url\":\"https:\/\/manskin.ethos-dev.ch\/wp-content\/uploads\/2024\/09\/kosmo_rasierset.jpg\",\"contentUrl\":\"https:\/\/manskin.ethos-dev.ch\/wp-content\/uploads\/2024\/09\/kosmo_rasierset.jpg\",\"width\":800,\"height\":800},{\"@type\":\"BreadcrumbList\",\"@id\":\"https:\/\/manskin.ethos-dev.ch\/fr\/produkt\/set-kosmo-chene-des-marais\/#breadcrumb\",\"itemListElement\":[{\"@type\":\"ListItem\",\"position\":1,\"name\":\"Startseite\",\"item\":\"https:\/\/manskin.ethos-dev.ch\/fr\/\"},{\"@type\":\"ListItem\",\"position\":2,\"name\":\"Shop\",\"item\":\"https:\/\/manskin.ethos-dev.ch\/shop\/\"},{\"@type\":\"ListItem\",\"position\":3,\"name\":\"M\u00dcHLE &#8211; Set de rasage KOSMO en ch\u00eane des marais\"}]},{\"@type\":\"WebSite\",\"@id\":\"https:\/\/manskin.ethos-dev.ch\/#website\",\"url\":\"https:\/\/manskin.ethos-dev.ch\/\",\"name\":\"Manskin.ch\",\"description\":\"Tous les produits de beaut\u00e9 pour les hommes les plus exigeants\",\"publisher\":{\"@id\":\"https:\/\/manskin.ethos-dev.ch\/#organization\"},\"potentialAction\":[{\"@type\":\"SearchAction\",\"target\":{\"@type\":\"EntryPoint\",\"urlTemplate\":\"https:\/\/manskin.ethos-dev.ch\/?s={search_term_string}\"},\"query-input\":{\"@type\":\"PropertyValueSpecification\",\"valueRequired\":true,\"valueName\":\"search_term_string\"}}],\"inLanguage\":\"fr-FR\"},{\"@type\":\"Organization\",\"@id\":\"https:\/\/manskin.ethos-dev.ch\/#organization\",\"name\":\"Manskin.ch - der Schweizer Onlineshop f\u00fcr qualit\u00e4tsstarke M\u00e4nnerpflege\",\"url\":\"https:\/\/manskin.ethos-dev.ch\/\",\"logo\":{\"@type\":\"ImageObject\",\"inLanguage\":\"fr-FR\",\"@id\":\"https:\/\/manskin.ethos-dev.ch\/#\/schema\/logo\/image\/\",\"url\":\"https:\/\/manskin.ethos-dev.ch\/wp-content\/uploads\/2021\/04\/cropped-logo_head.png\",\"contentUrl\":\"https:\/\/manskin.ethos-dev.ch\/wp-content\/uploads\/2021\/04\/cropped-logo_head.png\",\"width\":235,\"height\":75,\"caption\":\"Manskin.ch - der Schweizer Onlineshop f\u00fcr qualit\u00e4tsstarke M\u00e4nnerpflege\"},\"image\":{\"@id\":\"https:\/\/manskin.ethos-dev.ch\/#\/schema\/logo\/image\/\"},\"sameAs\":[\"https:\/\/www.facebook.com\/manskin.ch\",\"https:\/\/www.instagram.com\/manskin.ch\/\"]}]}<\/script>\n<meta property=\"product:price:amount\" content=\"198.00\" \/>\n<meta property=\"product:price:currency\" content=\"CHF\" \/>\n<meta property=\"og:availability\" content=\"instock\" \/>\n<meta property=\"product:availability\" content=\"instock\" \/>\n<meta property=\"product:retailer_item_id\" content=\"14150\" \/>\n<meta property=\"product:condition\" content=\"new\" \/>\n<!-- \/ Yoast SEO Premium plugin. -->","yoast_head_json":{"title":"M\u00fchle Kosmo Set Blaireau & Rasoir en ch\u00eane des marais | Manskin.ch","description":"Un rasage parfait avec le set de rasage Kosmo de M\u00fchle ! Des poils de blaireau fins et un sabot de rasage classique pour une exp\u00e9rience ultime. D\u00e9couvrez-le maintenant !","robots":{"index":"noindex","follow":"follow","max-snippet":"max-snippet:-1","max-image-preview":"max-image-preview:large","max-video-preview":"max-video-preview:-1"},"og_locale":"fr_FR","og_type":"article","og_title":"M\u00dcHLE - Set de rasage KOSMO en ch\u00eane des marais","og_description":"Un rasage parfait avec le set de rasage Kosmo de M\u00fchle ! Des poils de blaireau fins et un sabot de rasage classique pour une exp\u00e9rience ultime. D\u00e9couvrez-le maintenant !","og_url":"https:\/\/manskin.ethos-dev.ch\/fr\/produkt\/set-kosmo-chene-des-marais\/","og_site_name":"Manskin.ch","article_publisher":"https:\/\/www.facebook.com\/manskin.ch","article_modified_time":"2025-04-05T09:11:19+00:00","og_image":[{"width":800,"height":800,"url":"https:\/\/manskin.ethos-dev.ch\/wp-content\/uploads\/2024\/09\/kosmo_rasierset.jpg","type":"image\/jpeg"}],"twitter_card":"summary_large_image","twitter_misc":{"Prix":"198.00&#67;&#72;&#70;","Disponibilit\u00e9":"En stock"},"schema":{"@context":"https:\/\/schema.org","@graph":[{"@type":"WebPage","@id":"https:\/\/manskin.ethos-dev.ch\/fr\/produkt\/set-kosmo-chene-des-marais\/","url":"https:\/\/manskin.ethos-dev.ch\/fr\/produkt\/set-kosmo-chene-des-marais\/","name":"M\u00fchle Kosmo Set Blaireau & Rasoir en ch\u00eane des marais | Manskin.ch","isPartOf":{"@id":"https:\/\/manskin.ethos-dev.ch\/#website"},"primaryImageOfPage":{"@id":"https:\/\/manskin.ethos-dev.ch\/fr\/produkt\/set-kosmo-chene-des-marais\/#primaryimage"},"image":{"@id":"https:\/\/manskin.ethos-dev.ch\/fr\/produkt\/set-kosmo-chene-des-marais\/#primaryimage"},"thumbnailUrl":"https:\/\/manskin.ethos-dev.ch\/wp-content\/uploads\/2024\/09\/kosmo_rasierset.jpg","datePublished":"2024-09-08T08:27:43+00:00","dateModified":"2025-04-05T09:11:19+00:00","description":"Un rasage parfait avec le set de rasage Kosmo de M\u00fchle ! Des poils de blaireau fins et un sabot de rasage classique pour une exp\u00e9rience ultime. D\u00e9couvrez-le maintenant !","breadcrumb":{"@id":"https:\/\/manskin.ethos-dev.ch\/fr\/produkt\/set-kosmo-chene-des-marais\/#breadcrumb"},"inLanguage":"fr-FR","potentialAction":[{"@type":"ReadAction","target":["https:\/\/manskin.ethos-dev.ch\/fr\/produkt\/set-kosmo-chene-des-marais\/"]}]},{"@type":"ImageObject","inLanguage":"fr-FR","@id":"https:\/\/manskin.ethos-dev.ch\/fr\/produkt\/set-kosmo-chene-des-marais\/#primaryimage","url":"https:\/\/manskin.ethos-dev.ch\/wp-content\/uploads\/2024\/09\/kosmo_rasierset.jpg","contentUrl":"https:\/\/manskin.ethos-dev.ch\/wp-content\/uploads\/2024\/09\/kosmo_rasierset.jpg","width":800,"height":800},{"@type":"BreadcrumbList","@id":"https:\/\/manskin.ethos-dev.ch\/fr\/produkt\/set-kosmo-chene-des-marais\/#breadcrumb","itemListElement":[{"@type":"ListItem","position":1,"name":"Startseite","item":"https:\/\/manskin.ethos-dev.ch\/fr\/"},{"@type":"ListItem","position":2,"name":"Shop","item":"https:\/\/manskin.ethos-dev.ch\/shop\/"},{"@type":"ListItem","position":3,"name":"M\u00dcHLE &#8211; Set de rasage KOSMO en ch\u00eane des marais"}]},{"@type":"WebSite","@id":"https:\/\/manskin.ethos-dev.ch\/#website","url":"https:\/\/manskin.ethos-dev.ch\/","name":"Manskin.ch","description":"Tous les produits de beaut\u00e9 pour les hommes les plus exigeants","publisher":{"@id":"https:\/\/manskin.ethos-dev.ch\/#organization"},"potentialAction":[{"@type":"SearchAction","target":{"@type":"EntryPoint","urlTemplate":"https:\/\/manskin.ethos-dev.ch\/?s={search_term_string}"},"query-input":{"@type":"PropertyValueSpecification","valueRequired":true,"valueName":"search_term_string"}}],"inLanguage":"fr-FR"},{"@type":"Organization","@id":"https:\/\/manskin.ethos-dev.ch\/#organization","name":"Manskin.ch - der Schweizer Onlineshop f\u00fcr qualit\u00e4tsstarke M\u00e4nnerpflege","url":"https:\/\/manskin.ethos-dev.ch\/","logo":{"@type":"ImageObject","inLanguage":"fr-FR","@id":"https:\/\/manskin.ethos-dev.ch\/#\/schema\/logo\/image\/","url":"https:\/\/manskin.ethos-dev.ch\/wp-content\/uploads\/2021\/04\/cropped-logo_head.png","contentUrl":"https:\/\/manskin.ethos-dev.ch\/wp-content\/uploads\/2021\/04\/cropped-logo_head.png","width":235,"height":75,"caption":"Manskin.ch - der Schweizer Onlineshop f\u00fcr qualit\u00e4tsstarke M\u00e4nnerpflege"},"image":{"@id":"https:\/\/manskin.ethos-dev.ch\/#\/schema\/logo\/image\/"},"sameAs":["https:\/\/www.facebook.com\/manskin.ch","https:\/\/www.instagram.com\/manskin.ch\/"]}]},"product_price_amount":"198.00","product_price_currency":"CHF","og_availability":"instock","product_availability":"instock","product_retailer_item_id":"14150","product_condition":"new"},"brands":[{"id":2769,"name":"M\u00dcHLE","slug":"muehle"}],"_links":{"self":[{"href":"https:\/\/manskin.ethos-dev.ch\/fr\/wp-json\/wp\/v2\/product\/60602","targetHints":{"allow":["GET"]}}],"collection":[{"href":"https:\/\/manskin.ethos-dev.ch\/fr\/wp-json\/wp\/v2\/product"}],"about":[{"href":"https:\/\/manskin.ethos-dev.ch\/fr\/wp-json\/wp\/v2\/types\/product"}],"replies":[{"embeddable":true,"href":"https:\/\/manskin.ethos-dev.ch\/fr\/wp-json\/wp\/v2\/comments?post=60602"}],"wp:featuredmedia":[{"embeddable":true,"href":"https:\/\/manskin.ethos-dev.ch\/fr\/wp-json\/wp\/v2\/media\/60606"}],"wp:attachment":[{"href":"https:\/\/manskin.ethos-dev.ch\/fr\/wp-json\/wp\/v2\/media?parent=60602"}],"wp:term":[{"taxonomy":"pwb-brand","embeddable":true,"href":"https:\/\/manskin.ethos-dev.ch\/fr\/wp-json\/wp\/v2\/pwb-brand?post=60602"},{"taxonomy":"product_brand","embeddable":true,"href":"https:\/\/manskin.ethos-dev.ch\/fr\/wp-json\/wp\/v2\/product_brand?post=60602"},{"taxonomy":"product_cat","embeddable":true,"href":"https:\/\/manskin.ethos-dev.ch\/fr\/wp-json\/wp\/v2\/product_cat?post=60602"},{"taxonomy":"product_tag","embeddable":true,"href":"https:\/\/manskin.ethos-dev.ch\/fr\/wp-json\/wp\/v2\/product_tag?post=60602"}],"curies":[{"name":"wp","href":"https:\/\/api.w.org\/{rel}","templated":true}]}}