{"id":60909,"date":"2024-09-25T16:20:56","date_gmt":"2024-09-25T14:20:56","guid":{"rendered":"https:\/\/manskin.ethos-dev.ch\/produkt\/barberinos-after-shave-balm-3\/"},"modified":"2025-05-26T11:50:12","modified_gmt":"2025-05-26T09:50:12","slug":"barberinos-shampooing-pour-barbe","status":"publish","type":"product","link":"https:\/\/manskin.ethos-dev.ch\/fr\/produkt\/barberinos-shampooing-pour-barbe\/","title":{"rendered":"Barberino&#8217;s &#8211; Shampooing pour barbe"},"content":{"rendered":"<h2>Barberino&rsquo;s &#8211; After-Shave Balm &#8211; Baume Apr&egrave;s-Rasage<\/h2>\n<ul>\n<li>Ce shampooing nettoie la barbe avec une grande efficacit&eacute; de nettoyage en douceur et dans le parfait respect de l&#39;environnement.<\/li>\n<li>Sa formulation exclusive lave le poil et le soigne en douceur.<\/li>\n<li>Il tient compte du PH de la barbe (qui est diff&eacute;rent de celui des cheveux).<\/li>\n<li>Id&eacute;al pour les barbes moyennes &agrave; mi-longues.<\/li>\n<\/ul>\n<p>Ingr&eacute;dients :<\/p>\n<ul>\n<li>Huile de noix de coco, qui favorise la r&eacute;paration de la peau et poss&egrave;de des propri&eacute;t&eacute;s anti-inflammatoires et antibact&eacute;riennes.<\/li>\n<li>Prot&eacute;ines de riz contenant des acides amin&eacute;s naturels qui ont des propri&eacute;t&eacute;s hydratantes, nourrissantes et apaisantes.<br \/>\n\t&nbsp;<\/li>\n<li>Utilisation : lave ta barbe chaque matin dans le lavabo ou sous la douche. Verse une petite quantit&eacute; de shampooing pour barbe dans ta main, r&eacute;partis-la sur toute la longueur de la barbe jusqu&#39;&agrave; la peau et masse-la. Rincer soigneusement et s&eacute;cher en tapotant avec une serviette.<\/li>\n<\/ul>\n<p>\nContenu 100 ml.<\/p>\n","protected":false},"excerpt":{"rendered":"<p>Barberino&rsquo;s &#8211; After-Shave Balm &#8211; Baume Apr&egrave;s-Rasage Ce shampooing nettoie la barbe avec une grande efficacit&eacute; de nettoyage en douceur et dans le parfait respect de l&#39;environnement. Sa formulation exclusive lave le poil et le soigne en douceur. Il tient compte du PH de la barbe (qui est diff&eacute;rent de celui des cheveux). Id&eacute;al pour &#8230; <a title=\"Barberino&#8217;s &#8211; Shampooing pour barbe\" class=\"read-more\" href=\"https:\/\/manskin.ethos-dev.ch\/fr\/produkt\/barberinos-shampooing-pour-barbe\/\" aria-label=\"En savoir plus sur Barberino&#8217;s &#8211; Shampooing pour barbe\">Lire la suite<\/a><\/p>\n","protected":false},"featured_media":60913,"comment_status":"closed","ping_status":"closed","template":"","meta":{"_acf_changed":false},"pwb-brand":[2882],"product_brand":[],"product_cat":[2883,2279],"product_tag":[],"class_list":{"0":"post-60909","1":"product","2":"type-product","3":"status-publish","4":"has-post-thumbnail","6":"pwb-brand-barberinos","7":"product_cat-barberinos","8":"product_cat-shampoing-pour-barbe-fr","9":"product_shipping_class-standard-fr","10":"sales-flash-overlay","11":"woocommerce-text-align-center","12":"woocommerce-image-align-center","13":"do-quantity-buttons","14":"has-subscription-plans","16":"first","17":"instock","18":"taxable","19":"shipping-taxable","20":"purchasable","21":"product-type-simple"},"acf":[],"yoast_head":"<!-- This site is optimized with the Yoast SEO Premium plugin v24.8 (Yoast SEO v25.4) - https:\/\/yoast.com\/wordpress\/plugins\/seo\/ -->\n<title>Barberino&#039;s Bart Shampoo pour une barbe souple | Manskin.ch<\/title>\n<meta name=\"description\" content=\"Avec le shampooing pour barbe Barberino&#039;s, votre barbe est \u00e9clatante de propret\u00e9. Nettoyage doux hautement efficace &amp; ingr\u00e9dients de soin comme l&#039;huile de noix de coco. Essayez-le !\" \/>\n<meta name=\"robots\" content=\"noindex, follow, max-snippet:-1, max-image-preview:large, max-video-preview:-1\" \/>\n<meta property=\"og:locale\" content=\"fr_FR\" \/>\n<meta property=\"og:type\" content=\"article\" \/>\n<meta property=\"og:title\" content=\"Barberino&#039;s - Shampooing pour barbe\" \/>\n<meta property=\"og:description\" content=\"Avec le shampooing pour barbe Barberino&#039;s, votre barbe est \u00e9clatante de propret\u00e9. Nettoyage doux hautement efficace &amp; ingr\u00e9dients de soin comme l&#039;huile de noix de coco. Essayez-le !\" \/>\n<meta property=\"og:url\" content=\"https:\/\/manskin.ethos-dev.ch\/fr\/produkt\/barberinos-shampooing-pour-barbe\/\" \/>\n<meta property=\"og:site_name\" content=\"Manskin.ch\" \/>\n<meta property=\"article:publisher\" content=\"https:\/\/www.facebook.com\/manskin.ch\" \/>\n<meta property=\"article:modified_time\" content=\"2025-05-26T09:50:12+00:00\" \/>\n<meta property=\"og:image\" content=\"https:\/\/manskin.ethos-dev.ch\/wp-content\/uploads\/2024\/09\/Beard-Shampoo-High-Quality.jpg\" \/>\n\t<meta property=\"og:image:width\" content=\"800\" \/>\n\t<meta property=\"og:image:height\" content=\"800\" \/>\n\t<meta property=\"og:image:type\" content=\"image\/jpeg\" \/>\n<meta name=\"twitter:card\" content=\"summary_large_image\" \/>\n<meta name=\"twitter:label1\" content=\"Prix\" \/>\n\t<meta name=\"twitter:data1\" content=\"16.00&#067;&#072;&#070;\" \/>\n\t<meta name=\"twitter:label2\" content=\"Disponibilit\u00e9\" \/>\n\t<meta name=\"twitter:data2\" content=\"En stock\" \/>\n<script type=\"application\/ld+json\" class=\"yoast-schema-graph\">{\"@context\":\"https:\/\/schema.org\",\"@graph\":[{\"@type\":\"WebPage\",\"@id\":\"https:\/\/manskin.ethos-dev.ch\/fr\/produkt\/barberinos-shampooing-pour-barbe\/\",\"url\":\"https:\/\/manskin.ethos-dev.ch\/fr\/produkt\/barberinos-shampooing-pour-barbe\/\",\"name\":\"Barberino's Bart Shampoo pour une barbe souple | Manskin.ch\",\"isPartOf\":{\"@id\":\"https:\/\/manskin.ethos-dev.ch\/#website\"},\"primaryImageOfPage\":{\"@id\":\"https:\/\/manskin.ethos-dev.ch\/fr\/produkt\/barberinos-shampooing-pour-barbe\/#primaryimage\"},\"image\":{\"@id\":\"https:\/\/manskin.ethos-dev.ch\/fr\/produkt\/barberinos-shampooing-pour-barbe\/#primaryimage\"},\"thumbnailUrl\":\"https:\/\/manskin.ethos-dev.ch\/wp-content\/uploads\/2024\/09\/Beard-Shampoo-High-Quality.jpg\",\"datePublished\":\"2024-09-25T14:20:56+00:00\",\"dateModified\":\"2025-05-26T09:50:12+00:00\",\"description\":\"Avec le shampooing pour barbe Barberino's, votre barbe est \u00e9clatante de propret\u00e9. Nettoyage doux hautement efficace & ingr\u00e9dients de soin comme l'huile de noix de coco. Essayez-le !\",\"breadcrumb\":{\"@id\":\"https:\/\/manskin.ethos-dev.ch\/fr\/produkt\/barberinos-shampooing-pour-barbe\/#breadcrumb\"},\"inLanguage\":\"fr-FR\",\"potentialAction\":[{\"@type\":\"ReadAction\",\"target\":[\"https:\/\/manskin.ethos-dev.ch\/fr\/produkt\/barberinos-shampooing-pour-barbe\/\"]}]},{\"@type\":\"ImageObject\",\"inLanguage\":\"fr-FR\",\"@id\":\"https:\/\/manskin.ethos-dev.ch\/fr\/produkt\/barberinos-shampooing-pour-barbe\/#primaryimage\",\"url\":\"https:\/\/manskin.ethos-dev.ch\/wp-content\/uploads\/2024\/09\/Beard-Shampoo-High-Quality.jpg\",\"contentUrl\":\"https:\/\/manskin.ethos-dev.ch\/wp-content\/uploads\/2024\/09\/Beard-Shampoo-High-Quality.jpg\",\"width\":800,\"height\":800},{\"@type\":\"BreadcrumbList\",\"@id\":\"https:\/\/manskin.ethos-dev.ch\/fr\/produkt\/barberinos-shampooing-pour-barbe\/#breadcrumb\",\"itemListElement\":[{\"@type\":\"ListItem\",\"position\":1,\"name\":\"Startseite\",\"item\":\"https:\/\/manskin.ethos-dev.ch\/fr\/\"},{\"@type\":\"ListItem\",\"position\":2,\"name\":\"Shop\",\"item\":\"https:\/\/manskin.ethos-dev.ch\/shop\/\"},{\"@type\":\"ListItem\",\"position\":3,\"name\":\"Barberino&#8217;s &#8211; Shampooing pour barbe\"}]},{\"@type\":\"WebSite\",\"@id\":\"https:\/\/manskin.ethos-dev.ch\/#website\",\"url\":\"https:\/\/manskin.ethos-dev.ch\/\",\"name\":\"Manskin.ch\",\"description\":\"Tous les produits de beaut\u00e9 pour les hommes les plus exigeants\",\"publisher\":{\"@id\":\"https:\/\/manskin.ethos-dev.ch\/#organization\"},\"potentialAction\":[{\"@type\":\"SearchAction\",\"target\":{\"@type\":\"EntryPoint\",\"urlTemplate\":\"https:\/\/manskin.ethos-dev.ch\/?s={search_term_string}\"},\"query-input\":{\"@type\":\"PropertyValueSpecification\",\"valueRequired\":true,\"valueName\":\"search_term_string\"}}],\"inLanguage\":\"fr-FR\"},{\"@type\":\"Organization\",\"@id\":\"https:\/\/manskin.ethos-dev.ch\/#organization\",\"name\":\"Manskin.ch - der Schweizer Onlineshop f\u00fcr qualit\u00e4tsstarke M\u00e4nnerpflege\",\"url\":\"https:\/\/manskin.ethos-dev.ch\/\",\"logo\":{\"@type\":\"ImageObject\",\"inLanguage\":\"fr-FR\",\"@id\":\"https:\/\/manskin.ethos-dev.ch\/#\/schema\/logo\/image\/\",\"url\":\"https:\/\/manskin.ethos-dev.ch\/wp-content\/uploads\/2021\/04\/cropped-logo_head.png\",\"contentUrl\":\"https:\/\/manskin.ethos-dev.ch\/wp-content\/uploads\/2021\/04\/cropped-logo_head.png\",\"width\":235,\"height\":75,\"caption\":\"Manskin.ch - der Schweizer Onlineshop f\u00fcr qualit\u00e4tsstarke M\u00e4nnerpflege\"},\"image\":{\"@id\":\"https:\/\/manskin.ethos-dev.ch\/#\/schema\/logo\/image\/\"},\"sameAs\":[\"https:\/\/www.facebook.com\/manskin.ch\",\"https:\/\/www.instagram.com\/manskin.ch\/\"]}]}<\/script>\n<meta property=\"product:price:amount\" content=\"16.00\" \/>\n<meta property=\"product:price:currency\" content=\"CHF\" \/>\n<meta property=\"og:availability\" content=\"instock\" \/>\n<meta property=\"product:availability\" content=\"instock\" \/>\n<meta property=\"product:retailer_item_id\" content=\"14157\" \/>\n<meta property=\"product:condition\" content=\"new\" \/>\n<!-- \/ Yoast SEO Premium plugin. -->","yoast_head_json":{"title":"Barberino's Bart Shampoo pour une barbe souple | Manskin.ch","description":"Avec le shampooing pour barbe Barberino's, votre barbe est \u00e9clatante de propret\u00e9. Nettoyage doux hautement efficace & ingr\u00e9dients de soin comme l'huile de noix de coco. Essayez-le !","robots":{"index":"noindex","follow":"follow","max-snippet":"max-snippet:-1","max-image-preview":"max-image-preview:large","max-video-preview":"max-video-preview:-1"},"og_locale":"fr_FR","og_type":"article","og_title":"Barberino's - Shampooing pour barbe","og_description":"Avec le shampooing pour barbe Barberino's, votre barbe est \u00e9clatante de propret\u00e9. Nettoyage doux hautement efficace & ingr\u00e9dients de soin comme l'huile de noix de coco. Essayez-le !","og_url":"https:\/\/manskin.ethos-dev.ch\/fr\/produkt\/barberinos-shampooing-pour-barbe\/","og_site_name":"Manskin.ch","article_publisher":"https:\/\/www.facebook.com\/manskin.ch","article_modified_time":"2025-05-26T09:50:12+00:00","og_image":[{"width":800,"height":800,"url":"https:\/\/manskin.ethos-dev.ch\/wp-content\/uploads\/2024\/09\/Beard-Shampoo-High-Quality.jpg","type":"image\/jpeg"}],"twitter_card":"summary_large_image","twitter_misc":{"Prix":"16.00&#67;&#72;&#70;","Disponibilit\u00e9":"En stock"},"schema":{"@context":"https:\/\/schema.org","@graph":[{"@type":"WebPage","@id":"https:\/\/manskin.ethos-dev.ch\/fr\/produkt\/barberinos-shampooing-pour-barbe\/","url":"https:\/\/manskin.ethos-dev.ch\/fr\/produkt\/barberinos-shampooing-pour-barbe\/","name":"Barberino's Bart Shampoo pour une barbe souple | Manskin.ch","isPartOf":{"@id":"https:\/\/manskin.ethos-dev.ch\/#website"},"primaryImageOfPage":{"@id":"https:\/\/manskin.ethos-dev.ch\/fr\/produkt\/barberinos-shampooing-pour-barbe\/#primaryimage"},"image":{"@id":"https:\/\/manskin.ethos-dev.ch\/fr\/produkt\/barberinos-shampooing-pour-barbe\/#primaryimage"},"thumbnailUrl":"https:\/\/manskin.ethos-dev.ch\/wp-content\/uploads\/2024\/09\/Beard-Shampoo-High-Quality.jpg","datePublished":"2024-09-25T14:20:56+00:00","dateModified":"2025-05-26T09:50:12+00:00","description":"Avec le shampooing pour barbe Barberino's, votre barbe est \u00e9clatante de propret\u00e9. Nettoyage doux hautement efficace & ingr\u00e9dients de soin comme l'huile de noix de coco. Essayez-le !","breadcrumb":{"@id":"https:\/\/manskin.ethos-dev.ch\/fr\/produkt\/barberinos-shampooing-pour-barbe\/#breadcrumb"},"inLanguage":"fr-FR","potentialAction":[{"@type":"ReadAction","target":["https:\/\/manskin.ethos-dev.ch\/fr\/produkt\/barberinos-shampooing-pour-barbe\/"]}]},{"@type":"ImageObject","inLanguage":"fr-FR","@id":"https:\/\/manskin.ethos-dev.ch\/fr\/produkt\/barberinos-shampooing-pour-barbe\/#primaryimage","url":"https:\/\/manskin.ethos-dev.ch\/wp-content\/uploads\/2024\/09\/Beard-Shampoo-High-Quality.jpg","contentUrl":"https:\/\/manskin.ethos-dev.ch\/wp-content\/uploads\/2024\/09\/Beard-Shampoo-High-Quality.jpg","width":800,"height":800},{"@type":"BreadcrumbList","@id":"https:\/\/manskin.ethos-dev.ch\/fr\/produkt\/barberinos-shampooing-pour-barbe\/#breadcrumb","itemListElement":[{"@type":"ListItem","position":1,"name":"Startseite","item":"https:\/\/manskin.ethos-dev.ch\/fr\/"},{"@type":"ListItem","position":2,"name":"Shop","item":"https:\/\/manskin.ethos-dev.ch\/shop\/"},{"@type":"ListItem","position":3,"name":"Barberino&#8217;s &#8211; Shampooing pour barbe"}]},{"@type":"WebSite","@id":"https:\/\/manskin.ethos-dev.ch\/#website","url":"https:\/\/manskin.ethos-dev.ch\/","name":"Manskin.ch","description":"Tous les produits de beaut\u00e9 pour les hommes les plus exigeants","publisher":{"@id":"https:\/\/manskin.ethos-dev.ch\/#organization"},"potentialAction":[{"@type":"SearchAction","target":{"@type":"EntryPoint","urlTemplate":"https:\/\/manskin.ethos-dev.ch\/?s={search_term_string}"},"query-input":{"@type":"PropertyValueSpecification","valueRequired":true,"valueName":"search_term_string"}}],"inLanguage":"fr-FR"},{"@type":"Organization","@id":"https:\/\/manskin.ethos-dev.ch\/#organization","name":"Manskin.ch - der Schweizer Onlineshop f\u00fcr qualit\u00e4tsstarke M\u00e4nnerpflege","url":"https:\/\/manskin.ethos-dev.ch\/","logo":{"@type":"ImageObject","inLanguage":"fr-FR","@id":"https:\/\/manskin.ethos-dev.ch\/#\/schema\/logo\/image\/","url":"https:\/\/manskin.ethos-dev.ch\/wp-content\/uploads\/2021\/04\/cropped-logo_head.png","contentUrl":"https:\/\/manskin.ethos-dev.ch\/wp-content\/uploads\/2021\/04\/cropped-logo_head.png","width":235,"height":75,"caption":"Manskin.ch - der Schweizer Onlineshop f\u00fcr qualit\u00e4tsstarke M\u00e4nnerpflege"},"image":{"@id":"https:\/\/manskin.ethos-dev.ch\/#\/schema\/logo\/image\/"},"sameAs":["https:\/\/www.facebook.com\/manskin.ch","https:\/\/www.instagram.com\/manskin.ch\/"]}]},"product_price_amount":"16.00","product_price_currency":"CHF","og_availability":"instock","product_availability":"instock","product_retailer_item_id":"14157","product_condition":"new"},"brands":[{"id":2882,"name":"Barberino\u2019s","slug":"barberinos"}],"_links":{"self":[{"href":"https:\/\/manskin.ethos-dev.ch\/fr\/wp-json\/wp\/v2\/product\/60909","targetHints":{"allow":["GET"]}}],"collection":[{"href":"https:\/\/manskin.ethos-dev.ch\/fr\/wp-json\/wp\/v2\/product"}],"about":[{"href":"https:\/\/manskin.ethos-dev.ch\/fr\/wp-json\/wp\/v2\/types\/product"}],"replies":[{"embeddable":true,"href":"https:\/\/manskin.ethos-dev.ch\/fr\/wp-json\/wp\/v2\/comments?post=60909"}],"wp:featuredmedia":[{"embeddable":true,"href":"https:\/\/manskin.ethos-dev.ch\/fr\/wp-json\/wp\/v2\/media\/60913"}],"wp:attachment":[{"href":"https:\/\/manskin.ethos-dev.ch\/fr\/wp-json\/wp\/v2\/media?parent=60909"}],"wp:term":[{"taxonomy":"pwb-brand","embeddable":true,"href":"https:\/\/manskin.ethos-dev.ch\/fr\/wp-json\/wp\/v2\/pwb-brand?post=60909"},{"taxonomy":"product_brand","embeddable":true,"href":"https:\/\/manskin.ethos-dev.ch\/fr\/wp-json\/wp\/v2\/product_brand?post=60909"},{"taxonomy":"product_cat","embeddable":true,"href":"https:\/\/manskin.ethos-dev.ch\/fr\/wp-json\/wp\/v2\/product_cat?post=60909"},{"taxonomy":"product_tag","embeddable":true,"href":"https:\/\/manskin.ethos-dev.ch\/fr\/wp-json\/wp\/v2\/product_tag?post=60909"}],"curies":[{"name":"wp","href":"https:\/\/api.w.org\/{rel}","templated":true}]}}