{"id":60992,"date":"2024-09-26T16:45:17","date_gmt":"2024-09-26T14:45:17","guid":{"rendered":"https:\/\/manskin.ethos-dev.ch\/produkt\/musgo-real-coffret-cadeau-5-mini-savons-de-luxe\/"},"modified":"2026-04-16T00:00:14","modified_gmt":"2026-04-15T22:00:14","slug":"musgo-real-coffret-cadeau-3-savons-de-luxe","status":"publish","type":"product","link":"https:\/\/manskin.ethos-dev.ch\/fr\/produkt\/musgo-real-coffret-cadeau-3-savons-de-luxe\/","title":{"rendered":"Musgo Real &#8211; Coffret cadeau 3 savons de luxe"},"content":{"rendered":"<h2>Musgo Real &#8211; Coffret cadeau&nbsp;3 savons de luxe<\/h2>\n<ul>\n<li>Ce coffret cadeau contient trois savons de la collection Musgo Real :<br \/>\n\t&nbsp;<\/li>\n<li>l&#39;aquatique Alto Mar<\/li>\n<li>l&#39;envo&ucirc;tant Puro Sangue et<\/li>\n<li>l&#39;intemporel 1887\n<p>\t&nbsp;<\/li>\n<li>Ces savons raffin&eacute;s, m&eacute;lang&eacute;s &agrave; de riches huiles v&eacute;g&eacute;tales, conservent l&#39;&eacute;l&eacute;gance minimale et les codes couleur de la collection Musgo Real, cr&eacute;&eacute;e en 1936.<\/li>\n<li>Ce coffret contient &eacute;galement un &eacute;l&eacute;gant porte-savon en porcelaine, fabriqu&eacute; au Portugal en exclusivit&eacute; pour Claus Porto.<\/li>\n<li>Ces savons, m&eacute;lang&eacute;s &agrave; des huiles riches comme l&#39;huile de soja (Alto Mar) ou l&#39;huile de noix (Puro Sangue et 1887) et 100% v&eacute;g&eacute;taux, sont l&#39;illustration parfaite de l&#39;identit&eacute; iconique et de l&#39;&eacute;l&eacute;gance minimale de Musgo Real, avec une touche de modernit&eacute;.<\/li>\n<\/ul>\n<h3><strong><span style=\"color: rgb(243, 156, 18);\">Savon Alto Mar<\/span><\/strong><\/h3>\n<ul>\n<li>Le parfum de Musgo Real Alto Mar s&#39;ouvre sur la l&eacute;g&egrave;ret&eacute; du calone et de la menthe, combin&eacute;e &agrave; un soup&ccedil;on d&#39;anis.<\/li>\n<li>Par la suite, la note de c&oelig;ur r&eacute;v&egrave;le la puissance de la combinaison aromatique du romarin et de l&#39;absinthe avec le jasmin.<\/li>\n<li>La note de fond associe des bois aux senteurs exquises &#8211; bois de santal et bois de cachemire &#8211; &agrave; la douceur de la tonka et &agrave; la force du v&eacute;tiver.<\/li>\n<\/ul>\n<h3><strong><span style=\"color: rgb(243, 156, 18);\">Savon 1887<\/span><\/strong><\/h3>\n<ul>\n<li>Le parfum Musgo Real 1887 s&#39;ouvre sur des notes claires de pamplemousse et de citron, combin&eacute;es au piquant du poivre rose.<\/li>\n<li>La note de c&oelig;ur puissante se compose de g&eacute;ranium et de patchouli, traditionnellement masculin, mais avec une touche de v&eacute;tiver, d&#39;ambre gris et de mousse de ch&ecirc;ne dans la note de fond..<\/li>\n<\/ul>\n<h3><span style=\"color: rgb(243, 156, 18);\"><strong>Savon Puro Sangue<\/strong><\/span><\/h3>\n<ul>\n<li>Le parfum Musgo Real Puro Sangue s&#39;ouvre sur la fra&icirc;cheur p&eacute;tillante des agrumes &#8211; bergamote et citron &#8211; et la chaleur de la noix de muscade. La note de c&oelig;ur associe un bouquet de violettes au bois de c&egrave;dre et &agrave; de puissantes notes de cuir.<\/li>\n<li>La note de fond associe l&#39;intensit&eacute; du v&eacute;tiver et du patchouli &agrave; la douceur de la vanille, de la f&egrave;ve tonka et du musc poudr&eacute;.<\/li>\n<\/ul>\n<h3><span style=\"color: rgb(243, 156, 18);\">Porte-savon en porcelaine<\/span><\/h3>\n<ul>\n<li>Cet &eacute;l&eacute;gant porte-savon est fabriqu&eacute; au Portugal, un pays o&ugrave; la porcelaine est historiquement et culturellement ancr&eacute;e.<\/li>\n<li>Sa texture distinctive en forme de losange est d&eacute;riv&eacute;e de motifs de l&#39;architecture portugaise et son design sur mesure a &eacute;t&eacute; r&eacute;alis&eacute; en exclusivit&eacute; pour Claus Porto.<\/li>\n<\/ul>\n<p>Contenu&nbsp;3 x 50 gr.<\/p>\n","protected":false},"excerpt":{"rendered":"<p>3 savons de luxe aux parfums masculins \u00e9l\u00e9gants<\/p>\n","protected":false},"featured_media":61103,"comment_status":"closed","ping_status":"closed","template":"","meta":{"_acf_changed":false},"pwb-brand":[2770],"product_brand":[],"product_cat":[2326,2357,2495,2382,2433],"product_tag":[],"class_list":{"0":"post-60992","1":"product","2":"type-product","3":"status-publish","4":"has-post-thumbnail","6":"pwb-brand-musgo-real","7":"product_cat-cadeaux","8":"product_cat-nettoyant-corps","9":"product_cat-savon-pour-le-corps","10":"product_cat-musgo-real-fr","11":"product_cat-sales-fr","12":"product_shipping_class-standard-fr","13":"sales-flash-overlay","14":"woocommerce-text-align-center","15":"woocommerce-image-align-center","16":"do-quantity-buttons","17":"has-subscription-plans","19":"first","20":"instock","21":"sale","22":"taxable","23":"shipping-taxable","24":"purchasable","25":"product-type-simple"},"acf":[],"yoast_head":"<!-- This site is optimized with the Yoast SEO Premium plugin v24.8 (Yoast SEO v25.4) - https:\/\/yoast.com\/wordpress\/plugins\/seo\/ -->\n<title>Musgo Real - Coffret cadeau 3 savons de luxe | Manskin.ch<\/title>\n<meta name=\"description\" content=\"Musgo Real - Coffret cadeau 3 savons de luxe\" \/>\n<meta name=\"robots\" content=\"noindex, follow, max-snippet:-1, max-image-preview:large, max-video-preview:-1\" \/>\n<meta property=\"og:locale\" content=\"fr_FR\" \/>\n<meta property=\"og:type\" content=\"article\" \/>\n<meta property=\"og:title\" content=\"Musgo Real - Coffret cadeau 3 savons de luxe\" \/>\n<meta property=\"og:description\" content=\"Musgo Real - Coffret cadeau 3 savons de luxe\" \/>\n<meta property=\"og:url\" content=\"https:\/\/manskin.ethos-dev.ch\/fr\/produkt\/musgo-real-coffret-cadeau-3-savons-de-luxe\/\" \/>\n<meta property=\"og:site_name\" content=\"Manskin.ch\" \/>\n<meta property=\"article:publisher\" content=\"https:\/\/www.facebook.com\/manskin.ch\" \/>\n<meta property=\"article:modified_time\" content=\"2026-04-15T22:00:14+00:00\" \/>\n<meta property=\"og:image\" content=\"https:\/\/manskin.ethos-dev.ch\/wp-content\/uploads\/2024\/09\/Shave-Cream-High-Quality-1.jpg\" \/>\n\t<meta property=\"og:image:width\" content=\"800\" \/>\n\t<meta property=\"og:image:height\" content=\"800\" \/>\n\t<meta property=\"og:image:type\" content=\"image\/jpeg\" \/>\n<meta name=\"twitter:card\" content=\"summary_large_image\" \/>\n<meta name=\"twitter:label1\" content=\"Prix\" \/>\n\t<meta name=\"twitter:data1\" content=\"45.00&#067;&#072;&#070;\" \/>\n\t<meta name=\"twitter:label2\" content=\"Disponibilit\u00e9\" \/>\n\t<meta name=\"twitter:data2\" content=\"En stock\" \/>\n<script type=\"application\/ld+json\" class=\"yoast-schema-graph\">{\"@context\":\"https:\/\/schema.org\",\"@graph\":[{\"@type\":\"WebPage\",\"@id\":\"https:\/\/manskin.ethos-dev.ch\/fr\/produkt\/musgo-real-coffret-cadeau-3-savons-de-luxe\/\",\"url\":\"https:\/\/manskin.ethos-dev.ch\/fr\/produkt\/musgo-real-coffret-cadeau-3-savons-de-luxe\/\",\"name\":\"Musgo Real - Coffret cadeau 3 savons de luxe | Manskin.ch\",\"isPartOf\":{\"@id\":\"https:\/\/manskin.ethos-dev.ch\/#website\"},\"primaryImageOfPage\":{\"@id\":\"https:\/\/manskin.ethos-dev.ch\/fr\/produkt\/musgo-real-coffret-cadeau-3-savons-de-luxe\/#primaryimage\"},\"image\":{\"@id\":\"https:\/\/manskin.ethos-dev.ch\/fr\/produkt\/musgo-real-coffret-cadeau-3-savons-de-luxe\/#primaryimage\"},\"thumbnailUrl\":\"https:\/\/manskin.ethos-dev.ch\/wp-content\/uploads\/2024\/09\/Shave-Cream-High-Quality-1.jpg\",\"datePublished\":\"2024-09-26T14:45:17+00:00\",\"dateModified\":\"2026-04-15T22:00:14+00:00\",\"description\":\"Musgo Real - Coffret cadeau 3 savons de luxe\",\"breadcrumb\":{\"@id\":\"https:\/\/manskin.ethos-dev.ch\/fr\/produkt\/musgo-real-coffret-cadeau-3-savons-de-luxe\/#breadcrumb\"},\"inLanguage\":\"fr-FR\",\"potentialAction\":[{\"@type\":\"ReadAction\",\"target\":[\"https:\/\/manskin.ethos-dev.ch\/fr\/produkt\/musgo-real-coffret-cadeau-3-savons-de-luxe\/\"]}]},{\"@type\":\"ImageObject\",\"inLanguage\":\"fr-FR\",\"@id\":\"https:\/\/manskin.ethos-dev.ch\/fr\/produkt\/musgo-real-coffret-cadeau-3-savons-de-luxe\/#primaryimage\",\"url\":\"https:\/\/manskin.ethos-dev.ch\/wp-content\/uploads\/2024\/09\/Shave-Cream-High-Quality-1.jpg\",\"contentUrl\":\"https:\/\/manskin.ethos-dev.ch\/wp-content\/uploads\/2024\/09\/Shave-Cream-High-Quality-1.jpg\",\"width\":800,\"height\":800},{\"@type\":\"BreadcrumbList\",\"@id\":\"https:\/\/manskin.ethos-dev.ch\/fr\/produkt\/musgo-real-coffret-cadeau-3-savons-de-luxe\/#breadcrumb\",\"itemListElement\":[{\"@type\":\"ListItem\",\"position\":1,\"name\":\"Startseite\",\"item\":\"https:\/\/manskin.ethos-dev.ch\/fr\/\"},{\"@type\":\"ListItem\",\"position\":2,\"name\":\"Shop\",\"item\":\"https:\/\/manskin.ethos-dev.ch\/shop\/\"},{\"@type\":\"ListItem\",\"position\":3,\"name\":\"Musgo Real &#8211; Coffret cadeau 3 savons de luxe\"}]},{\"@type\":\"WebSite\",\"@id\":\"https:\/\/manskin.ethos-dev.ch\/#website\",\"url\":\"https:\/\/manskin.ethos-dev.ch\/\",\"name\":\"Manskin.ch\",\"description\":\"Tous les produits de beaut\u00e9 pour les hommes les plus exigeants\",\"publisher\":{\"@id\":\"https:\/\/manskin.ethos-dev.ch\/#organization\"},\"potentialAction\":[{\"@type\":\"SearchAction\",\"target\":{\"@type\":\"EntryPoint\",\"urlTemplate\":\"https:\/\/manskin.ethos-dev.ch\/?s={search_term_string}\"},\"query-input\":{\"@type\":\"PropertyValueSpecification\",\"valueRequired\":true,\"valueName\":\"search_term_string\"}}],\"inLanguage\":\"fr-FR\"},{\"@type\":\"Organization\",\"@id\":\"https:\/\/manskin.ethos-dev.ch\/#organization\",\"name\":\"Manskin.ch - der Schweizer Onlineshop f\u00fcr qualit\u00e4tsstarke M\u00e4nnerpflege\",\"url\":\"https:\/\/manskin.ethos-dev.ch\/\",\"logo\":{\"@type\":\"ImageObject\",\"inLanguage\":\"fr-FR\",\"@id\":\"https:\/\/manskin.ethos-dev.ch\/#\/schema\/logo\/image\/\",\"url\":\"https:\/\/manskin.ethos-dev.ch\/wp-content\/uploads\/2021\/04\/cropped-logo_head.png\",\"contentUrl\":\"https:\/\/manskin.ethos-dev.ch\/wp-content\/uploads\/2021\/04\/cropped-logo_head.png\",\"width\":235,\"height\":75,\"caption\":\"Manskin.ch - der Schweizer Onlineshop f\u00fcr qualit\u00e4tsstarke M\u00e4nnerpflege\"},\"image\":{\"@id\":\"https:\/\/manskin.ethos-dev.ch\/#\/schema\/logo\/image\/\"},\"sameAs\":[\"https:\/\/www.facebook.com\/manskin.ch\",\"https:\/\/www.instagram.com\/manskin.ch\/\"]}]}<\/script>\n<meta property=\"product:price:amount\" content=\"45.00\" \/>\n<meta property=\"product:price:currency\" content=\"CHF\" \/>\n<meta property=\"og:availability\" content=\"instock\" \/>\n<meta property=\"product:availability\" content=\"instock\" \/>\n<meta property=\"product:retailer_item_id\" content=\"14160\" \/>\n<meta property=\"product:condition\" content=\"new\" \/>\n<!-- \/ Yoast SEO Premium plugin. -->","yoast_head_json":{"title":"Musgo Real - Coffret cadeau 3 savons de luxe | Manskin.ch","description":"Musgo Real - Coffret cadeau 3 savons de luxe","robots":{"index":"noindex","follow":"follow","max-snippet":"max-snippet:-1","max-image-preview":"max-image-preview:large","max-video-preview":"max-video-preview:-1"},"og_locale":"fr_FR","og_type":"article","og_title":"Musgo Real - Coffret cadeau 3 savons de luxe","og_description":"Musgo Real - Coffret cadeau 3 savons de luxe","og_url":"https:\/\/manskin.ethos-dev.ch\/fr\/produkt\/musgo-real-coffret-cadeau-3-savons-de-luxe\/","og_site_name":"Manskin.ch","article_publisher":"https:\/\/www.facebook.com\/manskin.ch","article_modified_time":"2026-04-15T22:00:14+00:00","og_image":[{"width":800,"height":800,"url":"https:\/\/manskin.ethos-dev.ch\/wp-content\/uploads\/2024\/09\/Shave-Cream-High-Quality-1.jpg","type":"image\/jpeg"}],"twitter_card":"summary_large_image","twitter_misc":{"Prix":"45.00&#67;&#72;&#70;","Disponibilit\u00e9":"En stock"},"schema":{"@context":"https:\/\/schema.org","@graph":[{"@type":"WebPage","@id":"https:\/\/manskin.ethos-dev.ch\/fr\/produkt\/musgo-real-coffret-cadeau-3-savons-de-luxe\/","url":"https:\/\/manskin.ethos-dev.ch\/fr\/produkt\/musgo-real-coffret-cadeau-3-savons-de-luxe\/","name":"Musgo Real - Coffret cadeau 3 savons de luxe | Manskin.ch","isPartOf":{"@id":"https:\/\/manskin.ethos-dev.ch\/#website"},"primaryImageOfPage":{"@id":"https:\/\/manskin.ethos-dev.ch\/fr\/produkt\/musgo-real-coffret-cadeau-3-savons-de-luxe\/#primaryimage"},"image":{"@id":"https:\/\/manskin.ethos-dev.ch\/fr\/produkt\/musgo-real-coffret-cadeau-3-savons-de-luxe\/#primaryimage"},"thumbnailUrl":"https:\/\/manskin.ethos-dev.ch\/wp-content\/uploads\/2024\/09\/Shave-Cream-High-Quality-1.jpg","datePublished":"2024-09-26T14:45:17+00:00","dateModified":"2026-04-15T22:00:14+00:00","description":"Musgo Real - Coffret cadeau 3 savons de luxe","breadcrumb":{"@id":"https:\/\/manskin.ethos-dev.ch\/fr\/produkt\/musgo-real-coffret-cadeau-3-savons-de-luxe\/#breadcrumb"},"inLanguage":"fr-FR","potentialAction":[{"@type":"ReadAction","target":["https:\/\/manskin.ethos-dev.ch\/fr\/produkt\/musgo-real-coffret-cadeau-3-savons-de-luxe\/"]}]},{"@type":"ImageObject","inLanguage":"fr-FR","@id":"https:\/\/manskin.ethos-dev.ch\/fr\/produkt\/musgo-real-coffret-cadeau-3-savons-de-luxe\/#primaryimage","url":"https:\/\/manskin.ethos-dev.ch\/wp-content\/uploads\/2024\/09\/Shave-Cream-High-Quality-1.jpg","contentUrl":"https:\/\/manskin.ethos-dev.ch\/wp-content\/uploads\/2024\/09\/Shave-Cream-High-Quality-1.jpg","width":800,"height":800},{"@type":"BreadcrumbList","@id":"https:\/\/manskin.ethos-dev.ch\/fr\/produkt\/musgo-real-coffret-cadeau-3-savons-de-luxe\/#breadcrumb","itemListElement":[{"@type":"ListItem","position":1,"name":"Startseite","item":"https:\/\/manskin.ethos-dev.ch\/fr\/"},{"@type":"ListItem","position":2,"name":"Shop","item":"https:\/\/manskin.ethos-dev.ch\/shop\/"},{"@type":"ListItem","position":3,"name":"Musgo Real &#8211; Coffret cadeau 3 savons de luxe"}]},{"@type":"WebSite","@id":"https:\/\/manskin.ethos-dev.ch\/#website","url":"https:\/\/manskin.ethos-dev.ch\/","name":"Manskin.ch","description":"Tous les produits de beaut\u00e9 pour les hommes les plus exigeants","publisher":{"@id":"https:\/\/manskin.ethos-dev.ch\/#organization"},"potentialAction":[{"@type":"SearchAction","target":{"@type":"EntryPoint","urlTemplate":"https:\/\/manskin.ethos-dev.ch\/?s={search_term_string}"},"query-input":{"@type":"PropertyValueSpecification","valueRequired":true,"valueName":"search_term_string"}}],"inLanguage":"fr-FR"},{"@type":"Organization","@id":"https:\/\/manskin.ethos-dev.ch\/#organization","name":"Manskin.ch - der Schweizer Onlineshop f\u00fcr qualit\u00e4tsstarke M\u00e4nnerpflege","url":"https:\/\/manskin.ethos-dev.ch\/","logo":{"@type":"ImageObject","inLanguage":"fr-FR","@id":"https:\/\/manskin.ethos-dev.ch\/#\/schema\/logo\/image\/","url":"https:\/\/manskin.ethos-dev.ch\/wp-content\/uploads\/2021\/04\/cropped-logo_head.png","contentUrl":"https:\/\/manskin.ethos-dev.ch\/wp-content\/uploads\/2021\/04\/cropped-logo_head.png","width":235,"height":75,"caption":"Manskin.ch - der Schweizer Onlineshop f\u00fcr qualit\u00e4tsstarke M\u00e4nnerpflege"},"image":{"@id":"https:\/\/manskin.ethos-dev.ch\/#\/schema\/logo\/image\/"},"sameAs":["https:\/\/www.facebook.com\/manskin.ch","https:\/\/www.instagram.com\/manskin.ch\/"]}]},"product_price_amount":"45.00","product_price_currency":"CHF","og_availability":"instock","product_availability":"instock","product_retailer_item_id":"14160","product_condition":"new"},"brands":[{"id":2770,"name":"Musgo Real","slug":"musgo-real"}],"_links":{"self":[{"href":"https:\/\/manskin.ethos-dev.ch\/fr\/wp-json\/wp\/v2\/product\/60992","targetHints":{"allow":["GET"]}}],"collection":[{"href":"https:\/\/manskin.ethos-dev.ch\/fr\/wp-json\/wp\/v2\/product"}],"about":[{"href":"https:\/\/manskin.ethos-dev.ch\/fr\/wp-json\/wp\/v2\/types\/product"}],"replies":[{"embeddable":true,"href":"https:\/\/manskin.ethos-dev.ch\/fr\/wp-json\/wp\/v2\/comments?post=60992"}],"wp:featuredmedia":[{"embeddable":true,"href":"https:\/\/manskin.ethos-dev.ch\/fr\/wp-json\/wp\/v2\/media\/61103"}],"wp:attachment":[{"href":"https:\/\/manskin.ethos-dev.ch\/fr\/wp-json\/wp\/v2\/media?parent=60992"}],"wp:term":[{"taxonomy":"pwb-brand","embeddable":true,"href":"https:\/\/manskin.ethos-dev.ch\/fr\/wp-json\/wp\/v2\/pwb-brand?post=60992"},{"taxonomy":"product_brand","embeddable":true,"href":"https:\/\/manskin.ethos-dev.ch\/fr\/wp-json\/wp\/v2\/product_brand?post=60992"},{"taxonomy":"product_cat","embeddable":true,"href":"https:\/\/manskin.ethos-dev.ch\/fr\/wp-json\/wp\/v2\/product_cat?post=60992"},{"taxonomy":"product_tag","embeddable":true,"href":"https:\/\/manskin.ethos-dev.ch\/fr\/wp-json\/wp\/v2\/product_tag?post=60992"}],"curies":[{"name":"wp","href":"https:\/\/api.w.org\/{rel}","templated":true}]}}