{"id":61328,"date":"2024-10-01T08:38:10","date_gmt":"2024-10-01T06:38:10","guid":{"rendered":"https:\/\/manskin.ethos-dev.ch\/produkt\/barberinos-creme-visage-ultra-hydratant\/"},"modified":"2025-05-04T22:22:06","modified_gmt":"2025-05-04T20:22:06","slug":"barberinos-anti-agingi-face-sheet-mask","status":"publish","type":"product","link":"https:\/\/manskin.ethos-dev.ch\/fr\/produkt\/barberinos-anti-agingi-face-sheet-mask\/","title":{"rendered":"Barberino&#8217;s &#8211; Anti-Aging Face Sheet Mask"},"content":{"rendered":"<h2>Barberino&#39;s &#8211; Anti-Aging Face Sheet Mask &#8211; Masque facial anti-&acirc;ge en tissu<\/h2>\n<ul>\n<li>L&#39;Anti-Aging Face Sheet Mask est un masque facial en tissu impr&eacute;gn&eacute; d&#39;un s&eacute;rum hydratant &agrave; base d&#39;extraits v&eacute;g&eacute;taux et marins.<\/li>\n<li>Pour pouvoir conserver le s&eacute;rum, le masque est livr&eacute; dans un emballage sous vide pratique et jetable.<\/li>\n<li>Gr&acirc;ce au s&eacute;rum &agrave; base d&#39;extraits v&eacute;g&eacute;taux et marins, ce masque pour le visage est un v&eacute;ritable masque nourrissant qui augmente le taux d&#39;hydratation de la peau et r&eacute;duit les irritations cutan&eacute;es avec un effet imm&eacute;diat.<\/li>\n<li>Il convient particuli&egrave;rement aux hommes qui souffrent d&#39;irritations apr&egrave;s le rasage ou de peau s&egrave;che sous la barbe ou qui sont particuli&egrave;rement expos&eacute;s aux agressions des influences ext&eacute;rieures comme le froid et le smog.<\/li>\n<li>D&egrave;s la premi&egrave;re application, tu sentiras que ton visage est repulp&eacute;, doux et &eacute;clatant.<br \/>\n\t&nbsp;<\/li>\n<li>Contient de la racine de pivoine, de l&#39;extrait de centella asiatica (favorise la production de collag&egrave;ne) et de l&#39;huile de ricin (propri&eacute;t&eacute;s fortifiantes, restructurantes, antifatigue et adoucissantes).<\/li>\n<\/ul>\n<p>\nContenu: le paquet contient 5 masques faciaux jetables de 28 ml.<\/p>\n<p>\n&nbsp;<\/p>\n","protected":false},"excerpt":{"rendered":"<p>Barberino&#39;s &#8211; Anti-Aging Face Sheet Mask &#8211; Masque facial anti-&acirc;ge en tissu L&#39;Anti-Aging Face Sheet Mask est un masque facial en tissu impr&eacute;gn&eacute; d&#39;un s&eacute;rum hydratant &agrave; base d&#39;extraits v&eacute;g&eacute;taux et marins. Pour pouvoir conserver le s&eacute;rum, le masque est livr&eacute; dans un emballage sous vide pratique et jetable. Gr&acirc;ce au s&eacute;rum &agrave; base d&#39;extraits &#8230; <a title=\"Barberino&#8217;s &#8211; Anti-Aging Face Sheet Mask\" class=\"read-more\" href=\"https:\/\/manskin.ethos-dev.ch\/fr\/produkt\/barberinos-anti-agingi-face-sheet-mask\/\" aria-label=\"En savoir plus sur Barberino&#8217;s &#8211; Anti-Aging Face Sheet Mask\">Lire la suite<\/a><\/p>\n","protected":false},"featured_media":61332,"comment_status":"closed","ping_status":"closed","template":"","meta":{"_acf_changed":false},"pwb-brand":[2882],"product_brand":[],"product_cat":[2883,2864,2345,2349,2352],"product_tag":[],"class_list":{"0":"post-61328","1":"product","2":"type-product","3":"status-publish","4":"has-post-thumbnail","6":"pwb-brand-barberinos","7":"product_cat-barberinos","8":"product_cat-masques-hydratants","9":"product_cat-fines-lignes-rides","10":"product_cat-peau-fatiguee","11":"product_cat-peau-seche","12":"product_shipping_class-standard-fr","13":"sales-flash-overlay","14":"woocommerce-text-align-center","15":"woocommerce-image-align-center","16":"do-quantity-buttons","17":"has-subscription-plans","19":"first","20":"instock","21":"taxable","22":"shipping-taxable","23":"purchasable","24":"product-type-simple"},"acf":[],"yoast_head":"<!-- This site is optimized with the Yoast SEO Premium plugin v24.8 (Yoast SEO v25.4) - https:\/\/yoast.com\/wordpress\/plugins\/seo\/ -->\n<title>Barberino&#039;s Anti-Aging Face Sheet Mask| maintenant chez Manskin.ch.<\/title>\n<meta name=\"description\" content=\"Profite des soins luxueux du masque anti-\u00e2ge pour visage Barberino&#039;s pour hommes. Choie ta peau avec un masque nourrissant qui la rendra rayonnante !\" \/>\n<meta name=\"robots\" content=\"noindex, follow, max-snippet:-1, max-image-preview:large, max-video-preview:-1\" \/>\n<meta property=\"og:locale\" content=\"fr_FR\" \/>\n<meta property=\"og:type\" content=\"article\" \/>\n<meta property=\"og:title\" content=\"Barberino&#039;s - Anti-Aging Face Sheet Mask\" \/>\n<meta property=\"og:description\" content=\"Profite des soins luxueux du masque anti-\u00e2ge pour visage Barberino&#039;s pour hommes. Choie ta peau avec un masque nourrissant qui la rendra rayonnante !\" \/>\n<meta property=\"og:url\" content=\"https:\/\/manskin.ethos-dev.ch\/fr\/produkt\/barberinos-anti-agingi-face-sheet-mask\/\" \/>\n<meta property=\"og:site_name\" content=\"Manskin.ch\" \/>\n<meta property=\"article:publisher\" content=\"https:\/\/www.facebook.com\/manskin.ch\" \/>\n<meta property=\"article:modified_time\" content=\"2025-05-04T20:22:06+00:00\" \/>\n<meta property=\"og:image\" content=\"https:\/\/manskin.ethos-dev.ch\/wp-content\/uploads\/2024\/10\/MascheraAnti-age3_d3fb80ea-8322-42db-965c-5d99907b5e8f_1000x1000.webp\" \/>\n\t<meta property=\"og:image:width\" content=\"800\" \/>\n\t<meta property=\"og:image:height\" content=\"800\" \/>\n\t<meta property=\"og:image:type\" content=\"image\/webp\" \/>\n<meta name=\"twitter:card\" content=\"summary_large_image\" \/>\n<meta name=\"twitter:label1\" content=\"Prix\" \/>\n\t<meta name=\"twitter:data1\" content=\"28.00&#067;&#072;&#070;\" \/>\n\t<meta name=\"twitter:label2\" content=\"Disponibilit\u00e9\" \/>\n\t<meta name=\"twitter:data2\" content=\"En stock\" \/>\n<script type=\"application\/ld+json\" class=\"yoast-schema-graph\">{\"@context\":\"https:\/\/schema.org\",\"@graph\":[{\"@type\":\"WebPage\",\"@id\":\"https:\/\/manskin.ethos-dev.ch\/fr\/produkt\/barberinos-anti-agingi-face-sheet-mask\/\",\"url\":\"https:\/\/manskin.ethos-dev.ch\/fr\/produkt\/barberinos-anti-agingi-face-sheet-mask\/\",\"name\":\"Barberino's Anti-Aging Face Sheet Mask| maintenant chez Manskin.ch.\",\"isPartOf\":{\"@id\":\"https:\/\/manskin.ethos-dev.ch\/#website\"},\"primaryImageOfPage\":{\"@id\":\"https:\/\/manskin.ethos-dev.ch\/fr\/produkt\/barberinos-anti-agingi-face-sheet-mask\/#primaryimage\"},\"image\":{\"@id\":\"https:\/\/manskin.ethos-dev.ch\/fr\/produkt\/barberinos-anti-agingi-face-sheet-mask\/#primaryimage\"},\"thumbnailUrl\":\"https:\/\/manskin.ethos-dev.ch\/wp-content\/uploads\/2024\/10\/MascheraAnti-age3_d3fb80ea-8322-42db-965c-5d99907b5e8f_1000x1000.webp\",\"datePublished\":\"2024-10-01T06:38:10+00:00\",\"dateModified\":\"2025-05-04T20:22:06+00:00\",\"description\":\"Profite des soins luxueux du masque anti-\u00e2ge pour visage Barberino's pour hommes. Choie ta peau avec un masque nourrissant qui la rendra rayonnante !\",\"breadcrumb\":{\"@id\":\"https:\/\/manskin.ethos-dev.ch\/fr\/produkt\/barberinos-anti-agingi-face-sheet-mask\/#breadcrumb\"},\"inLanguage\":\"fr-FR\",\"potentialAction\":[{\"@type\":\"ReadAction\",\"target\":[\"https:\/\/manskin.ethos-dev.ch\/fr\/produkt\/barberinos-anti-agingi-face-sheet-mask\/\"]}]},{\"@type\":\"ImageObject\",\"inLanguage\":\"fr-FR\",\"@id\":\"https:\/\/manskin.ethos-dev.ch\/fr\/produkt\/barberinos-anti-agingi-face-sheet-mask\/#primaryimage\",\"url\":\"https:\/\/manskin.ethos-dev.ch\/wp-content\/uploads\/2024\/10\/MascheraAnti-age3_d3fb80ea-8322-42db-965c-5d99907b5e8f_1000x1000.webp\",\"contentUrl\":\"https:\/\/manskin.ethos-dev.ch\/wp-content\/uploads\/2024\/10\/MascheraAnti-age3_d3fb80ea-8322-42db-965c-5d99907b5e8f_1000x1000.webp\",\"width\":800,\"height\":800},{\"@type\":\"BreadcrumbList\",\"@id\":\"https:\/\/manskin.ethos-dev.ch\/fr\/produkt\/barberinos-anti-agingi-face-sheet-mask\/#breadcrumb\",\"itemListElement\":[{\"@type\":\"ListItem\",\"position\":1,\"name\":\"Startseite\",\"item\":\"https:\/\/manskin.ethos-dev.ch\/fr\/\"},{\"@type\":\"ListItem\",\"position\":2,\"name\":\"Shop\",\"item\":\"https:\/\/manskin.ethos-dev.ch\/shop\/\"},{\"@type\":\"ListItem\",\"position\":3,\"name\":\"Barberino&#8217;s &#8211; Anti-Aging Face Sheet Mask\"}]},{\"@type\":\"WebSite\",\"@id\":\"https:\/\/manskin.ethos-dev.ch\/#website\",\"url\":\"https:\/\/manskin.ethos-dev.ch\/\",\"name\":\"Manskin.ch\",\"description\":\"Tous les produits de beaut\u00e9 pour les hommes les plus exigeants\",\"publisher\":{\"@id\":\"https:\/\/manskin.ethos-dev.ch\/#organization\"},\"potentialAction\":[{\"@type\":\"SearchAction\",\"target\":{\"@type\":\"EntryPoint\",\"urlTemplate\":\"https:\/\/manskin.ethos-dev.ch\/?s={search_term_string}\"},\"query-input\":{\"@type\":\"PropertyValueSpecification\",\"valueRequired\":true,\"valueName\":\"search_term_string\"}}],\"inLanguage\":\"fr-FR\"},{\"@type\":\"Organization\",\"@id\":\"https:\/\/manskin.ethos-dev.ch\/#organization\",\"name\":\"Manskin.ch - der Schweizer Onlineshop f\u00fcr qualit\u00e4tsstarke M\u00e4nnerpflege\",\"url\":\"https:\/\/manskin.ethos-dev.ch\/\",\"logo\":{\"@type\":\"ImageObject\",\"inLanguage\":\"fr-FR\",\"@id\":\"https:\/\/manskin.ethos-dev.ch\/#\/schema\/logo\/image\/\",\"url\":\"https:\/\/manskin.ethos-dev.ch\/wp-content\/uploads\/2021\/04\/cropped-logo_head.png\",\"contentUrl\":\"https:\/\/manskin.ethos-dev.ch\/wp-content\/uploads\/2021\/04\/cropped-logo_head.png\",\"width\":235,\"height\":75,\"caption\":\"Manskin.ch - der Schweizer Onlineshop f\u00fcr qualit\u00e4tsstarke M\u00e4nnerpflege\"},\"image\":{\"@id\":\"https:\/\/manskin.ethos-dev.ch\/#\/schema\/logo\/image\/\"},\"sameAs\":[\"https:\/\/www.facebook.com\/manskin.ch\",\"https:\/\/www.instagram.com\/manskin.ch\/\"]}]}<\/script>\n<meta property=\"product:price:amount\" content=\"28.00\" \/>\n<meta property=\"product:price:currency\" content=\"CHF\" \/>\n<meta property=\"og:availability\" content=\"instock\" \/>\n<meta property=\"product:availability\" content=\"instock\" \/>\n<meta property=\"product:retailer_item_id\" content=\"14169\" \/>\n<meta property=\"product:condition\" content=\"new\" \/>\n<!-- \/ Yoast SEO Premium plugin. -->","yoast_head_json":{"title":"Barberino's Anti-Aging Face Sheet Mask| maintenant chez Manskin.ch.","description":"Profite des soins luxueux du masque anti-\u00e2ge pour visage Barberino's pour hommes. Choie ta peau avec un masque nourrissant qui la rendra rayonnante !","robots":{"index":"noindex","follow":"follow","max-snippet":"max-snippet:-1","max-image-preview":"max-image-preview:large","max-video-preview":"max-video-preview:-1"},"og_locale":"fr_FR","og_type":"article","og_title":"Barberino's - Anti-Aging Face Sheet Mask","og_description":"Profite des soins luxueux du masque anti-\u00e2ge pour visage Barberino's pour hommes. Choie ta peau avec un masque nourrissant qui la rendra rayonnante !","og_url":"https:\/\/manskin.ethos-dev.ch\/fr\/produkt\/barberinos-anti-agingi-face-sheet-mask\/","og_site_name":"Manskin.ch","article_publisher":"https:\/\/www.facebook.com\/manskin.ch","article_modified_time":"2025-05-04T20:22:06+00:00","og_image":[{"width":800,"height":800,"url":"https:\/\/manskin.ethos-dev.ch\/wp-content\/uploads\/2024\/10\/MascheraAnti-age3_d3fb80ea-8322-42db-965c-5d99907b5e8f_1000x1000.webp","type":"image\/webp"}],"twitter_card":"summary_large_image","twitter_misc":{"Prix":"28.00&#67;&#72;&#70;","Disponibilit\u00e9":"En stock"},"schema":{"@context":"https:\/\/schema.org","@graph":[{"@type":"WebPage","@id":"https:\/\/manskin.ethos-dev.ch\/fr\/produkt\/barberinos-anti-agingi-face-sheet-mask\/","url":"https:\/\/manskin.ethos-dev.ch\/fr\/produkt\/barberinos-anti-agingi-face-sheet-mask\/","name":"Barberino's Anti-Aging Face Sheet Mask| maintenant chez Manskin.ch.","isPartOf":{"@id":"https:\/\/manskin.ethos-dev.ch\/#website"},"primaryImageOfPage":{"@id":"https:\/\/manskin.ethos-dev.ch\/fr\/produkt\/barberinos-anti-agingi-face-sheet-mask\/#primaryimage"},"image":{"@id":"https:\/\/manskin.ethos-dev.ch\/fr\/produkt\/barberinos-anti-agingi-face-sheet-mask\/#primaryimage"},"thumbnailUrl":"https:\/\/manskin.ethos-dev.ch\/wp-content\/uploads\/2024\/10\/MascheraAnti-age3_d3fb80ea-8322-42db-965c-5d99907b5e8f_1000x1000.webp","datePublished":"2024-10-01T06:38:10+00:00","dateModified":"2025-05-04T20:22:06+00:00","description":"Profite des soins luxueux du masque anti-\u00e2ge pour visage Barberino's pour hommes. Choie ta peau avec un masque nourrissant qui la rendra rayonnante !","breadcrumb":{"@id":"https:\/\/manskin.ethos-dev.ch\/fr\/produkt\/barberinos-anti-agingi-face-sheet-mask\/#breadcrumb"},"inLanguage":"fr-FR","potentialAction":[{"@type":"ReadAction","target":["https:\/\/manskin.ethos-dev.ch\/fr\/produkt\/barberinos-anti-agingi-face-sheet-mask\/"]}]},{"@type":"ImageObject","inLanguage":"fr-FR","@id":"https:\/\/manskin.ethos-dev.ch\/fr\/produkt\/barberinos-anti-agingi-face-sheet-mask\/#primaryimage","url":"https:\/\/manskin.ethos-dev.ch\/wp-content\/uploads\/2024\/10\/MascheraAnti-age3_d3fb80ea-8322-42db-965c-5d99907b5e8f_1000x1000.webp","contentUrl":"https:\/\/manskin.ethos-dev.ch\/wp-content\/uploads\/2024\/10\/MascheraAnti-age3_d3fb80ea-8322-42db-965c-5d99907b5e8f_1000x1000.webp","width":800,"height":800},{"@type":"BreadcrumbList","@id":"https:\/\/manskin.ethos-dev.ch\/fr\/produkt\/barberinos-anti-agingi-face-sheet-mask\/#breadcrumb","itemListElement":[{"@type":"ListItem","position":1,"name":"Startseite","item":"https:\/\/manskin.ethos-dev.ch\/fr\/"},{"@type":"ListItem","position":2,"name":"Shop","item":"https:\/\/manskin.ethos-dev.ch\/shop\/"},{"@type":"ListItem","position":3,"name":"Barberino&#8217;s &#8211; Anti-Aging Face Sheet Mask"}]},{"@type":"WebSite","@id":"https:\/\/manskin.ethos-dev.ch\/#website","url":"https:\/\/manskin.ethos-dev.ch\/","name":"Manskin.ch","description":"Tous les produits de beaut\u00e9 pour les hommes les plus exigeants","publisher":{"@id":"https:\/\/manskin.ethos-dev.ch\/#organization"},"potentialAction":[{"@type":"SearchAction","target":{"@type":"EntryPoint","urlTemplate":"https:\/\/manskin.ethos-dev.ch\/?s={search_term_string}"},"query-input":{"@type":"PropertyValueSpecification","valueRequired":true,"valueName":"search_term_string"}}],"inLanguage":"fr-FR"},{"@type":"Organization","@id":"https:\/\/manskin.ethos-dev.ch\/#organization","name":"Manskin.ch - der Schweizer Onlineshop f\u00fcr qualit\u00e4tsstarke M\u00e4nnerpflege","url":"https:\/\/manskin.ethos-dev.ch\/","logo":{"@type":"ImageObject","inLanguage":"fr-FR","@id":"https:\/\/manskin.ethos-dev.ch\/#\/schema\/logo\/image\/","url":"https:\/\/manskin.ethos-dev.ch\/wp-content\/uploads\/2021\/04\/cropped-logo_head.png","contentUrl":"https:\/\/manskin.ethos-dev.ch\/wp-content\/uploads\/2021\/04\/cropped-logo_head.png","width":235,"height":75,"caption":"Manskin.ch - der Schweizer Onlineshop f\u00fcr qualit\u00e4tsstarke M\u00e4nnerpflege"},"image":{"@id":"https:\/\/manskin.ethos-dev.ch\/#\/schema\/logo\/image\/"},"sameAs":["https:\/\/www.facebook.com\/manskin.ch","https:\/\/www.instagram.com\/manskin.ch\/"]}]},"product_price_amount":"28.00","product_price_currency":"CHF","og_availability":"instock","product_availability":"instock","product_retailer_item_id":"14169","product_condition":"new"},"brands":[{"id":2882,"name":"Barberino\u2019s","slug":"barberinos"}],"_links":{"self":[{"href":"https:\/\/manskin.ethos-dev.ch\/fr\/wp-json\/wp\/v2\/product\/61328","targetHints":{"allow":["GET"]}}],"collection":[{"href":"https:\/\/manskin.ethos-dev.ch\/fr\/wp-json\/wp\/v2\/product"}],"about":[{"href":"https:\/\/manskin.ethos-dev.ch\/fr\/wp-json\/wp\/v2\/types\/product"}],"replies":[{"embeddable":true,"href":"https:\/\/manskin.ethos-dev.ch\/fr\/wp-json\/wp\/v2\/comments?post=61328"}],"wp:featuredmedia":[{"embeddable":true,"href":"https:\/\/manskin.ethos-dev.ch\/fr\/wp-json\/wp\/v2\/media\/61332"}],"wp:attachment":[{"href":"https:\/\/manskin.ethos-dev.ch\/fr\/wp-json\/wp\/v2\/media?parent=61328"}],"wp:term":[{"taxonomy":"pwb-brand","embeddable":true,"href":"https:\/\/manskin.ethos-dev.ch\/fr\/wp-json\/wp\/v2\/pwb-brand?post=61328"},{"taxonomy":"product_brand","embeddable":true,"href":"https:\/\/manskin.ethos-dev.ch\/fr\/wp-json\/wp\/v2\/product_brand?post=61328"},{"taxonomy":"product_cat","embeddable":true,"href":"https:\/\/manskin.ethos-dev.ch\/fr\/wp-json\/wp\/v2\/product_cat?post=61328"},{"taxonomy":"product_tag","embeddable":true,"href":"https:\/\/manskin.ethos-dev.ch\/fr\/wp-json\/wp\/v2\/product_tag?post=61328"}],"curies":[{"name":"wp","href":"https:\/\/api.w.org\/{rel}","templated":true}]}}