{"id":61483,"date":"2024-10-04T18:19:23","date_gmt":"2024-10-04T16:19:23","guid":{"rendered":"https:\/\/manskin.ethos-dev.ch\/produkt\/hanz-de-fukio-claymation\/"},"modified":"2025-03-29T10:20:22","modified_gmt":"2025-03-29T09:20:22","slug":"hanz-de-fuko-gel-triq","status":"publish","type":"product","link":"https:\/\/manskin.ethos-dev.ch\/fr\/produkt\/hanz-de-fuko-gel-triq\/","title":{"rendered":"Hanz De Fuko &#8211; Gel Triq"},"content":{"rendered":"<h2>Hanz De Fuko &#8211;&nbsp;Gel Triq<\/h2>\n<ul>\n<li>Le premier gel coiffant au monde &agrave; base de sucre offre une tenue extr&ecirc;me.<\/li>\n<li>S&egrave;che rapidement et laisse les cheveux avec une brillance naturelle et mouill&eacute;e.<\/li>\n<li>Parfait pour les styles courts et dramatiques ou les looks &laquo; slicked &raquo; sur le dos.<br \/>\n\t&nbsp;<\/li>\n<li>Ingr&eacute;dients :\n<ul>\n<li>Huile de sauge: est li&eacute;e &agrave; la r&eacute;duction de la chute des cheveux en cas d&#39;alop&eacute;cie masculine.<\/li>\n<li>Huile de Spearmint : agit contre certains probl&egrave;mes du cuir chevelu, y compris les pellicules.<\/li>\n<li>Huile d&#39;eucalyptus : aide &agrave; lutter contre l&#39;inflammation du cuir chevelu et stimule les follicules pileux.<\/li>\n<li>Huile de clou de girofle : r&eacute;duit la chute des cheveux et favorise leur croissance.<\/li>\n<\/ul>\n<\/li>\n<\/ul>\n<p>Utilisation : peigner une petite quantit&eacute; avec les doigts dans les cheveux mouill&eacute;s pour obtenir une coiffure contr&ocirc;l&eacute;e et lisse. Pour des looks dramatiques, appliquer sur cheveux secs. Astuce de coiffage : frottez une petite quantit&eacute; entre vos paumes et soufflez dessus pendant quelques secondes juste avant l&#39;application pour activer le &laquo; sucre &raquo; du Gel Triq. Cela augmente le &laquo; collant &raquo; pour des coiffures qui s&egrave;chent rapidement avec moins de brillance.<\/p>\n<p>Contenu 237 ml.<\/p>\n","protected":false},"excerpt":{"rendered":"<p>Tenue extr\u00eame avec brillance mouill\u00e9e<\/p>\n","protected":false},"featured_media":61499,"comment_status":"closed","ping_status":"closed","template":"","meta":{"_acf_changed":false},"pwb-brand":[2764],"product_brand":[],"product_cat":[2340,2310,2699],"product_tag":[],"class_list":{"0":"post-61483","1":"product","2":"type-product","3":"status-publish","4":"has-post-thumbnail","6":"pwb-brand-hanz-de-fuko","7":"product_cat-cheveux","8":"product_cat-styling-cheveux","9":"product_cat-hanz-de-fuko-fr","10":"product_shipping_class-standard-fr","11":"sales-flash-overlay","12":"woocommerce-text-align-center","13":"woocommerce-image-align-center","14":"do-quantity-buttons","15":"has-subscription-plans","17":"first","18":"instock","19":"taxable","20":"shipping-taxable","21":"purchasable","22":"product-type-simple"},"acf":[],"yoast_head":"<!-- This site is optimized with the Yoast SEO Premium plugin v24.8 (Yoast SEO v25.4) - https:\/\/yoast.com\/wordpress\/plugins\/seo\/ -->\n<title>Hanz De Fuko Gel Triq : un styling parfait avec de la brillance | Manskin.ch<\/title>\n<meta name=\"description\" content=\"Gel pour une tenue extr\u00eame et une brillance naturelle. Parfait pour les styles courts et dramatiques ou les back looks \u00ab slic\u00e9s \u00bb. Procure-toi le gel Hanz de fuko Triq ! \ud83d\udcaa\" \/>\n<meta name=\"robots\" content=\"noindex, follow, max-snippet:-1, max-image-preview:large, max-video-preview:-1\" \/>\n<meta property=\"og:locale\" content=\"fr_FR\" \/>\n<meta property=\"og:type\" content=\"article\" \/>\n<meta property=\"og:title\" content=\"Hanz De Fuko - Gel Triq\" \/>\n<meta property=\"og:description\" content=\"Gel pour une tenue extr\u00eame et une brillance naturelle. Parfait pour les styles courts et dramatiques ou les back looks \u00ab slic\u00e9s \u00bb. Procure-toi le gel Hanz de fuko Triq ! \ud83d\udcaa\" \/>\n<meta property=\"og:url\" content=\"https:\/\/manskin.ethos-dev.ch\/fr\/produkt\/hanz-de-fuko-gel-triq\/\" \/>\n<meta property=\"og:site_name\" content=\"Manskin.ch\" \/>\n<meta property=\"article:publisher\" content=\"https:\/\/www.facebook.com\/manskin.ch\" \/>\n<meta property=\"article:modified_time\" content=\"2025-03-29T09:20:22+00:00\" \/>\n<meta property=\"og:image\" content=\"https:\/\/manskin.ethos-dev.ch\/wp-content\/uploads\/2024\/10\/Gel-Triq-High-Quality.webp\" \/>\n\t<meta property=\"og:image:width\" content=\"800\" \/>\n\t<meta property=\"og:image:height\" content=\"800\" \/>\n\t<meta property=\"og:image:type\" content=\"image\/webp\" \/>\n<meta name=\"twitter:card\" content=\"summary_large_image\" \/>\n<meta name=\"twitter:label1\" content=\"Prix\" \/>\n\t<meta name=\"twitter:data1\" content=\"30.00&#067;&#072;&#070;\" \/>\n\t<meta name=\"twitter:label2\" content=\"Disponibilit\u00e9\" \/>\n\t<meta name=\"twitter:data2\" content=\"En stock\" \/>\n<script type=\"application\/ld+json\" class=\"yoast-schema-graph\">{\"@context\":\"https:\/\/schema.org\",\"@graph\":[{\"@type\":\"WebPage\",\"@id\":\"https:\/\/manskin.ethos-dev.ch\/fr\/produkt\/hanz-de-fuko-gel-triq\/\",\"url\":\"https:\/\/manskin.ethos-dev.ch\/fr\/produkt\/hanz-de-fuko-gel-triq\/\",\"name\":\"Hanz De Fuko Gel Triq : un styling parfait avec de la brillance | Manskin.ch\",\"isPartOf\":{\"@id\":\"https:\/\/manskin.ethos-dev.ch\/#website\"},\"primaryImageOfPage\":{\"@id\":\"https:\/\/manskin.ethos-dev.ch\/fr\/produkt\/hanz-de-fuko-gel-triq\/#primaryimage\"},\"image\":{\"@id\":\"https:\/\/manskin.ethos-dev.ch\/fr\/produkt\/hanz-de-fuko-gel-triq\/#primaryimage\"},\"thumbnailUrl\":\"https:\/\/manskin.ethos-dev.ch\/wp-content\/uploads\/2024\/10\/Gel-Triq-High-Quality.webp\",\"datePublished\":\"2024-10-04T16:19:23+00:00\",\"dateModified\":\"2025-03-29T09:20:22+00:00\",\"description\":\"Gel pour une tenue extr\u00eame et une brillance naturelle. Parfait pour les styles courts et dramatiques ou les back looks \u00ab slic\u00e9s \u00bb. Procure-toi le gel Hanz de fuko Triq ! \ud83d\udcaa\",\"breadcrumb\":{\"@id\":\"https:\/\/manskin.ethos-dev.ch\/fr\/produkt\/hanz-de-fuko-gel-triq\/#breadcrumb\"},\"inLanguage\":\"fr-FR\",\"potentialAction\":[{\"@type\":\"ReadAction\",\"target\":[\"https:\/\/manskin.ethos-dev.ch\/fr\/produkt\/hanz-de-fuko-gel-triq\/\"]}]},{\"@type\":\"ImageObject\",\"inLanguage\":\"fr-FR\",\"@id\":\"https:\/\/manskin.ethos-dev.ch\/fr\/produkt\/hanz-de-fuko-gel-triq\/#primaryimage\",\"url\":\"https:\/\/manskin.ethos-dev.ch\/wp-content\/uploads\/2024\/10\/Gel-Triq-High-Quality.webp\",\"contentUrl\":\"https:\/\/manskin.ethos-dev.ch\/wp-content\/uploads\/2024\/10\/Gel-Triq-High-Quality.webp\",\"width\":800,\"height\":800},{\"@type\":\"BreadcrumbList\",\"@id\":\"https:\/\/manskin.ethos-dev.ch\/fr\/produkt\/hanz-de-fuko-gel-triq\/#breadcrumb\",\"itemListElement\":[{\"@type\":\"ListItem\",\"position\":1,\"name\":\"Startseite\",\"item\":\"https:\/\/manskin.ethos-dev.ch\/fr\/\"},{\"@type\":\"ListItem\",\"position\":2,\"name\":\"Shop\",\"item\":\"https:\/\/manskin.ethos-dev.ch\/shop\/\"},{\"@type\":\"ListItem\",\"position\":3,\"name\":\"Hanz De Fuko &#8211; Gel Triq\"}]},{\"@type\":\"WebSite\",\"@id\":\"https:\/\/manskin.ethos-dev.ch\/#website\",\"url\":\"https:\/\/manskin.ethos-dev.ch\/\",\"name\":\"Manskin.ch\",\"description\":\"Tous les produits de beaut\u00e9 pour les hommes les plus exigeants\",\"publisher\":{\"@id\":\"https:\/\/manskin.ethos-dev.ch\/#organization\"},\"potentialAction\":[{\"@type\":\"SearchAction\",\"target\":{\"@type\":\"EntryPoint\",\"urlTemplate\":\"https:\/\/manskin.ethos-dev.ch\/?s={search_term_string}\"},\"query-input\":{\"@type\":\"PropertyValueSpecification\",\"valueRequired\":true,\"valueName\":\"search_term_string\"}}],\"inLanguage\":\"fr-FR\"},{\"@type\":\"Organization\",\"@id\":\"https:\/\/manskin.ethos-dev.ch\/#organization\",\"name\":\"Manskin.ch - der Schweizer Onlineshop f\u00fcr qualit\u00e4tsstarke M\u00e4nnerpflege\",\"url\":\"https:\/\/manskin.ethos-dev.ch\/\",\"logo\":{\"@type\":\"ImageObject\",\"inLanguage\":\"fr-FR\",\"@id\":\"https:\/\/manskin.ethos-dev.ch\/#\/schema\/logo\/image\/\",\"url\":\"https:\/\/manskin.ethos-dev.ch\/wp-content\/uploads\/2021\/04\/cropped-logo_head.png\",\"contentUrl\":\"https:\/\/manskin.ethos-dev.ch\/wp-content\/uploads\/2021\/04\/cropped-logo_head.png\",\"width\":235,\"height\":75,\"caption\":\"Manskin.ch - der Schweizer Onlineshop f\u00fcr qualit\u00e4tsstarke M\u00e4nnerpflege\"},\"image\":{\"@id\":\"https:\/\/manskin.ethos-dev.ch\/#\/schema\/logo\/image\/\"},\"sameAs\":[\"https:\/\/www.facebook.com\/manskin.ch\",\"https:\/\/www.instagram.com\/manskin.ch\/\"]}]}<\/script>\n<meta property=\"product:price:amount\" content=\"30.00\" \/>\n<meta property=\"product:price:currency\" content=\"CHF\" \/>\n<meta property=\"og:availability\" content=\"instock\" \/>\n<meta property=\"product:availability\" content=\"instock\" \/>\n<meta property=\"product:retailer_item_id\" content=\"14175\" \/>\n<meta property=\"product:condition\" content=\"new\" \/>\n<!-- \/ Yoast SEO Premium plugin. -->","yoast_head_json":{"title":"Hanz De Fuko Gel Triq : un styling parfait avec de la brillance | Manskin.ch","description":"Gel pour une tenue extr\u00eame et une brillance naturelle. Parfait pour les styles courts et dramatiques ou les back looks \u00ab slic\u00e9s \u00bb. Procure-toi le gel Hanz de fuko Triq ! \ud83d\udcaa","robots":{"index":"noindex","follow":"follow","max-snippet":"max-snippet:-1","max-image-preview":"max-image-preview:large","max-video-preview":"max-video-preview:-1"},"og_locale":"fr_FR","og_type":"article","og_title":"Hanz De Fuko - Gel Triq","og_description":"Gel pour une tenue extr\u00eame et une brillance naturelle. Parfait pour les styles courts et dramatiques ou les back looks \u00ab slic\u00e9s \u00bb. Procure-toi le gel Hanz de fuko Triq ! \ud83d\udcaa","og_url":"https:\/\/manskin.ethos-dev.ch\/fr\/produkt\/hanz-de-fuko-gel-triq\/","og_site_name":"Manskin.ch","article_publisher":"https:\/\/www.facebook.com\/manskin.ch","article_modified_time":"2025-03-29T09:20:22+00:00","og_image":[{"width":800,"height":800,"url":"https:\/\/manskin.ethos-dev.ch\/wp-content\/uploads\/2024\/10\/Gel-Triq-High-Quality.webp","type":"image\/webp"}],"twitter_card":"summary_large_image","twitter_misc":{"Prix":"30.00&#67;&#72;&#70;","Disponibilit\u00e9":"En stock"},"schema":{"@context":"https:\/\/schema.org","@graph":[{"@type":"WebPage","@id":"https:\/\/manskin.ethos-dev.ch\/fr\/produkt\/hanz-de-fuko-gel-triq\/","url":"https:\/\/manskin.ethos-dev.ch\/fr\/produkt\/hanz-de-fuko-gel-triq\/","name":"Hanz De Fuko Gel Triq : un styling parfait avec de la brillance | Manskin.ch","isPartOf":{"@id":"https:\/\/manskin.ethos-dev.ch\/#website"},"primaryImageOfPage":{"@id":"https:\/\/manskin.ethos-dev.ch\/fr\/produkt\/hanz-de-fuko-gel-triq\/#primaryimage"},"image":{"@id":"https:\/\/manskin.ethos-dev.ch\/fr\/produkt\/hanz-de-fuko-gel-triq\/#primaryimage"},"thumbnailUrl":"https:\/\/manskin.ethos-dev.ch\/wp-content\/uploads\/2024\/10\/Gel-Triq-High-Quality.webp","datePublished":"2024-10-04T16:19:23+00:00","dateModified":"2025-03-29T09:20:22+00:00","description":"Gel pour une tenue extr\u00eame et une brillance naturelle. Parfait pour les styles courts et dramatiques ou les back looks \u00ab slic\u00e9s \u00bb. Procure-toi le gel Hanz de fuko Triq ! \ud83d\udcaa","breadcrumb":{"@id":"https:\/\/manskin.ethos-dev.ch\/fr\/produkt\/hanz-de-fuko-gel-triq\/#breadcrumb"},"inLanguage":"fr-FR","potentialAction":[{"@type":"ReadAction","target":["https:\/\/manskin.ethos-dev.ch\/fr\/produkt\/hanz-de-fuko-gel-triq\/"]}]},{"@type":"ImageObject","inLanguage":"fr-FR","@id":"https:\/\/manskin.ethos-dev.ch\/fr\/produkt\/hanz-de-fuko-gel-triq\/#primaryimage","url":"https:\/\/manskin.ethos-dev.ch\/wp-content\/uploads\/2024\/10\/Gel-Triq-High-Quality.webp","contentUrl":"https:\/\/manskin.ethos-dev.ch\/wp-content\/uploads\/2024\/10\/Gel-Triq-High-Quality.webp","width":800,"height":800},{"@type":"BreadcrumbList","@id":"https:\/\/manskin.ethos-dev.ch\/fr\/produkt\/hanz-de-fuko-gel-triq\/#breadcrumb","itemListElement":[{"@type":"ListItem","position":1,"name":"Startseite","item":"https:\/\/manskin.ethos-dev.ch\/fr\/"},{"@type":"ListItem","position":2,"name":"Shop","item":"https:\/\/manskin.ethos-dev.ch\/shop\/"},{"@type":"ListItem","position":3,"name":"Hanz De Fuko &#8211; Gel Triq"}]},{"@type":"WebSite","@id":"https:\/\/manskin.ethos-dev.ch\/#website","url":"https:\/\/manskin.ethos-dev.ch\/","name":"Manskin.ch","description":"Tous les produits de beaut\u00e9 pour les hommes les plus exigeants","publisher":{"@id":"https:\/\/manskin.ethos-dev.ch\/#organization"},"potentialAction":[{"@type":"SearchAction","target":{"@type":"EntryPoint","urlTemplate":"https:\/\/manskin.ethos-dev.ch\/?s={search_term_string}"},"query-input":{"@type":"PropertyValueSpecification","valueRequired":true,"valueName":"search_term_string"}}],"inLanguage":"fr-FR"},{"@type":"Organization","@id":"https:\/\/manskin.ethos-dev.ch\/#organization","name":"Manskin.ch - der Schweizer Onlineshop f\u00fcr qualit\u00e4tsstarke M\u00e4nnerpflege","url":"https:\/\/manskin.ethos-dev.ch\/","logo":{"@type":"ImageObject","inLanguage":"fr-FR","@id":"https:\/\/manskin.ethos-dev.ch\/#\/schema\/logo\/image\/","url":"https:\/\/manskin.ethos-dev.ch\/wp-content\/uploads\/2021\/04\/cropped-logo_head.png","contentUrl":"https:\/\/manskin.ethos-dev.ch\/wp-content\/uploads\/2021\/04\/cropped-logo_head.png","width":235,"height":75,"caption":"Manskin.ch - der Schweizer Onlineshop f\u00fcr qualit\u00e4tsstarke M\u00e4nnerpflege"},"image":{"@id":"https:\/\/manskin.ethos-dev.ch\/#\/schema\/logo\/image\/"},"sameAs":["https:\/\/www.facebook.com\/manskin.ch","https:\/\/www.instagram.com\/manskin.ch\/"]}]},"product_price_amount":"30.00","product_price_currency":"CHF","og_availability":"instock","product_availability":"instock","product_retailer_item_id":"14175","product_condition":"new"},"brands":[{"id":2764,"name":"Hanz de Fuko","slug":"hanz-de-fuko"}],"_links":{"self":[{"href":"https:\/\/manskin.ethos-dev.ch\/fr\/wp-json\/wp\/v2\/product\/61483","targetHints":{"allow":["GET"]}}],"collection":[{"href":"https:\/\/manskin.ethos-dev.ch\/fr\/wp-json\/wp\/v2\/product"}],"about":[{"href":"https:\/\/manskin.ethos-dev.ch\/fr\/wp-json\/wp\/v2\/types\/product"}],"replies":[{"embeddable":true,"href":"https:\/\/manskin.ethos-dev.ch\/fr\/wp-json\/wp\/v2\/comments?post=61483"}],"wp:featuredmedia":[{"embeddable":true,"href":"https:\/\/manskin.ethos-dev.ch\/fr\/wp-json\/wp\/v2\/media\/61499"}],"wp:attachment":[{"href":"https:\/\/manskin.ethos-dev.ch\/fr\/wp-json\/wp\/v2\/media?parent=61483"}],"wp:term":[{"taxonomy":"pwb-brand","embeddable":true,"href":"https:\/\/manskin.ethos-dev.ch\/fr\/wp-json\/wp\/v2\/pwb-brand?post=61483"},{"taxonomy":"product_brand","embeddable":true,"href":"https:\/\/manskin.ethos-dev.ch\/fr\/wp-json\/wp\/v2\/product_brand?post=61483"},{"taxonomy":"product_cat","embeddable":true,"href":"https:\/\/manskin.ethos-dev.ch\/fr\/wp-json\/wp\/v2\/product_cat?post=61483"},{"taxonomy":"product_tag","embeddable":true,"href":"https:\/\/manskin.ethos-dev.ch\/fr\/wp-json\/wp\/v2\/product_tag?post=61483"}],"curies":[{"name":"wp","href":"https:\/\/api.w.org\/{rel}","templated":true}]}}