{"id":61489,"date":"2024-10-04T21:07:56","date_gmt":"2024-10-04T19:07:56","guid":{"rendered":"https:\/\/manskin.ethos-dev.ch\/produkt\/anthony-glycolic-exfoliating-wipes-3\/"},"modified":"2025-05-19T08:50:47","modified_gmt":"2025-05-19T06:50:47","slug":"anthony-glycolic-exfoliating-wipes","status":"publish","type":"product","link":"https:\/\/manskin.ethos-dev.ch\/fr\/produkt\/anthony-glycolic-exfoliating-wipes\/","title":{"rendered":"Anthony &#8211; Lingettes visage Glycolic Exfoliating Wipes"},"content":{"rendered":"<h2>Anthony &#8211; Purifying Astringent Pads Disques Nettoyants<\/h2>\n<ul>\n<li>Fais passer ta routine de nettoyage au niveau sup&eacute;rieur avec ces disques nettoyants qui dissolvent la salet&eacute;, contr&ocirc;lent l&#39;&eacute;clat, resserrent les pores, affinent et rafra&icirc;chissent.<\/li>\n<li>Que tu sois en d&eacute;placement ou &agrave; la maison, il te suffit d&#39;essuyer ton visage rapidement et facilement avec un disque humidifi&eacute; contenant de l&#39;hamam&eacute;lis, des agrumes, de l&#39;aloe vera, de la menthe poivr&eacute;e et de l&#39;acide az&eacute;la&iuml;que pour apaiser ta peau, contr&ocirc;ler les irritations et les rougeurs et rafra&icirc;chir ta journ&eacute;e.<\/li>\n<li>Non com&eacute;dog&egrave;ne (n&#39;obstrue pas les pores)<\/li>\n<li>Laisse un fini mat et velout&eacute;<\/li>\n<li>Exempt de silicones<\/li>\n<li>Soin de la peau &agrave; base de plantes<\/li>\n<li>Test&eacute; sous contr&ocirc;le dermatologique<\/li>\n<\/ul>\n<p>\nQuantit&eacute; : 60 pads<\/p>\n","protected":false},"excerpt":{"rendered":"<p>Lingettes nettoyants pour le visage<\/p>\n","protected":false},"featured_media":61494,"comment_status":"closed","ping_status":"closed","template":"","meta":{"_acf_changed":false},"pwb-brand":[2751],"product_brand":[],"product_cat":[2333,2316],"product_tag":[],"class_list":{"0":"post-61489","1":"product","2":"type-product","3":"status-publish","4":"has-post-thumbnail","6":"pwb-brand-anthony","7":"product_cat-nettoyants-visage","8":"product_cat-anthony","9":"product_shipping_class-standard-fr","10":"sales-flash-overlay","11":"woocommerce-text-align-center","12":"woocommerce-image-align-center","13":"do-quantity-buttons","14":"wc-has-gallery","15":"has-subscription-plans","17":"first","18":"instock","19":"taxable","20":"shipping-taxable","21":"purchasable","22":"product-type-simple"},"acf":[],"yoast_head":"<!-- This site is optimized with the Yoast SEO Premium plugin v24.8 (Yoast SEO v25.4) - https:\/\/yoast.com\/wordpress\/plugins\/seo\/ -->\n<title>Anthony - Lingettes visage Glycolic Exfoliating Wipes | Manskin.ch<\/title>\n<meta name=\"description\" content=\"Am\u00e9liore ta peau avec les Anthony Astringent Pads. Affine les pores, contr\u00f4le le s\u00e9bum et offre un coup de frais \u00e0 ton teint.\" \/>\n<meta name=\"robots\" content=\"noindex, follow, max-snippet:-1, max-image-preview:large, max-video-preview:-1\" \/>\n<meta property=\"og:locale\" content=\"fr_FR\" \/>\n<meta property=\"og:type\" content=\"article\" \/>\n<meta property=\"og:title\" content=\"Anthony - Lingettes visage Glycolic Exfoliating Wipes\" \/>\n<meta property=\"og:description\" content=\"Am\u00e9liore ta peau avec les Anthony Astringent Pads. Affine les pores, contr\u00f4le le s\u00e9bum et offre un coup de frais \u00e0 ton teint.\" \/>\n<meta property=\"og:url\" content=\"https:\/\/manskin.ethos-dev.ch\/fr\/produkt\/anthony-glycolic-exfoliating-wipes\/\" \/>\n<meta property=\"og:site_name\" content=\"Manskin.ch\" \/>\n<meta property=\"article:publisher\" content=\"https:\/\/www.facebook.com\/manskin.ch\" \/>\n<meta property=\"article:modified_time\" content=\"2025-05-19T06:50:47+00:00\" \/>\n<meta property=\"og:image\" content=\"https:\/\/manskin.ethos-dev.ch\/wp-content\/uploads\/2024\/10\/anthony.2000x2000_0009_PurifyingAstringentPadsFRONT.webp\" \/>\n\t<meta property=\"og:image:width\" content=\"800\" \/>\n\t<meta property=\"og:image:height\" content=\"800\" \/>\n\t<meta property=\"og:image:type\" content=\"image\/webp\" \/>\n<meta name=\"twitter:card\" content=\"summary_large_image\" \/>\n<meta name=\"twitter:label1\" content=\"Prix\" \/>\n\t<meta name=\"twitter:data1\" content=\"24.00&#067;&#072;&#070;\" \/>\n\t<meta name=\"twitter:label2\" content=\"Disponibilit\u00e9\" \/>\n\t<meta name=\"twitter:data2\" content=\"En stock\" \/>\n<script type=\"application\/ld+json\" class=\"yoast-schema-graph\">{\"@context\":\"https:\/\/schema.org\",\"@graph\":[{\"@type\":\"WebPage\",\"@id\":\"https:\/\/manskin.ethos-dev.ch\/fr\/produkt\/anthony-glycolic-exfoliating-wipes\/\",\"url\":\"https:\/\/manskin.ethos-dev.ch\/fr\/produkt\/anthony-glycolic-exfoliating-wipes\/\",\"name\":\"Anthony - Lingettes visage Glycolic Exfoliating Wipes | Manskin.ch\",\"isPartOf\":{\"@id\":\"https:\/\/manskin.ethos-dev.ch\/#website\"},\"primaryImageOfPage\":{\"@id\":\"https:\/\/manskin.ethos-dev.ch\/fr\/produkt\/anthony-glycolic-exfoliating-wipes\/#primaryimage\"},\"image\":{\"@id\":\"https:\/\/manskin.ethos-dev.ch\/fr\/produkt\/anthony-glycolic-exfoliating-wipes\/#primaryimage\"},\"thumbnailUrl\":\"https:\/\/manskin.ethos-dev.ch\/wp-content\/uploads\/2024\/10\/anthony.2000x2000_0009_PurifyingAstringentPadsFRONT.webp\",\"datePublished\":\"2024-10-04T19:07:56+00:00\",\"dateModified\":\"2025-05-19T06:50:47+00:00\",\"description\":\"Am\u00e9liore ta peau avec les Anthony Astringent Pads. Affine les pores, contr\u00f4le le s\u00e9bum et offre un coup de frais \u00e0 ton teint.\",\"breadcrumb\":{\"@id\":\"https:\/\/manskin.ethos-dev.ch\/fr\/produkt\/anthony-glycolic-exfoliating-wipes\/#breadcrumb\"},\"inLanguage\":\"fr-FR\",\"potentialAction\":[{\"@type\":\"ReadAction\",\"target\":[\"https:\/\/manskin.ethos-dev.ch\/fr\/produkt\/anthony-glycolic-exfoliating-wipes\/\"]}]},{\"@type\":\"ImageObject\",\"inLanguage\":\"fr-FR\",\"@id\":\"https:\/\/manskin.ethos-dev.ch\/fr\/produkt\/anthony-glycolic-exfoliating-wipes\/#primaryimage\",\"url\":\"https:\/\/manskin.ethos-dev.ch\/wp-content\/uploads\/2024\/10\/anthony.2000x2000_0009_PurifyingAstringentPadsFRONT.webp\",\"contentUrl\":\"https:\/\/manskin.ethos-dev.ch\/wp-content\/uploads\/2024\/10\/anthony.2000x2000_0009_PurifyingAstringentPadsFRONT.webp\",\"width\":800,\"height\":800},{\"@type\":\"BreadcrumbList\",\"@id\":\"https:\/\/manskin.ethos-dev.ch\/fr\/produkt\/anthony-glycolic-exfoliating-wipes\/#breadcrumb\",\"itemListElement\":[{\"@type\":\"ListItem\",\"position\":1,\"name\":\"Startseite\",\"item\":\"https:\/\/manskin.ethos-dev.ch\/fr\/\"},{\"@type\":\"ListItem\",\"position\":2,\"name\":\"Shop\",\"item\":\"https:\/\/manskin.ethos-dev.ch\/shop\/\"},{\"@type\":\"ListItem\",\"position\":3,\"name\":\"Anthony &#8211; Lingettes visage Glycolic Exfoliating Wipes\"}]},{\"@type\":\"WebSite\",\"@id\":\"https:\/\/manskin.ethos-dev.ch\/#website\",\"url\":\"https:\/\/manskin.ethos-dev.ch\/\",\"name\":\"Manskin.ch\",\"description\":\"Tous les produits de beaut\u00e9 pour les hommes les plus exigeants\",\"publisher\":{\"@id\":\"https:\/\/manskin.ethos-dev.ch\/#organization\"},\"potentialAction\":[{\"@type\":\"SearchAction\",\"target\":{\"@type\":\"EntryPoint\",\"urlTemplate\":\"https:\/\/manskin.ethos-dev.ch\/?s={search_term_string}\"},\"query-input\":{\"@type\":\"PropertyValueSpecification\",\"valueRequired\":true,\"valueName\":\"search_term_string\"}}],\"inLanguage\":\"fr-FR\"},{\"@type\":\"Organization\",\"@id\":\"https:\/\/manskin.ethos-dev.ch\/#organization\",\"name\":\"Manskin.ch - der Schweizer Onlineshop f\u00fcr qualit\u00e4tsstarke M\u00e4nnerpflege\",\"url\":\"https:\/\/manskin.ethos-dev.ch\/\",\"logo\":{\"@type\":\"ImageObject\",\"inLanguage\":\"fr-FR\",\"@id\":\"https:\/\/manskin.ethos-dev.ch\/#\/schema\/logo\/image\/\",\"url\":\"https:\/\/manskin.ethos-dev.ch\/wp-content\/uploads\/2021\/04\/cropped-logo_head.png\",\"contentUrl\":\"https:\/\/manskin.ethos-dev.ch\/wp-content\/uploads\/2021\/04\/cropped-logo_head.png\",\"width\":235,\"height\":75,\"caption\":\"Manskin.ch - der Schweizer Onlineshop f\u00fcr qualit\u00e4tsstarke M\u00e4nnerpflege\"},\"image\":{\"@id\":\"https:\/\/manskin.ethos-dev.ch\/#\/schema\/logo\/image\/\"},\"sameAs\":[\"https:\/\/www.facebook.com\/manskin.ch\",\"https:\/\/www.instagram.com\/manskin.ch\/\"]}]}<\/script>\n<meta property=\"product:price:amount\" content=\"24.00\" \/>\n<meta property=\"product:price:currency\" content=\"CHF\" \/>\n<meta property=\"og:availability\" content=\"instock\" \/>\n<meta property=\"product:availability\" content=\"instock\" \/>\n<meta property=\"product:retailer_item_id\" content=\"14176\" \/>\n<meta property=\"product:condition\" content=\"new\" \/>\n<!-- \/ Yoast SEO Premium plugin. -->","yoast_head_json":{"title":"Anthony - Lingettes visage Glycolic Exfoliating Wipes | Manskin.ch","description":"Am\u00e9liore ta peau avec les Anthony Astringent Pads. Affine les pores, contr\u00f4le le s\u00e9bum et offre un coup de frais \u00e0 ton teint.","robots":{"index":"noindex","follow":"follow","max-snippet":"max-snippet:-1","max-image-preview":"max-image-preview:large","max-video-preview":"max-video-preview:-1"},"og_locale":"fr_FR","og_type":"article","og_title":"Anthony - Lingettes visage Glycolic Exfoliating Wipes","og_description":"Am\u00e9liore ta peau avec les Anthony Astringent Pads. Affine les pores, contr\u00f4le le s\u00e9bum et offre un coup de frais \u00e0 ton teint.","og_url":"https:\/\/manskin.ethos-dev.ch\/fr\/produkt\/anthony-glycolic-exfoliating-wipes\/","og_site_name":"Manskin.ch","article_publisher":"https:\/\/www.facebook.com\/manskin.ch","article_modified_time":"2025-05-19T06:50:47+00:00","og_image":[{"width":800,"height":800,"url":"https:\/\/manskin.ethos-dev.ch\/wp-content\/uploads\/2024\/10\/anthony.2000x2000_0009_PurifyingAstringentPadsFRONT.webp","type":"image\/webp"}],"twitter_card":"summary_large_image","twitter_misc":{"Prix":"24.00&#67;&#72;&#70;","Disponibilit\u00e9":"En stock"},"schema":{"@context":"https:\/\/schema.org","@graph":[{"@type":"WebPage","@id":"https:\/\/manskin.ethos-dev.ch\/fr\/produkt\/anthony-glycolic-exfoliating-wipes\/","url":"https:\/\/manskin.ethos-dev.ch\/fr\/produkt\/anthony-glycolic-exfoliating-wipes\/","name":"Anthony - Lingettes visage Glycolic Exfoliating Wipes | Manskin.ch","isPartOf":{"@id":"https:\/\/manskin.ethos-dev.ch\/#website"},"primaryImageOfPage":{"@id":"https:\/\/manskin.ethos-dev.ch\/fr\/produkt\/anthony-glycolic-exfoliating-wipes\/#primaryimage"},"image":{"@id":"https:\/\/manskin.ethos-dev.ch\/fr\/produkt\/anthony-glycolic-exfoliating-wipes\/#primaryimage"},"thumbnailUrl":"https:\/\/manskin.ethos-dev.ch\/wp-content\/uploads\/2024\/10\/anthony.2000x2000_0009_PurifyingAstringentPadsFRONT.webp","datePublished":"2024-10-04T19:07:56+00:00","dateModified":"2025-05-19T06:50:47+00:00","description":"Am\u00e9liore ta peau avec les Anthony Astringent Pads. Affine les pores, contr\u00f4le le s\u00e9bum et offre un coup de frais \u00e0 ton teint.","breadcrumb":{"@id":"https:\/\/manskin.ethos-dev.ch\/fr\/produkt\/anthony-glycolic-exfoliating-wipes\/#breadcrumb"},"inLanguage":"fr-FR","potentialAction":[{"@type":"ReadAction","target":["https:\/\/manskin.ethos-dev.ch\/fr\/produkt\/anthony-glycolic-exfoliating-wipes\/"]}]},{"@type":"ImageObject","inLanguage":"fr-FR","@id":"https:\/\/manskin.ethos-dev.ch\/fr\/produkt\/anthony-glycolic-exfoliating-wipes\/#primaryimage","url":"https:\/\/manskin.ethos-dev.ch\/wp-content\/uploads\/2024\/10\/anthony.2000x2000_0009_PurifyingAstringentPadsFRONT.webp","contentUrl":"https:\/\/manskin.ethos-dev.ch\/wp-content\/uploads\/2024\/10\/anthony.2000x2000_0009_PurifyingAstringentPadsFRONT.webp","width":800,"height":800},{"@type":"BreadcrumbList","@id":"https:\/\/manskin.ethos-dev.ch\/fr\/produkt\/anthony-glycolic-exfoliating-wipes\/#breadcrumb","itemListElement":[{"@type":"ListItem","position":1,"name":"Startseite","item":"https:\/\/manskin.ethos-dev.ch\/fr\/"},{"@type":"ListItem","position":2,"name":"Shop","item":"https:\/\/manskin.ethos-dev.ch\/shop\/"},{"@type":"ListItem","position":3,"name":"Anthony &#8211; Lingettes visage Glycolic Exfoliating Wipes"}]},{"@type":"WebSite","@id":"https:\/\/manskin.ethos-dev.ch\/#website","url":"https:\/\/manskin.ethos-dev.ch\/","name":"Manskin.ch","description":"Tous les produits de beaut\u00e9 pour les hommes les plus exigeants","publisher":{"@id":"https:\/\/manskin.ethos-dev.ch\/#organization"},"potentialAction":[{"@type":"SearchAction","target":{"@type":"EntryPoint","urlTemplate":"https:\/\/manskin.ethos-dev.ch\/?s={search_term_string}"},"query-input":{"@type":"PropertyValueSpecification","valueRequired":true,"valueName":"search_term_string"}}],"inLanguage":"fr-FR"},{"@type":"Organization","@id":"https:\/\/manskin.ethos-dev.ch\/#organization","name":"Manskin.ch - der Schweizer Onlineshop f\u00fcr qualit\u00e4tsstarke M\u00e4nnerpflege","url":"https:\/\/manskin.ethos-dev.ch\/","logo":{"@type":"ImageObject","inLanguage":"fr-FR","@id":"https:\/\/manskin.ethos-dev.ch\/#\/schema\/logo\/image\/","url":"https:\/\/manskin.ethos-dev.ch\/wp-content\/uploads\/2021\/04\/cropped-logo_head.png","contentUrl":"https:\/\/manskin.ethos-dev.ch\/wp-content\/uploads\/2021\/04\/cropped-logo_head.png","width":235,"height":75,"caption":"Manskin.ch - der Schweizer Onlineshop f\u00fcr qualit\u00e4tsstarke M\u00e4nnerpflege"},"image":{"@id":"https:\/\/manskin.ethos-dev.ch\/#\/schema\/logo\/image\/"},"sameAs":["https:\/\/www.facebook.com\/manskin.ch","https:\/\/www.instagram.com\/manskin.ch\/"]}]},"product_price_amount":"24.00","product_price_currency":"CHF","og_availability":"instock","product_availability":"instock","product_retailer_item_id":"14176","product_condition":"new"},"brands":[{"id":2751,"name":"Anthony","slug":"anthony"}],"_links":{"self":[{"href":"https:\/\/manskin.ethos-dev.ch\/fr\/wp-json\/wp\/v2\/product\/61489","targetHints":{"allow":["GET"]}}],"collection":[{"href":"https:\/\/manskin.ethos-dev.ch\/fr\/wp-json\/wp\/v2\/product"}],"about":[{"href":"https:\/\/manskin.ethos-dev.ch\/fr\/wp-json\/wp\/v2\/types\/product"}],"replies":[{"embeddable":true,"href":"https:\/\/manskin.ethos-dev.ch\/fr\/wp-json\/wp\/v2\/comments?post=61489"}],"wp:featuredmedia":[{"embeddable":true,"href":"https:\/\/manskin.ethos-dev.ch\/fr\/wp-json\/wp\/v2\/media\/61494"}],"wp:attachment":[{"href":"https:\/\/manskin.ethos-dev.ch\/fr\/wp-json\/wp\/v2\/media?parent=61489"}],"wp:term":[{"taxonomy":"pwb-brand","embeddable":true,"href":"https:\/\/manskin.ethos-dev.ch\/fr\/wp-json\/wp\/v2\/pwb-brand?post=61489"},{"taxonomy":"product_brand","embeddable":true,"href":"https:\/\/manskin.ethos-dev.ch\/fr\/wp-json\/wp\/v2\/product_brand?post=61489"},{"taxonomy":"product_cat","embeddable":true,"href":"https:\/\/manskin.ethos-dev.ch\/fr\/wp-json\/wp\/v2\/product_cat?post=61489"},{"taxonomy":"product_tag","embeddable":true,"href":"https:\/\/manskin.ethos-dev.ch\/fr\/wp-json\/wp\/v2\/product_tag?post=61489"}],"curies":[{"name":"wp","href":"https:\/\/api.w.org\/{rel}","templated":true}]}}