{"id":61527,"date":"2024-10-05T16:06:22","date_gmt":"2024-10-05T14:06:22","guid":{"rendered":"https:\/\/manskin.ethos-dev.ch\/produkt\/set-rasoir-rocca-r95-en-acier-ecorce-de-bouleau\/"},"modified":"2025-03-15T11:24:09","modified_gmt":"2025-03-15T10:24:09","slug":"blaireau-rocca-en-acier-ecorce-de-bouleau","status":"publish","type":"product","link":"https:\/\/manskin.ethos-dev.ch\/fr\/produkt\/blaireau-rocca-en-acier-ecorce-de-bouleau\/","title":{"rendered":"M\u00dcHLE &#8211; Blaireau ROCCA en acier inoxydable &amp; \u00e9corce de bouleau"},"content":{"rendered":"<h2>M&Uuml;HLE &#8211; Blaireau ROCCA pointe argent&eacute;e en acier inoxydable &amp; &eacute;corce de bouleau M95<\/h2>\n<ul>\n<li>Blaireau avec pointe argent&eacute;e, t&ecirc;te de blaireau interchangeable<\/li>\n<li>Taille de la bague M : 21 mm<\/li>\n<li>Poign&eacute;es en acier inoxydable\/&eacute;corce de bouleau<br \/>\n\t&nbsp;<\/li>\n<li>Les connaisseurs consid&egrave;rent le poil de blaireau Silverspitz comme le summum : seuls les meilleurs poils de blaireau soigneusement tri&eacute;s sont utilis&eacute;s pour les blaireaux fabriqu&eacute;s enti&egrave;rement &agrave; la main.<\/li>\n<li>Ce pr&eacute;cieux mat&eacute;riau naturel est particuli&egrave;rement doux et flexible. Les poils fins et coniques ont la capacit&eacute; d&#39;absorber beaucoup d&#39;eau et produisent une mousse dense et cr&eacute;meuse.<\/li>\n<li>La t&ecirc;te du pinceau est dot&eacute;e d&#39;un filetage fin &#8211; et peut donc &ecirc;tre remplac&eacute;e tr&egrave;s facilement.<\/li>\n<li>Manche : 57 mm x 32 mm, poids : 120 gr.<\/li>\n<\/ul>\n<h3><span style=\"color: rgb(243, 156, 18);\">Le mat&eacute;riau &eacute;corce de bouleau<\/span><\/h3>\n<ul>\n<li>Pendant des mill&eacute;naires, l&#39;&eacute;corce de bouleau a eu une importance technique similaire &agrave; celle des mati&egrave;res plastiques de nos jours.<\/li>\n<li>Outre sa texture vari&eacute;e, l&#39;&eacute;corce impressionne par son toucher agr&eacute;able, chaud et velout&eacute;.<\/li>\n<li>Le mat&eacute;riau est extr&ecirc;mement durable, tr&egrave;s maniable m&ecirc;me lorsqu&#39;il est mouill&eacute; et particuli&egrave;rement facile &agrave; entretenir..<\/li>\n<\/ul>\n","protected":false},"excerpt":{"rendered":"<p>M&Uuml;HLE &#8211; Blaireau ROCCA pointe argent&eacute;e en acier inoxydable &amp; &eacute;corce de bouleau M95 Blaireau avec pointe argent&eacute;e, t&ecirc;te de blaireau interchangeable Taille de la bague M : 21 mm Poign&eacute;es en acier inoxydable\/&eacute;corce de bouleau &nbsp; Les connaisseurs consid&egrave;rent le poil de blaireau Silverspitz comme le summum : seuls les meilleurs poils de blaireau &#8230; <a title=\"M\u00dcHLE &#8211; Blaireau ROCCA en acier inoxydable &amp; \u00e9corce de bouleau\" class=\"read-more\" href=\"https:\/\/manskin.ethos-dev.ch\/fr\/produkt\/blaireau-rocca-en-acier-ecorce-de-bouleau\/\" aria-label=\"En savoir plus sur M\u00dcHLE &#8211; Blaireau ROCCA en acier inoxydable &amp; \u00e9corce de bouleau\">Lire la suite<\/a><\/p>\n","protected":false},"featured_media":61534,"comment_status":"closed","ping_status":"closed","template":"","meta":{"_acf_changed":false},"pwb-brand":[2769],"product_brand":[],"product_cat":[2412,2425],"product_tag":[],"class_list":{"0":"post-61527","1":"product","2":"type-product","3":"status-publish","4":"has-post-thumbnail","6":"pwb-brand-muehle","7":"product_cat-muehle-fr","8":"product_cat-blaireau-new","9":"product_shipping_class-standard-fr","10":"sales-flash-overlay","11":"woocommerce-text-align-center","12":"woocommerce-image-align-center","13":"do-quantity-buttons","14":"has-subscription-plans","16":"first","17":"instock","18":"taxable","19":"shipping-taxable","20":"purchasable","21":"product-type-simple"},"acf":[],"yoast_head":"<!-- This site is optimized with the Yoast SEO Premium plugin v24.8 (Yoast SEO v25.4) - https:\/\/yoast.com\/wordpress\/plugins\/seo\/ -->\n<title>M\u00fchle Rocca Blaireau acier inoxydable &amp; \u00e9corce de bouleau | Manskin.ch<\/title>\n<meta name=\"description\" content=\"Obtenez le nec plus ultra des blaireaux \u00e0 pointe argent\u00e9e pour un rasage de luxe. D\u00e9couvrez la qualit\u00e9 et le confort de Rocca*\" \/>\n<meta name=\"robots\" content=\"noindex, follow, max-snippet:-1, max-image-preview:large, max-video-preview:-1\" \/>\n<meta property=\"og:locale\" content=\"fr_FR\" \/>\n<meta property=\"og:type\" content=\"article\" \/>\n<meta property=\"og:title\" content=\"M\u00dcHLE - Blaireau ROCCA en acier inoxydable &amp; \u00e9corce de bouleau\" \/>\n<meta property=\"og:description\" content=\"Obtenez le nec plus ultra des blaireaux \u00e0 pointe argent\u00e9e pour un rasage de luxe. D\u00e9couvrez la qualit\u00e9 et le confort de Rocca*\" \/>\n<meta property=\"og:url\" content=\"https:\/\/manskin.ethos-dev.ch\/fr\/produkt\/blaireau-rocca-en-acier-ecorce-de-bouleau\/\" \/>\n<meta property=\"og:site_name\" content=\"Manskin.ch\" \/>\n<meta property=\"article:publisher\" content=\"https:\/\/www.facebook.com\/manskin.ch\" \/>\n<meta property=\"article:modified_time\" content=\"2025-03-15T10:24:09+00:00\" \/>\n<meta property=\"og:image\" content=\"https:\/\/manskin.ethos-dev.ch\/wp-content\/uploads\/2024\/10\/091m95-rocca-brush_birch.jpg\" \/>\n\t<meta property=\"og:image:width\" content=\"800\" \/>\n\t<meta property=\"og:image:height\" content=\"800\" \/>\n\t<meta property=\"og:image:type\" content=\"image\/jpeg\" \/>\n<meta name=\"twitter:card\" content=\"summary_large_image\" \/>\n<meta name=\"twitter:label1\" content=\"Prix\" \/>\n\t<meta name=\"twitter:data1\" content=\"139.00&#067;&#072;&#070;\" \/>\n\t<meta name=\"twitter:label2\" content=\"Disponibilit\u00e9\" \/>\n\t<meta name=\"twitter:data2\" content=\"En stock\" \/>\n<script type=\"application\/ld+json\" class=\"yoast-schema-graph\">{\"@context\":\"https:\/\/schema.org\",\"@graph\":[{\"@type\":\"WebPage\",\"@id\":\"https:\/\/manskin.ethos-dev.ch\/fr\/produkt\/blaireau-rocca-en-acier-ecorce-de-bouleau\/\",\"url\":\"https:\/\/manskin.ethos-dev.ch\/fr\/produkt\/blaireau-rocca-en-acier-ecorce-de-bouleau\/\",\"name\":\"M\u00fchle Rocca Blaireau acier inoxydable & \u00e9corce de bouleau | Manskin.ch\",\"isPartOf\":{\"@id\":\"https:\/\/manskin.ethos-dev.ch\/#website\"},\"primaryImageOfPage\":{\"@id\":\"https:\/\/manskin.ethos-dev.ch\/fr\/produkt\/blaireau-rocca-en-acier-ecorce-de-bouleau\/#primaryimage\"},\"image\":{\"@id\":\"https:\/\/manskin.ethos-dev.ch\/fr\/produkt\/blaireau-rocca-en-acier-ecorce-de-bouleau\/#primaryimage\"},\"thumbnailUrl\":\"https:\/\/manskin.ethos-dev.ch\/wp-content\/uploads\/2024\/10\/091m95-rocca-brush_birch.jpg\",\"datePublished\":\"2024-10-05T14:06:22+00:00\",\"dateModified\":\"2025-03-15T10:24:09+00:00\",\"description\":\"Obtenez le nec plus ultra des blaireaux \u00e0 pointe argent\u00e9e pour un rasage de luxe. D\u00e9couvrez la qualit\u00e9 et le confort de Rocca*\",\"breadcrumb\":{\"@id\":\"https:\/\/manskin.ethos-dev.ch\/fr\/produkt\/blaireau-rocca-en-acier-ecorce-de-bouleau\/#breadcrumb\"},\"inLanguage\":\"fr-FR\",\"potentialAction\":[{\"@type\":\"ReadAction\",\"target\":[\"https:\/\/manskin.ethos-dev.ch\/fr\/produkt\/blaireau-rocca-en-acier-ecorce-de-bouleau\/\"]}]},{\"@type\":\"ImageObject\",\"inLanguage\":\"fr-FR\",\"@id\":\"https:\/\/manskin.ethos-dev.ch\/fr\/produkt\/blaireau-rocca-en-acier-ecorce-de-bouleau\/#primaryimage\",\"url\":\"https:\/\/manskin.ethos-dev.ch\/wp-content\/uploads\/2024\/10\/091m95-rocca-brush_birch.jpg\",\"contentUrl\":\"https:\/\/manskin.ethos-dev.ch\/wp-content\/uploads\/2024\/10\/091m95-rocca-brush_birch.jpg\",\"width\":800,\"height\":800},{\"@type\":\"BreadcrumbList\",\"@id\":\"https:\/\/manskin.ethos-dev.ch\/fr\/produkt\/blaireau-rocca-en-acier-ecorce-de-bouleau\/#breadcrumb\",\"itemListElement\":[{\"@type\":\"ListItem\",\"position\":1,\"name\":\"Startseite\",\"item\":\"https:\/\/manskin.ethos-dev.ch\/fr\/\"},{\"@type\":\"ListItem\",\"position\":2,\"name\":\"Shop\",\"item\":\"https:\/\/manskin.ethos-dev.ch\/shop\/\"},{\"@type\":\"ListItem\",\"position\":3,\"name\":\"M\u00dcHLE &#8211; Blaireau ROCCA en acier inoxydable &amp; \u00e9corce de bouleau\"}]},{\"@type\":\"WebSite\",\"@id\":\"https:\/\/manskin.ethos-dev.ch\/#website\",\"url\":\"https:\/\/manskin.ethos-dev.ch\/\",\"name\":\"Manskin.ch\",\"description\":\"Tous les produits de beaut\u00e9 pour les hommes les plus exigeants\",\"publisher\":{\"@id\":\"https:\/\/manskin.ethos-dev.ch\/#organization\"},\"potentialAction\":[{\"@type\":\"SearchAction\",\"target\":{\"@type\":\"EntryPoint\",\"urlTemplate\":\"https:\/\/manskin.ethos-dev.ch\/?s={search_term_string}\"},\"query-input\":{\"@type\":\"PropertyValueSpecification\",\"valueRequired\":true,\"valueName\":\"search_term_string\"}}],\"inLanguage\":\"fr-FR\"},{\"@type\":\"Organization\",\"@id\":\"https:\/\/manskin.ethos-dev.ch\/#organization\",\"name\":\"Manskin.ch - der Schweizer Onlineshop f\u00fcr qualit\u00e4tsstarke M\u00e4nnerpflege\",\"url\":\"https:\/\/manskin.ethos-dev.ch\/\",\"logo\":{\"@type\":\"ImageObject\",\"inLanguage\":\"fr-FR\",\"@id\":\"https:\/\/manskin.ethos-dev.ch\/#\/schema\/logo\/image\/\",\"url\":\"https:\/\/manskin.ethos-dev.ch\/wp-content\/uploads\/2021\/04\/cropped-logo_head.png\",\"contentUrl\":\"https:\/\/manskin.ethos-dev.ch\/wp-content\/uploads\/2021\/04\/cropped-logo_head.png\",\"width\":235,\"height\":75,\"caption\":\"Manskin.ch - der Schweizer Onlineshop f\u00fcr qualit\u00e4tsstarke M\u00e4nnerpflege\"},\"image\":{\"@id\":\"https:\/\/manskin.ethos-dev.ch\/#\/schema\/logo\/image\/\"},\"sameAs\":[\"https:\/\/www.facebook.com\/manskin.ch\",\"https:\/\/www.instagram.com\/manskin.ch\/\"]}]}<\/script>\n<meta property=\"product:price:amount\" content=\"139.00\" \/>\n<meta property=\"product:price:currency\" content=\"CHF\" \/>\n<meta property=\"og:availability\" content=\"instock\" \/>\n<meta property=\"product:availability\" content=\"instock\" \/>\n<meta property=\"product:retailer_item_id\" content=\"14178\" \/>\n<meta property=\"product:condition\" content=\"new\" \/>\n<!-- \/ Yoast SEO Premium plugin. -->","yoast_head_json":{"title":"M\u00fchle Rocca Blaireau acier inoxydable & \u00e9corce de bouleau | Manskin.ch","description":"Obtenez le nec plus ultra des blaireaux \u00e0 pointe argent\u00e9e pour un rasage de luxe. D\u00e9couvrez la qualit\u00e9 et le confort de Rocca*","robots":{"index":"noindex","follow":"follow","max-snippet":"max-snippet:-1","max-image-preview":"max-image-preview:large","max-video-preview":"max-video-preview:-1"},"og_locale":"fr_FR","og_type":"article","og_title":"M\u00dcHLE - Blaireau ROCCA en acier inoxydable &amp; \u00e9corce de bouleau","og_description":"Obtenez le nec plus ultra des blaireaux \u00e0 pointe argent\u00e9e pour un rasage de luxe. D\u00e9couvrez la qualit\u00e9 et le confort de Rocca*","og_url":"https:\/\/manskin.ethos-dev.ch\/fr\/produkt\/blaireau-rocca-en-acier-ecorce-de-bouleau\/","og_site_name":"Manskin.ch","article_publisher":"https:\/\/www.facebook.com\/manskin.ch","article_modified_time":"2025-03-15T10:24:09+00:00","og_image":[{"width":800,"height":800,"url":"https:\/\/manskin.ethos-dev.ch\/wp-content\/uploads\/2024\/10\/091m95-rocca-brush_birch.jpg","type":"image\/jpeg"}],"twitter_card":"summary_large_image","twitter_misc":{"Prix":"139.00&#67;&#72;&#70;","Disponibilit\u00e9":"En stock"},"schema":{"@context":"https:\/\/schema.org","@graph":[{"@type":"WebPage","@id":"https:\/\/manskin.ethos-dev.ch\/fr\/produkt\/blaireau-rocca-en-acier-ecorce-de-bouleau\/","url":"https:\/\/manskin.ethos-dev.ch\/fr\/produkt\/blaireau-rocca-en-acier-ecorce-de-bouleau\/","name":"M\u00fchle Rocca Blaireau acier inoxydable & \u00e9corce de bouleau | Manskin.ch","isPartOf":{"@id":"https:\/\/manskin.ethos-dev.ch\/#website"},"primaryImageOfPage":{"@id":"https:\/\/manskin.ethos-dev.ch\/fr\/produkt\/blaireau-rocca-en-acier-ecorce-de-bouleau\/#primaryimage"},"image":{"@id":"https:\/\/manskin.ethos-dev.ch\/fr\/produkt\/blaireau-rocca-en-acier-ecorce-de-bouleau\/#primaryimage"},"thumbnailUrl":"https:\/\/manskin.ethos-dev.ch\/wp-content\/uploads\/2024\/10\/091m95-rocca-brush_birch.jpg","datePublished":"2024-10-05T14:06:22+00:00","dateModified":"2025-03-15T10:24:09+00:00","description":"Obtenez le nec plus ultra des blaireaux \u00e0 pointe argent\u00e9e pour un rasage de luxe. D\u00e9couvrez la qualit\u00e9 et le confort de Rocca*","breadcrumb":{"@id":"https:\/\/manskin.ethos-dev.ch\/fr\/produkt\/blaireau-rocca-en-acier-ecorce-de-bouleau\/#breadcrumb"},"inLanguage":"fr-FR","potentialAction":[{"@type":"ReadAction","target":["https:\/\/manskin.ethos-dev.ch\/fr\/produkt\/blaireau-rocca-en-acier-ecorce-de-bouleau\/"]}]},{"@type":"ImageObject","inLanguage":"fr-FR","@id":"https:\/\/manskin.ethos-dev.ch\/fr\/produkt\/blaireau-rocca-en-acier-ecorce-de-bouleau\/#primaryimage","url":"https:\/\/manskin.ethos-dev.ch\/wp-content\/uploads\/2024\/10\/091m95-rocca-brush_birch.jpg","contentUrl":"https:\/\/manskin.ethos-dev.ch\/wp-content\/uploads\/2024\/10\/091m95-rocca-brush_birch.jpg","width":800,"height":800},{"@type":"BreadcrumbList","@id":"https:\/\/manskin.ethos-dev.ch\/fr\/produkt\/blaireau-rocca-en-acier-ecorce-de-bouleau\/#breadcrumb","itemListElement":[{"@type":"ListItem","position":1,"name":"Startseite","item":"https:\/\/manskin.ethos-dev.ch\/fr\/"},{"@type":"ListItem","position":2,"name":"Shop","item":"https:\/\/manskin.ethos-dev.ch\/shop\/"},{"@type":"ListItem","position":3,"name":"M\u00dcHLE &#8211; Blaireau ROCCA en acier inoxydable &amp; \u00e9corce de bouleau"}]},{"@type":"WebSite","@id":"https:\/\/manskin.ethos-dev.ch\/#website","url":"https:\/\/manskin.ethos-dev.ch\/","name":"Manskin.ch","description":"Tous les produits de beaut\u00e9 pour les hommes les plus exigeants","publisher":{"@id":"https:\/\/manskin.ethos-dev.ch\/#organization"},"potentialAction":[{"@type":"SearchAction","target":{"@type":"EntryPoint","urlTemplate":"https:\/\/manskin.ethos-dev.ch\/?s={search_term_string}"},"query-input":{"@type":"PropertyValueSpecification","valueRequired":true,"valueName":"search_term_string"}}],"inLanguage":"fr-FR"},{"@type":"Organization","@id":"https:\/\/manskin.ethos-dev.ch\/#organization","name":"Manskin.ch - der Schweizer Onlineshop f\u00fcr qualit\u00e4tsstarke M\u00e4nnerpflege","url":"https:\/\/manskin.ethos-dev.ch\/","logo":{"@type":"ImageObject","inLanguage":"fr-FR","@id":"https:\/\/manskin.ethos-dev.ch\/#\/schema\/logo\/image\/","url":"https:\/\/manskin.ethos-dev.ch\/wp-content\/uploads\/2021\/04\/cropped-logo_head.png","contentUrl":"https:\/\/manskin.ethos-dev.ch\/wp-content\/uploads\/2021\/04\/cropped-logo_head.png","width":235,"height":75,"caption":"Manskin.ch - der Schweizer Onlineshop f\u00fcr qualit\u00e4tsstarke M\u00e4nnerpflege"},"image":{"@id":"https:\/\/manskin.ethos-dev.ch\/#\/schema\/logo\/image\/"},"sameAs":["https:\/\/www.facebook.com\/manskin.ch","https:\/\/www.instagram.com\/manskin.ch\/"]}]},"product_price_amount":"139.00","product_price_currency":"CHF","og_availability":"instock","product_availability":"instock","product_retailer_item_id":"14178","product_condition":"new"},"brands":[{"id":2769,"name":"M\u00dcHLE","slug":"muehle"}],"_links":{"self":[{"href":"https:\/\/manskin.ethos-dev.ch\/fr\/wp-json\/wp\/v2\/product\/61527","targetHints":{"allow":["GET"]}}],"collection":[{"href":"https:\/\/manskin.ethos-dev.ch\/fr\/wp-json\/wp\/v2\/product"}],"about":[{"href":"https:\/\/manskin.ethos-dev.ch\/fr\/wp-json\/wp\/v2\/types\/product"}],"replies":[{"embeddable":true,"href":"https:\/\/manskin.ethos-dev.ch\/fr\/wp-json\/wp\/v2\/comments?post=61527"}],"wp:featuredmedia":[{"embeddable":true,"href":"https:\/\/manskin.ethos-dev.ch\/fr\/wp-json\/wp\/v2\/media\/61534"}],"wp:attachment":[{"href":"https:\/\/manskin.ethos-dev.ch\/fr\/wp-json\/wp\/v2\/media?parent=61527"}],"wp:term":[{"taxonomy":"pwb-brand","embeddable":true,"href":"https:\/\/manskin.ethos-dev.ch\/fr\/wp-json\/wp\/v2\/pwb-brand?post=61527"},{"taxonomy":"product_brand","embeddable":true,"href":"https:\/\/manskin.ethos-dev.ch\/fr\/wp-json\/wp\/v2\/product_brand?post=61527"},{"taxonomy":"product_cat","embeddable":true,"href":"https:\/\/manskin.ethos-dev.ch\/fr\/wp-json\/wp\/v2\/product_cat?post=61527"},{"taxonomy":"product_tag","embeddable":true,"href":"https:\/\/manskin.ethos-dev.ch\/fr\/wp-json\/wp\/v2\/product_tag?post=61527"}],"curies":[{"name":"wp","href":"https:\/\/api.w.org\/{rel}","templated":true}]}}