{"id":61539,"date":"2024-10-05T16:46:55","date_gmt":"2024-10-05T14:46:55","guid":{"rendered":"https:\/\/manskin.ethos-dev.ch\/produkt\/gaisbock-activateur-de-cheveux\/"},"modified":"2025-05-28T07:59:59","modified_gmt":"2025-05-28T05:59:59","slug":"gaisbock-activateur-de-cheveux","status":"publish","type":"product","link":"https:\/\/manskin.ethos-dev.ch\/fr\/produkt\/gaisbock-activateur-de-cheveux\/","title":{"rendered":"Gaisbock &#8211; Activateur de cheveux"},"content":{"rendered":"<h2>Gaisbock &#8211; Activateur de cheveux<\/h2>\n<ul>\n<li>&Eacute;lixir capillaire stimulant. Favorise la croissance, lutte contre la chute des cheveux.<\/li>\n<li>Donne des cheveux plus fournis et une barbe plus forte.<\/li>\n<li>Plus tu commences t&ocirc;t, plus il est efficace. Les substances actives naturelles font pousser tes cheveux plus vite et plus &eacute;pais. Tu le constates d&eacute;j&agrave; apr&egrave;s quelques semaines.<\/li>\n<li>Avec de la gentiane, de l&#39;edelweiss, du pois de senteur, de la caf&eacute;ine, de l&#39;eau des glaciers et de nombreuses substances actives naturelles.<br \/>\n\t&nbsp;<\/li>\n<li>Stimule la croissance des cheveux et aide &agrave; lutter contre la chute des cheveux : l&#39;activateur de cheveux revitalise les cheveux jusqu&#39;&agrave; la racine.<\/li>\n<li>Am&eacute;liore la circulation sanguine du cuir chevelu : La caf&eacute;ine am&eacute;liore la circulation sanguine du cuir chevelu, ce qui favorise l&#39;apport de nutriments aux follicules pileux. Cela renforce &eacute;galement la racine des cheveux.<\/li>\n<li>Croissance plus rapide et plus dense des cheveux : en utilisant r&eacute;guli&egrave;rement l&#39;activateur de cheveux, tes cheveux repousseront plus vite et plus denses et seront d&eacute;j&agrave; plus forts et plus sains apr&egrave;s quelques semaines. En effet, l&#39;Activateur de cheveux am&eacute;liore visiblement le rapport entre les cheveux anag&egrave;nes (cheveux qui repoussent) et les cheveux t&eacute;log&egrave;nes (cheveux qui tombent) en l&#39;espace de trois mois.<\/li>\n<li>Le plus t&ocirc;t sera le mieux : la chute des cheveux peut avoir diff&eacute;rentes causes, comme le stress &eacute;motionnel, une mauvaise alimentation ou une pr&eacute;disposition. Plus t&ocirc;t tu renforceras et prot&eacute;geras tes cheveux, plus longtemps ils te resteront.<\/li>\n<\/ul>\n<p>Utilisation : applique quelques gouttes d&#39;Activateur de cheveux 1 &agrave; 2 fois par jour sur la zone souhait&eacute;e, masse l&#39;Activateur de cheveux et laisse agir. L&#39;Activateur de cheveux a &eacute;galement un effet traitant, c&#39;est pourquoi tu ne dois pas le rincer. Nous le recommandons pour les cheveux, la barbe et les sourcils.<\/p>\n<p>Important :<br \/>\nUniquement pour usage externe. Ne pas ing&eacute;rer. Ne pas appliquer sur les muqueuses ou les plaies ouvertes. Conserver &agrave; temp&eacute;rature ambiante (15-25&deg;C) et hors de port&eacute;e des enfants.<\/p>\n<p>Contenu 50 ml.<\/p>\n","protected":false},"excerpt":{"rendered":"<p>\u2022\u00c9lixir capillaire stimulant. Favorise la croissance, lutte contre la chute des cheveux<\/p>\n","protected":false},"featured_media":61552,"comment_status":"closed","ping_status":"closed","template":"","meta":{"_acf_changed":false},"pwb-brand":[2842],"product_brand":[],"product_cat":[2950,2340,2843,2414],"product_tag":[],"class_list":{"0":"post-61539","1":"product","2":"type-product","3":"status-publish","4":"has-post-thumbnail","6":"pwb-brand-gaisbock","7":"product_cat-chute-de-cheveux","8":"product_cat-cheveux","9":"product_cat-gaisbock-fr","10":"product_cat-cosmetique-naturelle","11":"product_shipping_class-standard-fr","12":"sales-flash-overlay","13":"woocommerce-text-align-center","14":"woocommerce-image-align-center","15":"do-quantity-buttons","16":"wc-has-gallery","17":"has-subscription-plans","19":"first","20":"instock","21":"taxable","22":"shipping-taxable","23":"purchasable","24":"product-type-simple"},"acf":[],"yoast_head":"<!-- This site is optimized with the Yoast SEO Premium plugin v24.8 (Yoast SEO v25.4) - https:\/\/yoast.com\/wordpress\/plugins\/seo\/ -->\n<title>Activateur capillaire Gaisbock : des principes actifs naturels pour des cheveux plus fournis | Manskin.ch<\/title>\n<meta name=\"description\" content=\"Des cheveux pleins et forts et une barbe plus dense gr\u00e2ce \u00e0 l&#039;activateur de cheveux Gaisbock. D\u00e9couvre la puissance des ingr\u00e9dients naturels ! Commander maintenant \ud83d\udcaa\" \/>\n<meta name=\"robots\" content=\"noindex, follow, max-snippet:-1, max-image-preview:large, max-video-preview:-1\" \/>\n<meta property=\"og:locale\" content=\"fr_FR\" \/>\n<meta property=\"og:type\" content=\"article\" \/>\n<meta property=\"og:title\" content=\"Gaisbock - Activateur de cheveux\" \/>\n<meta property=\"og:description\" content=\"Des cheveux pleins et forts et une barbe plus dense gr\u00e2ce \u00e0 l&#039;activateur de cheveux Gaisbock. D\u00e9couvre la puissance des ingr\u00e9dients naturels ! Commander maintenant \ud83d\udcaa\" \/>\n<meta property=\"og:url\" content=\"https:\/\/manskin.ethos-dev.ch\/fr\/produkt\/gaisbock-activateur-de-cheveux\/\" \/>\n<meta property=\"og:site_name\" content=\"Manskin.ch\" \/>\n<meta property=\"article:publisher\" content=\"https:\/\/www.facebook.com\/manskin.ch\" \/>\n<meta property=\"article:modified_time\" content=\"2025-05-28T05:59:59+00:00\" \/>\n<meta property=\"og:image\" content=\"https:\/\/manskin.ethos-dev.ch\/wp-content\/uploads\/2024\/10\/Manikre-Set-2-copy-High-Quality.webp\" \/>\n\t<meta property=\"og:image:width\" content=\"800\" \/>\n\t<meta property=\"og:image:height\" content=\"800\" \/>\n\t<meta property=\"og:image:type\" content=\"image\/webp\" \/>\n<meta name=\"twitter:card\" content=\"summary_large_image\" \/>\n<meta name=\"twitter:label1\" content=\"Prix\" \/>\n\t<meta name=\"twitter:data1\" content=\"37.20&#067;&#072;&#070;\" \/>\n\t<meta name=\"twitter:label2\" content=\"Disponibilit\u00e9\" \/>\n\t<meta name=\"twitter:data2\" content=\"En stock\" \/>\n<script type=\"application\/ld+json\" class=\"yoast-schema-graph\">{\"@context\":\"https:\/\/schema.org\",\"@graph\":[{\"@type\":\"WebPage\",\"@id\":\"https:\/\/manskin.ethos-dev.ch\/fr\/produkt\/gaisbock-activateur-de-cheveux\/\",\"url\":\"https:\/\/manskin.ethos-dev.ch\/fr\/produkt\/gaisbock-activateur-de-cheveux\/\",\"name\":\"Activateur capillaire Gaisbock : des principes actifs naturels pour des cheveux plus fournis | Manskin.ch\",\"isPartOf\":{\"@id\":\"https:\/\/manskin.ethos-dev.ch\/#website\"},\"primaryImageOfPage\":{\"@id\":\"https:\/\/manskin.ethos-dev.ch\/fr\/produkt\/gaisbock-activateur-de-cheveux\/#primaryimage\"},\"image\":{\"@id\":\"https:\/\/manskin.ethos-dev.ch\/fr\/produkt\/gaisbock-activateur-de-cheveux\/#primaryimage\"},\"thumbnailUrl\":\"https:\/\/manskin.ethos-dev.ch\/wp-content\/uploads\/2024\/10\/Manikre-Set-2-copy-High-Quality.webp\",\"datePublished\":\"2024-10-05T14:46:55+00:00\",\"dateModified\":\"2025-05-28T05:59:59+00:00\",\"description\":\"Des cheveux pleins et forts et une barbe plus dense gr\u00e2ce \u00e0 l'activateur de cheveux Gaisbock. D\u00e9couvre la puissance des ingr\u00e9dients naturels ! Commander maintenant \ud83d\udcaa\",\"breadcrumb\":{\"@id\":\"https:\/\/manskin.ethos-dev.ch\/fr\/produkt\/gaisbock-activateur-de-cheveux\/#breadcrumb\"},\"inLanguage\":\"fr-FR\",\"potentialAction\":[{\"@type\":\"ReadAction\",\"target\":[\"https:\/\/manskin.ethos-dev.ch\/fr\/produkt\/gaisbock-activateur-de-cheveux\/\"]}]},{\"@type\":\"ImageObject\",\"inLanguage\":\"fr-FR\",\"@id\":\"https:\/\/manskin.ethos-dev.ch\/fr\/produkt\/gaisbock-activateur-de-cheveux\/#primaryimage\",\"url\":\"https:\/\/manskin.ethos-dev.ch\/wp-content\/uploads\/2024\/10\/Manikre-Set-2-copy-High-Quality.webp\",\"contentUrl\":\"https:\/\/manskin.ethos-dev.ch\/wp-content\/uploads\/2024\/10\/Manikre-Set-2-copy-High-Quality.webp\",\"width\":800,\"height\":800},{\"@type\":\"BreadcrumbList\",\"@id\":\"https:\/\/manskin.ethos-dev.ch\/fr\/produkt\/gaisbock-activateur-de-cheveux\/#breadcrumb\",\"itemListElement\":[{\"@type\":\"ListItem\",\"position\":1,\"name\":\"Startseite\",\"item\":\"https:\/\/manskin.ethos-dev.ch\/fr\/\"},{\"@type\":\"ListItem\",\"position\":2,\"name\":\"Shop\",\"item\":\"https:\/\/manskin.ethos-dev.ch\/shop\/\"},{\"@type\":\"ListItem\",\"position\":3,\"name\":\"Gaisbock &#8211; Activateur de cheveux\"}]},{\"@type\":\"WebSite\",\"@id\":\"https:\/\/manskin.ethos-dev.ch\/#website\",\"url\":\"https:\/\/manskin.ethos-dev.ch\/\",\"name\":\"Manskin.ch\",\"description\":\"Tous les produits de beaut\u00e9 pour les hommes les plus exigeants\",\"publisher\":{\"@id\":\"https:\/\/manskin.ethos-dev.ch\/#organization\"},\"potentialAction\":[{\"@type\":\"SearchAction\",\"target\":{\"@type\":\"EntryPoint\",\"urlTemplate\":\"https:\/\/manskin.ethos-dev.ch\/?s={search_term_string}\"},\"query-input\":{\"@type\":\"PropertyValueSpecification\",\"valueRequired\":true,\"valueName\":\"search_term_string\"}}],\"inLanguage\":\"fr-FR\"},{\"@type\":\"Organization\",\"@id\":\"https:\/\/manskin.ethos-dev.ch\/#organization\",\"name\":\"Manskin.ch - der Schweizer Onlineshop f\u00fcr qualit\u00e4tsstarke M\u00e4nnerpflege\",\"url\":\"https:\/\/manskin.ethos-dev.ch\/\",\"logo\":{\"@type\":\"ImageObject\",\"inLanguage\":\"fr-FR\",\"@id\":\"https:\/\/manskin.ethos-dev.ch\/#\/schema\/logo\/image\/\",\"url\":\"https:\/\/manskin.ethos-dev.ch\/wp-content\/uploads\/2021\/04\/cropped-logo_head.png\",\"contentUrl\":\"https:\/\/manskin.ethos-dev.ch\/wp-content\/uploads\/2021\/04\/cropped-logo_head.png\",\"width\":235,\"height\":75,\"caption\":\"Manskin.ch - der Schweizer Onlineshop f\u00fcr qualit\u00e4tsstarke M\u00e4nnerpflege\"},\"image\":{\"@id\":\"https:\/\/manskin.ethos-dev.ch\/#\/schema\/logo\/image\/\"},\"sameAs\":[\"https:\/\/www.facebook.com\/manskin.ch\",\"https:\/\/www.instagram.com\/manskin.ch\/\"]}]}<\/script>\n<meta property=\"product:price:amount\" content=\"37.20\" \/>\n<meta property=\"product:price:currency\" content=\"CHF\" \/>\n<meta property=\"og:availability\" content=\"instock\" \/>\n<meta property=\"product:availability\" content=\"instock\" \/>\n<meta property=\"product:retailer_item_id\" content=\"14179\" \/>\n<meta property=\"product:condition\" content=\"new\" \/>\n<!-- \/ Yoast SEO Premium plugin. -->","yoast_head_json":{"title":"Activateur capillaire Gaisbock : des principes actifs naturels pour des cheveux plus fournis | Manskin.ch","description":"Des cheveux pleins et forts et une barbe plus dense gr\u00e2ce \u00e0 l'activateur de cheveux Gaisbock. D\u00e9couvre la puissance des ingr\u00e9dients naturels ! Commander maintenant \ud83d\udcaa","robots":{"index":"noindex","follow":"follow","max-snippet":"max-snippet:-1","max-image-preview":"max-image-preview:large","max-video-preview":"max-video-preview:-1"},"og_locale":"fr_FR","og_type":"article","og_title":"Gaisbock - Activateur de cheveux","og_description":"Des cheveux pleins et forts et une barbe plus dense gr\u00e2ce \u00e0 l'activateur de cheveux Gaisbock. D\u00e9couvre la puissance des ingr\u00e9dients naturels ! Commander maintenant \ud83d\udcaa","og_url":"https:\/\/manskin.ethos-dev.ch\/fr\/produkt\/gaisbock-activateur-de-cheveux\/","og_site_name":"Manskin.ch","article_publisher":"https:\/\/www.facebook.com\/manskin.ch","article_modified_time":"2025-05-28T05:59:59+00:00","og_image":[{"width":800,"height":800,"url":"https:\/\/manskin.ethos-dev.ch\/wp-content\/uploads\/2024\/10\/Manikre-Set-2-copy-High-Quality.webp","type":"image\/webp"}],"twitter_card":"summary_large_image","twitter_misc":{"Prix":"37.20&#67;&#72;&#70;","Disponibilit\u00e9":"En stock"},"schema":{"@context":"https:\/\/schema.org","@graph":[{"@type":"WebPage","@id":"https:\/\/manskin.ethos-dev.ch\/fr\/produkt\/gaisbock-activateur-de-cheveux\/","url":"https:\/\/manskin.ethos-dev.ch\/fr\/produkt\/gaisbock-activateur-de-cheveux\/","name":"Activateur capillaire Gaisbock : des principes actifs naturels pour des cheveux plus fournis | Manskin.ch","isPartOf":{"@id":"https:\/\/manskin.ethos-dev.ch\/#website"},"primaryImageOfPage":{"@id":"https:\/\/manskin.ethos-dev.ch\/fr\/produkt\/gaisbock-activateur-de-cheveux\/#primaryimage"},"image":{"@id":"https:\/\/manskin.ethos-dev.ch\/fr\/produkt\/gaisbock-activateur-de-cheveux\/#primaryimage"},"thumbnailUrl":"https:\/\/manskin.ethos-dev.ch\/wp-content\/uploads\/2024\/10\/Manikre-Set-2-copy-High-Quality.webp","datePublished":"2024-10-05T14:46:55+00:00","dateModified":"2025-05-28T05:59:59+00:00","description":"Des cheveux pleins et forts et une barbe plus dense gr\u00e2ce \u00e0 l'activateur de cheveux Gaisbock. D\u00e9couvre la puissance des ingr\u00e9dients naturels ! Commander maintenant \ud83d\udcaa","breadcrumb":{"@id":"https:\/\/manskin.ethos-dev.ch\/fr\/produkt\/gaisbock-activateur-de-cheveux\/#breadcrumb"},"inLanguage":"fr-FR","potentialAction":[{"@type":"ReadAction","target":["https:\/\/manskin.ethos-dev.ch\/fr\/produkt\/gaisbock-activateur-de-cheveux\/"]}]},{"@type":"ImageObject","inLanguage":"fr-FR","@id":"https:\/\/manskin.ethos-dev.ch\/fr\/produkt\/gaisbock-activateur-de-cheveux\/#primaryimage","url":"https:\/\/manskin.ethos-dev.ch\/wp-content\/uploads\/2024\/10\/Manikre-Set-2-copy-High-Quality.webp","contentUrl":"https:\/\/manskin.ethos-dev.ch\/wp-content\/uploads\/2024\/10\/Manikre-Set-2-copy-High-Quality.webp","width":800,"height":800},{"@type":"BreadcrumbList","@id":"https:\/\/manskin.ethos-dev.ch\/fr\/produkt\/gaisbock-activateur-de-cheveux\/#breadcrumb","itemListElement":[{"@type":"ListItem","position":1,"name":"Startseite","item":"https:\/\/manskin.ethos-dev.ch\/fr\/"},{"@type":"ListItem","position":2,"name":"Shop","item":"https:\/\/manskin.ethos-dev.ch\/shop\/"},{"@type":"ListItem","position":3,"name":"Gaisbock &#8211; Activateur de cheveux"}]},{"@type":"WebSite","@id":"https:\/\/manskin.ethos-dev.ch\/#website","url":"https:\/\/manskin.ethos-dev.ch\/","name":"Manskin.ch","description":"Tous les produits de beaut\u00e9 pour les hommes les plus exigeants","publisher":{"@id":"https:\/\/manskin.ethos-dev.ch\/#organization"},"potentialAction":[{"@type":"SearchAction","target":{"@type":"EntryPoint","urlTemplate":"https:\/\/manskin.ethos-dev.ch\/?s={search_term_string}"},"query-input":{"@type":"PropertyValueSpecification","valueRequired":true,"valueName":"search_term_string"}}],"inLanguage":"fr-FR"},{"@type":"Organization","@id":"https:\/\/manskin.ethos-dev.ch\/#organization","name":"Manskin.ch - der Schweizer Onlineshop f\u00fcr qualit\u00e4tsstarke M\u00e4nnerpflege","url":"https:\/\/manskin.ethos-dev.ch\/","logo":{"@type":"ImageObject","inLanguage":"fr-FR","@id":"https:\/\/manskin.ethos-dev.ch\/#\/schema\/logo\/image\/","url":"https:\/\/manskin.ethos-dev.ch\/wp-content\/uploads\/2021\/04\/cropped-logo_head.png","contentUrl":"https:\/\/manskin.ethos-dev.ch\/wp-content\/uploads\/2021\/04\/cropped-logo_head.png","width":235,"height":75,"caption":"Manskin.ch - der Schweizer Onlineshop f\u00fcr qualit\u00e4tsstarke M\u00e4nnerpflege"},"image":{"@id":"https:\/\/manskin.ethos-dev.ch\/#\/schema\/logo\/image\/"},"sameAs":["https:\/\/www.facebook.com\/manskin.ch","https:\/\/www.instagram.com\/manskin.ch\/"]}]},"product_price_amount":"37.20","product_price_currency":"CHF","og_availability":"instock","product_availability":"instock","product_retailer_item_id":"14179","product_condition":"new"},"brands":[{"id":2842,"name":"Gaisbock","slug":"gaisbock"}],"_links":{"self":[{"href":"https:\/\/manskin.ethos-dev.ch\/fr\/wp-json\/wp\/v2\/product\/61539","targetHints":{"allow":["GET"]}}],"collection":[{"href":"https:\/\/manskin.ethos-dev.ch\/fr\/wp-json\/wp\/v2\/product"}],"about":[{"href":"https:\/\/manskin.ethos-dev.ch\/fr\/wp-json\/wp\/v2\/types\/product"}],"replies":[{"embeddable":true,"href":"https:\/\/manskin.ethos-dev.ch\/fr\/wp-json\/wp\/v2\/comments?post=61539"}],"wp:featuredmedia":[{"embeddable":true,"href":"https:\/\/manskin.ethos-dev.ch\/fr\/wp-json\/wp\/v2\/media\/61552"}],"wp:attachment":[{"href":"https:\/\/manskin.ethos-dev.ch\/fr\/wp-json\/wp\/v2\/media?parent=61539"}],"wp:term":[{"taxonomy":"pwb-brand","embeddable":true,"href":"https:\/\/manskin.ethos-dev.ch\/fr\/wp-json\/wp\/v2\/pwb-brand?post=61539"},{"taxonomy":"product_brand","embeddable":true,"href":"https:\/\/manskin.ethos-dev.ch\/fr\/wp-json\/wp\/v2\/product_brand?post=61539"},{"taxonomy":"product_cat","embeddable":true,"href":"https:\/\/manskin.ethos-dev.ch\/fr\/wp-json\/wp\/v2\/product_cat?post=61539"},{"taxonomy":"product_tag","embeddable":true,"href":"https:\/\/manskin.ethos-dev.ch\/fr\/wp-json\/wp\/v2\/product_tag?post=61539"}],"curies":[{"name":"wp","href":"https:\/\/api.w.org\/{rel}","templated":true}]}}