{"id":62964,"date":"2024-10-15T09:10:03","date_gmt":"2024-10-15T07:10:03","guid":{"rendered":"https:\/\/manskin.ethos-dev.ch\/produkt\/set-de-soin-to-glory\/"},"modified":"2025-04-15T10:45:02","modified_gmt":"2025-04-15T08:45:02","slug":"gaisbock-bock-voyage","status":"publish","type":"product","link":"https:\/\/manskin.ethos-dev.ch\/fr\/produkt\/gaisbock-bock-voyage\/","title":{"rendered":"Gaisbock &#8211; Bock Voyage Mini Set"},"content":{"rendered":"<h2>Gaisbock &#8211; Bock Voyage Set Mini<\/h2>\n<p>Saisis le kit de soins Bock Voyage si tu veux peu de place mais un maximum de fra&icirc;cheur. Pratique et &eacute;l&eacute;gant en voyage.<\/p>\n<h3>\nGel douche &amp; Shampooing 50 ml<\/h3>\n<ul>\n<li>Soigne ta peau et renforce tes cheveux avec des ingr&eacute;dients 100% naturels et des probiotiques.<\/li>\n<li>Ressens la force de l&#39;edelweiss, de la gentiane et de l&#39;aloe Vera.<\/li>\n<\/ul>\n<h3>Shampooing 50 ml<\/h3>\n<ul>\n<li>Laisse agir le shampooing pendant 30 secondes et observe comment la caf&eacute;ine revitalise tes cheveux et les fait para&icirc;tre plus volumineux.<\/li>\n<\/ul>\n<h3>Cr&egrave;me pour le visage 50 ml<\/h3>\n<ul>\n<li>Prot&egrave;ge ta peau du dess&egrave;chement, renforce la barri&egrave;re naturelle de la peau et a un effet apaisant, clarifiant et raffermissant.<\/li>\n<li>Effet anti-&acirc;ge cliniquement prouv&eacute;.<\/li>\n<\/ul>\n<h3>\nParfum 2 ml<\/h3>\n<ul>\n<li>Des notes sensuelles d&#39;ambre et de c&egrave;dre forment la base, tandis que des accents p&eacute;tillants d&#39;agrumes apparaissent &#8211; un moment olfactif &eacute;tincelant.<\/li>\n<\/ul>\n<h3>Sac en lin naturel<\/h3>\n<ul>\n<li>Le sac en lin naturel pratique est id&eacute;al pour les d&eacute;placements.<\/li>\n<li>Il contient des soins 100% naturels en provenance du petit pays qui a un grand plus.<\/li>\n<\/ul>\n<p>Les tailles de voyage pratiques et le sac en lin naturel sont tes compagnons parfaits pour chaque voyage.<\/p>\n","protected":false},"excerpt":{"rendered":"<p>Shampooing, gel douche, cr\u00e8me visage, parfum<\/p>\n","protected":false},"featured_media":63021,"comment_status":"closed","ping_status":"closed","template":"","meta":{"_acf_changed":false},"pwb-brand":[2842],"product_brand":[],"product_cat":[2911,2326,2329,2332,1948,2800,2843,2414],"product_tag":[],"class_list":{"0":"post-62964","1":"product","2":"type-product","3":"status-publish","4":"has-post-thumbnail","6":"pwb-brand-gaisbock","7":"product_cat-travel-sport","8":"product_cat-cadeaux","9":"product_cat-hydratants","10":"product_cat-set-de-visage","11":"product_cat-shampoing-conditioner","12":"product_cat-parfum","13":"product_cat-gaisbock-fr","14":"product_cat-cosmetique-naturelle","15":"product_shipping_class-standard-fr","16":"sales-flash-overlay","17":"woocommerce-text-align-center","18":"woocommerce-image-align-center","19":"do-quantity-buttons","20":"wc-has-gallery","21":"has-subscription-plans","23":"first","24":"instock","25":"taxable","26":"shipping-taxable","27":"purchasable","28":"product-type-simple"},"acf":[],"yoast_head":"<!-- This site is optimized with the Yoast SEO Premium plugin v24.8 (Yoast SEO v25.4) - https:\/\/yoast.com\/wordpress\/plugins\/seo\/ -->\n<title>Gaisbock Bock Voyage : des ingr\u00e9dients naturels pour la peau et les cheveux | Manskin.ch<\/title>\n<meta name=\"description\" content=\"Des soins puissants \u00e0 emporter ! Le mini-kit de voyage Gaisbock contient des ingr\u00e9dients 100% naturels pour une peau saine et des cheveux forts. Essayez-le !\" \/>\n<meta name=\"robots\" content=\"noindex, follow, max-snippet:-1, max-image-preview:large, max-video-preview:-1\" \/>\n<meta property=\"og:locale\" content=\"fr_FR\" \/>\n<meta property=\"og:type\" content=\"article\" \/>\n<meta property=\"og:title\" content=\"Gaisbock - Bock Voyage Mini Set\" \/>\n<meta property=\"og:description\" content=\"Des soins puissants \u00e0 emporter ! Le mini-kit de voyage Gaisbock contient des ingr\u00e9dients 100% naturels pour une peau saine et des cheveux forts. Essayez-le !\" \/>\n<meta property=\"og:url\" content=\"https:\/\/manskin.ethos-dev.ch\/fr\/produkt\/gaisbock-bock-voyage\/\" \/>\n<meta property=\"og:site_name\" content=\"Manskin.ch\" \/>\n<meta property=\"article:publisher\" content=\"https:\/\/www.facebook.com\/manskin.ch\" \/>\n<meta property=\"article:modified_time\" content=\"2025-04-15T08:45:02+00:00\" \/>\n<meta property=\"og:image\" content=\"https:\/\/manskin.ethos-dev.ch\/wp-content\/uploads\/2024\/10\/Bock-Voyage-2-High-Quality.jpg\" \/>\n\t<meta property=\"og:image:width\" content=\"800\" \/>\n\t<meta property=\"og:image:height\" content=\"800\" \/>\n\t<meta property=\"og:image:type\" content=\"image\/jpeg\" \/>\n<meta name=\"twitter:card\" content=\"summary_large_image\" \/>\n<meta name=\"twitter:label1\" content=\"Prix\" \/>\n\t<meta name=\"twitter:data1\" content=\"28.90&#067;&#072;&#070;\" \/>\n\t<meta name=\"twitter:label2\" content=\"Disponibilit\u00e9\" \/>\n\t<meta name=\"twitter:data2\" content=\"En stock\" \/>\n<script type=\"application\/ld+json\" class=\"yoast-schema-graph\">{\"@context\":\"https:\/\/schema.org\",\"@graph\":[{\"@type\":\"WebPage\",\"@id\":\"https:\/\/manskin.ethos-dev.ch\/fr\/produkt\/gaisbock-bock-voyage\/\",\"url\":\"https:\/\/manskin.ethos-dev.ch\/fr\/produkt\/gaisbock-bock-voyage\/\",\"name\":\"Gaisbock Bock Voyage : des ingr\u00e9dients naturels pour la peau et les cheveux | Manskin.ch\",\"isPartOf\":{\"@id\":\"https:\/\/manskin.ethos-dev.ch\/#website\"},\"primaryImageOfPage\":{\"@id\":\"https:\/\/manskin.ethos-dev.ch\/fr\/produkt\/gaisbock-bock-voyage\/#primaryimage\"},\"image\":{\"@id\":\"https:\/\/manskin.ethos-dev.ch\/fr\/produkt\/gaisbock-bock-voyage\/#primaryimage\"},\"thumbnailUrl\":\"https:\/\/manskin.ethos-dev.ch\/wp-content\/uploads\/2024\/10\/Bock-Voyage-2-High-Quality.jpg\",\"datePublished\":\"2024-10-15T07:10:03+00:00\",\"dateModified\":\"2025-04-15T08:45:02+00:00\",\"description\":\"Des soins puissants \u00e0 emporter ! Le mini-kit de voyage Gaisbock contient des ingr\u00e9dients 100% naturels pour une peau saine et des cheveux forts. Essayez-le !\",\"breadcrumb\":{\"@id\":\"https:\/\/manskin.ethos-dev.ch\/fr\/produkt\/gaisbock-bock-voyage\/#breadcrumb\"},\"inLanguage\":\"fr-FR\",\"potentialAction\":[{\"@type\":\"ReadAction\",\"target\":[\"https:\/\/manskin.ethos-dev.ch\/fr\/produkt\/gaisbock-bock-voyage\/\"]}]},{\"@type\":\"ImageObject\",\"inLanguage\":\"fr-FR\",\"@id\":\"https:\/\/manskin.ethos-dev.ch\/fr\/produkt\/gaisbock-bock-voyage\/#primaryimage\",\"url\":\"https:\/\/manskin.ethos-dev.ch\/wp-content\/uploads\/2024\/10\/Bock-Voyage-2-High-Quality.jpg\",\"contentUrl\":\"https:\/\/manskin.ethos-dev.ch\/wp-content\/uploads\/2024\/10\/Bock-Voyage-2-High-Quality.jpg\",\"width\":800,\"height\":800},{\"@type\":\"BreadcrumbList\",\"@id\":\"https:\/\/manskin.ethos-dev.ch\/fr\/produkt\/gaisbock-bock-voyage\/#breadcrumb\",\"itemListElement\":[{\"@type\":\"ListItem\",\"position\":1,\"name\":\"Startseite\",\"item\":\"https:\/\/manskin.ethos-dev.ch\/fr\/\"},{\"@type\":\"ListItem\",\"position\":2,\"name\":\"Shop\",\"item\":\"https:\/\/manskin.ethos-dev.ch\/shop\/\"},{\"@type\":\"ListItem\",\"position\":3,\"name\":\"Gaisbock &#8211; Bock Voyage Mini Set\"}]},{\"@type\":\"WebSite\",\"@id\":\"https:\/\/manskin.ethos-dev.ch\/#website\",\"url\":\"https:\/\/manskin.ethos-dev.ch\/\",\"name\":\"Manskin.ch\",\"description\":\"Tous les produits de beaut\u00e9 pour les hommes les plus exigeants\",\"publisher\":{\"@id\":\"https:\/\/manskin.ethos-dev.ch\/#organization\"},\"potentialAction\":[{\"@type\":\"SearchAction\",\"target\":{\"@type\":\"EntryPoint\",\"urlTemplate\":\"https:\/\/manskin.ethos-dev.ch\/?s={search_term_string}\"},\"query-input\":{\"@type\":\"PropertyValueSpecification\",\"valueRequired\":true,\"valueName\":\"search_term_string\"}}],\"inLanguage\":\"fr-FR\"},{\"@type\":\"Organization\",\"@id\":\"https:\/\/manskin.ethos-dev.ch\/#organization\",\"name\":\"Manskin.ch - der Schweizer Onlineshop f\u00fcr qualit\u00e4tsstarke M\u00e4nnerpflege\",\"url\":\"https:\/\/manskin.ethos-dev.ch\/\",\"logo\":{\"@type\":\"ImageObject\",\"inLanguage\":\"fr-FR\",\"@id\":\"https:\/\/manskin.ethos-dev.ch\/#\/schema\/logo\/image\/\",\"url\":\"https:\/\/manskin.ethos-dev.ch\/wp-content\/uploads\/2021\/04\/cropped-logo_head.png\",\"contentUrl\":\"https:\/\/manskin.ethos-dev.ch\/wp-content\/uploads\/2021\/04\/cropped-logo_head.png\",\"width\":235,\"height\":75,\"caption\":\"Manskin.ch - der Schweizer Onlineshop f\u00fcr qualit\u00e4tsstarke M\u00e4nnerpflege\"},\"image\":{\"@id\":\"https:\/\/manskin.ethos-dev.ch\/#\/schema\/logo\/image\/\"},\"sameAs\":[\"https:\/\/www.facebook.com\/manskin.ch\",\"https:\/\/www.instagram.com\/manskin.ch\/\"]}]}<\/script>\n<meta property=\"product:price:amount\" content=\"28.90\" \/>\n<meta property=\"product:price:currency\" content=\"CHF\" \/>\n<meta property=\"og:availability\" content=\"instock\" \/>\n<meta property=\"product:availability\" content=\"instock\" \/>\n<meta property=\"product:retailer_item_id\" content=\"14180\" \/>\n<meta property=\"product:condition\" content=\"new\" \/>\n<!-- \/ Yoast SEO Premium plugin. -->","yoast_head_json":{"title":"Gaisbock Bock Voyage : des ingr\u00e9dients naturels pour la peau et les cheveux | Manskin.ch","description":"Des soins puissants \u00e0 emporter ! Le mini-kit de voyage Gaisbock contient des ingr\u00e9dients 100% naturels pour une peau saine et des cheveux forts. Essayez-le !","robots":{"index":"noindex","follow":"follow","max-snippet":"max-snippet:-1","max-image-preview":"max-image-preview:large","max-video-preview":"max-video-preview:-1"},"og_locale":"fr_FR","og_type":"article","og_title":"Gaisbock - Bock Voyage Mini Set","og_description":"Des soins puissants \u00e0 emporter ! Le mini-kit de voyage Gaisbock contient des ingr\u00e9dients 100% naturels pour une peau saine et des cheveux forts. Essayez-le !","og_url":"https:\/\/manskin.ethos-dev.ch\/fr\/produkt\/gaisbock-bock-voyage\/","og_site_name":"Manskin.ch","article_publisher":"https:\/\/www.facebook.com\/manskin.ch","article_modified_time":"2025-04-15T08:45:02+00:00","og_image":[{"width":800,"height":800,"url":"https:\/\/manskin.ethos-dev.ch\/wp-content\/uploads\/2024\/10\/Bock-Voyage-2-High-Quality.jpg","type":"image\/jpeg"}],"twitter_card":"summary_large_image","twitter_misc":{"Prix":"28.90&#67;&#72;&#70;","Disponibilit\u00e9":"En stock"},"schema":{"@context":"https:\/\/schema.org","@graph":[{"@type":"WebPage","@id":"https:\/\/manskin.ethos-dev.ch\/fr\/produkt\/gaisbock-bock-voyage\/","url":"https:\/\/manskin.ethos-dev.ch\/fr\/produkt\/gaisbock-bock-voyage\/","name":"Gaisbock Bock Voyage : des ingr\u00e9dients naturels pour la peau et les cheveux | Manskin.ch","isPartOf":{"@id":"https:\/\/manskin.ethos-dev.ch\/#website"},"primaryImageOfPage":{"@id":"https:\/\/manskin.ethos-dev.ch\/fr\/produkt\/gaisbock-bock-voyage\/#primaryimage"},"image":{"@id":"https:\/\/manskin.ethos-dev.ch\/fr\/produkt\/gaisbock-bock-voyage\/#primaryimage"},"thumbnailUrl":"https:\/\/manskin.ethos-dev.ch\/wp-content\/uploads\/2024\/10\/Bock-Voyage-2-High-Quality.jpg","datePublished":"2024-10-15T07:10:03+00:00","dateModified":"2025-04-15T08:45:02+00:00","description":"Des soins puissants \u00e0 emporter ! Le mini-kit de voyage Gaisbock contient des ingr\u00e9dients 100% naturels pour une peau saine et des cheveux forts. Essayez-le !","breadcrumb":{"@id":"https:\/\/manskin.ethos-dev.ch\/fr\/produkt\/gaisbock-bock-voyage\/#breadcrumb"},"inLanguage":"fr-FR","potentialAction":[{"@type":"ReadAction","target":["https:\/\/manskin.ethos-dev.ch\/fr\/produkt\/gaisbock-bock-voyage\/"]}]},{"@type":"ImageObject","inLanguage":"fr-FR","@id":"https:\/\/manskin.ethos-dev.ch\/fr\/produkt\/gaisbock-bock-voyage\/#primaryimage","url":"https:\/\/manskin.ethos-dev.ch\/wp-content\/uploads\/2024\/10\/Bock-Voyage-2-High-Quality.jpg","contentUrl":"https:\/\/manskin.ethos-dev.ch\/wp-content\/uploads\/2024\/10\/Bock-Voyage-2-High-Quality.jpg","width":800,"height":800},{"@type":"BreadcrumbList","@id":"https:\/\/manskin.ethos-dev.ch\/fr\/produkt\/gaisbock-bock-voyage\/#breadcrumb","itemListElement":[{"@type":"ListItem","position":1,"name":"Startseite","item":"https:\/\/manskin.ethos-dev.ch\/fr\/"},{"@type":"ListItem","position":2,"name":"Shop","item":"https:\/\/manskin.ethos-dev.ch\/shop\/"},{"@type":"ListItem","position":3,"name":"Gaisbock &#8211; Bock Voyage Mini Set"}]},{"@type":"WebSite","@id":"https:\/\/manskin.ethos-dev.ch\/#website","url":"https:\/\/manskin.ethos-dev.ch\/","name":"Manskin.ch","description":"Tous les produits de beaut\u00e9 pour les hommes les plus exigeants","publisher":{"@id":"https:\/\/manskin.ethos-dev.ch\/#organization"},"potentialAction":[{"@type":"SearchAction","target":{"@type":"EntryPoint","urlTemplate":"https:\/\/manskin.ethos-dev.ch\/?s={search_term_string}"},"query-input":{"@type":"PropertyValueSpecification","valueRequired":true,"valueName":"search_term_string"}}],"inLanguage":"fr-FR"},{"@type":"Organization","@id":"https:\/\/manskin.ethos-dev.ch\/#organization","name":"Manskin.ch - der Schweizer Onlineshop f\u00fcr qualit\u00e4tsstarke M\u00e4nnerpflege","url":"https:\/\/manskin.ethos-dev.ch\/","logo":{"@type":"ImageObject","inLanguage":"fr-FR","@id":"https:\/\/manskin.ethos-dev.ch\/#\/schema\/logo\/image\/","url":"https:\/\/manskin.ethos-dev.ch\/wp-content\/uploads\/2021\/04\/cropped-logo_head.png","contentUrl":"https:\/\/manskin.ethos-dev.ch\/wp-content\/uploads\/2021\/04\/cropped-logo_head.png","width":235,"height":75,"caption":"Manskin.ch - der Schweizer Onlineshop f\u00fcr qualit\u00e4tsstarke M\u00e4nnerpflege"},"image":{"@id":"https:\/\/manskin.ethos-dev.ch\/#\/schema\/logo\/image\/"},"sameAs":["https:\/\/www.facebook.com\/manskin.ch","https:\/\/www.instagram.com\/manskin.ch\/"]}]},"product_price_amount":"28.90","product_price_currency":"CHF","og_availability":"instock","product_availability":"instock","product_retailer_item_id":"14180","product_condition":"new"},"brands":[{"id":2842,"name":"Gaisbock","slug":"gaisbock"}],"_links":{"self":[{"href":"https:\/\/manskin.ethos-dev.ch\/fr\/wp-json\/wp\/v2\/product\/62964","targetHints":{"allow":["GET"]}}],"collection":[{"href":"https:\/\/manskin.ethos-dev.ch\/fr\/wp-json\/wp\/v2\/product"}],"about":[{"href":"https:\/\/manskin.ethos-dev.ch\/fr\/wp-json\/wp\/v2\/types\/product"}],"replies":[{"embeddable":true,"href":"https:\/\/manskin.ethos-dev.ch\/fr\/wp-json\/wp\/v2\/comments?post=62964"}],"wp:featuredmedia":[{"embeddable":true,"href":"https:\/\/manskin.ethos-dev.ch\/fr\/wp-json\/wp\/v2\/media\/63021"}],"wp:attachment":[{"href":"https:\/\/manskin.ethos-dev.ch\/fr\/wp-json\/wp\/v2\/media?parent=62964"}],"wp:term":[{"taxonomy":"pwb-brand","embeddable":true,"href":"https:\/\/manskin.ethos-dev.ch\/fr\/wp-json\/wp\/v2\/pwb-brand?post=62964"},{"taxonomy":"product_brand","embeddable":true,"href":"https:\/\/manskin.ethos-dev.ch\/fr\/wp-json\/wp\/v2\/product_brand?post=62964"},{"taxonomy":"product_cat","embeddable":true,"href":"https:\/\/manskin.ethos-dev.ch\/fr\/wp-json\/wp\/v2\/product_cat?post=62964"},{"taxonomy":"product_tag","embeddable":true,"href":"https:\/\/manskin.ethos-dev.ch\/fr\/wp-json\/wp\/v2\/product_tag?post=62964"}],"curies":[{"name":"wp","href":"https:\/\/api.w.org\/{rel}","templated":true}]}}