{"id":64973,"date":"2022-01-08T13:45:12","date_gmt":"2022-01-08T12:45:12","guid":{"rendered":"https:\/\/manskin.ethos-dev.ch\/produkt\/skinfood-royal-honey-enrich-cream-2\/"},"modified":"2025-04-08T00:01:14","modified_gmt":"2025-04-07T22:01:14","slug":"skinfood-royal-honey-enrich-cream-2","status":"publish","type":"product","link":"https:\/\/manskin.ethos-dev.ch\/fr\/produkt\/skinfood-royal-honey-enrich-cream-2\/","title":{"rendered":"Skinfood &#8211; Royal Honey Enrich Cream"},"content":{"rendered":"<h2>Skinfood &#8211; Royal Honey Enrich Cream<\/h2>\n<ul>\n<li>La cr&egrave;me hydratante anti-&acirc;ge &agrave; la propolis d&#39;abeille noire et &agrave; la gel&eacute;e royale assure une hydratation profonde imm&eacute;diate et un apport en nutriments essentiels.<\/li>\n<li>La cr&egrave;me pour le visage r&eacute;duit la profondeur des rides et renforce la peau pour une &eacute;lasticit&eacute; durable.<\/li>\n<li>La propolis est un turbo pour une peau saine et &eacute;clatante avec un teint impeccable sans taches.<\/li>\n<li>Hydrate profond&eacute;ment.<\/li>\n<li>Nourrit la peau.<\/li>\n<li>Tonifie la peau et renforce la barri&egrave;re cutan&eacute;e.<\/li>\n<li>PRO-SHIELD &trade; transporte les ingr&eacute;dients purs dans les couches les plus profondes de la peau.<\/li>\n<li>Lutte contre les imperfections et l&#39;inflammation.<\/li>\n<\/ul>\n<p>Ingr&eacute;dients:<\/p>\n<ul>\n<li>Extrait de propolis: favorise la r&eacute;g&eacute;n&eacute;ration tissulaire, &eacute;limine les traces de vieillissement pr&eacute;matur&eacute;, a un effet apaisant sur les zones inflammatoires de la peau.<\/li>\n<li>Extrait de miel: combat l&#39;acn&eacute; et la d&eacute;shydratation excessive de la peau, &eacute;limine les rides et prolonge la jeunesse de la peau.<\/li>\n<li>Gel&eacute;e royale: a un effet tonifiant et r&eacute;g&eacute;n&eacute;rant. Il poss&egrave;de des propri&eacute;t&eacute;s antimicrobiennes, antibact&eacute;riennes et antivirales. Emp&ecirc;che l&#39;acn&eacute;, nourrit, hydrate et r&eacute;duit la profondeur des rides.<\/li>\n<li>Extrait de pourpier: pr&eacute;vient les rides.<\/li>\n<li>Lactobacillus et levure ferment&eacute;e: apportent une hydratation intensive et &eacute;quilibrent le teint.<\/li>\n<\/ul>\n<p>Sans alcool, silicone, parab&egrave;nes, huiles min&eacute;rales, huile de palme, sels d&#39;aluminium. Pour les peaux normales, mixtes, s&egrave;ches, sensibles, matures. Contenu 63 ml.<\/p>\n","protected":false},"excerpt":{"rendered":"<p>Cr\u00e8me pour peaux s\u00e8ches avec extrait de propolis<\/p>\n","protected":false},"featured_media":4041,"comment_status":"closed","ping_status":"closed","template":"","meta":{"_acf_changed":false},"pwb-brand":[2915],"product_brand":[],"product_cat":[2914,1930,2344,2352],"product_tag":[],"class_list":{"0":"post-64973","1":"product","2":"type-product","3":"status-publish","4":"has-post-thumbnail","6":"pwb-brand-skinfood","7":"product_cat-skinfood-fr","8":"product_cat-anti-age","9":"product_cat-peau-sensible","10":"product_cat-peau-seche","11":"product_shipping_class-standard-fr","12":"sales-flash-overlay","13":"woocommerce-text-align-center","14":"woocommerce-image-align-center","15":"do-quantity-buttons","16":"has-subscription-plans","18":"first","19":"instock","20":"taxable","21":"shipping-taxable","22":"purchasable","23":"product-type-simple"},"acf":[],"yoast_head":"<!-- This site is optimized with the Yoast SEO Premium plugin v24.8 (Yoast SEO v25.4) - https:\/\/yoast.com\/wordpress\/plugins\/seo\/ -->\n<title>Skinfood - Royal Honey Enrich Cream | Manskin.ch<\/title>\n<meta name=\"description\" content=\"Skinfood - Royal Honey Enrich Cream\" \/>\n<meta name=\"robots\" content=\"noindex, follow, max-snippet:-1, max-image-preview:large, max-video-preview:-1\" \/>\n<meta property=\"og:locale\" content=\"fr_FR\" \/>\n<meta property=\"og:type\" content=\"article\" \/>\n<meta property=\"og:title\" content=\"Skinfood - Royal Honey Enrich Cream\" \/>\n<meta property=\"og:description\" content=\"Skinfood - Royal Honey Enrich Cream\" \/>\n<meta property=\"og:url\" content=\"https:\/\/manskin.ethos-dev.ch\/fr\/produkt\/skinfood-royal-honey-enrich-cream-2\/\" \/>\n<meta property=\"og:site_name\" content=\"Manskin.ch\" \/>\n<meta property=\"article:publisher\" content=\"https:\/\/www.facebook.com\/manskin.ch\" \/>\n<meta property=\"article:modified_time\" content=\"2025-04-07T22:01:14+00:00\" \/>\n<meta property=\"og:image\" content=\"https:\/\/manskin.ethos-dev.ch\/wp-content\/uploads\/2022\/01\/1240_0.jpg\" \/>\n\t<meta property=\"og:image:width\" content=\"492\" \/>\n\t<meta property=\"og:image:height\" content=\"513\" \/>\n\t<meta property=\"og:image:type\" content=\"image\/jpeg\" \/>\n<meta name=\"twitter:card\" content=\"summary_large_image\" \/>\n<meta name=\"twitter:label1\" content=\"Prix\" \/>\n\t<meta name=\"twitter:data1\" content=\"45.00&#067;&#072;&#070;\" \/>\n\t<meta name=\"twitter:label2\" content=\"Disponibilit\u00e9\" \/>\n\t<meta name=\"twitter:data2\" content=\"En stock\" \/>\n<script type=\"application\/ld+json\" class=\"yoast-schema-graph\">{\"@context\":\"https:\/\/schema.org\",\"@graph\":[{\"@type\":\"WebPage\",\"@id\":\"https:\/\/manskin.ethos-dev.ch\/fr\/produkt\/skinfood-royal-honey-enrich-cream-2\/\",\"url\":\"https:\/\/manskin.ethos-dev.ch\/fr\/produkt\/skinfood-royal-honey-enrich-cream-2\/\",\"name\":\"Skinfood - Royal Honey Enrich Cream | Manskin.ch\",\"isPartOf\":{\"@id\":\"https:\/\/manskin.ethos-dev.ch\/#website\"},\"primaryImageOfPage\":{\"@id\":\"https:\/\/manskin.ethos-dev.ch\/fr\/produkt\/skinfood-royal-honey-enrich-cream-2\/#primaryimage\"},\"image\":{\"@id\":\"https:\/\/manskin.ethos-dev.ch\/fr\/produkt\/skinfood-royal-honey-enrich-cream-2\/#primaryimage\"},\"thumbnailUrl\":\"https:\/\/manskin.ethos-dev.ch\/wp-content\/uploads\/2022\/01\/1240_0.jpg\",\"datePublished\":\"2022-01-08T12:45:12+00:00\",\"dateModified\":\"2025-04-07T22:01:14+00:00\",\"description\":\"Skinfood - Royal Honey Enrich Cream\",\"breadcrumb\":{\"@id\":\"https:\/\/manskin.ethos-dev.ch\/fr\/produkt\/skinfood-royal-honey-enrich-cream-2\/#breadcrumb\"},\"inLanguage\":\"fr-FR\",\"potentialAction\":[{\"@type\":\"ReadAction\",\"target\":[\"https:\/\/manskin.ethos-dev.ch\/fr\/produkt\/skinfood-royal-honey-enrich-cream-2\/\"]}]},{\"@type\":\"ImageObject\",\"inLanguage\":\"fr-FR\",\"@id\":\"https:\/\/manskin.ethos-dev.ch\/fr\/produkt\/skinfood-royal-honey-enrich-cream-2\/#primaryimage\",\"url\":\"https:\/\/manskin.ethos-dev.ch\/wp-content\/uploads\/2022\/01\/1240_0.jpg\",\"contentUrl\":\"https:\/\/manskin.ethos-dev.ch\/wp-content\/uploads\/2022\/01\/1240_0.jpg\",\"width\":492,\"height\":513},{\"@type\":\"BreadcrumbList\",\"@id\":\"https:\/\/manskin.ethos-dev.ch\/fr\/produkt\/skinfood-royal-honey-enrich-cream-2\/#breadcrumb\",\"itemListElement\":[{\"@type\":\"ListItem\",\"position\":1,\"name\":\"Startseite\",\"item\":\"https:\/\/manskin.ethos-dev.ch\/fr\/\"},{\"@type\":\"ListItem\",\"position\":2,\"name\":\"Shop\",\"item\":\"https:\/\/manskin.ethos-dev.ch\/shop\/\"},{\"@type\":\"ListItem\",\"position\":3,\"name\":\"Skinfood &#8211; Royal Honey Enrich Cream\"}]},{\"@type\":\"WebSite\",\"@id\":\"https:\/\/manskin.ethos-dev.ch\/#website\",\"url\":\"https:\/\/manskin.ethos-dev.ch\/\",\"name\":\"Manskin.ch\",\"description\":\"Tous les produits de beaut\u00e9 pour les hommes les plus exigeants\",\"publisher\":{\"@id\":\"https:\/\/manskin.ethos-dev.ch\/#organization\"},\"potentialAction\":[{\"@type\":\"SearchAction\",\"target\":{\"@type\":\"EntryPoint\",\"urlTemplate\":\"https:\/\/manskin.ethos-dev.ch\/?s={search_term_string}\"},\"query-input\":{\"@type\":\"PropertyValueSpecification\",\"valueRequired\":true,\"valueName\":\"search_term_string\"}}],\"inLanguage\":\"fr-FR\"},{\"@type\":\"Organization\",\"@id\":\"https:\/\/manskin.ethos-dev.ch\/#organization\",\"name\":\"Manskin.ch - der Schweizer Onlineshop f\u00fcr qualit\u00e4tsstarke M\u00e4nnerpflege\",\"url\":\"https:\/\/manskin.ethos-dev.ch\/\",\"logo\":{\"@type\":\"ImageObject\",\"inLanguage\":\"fr-FR\",\"@id\":\"https:\/\/manskin.ethos-dev.ch\/#\/schema\/logo\/image\/\",\"url\":\"https:\/\/manskin.ethos-dev.ch\/wp-content\/uploads\/2021\/04\/cropped-logo_head.png\",\"contentUrl\":\"https:\/\/manskin.ethos-dev.ch\/wp-content\/uploads\/2021\/04\/cropped-logo_head.png\",\"width\":235,\"height\":75,\"caption\":\"Manskin.ch - der Schweizer Onlineshop f\u00fcr qualit\u00e4tsstarke M\u00e4nnerpflege\"},\"image\":{\"@id\":\"https:\/\/manskin.ethos-dev.ch\/#\/schema\/logo\/image\/\"},\"sameAs\":[\"https:\/\/www.facebook.com\/manskin.ch\",\"https:\/\/www.instagram.com\/manskin.ch\/\"]}]}<\/script>\n<meta property=\"product:price:amount\" content=\"45.00\" \/>\n<meta property=\"product:price:currency\" content=\"CHF\" \/>\n<meta property=\"og:availability\" content=\"instock\" \/>\n<meta property=\"product:availability\" content=\"instock\" \/>\n<meta property=\"product:retailer_item_id\" content=\"12747\" \/>\n<meta property=\"product:condition\" content=\"new\" \/>\n<!-- \/ Yoast SEO Premium plugin. -->","yoast_head_json":{"title":"Skinfood - Royal Honey Enrich Cream | Manskin.ch","description":"Skinfood - Royal Honey Enrich Cream","robots":{"index":"noindex","follow":"follow","max-snippet":"max-snippet:-1","max-image-preview":"max-image-preview:large","max-video-preview":"max-video-preview:-1"},"og_locale":"fr_FR","og_type":"article","og_title":"Skinfood - Royal Honey Enrich Cream","og_description":"Skinfood - Royal Honey Enrich Cream","og_url":"https:\/\/manskin.ethos-dev.ch\/fr\/produkt\/skinfood-royal-honey-enrich-cream-2\/","og_site_name":"Manskin.ch","article_publisher":"https:\/\/www.facebook.com\/manskin.ch","article_modified_time":"2025-04-07T22:01:14+00:00","og_image":[{"width":492,"height":513,"url":"https:\/\/manskin.ethos-dev.ch\/wp-content\/uploads\/2022\/01\/1240_0.jpg","type":"image\/jpeg"}],"twitter_card":"summary_large_image","twitter_misc":{"Prix":"45.00&#67;&#72;&#70;","Disponibilit\u00e9":"En stock"},"schema":{"@context":"https:\/\/schema.org","@graph":[{"@type":"WebPage","@id":"https:\/\/manskin.ethos-dev.ch\/fr\/produkt\/skinfood-royal-honey-enrich-cream-2\/","url":"https:\/\/manskin.ethos-dev.ch\/fr\/produkt\/skinfood-royal-honey-enrich-cream-2\/","name":"Skinfood - Royal Honey Enrich Cream | Manskin.ch","isPartOf":{"@id":"https:\/\/manskin.ethos-dev.ch\/#website"},"primaryImageOfPage":{"@id":"https:\/\/manskin.ethos-dev.ch\/fr\/produkt\/skinfood-royal-honey-enrich-cream-2\/#primaryimage"},"image":{"@id":"https:\/\/manskin.ethos-dev.ch\/fr\/produkt\/skinfood-royal-honey-enrich-cream-2\/#primaryimage"},"thumbnailUrl":"https:\/\/manskin.ethos-dev.ch\/wp-content\/uploads\/2022\/01\/1240_0.jpg","datePublished":"2022-01-08T12:45:12+00:00","dateModified":"2025-04-07T22:01:14+00:00","description":"Skinfood - Royal Honey Enrich Cream","breadcrumb":{"@id":"https:\/\/manskin.ethos-dev.ch\/fr\/produkt\/skinfood-royal-honey-enrich-cream-2\/#breadcrumb"},"inLanguage":"fr-FR","potentialAction":[{"@type":"ReadAction","target":["https:\/\/manskin.ethos-dev.ch\/fr\/produkt\/skinfood-royal-honey-enrich-cream-2\/"]}]},{"@type":"ImageObject","inLanguage":"fr-FR","@id":"https:\/\/manskin.ethos-dev.ch\/fr\/produkt\/skinfood-royal-honey-enrich-cream-2\/#primaryimage","url":"https:\/\/manskin.ethos-dev.ch\/wp-content\/uploads\/2022\/01\/1240_0.jpg","contentUrl":"https:\/\/manskin.ethos-dev.ch\/wp-content\/uploads\/2022\/01\/1240_0.jpg","width":492,"height":513},{"@type":"BreadcrumbList","@id":"https:\/\/manskin.ethos-dev.ch\/fr\/produkt\/skinfood-royal-honey-enrich-cream-2\/#breadcrumb","itemListElement":[{"@type":"ListItem","position":1,"name":"Startseite","item":"https:\/\/manskin.ethos-dev.ch\/fr\/"},{"@type":"ListItem","position":2,"name":"Shop","item":"https:\/\/manskin.ethos-dev.ch\/shop\/"},{"@type":"ListItem","position":3,"name":"Skinfood &#8211; Royal Honey Enrich Cream"}]},{"@type":"WebSite","@id":"https:\/\/manskin.ethos-dev.ch\/#website","url":"https:\/\/manskin.ethos-dev.ch\/","name":"Manskin.ch","description":"Tous les produits de beaut\u00e9 pour les hommes les plus exigeants","publisher":{"@id":"https:\/\/manskin.ethos-dev.ch\/#organization"},"potentialAction":[{"@type":"SearchAction","target":{"@type":"EntryPoint","urlTemplate":"https:\/\/manskin.ethos-dev.ch\/?s={search_term_string}"},"query-input":{"@type":"PropertyValueSpecification","valueRequired":true,"valueName":"search_term_string"}}],"inLanguage":"fr-FR"},{"@type":"Organization","@id":"https:\/\/manskin.ethos-dev.ch\/#organization","name":"Manskin.ch - der Schweizer Onlineshop f\u00fcr qualit\u00e4tsstarke M\u00e4nnerpflege","url":"https:\/\/manskin.ethos-dev.ch\/","logo":{"@type":"ImageObject","inLanguage":"fr-FR","@id":"https:\/\/manskin.ethos-dev.ch\/#\/schema\/logo\/image\/","url":"https:\/\/manskin.ethos-dev.ch\/wp-content\/uploads\/2021\/04\/cropped-logo_head.png","contentUrl":"https:\/\/manskin.ethos-dev.ch\/wp-content\/uploads\/2021\/04\/cropped-logo_head.png","width":235,"height":75,"caption":"Manskin.ch - der Schweizer Onlineshop f\u00fcr qualit\u00e4tsstarke M\u00e4nnerpflege"},"image":{"@id":"https:\/\/manskin.ethos-dev.ch\/#\/schema\/logo\/image\/"},"sameAs":["https:\/\/www.facebook.com\/manskin.ch","https:\/\/www.instagram.com\/manskin.ch\/"]}]},"product_price_amount":"45.00","product_price_currency":"CHF","og_availability":"instock","product_availability":"instock","product_retailer_item_id":"12747","product_condition":"new"},"brands":[{"id":2915,"name":"Skinfood","slug":"skinfood"}],"_links":{"self":[{"href":"https:\/\/manskin.ethos-dev.ch\/fr\/wp-json\/wp\/v2\/product\/64973","targetHints":{"allow":["GET"]}}],"collection":[{"href":"https:\/\/manskin.ethos-dev.ch\/fr\/wp-json\/wp\/v2\/product"}],"about":[{"href":"https:\/\/manskin.ethos-dev.ch\/fr\/wp-json\/wp\/v2\/types\/product"}],"replies":[{"embeddable":true,"href":"https:\/\/manskin.ethos-dev.ch\/fr\/wp-json\/wp\/v2\/comments?post=64973"}],"wp:featuredmedia":[{"embeddable":true,"href":"https:\/\/manskin.ethos-dev.ch\/fr\/wp-json\/wp\/v2\/media\/4041"}],"wp:attachment":[{"href":"https:\/\/manskin.ethos-dev.ch\/fr\/wp-json\/wp\/v2\/media?parent=64973"}],"wp:term":[{"taxonomy":"pwb-brand","embeddable":true,"href":"https:\/\/manskin.ethos-dev.ch\/fr\/wp-json\/wp\/v2\/pwb-brand?post=64973"},{"taxonomy":"product_brand","embeddable":true,"href":"https:\/\/manskin.ethos-dev.ch\/fr\/wp-json\/wp\/v2\/product_brand?post=64973"},{"taxonomy":"product_cat","embeddable":true,"href":"https:\/\/manskin.ethos-dev.ch\/fr\/wp-json\/wp\/v2\/product_cat?post=64973"},{"taxonomy":"product_tag","embeddable":true,"href":"https:\/\/manskin.ethos-dev.ch\/fr\/wp-json\/wp\/v2\/product_tag?post=64973"}],"curies":[{"name":"wp","href":"https:\/\/api.w.org\/{rel}","templated":true}]}}