{"id":65609,"date":"2024-11-10T18:06:22","date_gmt":"2024-11-10T17:06:22","guid":{"rendered":"https:\/\/manskin.ethos-dev.ch\/produkt\/set-rytmo-blaireau-creme-a-raser\/"},"modified":"2025-04-10T09:16:23","modified_gmt":"2025-04-10T07:16:23","slug":"muehle-set-cadeau-companion-body","status":"publish","type":"product","link":"https:\/\/manskin.ethos-dev.ch\/fr\/produkt\/muehle-set-cadeau-companion-body\/","title":{"rendered":"M\u00dcHLE &#8211; Set Cadeau Companion BODY"},"content":{"rendered":"<h2>M&Uuml;HLE &#8211; Set Cadeau Companion BODY<\/h2>\n<p>Le set comprend :<\/p>\n<ul>\n<li>Rasoir unisexe COMPANION avec cordon bleu<\/li>\n<li>Prot&egrave;ge-lame<\/li>\n<li>Lames de rasoir M&Uuml;HLE, pack de 10<\/li>\n<li>Serviette de rasage en coton piqu&eacute;<\/li>\n<li>Savon solide pour le corps ESSENTIALS, 100 gr.<\/li>\n<\/ul>\n<p>&nbsp;<\/p>\n<ul>\n<li>Le COMPANION est le rasoir unisexe pour un rasage parfait du corps. Avec son design de t&ecirc;te de rasoir sophistiqu&eacute; et un manche antid&eacute;rapant extra long, il permet un rasage doux et s&ucirc;r de la t&ecirc;te aux pieds.<\/li>\n<li>Pour un compl&eacute;ment parfait, le set contient &eacute;galement un paquet de lames de rasoir M&Uuml;HLE et le prot&egrave;ge-lame correspondant.<\/li>\n<li>La serviette de rasage incluse en piqu&eacute; gaufr&eacute; tr&egrave;s fin peut servir de &laquo; hot towel &raquo; pour la pr&eacute;paration au rasage ou s&eacute;cher la peau en douceur plus tard.<\/li>\n<li>Envelopp&eacute; dans le parfum aromatique et frais unisexe, le savon solide pour le corps d&#39;ESSENTIALS permet de commencer la journ&eacute;e de la meilleure des mani&egrave;res. Emball&eacute; de mani&egrave;re compacte dans du papier et de consistance solide, le savon pour le corps est id&eacute;al pour les voyages et permet d&#39;&eacute;conomiser beaucoup de d&eacute;chets.<\/li>\n<\/ul>\n","protected":false},"excerpt":{"rendered":"<p>Incl. rasoir unisexe pour un rasage parfait du corps<\/p>\n","protected":false},"featured_media":65617,"comment_status":"closed","ping_status":"closed","template":"","meta":{"_acf_changed":false},"pwb-brand":[2769],"product_brand":[],"product_cat":[2326,2495,2412,2424],"product_tag":[],"class_list":{"0":"post-65609","1":"product","2":"type-product","3":"status-publish","4":"has-post-thumbnail","6":"pwb-brand-muehle","7":"product_cat-cadeaux","8":"product_cat-savon-pour-le-corps","9":"product_cat-muehle-fr","10":"product_cat-sets-de-rasage","11":"product_shipping_class-standard-fr","12":"sales-flash-overlay","13":"woocommerce-text-align-center","14":"woocommerce-image-align-center","15":"do-quantity-buttons","16":"wc-has-gallery","17":"has-subscription-plans","19":"first","20":"instock","21":"taxable","22":"shipping-taxable","23":"purchasable","24":"product-type-simple"},"acf":[],"yoast_head":"<!-- This site is optimized with the Yoast SEO Premium plugin v24.8 (Yoast SEO v25.4) - https:\/\/yoast.com\/wordpress\/plugins\/seo\/ -->\n<title>Coffret cadeau M\u00fchle Companion Body : Un rasage parfait pour elle &amp; lui | Manskin.ch<\/title>\n<meta name=\"description\" content=\"D\u00e9couvre le set M\u00fchle Companion pour un rasage parfait du corps. Contient un rasoir, des lames de rasoir, une serviette de rasage et un savon solide pour le corps. Parfait pour offrir !\" \/>\n<meta name=\"robots\" content=\"noindex, follow, max-snippet:-1, max-image-preview:large, max-video-preview:-1\" \/>\n<meta property=\"og:locale\" content=\"fr_FR\" \/>\n<meta property=\"og:type\" content=\"article\" \/>\n<meta property=\"og:title\" content=\"M\u00dcHLE - Set Cadeau Companion BODY\" \/>\n<meta property=\"og:description\" content=\"D\u00e9couvre le set M\u00fchle Companion pour un rasage parfait du corps. Contient un rasoir, des lames de rasoir, une serviette de rasage et un savon solide pour le corps. Parfait pour offrir !\" \/>\n<meta property=\"og:url\" content=\"https:\/\/manskin.ethos-dev.ch\/fr\/produkt\/muehle-set-cadeau-companion-body\/\" \/>\n<meta property=\"og:site_name\" content=\"Manskin.ch\" \/>\n<meta property=\"article:publisher\" content=\"https:\/\/www.facebook.com\/manskin.ch\" \/>\n<meta property=\"article:modified_time\" content=\"2025-04-10T07:16:23+00:00\" \/>\n<meta property=\"og:image\" content=\"https:\/\/manskin.ethos-dev.ch\/wp-content\/uploads\/2024\/11\/Derby-Extra-High-Quality-1.jpg\" \/>\n\t<meta property=\"og:image:width\" content=\"1000\" \/>\n\t<meta property=\"og:image:height\" content=\"1000\" \/>\n\t<meta property=\"og:image:type\" content=\"image\/jpeg\" \/>\n<meta name=\"twitter:card\" content=\"summary_large_image\" \/>\n<meta name=\"twitter:label1\" content=\"Prix\" \/>\n\t<meta name=\"twitter:data1\" content=\"58.00&#067;&#072;&#070;\" \/>\n\t<meta name=\"twitter:label2\" content=\"Disponibilit\u00e9\" \/>\n\t<meta name=\"twitter:data2\" content=\"En stock\" \/>\n<script type=\"application\/ld+json\" class=\"yoast-schema-graph\">{\"@context\":\"https:\/\/schema.org\",\"@graph\":[{\"@type\":\"WebPage\",\"@id\":\"https:\/\/manskin.ethos-dev.ch\/fr\/produkt\/muehle-set-cadeau-companion-body\/\",\"url\":\"https:\/\/manskin.ethos-dev.ch\/fr\/produkt\/muehle-set-cadeau-companion-body\/\",\"name\":\"Coffret cadeau M\u00fchle Companion Body : Un rasage parfait pour elle & lui | Manskin.ch\",\"isPartOf\":{\"@id\":\"https:\/\/manskin.ethos-dev.ch\/#website\"},\"primaryImageOfPage\":{\"@id\":\"https:\/\/manskin.ethos-dev.ch\/fr\/produkt\/muehle-set-cadeau-companion-body\/#primaryimage\"},\"image\":{\"@id\":\"https:\/\/manskin.ethos-dev.ch\/fr\/produkt\/muehle-set-cadeau-companion-body\/#primaryimage\"},\"thumbnailUrl\":\"https:\/\/manskin.ethos-dev.ch\/wp-content\/uploads\/2024\/11\/Derby-Extra-High-Quality-1.jpg\",\"datePublished\":\"2024-11-10T17:06:22+00:00\",\"dateModified\":\"2025-04-10T07:16:23+00:00\",\"description\":\"D\u00e9couvre le set M\u00fchle Companion pour un rasage parfait du corps. Contient un rasoir, des lames de rasoir, une serviette de rasage et un savon solide pour le corps. Parfait pour offrir !\",\"breadcrumb\":{\"@id\":\"https:\/\/manskin.ethos-dev.ch\/fr\/produkt\/muehle-set-cadeau-companion-body\/#breadcrumb\"},\"inLanguage\":\"fr-FR\",\"potentialAction\":[{\"@type\":\"ReadAction\",\"target\":[\"https:\/\/manskin.ethos-dev.ch\/fr\/produkt\/muehle-set-cadeau-companion-body\/\"]}]},{\"@type\":\"ImageObject\",\"inLanguage\":\"fr-FR\",\"@id\":\"https:\/\/manskin.ethos-dev.ch\/fr\/produkt\/muehle-set-cadeau-companion-body\/#primaryimage\",\"url\":\"https:\/\/manskin.ethos-dev.ch\/wp-content\/uploads\/2024\/11\/Derby-Extra-High-Quality-1.jpg\",\"contentUrl\":\"https:\/\/manskin.ethos-dev.ch\/wp-content\/uploads\/2024\/11\/Derby-Extra-High-Quality-1.jpg\",\"width\":1000,\"height\":1000},{\"@type\":\"BreadcrumbList\",\"@id\":\"https:\/\/manskin.ethos-dev.ch\/fr\/produkt\/muehle-set-cadeau-companion-body\/#breadcrumb\",\"itemListElement\":[{\"@type\":\"ListItem\",\"position\":1,\"name\":\"Startseite\",\"item\":\"https:\/\/manskin.ethos-dev.ch\/fr\/\"},{\"@type\":\"ListItem\",\"position\":2,\"name\":\"Shop\",\"item\":\"https:\/\/manskin.ethos-dev.ch\/shop\/\"},{\"@type\":\"ListItem\",\"position\":3,\"name\":\"M\u00dcHLE &#8211; Set Cadeau Companion BODY\"}]},{\"@type\":\"WebSite\",\"@id\":\"https:\/\/manskin.ethos-dev.ch\/#website\",\"url\":\"https:\/\/manskin.ethos-dev.ch\/\",\"name\":\"Manskin.ch\",\"description\":\"Tous les produits de beaut\u00e9 pour les hommes les plus exigeants\",\"publisher\":{\"@id\":\"https:\/\/manskin.ethos-dev.ch\/#organization\"},\"potentialAction\":[{\"@type\":\"SearchAction\",\"target\":{\"@type\":\"EntryPoint\",\"urlTemplate\":\"https:\/\/manskin.ethos-dev.ch\/?s={search_term_string}\"},\"query-input\":{\"@type\":\"PropertyValueSpecification\",\"valueRequired\":true,\"valueName\":\"search_term_string\"}}],\"inLanguage\":\"fr-FR\"},{\"@type\":\"Organization\",\"@id\":\"https:\/\/manskin.ethos-dev.ch\/#organization\",\"name\":\"Manskin.ch - der Schweizer Onlineshop f\u00fcr qualit\u00e4tsstarke M\u00e4nnerpflege\",\"url\":\"https:\/\/manskin.ethos-dev.ch\/\",\"logo\":{\"@type\":\"ImageObject\",\"inLanguage\":\"fr-FR\",\"@id\":\"https:\/\/manskin.ethos-dev.ch\/#\/schema\/logo\/image\/\",\"url\":\"https:\/\/manskin.ethos-dev.ch\/wp-content\/uploads\/2021\/04\/cropped-logo_head.png\",\"contentUrl\":\"https:\/\/manskin.ethos-dev.ch\/wp-content\/uploads\/2021\/04\/cropped-logo_head.png\",\"width\":235,\"height\":75,\"caption\":\"Manskin.ch - der Schweizer Onlineshop f\u00fcr qualit\u00e4tsstarke M\u00e4nnerpflege\"},\"image\":{\"@id\":\"https:\/\/manskin.ethos-dev.ch\/#\/schema\/logo\/image\/\"},\"sameAs\":[\"https:\/\/www.facebook.com\/manskin.ch\",\"https:\/\/www.instagram.com\/manskin.ch\/\"]}]}<\/script>\n<meta property=\"product:price:amount\" content=\"58.00\" \/>\n<meta property=\"product:price:currency\" content=\"CHF\" \/>\n<meta property=\"og:availability\" content=\"instock\" \/>\n<meta property=\"product:availability\" content=\"instock\" \/>\n<meta property=\"product:retailer_item_id\" content=\"14194\" \/>\n<meta property=\"product:condition\" content=\"new\" \/>\n<!-- \/ Yoast SEO Premium plugin. -->","yoast_head_json":{"title":"Coffret cadeau M\u00fchle Companion Body : Un rasage parfait pour elle & lui | Manskin.ch","description":"D\u00e9couvre le set M\u00fchle Companion pour un rasage parfait du corps. Contient un rasoir, des lames de rasoir, une serviette de rasage et un savon solide pour le corps. Parfait pour offrir !","robots":{"index":"noindex","follow":"follow","max-snippet":"max-snippet:-1","max-image-preview":"max-image-preview:large","max-video-preview":"max-video-preview:-1"},"og_locale":"fr_FR","og_type":"article","og_title":"M\u00dcHLE - Set Cadeau Companion BODY","og_description":"D\u00e9couvre le set M\u00fchle Companion pour un rasage parfait du corps. Contient un rasoir, des lames de rasoir, une serviette de rasage et un savon solide pour le corps. Parfait pour offrir !","og_url":"https:\/\/manskin.ethos-dev.ch\/fr\/produkt\/muehle-set-cadeau-companion-body\/","og_site_name":"Manskin.ch","article_publisher":"https:\/\/www.facebook.com\/manskin.ch","article_modified_time":"2025-04-10T07:16:23+00:00","og_image":[{"width":1000,"height":1000,"url":"https:\/\/manskin.ethos-dev.ch\/wp-content\/uploads\/2024\/11\/Derby-Extra-High-Quality-1.jpg","type":"image\/jpeg"}],"twitter_card":"summary_large_image","twitter_misc":{"Prix":"58.00&#67;&#72;&#70;","Disponibilit\u00e9":"En stock"},"schema":{"@context":"https:\/\/schema.org","@graph":[{"@type":"WebPage","@id":"https:\/\/manskin.ethos-dev.ch\/fr\/produkt\/muehle-set-cadeau-companion-body\/","url":"https:\/\/manskin.ethos-dev.ch\/fr\/produkt\/muehle-set-cadeau-companion-body\/","name":"Coffret cadeau M\u00fchle Companion Body : Un rasage parfait pour elle & lui | Manskin.ch","isPartOf":{"@id":"https:\/\/manskin.ethos-dev.ch\/#website"},"primaryImageOfPage":{"@id":"https:\/\/manskin.ethos-dev.ch\/fr\/produkt\/muehle-set-cadeau-companion-body\/#primaryimage"},"image":{"@id":"https:\/\/manskin.ethos-dev.ch\/fr\/produkt\/muehle-set-cadeau-companion-body\/#primaryimage"},"thumbnailUrl":"https:\/\/manskin.ethos-dev.ch\/wp-content\/uploads\/2024\/11\/Derby-Extra-High-Quality-1.jpg","datePublished":"2024-11-10T17:06:22+00:00","dateModified":"2025-04-10T07:16:23+00:00","description":"D\u00e9couvre le set M\u00fchle Companion pour un rasage parfait du corps. Contient un rasoir, des lames de rasoir, une serviette de rasage et un savon solide pour le corps. Parfait pour offrir !","breadcrumb":{"@id":"https:\/\/manskin.ethos-dev.ch\/fr\/produkt\/muehle-set-cadeau-companion-body\/#breadcrumb"},"inLanguage":"fr-FR","potentialAction":[{"@type":"ReadAction","target":["https:\/\/manskin.ethos-dev.ch\/fr\/produkt\/muehle-set-cadeau-companion-body\/"]}]},{"@type":"ImageObject","inLanguage":"fr-FR","@id":"https:\/\/manskin.ethos-dev.ch\/fr\/produkt\/muehle-set-cadeau-companion-body\/#primaryimage","url":"https:\/\/manskin.ethos-dev.ch\/wp-content\/uploads\/2024\/11\/Derby-Extra-High-Quality-1.jpg","contentUrl":"https:\/\/manskin.ethos-dev.ch\/wp-content\/uploads\/2024\/11\/Derby-Extra-High-Quality-1.jpg","width":1000,"height":1000},{"@type":"BreadcrumbList","@id":"https:\/\/manskin.ethos-dev.ch\/fr\/produkt\/muehle-set-cadeau-companion-body\/#breadcrumb","itemListElement":[{"@type":"ListItem","position":1,"name":"Startseite","item":"https:\/\/manskin.ethos-dev.ch\/fr\/"},{"@type":"ListItem","position":2,"name":"Shop","item":"https:\/\/manskin.ethos-dev.ch\/shop\/"},{"@type":"ListItem","position":3,"name":"M\u00dcHLE &#8211; Set Cadeau Companion BODY"}]},{"@type":"WebSite","@id":"https:\/\/manskin.ethos-dev.ch\/#website","url":"https:\/\/manskin.ethos-dev.ch\/","name":"Manskin.ch","description":"Tous les produits de beaut\u00e9 pour les hommes les plus exigeants","publisher":{"@id":"https:\/\/manskin.ethos-dev.ch\/#organization"},"potentialAction":[{"@type":"SearchAction","target":{"@type":"EntryPoint","urlTemplate":"https:\/\/manskin.ethos-dev.ch\/?s={search_term_string}"},"query-input":{"@type":"PropertyValueSpecification","valueRequired":true,"valueName":"search_term_string"}}],"inLanguage":"fr-FR"},{"@type":"Organization","@id":"https:\/\/manskin.ethos-dev.ch\/#organization","name":"Manskin.ch - der Schweizer Onlineshop f\u00fcr qualit\u00e4tsstarke M\u00e4nnerpflege","url":"https:\/\/manskin.ethos-dev.ch\/","logo":{"@type":"ImageObject","inLanguage":"fr-FR","@id":"https:\/\/manskin.ethos-dev.ch\/#\/schema\/logo\/image\/","url":"https:\/\/manskin.ethos-dev.ch\/wp-content\/uploads\/2021\/04\/cropped-logo_head.png","contentUrl":"https:\/\/manskin.ethos-dev.ch\/wp-content\/uploads\/2021\/04\/cropped-logo_head.png","width":235,"height":75,"caption":"Manskin.ch - der Schweizer Onlineshop f\u00fcr qualit\u00e4tsstarke M\u00e4nnerpflege"},"image":{"@id":"https:\/\/manskin.ethos-dev.ch\/#\/schema\/logo\/image\/"},"sameAs":["https:\/\/www.facebook.com\/manskin.ch","https:\/\/www.instagram.com\/manskin.ch\/"]}]},"product_price_amount":"58.00","product_price_currency":"CHF","og_availability":"instock","product_availability":"instock","product_retailer_item_id":"14194","product_condition":"new"},"brands":[{"id":2769,"name":"M\u00dcHLE","slug":"muehle"}],"_links":{"self":[{"href":"https:\/\/manskin.ethos-dev.ch\/fr\/wp-json\/wp\/v2\/product\/65609","targetHints":{"allow":["GET"]}}],"collection":[{"href":"https:\/\/manskin.ethos-dev.ch\/fr\/wp-json\/wp\/v2\/product"}],"about":[{"href":"https:\/\/manskin.ethos-dev.ch\/fr\/wp-json\/wp\/v2\/types\/product"}],"replies":[{"embeddable":true,"href":"https:\/\/manskin.ethos-dev.ch\/fr\/wp-json\/wp\/v2\/comments?post=65609"}],"wp:featuredmedia":[{"embeddable":true,"href":"https:\/\/manskin.ethos-dev.ch\/fr\/wp-json\/wp\/v2\/media\/65617"}],"wp:attachment":[{"href":"https:\/\/manskin.ethos-dev.ch\/fr\/wp-json\/wp\/v2\/media?parent=65609"}],"wp:term":[{"taxonomy":"pwb-brand","embeddable":true,"href":"https:\/\/manskin.ethos-dev.ch\/fr\/wp-json\/wp\/v2\/pwb-brand?post=65609"},{"taxonomy":"product_brand","embeddable":true,"href":"https:\/\/manskin.ethos-dev.ch\/fr\/wp-json\/wp\/v2\/product_brand?post=65609"},{"taxonomy":"product_cat","embeddable":true,"href":"https:\/\/manskin.ethos-dev.ch\/fr\/wp-json\/wp\/v2\/product_cat?post=65609"},{"taxonomy":"product_tag","embeddable":true,"href":"https:\/\/manskin.ethos-dev.ch\/fr\/wp-json\/wp\/v2\/product_tag?post=65609"}],"curies":[{"name":"wp","href":"https:\/\/api.w.org\/{rel}","templated":true}]}}