{"id":65859,"date":"2024-11-14T08:42:42","date_gmt":"2024-11-14T07:42:42","guid":{"rendered":"https:\/\/manskin.ethos-dev.ch\/produkt\/muehle-set-cadeau-companion-body\/"},"modified":"2025-07-10T00:10:26","modified_gmt":"2025-07-09T22:10:26","slug":"muehle-coffret-cadeau-rytmo","status":"publish","type":"product","link":"https:\/\/manskin.ethos-dev.ch\/fr\/produkt\/muehle-coffret-cadeau-rytmo\/","title":{"rendered":"M\u00dcHLE &#8211; Coffret cadeau Rytmo 4 pi\u00e8ces"},"content":{"rendered":"<h2>M&Uuml;HLE &#8211; Coffret Cadeau Rytmo 4 pi&egrave;ces<\/h2>\n<p>Que ce soit pour offrir ou pour se faire plaisir: le set de rasage parfaitement assorti en bois de noyer noble est un accroche-regard &eacute;l&eacute;gant dans la salle de bain qui conf&egrave;re une note individuelle &agrave; chaque rituel de rasage. Pour un d&eacute;marrage parfait, ce coffret cadeau contient &eacute;galement une cr&egrave;me &agrave; raser de qualit&eacute; sup&eacute;rieure &agrave; base de pamplemousse et de menthe, qui pr&eacute;pare la peau et les cheveux de mani&egrave;re optimale &agrave; un rasage humide en douceur et rafra&icirc;chit les sens avec des notes fruit&eacute;es et une huile de menthe vivifiante.<\/p>\n<p>Le set comprend :<\/p>\n<ul>\n<li>Blaireau RYTMO, avec fibre noire v&eacute;g&eacute;talienne (bague de 21 mm)<\/li>\n<li>Rasoir RYTMO &agrave; 5 lames, compatible avec Gillette&reg; Fusion&trade;, Fusion&trade; ProGlide et SkinGuard<\/li>\n<li>Manche de blaireau &amp; de rasoir en bois de noyer avec accents m&eacute;talliques chrom&eacute;s<\/li>\n<li>Support en m&eacute;tal chrom&eacute;<\/li>\n<li>M&Uuml;HLE cr&egrave;me &agrave; raser pamplemousse &amp; menthe 75 ml<\/li>\n<li>Emballage cadeau en carton de haute qualit&eacute;<\/li>\n<\/ul>\n<h3><span style=\"color: rgb(243, 156, 18);\">Poign&eacute;es en bois de noyer<\/span><\/h3>\n<ul>\n<li>Gr&acirc;ce &agrave; sa veinure vivante et &agrave; son dessin frappant, le bois de noyer fait partie des bois indig&egrave;nes les plus nobles et en m&ecirc;me temps les plus d&eacute;coratifs. Il est &eacute;galement tr&egrave;s dur, ind&eacute;formable et r&eacute;sistant.<\/li>\n<li>Pour prot&eacute;ger le bois contre l&#39;eau, les surfaces sont encore une fois vitrifi&eacute;es &agrave; l&#39;huile. La douce brillance qui en r&eacute;sulte est un effet secondaire voulu et agr&eacute;able.<\/li>\n<\/ul>\n<h3>\n<span style=\"color: rgb(243, 156, 18);\">La t&ecirc;te de pinceau v&eacute;g&eacute;talienne &#8211; Black Fibre<\/span><\/h3>\n<ul>\n<li>La coloration fonc&eacute;e et la douceur des fibres synth&eacute;tiques ressemblent en grande partie au mat&eacute;riau naturel de la qualit&eacute; &laquo; pur poil de blaireau &raquo;, elles sont en outre un peu plus souples aux extr&eacute;mit&eacute;s.<\/li>\n<li>Les fibres synth&eacute;tiques ont &eacute;galement de bonnes propri&eacute;t&eacute;s d&#39;utilisation. Les fibres s&#39;av&egrave;rent un peu plus robustes et plus durables.<\/li>\n<li>Certains utilisateurs pr&eacute;f&egrave;rent ce mat&eacute;riau non seulement en raison de ses propri&eacute;t&eacute;s v&eacute;g&eacute;taliennes, mais aussi parce qu&#39;il permet d&#39;obtenir une mousse &agrave; raser particuli&egrave;rement onctueuse.<\/li>\n<\/ul>\n<h3>\n<span style=\"color: rgb(243, 156, 18);\">La t&ecirc;te de rasoir &#8211; Gillette&reg; Fusion&trade;<\/span><\/h3>\n<ul>\n<li>Le dernier syst&egrave;me de rasage de Gillette&reg; comprend cinq lames superpos&eacute;es ainsi qu&#39;une lame situ&eacute;e plus &agrave; l&#39;ext&eacute;rieur pour une d&eacute;coupe pr&eacute;cise des contours.<\/li>\n<li>Cette conception permet un rasage de tr&egrave;s pr&egrave;s et en douceur. Son utilisation simple et s&ucirc;re est id&eacute;ale, m&ecirc;me pour les d&eacute;butants. Les lames sont disponibles partout dans le commerce.<\/li>\n<\/ul>\n","protected":false},"excerpt":{"rendered":"<p>M&Uuml;HLE &#8211; Coffret Cadeau Rytmo 4 pi&egrave;ces Que ce soit pour offrir ou pour se faire plaisir: le set de rasage parfaitement assorti en bois de noyer noble est un accroche-regard &eacute;l&eacute;gant dans la salle de bain qui conf&egrave;re une note individuelle &agrave; chaque rituel de rasage. Pour un d&eacute;marrage parfait, ce coffret cadeau contient &#8230; <a title=\"M\u00dcHLE &#8211; Coffret cadeau Rytmo 4 pi\u00e8ces\" class=\"read-more\" href=\"https:\/\/manskin.ethos-dev.ch\/fr\/produkt\/muehle-coffret-cadeau-rytmo\/\" aria-label=\"En savoir plus sur M\u00dcHLE &#8211; Coffret cadeau Rytmo 4 pi\u00e8ces\">Lire la suite<\/a><\/p>\n","protected":false},"featured_media":65899,"comment_status":"closed","ping_status":"closed","template":"","meta":{"_acf_changed":false},"pwb-brand":[2769],"product_brand":[],"product_cat":[2412,2424,2425,2433],"product_tag":[],"class_list":{"0":"post-65859","1":"product","2":"type-product","3":"status-publish","4":"has-post-thumbnail","6":"pwb-brand-muehle","7":"product_cat-muehle-fr","8":"product_cat-sets-de-rasage","9":"product_cat-blaireau-new","10":"product_cat-sales-fr","11":"product_shipping_class-standard-fr","12":"sales-flash-overlay","13":"woocommerce-text-align-center","14":"woocommerce-image-align-center","15":"do-quantity-buttons","16":"wc-has-gallery","17":"has-subscription-plans","19":"first","20":"instock","21":"sale","22":"taxable","23":"shipping-taxable","24":"purchasable","25":"product-type-simple"},"acf":[],"yoast_head":"<!-- This site is optimized with the Yoast SEO Premium plugin v24.8 (Yoast SEO v25.4) - https:\/\/yoast.com\/wordpress\/plugins\/seo\/ -->\n<title>M\u00fchle Coffret Cadeau Rytmo : Set de rasage styl\u00e9 en bois de noyer | Manskin.ch<\/title>\n<meta name=\"description\" content=\"Avec le set cadeau Rytmo, chaque rasage devient une exp\u00e9rience individuelle. Emball\u00e9 avec style pour un rasage humide en douceur. Offre-toi le cadeau parfait*\" \/>\n<meta name=\"robots\" content=\"noindex, follow, max-snippet:-1, max-image-preview:large, max-video-preview:-1\" \/>\n<meta property=\"og:locale\" content=\"fr_FR\" \/>\n<meta property=\"og:type\" content=\"article\" \/>\n<meta property=\"og:title\" content=\"M\u00dcHLE - Coffret cadeau Rytmo 4 pi\u00e8ces\" \/>\n<meta property=\"og:description\" content=\"Avec le set cadeau Rytmo, chaque rasage devient une exp\u00e9rience individuelle. Emball\u00e9 avec style pour un rasage humide en douceur. Offre-toi le cadeau parfait*\" \/>\n<meta property=\"og:url\" content=\"https:\/\/manskin.ethos-dev.ch\/fr\/produkt\/muehle-coffret-cadeau-rytmo\/\" \/>\n<meta property=\"og:site_name\" content=\"Manskin.ch\" \/>\n<meta property=\"article:publisher\" content=\"https:\/\/www.facebook.com\/manskin.ch\" \/>\n<meta property=\"article:modified_time\" content=\"2025-07-09T22:10:26+00:00\" \/>\n<meta property=\"og:image\" content=\"https:\/\/manskin.ethos-dev.ch\/wp-content\/uploads\/2024\/11\/Set-Rytmo-High-Quality.jpg\" \/>\n\t<meta property=\"og:image:width\" content=\"1000\" \/>\n\t<meta property=\"og:image:height\" content=\"1000\" \/>\n\t<meta property=\"og:image:type\" content=\"image\/jpeg\" \/>\n<meta name=\"twitter:card\" content=\"summary_large_image\" \/>\n<meta name=\"twitter:label1\" content=\"Prix\" \/>\n\t<meta name=\"twitter:data1\" content=\"99.00&#067;&#072;&#070;\" \/>\n\t<meta name=\"twitter:label2\" content=\"Disponibilit\u00e9\" \/>\n\t<meta name=\"twitter:data2\" content=\"En stock\" \/>\n<script type=\"application\/ld+json\" class=\"yoast-schema-graph\">{\"@context\":\"https:\/\/schema.org\",\"@graph\":[{\"@type\":\"WebPage\",\"@id\":\"https:\/\/manskin.ethos-dev.ch\/fr\/produkt\/muehle-coffret-cadeau-rytmo\/\",\"url\":\"https:\/\/manskin.ethos-dev.ch\/fr\/produkt\/muehle-coffret-cadeau-rytmo\/\",\"name\":\"M\u00fchle Coffret Cadeau Rytmo : Set de rasage styl\u00e9 en bois de noyer | Manskin.ch\",\"isPartOf\":{\"@id\":\"https:\/\/manskin.ethos-dev.ch\/#website\"},\"primaryImageOfPage\":{\"@id\":\"https:\/\/manskin.ethos-dev.ch\/fr\/produkt\/muehle-coffret-cadeau-rytmo\/#primaryimage\"},\"image\":{\"@id\":\"https:\/\/manskin.ethos-dev.ch\/fr\/produkt\/muehle-coffret-cadeau-rytmo\/#primaryimage\"},\"thumbnailUrl\":\"https:\/\/manskin.ethos-dev.ch\/wp-content\/uploads\/2024\/11\/Set-Rytmo-High-Quality.jpg\",\"datePublished\":\"2024-11-14T07:42:42+00:00\",\"dateModified\":\"2025-07-09T22:10:26+00:00\",\"description\":\"Avec le set cadeau Rytmo, chaque rasage devient une exp\u00e9rience individuelle. Emball\u00e9 avec style pour un rasage humide en douceur. Offre-toi le cadeau parfait*\",\"breadcrumb\":{\"@id\":\"https:\/\/manskin.ethos-dev.ch\/fr\/produkt\/muehle-coffret-cadeau-rytmo\/#breadcrumb\"},\"inLanguage\":\"fr-FR\",\"potentialAction\":[{\"@type\":\"ReadAction\",\"target\":[\"https:\/\/manskin.ethos-dev.ch\/fr\/produkt\/muehle-coffret-cadeau-rytmo\/\"]}]},{\"@type\":\"ImageObject\",\"inLanguage\":\"fr-FR\",\"@id\":\"https:\/\/manskin.ethos-dev.ch\/fr\/produkt\/muehle-coffret-cadeau-rytmo\/#primaryimage\",\"url\":\"https:\/\/manskin.ethos-dev.ch\/wp-content\/uploads\/2024\/11\/Set-Rytmo-High-Quality.jpg\",\"contentUrl\":\"https:\/\/manskin.ethos-dev.ch\/wp-content\/uploads\/2024\/11\/Set-Rytmo-High-Quality.jpg\",\"width\":1000,\"height\":1000},{\"@type\":\"BreadcrumbList\",\"@id\":\"https:\/\/manskin.ethos-dev.ch\/fr\/produkt\/muehle-coffret-cadeau-rytmo\/#breadcrumb\",\"itemListElement\":[{\"@type\":\"ListItem\",\"position\":1,\"name\":\"Startseite\",\"item\":\"https:\/\/manskin.ethos-dev.ch\/fr\/\"},{\"@type\":\"ListItem\",\"position\":2,\"name\":\"Shop\",\"item\":\"https:\/\/manskin.ethos-dev.ch\/shop\/\"},{\"@type\":\"ListItem\",\"position\":3,\"name\":\"M\u00dcHLE &#8211; Coffret cadeau Rytmo 4 pi\u00e8ces\"}]},{\"@type\":\"WebSite\",\"@id\":\"https:\/\/manskin.ethos-dev.ch\/#website\",\"url\":\"https:\/\/manskin.ethos-dev.ch\/\",\"name\":\"Manskin.ch\",\"description\":\"Tous les produits de beaut\u00e9 pour les hommes les plus exigeants\",\"publisher\":{\"@id\":\"https:\/\/manskin.ethos-dev.ch\/#organization\"},\"potentialAction\":[{\"@type\":\"SearchAction\",\"target\":{\"@type\":\"EntryPoint\",\"urlTemplate\":\"https:\/\/manskin.ethos-dev.ch\/?s={search_term_string}\"},\"query-input\":{\"@type\":\"PropertyValueSpecification\",\"valueRequired\":true,\"valueName\":\"search_term_string\"}}],\"inLanguage\":\"fr-FR\"},{\"@type\":\"Organization\",\"@id\":\"https:\/\/manskin.ethos-dev.ch\/#organization\",\"name\":\"Manskin.ch - der Schweizer Onlineshop f\u00fcr qualit\u00e4tsstarke M\u00e4nnerpflege\",\"url\":\"https:\/\/manskin.ethos-dev.ch\/\",\"logo\":{\"@type\":\"ImageObject\",\"inLanguage\":\"fr-FR\",\"@id\":\"https:\/\/manskin.ethos-dev.ch\/#\/schema\/logo\/image\/\",\"url\":\"https:\/\/manskin.ethos-dev.ch\/wp-content\/uploads\/2021\/04\/cropped-logo_head.png\",\"contentUrl\":\"https:\/\/manskin.ethos-dev.ch\/wp-content\/uploads\/2021\/04\/cropped-logo_head.png\",\"width\":235,\"height\":75,\"caption\":\"Manskin.ch - der Schweizer Onlineshop f\u00fcr qualit\u00e4tsstarke M\u00e4nnerpflege\"},\"image\":{\"@id\":\"https:\/\/manskin.ethos-dev.ch\/#\/schema\/logo\/image\/\"},\"sameAs\":[\"https:\/\/www.facebook.com\/manskin.ch\",\"https:\/\/www.instagram.com\/manskin.ch\/\"]}]}<\/script>\n<meta property=\"product:price:amount\" content=\"99.00\" \/>\n<meta property=\"product:price:currency\" content=\"CHF\" \/>\n<meta property=\"og:availability\" content=\"instock\" \/>\n<meta property=\"product:availability\" content=\"instock\" \/>\n<meta property=\"product:retailer_item_id\" content=\"14195\" \/>\n<meta property=\"product:condition\" content=\"new\" \/>\n<!-- \/ Yoast SEO Premium plugin. -->","yoast_head_json":{"title":"M\u00fchle Coffret Cadeau Rytmo : Set de rasage styl\u00e9 en bois de noyer | Manskin.ch","description":"Avec le set cadeau Rytmo, chaque rasage devient une exp\u00e9rience individuelle. Emball\u00e9 avec style pour un rasage humide en douceur. Offre-toi le cadeau parfait*","robots":{"index":"noindex","follow":"follow","max-snippet":"max-snippet:-1","max-image-preview":"max-image-preview:large","max-video-preview":"max-video-preview:-1"},"og_locale":"fr_FR","og_type":"article","og_title":"M\u00dcHLE - Coffret cadeau Rytmo 4 pi\u00e8ces","og_description":"Avec le set cadeau Rytmo, chaque rasage devient une exp\u00e9rience individuelle. Emball\u00e9 avec style pour un rasage humide en douceur. Offre-toi le cadeau parfait*","og_url":"https:\/\/manskin.ethos-dev.ch\/fr\/produkt\/muehle-coffret-cadeau-rytmo\/","og_site_name":"Manskin.ch","article_publisher":"https:\/\/www.facebook.com\/manskin.ch","article_modified_time":"2025-07-09T22:10:26+00:00","og_image":[{"width":1000,"height":1000,"url":"https:\/\/manskin.ethos-dev.ch\/wp-content\/uploads\/2024\/11\/Set-Rytmo-High-Quality.jpg","type":"image\/jpeg"}],"twitter_card":"summary_large_image","twitter_misc":{"Prix":"99.00&#67;&#72;&#70;","Disponibilit\u00e9":"En stock"},"schema":{"@context":"https:\/\/schema.org","@graph":[{"@type":"WebPage","@id":"https:\/\/manskin.ethos-dev.ch\/fr\/produkt\/muehle-coffret-cadeau-rytmo\/","url":"https:\/\/manskin.ethos-dev.ch\/fr\/produkt\/muehle-coffret-cadeau-rytmo\/","name":"M\u00fchle Coffret Cadeau Rytmo : Set de rasage styl\u00e9 en bois de noyer | Manskin.ch","isPartOf":{"@id":"https:\/\/manskin.ethos-dev.ch\/#website"},"primaryImageOfPage":{"@id":"https:\/\/manskin.ethos-dev.ch\/fr\/produkt\/muehle-coffret-cadeau-rytmo\/#primaryimage"},"image":{"@id":"https:\/\/manskin.ethos-dev.ch\/fr\/produkt\/muehle-coffret-cadeau-rytmo\/#primaryimage"},"thumbnailUrl":"https:\/\/manskin.ethos-dev.ch\/wp-content\/uploads\/2024\/11\/Set-Rytmo-High-Quality.jpg","datePublished":"2024-11-14T07:42:42+00:00","dateModified":"2025-07-09T22:10:26+00:00","description":"Avec le set cadeau Rytmo, chaque rasage devient une exp\u00e9rience individuelle. Emball\u00e9 avec style pour un rasage humide en douceur. Offre-toi le cadeau parfait*","breadcrumb":{"@id":"https:\/\/manskin.ethos-dev.ch\/fr\/produkt\/muehle-coffret-cadeau-rytmo\/#breadcrumb"},"inLanguage":"fr-FR","potentialAction":[{"@type":"ReadAction","target":["https:\/\/manskin.ethos-dev.ch\/fr\/produkt\/muehle-coffret-cadeau-rytmo\/"]}]},{"@type":"ImageObject","inLanguage":"fr-FR","@id":"https:\/\/manskin.ethos-dev.ch\/fr\/produkt\/muehle-coffret-cadeau-rytmo\/#primaryimage","url":"https:\/\/manskin.ethos-dev.ch\/wp-content\/uploads\/2024\/11\/Set-Rytmo-High-Quality.jpg","contentUrl":"https:\/\/manskin.ethos-dev.ch\/wp-content\/uploads\/2024\/11\/Set-Rytmo-High-Quality.jpg","width":1000,"height":1000},{"@type":"BreadcrumbList","@id":"https:\/\/manskin.ethos-dev.ch\/fr\/produkt\/muehle-coffret-cadeau-rytmo\/#breadcrumb","itemListElement":[{"@type":"ListItem","position":1,"name":"Startseite","item":"https:\/\/manskin.ethos-dev.ch\/fr\/"},{"@type":"ListItem","position":2,"name":"Shop","item":"https:\/\/manskin.ethos-dev.ch\/shop\/"},{"@type":"ListItem","position":3,"name":"M\u00dcHLE &#8211; Coffret cadeau Rytmo 4 pi\u00e8ces"}]},{"@type":"WebSite","@id":"https:\/\/manskin.ethos-dev.ch\/#website","url":"https:\/\/manskin.ethos-dev.ch\/","name":"Manskin.ch","description":"Tous les produits de beaut\u00e9 pour les hommes les plus exigeants","publisher":{"@id":"https:\/\/manskin.ethos-dev.ch\/#organization"},"potentialAction":[{"@type":"SearchAction","target":{"@type":"EntryPoint","urlTemplate":"https:\/\/manskin.ethos-dev.ch\/?s={search_term_string}"},"query-input":{"@type":"PropertyValueSpecification","valueRequired":true,"valueName":"search_term_string"}}],"inLanguage":"fr-FR"},{"@type":"Organization","@id":"https:\/\/manskin.ethos-dev.ch\/#organization","name":"Manskin.ch - der Schweizer Onlineshop f\u00fcr qualit\u00e4tsstarke M\u00e4nnerpflege","url":"https:\/\/manskin.ethos-dev.ch\/","logo":{"@type":"ImageObject","inLanguage":"fr-FR","@id":"https:\/\/manskin.ethos-dev.ch\/#\/schema\/logo\/image\/","url":"https:\/\/manskin.ethos-dev.ch\/wp-content\/uploads\/2021\/04\/cropped-logo_head.png","contentUrl":"https:\/\/manskin.ethos-dev.ch\/wp-content\/uploads\/2021\/04\/cropped-logo_head.png","width":235,"height":75,"caption":"Manskin.ch - der Schweizer Onlineshop f\u00fcr qualit\u00e4tsstarke M\u00e4nnerpflege"},"image":{"@id":"https:\/\/manskin.ethos-dev.ch\/#\/schema\/logo\/image\/"},"sameAs":["https:\/\/www.facebook.com\/manskin.ch","https:\/\/www.instagram.com\/manskin.ch\/"]}]},"product_price_amount":"99.00","product_price_currency":"CHF","og_availability":"instock","product_availability":"instock","product_retailer_item_id":"14195","product_condition":"new"},"brands":[{"id":2769,"name":"M\u00dcHLE","slug":"muehle"}],"_links":{"self":[{"href":"https:\/\/manskin.ethos-dev.ch\/fr\/wp-json\/wp\/v2\/product\/65859","targetHints":{"allow":["GET"]}}],"collection":[{"href":"https:\/\/manskin.ethos-dev.ch\/fr\/wp-json\/wp\/v2\/product"}],"about":[{"href":"https:\/\/manskin.ethos-dev.ch\/fr\/wp-json\/wp\/v2\/types\/product"}],"replies":[{"embeddable":true,"href":"https:\/\/manskin.ethos-dev.ch\/fr\/wp-json\/wp\/v2\/comments?post=65859"}],"wp:featuredmedia":[{"embeddable":true,"href":"https:\/\/manskin.ethos-dev.ch\/fr\/wp-json\/wp\/v2\/media\/65899"}],"wp:attachment":[{"href":"https:\/\/manskin.ethos-dev.ch\/fr\/wp-json\/wp\/v2\/media?parent=65859"}],"wp:term":[{"taxonomy":"pwb-brand","embeddable":true,"href":"https:\/\/manskin.ethos-dev.ch\/fr\/wp-json\/wp\/v2\/pwb-brand?post=65859"},{"taxonomy":"product_brand","embeddable":true,"href":"https:\/\/manskin.ethos-dev.ch\/fr\/wp-json\/wp\/v2\/product_brand?post=65859"},{"taxonomy":"product_cat","embeddable":true,"href":"https:\/\/manskin.ethos-dev.ch\/fr\/wp-json\/wp\/v2\/product_cat?post=65859"},{"taxonomy":"product_tag","embeddable":true,"href":"https:\/\/manskin.ethos-dev.ch\/fr\/wp-json\/wp\/v2\/product_tag?post=65859"}],"curies":[{"name":"wp","href":"https:\/\/api.w.org\/{rel}","templated":true}]}}