{"id":68563,"date":"2025-01-04T20:36:28","date_gmt":"2025-01-04T19:36:28","guid":{"rendered":"https:\/\/manskin.ethos-dev.ch\/produkt\/gentlehomme-daily-collagen-facial-cream-3\/"},"modified":"2025-04-03T21:23:42","modified_gmt":"2025-04-03T19:23:42","slug":"gentlehomme-daily-collagen-eye-cream","status":"publish","type":"product","link":"https:\/\/manskin.ethos-dev.ch\/fr\/produkt\/gentlehomme-daily-collagen-eye-cream\/","title":{"rendered":"Gentlehomme &#8211; Daily Power Collagen Eye Cream"},"content":{"rendered":"<h2>Gentlehomme &#8211; Daily Power Collagen Eye Cream &#8211; Cr&egrave;me pour les yeux au collag&egrave;ne &amp; &agrave; la caf&eacute;ine pour hommes avec acide hyaluronique<\/h2>\n<ul>\n<li>Gentlehomme Eye Cream a &eacute;t&eacute; con&ccedil;u pour la peau sous les yeux afin de r&eacute;duire les cernes et d&#39;&eacute;claircir les yeux ternes.<\/li>\n<li>Gentlehomme Collagen Eye Cream contient des vitamines et des min&eacute;raux essentiels pour lisser les ridules sous les yeux.<\/li>\n<li>Cette cr&egrave;me hydratante &agrave; base de caf&eacute;ine et d&#39;acide hyaluronique donne &agrave; tes yeux un aspect frais jour et nuit.<\/li>\n<\/ul>\n<p>Contenu 50 ml.<\/p>\n","protected":false},"excerpt":{"rendered":"<p>Gentlehomme &#8211; Daily Power Collagen Eye Cream &#8211; Cr&egrave;me pour les yeux au collag&egrave;ne &amp; &agrave; la caf&eacute;ine pour hommes avec acide hyaluronique Gentlehomme Eye Cream a &eacute;t&eacute; con&ccedil;u pour la peau sous les yeux afin de r&eacute;duire les cernes et d&#39;&eacute;claircir les yeux ternes. Gentlehomme Collagen Eye Cream contient des vitamines et des min&eacute;raux &#8230; <a title=\"Gentlehomme &#8211; Daily Power Collagen Eye Cream\" class=\"read-more\" href=\"https:\/\/manskin.ethos-dev.ch\/fr\/produkt\/gentlehomme-daily-collagen-eye-cream\/\" aria-label=\"En savoir plus sur Gentlehomme &#8211; Daily Power Collagen Eye Cream\">Lire la suite<\/a><\/p>\n","protected":false},"featured_media":68685,"comment_status":"closed","ping_status":"closed","template":"","meta":{"_acf_changed":false},"pwb-brand":[2866],"product_brand":[],"product_cat":[2868,2328,1930],"product_tag":[],"class_list":{"0":"post-68563","1":"product","2":"type-product","3":"status-publish","4":"has-post-thumbnail","6":"pwb-brand-gentlehomme","7":"product_cat-gentlehomme-fr","8":"product_cat-contour-de-loeil","9":"product_cat-anti-age","10":"product_shipping_class-standard-fr","11":"sales-flash-overlay","12":"woocommerce-text-align-center","13":"woocommerce-image-align-center","14":"do-quantity-buttons","15":"has-subscription-plans","17":"first","18":"instock","19":"taxable","20":"shipping-taxable","21":"purchasable","22":"product-type-simple"},"acf":[],"yoast_head":"<!-- This site is optimized with the Yoast SEO Premium plugin v24.8 (Yoast SEO v25.4) - https:\/\/yoast.com\/wordpress\/plugins\/seo\/ -->\n<title>Gentlehomme Cr\u00e8me pour les yeux au collag\u00e8ne contre les cernes | %%sitename<\/title>\n<meta name=\"description\" content=\"Donne un coup de pouce \u00e0 ta routine de soins des yeux avec la cr\u00e8me pour les yeux au collag\u00e8ne Gentlehomme. Acide hyaluronique et 50 ml de soin complet pour ta peau.\" \/>\n<meta name=\"robots\" content=\"noindex, follow, max-snippet:-1, max-image-preview:large, max-video-preview:-1\" \/>\n<meta property=\"og:locale\" content=\"fr_FR\" \/>\n<meta property=\"og:type\" content=\"article\" \/>\n<meta property=\"og:title\" content=\"Gentlehomme - Daily Power Collagen Eye Cream\" \/>\n<meta property=\"og:description\" content=\"Donne un coup de pouce \u00e0 ta routine de soins des yeux avec la cr\u00e8me pour les yeux au collag\u00e8ne Gentlehomme. Acide hyaluronique et 50 ml de soin complet pour ta peau.\" \/>\n<meta property=\"og:url\" content=\"https:\/\/manskin.ethos-dev.ch\/fr\/produkt\/gentlehomme-daily-collagen-eye-cream\/\" \/>\n<meta property=\"og:site_name\" content=\"Manskin.ch\" \/>\n<meta property=\"article:publisher\" content=\"https:\/\/www.facebook.com\/manskin.ch\" \/>\n<meta property=\"article:modified_time\" content=\"2025-04-03T19:23:42+00:00\" \/>\n<meta property=\"og:image\" content=\"https:\/\/manskin.ethos-dev.ch\/wp-content\/uploads\/2025\/01\/CollagenEyeCream-FRONT.webp\" \/>\n\t<meta property=\"og:image:width\" content=\"1080\" \/>\n\t<meta property=\"og:image:height\" content=\"1080\" \/>\n\t<meta property=\"og:image:type\" content=\"image\/webp\" \/>\n<meta name=\"twitter:card\" content=\"summary_large_image\" \/>\n<meta name=\"twitter:label1\" content=\"Prix\" \/>\n\t<meta name=\"twitter:data1\" content=\"30.00&#067;&#072;&#070;\" \/>\n\t<meta name=\"twitter:label2\" content=\"Disponibilit\u00e9\" \/>\n\t<meta name=\"twitter:data2\" content=\"En stock\" \/>\n<script type=\"application\/ld+json\" class=\"yoast-schema-graph\">{\"@context\":\"https:\/\/schema.org\",\"@graph\":[{\"@type\":\"WebPage\",\"@id\":\"https:\/\/manskin.ethos-dev.ch\/fr\/produkt\/gentlehomme-daily-collagen-eye-cream\/\",\"url\":\"https:\/\/manskin.ethos-dev.ch\/fr\/produkt\/gentlehomme-daily-collagen-eye-cream\/\",\"name\":\"Gentlehomme Cr\u00e8me pour les yeux au collag\u00e8ne contre les cernes | %%sitename\",\"isPartOf\":{\"@id\":\"https:\/\/manskin.ethos-dev.ch\/#website\"},\"primaryImageOfPage\":{\"@id\":\"https:\/\/manskin.ethos-dev.ch\/fr\/produkt\/gentlehomme-daily-collagen-eye-cream\/#primaryimage\"},\"image\":{\"@id\":\"https:\/\/manskin.ethos-dev.ch\/fr\/produkt\/gentlehomme-daily-collagen-eye-cream\/#primaryimage\"},\"thumbnailUrl\":\"https:\/\/manskin.ethos-dev.ch\/wp-content\/uploads\/2025\/01\/CollagenEyeCream-FRONT.webp\",\"datePublished\":\"2025-01-04T19:36:28+00:00\",\"dateModified\":\"2025-04-03T19:23:42+00:00\",\"description\":\"Donne un coup de pouce \u00e0 ta routine de soins des yeux avec la cr\u00e8me pour les yeux au collag\u00e8ne Gentlehomme. Acide hyaluronique et 50 ml de soin complet pour ta peau.\",\"breadcrumb\":{\"@id\":\"https:\/\/manskin.ethos-dev.ch\/fr\/produkt\/gentlehomme-daily-collagen-eye-cream\/#breadcrumb\"},\"inLanguage\":\"fr-FR\",\"potentialAction\":[{\"@type\":\"ReadAction\",\"target\":[\"https:\/\/manskin.ethos-dev.ch\/fr\/produkt\/gentlehomme-daily-collagen-eye-cream\/\"]}]},{\"@type\":\"ImageObject\",\"inLanguage\":\"fr-FR\",\"@id\":\"https:\/\/manskin.ethos-dev.ch\/fr\/produkt\/gentlehomme-daily-collagen-eye-cream\/#primaryimage\",\"url\":\"https:\/\/manskin.ethos-dev.ch\/wp-content\/uploads\/2025\/01\/CollagenEyeCream-FRONT.webp\",\"contentUrl\":\"https:\/\/manskin.ethos-dev.ch\/wp-content\/uploads\/2025\/01\/CollagenEyeCream-FRONT.webp\",\"width\":1080,\"height\":1080},{\"@type\":\"BreadcrumbList\",\"@id\":\"https:\/\/manskin.ethos-dev.ch\/fr\/produkt\/gentlehomme-daily-collagen-eye-cream\/#breadcrumb\",\"itemListElement\":[{\"@type\":\"ListItem\",\"position\":1,\"name\":\"Startseite\",\"item\":\"https:\/\/manskin.ethos-dev.ch\/fr\/\"},{\"@type\":\"ListItem\",\"position\":2,\"name\":\"Shop\",\"item\":\"https:\/\/manskin.ethos-dev.ch\/shop\/\"},{\"@type\":\"ListItem\",\"position\":3,\"name\":\"Gentlehomme &#8211; Daily Power Collagen Eye Cream\"}]},{\"@type\":\"WebSite\",\"@id\":\"https:\/\/manskin.ethos-dev.ch\/#website\",\"url\":\"https:\/\/manskin.ethos-dev.ch\/\",\"name\":\"Manskin.ch\",\"description\":\"Tous les produits de beaut\u00e9 pour les hommes les plus exigeants\",\"publisher\":{\"@id\":\"https:\/\/manskin.ethos-dev.ch\/#organization\"},\"potentialAction\":[{\"@type\":\"SearchAction\",\"target\":{\"@type\":\"EntryPoint\",\"urlTemplate\":\"https:\/\/manskin.ethos-dev.ch\/?s={search_term_string}\"},\"query-input\":{\"@type\":\"PropertyValueSpecification\",\"valueRequired\":true,\"valueName\":\"search_term_string\"}}],\"inLanguage\":\"fr-FR\"},{\"@type\":\"Organization\",\"@id\":\"https:\/\/manskin.ethos-dev.ch\/#organization\",\"name\":\"Manskin.ch - der Schweizer Onlineshop f\u00fcr qualit\u00e4tsstarke M\u00e4nnerpflege\",\"url\":\"https:\/\/manskin.ethos-dev.ch\/\",\"logo\":{\"@type\":\"ImageObject\",\"inLanguage\":\"fr-FR\",\"@id\":\"https:\/\/manskin.ethos-dev.ch\/#\/schema\/logo\/image\/\",\"url\":\"https:\/\/manskin.ethos-dev.ch\/wp-content\/uploads\/2021\/04\/cropped-logo_head.png\",\"contentUrl\":\"https:\/\/manskin.ethos-dev.ch\/wp-content\/uploads\/2021\/04\/cropped-logo_head.png\",\"width\":235,\"height\":75,\"caption\":\"Manskin.ch - der Schweizer Onlineshop f\u00fcr qualit\u00e4tsstarke M\u00e4nnerpflege\"},\"image\":{\"@id\":\"https:\/\/manskin.ethos-dev.ch\/#\/schema\/logo\/image\/\"},\"sameAs\":[\"https:\/\/www.facebook.com\/manskin.ch\",\"https:\/\/www.instagram.com\/manskin.ch\/\"]}]}<\/script>\n<meta property=\"product:price:amount\" content=\"30.00\" \/>\n<meta property=\"product:price:currency\" content=\"CHF\" \/>\n<meta property=\"og:availability\" content=\"instock\" \/>\n<meta property=\"product:availability\" content=\"instock\" \/>\n<meta property=\"product:retailer_item_id\" content=\"14213\" \/>\n<meta property=\"product:condition\" content=\"new\" \/>\n<!-- \/ Yoast SEO Premium plugin. -->","yoast_head_json":{"title":"Gentlehomme Cr\u00e8me pour les yeux au collag\u00e8ne contre les cernes | %%sitename","description":"Donne un coup de pouce \u00e0 ta routine de soins des yeux avec la cr\u00e8me pour les yeux au collag\u00e8ne Gentlehomme. Acide hyaluronique et 50 ml de soin complet pour ta peau.","robots":{"index":"noindex","follow":"follow","max-snippet":"max-snippet:-1","max-image-preview":"max-image-preview:large","max-video-preview":"max-video-preview:-1"},"og_locale":"fr_FR","og_type":"article","og_title":"Gentlehomme - Daily Power Collagen Eye Cream","og_description":"Donne un coup de pouce \u00e0 ta routine de soins des yeux avec la cr\u00e8me pour les yeux au collag\u00e8ne Gentlehomme. Acide hyaluronique et 50 ml de soin complet pour ta peau.","og_url":"https:\/\/manskin.ethos-dev.ch\/fr\/produkt\/gentlehomme-daily-collagen-eye-cream\/","og_site_name":"Manskin.ch","article_publisher":"https:\/\/www.facebook.com\/manskin.ch","article_modified_time":"2025-04-03T19:23:42+00:00","og_image":[{"width":1080,"height":1080,"url":"https:\/\/manskin.ethos-dev.ch\/wp-content\/uploads\/2025\/01\/CollagenEyeCream-FRONT.webp","type":"image\/webp"}],"twitter_card":"summary_large_image","twitter_misc":{"Prix":"30.00&#67;&#72;&#70;","Disponibilit\u00e9":"En stock"},"schema":{"@context":"https:\/\/schema.org","@graph":[{"@type":"WebPage","@id":"https:\/\/manskin.ethos-dev.ch\/fr\/produkt\/gentlehomme-daily-collagen-eye-cream\/","url":"https:\/\/manskin.ethos-dev.ch\/fr\/produkt\/gentlehomme-daily-collagen-eye-cream\/","name":"Gentlehomme Cr\u00e8me pour les yeux au collag\u00e8ne contre les cernes | %%sitename","isPartOf":{"@id":"https:\/\/manskin.ethos-dev.ch\/#website"},"primaryImageOfPage":{"@id":"https:\/\/manskin.ethos-dev.ch\/fr\/produkt\/gentlehomme-daily-collagen-eye-cream\/#primaryimage"},"image":{"@id":"https:\/\/manskin.ethos-dev.ch\/fr\/produkt\/gentlehomme-daily-collagen-eye-cream\/#primaryimage"},"thumbnailUrl":"https:\/\/manskin.ethos-dev.ch\/wp-content\/uploads\/2025\/01\/CollagenEyeCream-FRONT.webp","datePublished":"2025-01-04T19:36:28+00:00","dateModified":"2025-04-03T19:23:42+00:00","description":"Donne un coup de pouce \u00e0 ta routine de soins des yeux avec la cr\u00e8me pour les yeux au collag\u00e8ne Gentlehomme. Acide hyaluronique et 50 ml de soin complet pour ta peau.","breadcrumb":{"@id":"https:\/\/manskin.ethos-dev.ch\/fr\/produkt\/gentlehomme-daily-collagen-eye-cream\/#breadcrumb"},"inLanguage":"fr-FR","potentialAction":[{"@type":"ReadAction","target":["https:\/\/manskin.ethos-dev.ch\/fr\/produkt\/gentlehomme-daily-collagen-eye-cream\/"]}]},{"@type":"ImageObject","inLanguage":"fr-FR","@id":"https:\/\/manskin.ethos-dev.ch\/fr\/produkt\/gentlehomme-daily-collagen-eye-cream\/#primaryimage","url":"https:\/\/manskin.ethos-dev.ch\/wp-content\/uploads\/2025\/01\/CollagenEyeCream-FRONT.webp","contentUrl":"https:\/\/manskin.ethos-dev.ch\/wp-content\/uploads\/2025\/01\/CollagenEyeCream-FRONT.webp","width":1080,"height":1080},{"@type":"BreadcrumbList","@id":"https:\/\/manskin.ethos-dev.ch\/fr\/produkt\/gentlehomme-daily-collagen-eye-cream\/#breadcrumb","itemListElement":[{"@type":"ListItem","position":1,"name":"Startseite","item":"https:\/\/manskin.ethos-dev.ch\/fr\/"},{"@type":"ListItem","position":2,"name":"Shop","item":"https:\/\/manskin.ethos-dev.ch\/shop\/"},{"@type":"ListItem","position":3,"name":"Gentlehomme &#8211; Daily Power Collagen Eye Cream"}]},{"@type":"WebSite","@id":"https:\/\/manskin.ethos-dev.ch\/#website","url":"https:\/\/manskin.ethos-dev.ch\/","name":"Manskin.ch","description":"Tous les produits de beaut\u00e9 pour les hommes les plus exigeants","publisher":{"@id":"https:\/\/manskin.ethos-dev.ch\/#organization"},"potentialAction":[{"@type":"SearchAction","target":{"@type":"EntryPoint","urlTemplate":"https:\/\/manskin.ethos-dev.ch\/?s={search_term_string}"},"query-input":{"@type":"PropertyValueSpecification","valueRequired":true,"valueName":"search_term_string"}}],"inLanguage":"fr-FR"},{"@type":"Organization","@id":"https:\/\/manskin.ethos-dev.ch\/#organization","name":"Manskin.ch - der Schweizer Onlineshop f\u00fcr qualit\u00e4tsstarke M\u00e4nnerpflege","url":"https:\/\/manskin.ethos-dev.ch\/","logo":{"@type":"ImageObject","inLanguage":"fr-FR","@id":"https:\/\/manskin.ethos-dev.ch\/#\/schema\/logo\/image\/","url":"https:\/\/manskin.ethos-dev.ch\/wp-content\/uploads\/2021\/04\/cropped-logo_head.png","contentUrl":"https:\/\/manskin.ethos-dev.ch\/wp-content\/uploads\/2021\/04\/cropped-logo_head.png","width":235,"height":75,"caption":"Manskin.ch - der Schweizer Onlineshop f\u00fcr qualit\u00e4tsstarke M\u00e4nnerpflege"},"image":{"@id":"https:\/\/manskin.ethos-dev.ch\/#\/schema\/logo\/image\/"},"sameAs":["https:\/\/www.facebook.com\/manskin.ch","https:\/\/www.instagram.com\/manskin.ch\/"]}]},"product_price_amount":"30.00","product_price_currency":"CHF","og_availability":"instock","product_availability":"instock","product_retailer_item_id":"14213","product_condition":"new"},"brands":[{"id":2866,"name":"Gentlehomme","slug":"gentlehomme"}],"_links":{"self":[{"href":"https:\/\/manskin.ethos-dev.ch\/fr\/wp-json\/wp\/v2\/product\/68563","targetHints":{"allow":["GET"]}}],"collection":[{"href":"https:\/\/manskin.ethos-dev.ch\/fr\/wp-json\/wp\/v2\/product"}],"about":[{"href":"https:\/\/manskin.ethos-dev.ch\/fr\/wp-json\/wp\/v2\/types\/product"}],"replies":[{"embeddable":true,"href":"https:\/\/manskin.ethos-dev.ch\/fr\/wp-json\/wp\/v2\/comments?post=68563"}],"wp:featuredmedia":[{"embeddable":true,"href":"https:\/\/manskin.ethos-dev.ch\/fr\/wp-json\/wp\/v2\/media\/68685"}],"wp:attachment":[{"href":"https:\/\/manskin.ethos-dev.ch\/fr\/wp-json\/wp\/v2\/media?parent=68563"}],"wp:term":[{"taxonomy":"pwb-brand","embeddable":true,"href":"https:\/\/manskin.ethos-dev.ch\/fr\/wp-json\/wp\/v2\/pwb-brand?post=68563"},{"taxonomy":"product_brand","embeddable":true,"href":"https:\/\/manskin.ethos-dev.ch\/fr\/wp-json\/wp\/v2\/product_brand?post=68563"},{"taxonomy":"product_cat","embeddable":true,"href":"https:\/\/manskin.ethos-dev.ch\/fr\/wp-json\/wp\/v2\/product_cat?post=68563"},{"taxonomy":"product_tag","embeddable":true,"href":"https:\/\/manskin.ethos-dev.ch\/fr\/wp-json\/wp\/v2\/product_tag?post=68563"}],"curies":[{"name":"wp","href":"https:\/\/api.w.org\/{rel}","templated":true}]}}