{"id":68898,"date":"2025-01-12T14:38:28","date_gmt":"2025-01-12T13:38:28","guid":{"rendered":"https:\/\/manskin.ethos-dev.ch\/produkt\/gentlehomme-anagain-serum-2\/"},"modified":"2025-03-25T17:46:44","modified_gmt":"2025-03-25T16:46:44","slug":"gentlehomme-anagain-serum","status":"publish","type":"product","link":"https:\/\/manskin.ethos-dev.ch\/fr\/produkt\/gentlehomme-anagain-serum\/","title":{"rendered":"Gentlehomme &#8211; AnAgain\u2122 S\u00e9rum pour la pousse des cheveux et de la barbe"},"content":{"rendered":"<h2>Gentlehomme &#8211; AnAgain&trade; S&eacute;rum pour la pousse des cheveux et de la barbe<\/h2>\n<ul>\n<li>Formule pour la croissance des cheveux pour les hommes.<\/li>\n<li>Formule AnaGain&trade; favorisant la croissance.<\/li>\n<li>Formule AnaGain&trade; avanc&eacute;e avec des pousses de pois organiques pour r&eacute;&eacute;quilibrer le cycle de vie du cheveu.<\/li>\n<li>AnaGain&trade; aide &agrave; stimuler la croissance des cheveux &agrave; la racine.<\/li>\n<li>AnaGain&trade; est fabriqu&eacute; &agrave; partir de Pisum Sativum (Pea) Sprout Extract, de ph&eacute;noxy&eacute;thanol, de benzonate de sodium et d&#39;eau.<\/li>\n<li>Aide les cheveux &agrave; conserver leur densit&eacute; et leur &eacute;paisseur d&#39;origine.<\/li>\n<li>Goutteur facile &agrave; utiliser pour la pr&eacute;cision.<\/li>\n<li>Convient &agrave; tous les types de cheveux.<\/li>\n<li>Fabriqu&eacute; aux &Eacute;tats-Unis.<\/li>\n<\/ul>\n<p>\nContenu 60 ml.<\/p>\n","protected":false},"excerpt":{"rendered":"<p>Gentlehomme &#8211; AnAgain&trade; S&eacute;rum pour la pousse des cheveux et de la barbe Formule pour la croissance des cheveux pour les hommes. Formule AnaGain&trade; favorisant la croissance. Formule AnaGain&trade; avanc&eacute;e avec des pousses de pois organiques pour r&eacute;&eacute;quilibrer le cycle de vie du cheveu. AnaGain&trade; aide &agrave; stimuler la croissance des cheveux &agrave; la racine. &#8230; <a title=\"Gentlehomme &#8211; AnAgain\u2122 S\u00e9rum pour la pousse des cheveux et de la barbe\" class=\"read-more\" href=\"https:\/\/manskin.ethos-dev.ch\/fr\/produkt\/gentlehomme-anagain-serum\/\" aria-label=\"En savoir plus sur Gentlehomme &#8211; AnAgain\u2122 S\u00e9rum pour la pousse des cheveux et de la barbe\">Lire la suite<\/a><\/p>\n","protected":false},"featured_media":69030,"comment_status":"closed","ping_status":"closed","template":"","meta":{"_acf_changed":false},"pwb-brand":[2866],"product_brand":[],"product_cat":[2868,2313],"product_tag":[],"class_list":{"0":"post-68898","1":"product","2":"type-product","3":"status-publish","4":"has-post-thumbnail","6":"pwb-brand-gentlehomme","7":"product_cat-gentlehomme-fr","8":"product_cat-soin-special-pour-barbe","9":"product_shipping_class-standard-fr","10":"sales-flash-overlay","11":"woocommerce-text-align-center","12":"woocommerce-image-align-center","13":"do-quantity-buttons","14":"has-subscription-plans","16":"first","17":"instock","18":"taxable","19":"shipping-taxable","20":"purchasable","21":"product-type-simple"},"acf":[],"yoast_head":"<!-- This site is optimized with the Yoast SEO Premium plugin v24.8 (Yoast SEO v25.4) - https:\/\/yoast.com\/wordpress\/plugins\/seo\/ -->\n<title>Gentlehomme - AnAgain\u2122 S\u00e9rum pour la pousse des cheveux et de la barbe | Manskin.ch<\/title>\n<meta name=\"description\" content=\"Stimule la croissance des cheveux avec le s\u00e9rum avanc\u00e9 pour la croissance des cheveux et de la barbe. Avec des pousses de pois organiques pour des cheveux plus \u00e9pais et plus forts.\" \/>\n<meta name=\"robots\" content=\"noindex, follow, max-snippet:-1, max-image-preview:large, max-video-preview:-1\" \/>\n<meta property=\"og:locale\" content=\"fr_FR\" \/>\n<meta property=\"og:type\" content=\"article\" \/>\n<meta property=\"og:title\" content=\"Gentlehomme - AnAgain\u2122 S\u00e9rum pour la pousse des cheveux et de la barbe\" \/>\n<meta property=\"og:description\" content=\"Stimule la croissance des cheveux avec le s\u00e9rum avanc\u00e9 pour la croissance des cheveux et de la barbe. Avec des pousses de pois organiques pour des cheveux plus \u00e9pais et plus forts.\" \/>\n<meta property=\"og:url\" content=\"https:\/\/manskin.ethos-dev.ch\/fr\/produkt\/gentlehomme-anagain-serum\/\" \/>\n<meta property=\"og:site_name\" content=\"Manskin.ch\" \/>\n<meta property=\"article:publisher\" content=\"https:\/\/www.facebook.com\/manskin.ch\" \/>\n<meta property=\"article:modified_time\" content=\"2025-03-25T16:46:44+00:00\" \/>\n<meta property=\"og:image\" content=\"https:\/\/manskin.ethos-dev.ch\/wp-content\/uploads\/2025\/01\/Gentlehomme-Hair-Beard-Booster-High-Quality.jpg\" \/>\n\t<meta property=\"og:image:width\" content=\"1000\" \/>\n\t<meta property=\"og:image:height\" content=\"1000\" \/>\n\t<meta property=\"og:image:type\" content=\"image\/jpeg\" \/>\n<meta name=\"twitter:card\" content=\"summary_large_image\" \/>\n<meta name=\"twitter:label1\" content=\"Prix\" \/>\n\t<meta name=\"twitter:data1\" content=\"35.00&#067;&#072;&#070;\" \/>\n\t<meta name=\"twitter:label2\" content=\"Disponibilit\u00e9\" \/>\n\t<meta name=\"twitter:data2\" content=\"En stock\" \/>\n<script type=\"application\/ld+json\" class=\"yoast-schema-graph\">{\"@context\":\"https:\/\/schema.org\",\"@graph\":[{\"@type\":\"WebPage\",\"@id\":\"https:\/\/manskin.ethos-dev.ch\/fr\/produkt\/gentlehomme-anagain-serum\/\",\"url\":\"https:\/\/manskin.ethos-dev.ch\/fr\/produkt\/gentlehomme-anagain-serum\/\",\"name\":\"Gentlehomme - AnAgain\u2122 S\u00e9rum pour la pousse des cheveux et de la barbe | Manskin.ch\",\"isPartOf\":{\"@id\":\"https:\/\/manskin.ethos-dev.ch\/#website\"},\"primaryImageOfPage\":{\"@id\":\"https:\/\/manskin.ethos-dev.ch\/fr\/produkt\/gentlehomme-anagain-serum\/#primaryimage\"},\"image\":{\"@id\":\"https:\/\/manskin.ethos-dev.ch\/fr\/produkt\/gentlehomme-anagain-serum\/#primaryimage\"},\"thumbnailUrl\":\"https:\/\/manskin.ethos-dev.ch\/wp-content\/uploads\/2025\/01\/Gentlehomme-Hair-Beard-Booster-High-Quality.jpg\",\"datePublished\":\"2025-01-12T13:38:28+00:00\",\"dateModified\":\"2025-03-25T16:46:44+00:00\",\"description\":\"Stimule la croissance des cheveux avec le s\u00e9rum avanc\u00e9 pour la croissance des cheveux et de la barbe. Avec des pousses de pois organiques pour des cheveux plus \u00e9pais et plus forts.\",\"breadcrumb\":{\"@id\":\"https:\/\/manskin.ethos-dev.ch\/fr\/produkt\/gentlehomme-anagain-serum\/#breadcrumb\"},\"inLanguage\":\"fr-FR\",\"potentialAction\":[{\"@type\":\"ReadAction\",\"target\":[\"https:\/\/manskin.ethos-dev.ch\/fr\/produkt\/gentlehomme-anagain-serum\/\"]}]},{\"@type\":\"ImageObject\",\"inLanguage\":\"fr-FR\",\"@id\":\"https:\/\/manskin.ethos-dev.ch\/fr\/produkt\/gentlehomme-anagain-serum\/#primaryimage\",\"url\":\"https:\/\/manskin.ethos-dev.ch\/wp-content\/uploads\/2025\/01\/Gentlehomme-Hair-Beard-Booster-High-Quality.jpg\",\"contentUrl\":\"https:\/\/manskin.ethos-dev.ch\/wp-content\/uploads\/2025\/01\/Gentlehomme-Hair-Beard-Booster-High-Quality.jpg\",\"width\":1000,\"height\":1000},{\"@type\":\"BreadcrumbList\",\"@id\":\"https:\/\/manskin.ethos-dev.ch\/fr\/produkt\/gentlehomme-anagain-serum\/#breadcrumb\",\"itemListElement\":[{\"@type\":\"ListItem\",\"position\":1,\"name\":\"Startseite\",\"item\":\"https:\/\/manskin.ethos-dev.ch\/fr\/\"},{\"@type\":\"ListItem\",\"position\":2,\"name\":\"Shop\",\"item\":\"https:\/\/manskin.ethos-dev.ch\/shop\/\"},{\"@type\":\"ListItem\",\"position\":3,\"name\":\"Gentlehomme &#8211; AnAgain\u2122 S\u00e9rum pour la pousse des cheveux et de la barbe\"}]},{\"@type\":\"WebSite\",\"@id\":\"https:\/\/manskin.ethos-dev.ch\/#website\",\"url\":\"https:\/\/manskin.ethos-dev.ch\/\",\"name\":\"Manskin.ch\",\"description\":\"Tous les produits de beaut\u00e9 pour les hommes les plus exigeants\",\"publisher\":{\"@id\":\"https:\/\/manskin.ethos-dev.ch\/#organization\"},\"potentialAction\":[{\"@type\":\"SearchAction\",\"target\":{\"@type\":\"EntryPoint\",\"urlTemplate\":\"https:\/\/manskin.ethos-dev.ch\/?s={search_term_string}\"},\"query-input\":{\"@type\":\"PropertyValueSpecification\",\"valueRequired\":true,\"valueName\":\"search_term_string\"}}],\"inLanguage\":\"fr-FR\"},{\"@type\":\"Organization\",\"@id\":\"https:\/\/manskin.ethos-dev.ch\/#organization\",\"name\":\"Manskin.ch - der Schweizer Onlineshop f\u00fcr qualit\u00e4tsstarke M\u00e4nnerpflege\",\"url\":\"https:\/\/manskin.ethos-dev.ch\/\",\"logo\":{\"@type\":\"ImageObject\",\"inLanguage\":\"fr-FR\",\"@id\":\"https:\/\/manskin.ethos-dev.ch\/#\/schema\/logo\/image\/\",\"url\":\"https:\/\/manskin.ethos-dev.ch\/wp-content\/uploads\/2021\/04\/cropped-logo_head.png\",\"contentUrl\":\"https:\/\/manskin.ethos-dev.ch\/wp-content\/uploads\/2021\/04\/cropped-logo_head.png\",\"width\":235,\"height\":75,\"caption\":\"Manskin.ch - der Schweizer Onlineshop f\u00fcr qualit\u00e4tsstarke M\u00e4nnerpflege\"},\"image\":{\"@id\":\"https:\/\/manskin.ethos-dev.ch\/#\/schema\/logo\/image\/\"},\"sameAs\":[\"https:\/\/www.facebook.com\/manskin.ch\",\"https:\/\/www.instagram.com\/manskin.ch\/\"]}]}<\/script>\n<meta property=\"product:price:amount\" content=\"35.00\" \/>\n<meta property=\"product:price:currency\" content=\"CHF\" \/>\n<meta property=\"og:availability\" content=\"instock\" \/>\n<meta property=\"product:availability\" content=\"instock\" \/>\n<meta property=\"product:retailer_item_id\" content=\"14220\" \/>\n<meta property=\"product:condition\" content=\"new\" \/>\n<!-- \/ Yoast SEO Premium plugin. -->","yoast_head_json":{"title":"Gentlehomme - AnAgain\u2122 S\u00e9rum pour la pousse des cheveux et de la barbe | Manskin.ch","description":"Stimule la croissance des cheveux avec le s\u00e9rum avanc\u00e9 pour la croissance des cheveux et de la barbe. Avec des pousses de pois organiques pour des cheveux plus \u00e9pais et plus forts.","robots":{"index":"noindex","follow":"follow","max-snippet":"max-snippet:-1","max-image-preview":"max-image-preview:large","max-video-preview":"max-video-preview:-1"},"og_locale":"fr_FR","og_type":"article","og_title":"Gentlehomme - AnAgain\u2122 S\u00e9rum pour la pousse des cheveux et de la barbe","og_description":"Stimule la croissance des cheveux avec le s\u00e9rum avanc\u00e9 pour la croissance des cheveux et de la barbe. Avec des pousses de pois organiques pour des cheveux plus \u00e9pais et plus forts.","og_url":"https:\/\/manskin.ethos-dev.ch\/fr\/produkt\/gentlehomme-anagain-serum\/","og_site_name":"Manskin.ch","article_publisher":"https:\/\/www.facebook.com\/manskin.ch","article_modified_time":"2025-03-25T16:46:44+00:00","og_image":[{"width":1000,"height":1000,"url":"https:\/\/manskin.ethos-dev.ch\/wp-content\/uploads\/2025\/01\/Gentlehomme-Hair-Beard-Booster-High-Quality.jpg","type":"image\/jpeg"}],"twitter_card":"summary_large_image","twitter_misc":{"Prix":"35.00&#67;&#72;&#70;","Disponibilit\u00e9":"En stock"},"schema":{"@context":"https:\/\/schema.org","@graph":[{"@type":"WebPage","@id":"https:\/\/manskin.ethos-dev.ch\/fr\/produkt\/gentlehomme-anagain-serum\/","url":"https:\/\/manskin.ethos-dev.ch\/fr\/produkt\/gentlehomme-anagain-serum\/","name":"Gentlehomme - AnAgain\u2122 S\u00e9rum pour la pousse des cheveux et de la barbe | Manskin.ch","isPartOf":{"@id":"https:\/\/manskin.ethos-dev.ch\/#website"},"primaryImageOfPage":{"@id":"https:\/\/manskin.ethos-dev.ch\/fr\/produkt\/gentlehomme-anagain-serum\/#primaryimage"},"image":{"@id":"https:\/\/manskin.ethos-dev.ch\/fr\/produkt\/gentlehomme-anagain-serum\/#primaryimage"},"thumbnailUrl":"https:\/\/manskin.ethos-dev.ch\/wp-content\/uploads\/2025\/01\/Gentlehomme-Hair-Beard-Booster-High-Quality.jpg","datePublished":"2025-01-12T13:38:28+00:00","dateModified":"2025-03-25T16:46:44+00:00","description":"Stimule la croissance des cheveux avec le s\u00e9rum avanc\u00e9 pour la croissance des cheveux et de la barbe. Avec des pousses de pois organiques pour des cheveux plus \u00e9pais et plus forts.","breadcrumb":{"@id":"https:\/\/manskin.ethos-dev.ch\/fr\/produkt\/gentlehomme-anagain-serum\/#breadcrumb"},"inLanguage":"fr-FR","potentialAction":[{"@type":"ReadAction","target":["https:\/\/manskin.ethos-dev.ch\/fr\/produkt\/gentlehomme-anagain-serum\/"]}]},{"@type":"ImageObject","inLanguage":"fr-FR","@id":"https:\/\/manskin.ethos-dev.ch\/fr\/produkt\/gentlehomme-anagain-serum\/#primaryimage","url":"https:\/\/manskin.ethos-dev.ch\/wp-content\/uploads\/2025\/01\/Gentlehomme-Hair-Beard-Booster-High-Quality.jpg","contentUrl":"https:\/\/manskin.ethos-dev.ch\/wp-content\/uploads\/2025\/01\/Gentlehomme-Hair-Beard-Booster-High-Quality.jpg","width":1000,"height":1000},{"@type":"BreadcrumbList","@id":"https:\/\/manskin.ethos-dev.ch\/fr\/produkt\/gentlehomme-anagain-serum\/#breadcrumb","itemListElement":[{"@type":"ListItem","position":1,"name":"Startseite","item":"https:\/\/manskin.ethos-dev.ch\/fr\/"},{"@type":"ListItem","position":2,"name":"Shop","item":"https:\/\/manskin.ethos-dev.ch\/shop\/"},{"@type":"ListItem","position":3,"name":"Gentlehomme &#8211; AnAgain\u2122 S\u00e9rum pour la pousse des cheveux et de la barbe"}]},{"@type":"WebSite","@id":"https:\/\/manskin.ethos-dev.ch\/#website","url":"https:\/\/manskin.ethos-dev.ch\/","name":"Manskin.ch","description":"Tous les produits de beaut\u00e9 pour les hommes les plus exigeants","publisher":{"@id":"https:\/\/manskin.ethos-dev.ch\/#organization"},"potentialAction":[{"@type":"SearchAction","target":{"@type":"EntryPoint","urlTemplate":"https:\/\/manskin.ethos-dev.ch\/?s={search_term_string}"},"query-input":{"@type":"PropertyValueSpecification","valueRequired":true,"valueName":"search_term_string"}}],"inLanguage":"fr-FR"},{"@type":"Organization","@id":"https:\/\/manskin.ethos-dev.ch\/#organization","name":"Manskin.ch - der Schweizer Onlineshop f\u00fcr qualit\u00e4tsstarke M\u00e4nnerpflege","url":"https:\/\/manskin.ethos-dev.ch\/","logo":{"@type":"ImageObject","inLanguage":"fr-FR","@id":"https:\/\/manskin.ethos-dev.ch\/#\/schema\/logo\/image\/","url":"https:\/\/manskin.ethos-dev.ch\/wp-content\/uploads\/2021\/04\/cropped-logo_head.png","contentUrl":"https:\/\/manskin.ethos-dev.ch\/wp-content\/uploads\/2021\/04\/cropped-logo_head.png","width":235,"height":75,"caption":"Manskin.ch - der Schweizer Onlineshop f\u00fcr qualit\u00e4tsstarke M\u00e4nnerpflege"},"image":{"@id":"https:\/\/manskin.ethos-dev.ch\/#\/schema\/logo\/image\/"},"sameAs":["https:\/\/www.facebook.com\/manskin.ch","https:\/\/www.instagram.com\/manskin.ch\/"]}]},"product_price_amount":"35.00","product_price_currency":"CHF","og_availability":"instock","product_availability":"instock","product_retailer_item_id":"14220","product_condition":"new"},"brands":[{"id":2866,"name":"Gentlehomme","slug":"gentlehomme"}],"_links":{"self":[{"href":"https:\/\/manskin.ethos-dev.ch\/fr\/wp-json\/wp\/v2\/product\/68898","targetHints":{"allow":["GET"]}}],"collection":[{"href":"https:\/\/manskin.ethos-dev.ch\/fr\/wp-json\/wp\/v2\/product"}],"about":[{"href":"https:\/\/manskin.ethos-dev.ch\/fr\/wp-json\/wp\/v2\/types\/product"}],"replies":[{"embeddable":true,"href":"https:\/\/manskin.ethos-dev.ch\/fr\/wp-json\/wp\/v2\/comments?post=68898"}],"wp:featuredmedia":[{"embeddable":true,"href":"https:\/\/manskin.ethos-dev.ch\/fr\/wp-json\/wp\/v2\/media\/69030"}],"wp:attachment":[{"href":"https:\/\/manskin.ethos-dev.ch\/fr\/wp-json\/wp\/v2\/media?parent=68898"}],"wp:term":[{"taxonomy":"pwb-brand","embeddable":true,"href":"https:\/\/manskin.ethos-dev.ch\/fr\/wp-json\/wp\/v2\/pwb-brand?post=68898"},{"taxonomy":"product_brand","embeddable":true,"href":"https:\/\/manskin.ethos-dev.ch\/fr\/wp-json\/wp\/v2\/product_brand?post=68898"},{"taxonomy":"product_cat","embeddable":true,"href":"https:\/\/manskin.ethos-dev.ch\/fr\/wp-json\/wp\/v2\/product_cat?post=68898"},{"taxonomy":"product_tag","embeddable":true,"href":"https:\/\/manskin.ethos-dev.ch\/fr\/wp-json\/wp\/v2\/product_tag?post=68898"}],"curies":[{"name":"wp","href":"https:\/\/api.w.org\/{rel}","templated":true}]}}