{"id":68903,"date":"2025-01-12T14:51:12","date_gmt":"2025-01-12T13:51:12","guid":{"rendered":"https:\/\/manskin.ethos-dev.ch\/produkt\/gentlehomme-anagain-serum-3\/"},"modified":"2025-05-10T01:28:55","modified_gmt":"2025-05-09T23:28:55","slug":"gentlehomme-serum-vitamin-c","status":"publish","type":"product","link":"https:\/\/manskin.ethos-dev.ch\/fr\/produkt\/gentlehomme-serum-vitamin-c\/","title":{"rendered":"Gentlehomme &#8211; S\u00e9rum \u00e0 la Vitamine C"},"content":{"rendered":"<h2>Gentlehomme &#8211; S&eacute;rum visage &agrave; la vitamine C pour hommes<\/h2>\n<p>&nbsp;<\/p>\n<ul>\n<li>S&eacute;rum quotidien avec 20% de vitamine C.<\/li>\n<li>Formule hydratante sophistiqu&eacute;e avec acide hyaluronique et vitamine E.<\/li>\n<li>Vitamine E comme puissant antioxydant pour la peau.<\/li>\n<li>Anti-rides et raffermissant la peau du visage.<\/li>\n<li>Peut &ecirc;tre appliqu&eacute; pendant la routine de soins de la peau du soir.<\/li>\n<li>Pipette facile &agrave; utiliser pour la pr&eacute;cision.<\/li>\n<li>Pour tous les types de peau.<\/li>\n<\/ul>\n<p>Contenu 30 ml.<\/p>\n","protected":false},"excerpt":{"rendered":"<p>\u2022Formule hydratante avec acide hyaluronique et vitamine E.<\/p>\n","protected":false},"featured_media":69018,"comment_status":"closed","ping_status":"closed","template":"","meta":{"_acf_changed":false},"pwb-brand":[2866],"product_brand":[],"product_cat":[2868,2334,1930],"product_tag":[],"class_list":{"0":"post-68903","1":"product","2":"type-product","3":"status-publish","4":"has-post-thumbnail","6":"pwb-brand-gentlehomme","7":"product_cat-gentlehomme-fr","8":"product_cat-serum-visage","9":"product_cat-anti-age","10":"product_shipping_class-standard-fr","11":"sales-flash-overlay","12":"woocommerce-text-align-center","13":"woocommerce-image-align-center","14":"do-quantity-buttons","15":"has-subscription-plans","17":"first","18":"instock","19":"taxable","20":"shipping-taxable","21":"purchasable","22":"product-type-simple"},"acf":[],"yoast_head":"<!-- This site is optimized with the Yoast SEO Premium plugin v24.8 (Yoast SEO v25.4) - https:\/\/yoast.com\/wordpress\/plugins\/seo\/ -->\n<title>Gentlehomme S\u00e9rum visage \u00e0 la vitamine C anti-rides &amp; fermet\u00e9 | Manskin.ch<\/title>\n<meta name=\"description\" content=\"Donne \u00e0 ta peau une portion de soin suppl\u00e9mentaire ! Le s\u00e9rum visage \u00e0 la vitamine C, \u00e0 l&#039;acide hyaluronique et \u00e0 la vitamine E, rend la peau plus ferme et plus saine. Essaye-le!\" \/>\n<meta name=\"robots\" content=\"noindex, follow, max-snippet:-1, max-image-preview:large, max-video-preview:-1\" \/>\n<meta property=\"og:locale\" content=\"fr_FR\" \/>\n<meta property=\"og:type\" content=\"article\" \/>\n<meta property=\"og:title\" content=\"Gentlehomme - S\u00e9rum \u00e0 la Vitamine C\" \/>\n<meta property=\"og:description\" content=\"Donne \u00e0 ta peau une portion de soin suppl\u00e9mentaire ! Le s\u00e9rum visage \u00e0 la vitamine C, \u00e0 l&#039;acide hyaluronique et \u00e0 la vitamine E, rend la peau plus ferme et plus saine. Essaye-le!\" \/>\n<meta property=\"og:url\" content=\"https:\/\/manskin.ethos-dev.ch\/fr\/produkt\/gentlehomme-serum-vitamin-c\/\" \/>\n<meta property=\"og:site_name\" content=\"Manskin.ch\" \/>\n<meta property=\"article:publisher\" content=\"https:\/\/www.facebook.com\/manskin.ch\" \/>\n<meta property=\"article:modified_time\" content=\"2025-05-09T23:28:55+00:00\" \/>\n<meta property=\"og:image\" content=\"https:\/\/manskin.ethos-dev.ch\/wp-content\/uploads\/2025\/01\/Gentlehomme-Vitamin-C-High-Quality.jpg\" \/>\n\t<meta property=\"og:image:width\" content=\"1000\" \/>\n\t<meta property=\"og:image:height\" content=\"1000\" \/>\n\t<meta property=\"og:image:type\" content=\"image\/jpeg\" \/>\n<meta name=\"twitter:card\" content=\"summary_large_image\" \/>\n<meta name=\"twitter:label1\" content=\"Prix\" \/>\n\t<meta name=\"twitter:data1\" content=\"26.00&#067;&#072;&#070;\" \/>\n\t<meta name=\"twitter:label2\" content=\"Disponibilit\u00e9\" \/>\n\t<meta name=\"twitter:data2\" content=\"En stock\" \/>\n<script type=\"application\/ld+json\" class=\"yoast-schema-graph\">{\"@context\":\"https:\/\/schema.org\",\"@graph\":[{\"@type\":\"WebPage\",\"@id\":\"https:\/\/manskin.ethos-dev.ch\/fr\/produkt\/gentlehomme-serum-vitamin-c\/\",\"url\":\"https:\/\/manskin.ethos-dev.ch\/fr\/produkt\/gentlehomme-serum-vitamin-c\/\",\"name\":\"Gentlehomme S\u00e9rum visage \u00e0 la vitamine C anti-rides & fermet\u00e9 | Manskin.ch\",\"isPartOf\":{\"@id\":\"https:\/\/manskin.ethos-dev.ch\/#website\"},\"primaryImageOfPage\":{\"@id\":\"https:\/\/manskin.ethos-dev.ch\/fr\/produkt\/gentlehomme-serum-vitamin-c\/#primaryimage\"},\"image\":{\"@id\":\"https:\/\/manskin.ethos-dev.ch\/fr\/produkt\/gentlehomme-serum-vitamin-c\/#primaryimage\"},\"thumbnailUrl\":\"https:\/\/manskin.ethos-dev.ch\/wp-content\/uploads\/2025\/01\/Gentlehomme-Vitamin-C-High-Quality.jpg\",\"datePublished\":\"2025-01-12T13:51:12+00:00\",\"dateModified\":\"2025-05-09T23:28:55+00:00\",\"description\":\"Donne \u00e0 ta peau une portion de soin suppl\u00e9mentaire ! Le s\u00e9rum visage \u00e0 la vitamine C, \u00e0 l'acide hyaluronique et \u00e0 la vitamine E, rend la peau plus ferme et plus saine. Essaye-le!\",\"breadcrumb\":{\"@id\":\"https:\/\/manskin.ethos-dev.ch\/fr\/produkt\/gentlehomme-serum-vitamin-c\/#breadcrumb\"},\"inLanguage\":\"fr-FR\",\"potentialAction\":[{\"@type\":\"ReadAction\",\"target\":[\"https:\/\/manskin.ethos-dev.ch\/fr\/produkt\/gentlehomme-serum-vitamin-c\/\"]}]},{\"@type\":\"ImageObject\",\"inLanguage\":\"fr-FR\",\"@id\":\"https:\/\/manskin.ethos-dev.ch\/fr\/produkt\/gentlehomme-serum-vitamin-c\/#primaryimage\",\"url\":\"https:\/\/manskin.ethos-dev.ch\/wp-content\/uploads\/2025\/01\/Gentlehomme-Vitamin-C-High-Quality.jpg\",\"contentUrl\":\"https:\/\/manskin.ethos-dev.ch\/wp-content\/uploads\/2025\/01\/Gentlehomme-Vitamin-C-High-Quality.jpg\",\"width\":1000,\"height\":1000},{\"@type\":\"BreadcrumbList\",\"@id\":\"https:\/\/manskin.ethos-dev.ch\/fr\/produkt\/gentlehomme-serum-vitamin-c\/#breadcrumb\",\"itemListElement\":[{\"@type\":\"ListItem\",\"position\":1,\"name\":\"Startseite\",\"item\":\"https:\/\/manskin.ethos-dev.ch\/fr\/\"},{\"@type\":\"ListItem\",\"position\":2,\"name\":\"Shop\",\"item\":\"https:\/\/manskin.ethos-dev.ch\/shop\/\"},{\"@type\":\"ListItem\",\"position\":3,\"name\":\"Gentlehomme &#8211; S\u00e9rum \u00e0 la Vitamine C\"}]},{\"@type\":\"WebSite\",\"@id\":\"https:\/\/manskin.ethos-dev.ch\/#website\",\"url\":\"https:\/\/manskin.ethos-dev.ch\/\",\"name\":\"Manskin.ch\",\"description\":\"Tous les produits de beaut\u00e9 pour les hommes les plus exigeants\",\"publisher\":{\"@id\":\"https:\/\/manskin.ethos-dev.ch\/#organization\"},\"potentialAction\":[{\"@type\":\"SearchAction\",\"target\":{\"@type\":\"EntryPoint\",\"urlTemplate\":\"https:\/\/manskin.ethos-dev.ch\/?s={search_term_string}\"},\"query-input\":{\"@type\":\"PropertyValueSpecification\",\"valueRequired\":true,\"valueName\":\"search_term_string\"}}],\"inLanguage\":\"fr-FR\"},{\"@type\":\"Organization\",\"@id\":\"https:\/\/manskin.ethos-dev.ch\/#organization\",\"name\":\"Manskin.ch - der Schweizer Onlineshop f\u00fcr qualit\u00e4tsstarke M\u00e4nnerpflege\",\"url\":\"https:\/\/manskin.ethos-dev.ch\/\",\"logo\":{\"@type\":\"ImageObject\",\"inLanguage\":\"fr-FR\",\"@id\":\"https:\/\/manskin.ethos-dev.ch\/#\/schema\/logo\/image\/\",\"url\":\"https:\/\/manskin.ethos-dev.ch\/wp-content\/uploads\/2021\/04\/cropped-logo_head.png\",\"contentUrl\":\"https:\/\/manskin.ethos-dev.ch\/wp-content\/uploads\/2021\/04\/cropped-logo_head.png\",\"width\":235,\"height\":75,\"caption\":\"Manskin.ch - der Schweizer Onlineshop f\u00fcr qualit\u00e4tsstarke M\u00e4nnerpflege\"},\"image\":{\"@id\":\"https:\/\/manskin.ethos-dev.ch\/#\/schema\/logo\/image\/\"},\"sameAs\":[\"https:\/\/www.facebook.com\/manskin.ch\",\"https:\/\/www.instagram.com\/manskin.ch\/\"]}]}<\/script>\n<meta property=\"product:price:amount\" content=\"26.00\" \/>\n<meta property=\"product:price:currency\" content=\"CHF\" \/>\n<meta property=\"og:availability\" content=\"instock\" \/>\n<meta property=\"product:availability\" content=\"instock\" \/>\n<meta property=\"product:retailer_item_id\" content=\"14221\" \/>\n<meta property=\"product:condition\" content=\"new\" \/>\n<!-- \/ Yoast SEO Premium plugin. -->","yoast_head_json":{"title":"Gentlehomme S\u00e9rum visage \u00e0 la vitamine C anti-rides & fermet\u00e9 | Manskin.ch","description":"Donne \u00e0 ta peau une portion de soin suppl\u00e9mentaire ! Le s\u00e9rum visage \u00e0 la vitamine C, \u00e0 l'acide hyaluronique et \u00e0 la vitamine E, rend la peau plus ferme et plus saine. Essaye-le!","robots":{"index":"noindex","follow":"follow","max-snippet":"max-snippet:-1","max-image-preview":"max-image-preview:large","max-video-preview":"max-video-preview:-1"},"og_locale":"fr_FR","og_type":"article","og_title":"Gentlehomme - S\u00e9rum \u00e0 la Vitamine C","og_description":"Donne \u00e0 ta peau une portion de soin suppl\u00e9mentaire ! Le s\u00e9rum visage \u00e0 la vitamine C, \u00e0 l'acide hyaluronique et \u00e0 la vitamine E, rend la peau plus ferme et plus saine. Essaye-le!","og_url":"https:\/\/manskin.ethos-dev.ch\/fr\/produkt\/gentlehomme-serum-vitamin-c\/","og_site_name":"Manskin.ch","article_publisher":"https:\/\/www.facebook.com\/manskin.ch","article_modified_time":"2025-05-09T23:28:55+00:00","og_image":[{"width":1000,"height":1000,"url":"https:\/\/manskin.ethos-dev.ch\/wp-content\/uploads\/2025\/01\/Gentlehomme-Vitamin-C-High-Quality.jpg","type":"image\/jpeg"}],"twitter_card":"summary_large_image","twitter_misc":{"Prix":"26.00&#67;&#72;&#70;","Disponibilit\u00e9":"En stock"},"schema":{"@context":"https:\/\/schema.org","@graph":[{"@type":"WebPage","@id":"https:\/\/manskin.ethos-dev.ch\/fr\/produkt\/gentlehomme-serum-vitamin-c\/","url":"https:\/\/manskin.ethos-dev.ch\/fr\/produkt\/gentlehomme-serum-vitamin-c\/","name":"Gentlehomme S\u00e9rum visage \u00e0 la vitamine C anti-rides & fermet\u00e9 | Manskin.ch","isPartOf":{"@id":"https:\/\/manskin.ethos-dev.ch\/#website"},"primaryImageOfPage":{"@id":"https:\/\/manskin.ethos-dev.ch\/fr\/produkt\/gentlehomme-serum-vitamin-c\/#primaryimage"},"image":{"@id":"https:\/\/manskin.ethos-dev.ch\/fr\/produkt\/gentlehomme-serum-vitamin-c\/#primaryimage"},"thumbnailUrl":"https:\/\/manskin.ethos-dev.ch\/wp-content\/uploads\/2025\/01\/Gentlehomme-Vitamin-C-High-Quality.jpg","datePublished":"2025-01-12T13:51:12+00:00","dateModified":"2025-05-09T23:28:55+00:00","description":"Donne \u00e0 ta peau une portion de soin suppl\u00e9mentaire ! Le s\u00e9rum visage \u00e0 la vitamine C, \u00e0 l'acide hyaluronique et \u00e0 la vitamine E, rend la peau plus ferme et plus saine. Essaye-le!","breadcrumb":{"@id":"https:\/\/manskin.ethos-dev.ch\/fr\/produkt\/gentlehomme-serum-vitamin-c\/#breadcrumb"},"inLanguage":"fr-FR","potentialAction":[{"@type":"ReadAction","target":["https:\/\/manskin.ethos-dev.ch\/fr\/produkt\/gentlehomme-serum-vitamin-c\/"]}]},{"@type":"ImageObject","inLanguage":"fr-FR","@id":"https:\/\/manskin.ethos-dev.ch\/fr\/produkt\/gentlehomme-serum-vitamin-c\/#primaryimage","url":"https:\/\/manskin.ethos-dev.ch\/wp-content\/uploads\/2025\/01\/Gentlehomme-Vitamin-C-High-Quality.jpg","contentUrl":"https:\/\/manskin.ethos-dev.ch\/wp-content\/uploads\/2025\/01\/Gentlehomme-Vitamin-C-High-Quality.jpg","width":1000,"height":1000},{"@type":"BreadcrumbList","@id":"https:\/\/manskin.ethos-dev.ch\/fr\/produkt\/gentlehomme-serum-vitamin-c\/#breadcrumb","itemListElement":[{"@type":"ListItem","position":1,"name":"Startseite","item":"https:\/\/manskin.ethos-dev.ch\/fr\/"},{"@type":"ListItem","position":2,"name":"Shop","item":"https:\/\/manskin.ethos-dev.ch\/shop\/"},{"@type":"ListItem","position":3,"name":"Gentlehomme &#8211; S\u00e9rum \u00e0 la Vitamine C"}]},{"@type":"WebSite","@id":"https:\/\/manskin.ethos-dev.ch\/#website","url":"https:\/\/manskin.ethos-dev.ch\/","name":"Manskin.ch","description":"Tous les produits de beaut\u00e9 pour les hommes les plus exigeants","publisher":{"@id":"https:\/\/manskin.ethos-dev.ch\/#organization"},"potentialAction":[{"@type":"SearchAction","target":{"@type":"EntryPoint","urlTemplate":"https:\/\/manskin.ethos-dev.ch\/?s={search_term_string}"},"query-input":{"@type":"PropertyValueSpecification","valueRequired":true,"valueName":"search_term_string"}}],"inLanguage":"fr-FR"},{"@type":"Organization","@id":"https:\/\/manskin.ethos-dev.ch\/#organization","name":"Manskin.ch - der Schweizer Onlineshop f\u00fcr qualit\u00e4tsstarke M\u00e4nnerpflege","url":"https:\/\/manskin.ethos-dev.ch\/","logo":{"@type":"ImageObject","inLanguage":"fr-FR","@id":"https:\/\/manskin.ethos-dev.ch\/#\/schema\/logo\/image\/","url":"https:\/\/manskin.ethos-dev.ch\/wp-content\/uploads\/2021\/04\/cropped-logo_head.png","contentUrl":"https:\/\/manskin.ethos-dev.ch\/wp-content\/uploads\/2021\/04\/cropped-logo_head.png","width":235,"height":75,"caption":"Manskin.ch - der Schweizer Onlineshop f\u00fcr qualit\u00e4tsstarke M\u00e4nnerpflege"},"image":{"@id":"https:\/\/manskin.ethos-dev.ch\/#\/schema\/logo\/image\/"},"sameAs":["https:\/\/www.facebook.com\/manskin.ch","https:\/\/www.instagram.com\/manskin.ch\/"]}]},"product_price_amount":"26.00","product_price_currency":"CHF","og_availability":"instock","product_availability":"instock","product_retailer_item_id":"14221","product_condition":"new"},"brands":[{"id":2866,"name":"Gentlehomme","slug":"gentlehomme"}],"_links":{"self":[{"href":"https:\/\/manskin.ethos-dev.ch\/fr\/wp-json\/wp\/v2\/product\/68903","targetHints":{"allow":["GET"]}}],"collection":[{"href":"https:\/\/manskin.ethos-dev.ch\/fr\/wp-json\/wp\/v2\/product"}],"about":[{"href":"https:\/\/manskin.ethos-dev.ch\/fr\/wp-json\/wp\/v2\/types\/product"}],"replies":[{"embeddable":true,"href":"https:\/\/manskin.ethos-dev.ch\/fr\/wp-json\/wp\/v2\/comments?post=68903"}],"wp:featuredmedia":[{"embeddable":true,"href":"https:\/\/manskin.ethos-dev.ch\/fr\/wp-json\/wp\/v2\/media\/69018"}],"wp:attachment":[{"href":"https:\/\/manskin.ethos-dev.ch\/fr\/wp-json\/wp\/v2\/media?parent=68903"}],"wp:term":[{"taxonomy":"pwb-brand","embeddable":true,"href":"https:\/\/manskin.ethos-dev.ch\/fr\/wp-json\/wp\/v2\/pwb-brand?post=68903"},{"taxonomy":"product_brand","embeddable":true,"href":"https:\/\/manskin.ethos-dev.ch\/fr\/wp-json\/wp\/v2\/product_brand?post=68903"},{"taxonomy":"product_cat","embeddable":true,"href":"https:\/\/manskin.ethos-dev.ch\/fr\/wp-json\/wp\/v2\/product_cat?post=68903"},{"taxonomy":"product_tag","embeddable":true,"href":"https:\/\/manskin.ethos-dev.ch\/fr\/wp-json\/wp\/v2\/product_tag?post=68903"}],"curies":[{"name":"wp","href":"https:\/\/api.w.org\/{rel}","templated":true}]}}