{"id":69167,"date":"2025-01-16T19:21:17","date_gmt":"2025-01-16T18:21:17","guid":{"rendered":"https:\/\/manskin.ethos-dev.ch\/produkt\/shakeup-age-def-instant-lifting-eye-cream-4\/"},"modified":"2025-05-17T22:12:43","modified_gmt":"2025-05-17T20:12:43","slug":"shakeup-serum-barbe-the-mane-event","status":"publish","type":"product","link":"https:\/\/manskin.ethos-dev.ch\/fr\/produkt\/shakeup-serum-barbe-the-mane-event\/","title":{"rendered":"Shakeup &#8211; S\u00e9rum pour Barbe The Mane Event"},"content":{"rendered":"<h2>Shakeup &#8211; Cr&egrave;me liftante pour les yeux Age-Def<\/h2>\n<ul>\n<li>Favorise une croissance saine de la barbe pour une pilosit&eacute; faciale plus dense.<\/li>\n<li>Arr&ecirc;te la s&eacute;cheresse, les pellicules et les d&eacute;mangeaisons pour une barbe saine et hydrat&eacute;e.<\/li>\n<li>Renforce les follicules pileux de la barbe pour minimiser la casse des poils.<\/li>\n<li>Donne de l&#39;&eacute;clat et dompte les poils rebelles pour une apparence fra&icirc;che et propre.<\/li>\n<li>Parfum de soin frais et inimitable.<\/li>\n<\/ul>\n<p>\nIngr&eacute;dients:<\/p>\n<ul>\n<li>Complexe de peptides : soutient la sant&eacute; des follicules pileux, assure la force et la r&eacute;sistance de ta barbe et favorise une barbe saine et uniforme.<\/li>\n<li>Caf&eacute;ine : stimule les follicules pileux en favorisant la circulation sanguine et en fournissant des nutriments essentiels pour favoriser une croissance saine de la barbe.<\/li>\n<li>Huile de ricin: hydrate &agrave; la fois les poils de la barbe et la peau et favorise la croissance, l&#39;&eacute;paisseur et la r&eacute;sistance.<\/li>\n<\/ul>\n<p>\nApplication:<\/p>\n<ul>\n<li>Presse une quantit&eacute; de The Mane Event de la taille d&#39;un petit pois dans la paume de ta main. Si ta barbe est plus longue et plus &eacute;paisse, tu auras peut-&ecirc;tre besoin d&#39;un peu plus.<\/li>\n<li>Applique le s&eacute;rum de la racine &agrave; la pointe des poils de la barbe, en tenant compte de la peau sous la barbe.<\/li>\n<li>Une fois que tous les poils sont recouverts de s&eacute;rum, laisse-le agir pour soigner et prot&eacute;ger ta barbe.<\/li>\n<li>Pour de meilleurs r&eacute;sultats, utilise le s&eacute;rum quotidiennement le matin ou le soir. The Mane Event est &eacute;galement un bon traitement apr&egrave;s la mise en forme ou la tonte des poils du visage.<\/li>\n<\/ul>\n<p>Contenu 50 ml. .<\/p>\n","protected":false},"excerpt":{"rendered":"<p>Soin sp\u00e9cial \u00e0 l&#8217;huile de ricin pour une barbe forte et saine<\/p>\n","protected":false},"featured_media":69300,"comment_status":"closed","ping_status":"closed","template":"","meta":{"_acf_changed":false},"pwb-brand":[2848],"product_brand":[],"product_cat":[2313,2255,2850],"product_tag":[],"class_list":{"0":"post-69167","1":"product","2":"type-product","3":"status-publish","4":"has-post-thumbnail","6":"pwb-brand-shakeup","7":"product_cat-soin-special-pour-barbe","8":"product_cat-baume-pour-barbe-fr","9":"product_cat-shakeup-fr","10":"product_shipping_class-standard-fr","11":"sales-flash-overlay","12":"woocommerce-text-align-center","13":"woocommerce-image-align-center","14":"do-quantity-buttons","15":"has-subscription-plans","17":"first","18":"instock","19":"taxable","20":"shipping-taxable","21":"purchasable","22":"product-type-simple"},"acf":[],"yoast_head":"<!-- This site is optimized with the Yoast SEO Premium plugin v24.8 (Yoast SEO v25.4) - https:\/\/yoast.com\/wordpress\/plugins\/seo\/ -->\n<title>Shakeup s\u00e9rum \u00e0 barbe pour une pilosit\u00e9 faciale plus dense | Manskin.ch<\/title>\n<meta name=\"description\" content=\"Donnez vie \u00e0 votre barbe ! La formule avec un complexe de peptides, de la caf\u00e9ine &amp; de l&#039;huile de ricin favorise une croissance saine de la barbe &amp; donne \u00e0 la barbe un aspect rafra\u00eechi.\" \/>\n<meta name=\"robots\" content=\"noindex, follow, max-snippet:-1, max-image-preview:large, max-video-preview:-1\" \/>\n<meta property=\"og:locale\" content=\"fr_FR\" \/>\n<meta property=\"og:type\" content=\"article\" \/>\n<meta property=\"og:title\" content=\"Shakeup - S\u00e9rum pour Barbe The Mane Event\" \/>\n<meta property=\"og:description\" content=\"Donnez vie \u00e0 votre barbe ! La formule avec un complexe de peptides, de la caf\u00e9ine &amp; de l&#039;huile de ricin favorise une croissance saine de la barbe &amp; donne \u00e0 la barbe un aspect rafra\u00eechi.\" \/>\n<meta property=\"og:url\" content=\"https:\/\/manskin.ethos-dev.ch\/fr\/produkt\/shakeup-serum-barbe-the-mane-event\/\" \/>\n<meta property=\"og:site_name\" content=\"Manskin.ch\" \/>\n<meta property=\"article:publisher\" content=\"https:\/\/www.facebook.com\/manskin.ch\" \/>\n<meta property=\"article:modified_time\" content=\"2025-05-17T20:12:43+00:00\" \/>\n<meta property=\"og:image\" content=\"https:\/\/manskin.ethos-dev.ch\/wp-content\/uploads\/2025\/01\/The-Mane-Event-High-Quality.jpg\" \/>\n\t<meta property=\"og:image:width\" content=\"1000\" \/>\n\t<meta property=\"og:image:height\" content=\"1000\" \/>\n\t<meta property=\"og:image:type\" content=\"image\/jpeg\" \/>\n<meta name=\"twitter:card\" content=\"summary_large_image\" \/>\n<meta name=\"twitter:label1\" content=\"Prix\" \/>\n\t<meta name=\"twitter:data1\" content=\"26.50&#067;&#072;&#070;\" \/>\n\t<meta name=\"twitter:label2\" content=\"Disponibilit\u00e9\" \/>\n\t<meta name=\"twitter:data2\" content=\"En stock\" \/>\n<script type=\"application\/ld+json\" class=\"yoast-schema-graph\">{\"@context\":\"https:\/\/schema.org\",\"@graph\":[{\"@type\":\"WebPage\",\"@id\":\"https:\/\/manskin.ethos-dev.ch\/fr\/produkt\/shakeup-serum-barbe-the-mane-event\/\",\"url\":\"https:\/\/manskin.ethos-dev.ch\/fr\/produkt\/shakeup-serum-barbe-the-mane-event\/\",\"name\":\"Shakeup s\u00e9rum \u00e0 barbe pour une pilosit\u00e9 faciale plus dense | Manskin.ch\",\"isPartOf\":{\"@id\":\"https:\/\/manskin.ethos-dev.ch\/#website\"},\"primaryImageOfPage\":{\"@id\":\"https:\/\/manskin.ethos-dev.ch\/fr\/produkt\/shakeup-serum-barbe-the-mane-event\/#primaryimage\"},\"image\":{\"@id\":\"https:\/\/manskin.ethos-dev.ch\/fr\/produkt\/shakeup-serum-barbe-the-mane-event\/#primaryimage\"},\"thumbnailUrl\":\"https:\/\/manskin.ethos-dev.ch\/wp-content\/uploads\/2025\/01\/The-Mane-Event-High-Quality.jpg\",\"datePublished\":\"2025-01-16T18:21:17+00:00\",\"dateModified\":\"2025-05-17T20:12:43+00:00\",\"description\":\"Donnez vie \u00e0 votre barbe ! La formule avec un complexe de peptides, de la caf\u00e9ine & de l'huile de ricin favorise une croissance saine de la barbe & donne \u00e0 la barbe un aspect rafra\u00eechi.\",\"breadcrumb\":{\"@id\":\"https:\/\/manskin.ethos-dev.ch\/fr\/produkt\/shakeup-serum-barbe-the-mane-event\/#breadcrumb\"},\"inLanguage\":\"fr-FR\",\"potentialAction\":[{\"@type\":\"ReadAction\",\"target\":[\"https:\/\/manskin.ethos-dev.ch\/fr\/produkt\/shakeup-serum-barbe-the-mane-event\/\"]}]},{\"@type\":\"ImageObject\",\"inLanguage\":\"fr-FR\",\"@id\":\"https:\/\/manskin.ethos-dev.ch\/fr\/produkt\/shakeup-serum-barbe-the-mane-event\/#primaryimage\",\"url\":\"https:\/\/manskin.ethos-dev.ch\/wp-content\/uploads\/2025\/01\/The-Mane-Event-High-Quality.jpg\",\"contentUrl\":\"https:\/\/manskin.ethos-dev.ch\/wp-content\/uploads\/2025\/01\/The-Mane-Event-High-Quality.jpg\",\"width\":1000,\"height\":1000},{\"@type\":\"BreadcrumbList\",\"@id\":\"https:\/\/manskin.ethos-dev.ch\/fr\/produkt\/shakeup-serum-barbe-the-mane-event\/#breadcrumb\",\"itemListElement\":[{\"@type\":\"ListItem\",\"position\":1,\"name\":\"Startseite\",\"item\":\"https:\/\/manskin.ethos-dev.ch\/fr\/\"},{\"@type\":\"ListItem\",\"position\":2,\"name\":\"Shop\",\"item\":\"https:\/\/manskin.ethos-dev.ch\/shop\/\"},{\"@type\":\"ListItem\",\"position\":3,\"name\":\"Shakeup &#8211; S\u00e9rum pour Barbe The Mane Event\"}]},{\"@type\":\"WebSite\",\"@id\":\"https:\/\/manskin.ethos-dev.ch\/#website\",\"url\":\"https:\/\/manskin.ethos-dev.ch\/\",\"name\":\"Manskin.ch\",\"description\":\"Tous les produits de beaut\u00e9 pour les hommes les plus exigeants\",\"publisher\":{\"@id\":\"https:\/\/manskin.ethos-dev.ch\/#organization\"},\"potentialAction\":[{\"@type\":\"SearchAction\",\"target\":{\"@type\":\"EntryPoint\",\"urlTemplate\":\"https:\/\/manskin.ethos-dev.ch\/?s={search_term_string}\"},\"query-input\":{\"@type\":\"PropertyValueSpecification\",\"valueRequired\":true,\"valueName\":\"search_term_string\"}}],\"inLanguage\":\"fr-FR\"},{\"@type\":\"Organization\",\"@id\":\"https:\/\/manskin.ethos-dev.ch\/#organization\",\"name\":\"Manskin.ch - der Schweizer Onlineshop f\u00fcr qualit\u00e4tsstarke M\u00e4nnerpflege\",\"url\":\"https:\/\/manskin.ethos-dev.ch\/\",\"logo\":{\"@type\":\"ImageObject\",\"inLanguage\":\"fr-FR\",\"@id\":\"https:\/\/manskin.ethos-dev.ch\/#\/schema\/logo\/image\/\",\"url\":\"https:\/\/manskin.ethos-dev.ch\/wp-content\/uploads\/2021\/04\/cropped-logo_head.png\",\"contentUrl\":\"https:\/\/manskin.ethos-dev.ch\/wp-content\/uploads\/2021\/04\/cropped-logo_head.png\",\"width\":235,\"height\":75,\"caption\":\"Manskin.ch - der Schweizer Onlineshop f\u00fcr qualit\u00e4tsstarke M\u00e4nnerpflege\"},\"image\":{\"@id\":\"https:\/\/manskin.ethos-dev.ch\/#\/schema\/logo\/image\/\"},\"sameAs\":[\"https:\/\/www.facebook.com\/manskin.ch\",\"https:\/\/www.instagram.com\/manskin.ch\/\"]}]}<\/script>\n<meta property=\"product:price:amount\" content=\"26.50\" \/>\n<meta property=\"product:price:currency\" content=\"CHF\" \/>\n<meta property=\"og:availability\" content=\"instock\" \/>\n<meta property=\"product:availability\" content=\"instock\" \/>\n<meta property=\"product:retailer_item_id\" content=\"14225\" \/>\n<meta property=\"product:condition\" content=\"new\" \/>\n<!-- \/ Yoast SEO Premium plugin. -->","yoast_head_json":{"title":"Shakeup s\u00e9rum \u00e0 barbe pour une pilosit\u00e9 faciale plus dense | Manskin.ch","description":"Donnez vie \u00e0 votre barbe ! La formule avec un complexe de peptides, de la caf\u00e9ine & de l'huile de ricin favorise une croissance saine de la barbe & donne \u00e0 la barbe un aspect rafra\u00eechi.","robots":{"index":"noindex","follow":"follow","max-snippet":"max-snippet:-1","max-image-preview":"max-image-preview:large","max-video-preview":"max-video-preview:-1"},"og_locale":"fr_FR","og_type":"article","og_title":"Shakeup - S\u00e9rum pour Barbe The Mane Event","og_description":"Donnez vie \u00e0 votre barbe ! La formule avec un complexe de peptides, de la caf\u00e9ine & de l'huile de ricin favorise une croissance saine de la barbe & donne \u00e0 la barbe un aspect rafra\u00eechi.","og_url":"https:\/\/manskin.ethos-dev.ch\/fr\/produkt\/shakeup-serum-barbe-the-mane-event\/","og_site_name":"Manskin.ch","article_publisher":"https:\/\/www.facebook.com\/manskin.ch","article_modified_time":"2025-05-17T20:12:43+00:00","og_image":[{"width":1000,"height":1000,"url":"https:\/\/manskin.ethos-dev.ch\/wp-content\/uploads\/2025\/01\/The-Mane-Event-High-Quality.jpg","type":"image\/jpeg"}],"twitter_card":"summary_large_image","twitter_misc":{"Prix":"26.50&#67;&#72;&#70;","Disponibilit\u00e9":"En stock"},"schema":{"@context":"https:\/\/schema.org","@graph":[{"@type":"WebPage","@id":"https:\/\/manskin.ethos-dev.ch\/fr\/produkt\/shakeup-serum-barbe-the-mane-event\/","url":"https:\/\/manskin.ethos-dev.ch\/fr\/produkt\/shakeup-serum-barbe-the-mane-event\/","name":"Shakeup s\u00e9rum \u00e0 barbe pour une pilosit\u00e9 faciale plus dense | Manskin.ch","isPartOf":{"@id":"https:\/\/manskin.ethos-dev.ch\/#website"},"primaryImageOfPage":{"@id":"https:\/\/manskin.ethos-dev.ch\/fr\/produkt\/shakeup-serum-barbe-the-mane-event\/#primaryimage"},"image":{"@id":"https:\/\/manskin.ethos-dev.ch\/fr\/produkt\/shakeup-serum-barbe-the-mane-event\/#primaryimage"},"thumbnailUrl":"https:\/\/manskin.ethos-dev.ch\/wp-content\/uploads\/2025\/01\/The-Mane-Event-High-Quality.jpg","datePublished":"2025-01-16T18:21:17+00:00","dateModified":"2025-05-17T20:12:43+00:00","description":"Donnez vie \u00e0 votre barbe ! La formule avec un complexe de peptides, de la caf\u00e9ine & de l'huile de ricin favorise une croissance saine de la barbe & donne \u00e0 la barbe un aspect rafra\u00eechi.","breadcrumb":{"@id":"https:\/\/manskin.ethos-dev.ch\/fr\/produkt\/shakeup-serum-barbe-the-mane-event\/#breadcrumb"},"inLanguage":"fr-FR","potentialAction":[{"@type":"ReadAction","target":["https:\/\/manskin.ethos-dev.ch\/fr\/produkt\/shakeup-serum-barbe-the-mane-event\/"]}]},{"@type":"ImageObject","inLanguage":"fr-FR","@id":"https:\/\/manskin.ethos-dev.ch\/fr\/produkt\/shakeup-serum-barbe-the-mane-event\/#primaryimage","url":"https:\/\/manskin.ethos-dev.ch\/wp-content\/uploads\/2025\/01\/The-Mane-Event-High-Quality.jpg","contentUrl":"https:\/\/manskin.ethos-dev.ch\/wp-content\/uploads\/2025\/01\/The-Mane-Event-High-Quality.jpg","width":1000,"height":1000},{"@type":"BreadcrumbList","@id":"https:\/\/manskin.ethos-dev.ch\/fr\/produkt\/shakeup-serum-barbe-the-mane-event\/#breadcrumb","itemListElement":[{"@type":"ListItem","position":1,"name":"Startseite","item":"https:\/\/manskin.ethos-dev.ch\/fr\/"},{"@type":"ListItem","position":2,"name":"Shop","item":"https:\/\/manskin.ethos-dev.ch\/shop\/"},{"@type":"ListItem","position":3,"name":"Shakeup &#8211; S\u00e9rum pour Barbe The Mane Event"}]},{"@type":"WebSite","@id":"https:\/\/manskin.ethos-dev.ch\/#website","url":"https:\/\/manskin.ethos-dev.ch\/","name":"Manskin.ch","description":"Tous les produits de beaut\u00e9 pour les hommes les plus exigeants","publisher":{"@id":"https:\/\/manskin.ethos-dev.ch\/#organization"},"potentialAction":[{"@type":"SearchAction","target":{"@type":"EntryPoint","urlTemplate":"https:\/\/manskin.ethos-dev.ch\/?s={search_term_string}"},"query-input":{"@type":"PropertyValueSpecification","valueRequired":true,"valueName":"search_term_string"}}],"inLanguage":"fr-FR"},{"@type":"Organization","@id":"https:\/\/manskin.ethos-dev.ch\/#organization","name":"Manskin.ch - der Schweizer Onlineshop f\u00fcr qualit\u00e4tsstarke M\u00e4nnerpflege","url":"https:\/\/manskin.ethos-dev.ch\/","logo":{"@type":"ImageObject","inLanguage":"fr-FR","@id":"https:\/\/manskin.ethos-dev.ch\/#\/schema\/logo\/image\/","url":"https:\/\/manskin.ethos-dev.ch\/wp-content\/uploads\/2021\/04\/cropped-logo_head.png","contentUrl":"https:\/\/manskin.ethos-dev.ch\/wp-content\/uploads\/2021\/04\/cropped-logo_head.png","width":235,"height":75,"caption":"Manskin.ch - der Schweizer Onlineshop f\u00fcr qualit\u00e4tsstarke M\u00e4nnerpflege"},"image":{"@id":"https:\/\/manskin.ethos-dev.ch\/#\/schema\/logo\/image\/"},"sameAs":["https:\/\/www.facebook.com\/manskin.ch","https:\/\/www.instagram.com\/manskin.ch\/"]}]},"product_price_amount":"26.50","product_price_currency":"CHF","og_availability":"instock","product_availability":"instock","product_retailer_item_id":"14225","product_condition":"new"},"brands":[{"id":2848,"name":"Shakeup","slug":"shakeup"}],"_links":{"self":[{"href":"https:\/\/manskin.ethos-dev.ch\/fr\/wp-json\/wp\/v2\/product\/69167","targetHints":{"allow":["GET"]}}],"collection":[{"href":"https:\/\/manskin.ethos-dev.ch\/fr\/wp-json\/wp\/v2\/product"}],"about":[{"href":"https:\/\/manskin.ethos-dev.ch\/fr\/wp-json\/wp\/v2\/types\/product"}],"replies":[{"embeddable":true,"href":"https:\/\/manskin.ethos-dev.ch\/fr\/wp-json\/wp\/v2\/comments?post=69167"}],"wp:featuredmedia":[{"embeddable":true,"href":"https:\/\/manskin.ethos-dev.ch\/fr\/wp-json\/wp\/v2\/media\/69300"}],"wp:attachment":[{"href":"https:\/\/manskin.ethos-dev.ch\/fr\/wp-json\/wp\/v2\/media?parent=69167"}],"wp:term":[{"taxonomy":"pwb-brand","embeddable":true,"href":"https:\/\/manskin.ethos-dev.ch\/fr\/wp-json\/wp\/v2\/pwb-brand?post=69167"},{"taxonomy":"product_brand","embeddable":true,"href":"https:\/\/manskin.ethos-dev.ch\/fr\/wp-json\/wp\/v2\/product_brand?post=69167"},{"taxonomy":"product_cat","embeddable":true,"href":"https:\/\/manskin.ethos-dev.ch\/fr\/wp-json\/wp\/v2\/product_cat?post=69167"},{"taxonomy":"product_tag","embeddable":true,"href":"https:\/\/manskin.ethos-dev.ch\/fr\/wp-json\/wp\/v2\/product_tag?post=69167"}],"curies":[{"name":"wp","href":"https:\/\/api.w.org\/{rel}","templated":true}]}}