{"id":69170,"date":"2025-01-16T19:22:57","date_gmt":"2025-01-16T18:22:57","guid":{"rendered":"https:\/\/manskin.ethos-dev.ch\/produkt\/shakeup-face-4ward-multi-action-face-wash\/"},"modified":"2025-05-04T20:02:01","modified_gmt":"2025-05-04T18:02:01","slug":"shakeup-nettoyant-lets-be-clear","status":"publish","type":"product","link":"https:\/\/manskin.ethos-dev.ch\/fr\/produkt\/shakeup-nettoyant-lets-be-clear\/","title":{"rendered":"Shakeup &#8211; Nettoyant &amp; Masque Visage Let&#8217;s Be Clear 2-en-1"},"content":{"rendered":"<h2>Shakeup &#8211; Nettoyage &amp; Masque visage Let&#39;s Be Clear 2-en-1<\/h2>\n<ul>\n<li>La puissante formule 2 en 1 offre une double quantit&eacute; de propri&eacute;t&eacute;s de soin de la peau.<\/li>\n<li>Sp&eacute;cialement con&ccedil;ue pour les peaux masculines plus grasses, elle convient &agrave; une utilisation quotidienne.<\/li>\n<li>Renforc&eacute;e par des ingr&eacute;dients qui combattent les imperfections de la peau et un exfoliant pour une peau plus claire et sans brillance.<\/li>\n<li>100% v&eacute;g&eacute;talien et certifi&eacute; PeTA, sans cruaut&eacute; envers les animaux. Fabriqu&eacute; en Grande-Bretagne.<\/li>\n<\/ul>\n<p>Utilisation:<\/p>\n<p><strong><span style=\"color: rgb(243, 156, 18);\">Comme nettoyant pour le visage contr&ocirc;lant la graisse<\/span><\/strong><\/p>\n<ul>\n<li>D&eacute;poser une quantit&eacute; de nettoyant pour visage &eacute;quivalente &agrave; une pi&egrave;ce de monnaie sur le bout des doigts propres et masser d&eacute;licatement la peau humide en effectuant des mouvements circulaires. &Eacute;vite le contour imm&eacute;diat des yeux.<\/li>\n<li>Rincer abondamment &agrave; l&#39;eau ti&egrave;de ou enlever l&#39;exc&eacute;dent avec un gant de toilette humide.<\/li>\n<\/ul>\n<p>\n<span style=\"color: rgb(243, 156, 18);\"><strong>Comme masque de boue pour le visage<\/strong><\/span><\/p>\n<ul>\n<li>Applique du bout des doigts une couche fine et uniforme sur la peau s&egrave;che, en &eacute;vitant le contour imm&eacute;diat des yeux.<\/li>\n<li>Laisse s&eacute;cher le masque pendant 3 &agrave; 5 minutes.<\/li>\n<li>Rince soigneusement le masque &agrave; l&#39;eau ti&egrave;de ou &eacute;limine l&#39;exc&eacute;dent avec un gant de toilette humide.<\/li>\n<\/ul>\n<p>\nContenu 125 ml.<\/p>\n","protected":false},"excerpt":{"rendered":"<p>Shakeup &#8211; Nettoyage &amp; Masque visage Let&#39;s Be Clear 2-en-1 La puissante formule 2 en 1 offre une double quantit&eacute; de propri&eacute;t&eacute;s de soin de la peau. Sp&eacute;cialement con&ccedil;ue pour les peaux masculines plus grasses, elle convient &agrave; une utilisation quotidienne. Renforc&eacute;e par des ingr&eacute;dients qui combattent les imperfections de la peau et un exfoliant &#8230; <a title=\"Shakeup &#8211; Nettoyant &amp; Masque Visage Let&#8217;s Be Clear 2-en-1\" class=\"read-more\" href=\"https:\/\/manskin.ethos-dev.ch\/fr\/produkt\/shakeup-nettoyant-lets-be-clear\/\" aria-label=\"En savoir plus sur Shakeup &#8211; Nettoyant &amp; Masque Visage Let&#8217;s Be Clear 2-en-1\">Lire la suite<\/a><\/p>\n","protected":false},"featured_media":69304,"comment_status":"closed","ping_status":"closed","template":"","meta":{"_acf_changed":false},"pwb-brand":[2848],"product_brand":[],"product_cat":[2327,2333,2330,2346,2347,2850],"product_tag":[],"class_list":{"0":"post-69170","1":"product","2":"type-product","3":"status-publish","4":"has-post-thumbnail","6":"pwb-brand-shakeup","7":"product_cat-visage","8":"product_cat-nettoyants-visage","9":"product_cat-masques-visage","10":"product_cat-peau-grasse","11":"product_cat-peau-mixte","12":"product_cat-shakeup-fr","13":"product_shipping_class-standard-fr","14":"sales-flash-overlay","15":"woocommerce-text-align-center","16":"woocommerce-image-align-center","17":"do-quantity-buttons","18":"has-subscription-plans","20":"first","21":"instock","22":"taxable","23":"shipping-taxable","24":"purchasable","25":"product-type-simple"},"acf":[],"yoast_head":"<!-- This site is optimized with the Yoast SEO Premium plugin v24.8 (Yoast SEO v25.4) - https:\/\/yoast.com\/wordpress\/plugins\/seo\/ -->\n<title>Shakeup nettoyage du visage : Formule 2 en 1 | Manskin.ch<\/title>\n<meta name=\"description\" content=\"Offre-toi la meilleure exp\u00e9rience de soin de la peau avec Shakeup 2-en-1 Nettoyage &amp; Masque. Lutte contre les impuret\u00e9s de la peau et profite d&#039;une peau claire. 100% v\u00e9g\u00e9talien.\" \/>\n<meta name=\"robots\" content=\"noindex, follow, max-snippet:-1, max-image-preview:large, max-video-preview:-1\" \/>\n<meta property=\"og:locale\" content=\"fr_FR\" \/>\n<meta property=\"og:type\" content=\"article\" \/>\n<meta property=\"og:title\" content=\"Shakeup - Nettoyant &amp; Masque Visage Let&#039;s Be Clear 2-en-1\" \/>\n<meta property=\"og:description\" content=\"Offre-toi la meilleure exp\u00e9rience de soin de la peau avec Shakeup 2-en-1 Nettoyage &amp; Masque. Lutte contre les impuret\u00e9s de la peau et profite d&#039;une peau claire. 100% v\u00e9g\u00e9talien.\" \/>\n<meta property=\"og:url\" content=\"https:\/\/manskin.ethos-dev.ch\/fr\/produkt\/shakeup-nettoyant-lets-be-clear\/\" \/>\n<meta property=\"og:site_name\" content=\"Manskin.ch\" \/>\n<meta property=\"article:publisher\" content=\"https:\/\/www.facebook.com\/manskin.ch\" \/>\n<meta property=\"article:modified_time\" content=\"2025-05-04T18:02:01+00:00\" \/>\n<meta property=\"og:image\" content=\"https:\/\/manskin.ethos-dev.ch\/wp-content\/uploads\/2025\/01\/Letsbeclear-High-Quality.webp\" \/>\n\t<meta property=\"og:image:width\" content=\"1000\" \/>\n\t<meta property=\"og:image:height\" content=\"1000\" \/>\n\t<meta property=\"og:image:type\" content=\"image\/webp\" \/>\n<meta name=\"twitter:card\" content=\"summary_large_image\" \/>\n<meta name=\"twitter:label1\" content=\"Prix\" \/>\n\t<meta name=\"twitter:data1\" content=\"17.50&#067;&#072;&#070;\" \/>\n\t<meta name=\"twitter:label2\" content=\"Disponibilit\u00e9\" \/>\n\t<meta name=\"twitter:data2\" content=\"En stock\" \/>\n<script type=\"application\/ld+json\" class=\"yoast-schema-graph\">{\"@context\":\"https:\/\/schema.org\",\"@graph\":[{\"@type\":\"WebPage\",\"@id\":\"https:\/\/manskin.ethos-dev.ch\/fr\/produkt\/shakeup-nettoyant-lets-be-clear\/\",\"url\":\"https:\/\/manskin.ethos-dev.ch\/fr\/produkt\/shakeup-nettoyant-lets-be-clear\/\",\"name\":\"Shakeup nettoyage du visage : Formule 2 en 1 | Manskin.ch\",\"isPartOf\":{\"@id\":\"https:\/\/manskin.ethos-dev.ch\/#website\"},\"primaryImageOfPage\":{\"@id\":\"https:\/\/manskin.ethos-dev.ch\/fr\/produkt\/shakeup-nettoyant-lets-be-clear\/#primaryimage\"},\"image\":{\"@id\":\"https:\/\/manskin.ethos-dev.ch\/fr\/produkt\/shakeup-nettoyant-lets-be-clear\/#primaryimage\"},\"thumbnailUrl\":\"https:\/\/manskin.ethos-dev.ch\/wp-content\/uploads\/2025\/01\/Letsbeclear-High-Quality.webp\",\"datePublished\":\"2025-01-16T18:22:57+00:00\",\"dateModified\":\"2025-05-04T18:02:01+00:00\",\"description\":\"Offre-toi la meilleure exp\u00e9rience de soin de la peau avec Shakeup 2-en-1 Nettoyage & Masque. Lutte contre les impuret\u00e9s de la peau et profite d'une peau claire. 100% v\u00e9g\u00e9talien.\",\"breadcrumb\":{\"@id\":\"https:\/\/manskin.ethos-dev.ch\/fr\/produkt\/shakeup-nettoyant-lets-be-clear\/#breadcrumb\"},\"inLanguage\":\"fr-FR\",\"potentialAction\":[{\"@type\":\"ReadAction\",\"target\":[\"https:\/\/manskin.ethos-dev.ch\/fr\/produkt\/shakeup-nettoyant-lets-be-clear\/\"]}]},{\"@type\":\"ImageObject\",\"inLanguage\":\"fr-FR\",\"@id\":\"https:\/\/manskin.ethos-dev.ch\/fr\/produkt\/shakeup-nettoyant-lets-be-clear\/#primaryimage\",\"url\":\"https:\/\/manskin.ethos-dev.ch\/wp-content\/uploads\/2025\/01\/Letsbeclear-High-Quality.webp\",\"contentUrl\":\"https:\/\/manskin.ethos-dev.ch\/wp-content\/uploads\/2025\/01\/Letsbeclear-High-Quality.webp\",\"width\":1000,\"height\":1000},{\"@type\":\"BreadcrumbList\",\"@id\":\"https:\/\/manskin.ethos-dev.ch\/fr\/produkt\/shakeup-nettoyant-lets-be-clear\/#breadcrumb\",\"itemListElement\":[{\"@type\":\"ListItem\",\"position\":1,\"name\":\"Startseite\",\"item\":\"https:\/\/manskin.ethos-dev.ch\/fr\/\"},{\"@type\":\"ListItem\",\"position\":2,\"name\":\"Shop\",\"item\":\"https:\/\/manskin.ethos-dev.ch\/shop\/\"},{\"@type\":\"ListItem\",\"position\":3,\"name\":\"Shakeup &#8211; Nettoyant &amp; Masque Visage Let&#8217;s Be Clear 2-en-1\"}]},{\"@type\":\"WebSite\",\"@id\":\"https:\/\/manskin.ethos-dev.ch\/#website\",\"url\":\"https:\/\/manskin.ethos-dev.ch\/\",\"name\":\"Manskin.ch\",\"description\":\"Tous les produits de beaut\u00e9 pour les hommes les plus exigeants\",\"publisher\":{\"@id\":\"https:\/\/manskin.ethos-dev.ch\/#organization\"},\"potentialAction\":[{\"@type\":\"SearchAction\",\"target\":{\"@type\":\"EntryPoint\",\"urlTemplate\":\"https:\/\/manskin.ethos-dev.ch\/?s={search_term_string}\"},\"query-input\":{\"@type\":\"PropertyValueSpecification\",\"valueRequired\":true,\"valueName\":\"search_term_string\"}}],\"inLanguage\":\"fr-FR\"},{\"@type\":\"Organization\",\"@id\":\"https:\/\/manskin.ethos-dev.ch\/#organization\",\"name\":\"Manskin.ch - der Schweizer Onlineshop f\u00fcr qualit\u00e4tsstarke M\u00e4nnerpflege\",\"url\":\"https:\/\/manskin.ethos-dev.ch\/\",\"logo\":{\"@type\":\"ImageObject\",\"inLanguage\":\"fr-FR\",\"@id\":\"https:\/\/manskin.ethos-dev.ch\/#\/schema\/logo\/image\/\",\"url\":\"https:\/\/manskin.ethos-dev.ch\/wp-content\/uploads\/2021\/04\/cropped-logo_head.png\",\"contentUrl\":\"https:\/\/manskin.ethos-dev.ch\/wp-content\/uploads\/2021\/04\/cropped-logo_head.png\",\"width\":235,\"height\":75,\"caption\":\"Manskin.ch - der Schweizer Onlineshop f\u00fcr qualit\u00e4tsstarke M\u00e4nnerpflege\"},\"image\":{\"@id\":\"https:\/\/manskin.ethos-dev.ch\/#\/schema\/logo\/image\/\"},\"sameAs\":[\"https:\/\/www.facebook.com\/manskin.ch\",\"https:\/\/www.instagram.com\/manskin.ch\/\"]}]}<\/script>\n<meta property=\"product:price:amount\" content=\"17.50\" \/>\n<meta property=\"product:price:currency\" content=\"CHF\" \/>\n<meta property=\"og:availability\" content=\"instock\" \/>\n<meta property=\"product:availability\" content=\"instock\" \/>\n<meta property=\"product:retailer_item_id\" content=\"14226\" \/>\n<meta property=\"product:condition\" content=\"new\" \/>\n<!-- \/ Yoast SEO Premium plugin. -->","yoast_head_json":{"title":"Shakeup nettoyage du visage : Formule 2 en 1 | Manskin.ch","description":"Offre-toi la meilleure exp\u00e9rience de soin de la peau avec Shakeup 2-en-1 Nettoyage & Masque. Lutte contre les impuret\u00e9s de la peau et profite d'une peau claire. 100% v\u00e9g\u00e9talien.","robots":{"index":"noindex","follow":"follow","max-snippet":"max-snippet:-1","max-image-preview":"max-image-preview:large","max-video-preview":"max-video-preview:-1"},"og_locale":"fr_FR","og_type":"article","og_title":"Shakeup - Nettoyant &amp; Masque Visage Let's Be Clear 2-en-1","og_description":"Offre-toi la meilleure exp\u00e9rience de soin de la peau avec Shakeup 2-en-1 Nettoyage & Masque. Lutte contre les impuret\u00e9s de la peau et profite d'une peau claire. 100% v\u00e9g\u00e9talien.","og_url":"https:\/\/manskin.ethos-dev.ch\/fr\/produkt\/shakeup-nettoyant-lets-be-clear\/","og_site_name":"Manskin.ch","article_publisher":"https:\/\/www.facebook.com\/manskin.ch","article_modified_time":"2025-05-04T18:02:01+00:00","og_image":[{"width":1000,"height":1000,"url":"https:\/\/manskin.ethos-dev.ch\/wp-content\/uploads\/2025\/01\/Letsbeclear-High-Quality.webp","type":"image\/webp"}],"twitter_card":"summary_large_image","twitter_misc":{"Prix":"17.50&#67;&#72;&#70;","Disponibilit\u00e9":"En stock"},"schema":{"@context":"https:\/\/schema.org","@graph":[{"@type":"WebPage","@id":"https:\/\/manskin.ethos-dev.ch\/fr\/produkt\/shakeup-nettoyant-lets-be-clear\/","url":"https:\/\/manskin.ethos-dev.ch\/fr\/produkt\/shakeup-nettoyant-lets-be-clear\/","name":"Shakeup nettoyage du visage : Formule 2 en 1 | Manskin.ch","isPartOf":{"@id":"https:\/\/manskin.ethos-dev.ch\/#website"},"primaryImageOfPage":{"@id":"https:\/\/manskin.ethos-dev.ch\/fr\/produkt\/shakeup-nettoyant-lets-be-clear\/#primaryimage"},"image":{"@id":"https:\/\/manskin.ethos-dev.ch\/fr\/produkt\/shakeup-nettoyant-lets-be-clear\/#primaryimage"},"thumbnailUrl":"https:\/\/manskin.ethos-dev.ch\/wp-content\/uploads\/2025\/01\/Letsbeclear-High-Quality.webp","datePublished":"2025-01-16T18:22:57+00:00","dateModified":"2025-05-04T18:02:01+00:00","description":"Offre-toi la meilleure exp\u00e9rience de soin de la peau avec Shakeup 2-en-1 Nettoyage & Masque. Lutte contre les impuret\u00e9s de la peau et profite d'une peau claire. 100% v\u00e9g\u00e9talien.","breadcrumb":{"@id":"https:\/\/manskin.ethos-dev.ch\/fr\/produkt\/shakeup-nettoyant-lets-be-clear\/#breadcrumb"},"inLanguage":"fr-FR","potentialAction":[{"@type":"ReadAction","target":["https:\/\/manskin.ethos-dev.ch\/fr\/produkt\/shakeup-nettoyant-lets-be-clear\/"]}]},{"@type":"ImageObject","inLanguage":"fr-FR","@id":"https:\/\/manskin.ethos-dev.ch\/fr\/produkt\/shakeup-nettoyant-lets-be-clear\/#primaryimage","url":"https:\/\/manskin.ethos-dev.ch\/wp-content\/uploads\/2025\/01\/Letsbeclear-High-Quality.webp","contentUrl":"https:\/\/manskin.ethos-dev.ch\/wp-content\/uploads\/2025\/01\/Letsbeclear-High-Quality.webp","width":1000,"height":1000},{"@type":"BreadcrumbList","@id":"https:\/\/manskin.ethos-dev.ch\/fr\/produkt\/shakeup-nettoyant-lets-be-clear\/#breadcrumb","itemListElement":[{"@type":"ListItem","position":1,"name":"Startseite","item":"https:\/\/manskin.ethos-dev.ch\/fr\/"},{"@type":"ListItem","position":2,"name":"Shop","item":"https:\/\/manskin.ethos-dev.ch\/shop\/"},{"@type":"ListItem","position":3,"name":"Shakeup &#8211; Nettoyant &amp; Masque Visage Let&#8217;s Be Clear 2-en-1"}]},{"@type":"WebSite","@id":"https:\/\/manskin.ethos-dev.ch\/#website","url":"https:\/\/manskin.ethos-dev.ch\/","name":"Manskin.ch","description":"Tous les produits de beaut\u00e9 pour les hommes les plus exigeants","publisher":{"@id":"https:\/\/manskin.ethos-dev.ch\/#organization"},"potentialAction":[{"@type":"SearchAction","target":{"@type":"EntryPoint","urlTemplate":"https:\/\/manskin.ethos-dev.ch\/?s={search_term_string}"},"query-input":{"@type":"PropertyValueSpecification","valueRequired":true,"valueName":"search_term_string"}}],"inLanguage":"fr-FR"},{"@type":"Organization","@id":"https:\/\/manskin.ethos-dev.ch\/#organization","name":"Manskin.ch - der Schweizer Onlineshop f\u00fcr qualit\u00e4tsstarke M\u00e4nnerpflege","url":"https:\/\/manskin.ethos-dev.ch\/","logo":{"@type":"ImageObject","inLanguage":"fr-FR","@id":"https:\/\/manskin.ethos-dev.ch\/#\/schema\/logo\/image\/","url":"https:\/\/manskin.ethos-dev.ch\/wp-content\/uploads\/2021\/04\/cropped-logo_head.png","contentUrl":"https:\/\/manskin.ethos-dev.ch\/wp-content\/uploads\/2021\/04\/cropped-logo_head.png","width":235,"height":75,"caption":"Manskin.ch - der Schweizer Onlineshop f\u00fcr qualit\u00e4tsstarke M\u00e4nnerpflege"},"image":{"@id":"https:\/\/manskin.ethos-dev.ch\/#\/schema\/logo\/image\/"},"sameAs":["https:\/\/www.facebook.com\/manskin.ch","https:\/\/www.instagram.com\/manskin.ch\/"]}]},"product_price_amount":"17.50","product_price_currency":"CHF","og_availability":"instock","product_availability":"instock","product_retailer_item_id":"14226","product_condition":"new"},"brands":[{"id":2848,"name":"Shakeup","slug":"shakeup"}],"_links":{"self":[{"href":"https:\/\/manskin.ethos-dev.ch\/fr\/wp-json\/wp\/v2\/product\/69170","targetHints":{"allow":["GET"]}}],"collection":[{"href":"https:\/\/manskin.ethos-dev.ch\/fr\/wp-json\/wp\/v2\/product"}],"about":[{"href":"https:\/\/manskin.ethos-dev.ch\/fr\/wp-json\/wp\/v2\/types\/product"}],"replies":[{"embeddable":true,"href":"https:\/\/manskin.ethos-dev.ch\/fr\/wp-json\/wp\/v2\/comments?post=69170"}],"wp:featuredmedia":[{"embeddable":true,"href":"https:\/\/manskin.ethos-dev.ch\/fr\/wp-json\/wp\/v2\/media\/69304"}],"wp:attachment":[{"href":"https:\/\/manskin.ethos-dev.ch\/fr\/wp-json\/wp\/v2\/media?parent=69170"}],"wp:term":[{"taxonomy":"pwb-brand","embeddable":true,"href":"https:\/\/manskin.ethos-dev.ch\/fr\/wp-json\/wp\/v2\/pwb-brand?post=69170"},{"taxonomy":"product_brand","embeddable":true,"href":"https:\/\/manskin.ethos-dev.ch\/fr\/wp-json\/wp\/v2\/product_brand?post=69170"},{"taxonomy":"product_cat","embeddable":true,"href":"https:\/\/manskin.ethos-dev.ch\/fr\/wp-json\/wp\/v2\/product_cat?post=69170"},{"taxonomy":"product_tag","embeddable":true,"href":"https:\/\/manskin.ethos-dev.ch\/fr\/wp-json\/wp\/v2\/product_tag?post=69170"}],"curies":[{"name":"wp","href":"https:\/\/api.w.org\/{rel}","templated":true}]}}