{"id":71856,"date":"2025-03-14T16:23:57","date_gmt":"2025-03-14T15:23:57","guid":{"rendered":"https:\/\/manskin.ethos-dev.ch\/produkt\/muehle-blaireau-de-voyage-chrome\/"},"modified":"2025-04-29T12:14:05","modified_gmt":"2025-04-29T10:14:05","slug":"muehle-blaireau-de-voyage-noir","status":"publish","type":"product","link":"https:\/\/manskin.ethos-dev.ch\/fr\/produkt\/muehle-blaireau-de-voyage-noir\/","title":{"rendered":"M\u00dcHLE &#8211; Blaireau de voyage Silvertip Fibre noir"},"content":{"rendered":"<h2>M&Uuml;HLE &ndash; Pinceau de voyage, avec&nbsp;Silvertip Fibre&reg;, noir<\/h2>\n<ul>\n<li>Blaireau de rasage avec Silvertip Fibre&reg;.<\/li>\n<li>Taille de l&#39;anneau M : 21 mm<\/li>\n<li>Poign&eacute;e en Aluminium<\/li>\n<li>Poids : 41 g<\/li>\n<\/ul>\n<h3><span style=\"color: rgb(243, 156, 18);\">La T&ecirc;te de Pinceau &ndash; Silvertip Fibre&reg;:<\/span><\/h3>\n<div>Silvertip Fibre&reg; &ndash; ces fibres synth&eacute;tiques haut de gamme r&eacute;alis&eacute;es par M&Uuml;HLE sont une innovation mondiale. C&rsquo;est un produit synth&eacute;tique haut de gamme, dont les caract&eacute;ristiques sont identiques &agrave; celles du tr&egrave;s pr&eacute;cieux poil de blaireau pur-argent&eacute;.<\/div>\n<div>&nbsp;<\/div>\n<div>La majorit&eacute; des utilisateurs pense d&rsquo;ailleurs que la qualit&eacute; de ce produit synth&eacute;tique, est encore sup&eacute;rieure &agrave; celle du produit naturel. &ldquo;Silvertip Fibre&reg;&rdquo; dispose d&rsquo;extr&eacute;mit&eacute;s tr&egrave;s souples, mais offre une meilleure rigidit&eacute; sur les parties m&eacute;dianes des poils.<\/div>\n<div>&nbsp;<\/div>\n<div>Ces caract&eacute;ristiques assurent un sentiment de douceur incomparable lors de l&rsquo;application de la mousse sur le visage, sans pour autant manquer de rigidit&eacute; au moment de faire mousser le savon. Au quotidien ces fibres, &eacute;galement mont&eacute;es manuellement, sont moins sensibles que les poils naturels dans la mesure o&ugrave; elles s&egrave;chent plus vite et sont plus r&eacute;sistantes face aux savons ou cr&egrave;mes de rasage.<\/div>\n<div>&nbsp;<\/div>\n<div>De plus cette fibre totalement artificielle est plus facile et &eacute;conome &agrave; utiliser, &eacute;tant donn&eacute; qu&rsquo;elle permet d&rsquo;obtenir une mousse particuli&egrave;rement volumineuse et homog&egrave;ne &agrave; partir d&rsquo;une quantit&eacute; de savon ou de cr&egrave;me nettement plus r&eacute;duite.<\/div>\n","protected":false},"excerpt":{"rendered":"<p>Avec Silvertip Fibre\u00ae synth\u00e9tique<\/p>\n","protected":false},"featured_media":71862,"comment_status":"closed","ping_status":"closed","template":"","meta":{"_acf_changed":false},"pwb-brand":[2769],"product_brand":[],"product_cat":[2911,2412,2425],"product_tag":[],"class_list":{"0":"post-71856","1":"product","2":"type-product","3":"status-publish","4":"has-post-thumbnail","6":"pwb-brand-muehle","7":"product_cat-travel-sport","8":"product_cat-muehle-fr","9":"product_cat-blaireau-new","10":"product_shipping_class-standard-fr","11":"sales-flash-overlay","12":"woocommerce-text-align-center","13":"woocommerce-image-align-center","14":"do-quantity-buttons","15":"has-subscription-plans","17":"first","18":"instock","19":"taxable","20":"shipping-taxable","21":"purchasable","22":"product-type-simple"},"acf":[],"yoast_head":"<!-- This site is optimized with the Yoast SEO Premium plugin v24.8 (Yoast SEO v25.4) - https:\/\/yoast.com\/wordpress\/plugins\/seo\/ -->\n<title>Pinceau de rasage de voyage M\u00fchle | Manskin.ch<\/title>\n<meta name=\"description\" content=\"Le pinceau de rasage de voyage M\u00fchle convainc par sa fibre Silvertip Fibre\u00ae de haute qualit\u00e9. Procure-toi cette qualit\u00e9 premium pour tes d\u00e9placements!\" \/>\n<meta name=\"robots\" content=\"noindex, follow, max-snippet:-1, max-image-preview:large, max-video-preview:-1\" \/>\n<meta property=\"og:locale\" content=\"fr_FR\" \/>\n<meta property=\"og:type\" content=\"article\" \/>\n<meta property=\"og:title\" content=\"M\u00dcHLE - Blaireau de voyage Silvertip Fibre noir\" \/>\n<meta property=\"og:description\" content=\"Le pinceau de rasage de voyage M\u00fchle convainc par sa fibre Silvertip Fibre\u00ae de haute qualit\u00e9. Procure-toi cette qualit\u00e9 premium pour tes d\u00e9placements!\" \/>\n<meta property=\"og:url\" content=\"https:\/\/manskin.ethos-dev.ch\/fr\/produkt\/muehle-blaireau-de-voyage-noir\/\" \/>\n<meta property=\"og:site_name\" content=\"Manskin.ch\" \/>\n<meta property=\"article:publisher\" content=\"https:\/\/www.facebook.com\/manskin.ch\" \/>\n<meta property=\"article:modified_time\" content=\"2025-04-29T10:14:05+00:00\" \/>\n<meta property=\"og:image\" content=\"https:\/\/manskin.ethos-dev.ch\/wp-content\/uploads\/2025\/03\/reise-rasierpinsel-muehle_31m536.jpg\" \/>\n\t<meta property=\"og:image:width\" content=\"1000\" \/>\n\t<meta property=\"og:image:height\" content=\"1000\" \/>\n\t<meta property=\"og:image:type\" content=\"image\/jpeg\" \/>\n<meta name=\"twitter:card\" content=\"summary_large_image\" \/>\n<meta name=\"twitter:label1\" content=\"Prix\" \/>\n\t<meta name=\"twitter:data1\" content=\"43.00&#067;&#072;&#070;\" \/>\n\t<meta name=\"twitter:label2\" content=\"Disponibilit\u00e9\" \/>\n\t<meta name=\"twitter:data2\" content=\"En stock\" \/>\n<script type=\"application\/ld+json\" class=\"yoast-schema-graph\">{\"@context\":\"https:\/\/schema.org\",\"@graph\":[{\"@type\":\"WebPage\",\"@id\":\"https:\/\/manskin.ethos-dev.ch\/fr\/produkt\/muehle-blaireau-de-voyage-noir\/\",\"url\":\"https:\/\/manskin.ethos-dev.ch\/fr\/produkt\/muehle-blaireau-de-voyage-noir\/\",\"name\":\"Pinceau de rasage de voyage M\u00fchle | Manskin.ch\",\"isPartOf\":{\"@id\":\"https:\/\/manskin.ethos-dev.ch\/#website\"},\"primaryImageOfPage\":{\"@id\":\"https:\/\/manskin.ethos-dev.ch\/fr\/produkt\/muehle-blaireau-de-voyage-noir\/#primaryimage\"},\"image\":{\"@id\":\"https:\/\/manskin.ethos-dev.ch\/fr\/produkt\/muehle-blaireau-de-voyage-noir\/#primaryimage\"},\"thumbnailUrl\":\"https:\/\/manskin.ethos-dev.ch\/wp-content\/uploads\/2025\/03\/reise-rasierpinsel-muehle_31m536.jpg\",\"datePublished\":\"2025-03-14T15:23:57+00:00\",\"dateModified\":\"2025-04-29T10:14:05+00:00\",\"description\":\"Le pinceau de rasage de voyage M\u00fchle convainc par sa fibre Silvertip Fibre\u00ae de haute qualit\u00e9. Procure-toi cette qualit\u00e9 premium pour tes d\u00e9placements!\",\"breadcrumb\":{\"@id\":\"https:\/\/manskin.ethos-dev.ch\/fr\/produkt\/muehle-blaireau-de-voyage-noir\/#breadcrumb\"},\"inLanguage\":\"fr-FR\",\"potentialAction\":[{\"@type\":\"ReadAction\",\"target\":[\"https:\/\/manskin.ethos-dev.ch\/fr\/produkt\/muehle-blaireau-de-voyage-noir\/\"]}]},{\"@type\":\"ImageObject\",\"inLanguage\":\"fr-FR\",\"@id\":\"https:\/\/manskin.ethos-dev.ch\/fr\/produkt\/muehle-blaireau-de-voyage-noir\/#primaryimage\",\"url\":\"https:\/\/manskin.ethos-dev.ch\/wp-content\/uploads\/2025\/03\/reise-rasierpinsel-muehle_31m536.jpg\",\"contentUrl\":\"https:\/\/manskin.ethos-dev.ch\/wp-content\/uploads\/2025\/03\/reise-rasierpinsel-muehle_31m536.jpg\",\"width\":1000,\"height\":1000},{\"@type\":\"BreadcrumbList\",\"@id\":\"https:\/\/manskin.ethos-dev.ch\/fr\/produkt\/muehle-blaireau-de-voyage-noir\/#breadcrumb\",\"itemListElement\":[{\"@type\":\"ListItem\",\"position\":1,\"name\":\"Startseite\",\"item\":\"https:\/\/manskin.ethos-dev.ch\/fr\/\"},{\"@type\":\"ListItem\",\"position\":2,\"name\":\"Shop\",\"item\":\"https:\/\/manskin.ethos-dev.ch\/shop\/\"},{\"@type\":\"ListItem\",\"position\":3,\"name\":\"M\u00dcHLE &#8211; Blaireau de voyage Silvertip Fibre noir\"}]},{\"@type\":\"WebSite\",\"@id\":\"https:\/\/manskin.ethos-dev.ch\/#website\",\"url\":\"https:\/\/manskin.ethos-dev.ch\/\",\"name\":\"Manskin.ch\",\"description\":\"Tous les produits de beaut\u00e9 pour les hommes les plus exigeants\",\"publisher\":{\"@id\":\"https:\/\/manskin.ethos-dev.ch\/#organization\"},\"potentialAction\":[{\"@type\":\"SearchAction\",\"target\":{\"@type\":\"EntryPoint\",\"urlTemplate\":\"https:\/\/manskin.ethos-dev.ch\/?s={search_term_string}\"},\"query-input\":{\"@type\":\"PropertyValueSpecification\",\"valueRequired\":true,\"valueName\":\"search_term_string\"}}],\"inLanguage\":\"fr-FR\"},{\"@type\":\"Organization\",\"@id\":\"https:\/\/manskin.ethos-dev.ch\/#organization\",\"name\":\"Manskin.ch - der Schweizer Onlineshop f\u00fcr qualit\u00e4tsstarke M\u00e4nnerpflege\",\"url\":\"https:\/\/manskin.ethos-dev.ch\/\",\"logo\":{\"@type\":\"ImageObject\",\"inLanguage\":\"fr-FR\",\"@id\":\"https:\/\/manskin.ethos-dev.ch\/#\/schema\/logo\/image\/\",\"url\":\"https:\/\/manskin.ethos-dev.ch\/wp-content\/uploads\/2021\/04\/cropped-logo_head.png\",\"contentUrl\":\"https:\/\/manskin.ethos-dev.ch\/wp-content\/uploads\/2021\/04\/cropped-logo_head.png\",\"width\":235,\"height\":75,\"caption\":\"Manskin.ch - der Schweizer Onlineshop f\u00fcr qualit\u00e4tsstarke M\u00e4nnerpflege\"},\"image\":{\"@id\":\"https:\/\/manskin.ethos-dev.ch\/#\/schema\/logo\/image\/\"},\"sameAs\":[\"https:\/\/www.facebook.com\/manskin.ch\",\"https:\/\/www.instagram.com\/manskin.ch\/\"]}]}<\/script>\n<meta property=\"product:price:amount\" content=\"43.00\" \/>\n<meta property=\"product:price:currency\" content=\"CHF\" \/>\n<meta property=\"og:availability\" content=\"instock\" \/>\n<meta property=\"product:availability\" content=\"instock\" \/>\n<meta property=\"product:retailer_item_id\" content=\"14243\" \/>\n<meta property=\"product:condition\" content=\"new\" \/>\n<!-- \/ Yoast SEO Premium plugin. -->","yoast_head_json":{"title":"Pinceau de rasage de voyage M\u00fchle | Manskin.ch","description":"Le pinceau de rasage de voyage M\u00fchle convainc par sa fibre Silvertip Fibre\u00ae de haute qualit\u00e9. Procure-toi cette qualit\u00e9 premium pour tes d\u00e9placements!","robots":{"index":"noindex","follow":"follow","max-snippet":"max-snippet:-1","max-image-preview":"max-image-preview:large","max-video-preview":"max-video-preview:-1"},"og_locale":"fr_FR","og_type":"article","og_title":"M\u00dcHLE - Blaireau de voyage Silvertip Fibre noir","og_description":"Le pinceau de rasage de voyage M\u00fchle convainc par sa fibre Silvertip Fibre\u00ae de haute qualit\u00e9. Procure-toi cette qualit\u00e9 premium pour tes d\u00e9placements!","og_url":"https:\/\/manskin.ethos-dev.ch\/fr\/produkt\/muehle-blaireau-de-voyage-noir\/","og_site_name":"Manskin.ch","article_publisher":"https:\/\/www.facebook.com\/manskin.ch","article_modified_time":"2025-04-29T10:14:05+00:00","og_image":[{"width":1000,"height":1000,"url":"https:\/\/manskin.ethos-dev.ch\/wp-content\/uploads\/2025\/03\/reise-rasierpinsel-muehle_31m536.jpg","type":"image\/jpeg"}],"twitter_card":"summary_large_image","twitter_misc":{"Prix":"43.00&#67;&#72;&#70;","Disponibilit\u00e9":"En stock"},"schema":{"@context":"https:\/\/schema.org","@graph":[{"@type":"WebPage","@id":"https:\/\/manskin.ethos-dev.ch\/fr\/produkt\/muehle-blaireau-de-voyage-noir\/","url":"https:\/\/manskin.ethos-dev.ch\/fr\/produkt\/muehle-blaireau-de-voyage-noir\/","name":"Pinceau de rasage de voyage M\u00fchle | Manskin.ch","isPartOf":{"@id":"https:\/\/manskin.ethos-dev.ch\/#website"},"primaryImageOfPage":{"@id":"https:\/\/manskin.ethos-dev.ch\/fr\/produkt\/muehle-blaireau-de-voyage-noir\/#primaryimage"},"image":{"@id":"https:\/\/manskin.ethos-dev.ch\/fr\/produkt\/muehle-blaireau-de-voyage-noir\/#primaryimage"},"thumbnailUrl":"https:\/\/manskin.ethos-dev.ch\/wp-content\/uploads\/2025\/03\/reise-rasierpinsel-muehle_31m536.jpg","datePublished":"2025-03-14T15:23:57+00:00","dateModified":"2025-04-29T10:14:05+00:00","description":"Le pinceau de rasage de voyage M\u00fchle convainc par sa fibre Silvertip Fibre\u00ae de haute qualit\u00e9. Procure-toi cette qualit\u00e9 premium pour tes d\u00e9placements!","breadcrumb":{"@id":"https:\/\/manskin.ethos-dev.ch\/fr\/produkt\/muehle-blaireau-de-voyage-noir\/#breadcrumb"},"inLanguage":"fr-FR","potentialAction":[{"@type":"ReadAction","target":["https:\/\/manskin.ethos-dev.ch\/fr\/produkt\/muehle-blaireau-de-voyage-noir\/"]}]},{"@type":"ImageObject","inLanguage":"fr-FR","@id":"https:\/\/manskin.ethos-dev.ch\/fr\/produkt\/muehle-blaireau-de-voyage-noir\/#primaryimage","url":"https:\/\/manskin.ethos-dev.ch\/wp-content\/uploads\/2025\/03\/reise-rasierpinsel-muehle_31m536.jpg","contentUrl":"https:\/\/manskin.ethos-dev.ch\/wp-content\/uploads\/2025\/03\/reise-rasierpinsel-muehle_31m536.jpg","width":1000,"height":1000},{"@type":"BreadcrumbList","@id":"https:\/\/manskin.ethos-dev.ch\/fr\/produkt\/muehle-blaireau-de-voyage-noir\/#breadcrumb","itemListElement":[{"@type":"ListItem","position":1,"name":"Startseite","item":"https:\/\/manskin.ethos-dev.ch\/fr\/"},{"@type":"ListItem","position":2,"name":"Shop","item":"https:\/\/manskin.ethos-dev.ch\/shop\/"},{"@type":"ListItem","position":3,"name":"M\u00dcHLE &#8211; Blaireau de voyage Silvertip Fibre noir"}]},{"@type":"WebSite","@id":"https:\/\/manskin.ethos-dev.ch\/#website","url":"https:\/\/manskin.ethos-dev.ch\/","name":"Manskin.ch","description":"Tous les produits de beaut\u00e9 pour les hommes les plus exigeants","publisher":{"@id":"https:\/\/manskin.ethos-dev.ch\/#organization"},"potentialAction":[{"@type":"SearchAction","target":{"@type":"EntryPoint","urlTemplate":"https:\/\/manskin.ethos-dev.ch\/?s={search_term_string}"},"query-input":{"@type":"PropertyValueSpecification","valueRequired":true,"valueName":"search_term_string"}}],"inLanguage":"fr-FR"},{"@type":"Organization","@id":"https:\/\/manskin.ethos-dev.ch\/#organization","name":"Manskin.ch - der Schweizer Onlineshop f\u00fcr qualit\u00e4tsstarke M\u00e4nnerpflege","url":"https:\/\/manskin.ethos-dev.ch\/","logo":{"@type":"ImageObject","inLanguage":"fr-FR","@id":"https:\/\/manskin.ethos-dev.ch\/#\/schema\/logo\/image\/","url":"https:\/\/manskin.ethos-dev.ch\/wp-content\/uploads\/2021\/04\/cropped-logo_head.png","contentUrl":"https:\/\/manskin.ethos-dev.ch\/wp-content\/uploads\/2021\/04\/cropped-logo_head.png","width":235,"height":75,"caption":"Manskin.ch - der Schweizer Onlineshop f\u00fcr qualit\u00e4tsstarke M\u00e4nnerpflege"},"image":{"@id":"https:\/\/manskin.ethos-dev.ch\/#\/schema\/logo\/image\/"},"sameAs":["https:\/\/www.facebook.com\/manskin.ch","https:\/\/www.instagram.com\/manskin.ch\/"]}]},"product_price_amount":"43.00","product_price_currency":"CHF","og_availability":"instock","product_availability":"instock","product_retailer_item_id":"14243","product_condition":"new"},"brands":[{"id":2769,"name":"M\u00dcHLE","slug":"muehle"}],"_links":{"self":[{"href":"https:\/\/manskin.ethos-dev.ch\/fr\/wp-json\/wp\/v2\/product\/71856","targetHints":{"allow":["GET"]}}],"collection":[{"href":"https:\/\/manskin.ethos-dev.ch\/fr\/wp-json\/wp\/v2\/product"}],"about":[{"href":"https:\/\/manskin.ethos-dev.ch\/fr\/wp-json\/wp\/v2\/types\/product"}],"replies":[{"embeddable":true,"href":"https:\/\/manskin.ethos-dev.ch\/fr\/wp-json\/wp\/v2\/comments?post=71856"}],"wp:featuredmedia":[{"embeddable":true,"href":"https:\/\/manskin.ethos-dev.ch\/fr\/wp-json\/wp\/v2\/media\/71862"}],"wp:attachment":[{"href":"https:\/\/manskin.ethos-dev.ch\/fr\/wp-json\/wp\/v2\/media?parent=71856"}],"wp:term":[{"taxonomy":"pwb-brand","embeddable":true,"href":"https:\/\/manskin.ethos-dev.ch\/fr\/wp-json\/wp\/v2\/pwb-brand?post=71856"},{"taxonomy":"product_brand","embeddable":true,"href":"https:\/\/manskin.ethos-dev.ch\/fr\/wp-json\/wp\/v2\/product_brand?post=71856"},{"taxonomy":"product_cat","embeddable":true,"href":"https:\/\/manskin.ethos-dev.ch\/fr\/wp-json\/wp\/v2\/product_cat?post=71856"},{"taxonomy":"product_tag","embeddable":true,"href":"https:\/\/manskin.ethos-dev.ch\/fr\/wp-json\/wp\/v2\/product_tag?post=71856"}],"curies":[{"name":"wp","href":"https:\/\/api.w.org\/{rel}","templated":true}]}}