{"id":71932,"date":"2025-03-16T10:41:36","date_gmt":"2025-03-16T09:41:36","guid":{"rendered":"https:\/\/manskin.ethos-dev.ch\/produkt\/set-rasoir-rocca-r95-en-acier-ecorce-de-bouleau\/"},"modified":"2025-03-16T10:52:25","modified_gmt":"2025-03-16T09:52:25","slug":"muehle-set-rasoir-rocca-acier-noir","status":"publish","type":"product","link":"https:\/\/manskin.ethos-dev.ch\/fr\/produkt\/muehle-set-rasoir-rocca-acier-noir\/","title":{"rendered":"M\u00dcHLE &#8211; Rasoir ROCCA R95 en acier\/noir"},"content":{"rendered":"<h2>M&Uuml;HLE &#8211; Set de rasage ROCCA en acier inoxydable &amp; &eacute;corce de bouleau R95<\/h2>\n<p>Le set de rasage &agrave; trois pi&egrave;ces se compose de:<\/p>\n<ul>\n<li>Blaireau &agrave; pointe d&#39;argent, t&ecirc;te de blaireau interchangeable<\/li>\n<li>Rasoir de s<font face=\"AppleSystemUIFont\"><font face=\"AppleSystemUIFont\">&ucirc;ret&eacute;<\/font><\/font><\/li>\n<li>Manche en acier inoxydable\/noir<\/li>\n<li>Support en acier inoxydable<\/li>\n<\/ul>\n<h3><span style=\"color: rgb(230, 126, 34);\">Rasoir avec&nbsp;peigne ferm&eacute;<\/span><\/h3>\n<ul>\n<li>La plus belle sobri&eacute;t&eacute;, mais aussi la plus masculine : voil&agrave; ce que sont les produits de la ligne ROCCA. Le nom ROCCA (de l&#39;italien pour ch&acirc;teau ou forteresse) fait r&eacute;f&eacute;rence &agrave; des mat&eacute;riaux de qualit&eacute; sup&eacute;rieure et &agrave; une tr&egrave;s longue dur&eacute;e de vie.<\/li>\n<li>Sans fioritures et avec de subtils extras : les rasoirs de la ligne ROCCA ne pourraient pas &ecirc;tre plus masculins et plus clairs. Gr&acirc;ce &agrave; leur forme ergonomique et &agrave; la structure de la surface des manches, ils tiennent parfaitement en main &#8211; les connaisseurs disent qu&#39;ils ont du grip.<\/li>\n<li>Ainsi, un rituel quotidien se transforme jour apr&egrave;s jour en une petite exp&eacute;rience de design.<\/li>\n<\/ul>\n<h3><span style=\"color: rgb(230, 126, 34);\">Blaireau de rasage &agrave; pointe argent&eacute;e<\/span><\/h3>\n<ul>\n<li>Les connaisseurs consid&egrave;rent le poil de blaireau &agrave; pointe d&#39;argent comme le summum : seuls les meilleurs poils de blaireau soigneusement tri&eacute;s sont utilis&eacute;s pour les blaireaux fabriqu&eacute;s enti&egrave;rement &agrave; la main.<\/li>\n<li>Ce pr&eacute;cieux mat&eacute;riau naturel est particuli&egrave;rement doux et flexible. Les poils fins et coniques ont la capacit&eacute; d&#39;absorber beaucoup d&#39;eau et produisent une mousse dense et cr&eacute;meuse.<\/li>\n<li>La t&ecirc;te du pinceau peut &ecirc;tre remplac&eacute;e tr&egrave;s facilement.<\/li>\n<\/ul>\n","protected":false},"excerpt":{"rendered":"<p>Tr\u00e8s beau set de rasage de la meilleure qualit\u00e9<\/p>\n","protected":false},"featured_media":71939,"comment_status":"closed","ping_status":"closed","template":"","meta":{"_acf_changed":false},"pwb-brand":[2769],"product_brand":[],"product_cat":[2412,2422,2425],"product_tag":[],"class_list":{"0":"post-71932","1":"product","2":"type-product","3":"status-publish","4":"has-post-thumbnail","6":"pwb-brand-muehle","7":"product_cat-muehle-fr","8":"product_cat-rasoir-de-suretee","9":"product_cat-blaireau-new","10":"product_shipping_class-standard-fr","11":"sales-flash-overlay","12":"woocommerce-text-align-center","13":"woocommerce-image-align-center","14":"do-quantity-buttons","15":"has-subscription-plans","17":"first","18":"instock","19":"taxable","20":"shipping-taxable","21":"purchasable","22":"product-type-simple"},"acf":[],"yoast_head":"<!-- This site is optimized with the Yoast SEO Premium plugin v24.8 (Yoast SEO v25.4) - https:\/\/yoast.com\/wordpress\/plugins\/seo\/ -->\n<title>Set de rasage Rocca : design \u00e9l\u00e9gant et mat\u00e9riaux robustes | Manskin.ch<\/title>\n<meta name=\"description\" content=\"Pour les hommes qui appr\u00e9cient la meilleure qualit\u00e9 : Le set de rasage ROCCA avec pointe de blaireau argent\u00e9e et rasoir. A commander maintenant chez Manskin.ch.\" \/>\n<meta name=\"robots\" content=\"noindex, follow, max-snippet:-1, max-image-preview:large, max-video-preview:-1\" \/>\n<meta property=\"og:locale\" content=\"fr_FR\" \/>\n<meta property=\"og:type\" content=\"article\" \/>\n<meta property=\"og:title\" content=\"M\u00dcHLE - Rasoir ROCCA R95 en acier\/noir\" \/>\n<meta property=\"og:description\" content=\"Pour les hommes qui appr\u00e9cient la meilleure qualit\u00e9 : Le set de rasage ROCCA avec pointe de blaireau argent\u00e9e et rasoir. A commander maintenant chez Manskin.ch.\" \/>\n<meta property=\"og:url\" content=\"https:\/\/manskin.ethos-dev.ch\/fr\/produkt\/muehle-set-rasoir-rocca-acier-noir\/\" \/>\n<meta property=\"og:site_name\" content=\"Manskin.ch\" \/>\n<meta property=\"article:publisher\" content=\"https:\/\/www.facebook.com\/manskin.ch\" \/>\n<meta property=\"article:modified_time\" content=\"2025-03-16T09:52:25+00:00\" \/>\n<meta property=\"og:image\" content=\"https:\/\/manskin.ethos-dev.ch\/wp-content\/uploads\/2025\/03\/Mhle-Rocca-Rasierset-High-Quality.jpg\" \/>\n\t<meta property=\"og:image:width\" content=\"1000\" \/>\n\t<meta property=\"og:image:height\" content=\"1000\" \/>\n\t<meta property=\"og:image:type\" content=\"image\/jpeg\" \/>\n<meta name=\"twitter:card\" content=\"summary_large_image\" \/>\n<meta name=\"twitter:label1\" content=\"Prix\" \/>\n\t<meta name=\"twitter:data1\" content=\"260.00&#067;&#072;&#070;\" \/>\n\t<meta name=\"twitter:label2\" content=\"Disponibilit\u00e9\" \/>\n\t<meta name=\"twitter:data2\" content=\"En stock\" \/>\n<script type=\"application\/ld+json\" class=\"yoast-schema-graph\">{\"@context\":\"https:\/\/schema.org\",\"@graph\":[{\"@type\":\"WebPage\",\"@id\":\"https:\/\/manskin.ethos-dev.ch\/fr\/produkt\/muehle-set-rasoir-rocca-acier-noir\/\",\"url\":\"https:\/\/manskin.ethos-dev.ch\/fr\/produkt\/muehle-set-rasoir-rocca-acier-noir\/\",\"name\":\"Set de rasage Rocca : design \u00e9l\u00e9gant et mat\u00e9riaux robustes | Manskin.ch\",\"isPartOf\":{\"@id\":\"https:\/\/manskin.ethos-dev.ch\/#website\"},\"primaryImageOfPage\":{\"@id\":\"https:\/\/manskin.ethos-dev.ch\/fr\/produkt\/muehle-set-rasoir-rocca-acier-noir\/#primaryimage\"},\"image\":{\"@id\":\"https:\/\/manskin.ethos-dev.ch\/fr\/produkt\/muehle-set-rasoir-rocca-acier-noir\/#primaryimage\"},\"thumbnailUrl\":\"https:\/\/manskin.ethos-dev.ch\/wp-content\/uploads\/2025\/03\/Mhle-Rocca-Rasierset-High-Quality.jpg\",\"datePublished\":\"2025-03-16T09:41:36+00:00\",\"dateModified\":\"2025-03-16T09:52:25+00:00\",\"description\":\"Pour les hommes qui appr\u00e9cient la meilleure qualit\u00e9 : Le set de rasage ROCCA avec pointe de blaireau argent\u00e9e et rasoir. A commander maintenant chez Manskin.ch.\",\"breadcrumb\":{\"@id\":\"https:\/\/manskin.ethos-dev.ch\/fr\/produkt\/muehle-set-rasoir-rocca-acier-noir\/#breadcrumb\"},\"inLanguage\":\"fr-FR\",\"potentialAction\":[{\"@type\":\"ReadAction\",\"target\":[\"https:\/\/manskin.ethos-dev.ch\/fr\/produkt\/muehle-set-rasoir-rocca-acier-noir\/\"]}]},{\"@type\":\"ImageObject\",\"inLanguage\":\"fr-FR\",\"@id\":\"https:\/\/manskin.ethos-dev.ch\/fr\/produkt\/muehle-set-rasoir-rocca-acier-noir\/#primaryimage\",\"url\":\"https:\/\/manskin.ethos-dev.ch\/wp-content\/uploads\/2025\/03\/Mhle-Rocca-Rasierset-High-Quality.jpg\",\"contentUrl\":\"https:\/\/manskin.ethos-dev.ch\/wp-content\/uploads\/2025\/03\/Mhle-Rocca-Rasierset-High-Quality.jpg\",\"width\":1000,\"height\":1000},{\"@type\":\"BreadcrumbList\",\"@id\":\"https:\/\/manskin.ethos-dev.ch\/fr\/produkt\/muehle-set-rasoir-rocca-acier-noir\/#breadcrumb\",\"itemListElement\":[{\"@type\":\"ListItem\",\"position\":1,\"name\":\"Startseite\",\"item\":\"https:\/\/manskin.ethos-dev.ch\/fr\/\"},{\"@type\":\"ListItem\",\"position\":2,\"name\":\"Shop\",\"item\":\"https:\/\/manskin.ethos-dev.ch\/shop\/\"},{\"@type\":\"ListItem\",\"position\":3,\"name\":\"M\u00dcHLE &#8211; Rasoir ROCCA R95 en acier\/noir\"}]},{\"@type\":\"WebSite\",\"@id\":\"https:\/\/manskin.ethos-dev.ch\/#website\",\"url\":\"https:\/\/manskin.ethos-dev.ch\/\",\"name\":\"Manskin.ch\",\"description\":\"Tous les produits de beaut\u00e9 pour les hommes les plus exigeants\",\"publisher\":{\"@id\":\"https:\/\/manskin.ethos-dev.ch\/#organization\"},\"potentialAction\":[{\"@type\":\"SearchAction\",\"target\":{\"@type\":\"EntryPoint\",\"urlTemplate\":\"https:\/\/manskin.ethos-dev.ch\/?s={search_term_string}\"},\"query-input\":{\"@type\":\"PropertyValueSpecification\",\"valueRequired\":true,\"valueName\":\"search_term_string\"}}],\"inLanguage\":\"fr-FR\"},{\"@type\":\"Organization\",\"@id\":\"https:\/\/manskin.ethos-dev.ch\/#organization\",\"name\":\"Manskin.ch - der Schweizer Onlineshop f\u00fcr qualit\u00e4tsstarke M\u00e4nnerpflege\",\"url\":\"https:\/\/manskin.ethos-dev.ch\/\",\"logo\":{\"@type\":\"ImageObject\",\"inLanguage\":\"fr-FR\",\"@id\":\"https:\/\/manskin.ethos-dev.ch\/#\/schema\/logo\/image\/\",\"url\":\"https:\/\/manskin.ethos-dev.ch\/wp-content\/uploads\/2021\/04\/cropped-logo_head.png\",\"contentUrl\":\"https:\/\/manskin.ethos-dev.ch\/wp-content\/uploads\/2021\/04\/cropped-logo_head.png\",\"width\":235,\"height\":75,\"caption\":\"Manskin.ch - der Schweizer Onlineshop f\u00fcr qualit\u00e4tsstarke M\u00e4nnerpflege\"},\"image\":{\"@id\":\"https:\/\/manskin.ethos-dev.ch\/#\/schema\/logo\/image\/\"},\"sameAs\":[\"https:\/\/www.facebook.com\/manskin.ch\",\"https:\/\/www.instagram.com\/manskin.ch\/\"]}]}<\/script>\n<meta property=\"product:price:amount\" content=\"260.00\" \/>\n<meta property=\"product:price:currency\" content=\"CHF\" \/>\n<meta property=\"og:availability\" content=\"instock\" \/>\n<meta property=\"product:availability\" content=\"instock\" \/>\n<meta property=\"product:retailer_item_id\" content=\"14246\" \/>\n<meta property=\"product:condition\" content=\"new\" \/>\n<!-- \/ Yoast SEO Premium plugin. -->","yoast_head_json":{"title":"Set de rasage Rocca : design \u00e9l\u00e9gant et mat\u00e9riaux robustes | Manskin.ch","description":"Pour les hommes qui appr\u00e9cient la meilleure qualit\u00e9 : Le set de rasage ROCCA avec pointe de blaireau argent\u00e9e et rasoir. A commander maintenant chez Manskin.ch.","robots":{"index":"noindex","follow":"follow","max-snippet":"max-snippet:-1","max-image-preview":"max-image-preview:large","max-video-preview":"max-video-preview:-1"},"og_locale":"fr_FR","og_type":"article","og_title":"M\u00dcHLE - Rasoir ROCCA R95 en acier\/noir","og_description":"Pour les hommes qui appr\u00e9cient la meilleure qualit\u00e9 : Le set de rasage ROCCA avec pointe de blaireau argent\u00e9e et rasoir. A commander maintenant chez Manskin.ch.","og_url":"https:\/\/manskin.ethos-dev.ch\/fr\/produkt\/muehle-set-rasoir-rocca-acier-noir\/","og_site_name":"Manskin.ch","article_publisher":"https:\/\/www.facebook.com\/manskin.ch","article_modified_time":"2025-03-16T09:52:25+00:00","og_image":[{"width":1000,"height":1000,"url":"https:\/\/manskin.ethos-dev.ch\/wp-content\/uploads\/2025\/03\/Mhle-Rocca-Rasierset-High-Quality.jpg","type":"image\/jpeg"}],"twitter_card":"summary_large_image","twitter_misc":{"Prix":"260.00&#67;&#72;&#70;","Disponibilit\u00e9":"En stock"},"schema":{"@context":"https:\/\/schema.org","@graph":[{"@type":"WebPage","@id":"https:\/\/manskin.ethos-dev.ch\/fr\/produkt\/muehle-set-rasoir-rocca-acier-noir\/","url":"https:\/\/manskin.ethos-dev.ch\/fr\/produkt\/muehle-set-rasoir-rocca-acier-noir\/","name":"Set de rasage Rocca : design \u00e9l\u00e9gant et mat\u00e9riaux robustes | Manskin.ch","isPartOf":{"@id":"https:\/\/manskin.ethos-dev.ch\/#website"},"primaryImageOfPage":{"@id":"https:\/\/manskin.ethos-dev.ch\/fr\/produkt\/muehle-set-rasoir-rocca-acier-noir\/#primaryimage"},"image":{"@id":"https:\/\/manskin.ethos-dev.ch\/fr\/produkt\/muehle-set-rasoir-rocca-acier-noir\/#primaryimage"},"thumbnailUrl":"https:\/\/manskin.ethos-dev.ch\/wp-content\/uploads\/2025\/03\/Mhle-Rocca-Rasierset-High-Quality.jpg","datePublished":"2025-03-16T09:41:36+00:00","dateModified":"2025-03-16T09:52:25+00:00","description":"Pour les hommes qui appr\u00e9cient la meilleure qualit\u00e9 : Le set de rasage ROCCA avec pointe de blaireau argent\u00e9e et rasoir. A commander maintenant chez Manskin.ch.","breadcrumb":{"@id":"https:\/\/manskin.ethos-dev.ch\/fr\/produkt\/muehle-set-rasoir-rocca-acier-noir\/#breadcrumb"},"inLanguage":"fr-FR","potentialAction":[{"@type":"ReadAction","target":["https:\/\/manskin.ethos-dev.ch\/fr\/produkt\/muehle-set-rasoir-rocca-acier-noir\/"]}]},{"@type":"ImageObject","inLanguage":"fr-FR","@id":"https:\/\/manskin.ethos-dev.ch\/fr\/produkt\/muehle-set-rasoir-rocca-acier-noir\/#primaryimage","url":"https:\/\/manskin.ethos-dev.ch\/wp-content\/uploads\/2025\/03\/Mhle-Rocca-Rasierset-High-Quality.jpg","contentUrl":"https:\/\/manskin.ethos-dev.ch\/wp-content\/uploads\/2025\/03\/Mhle-Rocca-Rasierset-High-Quality.jpg","width":1000,"height":1000},{"@type":"BreadcrumbList","@id":"https:\/\/manskin.ethos-dev.ch\/fr\/produkt\/muehle-set-rasoir-rocca-acier-noir\/#breadcrumb","itemListElement":[{"@type":"ListItem","position":1,"name":"Startseite","item":"https:\/\/manskin.ethos-dev.ch\/fr\/"},{"@type":"ListItem","position":2,"name":"Shop","item":"https:\/\/manskin.ethos-dev.ch\/shop\/"},{"@type":"ListItem","position":3,"name":"M\u00dcHLE &#8211; Rasoir ROCCA R95 en acier\/noir"}]},{"@type":"WebSite","@id":"https:\/\/manskin.ethos-dev.ch\/#website","url":"https:\/\/manskin.ethos-dev.ch\/","name":"Manskin.ch","description":"Tous les produits de beaut\u00e9 pour les hommes les plus exigeants","publisher":{"@id":"https:\/\/manskin.ethos-dev.ch\/#organization"},"potentialAction":[{"@type":"SearchAction","target":{"@type":"EntryPoint","urlTemplate":"https:\/\/manskin.ethos-dev.ch\/?s={search_term_string}"},"query-input":{"@type":"PropertyValueSpecification","valueRequired":true,"valueName":"search_term_string"}}],"inLanguage":"fr-FR"},{"@type":"Organization","@id":"https:\/\/manskin.ethos-dev.ch\/#organization","name":"Manskin.ch - der Schweizer Onlineshop f\u00fcr qualit\u00e4tsstarke M\u00e4nnerpflege","url":"https:\/\/manskin.ethos-dev.ch\/","logo":{"@type":"ImageObject","inLanguage":"fr-FR","@id":"https:\/\/manskin.ethos-dev.ch\/#\/schema\/logo\/image\/","url":"https:\/\/manskin.ethos-dev.ch\/wp-content\/uploads\/2021\/04\/cropped-logo_head.png","contentUrl":"https:\/\/manskin.ethos-dev.ch\/wp-content\/uploads\/2021\/04\/cropped-logo_head.png","width":235,"height":75,"caption":"Manskin.ch - der Schweizer Onlineshop f\u00fcr qualit\u00e4tsstarke M\u00e4nnerpflege"},"image":{"@id":"https:\/\/manskin.ethos-dev.ch\/#\/schema\/logo\/image\/"},"sameAs":["https:\/\/www.facebook.com\/manskin.ch","https:\/\/www.instagram.com\/manskin.ch\/"]}]},"product_price_amount":"260.00","product_price_currency":"CHF","og_availability":"instock","product_availability":"instock","product_retailer_item_id":"14246","product_condition":"new"},"brands":[{"id":2769,"name":"M\u00dcHLE","slug":"muehle"}],"_links":{"self":[{"href":"https:\/\/manskin.ethos-dev.ch\/fr\/wp-json\/wp\/v2\/product\/71932","targetHints":{"allow":["GET"]}}],"collection":[{"href":"https:\/\/manskin.ethos-dev.ch\/fr\/wp-json\/wp\/v2\/product"}],"about":[{"href":"https:\/\/manskin.ethos-dev.ch\/fr\/wp-json\/wp\/v2\/types\/product"}],"replies":[{"embeddable":true,"href":"https:\/\/manskin.ethos-dev.ch\/fr\/wp-json\/wp\/v2\/comments?post=71932"}],"wp:featuredmedia":[{"embeddable":true,"href":"https:\/\/manskin.ethos-dev.ch\/fr\/wp-json\/wp\/v2\/media\/71939"}],"wp:attachment":[{"href":"https:\/\/manskin.ethos-dev.ch\/fr\/wp-json\/wp\/v2\/media?parent=71932"}],"wp:term":[{"taxonomy":"pwb-brand","embeddable":true,"href":"https:\/\/manskin.ethos-dev.ch\/fr\/wp-json\/wp\/v2\/pwb-brand?post=71932"},{"taxonomy":"product_brand","embeddable":true,"href":"https:\/\/manskin.ethos-dev.ch\/fr\/wp-json\/wp\/v2\/product_brand?post=71932"},{"taxonomy":"product_cat","embeddable":true,"href":"https:\/\/manskin.ethos-dev.ch\/fr\/wp-json\/wp\/v2\/product_cat?post=71932"},{"taxonomy":"product_tag","embeddable":true,"href":"https:\/\/manskin.ethos-dev.ch\/fr\/wp-json\/wp\/v2\/product_tag?post=71932"}],"curies":[{"name":"wp","href":"https:\/\/api.w.org\/{rel}","templated":true}]}}