{"id":71956,"date":"2025-03-16T13:45:58","date_gmt":"2025-03-16T12:45:58","guid":{"rendered":"https:\/\/manskin.ethos-dev.ch\/produkt\/salt-and-stone-body-mist-bergamot-hinoki-3\/"},"modified":"2025-04-29T22:22:47","modified_gmt":"2025-04-29T20:22:47","slug":"salt-and-stone-body-mist-black-rose-oud","status":"publish","type":"product","link":"https:\/\/manskin.ethos-dev.ch\/fr\/produkt\/salt-and-stone-body-mist-black-rose-oud\/","title":{"rendered":"Salt &amp; Stone &#8211; Body Mist Black Rose &amp; Oud"},"content":{"rendered":"<h2>Salt &amp; Stone &#8211; Body Mist&nbsp;Black Rose &amp; Oud Spray pour le Corps<\/h2>\n<ul>\n<li>Ce spray corporel nourrissant est si doux qu&#39;il peut &ecirc;tre port&eacute; sur chaque centim&egrave;tre de peau.<\/li>\n<li>Chaque vaporisation contient une d&eacute;licate couche de glyc&eacute;rine et d&#39;algues rouges qui hydratent, tandis que le parfum caract&eacute;ristique de Salt &amp; Stone dure longtemps.<\/li>\n<li>Combine-le avec un d&eacute;odorant et une lotion corporelle assortis pour renforcer ton parfum ou porte-le seul pour un parfum d&eacute;licat et rafra&icirc;chissant.<\/li>\n<li>Vaporise le Body Mist sur ton corps, les v&ecirc;tements ou les cheveux et laisse une trace irr&eacute;sistible.<\/li>\n<\/ul>\n<p>Ingr&eacute;dients cl&eacute;s:<\/p>\n<ul>\n<li>Algue rouge : am&eacute;liore l&#39;hydratation et rend la peau plus ferme.<\/li>\n<li>Glyc&eacute;rine : Augmente le taux d&#39;hydratation de la peau et aide &agrave; soulager la s&eacute;cheresse et &agrave; rafra&icirc;chir.<\/li>\n<\/ul>\n<p>Parfum Black Rose &amp; Oud: des bouquets de roses noires et de lys s&#39;&eacute;panouissent et d&eacute;vorent tes sens. Des rayons chauds cr&eacute;pitent. Rafra&icirc;chissants. Puissants. Sensuellement, en plus. Une vague de oud profond et chaud rencontre le v&eacute;tiver frais. Le clou de girofle et l&#39;ambre r&eacute;veillent les souvenirs oubli&eacute;s pour finalement flotter sur le bois de c&egrave;dre bois&eacute;.<\/p>\n<p>\nContenu 100 ml.<\/p>\n","protected":false},"excerpt":{"rendered":"<p>Salt &amp; Stone &#8211; Body Mist&nbsp;Black Rose &amp; Oud Spray pour le Corps Ce spray corporel nourrissant est si doux qu&#39;il peut &ecirc;tre port&eacute; sur chaque centim&egrave;tre de peau. Chaque vaporisation contient une d&eacute;licate couche de glyc&eacute;rine et d&#39;algues rouges qui hydratent, tandis que le parfum caract&eacute;ristique de Salt &amp; Stone dure longtemps. Combine-le avec &#8230; <a title=\"Salt &amp; Stone &#8211; Body Mist Black Rose &amp; Oud\" class=\"read-more\" href=\"https:\/\/manskin.ethos-dev.ch\/fr\/produkt\/salt-and-stone-body-mist-black-rose-oud\/\" aria-label=\"En savoir plus sur Salt &amp; Stone &#8211; Body Mist Black Rose &amp; Oud\">Lire la suite<\/a><\/p>\n","protected":false},"featured_media":71975,"comment_status":"closed","ping_status":"closed","template":"","meta":{"_acf_changed":false},"pwb-brand":[2780],"product_brand":[],"product_cat":[2800,2392],"product_tag":[],"class_list":{"0":"post-71956","1":"product","2":"type-product","3":"status-publish","4":"has-post-thumbnail","6":"pwb-brand-salt-stone","7":"product_cat-parfum","8":"product_cat-salt-stone-fr","9":"product_shipping_class-standard-fr","10":"sales-flash-overlay","11":"woocommerce-text-align-center","12":"woocommerce-image-align-center","13":"do-quantity-buttons","14":"has-subscription-plans","16":"first","17":"instock","18":"taxable","19":"shipping-taxable","20":"purchasable","21":"product-type-simple"},"acf":[],"yoast_head":"<!-- This site is optimized with the Yoast SEO Premium plugin v24.8 (Yoast SEO v25.4) - https:\/\/yoast.com\/wordpress\/plugins\/seo\/ -->\n<title>Salt &amp; Stone - Body Mist Black Rose &amp; Oud | commander en ligne maintenant<\/title>\n<meta name=\"description\" content=\"Salt &amp; Stone - Body Mist Black Rose &amp; Oud\" \/>\n<meta name=\"robots\" content=\"noindex, follow, max-snippet:-1, max-image-preview:large, max-video-preview:-1\" \/>\n<meta property=\"og:locale\" content=\"fr_FR\" \/>\n<meta property=\"og:type\" content=\"article\" \/>\n<meta property=\"og:title\" content=\"Salt &amp; Stone - Body Mist Black Rose &amp; Oud\" \/>\n<meta property=\"og:description\" content=\"Salt &amp; Stone - Body Mist Black Rose &amp; Oud\" \/>\n<meta property=\"og:url\" content=\"https:\/\/manskin.ethos-dev.ch\/fr\/produkt\/salt-and-stone-body-mist-black-rose-oud\/\" \/>\n<meta property=\"og:site_name\" content=\"Manskin.ch\" \/>\n<meta property=\"article:publisher\" content=\"https:\/\/www.facebook.com\/manskin.ch\" \/>\n<meta property=\"article:modified_time\" content=\"2025-04-29T20:22:47+00:00\" \/>\n<meta property=\"og:image\" content=\"https:\/\/manskin.ethos-dev.ch\/wp-content\/uploads\/2025\/03\/Salt-Stone-Black-Rose-Body-Mist-High-Quality.webp\" \/>\n\t<meta property=\"og:image:width\" content=\"1000\" \/>\n\t<meta property=\"og:image:height\" content=\"1000\" \/>\n\t<meta property=\"og:image:type\" content=\"image\/webp\" \/>\n<meta name=\"twitter:card\" content=\"summary_large_image\" \/>\n<meta name=\"twitter:label1\" content=\"Prix\" \/>\n\t<meta name=\"twitter:data1\" content=\"55.00&#067;&#072;&#070;\" \/>\n\t<meta name=\"twitter:label2\" content=\"Disponibilit\u00e9\" \/>\n\t<meta name=\"twitter:data2\" content=\"En stock\" \/>\n<script type=\"application\/ld+json\" class=\"yoast-schema-graph\">{\"@context\":\"https:\/\/schema.org\",\"@graph\":[{\"@type\":\"WebPage\",\"@id\":\"https:\/\/manskin.ethos-dev.ch\/fr\/produkt\/salt-and-stone-body-mist-black-rose-oud\/\",\"url\":\"https:\/\/manskin.ethos-dev.ch\/fr\/produkt\/salt-and-stone-body-mist-black-rose-oud\/\",\"name\":\"Salt &amp; Stone - Body Mist Black Rose &amp; Oud | commander en ligne maintenant\",\"isPartOf\":{\"@id\":\"https:\/\/manskin.ethos-dev.ch\/#website\"},\"primaryImageOfPage\":{\"@id\":\"https:\/\/manskin.ethos-dev.ch\/fr\/produkt\/salt-and-stone-body-mist-black-rose-oud\/#primaryimage\"},\"image\":{\"@id\":\"https:\/\/manskin.ethos-dev.ch\/fr\/produkt\/salt-and-stone-body-mist-black-rose-oud\/#primaryimage\"},\"thumbnailUrl\":\"https:\/\/manskin.ethos-dev.ch\/wp-content\/uploads\/2025\/03\/Salt-Stone-Black-Rose-Body-Mist-High-Quality.webp\",\"datePublished\":\"2025-03-16T12:45:58+00:00\",\"dateModified\":\"2025-04-29T20:22:47+00:00\",\"description\":\"Salt &amp; Stone - Body Mist Black Rose &amp; Oud\",\"breadcrumb\":{\"@id\":\"https:\/\/manskin.ethos-dev.ch\/fr\/produkt\/salt-and-stone-body-mist-black-rose-oud\/#breadcrumb\"},\"inLanguage\":\"fr-FR\",\"potentialAction\":[{\"@type\":\"ReadAction\",\"target\":[\"https:\/\/manskin.ethos-dev.ch\/fr\/produkt\/salt-and-stone-body-mist-black-rose-oud\/\"]}]},{\"@type\":\"ImageObject\",\"inLanguage\":\"fr-FR\",\"@id\":\"https:\/\/manskin.ethos-dev.ch\/fr\/produkt\/salt-and-stone-body-mist-black-rose-oud\/#primaryimage\",\"url\":\"https:\/\/manskin.ethos-dev.ch\/wp-content\/uploads\/2025\/03\/Salt-Stone-Black-Rose-Body-Mist-High-Quality.webp\",\"contentUrl\":\"https:\/\/manskin.ethos-dev.ch\/wp-content\/uploads\/2025\/03\/Salt-Stone-Black-Rose-Body-Mist-High-Quality.webp\",\"width\":1000,\"height\":1000},{\"@type\":\"BreadcrumbList\",\"@id\":\"https:\/\/manskin.ethos-dev.ch\/fr\/produkt\/salt-and-stone-body-mist-black-rose-oud\/#breadcrumb\",\"itemListElement\":[{\"@type\":\"ListItem\",\"position\":1,\"name\":\"Startseite\",\"item\":\"https:\/\/manskin.ethos-dev.ch\/fr\/\"},{\"@type\":\"ListItem\",\"position\":2,\"name\":\"Shop\",\"item\":\"https:\/\/manskin.ethos-dev.ch\/shop\/\"},{\"@type\":\"ListItem\",\"position\":3,\"name\":\"Salt &amp; Stone &#8211; Body Mist Black Rose &amp; Oud\"}]},{\"@type\":\"WebSite\",\"@id\":\"https:\/\/manskin.ethos-dev.ch\/#website\",\"url\":\"https:\/\/manskin.ethos-dev.ch\/\",\"name\":\"Manskin.ch\",\"description\":\"Tous les produits de beaut\u00e9 pour les hommes les plus exigeants\",\"publisher\":{\"@id\":\"https:\/\/manskin.ethos-dev.ch\/#organization\"},\"potentialAction\":[{\"@type\":\"SearchAction\",\"target\":{\"@type\":\"EntryPoint\",\"urlTemplate\":\"https:\/\/manskin.ethos-dev.ch\/?s={search_term_string}\"},\"query-input\":{\"@type\":\"PropertyValueSpecification\",\"valueRequired\":true,\"valueName\":\"search_term_string\"}}],\"inLanguage\":\"fr-FR\"},{\"@type\":\"Organization\",\"@id\":\"https:\/\/manskin.ethos-dev.ch\/#organization\",\"name\":\"Manskin.ch - der Schweizer Onlineshop f\u00fcr qualit\u00e4tsstarke M\u00e4nnerpflege\",\"url\":\"https:\/\/manskin.ethos-dev.ch\/\",\"logo\":{\"@type\":\"ImageObject\",\"inLanguage\":\"fr-FR\",\"@id\":\"https:\/\/manskin.ethos-dev.ch\/#\/schema\/logo\/image\/\",\"url\":\"https:\/\/manskin.ethos-dev.ch\/wp-content\/uploads\/2021\/04\/cropped-logo_head.png\",\"contentUrl\":\"https:\/\/manskin.ethos-dev.ch\/wp-content\/uploads\/2021\/04\/cropped-logo_head.png\",\"width\":235,\"height\":75,\"caption\":\"Manskin.ch - der Schweizer Onlineshop f\u00fcr qualit\u00e4tsstarke M\u00e4nnerpflege\"},\"image\":{\"@id\":\"https:\/\/manskin.ethos-dev.ch\/#\/schema\/logo\/image\/\"},\"sameAs\":[\"https:\/\/www.facebook.com\/manskin.ch\",\"https:\/\/www.instagram.com\/manskin.ch\/\"]}]}<\/script>\n<meta property=\"product:price:amount\" content=\"55.00\" \/>\n<meta property=\"product:price:currency\" content=\"CHF\" \/>\n<meta property=\"og:availability\" content=\"instock\" \/>\n<meta property=\"product:availability\" content=\"instock\" \/>\n<meta property=\"product:retailer_item_id\" content=\"14249\" \/>\n<meta property=\"product:condition\" content=\"new\" \/>\n<!-- \/ Yoast SEO Premium plugin. -->","yoast_head_json":{"title":"Salt &amp; Stone - Body Mist Black Rose &amp; Oud | commander en ligne maintenant","description":"Salt &amp; Stone - Body Mist Black Rose &amp; Oud","robots":{"index":"noindex","follow":"follow","max-snippet":"max-snippet:-1","max-image-preview":"max-image-preview:large","max-video-preview":"max-video-preview:-1"},"og_locale":"fr_FR","og_type":"article","og_title":"Salt &amp; Stone - Body Mist Black Rose &amp; Oud","og_description":"Salt &amp; Stone - Body Mist Black Rose &amp; Oud","og_url":"https:\/\/manskin.ethos-dev.ch\/fr\/produkt\/salt-and-stone-body-mist-black-rose-oud\/","og_site_name":"Manskin.ch","article_publisher":"https:\/\/www.facebook.com\/manskin.ch","article_modified_time":"2025-04-29T20:22:47+00:00","og_image":[{"width":1000,"height":1000,"url":"https:\/\/manskin.ethos-dev.ch\/wp-content\/uploads\/2025\/03\/Salt-Stone-Black-Rose-Body-Mist-High-Quality.webp","type":"image\/webp"}],"twitter_card":"summary_large_image","twitter_misc":{"Prix":"55.00&#67;&#72;&#70;","Disponibilit\u00e9":"En stock"},"schema":{"@context":"https:\/\/schema.org","@graph":[{"@type":"WebPage","@id":"https:\/\/manskin.ethos-dev.ch\/fr\/produkt\/salt-and-stone-body-mist-black-rose-oud\/","url":"https:\/\/manskin.ethos-dev.ch\/fr\/produkt\/salt-and-stone-body-mist-black-rose-oud\/","name":"Salt &amp; Stone - Body Mist Black Rose &amp; Oud | commander en ligne maintenant","isPartOf":{"@id":"https:\/\/manskin.ethos-dev.ch\/#website"},"primaryImageOfPage":{"@id":"https:\/\/manskin.ethos-dev.ch\/fr\/produkt\/salt-and-stone-body-mist-black-rose-oud\/#primaryimage"},"image":{"@id":"https:\/\/manskin.ethos-dev.ch\/fr\/produkt\/salt-and-stone-body-mist-black-rose-oud\/#primaryimage"},"thumbnailUrl":"https:\/\/manskin.ethos-dev.ch\/wp-content\/uploads\/2025\/03\/Salt-Stone-Black-Rose-Body-Mist-High-Quality.webp","datePublished":"2025-03-16T12:45:58+00:00","dateModified":"2025-04-29T20:22:47+00:00","description":"Salt &amp; Stone - Body Mist Black Rose &amp; Oud","breadcrumb":{"@id":"https:\/\/manskin.ethos-dev.ch\/fr\/produkt\/salt-and-stone-body-mist-black-rose-oud\/#breadcrumb"},"inLanguage":"fr-FR","potentialAction":[{"@type":"ReadAction","target":["https:\/\/manskin.ethos-dev.ch\/fr\/produkt\/salt-and-stone-body-mist-black-rose-oud\/"]}]},{"@type":"ImageObject","inLanguage":"fr-FR","@id":"https:\/\/manskin.ethos-dev.ch\/fr\/produkt\/salt-and-stone-body-mist-black-rose-oud\/#primaryimage","url":"https:\/\/manskin.ethos-dev.ch\/wp-content\/uploads\/2025\/03\/Salt-Stone-Black-Rose-Body-Mist-High-Quality.webp","contentUrl":"https:\/\/manskin.ethos-dev.ch\/wp-content\/uploads\/2025\/03\/Salt-Stone-Black-Rose-Body-Mist-High-Quality.webp","width":1000,"height":1000},{"@type":"BreadcrumbList","@id":"https:\/\/manskin.ethos-dev.ch\/fr\/produkt\/salt-and-stone-body-mist-black-rose-oud\/#breadcrumb","itemListElement":[{"@type":"ListItem","position":1,"name":"Startseite","item":"https:\/\/manskin.ethos-dev.ch\/fr\/"},{"@type":"ListItem","position":2,"name":"Shop","item":"https:\/\/manskin.ethos-dev.ch\/shop\/"},{"@type":"ListItem","position":3,"name":"Salt &amp; Stone &#8211; Body Mist Black Rose &amp; Oud"}]},{"@type":"WebSite","@id":"https:\/\/manskin.ethos-dev.ch\/#website","url":"https:\/\/manskin.ethos-dev.ch\/","name":"Manskin.ch","description":"Tous les produits de beaut\u00e9 pour les hommes les plus exigeants","publisher":{"@id":"https:\/\/manskin.ethos-dev.ch\/#organization"},"potentialAction":[{"@type":"SearchAction","target":{"@type":"EntryPoint","urlTemplate":"https:\/\/manskin.ethos-dev.ch\/?s={search_term_string}"},"query-input":{"@type":"PropertyValueSpecification","valueRequired":true,"valueName":"search_term_string"}}],"inLanguage":"fr-FR"},{"@type":"Organization","@id":"https:\/\/manskin.ethos-dev.ch\/#organization","name":"Manskin.ch - der Schweizer Onlineshop f\u00fcr qualit\u00e4tsstarke M\u00e4nnerpflege","url":"https:\/\/manskin.ethos-dev.ch\/","logo":{"@type":"ImageObject","inLanguage":"fr-FR","@id":"https:\/\/manskin.ethos-dev.ch\/#\/schema\/logo\/image\/","url":"https:\/\/manskin.ethos-dev.ch\/wp-content\/uploads\/2021\/04\/cropped-logo_head.png","contentUrl":"https:\/\/manskin.ethos-dev.ch\/wp-content\/uploads\/2021\/04\/cropped-logo_head.png","width":235,"height":75,"caption":"Manskin.ch - der Schweizer Onlineshop f\u00fcr qualit\u00e4tsstarke M\u00e4nnerpflege"},"image":{"@id":"https:\/\/manskin.ethos-dev.ch\/#\/schema\/logo\/image\/"},"sameAs":["https:\/\/www.facebook.com\/manskin.ch","https:\/\/www.instagram.com\/manskin.ch\/"]}]},"product_price_amount":"55.00","product_price_currency":"CHF","og_availability":"instock","product_availability":"instock","product_retailer_item_id":"14249","product_condition":"new"},"brands":[{"id":2780,"name":"Salt &amp; Stone","slug":"salt-stone"}],"_links":{"self":[{"href":"https:\/\/manskin.ethos-dev.ch\/fr\/wp-json\/wp\/v2\/product\/71956","targetHints":{"allow":["GET"]}}],"collection":[{"href":"https:\/\/manskin.ethos-dev.ch\/fr\/wp-json\/wp\/v2\/product"}],"about":[{"href":"https:\/\/manskin.ethos-dev.ch\/fr\/wp-json\/wp\/v2\/types\/product"}],"replies":[{"embeddable":true,"href":"https:\/\/manskin.ethos-dev.ch\/fr\/wp-json\/wp\/v2\/comments?post=71956"}],"wp:featuredmedia":[{"embeddable":true,"href":"https:\/\/manskin.ethos-dev.ch\/fr\/wp-json\/wp\/v2\/media\/71975"}],"wp:attachment":[{"href":"https:\/\/manskin.ethos-dev.ch\/fr\/wp-json\/wp\/v2\/media?parent=71956"}],"wp:term":[{"taxonomy":"pwb-brand","embeddable":true,"href":"https:\/\/manskin.ethos-dev.ch\/fr\/wp-json\/wp\/v2\/pwb-brand?post=71956"},{"taxonomy":"product_brand","embeddable":true,"href":"https:\/\/manskin.ethos-dev.ch\/fr\/wp-json\/wp\/v2\/product_brand?post=71956"},{"taxonomy":"product_cat","embeddable":true,"href":"https:\/\/manskin.ethos-dev.ch\/fr\/wp-json\/wp\/v2\/product_cat?post=71956"},{"taxonomy":"product_tag","embeddable":true,"href":"https:\/\/manskin.ethos-dev.ch\/fr\/wp-json\/wp\/v2\/product_tag?post=71956"}],"curies":[{"name":"wp","href":"https:\/\/api.w.org\/{rel}","templated":true}]}}