{"id":72131,"date":"2025-03-19T13:22:37","date_gmt":"2025-03-19T12:22:37","guid":{"rendered":"https:\/\/manskin.ethos-dev.ch\/produkt\/salt-stone-deo-santal-vetiver-3\/"},"modified":"2025-04-26T17:54:55","modified_gmt":"2025-04-26T15:54:55","slug":"salt-stone-deo-saffron-cedar","status":"publish","type":"product","link":"https:\/\/manskin.ethos-dev.ch\/fr\/produkt\/salt-stone-deo-saffron-cedar\/","title":{"rendered":"Salt &amp; Stone &#8211; Natural Deodorant Saffron &amp; Cedar Extra Strength"},"content":{"rendered":"<h2>Salt &amp; Stone &#8211; Natural Deodorant Saffron &amp; Cedar Extra Strength<\/h2>\n<ul>\n<li>Ce d&eacute;odorant prim&eacute; prot&egrave;ge pendant 48 heures.<\/li>\n<li>Les extraits d&#39;algues et l&#39;acide hyaluronique hydratent la peau, tandis que les probiotiques aident &agrave; neutraliser l&#39;odeur.<\/li>\n<li>Fabriqu&eacute; sans aluminium, sans parab&egrave;nes et sans phtalates.<\/li>\n<\/ul>\n<p>Parfum: le sel danse dans la brise, l&agrave; o&ugrave; la mer rencontre les montagnes. Pluie fra&icirc;che sur un sol chaud. Bois de c&egrave;dre bois&eacute;. Cire de surf. Une vague de nostalgie vous frappe lorsque vous vous d&eacute;placez le long de la c&ocirc;te du Pacifique, et la vie est simple.<\/p>\n<p>Notes :<\/p>\n<ul>\n<li>Notes de t&ecirc;te &#8211; safran, n&eacute;roli<\/li>\n<li>C&oelig;ur &#8211; jasmin, mousse de ch&ecirc;ne, cire de surf<\/li>\n<li>Base &#8211; canne &agrave; sucre, bois de c&egrave;dre<\/li>\n<\/ul>\n<p>Contenu 75 gr.<\/p>\n","protected":false},"excerpt":{"rendered":"<p>D\u00e9odorant unisexe 100% naturel<\/p>\n","protected":false},"featured_media":72136,"comment_status":"closed","ping_status":"closed","template":"","meta":{"_acf_changed":false},"pwb-brand":[2780],"product_brand":[],"product_cat":[2358,2392],"product_tag":[],"class_list":{"0":"post-72131","1":"product","2":"type-product","3":"status-publish","4":"has-post-thumbnail","6":"pwb-brand-salt-stone","7":"product_cat-edt-deo","8":"product_cat-salt-stone-fr","9":"product_shipping_class-standard-fr","10":"sales-flash-overlay","11":"woocommerce-text-align-center","12":"woocommerce-image-align-center","13":"do-quantity-buttons","14":"has-subscription-plans","16":"first","17":"instock","18":"taxable","19":"shipping-taxable","20":"purchasable","21":"product-type-simple"},"acf":[],"yoast_head":"<!-- This site is optimized with the Yoast SEO Premium plugin v24.8 (Yoast SEO v25.4) - https:\/\/yoast.com\/wordpress\/plugins\/seo\/ -->\n<title>Salt &amp; Stone Saffron &amp; Cedar Natural Deo | chez Manskin.ch.<\/title>\n<meta name=\"description\" content=\"Les huiles essentielles et les extraits v\u00e9g\u00e9taux assurent une fra\u00eecheur durable, combattent les bact\u00e9ries et garantissent 48h de protection.\" \/>\n<meta name=\"robots\" content=\"noindex, follow, max-snippet:-1, max-image-preview:large, max-video-preview:-1\" \/>\n<meta property=\"og:locale\" content=\"fr_FR\" \/>\n<meta property=\"og:type\" content=\"article\" \/>\n<meta property=\"og:title\" content=\"Salt &amp; Stone - Natural Deodorant Saffron &amp; Cedar Extra Strength\" \/>\n<meta property=\"og:description\" content=\"Les huiles essentielles et les extraits v\u00e9g\u00e9taux assurent une fra\u00eecheur durable, combattent les bact\u00e9ries et garantissent 48h de protection.\" \/>\n<meta property=\"og:url\" content=\"https:\/\/manskin.ethos-dev.ch\/fr\/produkt\/salt-stone-deo-saffron-cedar\/\" \/>\n<meta property=\"og:site_name\" content=\"Manskin.ch\" \/>\n<meta property=\"article:publisher\" content=\"https:\/\/www.facebook.com\/manskin.ch\" \/>\n<meta property=\"article:modified_time\" content=\"2025-04-26T15:54:55+00:00\" \/>\n<meta property=\"og:image\" content=\"https:\/\/manskin.ethos-dev.ch\/wp-content\/uploads\/2025\/03\/Deo-Saffron-Cedar-High-Quality.webp\" \/>\n\t<meta property=\"og:image:width\" content=\"1000\" \/>\n\t<meta property=\"og:image:height\" content=\"1000\" \/>\n\t<meta property=\"og:image:type\" content=\"image\/webp\" \/>\n<meta name=\"twitter:card\" content=\"summary_large_image\" \/>\n<meta name=\"twitter:label1\" content=\"Prix\" \/>\n\t<meta name=\"twitter:data1\" content=\"25.90&#067;&#072;&#070;\" \/>\n\t<meta name=\"twitter:label2\" content=\"Disponibilit\u00e9\" \/>\n\t<meta name=\"twitter:data2\" content=\"En stock\" \/>\n<script type=\"application\/ld+json\" class=\"yoast-schema-graph\">{\"@context\":\"https:\/\/schema.org\",\"@graph\":[{\"@type\":\"WebPage\",\"@id\":\"https:\/\/manskin.ethos-dev.ch\/fr\/produkt\/salt-stone-deo-saffron-cedar\/\",\"url\":\"https:\/\/manskin.ethos-dev.ch\/fr\/produkt\/salt-stone-deo-saffron-cedar\/\",\"name\":\"Salt & Stone Saffron & Cedar Natural Deo | chez Manskin.ch.\",\"isPartOf\":{\"@id\":\"https:\/\/manskin.ethos-dev.ch\/#website\"},\"primaryImageOfPage\":{\"@id\":\"https:\/\/manskin.ethos-dev.ch\/fr\/produkt\/salt-stone-deo-saffron-cedar\/#primaryimage\"},\"image\":{\"@id\":\"https:\/\/manskin.ethos-dev.ch\/fr\/produkt\/salt-stone-deo-saffron-cedar\/#primaryimage\"},\"thumbnailUrl\":\"https:\/\/manskin.ethos-dev.ch\/wp-content\/uploads\/2025\/03\/Deo-Saffron-Cedar-High-Quality.webp\",\"datePublished\":\"2025-03-19T12:22:37+00:00\",\"dateModified\":\"2025-04-26T15:54:55+00:00\",\"description\":\"Les huiles essentielles et les extraits v\u00e9g\u00e9taux assurent une fra\u00eecheur durable, combattent les bact\u00e9ries et garantissent 48h de protection.\",\"breadcrumb\":{\"@id\":\"https:\/\/manskin.ethos-dev.ch\/fr\/produkt\/salt-stone-deo-saffron-cedar\/#breadcrumb\"},\"inLanguage\":\"fr-FR\",\"potentialAction\":[{\"@type\":\"ReadAction\",\"target\":[\"https:\/\/manskin.ethos-dev.ch\/fr\/produkt\/salt-stone-deo-saffron-cedar\/\"]}]},{\"@type\":\"ImageObject\",\"inLanguage\":\"fr-FR\",\"@id\":\"https:\/\/manskin.ethos-dev.ch\/fr\/produkt\/salt-stone-deo-saffron-cedar\/#primaryimage\",\"url\":\"https:\/\/manskin.ethos-dev.ch\/wp-content\/uploads\/2025\/03\/Deo-Saffron-Cedar-High-Quality.webp\",\"contentUrl\":\"https:\/\/manskin.ethos-dev.ch\/wp-content\/uploads\/2025\/03\/Deo-Saffron-Cedar-High-Quality.webp\",\"width\":1000,\"height\":1000},{\"@type\":\"BreadcrumbList\",\"@id\":\"https:\/\/manskin.ethos-dev.ch\/fr\/produkt\/salt-stone-deo-saffron-cedar\/#breadcrumb\",\"itemListElement\":[{\"@type\":\"ListItem\",\"position\":1,\"name\":\"Startseite\",\"item\":\"https:\/\/manskin.ethos-dev.ch\/fr\/\"},{\"@type\":\"ListItem\",\"position\":2,\"name\":\"Shop\",\"item\":\"https:\/\/manskin.ethos-dev.ch\/shop\/\"},{\"@type\":\"ListItem\",\"position\":3,\"name\":\"Salt &amp; Stone &#8211; Natural Deodorant Saffron &amp; Cedar Extra Strength\"}]},{\"@type\":\"WebSite\",\"@id\":\"https:\/\/manskin.ethos-dev.ch\/#website\",\"url\":\"https:\/\/manskin.ethos-dev.ch\/\",\"name\":\"Manskin.ch\",\"description\":\"Tous les produits de beaut\u00e9 pour les hommes les plus exigeants\",\"publisher\":{\"@id\":\"https:\/\/manskin.ethos-dev.ch\/#organization\"},\"potentialAction\":[{\"@type\":\"SearchAction\",\"target\":{\"@type\":\"EntryPoint\",\"urlTemplate\":\"https:\/\/manskin.ethos-dev.ch\/?s={search_term_string}\"},\"query-input\":{\"@type\":\"PropertyValueSpecification\",\"valueRequired\":true,\"valueName\":\"search_term_string\"}}],\"inLanguage\":\"fr-FR\"},{\"@type\":\"Organization\",\"@id\":\"https:\/\/manskin.ethos-dev.ch\/#organization\",\"name\":\"Manskin.ch - der Schweizer Onlineshop f\u00fcr qualit\u00e4tsstarke M\u00e4nnerpflege\",\"url\":\"https:\/\/manskin.ethos-dev.ch\/\",\"logo\":{\"@type\":\"ImageObject\",\"inLanguage\":\"fr-FR\",\"@id\":\"https:\/\/manskin.ethos-dev.ch\/#\/schema\/logo\/image\/\",\"url\":\"https:\/\/manskin.ethos-dev.ch\/wp-content\/uploads\/2021\/04\/cropped-logo_head.png\",\"contentUrl\":\"https:\/\/manskin.ethos-dev.ch\/wp-content\/uploads\/2021\/04\/cropped-logo_head.png\",\"width\":235,\"height\":75,\"caption\":\"Manskin.ch - der Schweizer Onlineshop f\u00fcr qualit\u00e4tsstarke M\u00e4nnerpflege\"},\"image\":{\"@id\":\"https:\/\/manskin.ethos-dev.ch\/#\/schema\/logo\/image\/\"},\"sameAs\":[\"https:\/\/www.facebook.com\/manskin.ch\",\"https:\/\/www.instagram.com\/manskin.ch\/\"]}]}<\/script>\n<meta property=\"product:price:amount\" content=\"25.90\" \/>\n<meta property=\"product:price:currency\" content=\"CHF\" \/>\n<meta property=\"og:availability\" content=\"instock\" \/>\n<meta property=\"product:availability\" content=\"instock\" \/>\n<meta property=\"product:retailer_item_id\" content=\"14254\" \/>\n<meta property=\"product:condition\" content=\"new\" \/>\n<!-- \/ Yoast SEO Premium plugin. -->","yoast_head_json":{"title":"Salt & Stone Saffron & Cedar Natural Deo | chez Manskin.ch.","description":"Les huiles essentielles et les extraits v\u00e9g\u00e9taux assurent une fra\u00eecheur durable, combattent les bact\u00e9ries et garantissent 48h de protection.","robots":{"index":"noindex","follow":"follow","max-snippet":"max-snippet:-1","max-image-preview":"max-image-preview:large","max-video-preview":"max-video-preview:-1"},"og_locale":"fr_FR","og_type":"article","og_title":"Salt &amp; Stone - Natural Deodorant Saffron &amp; Cedar Extra Strength","og_description":"Les huiles essentielles et les extraits v\u00e9g\u00e9taux assurent une fra\u00eecheur durable, combattent les bact\u00e9ries et garantissent 48h de protection.","og_url":"https:\/\/manskin.ethos-dev.ch\/fr\/produkt\/salt-stone-deo-saffron-cedar\/","og_site_name":"Manskin.ch","article_publisher":"https:\/\/www.facebook.com\/manskin.ch","article_modified_time":"2025-04-26T15:54:55+00:00","og_image":[{"width":1000,"height":1000,"url":"https:\/\/manskin.ethos-dev.ch\/wp-content\/uploads\/2025\/03\/Deo-Saffron-Cedar-High-Quality.webp","type":"image\/webp"}],"twitter_card":"summary_large_image","twitter_misc":{"Prix":"25.90&#67;&#72;&#70;","Disponibilit\u00e9":"En stock"},"schema":{"@context":"https:\/\/schema.org","@graph":[{"@type":"WebPage","@id":"https:\/\/manskin.ethos-dev.ch\/fr\/produkt\/salt-stone-deo-saffron-cedar\/","url":"https:\/\/manskin.ethos-dev.ch\/fr\/produkt\/salt-stone-deo-saffron-cedar\/","name":"Salt & Stone Saffron & Cedar Natural Deo | chez Manskin.ch.","isPartOf":{"@id":"https:\/\/manskin.ethos-dev.ch\/#website"},"primaryImageOfPage":{"@id":"https:\/\/manskin.ethos-dev.ch\/fr\/produkt\/salt-stone-deo-saffron-cedar\/#primaryimage"},"image":{"@id":"https:\/\/manskin.ethos-dev.ch\/fr\/produkt\/salt-stone-deo-saffron-cedar\/#primaryimage"},"thumbnailUrl":"https:\/\/manskin.ethos-dev.ch\/wp-content\/uploads\/2025\/03\/Deo-Saffron-Cedar-High-Quality.webp","datePublished":"2025-03-19T12:22:37+00:00","dateModified":"2025-04-26T15:54:55+00:00","description":"Les huiles essentielles et les extraits v\u00e9g\u00e9taux assurent une fra\u00eecheur durable, combattent les bact\u00e9ries et garantissent 48h de protection.","breadcrumb":{"@id":"https:\/\/manskin.ethos-dev.ch\/fr\/produkt\/salt-stone-deo-saffron-cedar\/#breadcrumb"},"inLanguage":"fr-FR","potentialAction":[{"@type":"ReadAction","target":["https:\/\/manskin.ethos-dev.ch\/fr\/produkt\/salt-stone-deo-saffron-cedar\/"]}]},{"@type":"ImageObject","inLanguage":"fr-FR","@id":"https:\/\/manskin.ethos-dev.ch\/fr\/produkt\/salt-stone-deo-saffron-cedar\/#primaryimage","url":"https:\/\/manskin.ethos-dev.ch\/wp-content\/uploads\/2025\/03\/Deo-Saffron-Cedar-High-Quality.webp","contentUrl":"https:\/\/manskin.ethos-dev.ch\/wp-content\/uploads\/2025\/03\/Deo-Saffron-Cedar-High-Quality.webp","width":1000,"height":1000},{"@type":"BreadcrumbList","@id":"https:\/\/manskin.ethos-dev.ch\/fr\/produkt\/salt-stone-deo-saffron-cedar\/#breadcrumb","itemListElement":[{"@type":"ListItem","position":1,"name":"Startseite","item":"https:\/\/manskin.ethos-dev.ch\/fr\/"},{"@type":"ListItem","position":2,"name":"Shop","item":"https:\/\/manskin.ethos-dev.ch\/shop\/"},{"@type":"ListItem","position":3,"name":"Salt &amp; Stone &#8211; Natural Deodorant Saffron &amp; Cedar Extra Strength"}]},{"@type":"WebSite","@id":"https:\/\/manskin.ethos-dev.ch\/#website","url":"https:\/\/manskin.ethos-dev.ch\/","name":"Manskin.ch","description":"Tous les produits de beaut\u00e9 pour les hommes les plus exigeants","publisher":{"@id":"https:\/\/manskin.ethos-dev.ch\/#organization"},"potentialAction":[{"@type":"SearchAction","target":{"@type":"EntryPoint","urlTemplate":"https:\/\/manskin.ethos-dev.ch\/?s={search_term_string}"},"query-input":{"@type":"PropertyValueSpecification","valueRequired":true,"valueName":"search_term_string"}}],"inLanguage":"fr-FR"},{"@type":"Organization","@id":"https:\/\/manskin.ethos-dev.ch\/#organization","name":"Manskin.ch - der Schweizer Onlineshop f\u00fcr qualit\u00e4tsstarke M\u00e4nnerpflege","url":"https:\/\/manskin.ethos-dev.ch\/","logo":{"@type":"ImageObject","inLanguage":"fr-FR","@id":"https:\/\/manskin.ethos-dev.ch\/#\/schema\/logo\/image\/","url":"https:\/\/manskin.ethos-dev.ch\/wp-content\/uploads\/2021\/04\/cropped-logo_head.png","contentUrl":"https:\/\/manskin.ethos-dev.ch\/wp-content\/uploads\/2021\/04\/cropped-logo_head.png","width":235,"height":75,"caption":"Manskin.ch - der Schweizer Onlineshop f\u00fcr qualit\u00e4tsstarke M\u00e4nnerpflege"},"image":{"@id":"https:\/\/manskin.ethos-dev.ch\/#\/schema\/logo\/image\/"},"sameAs":["https:\/\/www.facebook.com\/manskin.ch","https:\/\/www.instagram.com\/manskin.ch\/"]}]},"product_price_amount":"25.90","product_price_currency":"CHF","og_availability":"instock","product_availability":"instock","product_retailer_item_id":"14254","product_condition":"new"},"brands":[{"id":2780,"name":"Salt &amp; Stone","slug":"salt-stone"}],"_links":{"self":[{"href":"https:\/\/manskin.ethos-dev.ch\/fr\/wp-json\/wp\/v2\/product\/72131","targetHints":{"allow":["GET"]}}],"collection":[{"href":"https:\/\/manskin.ethos-dev.ch\/fr\/wp-json\/wp\/v2\/product"}],"about":[{"href":"https:\/\/manskin.ethos-dev.ch\/fr\/wp-json\/wp\/v2\/types\/product"}],"replies":[{"embeddable":true,"href":"https:\/\/manskin.ethos-dev.ch\/fr\/wp-json\/wp\/v2\/comments?post=72131"}],"wp:featuredmedia":[{"embeddable":true,"href":"https:\/\/manskin.ethos-dev.ch\/fr\/wp-json\/wp\/v2\/media\/72136"}],"wp:attachment":[{"href":"https:\/\/manskin.ethos-dev.ch\/fr\/wp-json\/wp\/v2\/media?parent=72131"}],"wp:term":[{"taxonomy":"pwb-brand","embeddable":true,"href":"https:\/\/manskin.ethos-dev.ch\/fr\/wp-json\/wp\/v2\/pwb-brand?post=72131"},{"taxonomy":"product_brand","embeddable":true,"href":"https:\/\/manskin.ethos-dev.ch\/fr\/wp-json\/wp\/v2\/product_brand?post=72131"},{"taxonomy":"product_cat","embeddable":true,"href":"https:\/\/manskin.ethos-dev.ch\/fr\/wp-json\/wp\/v2\/product_cat?post=72131"},{"taxonomy":"product_tag","embeddable":true,"href":"https:\/\/manskin.ethos-dev.ch\/fr\/wp-json\/wp\/v2\/product_tag?post=72131"}],"curies":[{"name":"wp","href":"https:\/\/api.w.org\/{rel}","templated":true}]}}