{"id":72204,"date":"2025-03-22T21:54:11","date_gmt":"2025-03-22T20:54:11","guid":{"rendered":"https:\/\/manskin.ethos-dev.ch\/produkt\/doers-of-london-facial-cleanser-3\/"},"modified":"2025-05-14T15:32:51","modified_gmt":"2025-05-14T13:32:51","slug":"doers-of-london-trio-quotidien","status":"publish","type":"product","link":"https:\/\/manskin.ethos-dev.ch\/fr\/produkt\/doers-of-london-trio-quotidien\/","title":{"rendered":"Doers of London &#8211; Trio quotidien de soins du visage"},"content":{"rendered":"<h2>Doers of London &#8211; Trio de soins du visage pour ta routine quotidienne<\/h2>\n<p>Le trio de soins du visage contient un nettoyant pour le visage, un s&eacute;rum ainsi qu&#39;une cr&egrave;me hydratante &#8211; &agrave; utiliser quotidiennement pour une peau douce et lisse.<\/p>\n<h3><span style=\"color: rgb(243, 156, 18);\">Facial Cleanser Nettoyant Visage pour peau et Barbe 200 ml<\/span><\/h3>\n<ul>\n<li>Avec le nettoyant pour le visage de Doers of London, on obtient un teint en bonne sant&eacute;, un rasage parfait ou une barbe brillante.<\/li>\n<li>La peau est d&eacute;barrass&eacute;e des bact&eacute;ries, des impuret&eacute;s et des irritations et se d&eacute;toxifie.<\/li>\n<li>La production de s&eacute;bum est &eacute;quilibr&eacute;e et la peau (ainsi que la barbe) soign&eacute;.<\/li>\n<li>Extrait de concombre biologique: riche en polysaccharides, aux propri&eacute;t&eacute;s anti-inflammatoires et astringentes, aide &agrave; &eacute;quilibrer la peau grasse et &agrave; affiner les pores.<\/li>\n<li>Extrait de th&eacute; vert biologique: contient des polyph&eacute;nols aux propri&eacute;t&eacute;s antioxydantes et antibact&eacute;riennes.<\/li>\n<li>Huile de jojoba: un ingr&eacute;dient tr&egrave;s similaire aux lipides de la peau et renfor&ccedil;ant ainsi la barri&egrave;re cutan&eacute;e. Les acides gras facilement absorb&eacute;s permettent un meilleur rasage et favorisent une croissance saine de la barbe.<\/li>\n<li>Huile de citron et de citron vert: procure un peeling doux.<\/li>\n<\/ul>\n<h3 align=\"LEFT\" dir=\"LTR\"><font color=\"#f39c12\">Hydration Serum 30 ml<\/font><\/h3>\n<ul dir=\"ltr\">\n<li align=\"LEFT\"><span lang=\"FR-CH\">Le s&eacute;rum donne &agrave; la peau hydratation et pl&eacute;nitude et neutralise efficacement les signes du vieillissement.<\/span><\/li>\n<li align=\"LEFT\"><span lang=\"FR-CH\">Il contient trois acides hyaluroniques v&eacute;g&eacute;taux diff&eacute;rents, qui p&eacute;n&egrave;trent dans diff&eacute;rentes profondeurs de la peau et augmentent de mani&egrave;re exponentielle la r&eacute;tention d&#39;hydratation et l&#39;&eacute;lasticit&eacute; de votre peau.<\/span><\/li>\n<li align=\"LEFT\"><span lang=\"FR-CH\">L&#39;aloe vera apaise la peau irrit&eacute;e, tandis que les extraits de kiwi et d&#39;abricot &#8211; de puissants super foods pour la peau &#8211; fournissent une riche dose de vitamines et d&#39;antioxydants qui augmentent la production de collag&egrave;ne et hydratent la peau.<\/span><\/li>\n<\/ul>\n<h3><span style=\"color: rgb(243, 156, 18);\">Cr&egrave;me Hydratante 100 ml<\/span><\/h3>\n<p align=\"LEFT\" dir=\"LTR\">Cet hydratant apporte la r&eacute;ponse aux trois besoins de soins les plus courants des hommes:<\/p>\n<ol>\n<li>R&eacute;duit les signes du vieillissement.<\/li>\n<li>Donne une hydratation intensive et am&eacute;liore la protection naturelle de la peau.<\/li>\n<li>R&eacute;duit les rougeurs et les irritations de la peau caus&eacute;es par le rasage et l&#39;environnement.<\/li>\n<\/ol>\n<ul dir=\"ltr\">\n<li align=\"LEFT\">Est absorb&eacute; rapidement et ne laisse aucune brillance ni r&eacute;sidu visible sur la peau.<\/li>\n<li align=\"LEFT\">Huile de borago bio: riche en om&eacute;ga-3 et l&#39;une des meilleures sources d&#39;acide linol&eacute;ique om&eacute;ga-6, hydrate la peau, am&eacute;liore la barri&egrave;re lipidique de la peau et favorise son processus de gu&eacute;rison.<\/li>\n<li align=\"LEFT\">Extrait de th&eacute; vert biologique: contient des polyph&eacute;nols et des cat&eacute;chines, en particulier l&#39;&eacute;pigallocat&eacute;chine-3-gallate, des antioxydants remarquables qui combattent l&#39;inflammation de la peau, les dommages dus aux UV et la d&eacute;gradation du collag&egrave;ne.<\/li>\n<li align=\"LEFT\">Vitamine E v&eacute;g&eacute;tale: un puissant antioxydant qui neutralise les dommages caus&eacute;s par les cellules oxydatives et le processus de vieillissement de la peau.<\/li>\n<li align=\"LEFT\">Huile de jojoba: ressemble aux lipides de la peau, soutient la barri&egrave;re protectrice et a un effet &eacute;quilibrant.<br \/>\n\t&nbsp;<\/li>\n<li>Sans parab&egrave;nes, silicones, huiles min&eacute;rales.<\/li>\n<li>Test&eacute; sous contr&ocirc;le dermatologique.<\/li>\n<li>Certifi&eacute; par la Vegan Society.<\/li>\n<li>Emballage recyclable, fabriqu&eacute; &agrave; partir de mat&eacute;riaux recycl&eacute;s<\/li>\n<\/ul>\n","protected":false},"excerpt":{"rendered":"<p>3 produits indispensables pour ta routine journali\u00e8re<\/p>\n","protected":false},"featured_media":72256,"comment_status":"closed","ping_status":"closed","template":"","meta":{"_acf_changed":false},"pwb-brand":[2757],"product_brand":[],"product_cat":[2333,2329,2334,2373,2414],"product_tag":[],"class_list":{"0":"post-72204","1":"product","2":"type-product","3":"status-publish","4":"has-post-thumbnail","6":"pwb-brand-doers-of-london","7":"product_cat-nettoyants-visage","8":"product_cat-hydratants","9":"product_cat-serum-visage","10":"product_cat-doers-of-london-fr","11":"product_cat-cosmetique-naturelle","12":"product_shipping_class-standard-fr","13":"sales-flash-overlay","14":"woocommerce-text-align-center","15":"woocommerce-image-align-center","16":"do-quantity-buttons","17":"has-subscription-plans","19":"first","20":"instock","21":"taxable","22":"shipping-taxable","23":"purchasable","24":"product-type-simple"},"acf":[],"yoast_head":"<!-- This site is optimized with the Yoast SEO Premium plugin v24.8 (Yoast SEO v25.4) - https:\/\/yoast.com\/wordpress\/plugins\/seo\/ -->\n<title>Doers of London - Trio de soins quotidiens pour le visage I Manskin.ch<\/title>\n<meta name=\"description\" content=\"D\u00e9couvrez comment prendre soin de votre peau en douceur avec les produits pour le visage de Doers of London. Nettoyez et hydratez votre peau quotidiennement !\" \/>\n<meta name=\"robots\" content=\"noindex, follow, max-snippet:-1, max-image-preview:large, max-video-preview:-1\" \/>\n<meta property=\"og:locale\" content=\"fr_FR\" \/>\n<meta property=\"og:type\" content=\"article\" \/>\n<meta property=\"og:title\" content=\"Doers of London - Trio quotidien de soins du visage\" \/>\n<meta property=\"og:description\" content=\"D\u00e9couvrez comment prendre soin de votre peau en douceur avec les produits pour le visage de Doers of London. Nettoyez et hydratez votre peau quotidiennement !\" \/>\n<meta property=\"og:url\" content=\"https:\/\/manskin.ethos-dev.ch\/fr\/produkt\/doers-of-london-trio-quotidien\/\" \/>\n<meta property=\"og:site_name\" content=\"Manskin.ch\" \/>\n<meta property=\"article:publisher\" content=\"https:\/\/www.facebook.com\/manskin.ch\" \/>\n<meta property=\"article:modified_time\" content=\"2025-05-14T13:32:51+00:00\" \/>\n<meta property=\"og:image\" content=\"https:\/\/manskin.ethos-dev.ch\/wp-content\/uploads\/2025\/03\/Naban-Rasierl-High-Quality.webp\" \/>\n\t<meta property=\"og:image:width\" content=\"1000\" \/>\n\t<meta property=\"og:image:height\" content=\"1000\" \/>\n\t<meta property=\"og:image:type\" content=\"image\/webp\" \/>\n<meta name=\"twitter:card\" content=\"summary_large_image\" \/>\n<meta name=\"twitter:label1\" content=\"Prix\" \/>\n\t<meta name=\"twitter:data1\" content=\"62.00&#067;&#072;&#070;\" \/>\n\t<meta name=\"twitter:label2\" content=\"Disponibilit\u00e9\" \/>\n\t<meta name=\"twitter:data2\" content=\"En stock\" \/>\n<script type=\"application\/ld+json\" class=\"yoast-schema-graph\">{\"@context\":\"https:\/\/schema.org\",\"@graph\":[{\"@type\":\"WebPage\",\"@id\":\"https:\/\/manskin.ethos-dev.ch\/fr\/produkt\/doers-of-london-trio-quotidien\/\",\"url\":\"https:\/\/manskin.ethos-dev.ch\/fr\/produkt\/doers-of-london-trio-quotidien\/\",\"name\":\"Doers of London - Trio de soins quotidiens pour le visage I Manskin.ch\",\"isPartOf\":{\"@id\":\"https:\/\/manskin.ethos-dev.ch\/#website\"},\"primaryImageOfPage\":{\"@id\":\"https:\/\/manskin.ethos-dev.ch\/fr\/produkt\/doers-of-london-trio-quotidien\/#primaryimage\"},\"image\":{\"@id\":\"https:\/\/manskin.ethos-dev.ch\/fr\/produkt\/doers-of-london-trio-quotidien\/#primaryimage\"},\"thumbnailUrl\":\"https:\/\/manskin.ethos-dev.ch\/wp-content\/uploads\/2025\/03\/Naban-Rasierl-High-Quality.webp\",\"datePublished\":\"2025-03-22T20:54:11+00:00\",\"dateModified\":\"2025-05-14T13:32:51+00:00\",\"description\":\"D\u00e9couvrez comment prendre soin de votre peau en douceur avec les produits pour le visage de Doers of London. Nettoyez et hydratez votre peau quotidiennement !\",\"breadcrumb\":{\"@id\":\"https:\/\/manskin.ethos-dev.ch\/fr\/produkt\/doers-of-london-trio-quotidien\/#breadcrumb\"},\"inLanguage\":\"fr-FR\",\"potentialAction\":[{\"@type\":\"ReadAction\",\"target\":[\"https:\/\/manskin.ethos-dev.ch\/fr\/produkt\/doers-of-london-trio-quotidien\/\"]}]},{\"@type\":\"ImageObject\",\"inLanguage\":\"fr-FR\",\"@id\":\"https:\/\/manskin.ethos-dev.ch\/fr\/produkt\/doers-of-london-trio-quotidien\/#primaryimage\",\"url\":\"https:\/\/manskin.ethos-dev.ch\/wp-content\/uploads\/2025\/03\/Naban-Rasierl-High-Quality.webp\",\"contentUrl\":\"https:\/\/manskin.ethos-dev.ch\/wp-content\/uploads\/2025\/03\/Naban-Rasierl-High-Quality.webp\",\"width\":1000,\"height\":1000},{\"@type\":\"BreadcrumbList\",\"@id\":\"https:\/\/manskin.ethos-dev.ch\/fr\/produkt\/doers-of-london-trio-quotidien\/#breadcrumb\",\"itemListElement\":[{\"@type\":\"ListItem\",\"position\":1,\"name\":\"Startseite\",\"item\":\"https:\/\/manskin.ethos-dev.ch\/fr\/\"},{\"@type\":\"ListItem\",\"position\":2,\"name\":\"Shop\",\"item\":\"https:\/\/manskin.ethos-dev.ch\/shop\/\"},{\"@type\":\"ListItem\",\"position\":3,\"name\":\"Doers of London &#8211; Trio quotidien de soins du visage\"}]},{\"@type\":\"WebSite\",\"@id\":\"https:\/\/manskin.ethos-dev.ch\/#website\",\"url\":\"https:\/\/manskin.ethos-dev.ch\/\",\"name\":\"Manskin.ch\",\"description\":\"Tous les produits de beaut\u00e9 pour les hommes les plus exigeants\",\"publisher\":{\"@id\":\"https:\/\/manskin.ethos-dev.ch\/#organization\"},\"potentialAction\":[{\"@type\":\"SearchAction\",\"target\":{\"@type\":\"EntryPoint\",\"urlTemplate\":\"https:\/\/manskin.ethos-dev.ch\/?s={search_term_string}\"},\"query-input\":{\"@type\":\"PropertyValueSpecification\",\"valueRequired\":true,\"valueName\":\"search_term_string\"}}],\"inLanguage\":\"fr-FR\"},{\"@type\":\"Organization\",\"@id\":\"https:\/\/manskin.ethos-dev.ch\/#organization\",\"name\":\"Manskin.ch - der Schweizer Onlineshop f\u00fcr qualit\u00e4tsstarke M\u00e4nnerpflege\",\"url\":\"https:\/\/manskin.ethos-dev.ch\/\",\"logo\":{\"@type\":\"ImageObject\",\"inLanguage\":\"fr-FR\",\"@id\":\"https:\/\/manskin.ethos-dev.ch\/#\/schema\/logo\/image\/\",\"url\":\"https:\/\/manskin.ethos-dev.ch\/wp-content\/uploads\/2021\/04\/cropped-logo_head.png\",\"contentUrl\":\"https:\/\/manskin.ethos-dev.ch\/wp-content\/uploads\/2021\/04\/cropped-logo_head.png\",\"width\":235,\"height\":75,\"caption\":\"Manskin.ch - der Schweizer Onlineshop f\u00fcr qualit\u00e4tsstarke M\u00e4nnerpflege\"},\"image\":{\"@id\":\"https:\/\/manskin.ethos-dev.ch\/#\/schema\/logo\/image\/\"},\"sameAs\":[\"https:\/\/www.facebook.com\/manskin.ch\",\"https:\/\/www.instagram.com\/manskin.ch\/\"]}]}<\/script>\n<meta property=\"product:price:amount\" content=\"62.00\" \/>\n<meta property=\"product:price:currency\" content=\"CHF\" \/>\n<meta property=\"og:availability\" content=\"instock\" \/>\n<meta property=\"product:availability\" content=\"instock\" \/>\n<meta property=\"product:retailer_item_id\" content=\"14255\" \/>\n<meta property=\"product:condition\" content=\"new\" \/>\n<!-- \/ Yoast SEO Premium plugin. -->","yoast_head_json":{"title":"Doers of London - Trio de soins quotidiens pour le visage I Manskin.ch","description":"D\u00e9couvrez comment prendre soin de votre peau en douceur avec les produits pour le visage de Doers of London. Nettoyez et hydratez votre peau quotidiennement !","robots":{"index":"noindex","follow":"follow","max-snippet":"max-snippet:-1","max-image-preview":"max-image-preview:large","max-video-preview":"max-video-preview:-1"},"og_locale":"fr_FR","og_type":"article","og_title":"Doers of London - Trio quotidien de soins du visage","og_description":"D\u00e9couvrez comment prendre soin de votre peau en douceur avec les produits pour le visage de Doers of London. Nettoyez et hydratez votre peau quotidiennement !","og_url":"https:\/\/manskin.ethos-dev.ch\/fr\/produkt\/doers-of-london-trio-quotidien\/","og_site_name":"Manskin.ch","article_publisher":"https:\/\/www.facebook.com\/manskin.ch","article_modified_time":"2025-05-14T13:32:51+00:00","og_image":[{"width":1000,"height":1000,"url":"https:\/\/manskin.ethos-dev.ch\/wp-content\/uploads\/2025\/03\/Naban-Rasierl-High-Quality.webp","type":"image\/webp"}],"twitter_card":"summary_large_image","twitter_misc":{"Prix":"62.00&#67;&#72;&#70;","Disponibilit\u00e9":"En stock"},"schema":{"@context":"https:\/\/schema.org","@graph":[{"@type":"WebPage","@id":"https:\/\/manskin.ethos-dev.ch\/fr\/produkt\/doers-of-london-trio-quotidien\/","url":"https:\/\/manskin.ethos-dev.ch\/fr\/produkt\/doers-of-london-trio-quotidien\/","name":"Doers of London - Trio de soins quotidiens pour le visage I Manskin.ch","isPartOf":{"@id":"https:\/\/manskin.ethos-dev.ch\/#website"},"primaryImageOfPage":{"@id":"https:\/\/manskin.ethos-dev.ch\/fr\/produkt\/doers-of-london-trio-quotidien\/#primaryimage"},"image":{"@id":"https:\/\/manskin.ethos-dev.ch\/fr\/produkt\/doers-of-london-trio-quotidien\/#primaryimage"},"thumbnailUrl":"https:\/\/manskin.ethos-dev.ch\/wp-content\/uploads\/2025\/03\/Naban-Rasierl-High-Quality.webp","datePublished":"2025-03-22T20:54:11+00:00","dateModified":"2025-05-14T13:32:51+00:00","description":"D\u00e9couvrez comment prendre soin de votre peau en douceur avec les produits pour le visage de Doers of London. Nettoyez et hydratez votre peau quotidiennement !","breadcrumb":{"@id":"https:\/\/manskin.ethos-dev.ch\/fr\/produkt\/doers-of-london-trio-quotidien\/#breadcrumb"},"inLanguage":"fr-FR","potentialAction":[{"@type":"ReadAction","target":["https:\/\/manskin.ethos-dev.ch\/fr\/produkt\/doers-of-london-trio-quotidien\/"]}]},{"@type":"ImageObject","inLanguage":"fr-FR","@id":"https:\/\/manskin.ethos-dev.ch\/fr\/produkt\/doers-of-london-trio-quotidien\/#primaryimage","url":"https:\/\/manskin.ethos-dev.ch\/wp-content\/uploads\/2025\/03\/Naban-Rasierl-High-Quality.webp","contentUrl":"https:\/\/manskin.ethos-dev.ch\/wp-content\/uploads\/2025\/03\/Naban-Rasierl-High-Quality.webp","width":1000,"height":1000},{"@type":"BreadcrumbList","@id":"https:\/\/manskin.ethos-dev.ch\/fr\/produkt\/doers-of-london-trio-quotidien\/#breadcrumb","itemListElement":[{"@type":"ListItem","position":1,"name":"Startseite","item":"https:\/\/manskin.ethos-dev.ch\/fr\/"},{"@type":"ListItem","position":2,"name":"Shop","item":"https:\/\/manskin.ethos-dev.ch\/shop\/"},{"@type":"ListItem","position":3,"name":"Doers of London &#8211; Trio quotidien de soins du visage"}]},{"@type":"WebSite","@id":"https:\/\/manskin.ethos-dev.ch\/#website","url":"https:\/\/manskin.ethos-dev.ch\/","name":"Manskin.ch","description":"Tous les produits de beaut\u00e9 pour les hommes les plus exigeants","publisher":{"@id":"https:\/\/manskin.ethos-dev.ch\/#organization"},"potentialAction":[{"@type":"SearchAction","target":{"@type":"EntryPoint","urlTemplate":"https:\/\/manskin.ethos-dev.ch\/?s={search_term_string}"},"query-input":{"@type":"PropertyValueSpecification","valueRequired":true,"valueName":"search_term_string"}}],"inLanguage":"fr-FR"},{"@type":"Organization","@id":"https:\/\/manskin.ethos-dev.ch\/#organization","name":"Manskin.ch - der Schweizer Onlineshop f\u00fcr qualit\u00e4tsstarke M\u00e4nnerpflege","url":"https:\/\/manskin.ethos-dev.ch\/","logo":{"@type":"ImageObject","inLanguage":"fr-FR","@id":"https:\/\/manskin.ethos-dev.ch\/#\/schema\/logo\/image\/","url":"https:\/\/manskin.ethos-dev.ch\/wp-content\/uploads\/2021\/04\/cropped-logo_head.png","contentUrl":"https:\/\/manskin.ethos-dev.ch\/wp-content\/uploads\/2021\/04\/cropped-logo_head.png","width":235,"height":75,"caption":"Manskin.ch - der Schweizer Onlineshop f\u00fcr qualit\u00e4tsstarke M\u00e4nnerpflege"},"image":{"@id":"https:\/\/manskin.ethos-dev.ch\/#\/schema\/logo\/image\/"},"sameAs":["https:\/\/www.facebook.com\/manskin.ch","https:\/\/www.instagram.com\/manskin.ch\/"]}]},"product_price_amount":"62.00","product_price_currency":"CHF","og_availability":"instock","product_availability":"instock","product_retailer_item_id":"14255","product_condition":"new"},"brands":[{"id":2757,"name":"Doers of London","slug":"doers-of-london"}],"_links":{"self":[{"href":"https:\/\/manskin.ethos-dev.ch\/fr\/wp-json\/wp\/v2\/product\/72204","targetHints":{"allow":["GET"]}}],"collection":[{"href":"https:\/\/manskin.ethos-dev.ch\/fr\/wp-json\/wp\/v2\/product"}],"about":[{"href":"https:\/\/manskin.ethos-dev.ch\/fr\/wp-json\/wp\/v2\/types\/product"}],"replies":[{"embeddable":true,"href":"https:\/\/manskin.ethos-dev.ch\/fr\/wp-json\/wp\/v2\/comments?post=72204"}],"wp:featuredmedia":[{"embeddable":true,"href":"https:\/\/manskin.ethos-dev.ch\/fr\/wp-json\/wp\/v2\/media\/72256"}],"wp:attachment":[{"href":"https:\/\/manskin.ethos-dev.ch\/fr\/wp-json\/wp\/v2\/media?parent=72204"}],"wp:term":[{"taxonomy":"pwb-brand","embeddable":true,"href":"https:\/\/manskin.ethos-dev.ch\/fr\/wp-json\/wp\/v2\/pwb-brand?post=72204"},{"taxonomy":"product_brand","embeddable":true,"href":"https:\/\/manskin.ethos-dev.ch\/fr\/wp-json\/wp\/v2\/product_brand?post=72204"},{"taxonomy":"product_cat","embeddable":true,"href":"https:\/\/manskin.ethos-dev.ch\/fr\/wp-json\/wp\/v2\/product_cat?post=72204"},{"taxonomy":"product_tag","embeddable":true,"href":"https:\/\/manskin.ethos-dev.ch\/fr\/wp-json\/wp\/v2\/product_tag?post=72204"}],"curies":[{"name":"wp","href":"https:\/\/api.w.org\/{rel}","templated":true}]}}