{"id":83635,"date":"2025-04-18T14:19:41","date_gmt":"2025-04-18T12:19:41","guid":{"rendered":"https:\/\/manskin.ethos-dev.ch\/produkt\/musgo-real-edt-classico-22\/"},"modified":"2025-05-26T14:09:43","modified_gmt":"2025-05-26T12:09:43","slug":"musgo-real-edt-classico-22","status":"publish","type":"product","link":"https:\/\/manskin.ethos-dev.ch\/fr\/produkt\/musgo-real-edt-classico-22\/","title":{"rendered":"Musgo Real &#8211; Eau de Toilette Classico 22"},"content":{"rendered":"<h2>Musgo Real &#8211; Eau de Toilette Classico 22<\/h2>\n<ul>\n<li>Musgo Real Cl&aacute;ssico 22 Eau de Toilette allie &eacute;l&eacute;gance et sobri&eacute;t&eacute; et rend hommage &agrave; l&#39;authenticit&eacute;.<\/li>\n<li>Le parfum s&#39;ouvre sur des notes fra&icirc;ches de bergamote et de citron, soulign&eacute;es par une fra&icirc;cheur subtile.<\/li>\n<li>Dans la note de c&oelig;ur, les baies de geni&egrave;vre aromatiques, le basilic et un soup&ccedil;on de menthe assurent un &eacute;quilibre entre vitalit&eacute; et s&eacute;r&eacute;nit&eacute;.<\/li>\n<li>En fond, les notes chaudes du bois de c&egrave;dre et du v&eacute;tiver se d&eacute;ploient, reli&eacute;es &agrave; la terre par un doux musc, laissant derri&egrave;re elles une aura de confiance tranquille.<\/li>\n<\/ul>\n<p>\nNotes de parfum :<\/p>\n<ul>\n<li>Notes de t&ecirc;te : Bergamote, citron, note d&#39;ozone<\/li>\n<li>Notes de c&oelig;ur : baie de geni&egrave;vre, basilic, menthe<\/li>\n<li>Notes de fond : Bois de c&egrave;dre, v&eacute;tiver, musc.<\/li>\n<\/ul>\n<p>\nId&eacute;al pour tous ceux qui aiment les parfums &eacute;l&eacute;gants et distinctifs.<br \/>\nId&eacute;al pour tous ceux qui aiment les parfums d&#39;agrumes et de bois.<\/p>\n<p>Contenu 100 ml.<\/p>\n","protected":false},"excerpt":{"rendered":"<p>Id\u00e9al pour tous ceux qui aiment les parfums d&#8217;agrumes et de bois<\/p>\n","protected":false},"featured_media":83788,"comment_status":"closed","ping_status":"closed","template":"","meta":{"_acf_changed":false},"pwb-brand":[2770],"product_brand":[],"product_cat":[2800,2382],"product_tag":[],"class_list":{"0":"post-83635","1":"product","2":"type-product","3":"status-publish","4":"has-post-thumbnail","6":"pwb-brand-musgo-real","7":"product_cat-parfum","8":"product_cat-musgo-real-fr","9":"product_shipping_class-standard-fr","10":"sales-flash-overlay","11":"woocommerce-text-align-center","12":"woocommerce-image-align-center","13":"do-quantity-buttons","14":"has-subscription-plans","16":"first","17":"instock","18":"taxable","19":"shipping-taxable","20":"purchasable","21":"product-type-simple"},"acf":[],"yoast_head":"<!-- This site is optimized with the Yoast SEO Premium plugin v24.8 (Yoast SEO v25.4) - https:\/\/yoast.com\/wordpress\/plugins\/seo\/ -->\n<title>Musgo Real Edt. Classico 22 : \u00c9l\u00e9gance et fra\u00eecheur | %%sitename<\/title>\n<meta name=\"description\" content=\"Musgo Real Edt. Classico 22 associe le geni\u00e8vre, le basilic et le citron frais pour une exp\u00e9rience olfactive unique. D\u00e9couvrez-le maintenant ! \ud83c\udf3f\" \/>\n<meta name=\"robots\" content=\"noindex, follow, max-snippet:-1, max-image-preview:large, max-video-preview:-1\" \/>\n<meta property=\"og:locale\" content=\"fr_FR\" \/>\n<meta property=\"og:type\" content=\"article\" \/>\n<meta property=\"og:title\" content=\"Musgo Real - Eau de Toilette Classico 22\" \/>\n<meta property=\"og:description\" content=\"Musgo Real Edt. Classico 22 associe le geni\u00e8vre, le basilic et le citron frais pour une exp\u00e9rience olfactive unique. D\u00e9couvrez-le maintenant ! \ud83c\udf3f\" \/>\n<meta property=\"og:url\" content=\"https:\/\/manskin.ethos-dev.ch\/fr\/produkt\/musgo-real-edt-classico-22\/\" \/>\n<meta property=\"og:site_name\" content=\"Manskin.ch\" \/>\n<meta property=\"article:publisher\" content=\"https:\/\/www.facebook.com\/manskin.ch\" \/>\n<meta property=\"article:modified_time\" content=\"2025-05-26T12:09:43+00:00\" \/>\n<meta property=\"og:image\" content=\"https:\/\/manskin.ethos-dev.ch\/wp-content\/uploads\/2025\/04\/Musgo-Real-Classico-Edt-High-Quality.webp\" \/>\n\t<meta property=\"og:image:width\" content=\"1000\" \/>\n\t<meta property=\"og:image:height\" content=\"1000\" \/>\n\t<meta property=\"og:image:type\" content=\"image\/webp\" \/>\n<meta name=\"twitter:card\" content=\"summary_large_image\" \/>\n<meta name=\"twitter:label1\" content=\"Prix\" \/>\n\t<meta name=\"twitter:data1\" content=\"105.00&#067;&#072;&#070;\" \/>\n\t<meta name=\"twitter:label2\" content=\"Disponibilit\u00e9\" \/>\n\t<meta name=\"twitter:data2\" content=\"En stock\" \/>\n<script type=\"application\/ld+json\" class=\"yoast-schema-graph\">{\"@context\":\"https:\/\/schema.org\",\"@graph\":[{\"@type\":\"WebPage\",\"@id\":\"https:\/\/manskin.ethos-dev.ch\/fr\/produkt\/musgo-real-edt-classico-22\/\",\"url\":\"https:\/\/manskin.ethos-dev.ch\/fr\/produkt\/musgo-real-edt-classico-22\/\",\"name\":\"Musgo Real Edt. Classico 22 : \u00c9l\u00e9gance et fra\u00eecheur | %%sitename\",\"isPartOf\":{\"@id\":\"https:\/\/manskin.ethos-dev.ch\/#website\"},\"primaryImageOfPage\":{\"@id\":\"https:\/\/manskin.ethos-dev.ch\/fr\/produkt\/musgo-real-edt-classico-22\/#primaryimage\"},\"image\":{\"@id\":\"https:\/\/manskin.ethos-dev.ch\/fr\/produkt\/musgo-real-edt-classico-22\/#primaryimage\"},\"thumbnailUrl\":\"https:\/\/manskin.ethos-dev.ch\/wp-content\/uploads\/2025\/04\/Musgo-Real-Classico-Edt-High-Quality.webp\",\"datePublished\":\"2025-04-18T12:19:41+00:00\",\"dateModified\":\"2025-05-26T12:09:43+00:00\",\"description\":\"Musgo Real Edt. Classico 22 associe le geni\u00e8vre, le basilic et le citron frais pour une exp\u00e9rience olfactive unique. D\u00e9couvrez-le maintenant ! \ud83c\udf3f\",\"breadcrumb\":{\"@id\":\"https:\/\/manskin.ethos-dev.ch\/fr\/produkt\/musgo-real-edt-classico-22\/#breadcrumb\"},\"inLanguage\":\"fr-FR\",\"potentialAction\":[{\"@type\":\"ReadAction\",\"target\":[\"https:\/\/manskin.ethos-dev.ch\/fr\/produkt\/musgo-real-edt-classico-22\/\"]}]},{\"@type\":\"ImageObject\",\"inLanguage\":\"fr-FR\",\"@id\":\"https:\/\/manskin.ethos-dev.ch\/fr\/produkt\/musgo-real-edt-classico-22\/#primaryimage\",\"url\":\"https:\/\/manskin.ethos-dev.ch\/wp-content\/uploads\/2025\/04\/Musgo-Real-Classico-Edt-High-Quality.webp\",\"contentUrl\":\"https:\/\/manskin.ethos-dev.ch\/wp-content\/uploads\/2025\/04\/Musgo-Real-Classico-Edt-High-Quality.webp\",\"width\":1000,\"height\":1000},{\"@type\":\"BreadcrumbList\",\"@id\":\"https:\/\/manskin.ethos-dev.ch\/fr\/produkt\/musgo-real-edt-classico-22\/#breadcrumb\",\"itemListElement\":[{\"@type\":\"ListItem\",\"position\":1,\"name\":\"Startseite\",\"item\":\"https:\/\/manskin.ethos-dev.ch\/fr\/\"},{\"@type\":\"ListItem\",\"position\":2,\"name\":\"Shop\",\"item\":\"https:\/\/manskin.ethos-dev.ch\/shop\/\"},{\"@type\":\"ListItem\",\"position\":3,\"name\":\"Musgo Real &#8211; Eau de Toilette Classico 22\"}]},{\"@type\":\"WebSite\",\"@id\":\"https:\/\/manskin.ethos-dev.ch\/#website\",\"url\":\"https:\/\/manskin.ethos-dev.ch\/\",\"name\":\"Manskin.ch\",\"description\":\"Tous les produits de beaut\u00e9 pour les hommes les plus exigeants\",\"publisher\":{\"@id\":\"https:\/\/manskin.ethos-dev.ch\/#organization\"},\"potentialAction\":[{\"@type\":\"SearchAction\",\"target\":{\"@type\":\"EntryPoint\",\"urlTemplate\":\"https:\/\/manskin.ethos-dev.ch\/?s={search_term_string}\"},\"query-input\":{\"@type\":\"PropertyValueSpecification\",\"valueRequired\":true,\"valueName\":\"search_term_string\"}}],\"inLanguage\":\"fr-FR\"},{\"@type\":\"Organization\",\"@id\":\"https:\/\/manskin.ethos-dev.ch\/#organization\",\"name\":\"Manskin.ch - der Schweizer Onlineshop f\u00fcr qualit\u00e4tsstarke M\u00e4nnerpflege\",\"url\":\"https:\/\/manskin.ethos-dev.ch\/\",\"logo\":{\"@type\":\"ImageObject\",\"inLanguage\":\"fr-FR\",\"@id\":\"https:\/\/manskin.ethos-dev.ch\/#\/schema\/logo\/image\/\",\"url\":\"https:\/\/manskin.ethos-dev.ch\/wp-content\/uploads\/2021\/04\/cropped-logo_head.png\",\"contentUrl\":\"https:\/\/manskin.ethos-dev.ch\/wp-content\/uploads\/2021\/04\/cropped-logo_head.png\",\"width\":235,\"height\":75,\"caption\":\"Manskin.ch - der Schweizer Onlineshop f\u00fcr qualit\u00e4tsstarke M\u00e4nnerpflege\"},\"image\":{\"@id\":\"https:\/\/manskin.ethos-dev.ch\/#\/schema\/logo\/image\/\"},\"sameAs\":[\"https:\/\/www.facebook.com\/manskin.ch\",\"https:\/\/www.instagram.com\/manskin.ch\/\"]}]}<\/script>\n<meta property=\"product:price:amount\" content=\"105.00\" \/>\n<meta property=\"product:price:currency\" content=\"CHF\" \/>\n<meta property=\"og:availability\" content=\"instock\" \/>\n<meta property=\"product:availability\" content=\"instock\" \/>\n<meta property=\"product:retailer_item_id\" content=\"14264\" \/>\n<meta property=\"product:condition\" content=\"new\" \/>\n<!-- \/ Yoast SEO Premium plugin. -->","yoast_head_json":{"title":"Musgo Real Edt. Classico 22 : \u00c9l\u00e9gance et fra\u00eecheur | %%sitename","description":"Musgo Real Edt. Classico 22 associe le geni\u00e8vre, le basilic et le citron frais pour une exp\u00e9rience olfactive unique. D\u00e9couvrez-le maintenant ! \ud83c\udf3f","robots":{"index":"noindex","follow":"follow","max-snippet":"max-snippet:-1","max-image-preview":"max-image-preview:large","max-video-preview":"max-video-preview:-1"},"og_locale":"fr_FR","og_type":"article","og_title":"Musgo Real - Eau de Toilette Classico 22","og_description":"Musgo Real Edt. Classico 22 associe le geni\u00e8vre, le basilic et le citron frais pour une exp\u00e9rience olfactive unique. D\u00e9couvrez-le maintenant ! \ud83c\udf3f","og_url":"https:\/\/manskin.ethos-dev.ch\/fr\/produkt\/musgo-real-edt-classico-22\/","og_site_name":"Manskin.ch","article_publisher":"https:\/\/www.facebook.com\/manskin.ch","article_modified_time":"2025-05-26T12:09:43+00:00","og_image":[{"width":1000,"height":1000,"url":"https:\/\/manskin.ethos-dev.ch\/wp-content\/uploads\/2025\/04\/Musgo-Real-Classico-Edt-High-Quality.webp","type":"image\/webp"}],"twitter_card":"summary_large_image","twitter_misc":{"Prix":"105.00&#67;&#72;&#70;","Disponibilit\u00e9":"En stock"},"schema":{"@context":"https:\/\/schema.org","@graph":[{"@type":"WebPage","@id":"https:\/\/manskin.ethos-dev.ch\/fr\/produkt\/musgo-real-edt-classico-22\/","url":"https:\/\/manskin.ethos-dev.ch\/fr\/produkt\/musgo-real-edt-classico-22\/","name":"Musgo Real Edt. Classico 22 : \u00c9l\u00e9gance et fra\u00eecheur | %%sitename","isPartOf":{"@id":"https:\/\/manskin.ethos-dev.ch\/#website"},"primaryImageOfPage":{"@id":"https:\/\/manskin.ethos-dev.ch\/fr\/produkt\/musgo-real-edt-classico-22\/#primaryimage"},"image":{"@id":"https:\/\/manskin.ethos-dev.ch\/fr\/produkt\/musgo-real-edt-classico-22\/#primaryimage"},"thumbnailUrl":"https:\/\/manskin.ethos-dev.ch\/wp-content\/uploads\/2025\/04\/Musgo-Real-Classico-Edt-High-Quality.webp","datePublished":"2025-04-18T12:19:41+00:00","dateModified":"2025-05-26T12:09:43+00:00","description":"Musgo Real Edt. Classico 22 associe le geni\u00e8vre, le basilic et le citron frais pour une exp\u00e9rience olfactive unique. D\u00e9couvrez-le maintenant ! \ud83c\udf3f","breadcrumb":{"@id":"https:\/\/manskin.ethos-dev.ch\/fr\/produkt\/musgo-real-edt-classico-22\/#breadcrumb"},"inLanguage":"fr-FR","potentialAction":[{"@type":"ReadAction","target":["https:\/\/manskin.ethos-dev.ch\/fr\/produkt\/musgo-real-edt-classico-22\/"]}]},{"@type":"ImageObject","inLanguage":"fr-FR","@id":"https:\/\/manskin.ethos-dev.ch\/fr\/produkt\/musgo-real-edt-classico-22\/#primaryimage","url":"https:\/\/manskin.ethos-dev.ch\/wp-content\/uploads\/2025\/04\/Musgo-Real-Classico-Edt-High-Quality.webp","contentUrl":"https:\/\/manskin.ethos-dev.ch\/wp-content\/uploads\/2025\/04\/Musgo-Real-Classico-Edt-High-Quality.webp","width":1000,"height":1000},{"@type":"BreadcrumbList","@id":"https:\/\/manskin.ethos-dev.ch\/fr\/produkt\/musgo-real-edt-classico-22\/#breadcrumb","itemListElement":[{"@type":"ListItem","position":1,"name":"Startseite","item":"https:\/\/manskin.ethos-dev.ch\/fr\/"},{"@type":"ListItem","position":2,"name":"Shop","item":"https:\/\/manskin.ethos-dev.ch\/shop\/"},{"@type":"ListItem","position":3,"name":"Musgo Real &#8211; Eau de Toilette Classico 22"}]},{"@type":"WebSite","@id":"https:\/\/manskin.ethos-dev.ch\/#website","url":"https:\/\/manskin.ethos-dev.ch\/","name":"Manskin.ch","description":"Tous les produits de beaut\u00e9 pour les hommes les plus exigeants","publisher":{"@id":"https:\/\/manskin.ethos-dev.ch\/#organization"},"potentialAction":[{"@type":"SearchAction","target":{"@type":"EntryPoint","urlTemplate":"https:\/\/manskin.ethos-dev.ch\/?s={search_term_string}"},"query-input":{"@type":"PropertyValueSpecification","valueRequired":true,"valueName":"search_term_string"}}],"inLanguage":"fr-FR"},{"@type":"Organization","@id":"https:\/\/manskin.ethos-dev.ch\/#organization","name":"Manskin.ch - der Schweizer Onlineshop f\u00fcr qualit\u00e4tsstarke M\u00e4nnerpflege","url":"https:\/\/manskin.ethos-dev.ch\/","logo":{"@type":"ImageObject","inLanguage":"fr-FR","@id":"https:\/\/manskin.ethos-dev.ch\/#\/schema\/logo\/image\/","url":"https:\/\/manskin.ethos-dev.ch\/wp-content\/uploads\/2021\/04\/cropped-logo_head.png","contentUrl":"https:\/\/manskin.ethos-dev.ch\/wp-content\/uploads\/2021\/04\/cropped-logo_head.png","width":235,"height":75,"caption":"Manskin.ch - der Schweizer Onlineshop f\u00fcr qualit\u00e4tsstarke M\u00e4nnerpflege"},"image":{"@id":"https:\/\/manskin.ethos-dev.ch\/#\/schema\/logo\/image\/"},"sameAs":["https:\/\/www.facebook.com\/manskin.ch","https:\/\/www.instagram.com\/manskin.ch\/"]}]},"product_price_amount":"105.00","product_price_currency":"CHF","og_availability":"instock","product_availability":"instock","product_retailer_item_id":"14264","product_condition":"new"},"brands":[{"id":2770,"name":"Musgo Real","slug":"musgo-real"}],"_links":{"self":[{"href":"https:\/\/manskin.ethos-dev.ch\/fr\/wp-json\/wp\/v2\/product\/83635","targetHints":{"allow":["GET"]}}],"collection":[{"href":"https:\/\/manskin.ethos-dev.ch\/fr\/wp-json\/wp\/v2\/product"}],"about":[{"href":"https:\/\/manskin.ethos-dev.ch\/fr\/wp-json\/wp\/v2\/types\/product"}],"replies":[{"embeddable":true,"href":"https:\/\/manskin.ethos-dev.ch\/fr\/wp-json\/wp\/v2\/comments?post=83635"}],"wp:featuredmedia":[{"embeddable":true,"href":"https:\/\/manskin.ethos-dev.ch\/fr\/wp-json\/wp\/v2\/media\/83788"}],"wp:attachment":[{"href":"https:\/\/manskin.ethos-dev.ch\/fr\/wp-json\/wp\/v2\/media?parent=83635"}],"wp:term":[{"taxonomy":"pwb-brand","embeddable":true,"href":"https:\/\/manskin.ethos-dev.ch\/fr\/wp-json\/wp\/v2\/pwb-brand?post=83635"},{"taxonomy":"product_brand","embeddable":true,"href":"https:\/\/manskin.ethos-dev.ch\/fr\/wp-json\/wp\/v2\/product_brand?post=83635"},{"taxonomy":"product_cat","embeddable":true,"href":"https:\/\/manskin.ethos-dev.ch\/fr\/wp-json\/wp\/v2\/product_cat?post=83635"},{"taxonomy":"product_tag","embeddable":true,"href":"https:\/\/manskin.ethos-dev.ch\/fr\/wp-json\/wp\/v2\/product_tag?post=83635"}],"curies":[{"name":"wp","href":"https:\/\/api.w.org\/{rel}","templated":true}]}}