{"id":83645,"date":"2025-04-18T14:36:05","date_gmt":"2025-04-18T12:36:05","guid":{"rendered":"https:\/\/manskin.ethos-dev.ch\/produkt\/musgo-real-savon-luxueux-cordon-puro-sangue\/"},"modified":"2025-05-13T11:39:05","modified_gmt":"2025-05-13T09:39:05","slug":"musgo-real-soap-on-rope-classico-22","status":"publish","type":"product","link":"https:\/\/manskin.ethos-dev.ch\/fr\/produkt\/musgo-real-soap-on-rope-classico-22\/","title":{"rendered":"Musgo Real &#8211; Savon Luxueux avec cordon Puro Sangue"},"content":{"rendered":"<h2>Musgo Real &#8211; Savon luxueux pour le corps Classico 22 avec cordon &#8211; Frais, citrique, bois&eacute;<\/h2>\n<ul>\n<li>Musgo Real Cl&aacute;ssico 22 allie tradition et modernit&eacute; avec &eacute;l&eacute;gance et sobri&eacute;t&eacute; et rend hommage &agrave; l&#39;authenticit&eacute;.<\/li>\n<li>Une identit&eacute; discr&egrave;te mais puissante dans un parfum d&#39;agrumes frais et bois&eacute; qui parle &agrave; voix basse, mais qui reste dans les m&eacute;moires.<\/li>\n<li>Commence ta journ&eacute;e avec un petit luxe. Ce savon stimule les sens et laisse une sensation de fra&icirc;cheur et de tonicit&eacute;.<\/li>\n<li>Il est formul&eacute; &agrave; base de plantes et enrichi en huile de noix, qui apaise la peau tout en la nettoyant efficacement.<\/li>\n<li>Ce produit est &eacute;galement disponible dans un format de 190 gr avec un cordon.<br \/>\n\t&nbsp;<\/li>\n<li>Notes de t&ecirc;te : Bergamote, citron, note d&#39;ozone.<\/li>\n<li>Notes de c&oelig;ur : baies de geni&egrave;vre, basilic, menthe<\/li>\n<li>Notes de fond : Bois de c&egrave;dre, v&eacute;tiver, musc.<\/li>\n<\/ul>\n<p>Contenu 190 gr.<\/p>\n","protected":false},"excerpt":{"rendered":"<p>Musgo Real &#8211; Savon luxueux pour le corps Classico 22 avec cordon &#8211; Frais, citrique, bois&eacute; Musgo Real Cl&aacute;ssico 22 allie tradition et modernit&eacute; avec &eacute;l&eacute;gance et sobri&eacute;t&eacute; et rend hommage &agrave; l&#39;authenticit&eacute;. Une identit&eacute; discr&egrave;te mais puissante dans un parfum d&#39;agrumes frais et bois&eacute; qui parle &agrave; voix basse, mais qui reste dans les &#8230; <a title=\"Musgo Real &#8211; Savon Luxueux avec cordon Puro Sangue\" class=\"read-more\" href=\"https:\/\/manskin.ethos-dev.ch\/fr\/produkt\/musgo-real-soap-on-rope-classico-22\/\" aria-label=\"En savoir plus sur Musgo Real &#8211; Savon Luxueux avec cordon Puro Sangue\">Lire la suite<\/a><\/p>\n","protected":false},"featured_media":83819,"comment_status":"closed","ping_status":"closed","template":"","meta":{"_acf_changed":false},"pwb-brand":[2770],"product_brand":[],"product_cat":[2495,2382],"product_tag":[],"class_list":{"0":"post-83645","1":"product","2":"type-product","3":"status-publish","4":"has-post-thumbnail","6":"pwb-brand-musgo-real","7":"product_cat-savon-pour-le-corps","8":"product_cat-musgo-real-fr","9":"product_shipping_class-standard-fr","10":"sales-flash-overlay","11":"woocommerce-text-align-center","12":"woocommerce-image-align-center","13":"do-quantity-buttons","14":"has-subscription-plans","16":"first","17":"instock","18":"taxable","19":"shipping-taxable","20":"purchasable","21":"product-type-simple"},"acf":[],"yoast_head":"<!-- This site is optimized with the Yoast SEO Premium plugin v24.8 (Yoast SEO v25.4) - https:\/\/yoast.com\/wordpress\/plugins\/seo\/ -->\n<title>Musgo Real savon de luxe Classico 22 | Manskin.ch<\/title>\n<meta name=\"description\" content=\"Offre \u00e0 ta peau le savon Musgo Real Classico 22, un soin aux ingr\u00e9dients naturels et au parfum d\u00e9licieux. N&#039;h\u00e9site pas \u00e0 l&#039;essayer!\" \/>\n<meta name=\"robots\" content=\"noindex, follow, max-snippet:-1, max-image-preview:large, max-video-preview:-1\" \/>\n<meta property=\"og:locale\" content=\"fr_FR\" \/>\n<meta property=\"og:type\" content=\"article\" \/>\n<meta property=\"og:title\" content=\"Musgo Real - Savon Luxueux avec cordon Puro Sangue\" \/>\n<meta property=\"og:description\" content=\"Offre \u00e0 ta peau le savon Musgo Real Classico 22, un soin aux ingr\u00e9dients naturels et au parfum d\u00e9licieux. N&#039;h\u00e9site pas \u00e0 l&#039;essayer!\" \/>\n<meta property=\"og:url\" content=\"https:\/\/manskin.ethos-dev.ch\/fr\/produkt\/musgo-real-soap-on-rope-classico-22\/\" \/>\n<meta property=\"og:site_name\" content=\"Manskin.ch\" \/>\n<meta property=\"article:publisher\" content=\"https:\/\/www.facebook.com\/manskin.ch\" \/>\n<meta property=\"article:modified_time\" content=\"2025-05-13T09:39:05+00:00\" \/>\n<meta property=\"og:image\" content=\"https:\/\/manskin.ethos-dev.ch\/wp-content\/uploads\/2025\/04\/Musgo-Real-Classico-Soap-Rope-High-Quality.webp\" \/>\n\t<meta property=\"og:image:width\" content=\"1000\" \/>\n\t<meta property=\"og:image:height\" content=\"1000\" \/>\n\t<meta property=\"og:image:type\" content=\"image\/webp\" \/>\n<meta name=\"twitter:card\" content=\"summary_large_image\" \/>\n<meta name=\"twitter:label1\" content=\"Prix\" \/>\n\t<meta name=\"twitter:data1\" content=\"26.50&#067;&#072;&#070;\" \/>\n\t<meta name=\"twitter:label2\" content=\"Disponibilit\u00e9\" \/>\n\t<meta name=\"twitter:data2\" content=\"En stock\" \/>\n<script type=\"application\/ld+json\" class=\"yoast-schema-graph\">{\"@context\":\"https:\/\/schema.org\",\"@graph\":[{\"@type\":\"WebPage\",\"@id\":\"https:\/\/manskin.ethos-dev.ch\/fr\/produkt\/musgo-real-soap-on-rope-classico-22\/\",\"url\":\"https:\/\/manskin.ethos-dev.ch\/fr\/produkt\/musgo-real-soap-on-rope-classico-22\/\",\"name\":\"Musgo Real savon de luxe Classico 22 | Manskin.ch\",\"isPartOf\":{\"@id\":\"https:\/\/manskin.ethos-dev.ch\/#website\"},\"primaryImageOfPage\":{\"@id\":\"https:\/\/manskin.ethos-dev.ch\/fr\/produkt\/musgo-real-soap-on-rope-classico-22\/#primaryimage\"},\"image\":{\"@id\":\"https:\/\/manskin.ethos-dev.ch\/fr\/produkt\/musgo-real-soap-on-rope-classico-22\/#primaryimage\"},\"thumbnailUrl\":\"https:\/\/manskin.ethos-dev.ch\/wp-content\/uploads\/2025\/04\/Musgo-Real-Classico-Soap-Rope-High-Quality.webp\",\"datePublished\":\"2025-04-18T12:36:05+00:00\",\"dateModified\":\"2025-05-13T09:39:05+00:00\",\"description\":\"Offre \u00e0 ta peau le savon Musgo Real Classico 22, un soin aux ingr\u00e9dients naturels et au parfum d\u00e9licieux. N'h\u00e9site pas \u00e0 l'essayer!\",\"breadcrumb\":{\"@id\":\"https:\/\/manskin.ethos-dev.ch\/fr\/produkt\/musgo-real-soap-on-rope-classico-22\/#breadcrumb\"},\"inLanguage\":\"fr-FR\",\"potentialAction\":[{\"@type\":\"ReadAction\",\"target\":[\"https:\/\/manskin.ethos-dev.ch\/fr\/produkt\/musgo-real-soap-on-rope-classico-22\/\"]}]},{\"@type\":\"ImageObject\",\"inLanguage\":\"fr-FR\",\"@id\":\"https:\/\/manskin.ethos-dev.ch\/fr\/produkt\/musgo-real-soap-on-rope-classico-22\/#primaryimage\",\"url\":\"https:\/\/manskin.ethos-dev.ch\/wp-content\/uploads\/2025\/04\/Musgo-Real-Classico-Soap-Rope-High-Quality.webp\",\"contentUrl\":\"https:\/\/manskin.ethos-dev.ch\/wp-content\/uploads\/2025\/04\/Musgo-Real-Classico-Soap-Rope-High-Quality.webp\",\"width\":1000,\"height\":1000},{\"@type\":\"BreadcrumbList\",\"@id\":\"https:\/\/manskin.ethos-dev.ch\/fr\/produkt\/musgo-real-soap-on-rope-classico-22\/#breadcrumb\",\"itemListElement\":[{\"@type\":\"ListItem\",\"position\":1,\"name\":\"Startseite\",\"item\":\"https:\/\/manskin.ethos-dev.ch\/fr\/\"},{\"@type\":\"ListItem\",\"position\":2,\"name\":\"Shop\",\"item\":\"https:\/\/manskin.ethos-dev.ch\/shop\/\"},{\"@type\":\"ListItem\",\"position\":3,\"name\":\"Musgo Real &#8211; Savon Luxueux avec cordon Puro Sangue\"}]},{\"@type\":\"WebSite\",\"@id\":\"https:\/\/manskin.ethos-dev.ch\/#website\",\"url\":\"https:\/\/manskin.ethos-dev.ch\/\",\"name\":\"Manskin.ch\",\"description\":\"Tous les produits de beaut\u00e9 pour les hommes les plus exigeants\",\"publisher\":{\"@id\":\"https:\/\/manskin.ethos-dev.ch\/#organization\"},\"potentialAction\":[{\"@type\":\"SearchAction\",\"target\":{\"@type\":\"EntryPoint\",\"urlTemplate\":\"https:\/\/manskin.ethos-dev.ch\/?s={search_term_string}\"},\"query-input\":{\"@type\":\"PropertyValueSpecification\",\"valueRequired\":true,\"valueName\":\"search_term_string\"}}],\"inLanguage\":\"fr-FR\"},{\"@type\":\"Organization\",\"@id\":\"https:\/\/manskin.ethos-dev.ch\/#organization\",\"name\":\"Manskin.ch - der Schweizer Onlineshop f\u00fcr qualit\u00e4tsstarke M\u00e4nnerpflege\",\"url\":\"https:\/\/manskin.ethos-dev.ch\/\",\"logo\":{\"@type\":\"ImageObject\",\"inLanguage\":\"fr-FR\",\"@id\":\"https:\/\/manskin.ethos-dev.ch\/#\/schema\/logo\/image\/\",\"url\":\"https:\/\/manskin.ethos-dev.ch\/wp-content\/uploads\/2021\/04\/cropped-logo_head.png\",\"contentUrl\":\"https:\/\/manskin.ethos-dev.ch\/wp-content\/uploads\/2021\/04\/cropped-logo_head.png\",\"width\":235,\"height\":75,\"caption\":\"Manskin.ch - der Schweizer Onlineshop f\u00fcr qualit\u00e4tsstarke M\u00e4nnerpflege\"},\"image\":{\"@id\":\"https:\/\/manskin.ethos-dev.ch\/#\/schema\/logo\/image\/\"},\"sameAs\":[\"https:\/\/www.facebook.com\/manskin.ch\",\"https:\/\/www.instagram.com\/manskin.ch\/\"]}]}<\/script>\n<meta property=\"product:price:amount\" content=\"26.50\" \/>\n<meta property=\"product:price:currency\" content=\"CHF\" \/>\n<meta property=\"og:availability\" content=\"instock\" \/>\n<meta property=\"product:availability\" content=\"instock\" \/>\n<meta property=\"product:retailer_item_id\" content=\"14265\" \/>\n<meta property=\"product:condition\" content=\"new\" \/>\n<!-- \/ Yoast SEO Premium plugin. -->","yoast_head_json":{"title":"Musgo Real savon de luxe Classico 22 | Manskin.ch","description":"Offre \u00e0 ta peau le savon Musgo Real Classico 22, un soin aux ingr\u00e9dients naturels et au parfum d\u00e9licieux. N'h\u00e9site pas \u00e0 l'essayer!","robots":{"index":"noindex","follow":"follow","max-snippet":"max-snippet:-1","max-image-preview":"max-image-preview:large","max-video-preview":"max-video-preview:-1"},"og_locale":"fr_FR","og_type":"article","og_title":"Musgo Real - Savon Luxueux avec cordon Puro Sangue","og_description":"Offre \u00e0 ta peau le savon Musgo Real Classico 22, un soin aux ingr\u00e9dients naturels et au parfum d\u00e9licieux. N'h\u00e9site pas \u00e0 l'essayer!","og_url":"https:\/\/manskin.ethos-dev.ch\/fr\/produkt\/musgo-real-soap-on-rope-classico-22\/","og_site_name":"Manskin.ch","article_publisher":"https:\/\/www.facebook.com\/manskin.ch","article_modified_time":"2025-05-13T09:39:05+00:00","og_image":[{"width":1000,"height":1000,"url":"https:\/\/manskin.ethos-dev.ch\/wp-content\/uploads\/2025\/04\/Musgo-Real-Classico-Soap-Rope-High-Quality.webp","type":"image\/webp"}],"twitter_card":"summary_large_image","twitter_misc":{"Prix":"26.50&#67;&#72;&#70;","Disponibilit\u00e9":"En stock"},"schema":{"@context":"https:\/\/schema.org","@graph":[{"@type":"WebPage","@id":"https:\/\/manskin.ethos-dev.ch\/fr\/produkt\/musgo-real-soap-on-rope-classico-22\/","url":"https:\/\/manskin.ethos-dev.ch\/fr\/produkt\/musgo-real-soap-on-rope-classico-22\/","name":"Musgo Real savon de luxe Classico 22 | Manskin.ch","isPartOf":{"@id":"https:\/\/manskin.ethos-dev.ch\/#website"},"primaryImageOfPage":{"@id":"https:\/\/manskin.ethos-dev.ch\/fr\/produkt\/musgo-real-soap-on-rope-classico-22\/#primaryimage"},"image":{"@id":"https:\/\/manskin.ethos-dev.ch\/fr\/produkt\/musgo-real-soap-on-rope-classico-22\/#primaryimage"},"thumbnailUrl":"https:\/\/manskin.ethos-dev.ch\/wp-content\/uploads\/2025\/04\/Musgo-Real-Classico-Soap-Rope-High-Quality.webp","datePublished":"2025-04-18T12:36:05+00:00","dateModified":"2025-05-13T09:39:05+00:00","description":"Offre \u00e0 ta peau le savon Musgo Real Classico 22, un soin aux ingr\u00e9dients naturels et au parfum d\u00e9licieux. N'h\u00e9site pas \u00e0 l'essayer!","breadcrumb":{"@id":"https:\/\/manskin.ethos-dev.ch\/fr\/produkt\/musgo-real-soap-on-rope-classico-22\/#breadcrumb"},"inLanguage":"fr-FR","potentialAction":[{"@type":"ReadAction","target":["https:\/\/manskin.ethos-dev.ch\/fr\/produkt\/musgo-real-soap-on-rope-classico-22\/"]}]},{"@type":"ImageObject","inLanguage":"fr-FR","@id":"https:\/\/manskin.ethos-dev.ch\/fr\/produkt\/musgo-real-soap-on-rope-classico-22\/#primaryimage","url":"https:\/\/manskin.ethos-dev.ch\/wp-content\/uploads\/2025\/04\/Musgo-Real-Classico-Soap-Rope-High-Quality.webp","contentUrl":"https:\/\/manskin.ethos-dev.ch\/wp-content\/uploads\/2025\/04\/Musgo-Real-Classico-Soap-Rope-High-Quality.webp","width":1000,"height":1000},{"@type":"BreadcrumbList","@id":"https:\/\/manskin.ethos-dev.ch\/fr\/produkt\/musgo-real-soap-on-rope-classico-22\/#breadcrumb","itemListElement":[{"@type":"ListItem","position":1,"name":"Startseite","item":"https:\/\/manskin.ethos-dev.ch\/fr\/"},{"@type":"ListItem","position":2,"name":"Shop","item":"https:\/\/manskin.ethos-dev.ch\/shop\/"},{"@type":"ListItem","position":3,"name":"Musgo Real &#8211; Savon Luxueux avec cordon Puro Sangue"}]},{"@type":"WebSite","@id":"https:\/\/manskin.ethos-dev.ch\/#website","url":"https:\/\/manskin.ethos-dev.ch\/","name":"Manskin.ch","description":"Tous les produits de beaut\u00e9 pour les hommes les plus exigeants","publisher":{"@id":"https:\/\/manskin.ethos-dev.ch\/#organization"},"potentialAction":[{"@type":"SearchAction","target":{"@type":"EntryPoint","urlTemplate":"https:\/\/manskin.ethos-dev.ch\/?s={search_term_string}"},"query-input":{"@type":"PropertyValueSpecification","valueRequired":true,"valueName":"search_term_string"}}],"inLanguage":"fr-FR"},{"@type":"Organization","@id":"https:\/\/manskin.ethos-dev.ch\/#organization","name":"Manskin.ch - der Schweizer Onlineshop f\u00fcr qualit\u00e4tsstarke M\u00e4nnerpflege","url":"https:\/\/manskin.ethos-dev.ch\/","logo":{"@type":"ImageObject","inLanguage":"fr-FR","@id":"https:\/\/manskin.ethos-dev.ch\/#\/schema\/logo\/image\/","url":"https:\/\/manskin.ethos-dev.ch\/wp-content\/uploads\/2021\/04\/cropped-logo_head.png","contentUrl":"https:\/\/manskin.ethos-dev.ch\/wp-content\/uploads\/2021\/04\/cropped-logo_head.png","width":235,"height":75,"caption":"Manskin.ch - der Schweizer Onlineshop f\u00fcr qualit\u00e4tsstarke M\u00e4nnerpflege"},"image":{"@id":"https:\/\/manskin.ethos-dev.ch\/#\/schema\/logo\/image\/"},"sameAs":["https:\/\/www.facebook.com\/manskin.ch","https:\/\/www.instagram.com\/manskin.ch\/"]}]},"product_price_amount":"26.50","product_price_currency":"CHF","og_availability":"instock","product_availability":"instock","product_retailer_item_id":"14265","product_condition":"new"},"brands":[{"id":2770,"name":"Musgo Real","slug":"musgo-real"}],"_links":{"self":[{"href":"https:\/\/manskin.ethos-dev.ch\/fr\/wp-json\/wp\/v2\/product\/83645","targetHints":{"allow":["GET"]}}],"collection":[{"href":"https:\/\/manskin.ethos-dev.ch\/fr\/wp-json\/wp\/v2\/product"}],"about":[{"href":"https:\/\/manskin.ethos-dev.ch\/fr\/wp-json\/wp\/v2\/types\/product"}],"replies":[{"embeddable":true,"href":"https:\/\/manskin.ethos-dev.ch\/fr\/wp-json\/wp\/v2\/comments?post=83645"}],"wp:featuredmedia":[{"embeddable":true,"href":"https:\/\/manskin.ethos-dev.ch\/fr\/wp-json\/wp\/v2\/media\/83819"}],"wp:attachment":[{"href":"https:\/\/manskin.ethos-dev.ch\/fr\/wp-json\/wp\/v2\/media?parent=83645"}],"wp:term":[{"taxonomy":"pwb-brand","embeddable":true,"href":"https:\/\/manskin.ethos-dev.ch\/fr\/wp-json\/wp\/v2\/pwb-brand?post=83645"},{"taxonomy":"product_brand","embeddable":true,"href":"https:\/\/manskin.ethos-dev.ch\/fr\/wp-json\/wp\/v2\/product_brand?post=83645"},{"taxonomy":"product_cat","embeddable":true,"href":"https:\/\/manskin.ethos-dev.ch\/fr\/wp-json\/wp\/v2\/product_cat?post=83645"},{"taxonomy":"product_tag","embeddable":true,"href":"https:\/\/manskin.ethos-dev.ch\/fr\/wp-json\/wp\/v2\/product_tag?post=83645"}],"curies":[{"name":"wp","href":"https:\/\/api.w.org\/{rel}","templated":true}]}}