{"id":84148,"date":"2025-04-27T17:12:48","date_gmt":"2025-04-27T15:12:48","guid":{"rendered":"https:\/\/manskin.ethos-dev.ch\/produkt\/murdock-london-beard-heroes-3\/"},"modified":"2025-04-27T18:11:52","modified_gmt":"2025-04-27T16:11:52","slug":"murdock-london-coffret-hydratant-shampooing-barbe","status":"publish","type":"product","link":"https:\/\/manskin.ethos-dev.ch\/fr\/produkt\/murdock-london-coffret-hydratant-shampooing-barbe\/","title":{"rendered":"Murdock London &#8211; Coffret Cadeau Hydratant &amp; Shampooing Barbe"},"content":{"rendered":"<h2>&nbsp;Murdock London &#8211; Coffret Cadeau Hydratant &amp; Shampooing Barbe<\/h2>\n<p>Set de 2 produits de soin pour la barbe dans un coffret cadeau Murdock. Tout ce dont une barbe a besoin pour une sant&eacute; optimale et un minimum de d&eacute;mangeaisons, en deux &eacute;tapes simples.<\/p>\n<ul>\n<li>\u2028<strong>Shampooing pour barbe 50 ml:<\/strong> le shampooing pour barbe a un pH neutre et ne contient pas de sulfates, ce qui permet &agrave; chaque barbe de rester saine et douce.<br \/>\n\t&nbsp;<\/li>\n<li>\u2028Beard Moisturiser Hydratant pour barbe 150 ml : ce produit tout-en-un nourrit et adoucit les poils du visage et la peau en dessous. Ta barbe aura l&#39;air plus saine et sera plus agr&eacute;able au toucher pour toi et tous ceux qui l&#39;approchent.<\/li>\n<\/ul>\n","protected":false},"excerpt":{"rendered":"<p>2 produits de soins de la barbe pour une barbe saine<\/p>\n","protected":false},"featured_media":84150,"comment_status":"closed","ping_status":"closed","template":"","meta":{"_acf_changed":false},"pwb-brand":[2752],"product_brand":[],"product_cat":[2313,2255,2279,2326,2274],"product_tag":[],"class_list":{"0":"post-84148","1":"product","2":"type-product","3":"status-publish","4":"has-post-thumbnail","6":"pwb-brand-murdock-london","7":"product_cat-soin-special-pour-barbe","8":"product_cat-baume-pour-barbe-fr","9":"product_cat-shampoing-pour-barbe-fr","10":"product_cat-cadeaux","11":"product_cat-murdock-london-fr","12":"product_shipping_class-standard-fr","13":"sales-flash-overlay","14":"woocommerce-text-align-center","15":"woocommerce-image-align-center","16":"do-quantity-buttons","17":"wc-has-gallery","18":"has-subscription-plans","20":"first","21":"instock","22":"taxable","23":"shipping-taxable","24":"purchasable","25":"product-type-simple"},"acf":[],"yoast_head":"<!-- This site is optimized with the Yoast SEO Premium plugin v24.8 (Yoast SEO v25.4) - https:\/\/yoast.com\/wordpress\/plugins\/seo\/ -->\n<title>| Manskin.ch<\/title>\n<meta name=\"description\" content=\"Des produits de haute qualit\u00e9 pour une barbe en bonne sant\u00e9. Le cadeau parfait pour les amateurs de barbe ! \ud83e\uddd4\ud83c\udffb\" \/>\n<meta name=\"robots\" content=\"noindex, follow, max-snippet:-1, max-image-preview:large, max-video-preview:-1\" \/>\n<meta property=\"og:locale\" content=\"fr_FR\" \/>\n<meta property=\"og:type\" content=\"article\" \/>\n<meta property=\"og:title\" content=\"Murdock London - Coffret Cadeau Hydratant &amp; Shampooing Barbe\" \/>\n<meta property=\"og:description\" content=\"Des produits de haute qualit\u00e9 pour une barbe en bonne sant\u00e9. Le cadeau parfait pour les amateurs de barbe ! \ud83e\uddd4\ud83c\udffb\" \/>\n<meta property=\"og:url\" content=\"https:\/\/manskin.ethos-dev.ch\/fr\/produkt\/murdock-london-coffret-hydratant-shampooing-barbe\/\" \/>\n<meta property=\"og:site_name\" content=\"Manskin.ch\" \/>\n<meta property=\"article:publisher\" content=\"https:\/\/www.facebook.com\/manskin.ch\" \/>\n<meta property=\"article:modified_time\" content=\"2025-04-27T16:11:52+00:00\" \/>\n<meta property=\"og:image\" content=\"https:\/\/manskin.ethos-dev.ch\/wp-content\/uploads\/2025\/04\/Murdock-London-No-Fuss-Beard-2-High-Quality.webp\" \/>\n\t<meta property=\"og:image:width\" content=\"1000\" \/>\n\t<meta property=\"og:image:height\" content=\"1000\" \/>\n\t<meta property=\"og:image:type\" content=\"image\/webp\" \/>\n<meta name=\"twitter:card\" content=\"summary_large_image\" \/>\n<meta name=\"twitter:label1\" content=\"Prix\" \/>\n\t<meta name=\"twitter:data1\" content=\"35.00&#067;&#072;&#070;\" \/>\n\t<meta name=\"twitter:label2\" content=\"Disponibilit\u00e9\" \/>\n\t<meta name=\"twitter:data2\" content=\"En stock\" \/>\n<script type=\"application\/ld+json\" class=\"yoast-schema-graph\">{\"@context\":\"https:\/\/schema.org\",\"@graph\":[{\"@type\":\"WebPage\",\"@id\":\"https:\/\/manskin.ethos-dev.ch\/fr\/produkt\/murdock-london-coffret-hydratant-shampooing-barbe\/\",\"url\":\"https:\/\/manskin.ethos-dev.ch\/fr\/produkt\/murdock-london-coffret-hydratant-shampooing-barbe\/\",\"name\":\"| Manskin.ch\",\"isPartOf\":{\"@id\":\"https:\/\/manskin.ethos-dev.ch\/#website\"},\"primaryImageOfPage\":{\"@id\":\"https:\/\/manskin.ethos-dev.ch\/fr\/produkt\/murdock-london-coffret-hydratant-shampooing-barbe\/#primaryimage\"},\"image\":{\"@id\":\"https:\/\/manskin.ethos-dev.ch\/fr\/produkt\/murdock-london-coffret-hydratant-shampooing-barbe\/#primaryimage\"},\"thumbnailUrl\":\"https:\/\/manskin.ethos-dev.ch\/wp-content\/uploads\/2025\/04\/Murdock-London-No-Fuss-Beard-2-High-Quality.webp\",\"datePublished\":\"2025-04-27T15:12:48+00:00\",\"dateModified\":\"2025-04-27T16:11:52+00:00\",\"description\":\"Des produits de haute qualit\u00e9 pour une barbe en bonne sant\u00e9. Le cadeau parfait pour les amateurs de barbe ! \ud83e\uddd4\ud83c\udffb\",\"breadcrumb\":{\"@id\":\"https:\/\/manskin.ethos-dev.ch\/fr\/produkt\/murdock-london-coffret-hydratant-shampooing-barbe\/#breadcrumb\"},\"inLanguage\":\"fr-FR\",\"potentialAction\":[{\"@type\":\"ReadAction\",\"target\":[\"https:\/\/manskin.ethos-dev.ch\/fr\/produkt\/murdock-london-coffret-hydratant-shampooing-barbe\/\"]}]},{\"@type\":\"ImageObject\",\"inLanguage\":\"fr-FR\",\"@id\":\"https:\/\/manskin.ethos-dev.ch\/fr\/produkt\/murdock-london-coffret-hydratant-shampooing-barbe\/#primaryimage\",\"url\":\"https:\/\/manskin.ethos-dev.ch\/wp-content\/uploads\/2025\/04\/Murdock-London-No-Fuss-Beard-2-High-Quality.webp\",\"contentUrl\":\"https:\/\/manskin.ethos-dev.ch\/wp-content\/uploads\/2025\/04\/Murdock-London-No-Fuss-Beard-2-High-Quality.webp\",\"width\":1000,\"height\":1000},{\"@type\":\"BreadcrumbList\",\"@id\":\"https:\/\/manskin.ethos-dev.ch\/fr\/produkt\/murdock-london-coffret-hydratant-shampooing-barbe\/#breadcrumb\",\"itemListElement\":[{\"@type\":\"ListItem\",\"position\":1,\"name\":\"Startseite\",\"item\":\"https:\/\/manskin.ethos-dev.ch\/fr\/\"},{\"@type\":\"ListItem\",\"position\":2,\"name\":\"Shop\",\"item\":\"https:\/\/manskin.ethos-dev.ch\/shop\/\"},{\"@type\":\"ListItem\",\"position\":3,\"name\":\"Murdock London &#8211; Coffret Cadeau Hydratant &amp; Shampooing Barbe\"}]},{\"@type\":\"WebSite\",\"@id\":\"https:\/\/manskin.ethos-dev.ch\/#website\",\"url\":\"https:\/\/manskin.ethos-dev.ch\/\",\"name\":\"Manskin.ch\",\"description\":\"Tous les produits de beaut\u00e9 pour les hommes les plus exigeants\",\"publisher\":{\"@id\":\"https:\/\/manskin.ethos-dev.ch\/#organization\"},\"potentialAction\":[{\"@type\":\"SearchAction\",\"target\":{\"@type\":\"EntryPoint\",\"urlTemplate\":\"https:\/\/manskin.ethos-dev.ch\/?s={search_term_string}\"},\"query-input\":{\"@type\":\"PropertyValueSpecification\",\"valueRequired\":true,\"valueName\":\"search_term_string\"}}],\"inLanguage\":\"fr-FR\"},{\"@type\":\"Organization\",\"@id\":\"https:\/\/manskin.ethos-dev.ch\/#organization\",\"name\":\"Manskin.ch - der Schweizer Onlineshop f\u00fcr qualit\u00e4tsstarke M\u00e4nnerpflege\",\"url\":\"https:\/\/manskin.ethos-dev.ch\/\",\"logo\":{\"@type\":\"ImageObject\",\"inLanguage\":\"fr-FR\",\"@id\":\"https:\/\/manskin.ethos-dev.ch\/#\/schema\/logo\/image\/\",\"url\":\"https:\/\/manskin.ethos-dev.ch\/wp-content\/uploads\/2021\/04\/cropped-logo_head.png\",\"contentUrl\":\"https:\/\/manskin.ethos-dev.ch\/wp-content\/uploads\/2021\/04\/cropped-logo_head.png\",\"width\":235,\"height\":75,\"caption\":\"Manskin.ch - der Schweizer Onlineshop f\u00fcr qualit\u00e4tsstarke M\u00e4nnerpflege\"},\"image\":{\"@id\":\"https:\/\/manskin.ethos-dev.ch\/#\/schema\/logo\/image\/\"},\"sameAs\":[\"https:\/\/www.facebook.com\/manskin.ch\",\"https:\/\/www.instagram.com\/manskin.ch\/\"]}]}<\/script>\n<meta property=\"product:price:amount\" content=\"35.00\" \/>\n<meta property=\"product:price:currency\" content=\"CHF\" \/>\n<meta property=\"og:availability\" content=\"instock\" \/>\n<meta property=\"product:availability\" content=\"instock\" \/>\n<meta property=\"product:retailer_item_id\" content=\"14273\" \/>\n<meta property=\"product:condition\" content=\"new\" \/>\n<!-- \/ Yoast SEO Premium plugin. -->","yoast_head_json":{"title":"| Manskin.ch","description":"Des produits de haute qualit\u00e9 pour une barbe en bonne sant\u00e9. Le cadeau parfait pour les amateurs de barbe ! \ud83e\uddd4\ud83c\udffb","robots":{"index":"noindex","follow":"follow","max-snippet":"max-snippet:-1","max-image-preview":"max-image-preview:large","max-video-preview":"max-video-preview:-1"},"og_locale":"fr_FR","og_type":"article","og_title":"Murdock London - Coffret Cadeau Hydratant &amp; Shampooing Barbe","og_description":"Des produits de haute qualit\u00e9 pour une barbe en bonne sant\u00e9. Le cadeau parfait pour les amateurs de barbe ! \ud83e\uddd4\ud83c\udffb","og_url":"https:\/\/manskin.ethos-dev.ch\/fr\/produkt\/murdock-london-coffret-hydratant-shampooing-barbe\/","og_site_name":"Manskin.ch","article_publisher":"https:\/\/www.facebook.com\/manskin.ch","article_modified_time":"2025-04-27T16:11:52+00:00","og_image":[{"width":1000,"height":1000,"url":"https:\/\/manskin.ethos-dev.ch\/wp-content\/uploads\/2025\/04\/Murdock-London-No-Fuss-Beard-2-High-Quality.webp","type":"image\/webp"}],"twitter_card":"summary_large_image","twitter_misc":{"Prix":"35.00&#67;&#72;&#70;","Disponibilit\u00e9":"En stock"},"schema":{"@context":"https:\/\/schema.org","@graph":[{"@type":"WebPage","@id":"https:\/\/manskin.ethos-dev.ch\/fr\/produkt\/murdock-london-coffret-hydratant-shampooing-barbe\/","url":"https:\/\/manskin.ethos-dev.ch\/fr\/produkt\/murdock-london-coffret-hydratant-shampooing-barbe\/","name":"| Manskin.ch","isPartOf":{"@id":"https:\/\/manskin.ethos-dev.ch\/#website"},"primaryImageOfPage":{"@id":"https:\/\/manskin.ethos-dev.ch\/fr\/produkt\/murdock-london-coffret-hydratant-shampooing-barbe\/#primaryimage"},"image":{"@id":"https:\/\/manskin.ethos-dev.ch\/fr\/produkt\/murdock-london-coffret-hydratant-shampooing-barbe\/#primaryimage"},"thumbnailUrl":"https:\/\/manskin.ethos-dev.ch\/wp-content\/uploads\/2025\/04\/Murdock-London-No-Fuss-Beard-2-High-Quality.webp","datePublished":"2025-04-27T15:12:48+00:00","dateModified":"2025-04-27T16:11:52+00:00","description":"Des produits de haute qualit\u00e9 pour une barbe en bonne sant\u00e9. Le cadeau parfait pour les amateurs de barbe ! \ud83e\uddd4\ud83c\udffb","breadcrumb":{"@id":"https:\/\/manskin.ethos-dev.ch\/fr\/produkt\/murdock-london-coffret-hydratant-shampooing-barbe\/#breadcrumb"},"inLanguage":"fr-FR","potentialAction":[{"@type":"ReadAction","target":["https:\/\/manskin.ethos-dev.ch\/fr\/produkt\/murdock-london-coffret-hydratant-shampooing-barbe\/"]}]},{"@type":"ImageObject","inLanguage":"fr-FR","@id":"https:\/\/manskin.ethos-dev.ch\/fr\/produkt\/murdock-london-coffret-hydratant-shampooing-barbe\/#primaryimage","url":"https:\/\/manskin.ethos-dev.ch\/wp-content\/uploads\/2025\/04\/Murdock-London-No-Fuss-Beard-2-High-Quality.webp","contentUrl":"https:\/\/manskin.ethos-dev.ch\/wp-content\/uploads\/2025\/04\/Murdock-London-No-Fuss-Beard-2-High-Quality.webp","width":1000,"height":1000},{"@type":"BreadcrumbList","@id":"https:\/\/manskin.ethos-dev.ch\/fr\/produkt\/murdock-london-coffret-hydratant-shampooing-barbe\/#breadcrumb","itemListElement":[{"@type":"ListItem","position":1,"name":"Startseite","item":"https:\/\/manskin.ethos-dev.ch\/fr\/"},{"@type":"ListItem","position":2,"name":"Shop","item":"https:\/\/manskin.ethos-dev.ch\/shop\/"},{"@type":"ListItem","position":3,"name":"Murdock London &#8211; Coffret Cadeau Hydratant &amp; Shampooing Barbe"}]},{"@type":"WebSite","@id":"https:\/\/manskin.ethos-dev.ch\/#website","url":"https:\/\/manskin.ethos-dev.ch\/","name":"Manskin.ch","description":"Tous les produits de beaut\u00e9 pour les hommes les plus exigeants","publisher":{"@id":"https:\/\/manskin.ethos-dev.ch\/#organization"},"potentialAction":[{"@type":"SearchAction","target":{"@type":"EntryPoint","urlTemplate":"https:\/\/manskin.ethos-dev.ch\/?s={search_term_string}"},"query-input":{"@type":"PropertyValueSpecification","valueRequired":true,"valueName":"search_term_string"}}],"inLanguage":"fr-FR"},{"@type":"Organization","@id":"https:\/\/manskin.ethos-dev.ch\/#organization","name":"Manskin.ch - der Schweizer Onlineshop f\u00fcr qualit\u00e4tsstarke M\u00e4nnerpflege","url":"https:\/\/manskin.ethos-dev.ch\/","logo":{"@type":"ImageObject","inLanguage":"fr-FR","@id":"https:\/\/manskin.ethos-dev.ch\/#\/schema\/logo\/image\/","url":"https:\/\/manskin.ethos-dev.ch\/wp-content\/uploads\/2021\/04\/cropped-logo_head.png","contentUrl":"https:\/\/manskin.ethos-dev.ch\/wp-content\/uploads\/2021\/04\/cropped-logo_head.png","width":235,"height":75,"caption":"Manskin.ch - der Schweizer Onlineshop f\u00fcr qualit\u00e4tsstarke M\u00e4nnerpflege"},"image":{"@id":"https:\/\/manskin.ethos-dev.ch\/#\/schema\/logo\/image\/"},"sameAs":["https:\/\/www.facebook.com\/manskin.ch","https:\/\/www.instagram.com\/manskin.ch\/"]}]},"product_price_amount":"35.00","product_price_currency":"CHF","og_availability":"instock","product_availability":"instock","product_retailer_item_id":"14273","product_condition":"new"},"brands":[{"id":2752,"name":"Murdock London","slug":"murdock-london"}],"_links":{"self":[{"href":"https:\/\/manskin.ethos-dev.ch\/fr\/wp-json\/wp\/v2\/product\/84148","targetHints":{"allow":["GET"]}}],"collection":[{"href":"https:\/\/manskin.ethos-dev.ch\/fr\/wp-json\/wp\/v2\/product"}],"about":[{"href":"https:\/\/manskin.ethos-dev.ch\/fr\/wp-json\/wp\/v2\/types\/product"}],"replies":[{"embeddable":true,"href":"https:\/\/manskin.ethos-dev.ch\/fr\/wp-json\/wp\/v2\/comments?post=84148"}],"wp:featuredmedia":[{"embeddable":true,"href":"https:\/\/manskin.ethos-dev.ch\/fr\/wp-json\/wp\/v2\/media\/84150"}],"wp:attachment":[{"href":"https:\/\/manskin.ethos-dev.ch\/fr\/wp-json\/wp\/v2\/media?parent=84148"}],"wp:term":[{"taxonomy":"pwb-brand","embeddable":true,"href":"https:\/\/manskin.ethos-dev.ch\/fr\/wp-json\/wp\/v2\/pwb-brand?post=84148"},{"taxonomy":"product_brand","embeddable":true,"href":"https:\/\/manskin.ethos-dev.ch\/fr\/wp-json\/wp\/v2\/product_brand?post=84148"},{"taxonomy":"product_cat","embeddable":true,"href":"https:\/\/manskin.ethos-dev.ch\/fr\/wp-json\/wp\/v2\/product_cat?post=84148"},{"taxonomy":"product_tag","embeddable":true,"href":"https:\/\/manskin.ethos-dev.ch\/fr\/wp-json\/wp\/v2\/product_tag?post=84148"}],"curies":[{"name":"wp","href":"https:\/\/api.w.org\/{rel}","templated":true}]}}