{"id":85113,"date":"2025-05-19T08:40:57","date_gmt":"2025-05-19T06:40:57","guid":{"rendered":"https:\/\/manskin.ethos-dev.ch\/produkt\/anthony-hydrating-body-bar-2\/"},"modified":"2025-05-19T09:01:35","modified_gmt":"2025-05-19T07:01:35","slug":"anthony-hydrating-body-bar","status":"publish","type":"product","link":"https:\/\/manskin.ethos-dev.ch\/fr\/produkt\/anthony-hydrating-body-bar\/","title":{"rendered":"Anthony &#8211; K\u00f6rperseife Buff It Hydrating Body Bar"},"content":{"rendered":"<h2>Anthony &ndash; Savon Buff It Hydrating Body Bar<\/h2>\n<ul>\n<li>D&eacute;couvre la combinaison parfaite de nettoyage, de soin et de fra&icirc;cheur avec le Buff It Hydrating Body Bar d&#39;Anthony. Ce savon pour le corps de qualit&eacute; sup&eacute;rieure a &eacute;t&eacute; sp&eacute;cialement con&ccedil;u pour la peau des hommes et leur offre une exp&eacute;rience de douche vivifiante &#8211; jour apr&egrave;s jour.<\/li>\n<li>La formule douce avec des particules exfoliantes d&eacute;licates &eacute;limine les cellules mortes de la peau, tandis que des ingr&eacute;dients nourrissants comme le beurre de karit&eacute; et l&#39;aloe vera hydratent intens&eacute;ment. Ta peau est sensiblement plus lisse, plus fra&icirc;che et plus soign&eacute;e &#8211; sans se dess&eacute;cher.<\/li>\n<\/ul>\n<p>Les avantages en un coup d&#39;&oelig;il:<\/p>\n<ul>\n<li>Exfoliant doux pour une sensation de peau lisse<\/li>\n<li>Hydratant avec beurre de karit&eacute; &amp; aloe vera<\/li>\n<li>Parfum frais et masculin<\/li>\n<li>Id&eacute;al pour une utilisation quotidienne<\/li>\n<li>Convient &agrave; tous les types de peau<\/li>\n<\/ul>\n<p>\nApplication : Appliquer directement sur la peau humide, masser d&eacute;licatement et rincer ensuite abondamment. Parfait pour la douche &#8211; un v&eacute;ritable multitalent pour les soins masculins.<\/p>\n<p>Contenu 141 gr.<\/p>\n","protected":false},"excerpt":{"rendered":"<p>Savon exfoliant pour le corps<\/p>\n","protected":false},"featured_media":85121,"comment_status":"closed","ping_status":"closed","template":"","meta":{"_acf_changed":false},"pwb-brand":[2751],"product_brand":[],"product_cat":[2870,2355,2357,2495,2316],"product_tag":[],"class_list":{"0":"post-85113","1":"product","2":"type-product","3":"status-publish","4":"has-post-thumbnail","6":"pwb-brand-anthony","7":"product_cat-savon-fr","8":"product_cat-corps","9":"product_cat-nettoyant-corps","10":"product_cat-savon-pour-le-corps","11":"product_cat-anthony","12":"product_shipping_class-standard-fr","13":"sales-flash-overlay","14":"woocommerce-text-align-center","15":"woocommerce-image-align-center","16":"do-quantity-buttons","17":"has-subscription-plans","19":"first","20":"instock","21":"taxable","22":"shipping-taxable","23":"purchasable","24":"product-type-simple"},"acf":[],"yoast_head":"<!-- This site is optimized with the Yoast SEO Premium plugin v24.8 (Yoast SEO v25.4) - https:\/\/yoast.com\/wordpress\/plugins\/seo\/ -->\n<title>Anthony - K\u00f6rperseife Buff It Hydrating Body Bar | Manskin.ch<\/title>\n<meta name=\"description\" content=\"Profitez d&#039;un nettoyage rafra\u00eechissant avec ce savon exfoliant et nettoyant polyvalent. Anthony a la solution parfaite pour vous !\" \/>\n<meta name=\"robots\" content=\"noindex, follow, max-snippet:-1, max-image-preview:large, max-video-preview:-1\" \/>\n<meta property=\"og:locale\" content=\"fr_FR\" \/>\n<meta property=\"og:type\" content=\"article\" \/>\n<meta property=\"og:title\" content=\"Anthony - K\u00f6rperseife Buff It Hydrating Body Bar\" \/>\n<meta property=\"og:description\" content=\"Profitez d&#039;un nettoyage rafra\u00eechissant avec ce savon exfoliant et nettoyant polyvalent. Anthony a la solution parfaite pour vous !\" \/>\n<meta property=\"og:url\" content=\"https:\/\/manskin.ethos-dev.ch\/fr\/produkt\/anthony-hydrating-body-bar\/\" \/>\n<meta property=\"og:site_name\" content=\"Manskin.ch\" \/>\n<meta property=\"article:publisher\" content=\"https:\/\/www.facebook.com\/manskin.ch\" \/>\n<meta property=\"article:modified_time\" content=\"2025-05-19T07:01:35+00:00\" \/>\n<meta property=\"og:image\" content=\"https:\/\/manskin.ethos-dev.ch\/wp-content\/uploads\/2025\/05\/Anthony-Buff-It-High-Quality.webp\" \/>\n\t<meta property=\"og:image:width\" content=\"1000\" \/>\n\t<meta property=\"og:image:height\" content=\"1000\" \/>\n\t<meta property=\"og:image:type\" content=\"image\/webp\" \/>\n<meta name=\"twitter:card\" content=\"summary_large_image\" \/>\n<meta name=\"twitter:label1\" content=\"Prix\" \/>\n\t<meta name=\"twitter:data1\" content=\"21.50&#067;&#072;&#070;\" \/>\n\t<meta name=\"twitter:label2\" content=\"Disponibilit\u00e9\" \/>\n\t<meta name=\"twitter:data2\" content=\"En stock\" \/>\n<script type=\"application\/ld+json\" class=\"yoast-schema-graph\">{\"@context\":\"https:\/\/schema.org\",\"@graph\":[{\"@type\":\"WebPage\",\"@id\":\"https:\/\/manskin.ethos-dev.ch\/fr\/produkt\/anthony-hydrating-body-bar\/\",\"url\":\"https:\/\/manskin.ethos-dev.ch\/fr\/produkt\/anthony-hydrating-body-bar\/\",\"name\":\"Anthony - K\u00f6rperseife Buff It Hydrating Body Bar | Manskin.ch\",\"isPartOf\":{\"@id\":\"https:\/\/manskin.ethos-dev.ch\/#website\"},\"primaryImageOfPage\":{\"@id\":\"https:\/\/manskin.ethos-dev.ch\/fr\/produkt\/anthony-hydrating-body-bar\/#primaryimage\"},\"image\":{\"@id\":\"https:\/\/manskin.ethos-dev.ch\/fr\/produkt\/anthony-hydrating-body-bar\/#primaryimage\"},\"thumbnailUrl\":\"https:\/\/manskin.ethos-dev.ch\/wp-content\/uploads\/2025\/05\/Anthony-Buff-It-High-Quality.webp\",\"datePublished\":\"2025-05-19T06:40:57+00:00\",\"dateModified\":\"2025-05-19T07:01:35+00:00\",\"description\":\"Profitez d'un nettoyage rafra\u00eechissant avec ce savon exfoliant et nettoyant polyvalent. Anthony a la solution parfaite pour vous !\",\"breadcrumb\":{\"@id\":\"https:\/\/manskin.ethos-dev.ch\/fr\/produkt\/anthony-hydrating-body-bar\/#breadcrumb\"},\"inLanguage\":\"fr-FR\",\"potentialAction\":[{\"@type\":\"ReadAction\",\"target\":[\"https:\/\/manskin.ethos-dev.ch\/fr\/produkt\/anthony-hydrating-body-bar\/\"]}]},{\"@type\":\"ImageObject\",\"inLanguage\":\"fr-FR\",\"@id\":\"https:\/\/manskin.ethos-dev.ch\/fr\/produkt\/anthony-hydrating-body-bar\/#primaryimage\",\"url\":\"https:\/\/manskin.ethos-dev.ch\/wp-content\/uploads\/2025\/05\/Anthony-Buff-It-High-Quality.webp\",\"contentUrl\":\"https:\/\/manskin.ethos-dev.ch\/wp-content\/uploads\/2025\/05\/Anthony-Buff-It-High-Quality.webp\",\"width\":1000,\"height\":1000},{\"@type\":\"BreadcrumbList\",\"@id\":\"https:\/\/manskin.ethos-dev.ch\/fr\/produkt\/anthony-hydrating-body-bar\/#breadcrumb\",\"itemListElement\":[{\"@type\":\"ListItem\",\"position\":1,\"name\":\"Startseite\",\"item\":\"https:\/\/manskin.ethos-dev.ch\/fr\/\"},{\"@type\":\"ListItem\",\"position\":2,\"name\":\"Shop\",\"item\":\"https:\/\/manskin.ethos-dev.ch\/shop\/\"},{\"@type\":\"ListItem\",\"position\":3,\"name\":\"Anthony &#8211; K\u00f6rperseife Buff It Hydrating Body Bar\"}]},{\"@type\":\"WebSite\",\"@id\":\"https:\/\/manskin.ethos-dev.ch\/#website\",\"url\":\"https:\/\/manskin.ethos-dev.ch\/\",\"name\":\"Manskin.ch\",\"description\":\"Tous les produits de beaut\u00e9 pour les hommes les plus exigeants\",\"publisher\":{\"@id\":\"https:\/\/manskin.ethos-dev.ch\/#organization\"},\"potentialAction\":[{\"@type\":\"SearchAction\",\"target\":{\"@type\":\"EntryPoint\",\"urlTemplate\":\"https:\/\/manskin.ethos-dev.ch\/?s={search_term_string}\"},\"query-input\":{\"@type\":\"PropertyValueSpecification\",\"valueRequired\":true,\"valueName\":\"search_term_string\"}}],\"inLanguage\":\"fr-FR\"},{\"@type\":\"Organization\",\"@id\":\"https:\/\/manskin.ethos-dev.ch\/#organization\",\"name\":\"Manskin.ch - der Schweizer Onlineshop f\u00fcr qualit\u00e4tsstarke M\u00e4nnerpflege\",\"url\":\"https:\/\/manskin.ethos-dev.ch\/\",\"logo\":{\"@type\":\"ImageObject\",\"inLanguage\":\"fr-FR\",\"@id\":\"https:\/\/manskin.ethos-dev.ch\/#\/schema\/logo\/image\/\",\"url\":\"https:\/\/manskin.ethos-dev.ch\/wp-content\/uploads\/2021\/04\/cropped-logo_head.png\",\"contentUrl\":\"https:\/\/manskin.ethos-dev.ch\/wp-content\/uploads\/2021\/04\/cropped-logo_head.png\",\"width\":235,\"height\":75,\"caption\":\"Manskin.ch - der Schweizer Onlineshop f\u00fcr qualit\u00e4tsstarke M\u00e4nnerpflege\"},\"image\":{\"@id\":\"https:\/\/manskin.ethos-dev.ch\/#\/schema\/logo\/image\/\"},\"sameAs\":[\"https:\/\/www.facebook.com\/manskin.ch\",\"https:\/\/www.instagram.com\/manskin.ch\/\"]}]}<\/script>\n<meta property=\"product:price:amount\" content=\"21.50\" \/>\n<meta property=\"product:price:currency\" content=\"CHF\" \/>\n<meta property=\"og:availability\" content=\"instock\" \/>\n<meta property=\"product:availability\" content=\"instock\" \/>\n<meta property=\"product:retailer_item_id\" content=\"14278\" \/>\n<meta property=\"product:condition\" content=\"new\" \/>\n<!-- \/ Yoast SEO Premium plugin. -->","yoast_head_json":{"title":"Anthony - K\u00f6rperseife Buff It Hydrating Body Bar | Manskin.ch","description":"Profitez d'un nettoyage rafra\u00eechissant avec ce savon exfoliant et nettoyant polyvalent. Anthony a la solution parfaite pour vous !","robots":{"index":"noindex","follow":"follow","max-snippet":"max-snippet:-1","max-image-preview":"max-image-preview:large","max-video-preview":"max-video-preview:-1"},"og_locale":"fr_FR","og_type":"article","og_title":"Anthony - K\u00f6rperseife Buff It Hydrating Body Bar","og_description":"Profitez d'un nettoyage rafra\u00eechissant avec ce savon exfoliant et nettoyant polyvalent. Anthony a la solution parfaite pour vous !","og_url":"https:\/\/manskin.ethos-dev.ch\/fr\/produkt\/anthony-hydrating-body-bar\/","og_site_name":"Manskin.ch","article_publisher":"https:\/\/www.facebook.com\/manskin.ch","article_modified_time":"2025-05-19T07:01:35+00:00","og_image":[{"width":1000,"height":1000,"url":"https:\/\/manskin.ethos-dev.ch\/wp-content\/uploads\/2025\/05\/Anthony-Buff-It-High-Quality.webp","type":"image\/webp"}],"twitter_card":"summary_large_image","twitter_misc":{"Prix":"21.50&#67;&#72;&#70;","Disponibilit\u00e9":"En stock"},"schema":{"@context":"https:\/\/schema.org","@graph":[{"@type":"WebPage","@id":"https:\/\/manskin.ethos-dev.ch\/fr\/produkt\/anthony-hydrating-body-bar\/","url":"https:\/\/manskin.ethos-dev.ch\/fr\/produkt\/anthony-hydrating-body-bar\/","name":"Anthony - K\u00f6rperseife Buff It Hydrating Body Bar | Manskin.ch","isPartOf":{"@id":"https:\/\/manskin.ethos-dev.ch\/#website"},"primaryImageOfPage":{"@id":"https:\/\/manskin.ethos-dev.ch\/fr\/produkt\/anthony-hydrating-body-bar\/#primaryimage"},"image":{"@id":"https:\/\/manskin.ethos-dev.ch\/fr\/produkt\/anthony-hydrating-body-bar\/#primaryimage"},"thumbnailUrl":"https:\/\/manskin.ethos-dev.ch\/wp-content\/uploads\/2025\/05\/Anthony-Buff-It-High-Quality.webp","datePublished":"2025-05-19T06:40:57+00:00","dateModified":"2025-05-19T07:01:35+00:00","description":"Profitez d'un nettoyage rafra\u00eechissant avec ce savon exfoliant et nettoyant polyvalent. Anthony a la solution parfaite pour vous !","breadcrumb":{"@id":"https:\/\/manskin.ethos-dev.ch\/fr\/produkt\/anthony-hydrating-body-bar\/#breadcrumb"},"inLanguage":"fr-FR","potentialAction":[{"@type":"ReadAction","target":["https:\/\/manskin.ethos-dev.ch\/fr\/produkt\/anthony-hydrating-body-bar\/"]}]},{"@type":"ImageObject","inLanguage":"fr-FR","@id":"https:\/\/manskin.ethos-dev.ch\/fr\/produkt\/anthony-hydrating-body-bar\/#primaryimage","url":"https:\/\/manskin.ethos-dev.ch\/wp-content\/uploads\/2025\/05\/Anthony-Buff-It-High-Quality.webp","contentUrl":"https:\/\/manskin.ethos-dev.ch\/wp-content\/uploads\/2025\/05\/Anthony-Buff-It-High-Quality.webp","width":1000,"height":1000},{"@type":"BreadcrumbList","@id":"https:\/\/manskin.ethos-dev.ch\/fr\/produkt\/anthony-hydrating-body-bar\/#breadcrumb","itemListElement":[{"@type":"ListItem","position":1,"name":"Startseite","item":"https:\/\/manskin.ethos-dev.ch\/fr\/"},{"@type":"ListItem","position":2,"name":"Shop","item":"https:\/\/manskin.ethos-dev.ch\/shop\/"},{"@type":"ListItem","position":3,"name":"Anthony &#8211; K\u00f6rperseife Buff It Hydrating Body Bar"}]},{"@type":"WebSite","@id":"https:\/\/manskin.ethos-dev.ch\/#website","url":"https:\/\/manskin.ethos-dev.ch\/","name":"Manskin.ch","description":"Tous les produits de beaut\u00e9 pour les hommes les plus exigeants","publisher":{"@id":"https:\/\/manskin.ethos-dev.ch\/#organization"},"potentialAction":[{"@type":"SearchAction","target":{"@type":"EntryPoint","urlTemplate":"https:\/\/manskin.ethos-dev.ch\/?s={search_term_string}"},"query-input":{"@type":"PropertyValueSpecification","valueRequired":true,"valueName":"search_term_string"}}],"inLanguage":"fr-FR"},{"@type":"Organization","@id":"https:\/\/manskin.ethos-dev.ch\/#organization","name":"Manskin.ch - der Schweizer Onlineshop f\u00fcr qualit\u00e4tsstarke M\u00e4nnerpflege","url":"https:\/\/manskin.ethos-dev.ch\/","logo":{"@type":"ImageObject","inLanguage":"fr-FR","@id":"https:\/\/manskin.ethos-dev.ch\/#\/schema\/logo\/image\/","url":"https:\/\/manskin.ethos-dev.ch\/wp-content\/uploads\/2021\/04\/cropped-logo_head.png","contentUrl":"https:\/\/manskin.ethos-dev.ch\/wp-content\/uploads\/2021\/04\/cropped-logo_head.png","width":235,"height":75,"caption":"Manskin.ch - der Schweizer Onlineshop f\u00fcr qualit\u00e4tsstarke M\u00e4nnerpflege"},"image":{"@id":"https:\/\/manskin.ethos-dev.ch\/#\/schema\/logo\/image\/"},"sameAs":["https:\/\/www.facebook.com\/manskin.ch","https:\/\/www.instagram.com\/manskin.ch\/"]}]},"product_price_amount":"21.50","product_price_currency":"CHF","og_availability":"instock","product_availability":"instock","product_retailer_item_id":"14278","product_condition":"new"},"brands":[{"id":2751,"name":"Anthony","slug":"anthony"}],"_links":{"self":[{"href":"https:\/\/manskin.ethos-dev.ch\/fr\/wp-json\/wp\/v2\/product\/85113","targetHints":{"allow":["GET"]}}],"collection":[{"href":"https:\/\/manskin.ethos-dev.ch\/fr\/wp-json\/wp\/v2\/product"}],"about":[{"href":"https:\/\/manskin.ethos-dev.ch\/fr\/wp-json\/wp\/v2\/types\/product"}],"replies":[{"embeddable":true,"href":"https:\/\/manskin.ethos-dev.ch\/fr\/wp-json\/wp\/v2\/comments?post=85113"}],"wp:featuredmedia":[{"embeddable":true,"href":"https:\/\/manskin.ethos-dev.ch\/fr\/wp-json\/wp\/v2\/media\/85121"}],"wp:attachment":[{"href":"https:\/\/manskin.ethos-dev.ch\/fr\/wp-json\/wp\/v2\/media?parent=85113"}],"wp:term":[{"taxonomy":"pwb-brand","embeddable":true,"href":"https:\/\/manskin.ethos-dev.ch\/fr\/wp-json\/wp\/v2\/pwb-brand?post=85113"},{"taxonomy":"product_brand","embeddable":true,"href":"https:\/\/manskin.ethos-dev.ch\/fr\/wp-json\/wp\/v2\/product_brand?post=85113"},{"taxonomy":"product_cat","embeddable":true,"href":"https:\/\/manskin.ethos-dev.ch\/fr\/wp-json\/wp\/v2\/product_cat?post=85113"},{"taxonomy":"product_tag","embeddable":true,"href":"https:\/\/manskin.ethos-dev.ch\/fr\/wp-json\/wp\/v2\/product_tag?post=85113"}],"curies":[{"name":"wp","href":"https:\/\/api.w.org\/{rel}","templated":true}]}}