{"id":85208,"date":"2025-05-21T17:42:23","date_gmt":"2025-05-21T15:42:23","guid":{"rendered":"https:\/\/manskin.ethos-dev.ch\/produkt\/merkur-38c\/"},"modified":"2025-05-24T13:58:41","modified_gmt":"2025-05-24T11:58:41","slug":"merkur-rasoir-futur-700","status":"publish","type":"product","link":"https:\/\/manskin.ethos-dev.ch\/fr\/produkt\/merkur-rasoir-futur-700\/","title":{"rendered":"Merkur &#8211; Rasoir Futur 700"},"content":{"rendered":"<h2>Merkur&nbsp;&#8211; Rasoir Futur 700 Chrome Mat<\/h2>\n<ul>\n<li>Le Merkur Futur 700 est le rasoir pour les hommes exigeants &#8211; en termes de technique, d&#39;esth&eacute;tique et d&#39;individualit&eacute;.<\/li>\n<li>Son design moderne et minimaliste en chrome mat noble rencontre une fonction unique : la fente de la lame est r&eacute;glable en continu et s&#39;adapte ainsi parfaitement &agrave; ta barbe et &agrave; ton type de peau.<\/li>\n<li>Qu&#39;il s&#39;agisse d&#39;un rasage doux le matin ou d&#39;un contour de barbe pr&eacute;cis le week-end, le Futur 700 offre une flexibilit&eacute; maximale pour chaque jour gr&acirc;ce &agrave; sa t&ecirc;te de rasage r&eacute;glable. Sa construction solide en m&eacute;tal offre une bonne prise en main et son design &eacute;pur&eacute; en fait un v&eacute;ritable point de mire dans la salle de Bains.<\/li>\n<\/ul>\n<p>Points forts :<\/p>\n<ul>\n<li>R&eacute;glable en continu : &Eacute;cartement des lames finement r&eacute;glable pour des r&eacute;sultats de rasage personnalis&eacute;s<\/li>\n<li>Bo&icirc;tier m&eacute;tallique massif : Finition de haute qualit&eacute;, durable et &eacute;quilibr&eacute;e<\/li>\n<li>Design futuriste : Surface chrom&eacute;e mate au caract&egrave;re &eacute;pur&eacute;<\/li>\n<li>Manche : Lisse, de forme ergonomique<\/li>\n<li>T&ecirc;te : R&eacute;glable (1-6), syst&egrave;me ferm&eacute;<\/li>\n<li>Id&eacute;al pour les utilisateurs avanc&eacute;s : Pour les hommes qui souhaitent perfectionner leur rasage<\/li>\n<li>Fabriqu&eacute; en Allemagne : Pr&eacute;cision de Solingen<\/li>\n<\/ul>\n<p>Longueur : env. 11 cm, poids : env. 125 gr.<\/p>\n","protected":false},"excerpt":{"rendered":"<p>Merkur&nbsp;&#8211; Rasoir Futur 700 Chrome Mat Le Merkur Futur 700 est le rasoir pour les hommes exigeants &#8211; en termes de technique, d&#39;esth&eacute;tique et d&#39;individualit&eacute;. Son design moderne et minimaliste en chrome mat noble rencontre une fonction unique : la fente de la lame est r&eacute;glable en continu et s&#39;adapte ainsi parfaitement &agrave; ta barbe &#8230; <a title=\"Merkur &#8211; Rasoir Futur 700\" class=\"read-more\" href=\"https:\/\/manskin.ethos-dev.ch\/fr\/produkt\/merkur-rasoir-futur-700\/\" aria-label=\"En savoir plus sur Merkur &#8211; Rasoir Futur 700\">Lire la suite<\/a><\/p>\n","protected":false},"featured_media":85269,"comment_status":"closed","ping_status":"closed","template":"","meta":{"_acf_changed":false},"pwb-brand":[2947],"product_brand":[],"product_cat":[2422],"product_tag":[],"class_list":{"0":"post-85208","1":"product","2":"type-product","3":"status-publish","4":"has-post-thumbnail","6":"pwb-brand-merkur","7":"product_cat-rasoir-de-suretee","8":"product_shipping_class-standard-fr","9":"sales-flash-overlay","10":"woocommerce-text-align-center","11":"woocommerce-image-align-center","12":"do-quantity-buttons","13":"wc-has-gallery","14":"has-subscription-plans","16":"first","17":"instock","18":"taxable","19":"shipping-taxable","20":"purchasable","21":"product-type-simple"},"acf":[],"yoast_head":"<!-- This site is optimized with the Yoast SEO Premium plugin v24.8 (Yoast SEO v25.4) - https:\/\/yoast.com\/wordpress\/plugins\/seo\/ -->\n<title>Merkur - Rasoir Futur 700 | Manskin.ch<\/title>\n<meta name=\"description\" content=\"Merkur - Rasoir Futur 700\" \/>\n<meta name=\"robots\" content=\"noindex, follow, max-snippet:-1, max-image-preview:large, max-video-preview:-1\" \/>\n<meta property=\"og:locale\" content=\"fr_FR\" \/>\n<meta property=\"og:type\" content=\"article\" \/>\n<meta property=\"og:title\" content=\"Merkur - Rasoir Futur 700\" \/>\n<meta property=\"og:description\" content=\"Merkur - Rasoir Futur 700\" \/>\n<meta property=\"og:url\" content=\"https:\/\/manskin.ethos-dev.ch\/fr\/produkt\/merkur-rasoir-futur-700\/\" \/>\n<meta property=\"og:site_name\" content=\"Manskin.ch\" \/>\n<meta property=\"article:publisher\" content=\"https:\/\/www.facebook.com\/manskin.ch\" \/>\n<meta property=\"article:modified_time\" content=\"2025-05-24T11:58:41+00:00\" \/>\n<meta property=\"og:image\" content=\"https:\/\/manskin.ethos-dev.ch\/wp-content\/uploads\/2025\/05\/Merkur-700-High-Quality.webp\" \/>\n\t<meta property=\"og:image:width\" content=\"1000\" \/>\n\t<meta property=\"og:image:height\" content=\"1000\" \/>\n\t<meta property=\"og:image:type\" content=\"image\/webp\" \/>\n<meta name=\"twitter:card\" content=\"summary_large_image\" \/>\n<meta name=\"twitter:label1\" content=\"Prix\" \/>\n\t<meta name=\"twitter:data1\" content=\"79.00&#067;&#072;&#070;\" \/>\n\t<meta name=\"twitter:label2\" content=\"Disponibilit\u00e9\" \/>\n\t<meta name=\"twitter:data2\" content=\"En stock\" \/>\n<script type=\"application\/ld+json\" class=\"yoast-schema-graph\">{\"@context\":\"https:\/\/schema.org\",\"@graph\":[{\"@type\":\"WebPage\",\"@id\":\"https:\/\/manskin.ethos-dev.ch\/fr\/produkt\/merkur-rasoir-futur-700\/\",\"url\":\"https:\/\/manskin.ethos-dev.ch\/fr\/produkt\/merkur-rasoir-futur-700\/\",\"name\":\"Merkur - Rasoir Futur 700 | Manskin.ch\",\"isPartOf\":{\"@id\":\"https:\/\/manskin.ethos-dev.ch\/#website\"},\"primaryImageOfPage\":{\"@id\":\"https:\/\/manskin.ethos-dev.ch\/fr\/produkt\/merkur-rasoir-futur-700\/#primaryimage\"},\"image\":{\"@id\":\"https:\/\/manskin.ethos-dev.ch\/fr\/produkt\/merkur-rasoir-futur-700\/#primaryimage\"},\"thumbnailUrl\":\"https:\/\/manskin.ethos-dev.ch\/wp-content\/uploads\/2025\/05\/Merkur-700-High-Quality.webp\",\"datePublished\":\"2025-05-21T15:42:23+00:00\",\"dateModified\":\"2025-05-24T11:58:41+00:00\",\"description\":\"Merkur - Rasoir Futur 700\",\"breadcrumb\":{\"@id\":\"https:\/\/manskin.ethos-dev.ch\/fr\/produkt\/merkur-rasoir-futur-700\/#breadcrumb\"},\"inLanguage\":\"fr-FR\",\"potentialAction\":[{\"@type\":\"ReadAction\",\"target\":[\"https:\/\/manskin.ethos-dev.ch\/fr\/produkt\/merkur-rasoir-futur-700\/\"]}]},{\"@type\":\"ImageObject\",\"inLanguage\":\"fr-FR\",\"@id\":\"https:\/\/manskin.ethos-dev.ch\/fr\/produkt\/merkur-rasoir-futur-700\/#primaryimage\",\"url\":\"https:\/\/manskin.ethos-dev.ch\/wp-content\/uploads\/2025\/05\/Merkur-700-High-Quality.webp\",\"contentUrl\":\"https:\/\/manskin.ethos-dev.ch\/wp-content\/uploads\/2025\/05\/Merkur-700-High-Quality.webp\",\"width\":1000,\"height\":1000},{\"@type\":\"BreadcrumbList\",\"@id\":\"https:\/\/manskin.ethos-dev.ch\/fr\/produkt\/merkur-rasoir-futur-700\/#breadcrumb\",\"itemListElement\":[{\"@type\":\"ListItem\",\"position\":1,\"name\":\"Startseite\",\"item\":\"https:\/\/manskin.ethos-dev.ch\/fr\/\"},{\"@type\":\"ListItem\",\"position\":2,\"name\":\"Shop\",\"item\":\"https:\/\/manskin.ethos-dev.ch\/shop\/\"},{\"@type\":\"ListItem\",\"position\":3,\"name\":\"Merkur &#8211; Rasoir Futur 700\"}]},{\"@type\":\"WebSite\",\"@id\":\"https:\/\/manskin.ethos-dev.ch\/#website\",\"url\":\"https:\/\/manskin.ethos-dev.ch\/\",\"name\":\"Manskin.ch\",\"description\":\"Tous les produits de beaut\u00e9 pour les hommes les plus exigeants\",\"publisher\":{\"@id\":\"https:\/\/manskin.ethos-dev.ch\/#organization\"},\"potentialAction\":[{\"@type\":\"SearchAction\",\"target\":{\"@type\":\"EntryPoint\",\"urlTemplate\":\"https:\/\/manskin.ethos-dev.ch\/?s={search_term_string}\"},\"query-input\":{\"@type\":\"PropertyValueSpecification\",\"valueRequired\":true,\"valueName\":\"search_term_string\"}}],\"inLanguage\":\"fr-FR\"},{\"@type\":\"Organization\",\"@id\":\"https:\/\/manskin.ethos-dev.ch\/#organization\",\"name\":\"Manskin.ch - der Schweizer Onlineshop f\u00fcr qualit\u00e4tsstarke M\u00e4nnerpflege\",\"url\":\"https:\/\/manskin.ethos-dev.ch\/\",\"logo\":{\"@type\":\"ImageObject\",\"inLanguage\":\"fr-FR\",\"@id\":\"https:\/\/manskin.ethos-dev.ch\/#\/schema\/logo\/image\/\",\"url\":\"https:\/\/manskin.ethos-dev.ch\/wp-content\/uploads\/2021\/04\/cropped-logo_head.png\",\"contentUrl\":\"https:\/\/manskin.ethos-dev.ch\/wp-content\/uploads\/2021\/04\/cropped-logo_head.png\",\"width\":235,\"height\":75,\"caption\":\"Manskin.ch - der Schweizer Onlineshop f\u00fcr qualit\u00e4tsstarke M\u00e4nnerpflege\"},\"image\":{\"@id\":\"https:\/\/manskin.ethos-dev.ch\/#\/schema\/logo\/image\/\"},\"sameAs\":[\"https:\/\/www.facebook.com\/manskin.ch\",\"https:\/\/www.instagram.com\/manskin.ch\/\"]}]}<\/script>\n<meta property=\"product:price:amount\" content=\"79.00\" \/>\n<meta property=\"product:price:currency\" content=\"CHF\" \/>\n<meta property=\"og:availability\" content=\"instock\" \/>\n<meta property=\"product:availability\" content=\"instock\" \/>\n<meta property=\"product:retailer_item_id\" content=\"700002\" \/>\n<meta property=\"product:condition\" content=\"new\" \/>\n<!-- \/ Yoast SEO Premium plugin. -->","yoast_head_json":{"title":"Merkur - Rasoir Futur 700 | Manskin.ch","description":"Merkur - Rasoir Futur 700","robots":{"index":"noindex","follow":"follow","max-snippet":"max-snippet:-1","max-image-preview":"max-image-preview:large","max-video-preview":"max-video-preview:-1"},"og_locale":"fr_FR","og_type":"article","og_title":"Merkur - Rasoir Futur 700","og_description":"Merkur - Rasoir Futur 700","og_url":"https:\/\/manskin.ethos-dev.ch\/fr\/produkt\/merkur-rasoir-futur-700\/","og_site_name":"Manskin.ch","article_publisher":"https:\/\/www.facebook.com\/manskin.ch","article_modified_time":"2025-05-24T11:58:41+00:00","og_image":[{"width":1000,"height":1000,"url":"https:\/\/manskin.ethos-dev.ch\/wp-content\/uploads\/2025\/05\/Merkur-700-High-Quality.webp","type":"image\/webp"}],"twitter_card":"summary_large_image","twitter_misc":{"Prix":"79.00&#67;&#72;&#70;","Disponibilit\u00e9":"En stock"},"schema":{"@context":"https:\/\/schema.org","@graph":[{"@type":"WebPage","@id":"https:\/\/manskin.ethos-dev.ch\/fr\/produkt\/merkur-rasoir-futur-700\/","url":"https:\/\/manskin.ethos-dev.ch\/fr\/produkt\/merkur-rasoir-futur-700\/","name":"Merkur - Rasoir Futur 700 | Manskin.ch","isPartOf":{"@id":"https:\/\/manskin.ethos-dev.ch\/#website"},"primaryImageOfPage":{"@id":"https:\/\/manskin.ethos-dev.ch\/fr\/produkt\/merkur-rasoir-futur-700\/#primaryimage"},"image":{"@id":"https:\/\/manskin.ethos-dev.ch\/fr\/produkt\/merkur-rasoir-futur-700\/#primaryimage"},"thumbnailUrl":"https:\/\/manskin.ethos-dev.ch\/wp-content\/uploads\/2025\/05\/Merkur-700-High-Quality.webp","datePublished":"2025-05-21T15:42:23+00:00","dateModified":"2025-05-24T11:58:41+00:00","description":"Merkur - Rasoir Futur 700","breadcrumb":{"@id":"https:\/\/manskin.ethos-dev.ch\/fr\/produkt\/merkur-rasoir-futur-700\/#breadcrumb"},"inLanguage":"fr-FR","potentialAction":[{"@type":"ReadAction","target":["https:\/\/manskin.ethos-dev.ch\/fr\/produkt\/merkur-rasoir-futur-700\/"]}]},{"@type":"ImageObject","inLanguage":"fr-FR","@id":"https:\/\/manskin.ethos-dev.ch\/fr\/produkt\/merkur-rasoir-futur-700\/#primaryimage","url":"https:\/\/manskin.ethos-dev.ch\/wp-content\/uploads\/2025\/05\/Merkur-700-High-Quality.webp","contentUrl":"https:\/\/manskin.ethos-dev.ch\/wp-content\/uploads\/2025\/05\/Merkur-700-High-Quality.webp","width":1000,"height":1000},{"@type":"BreadcrumbList","@id":"https:\/\/manskin.ethos-dev.ch\/fr\/produkt\/merkur-rasoir-futur-700\/#breadcrumb","itemListElement":[{"@type":"ListItem","position":1,"name":"Startseite","item":"https:\/\/manskin.ethos-dev.ch\/fr\/"},{"@type":"ListItem","position":2,"name":"Shop","item":"https:\/\/manskin.ethos-dev.ch\/shop\/"},{"@type":"ListItem","position":3,"name":"Merkur &#8211; Rasoir Futur 700"}]},{"@type":"WebSite","@id":"https:\/\/manskin.ethos-dev.ch\/#website","url":"https:\/\/manskin.ethos-dev.ch\/","name":"Manskin.ch","description":"Tous les produits de beaut\u00e9 pour les hommes les plus exigeants","publisher":{"@id":"https:\/\/manskin.ethos-dev.ch\/#organization"},"potentialAction":[{"@type":"SearchAction","target":{"@type":"EntryPoint","urlTemplate":"https:\/\/manskin.ethos-dev.ch\/?s={search_term_string}"},"query-input":{"@type":"PropertyValueSpecification","valueRequired":true,"valueName":"search_term_string"}}],"inLanguage":"fr-FR"},{"@type":"Organization","@id":"https:\/\/manskin.ethos-dev.ch\/#organization","name":"Manskin.ch - der Schweizer Onlineshop f\u00fcr qualit\u00e4tsstarke M\u00e4nnerpflege","url":"https:\/\/manskin.ethos-dev.ch\/","logo":{"@type":"ImageObject","inLanguage":"fr-FR","@id":"https:\/\/manskin.ethos-dev.ch\/#\/schema\/logo\/image\/","url":"https:\/\/manskin.ethos-dev.ch\/wp-content\/uploads\/2021\/04\/cropped-logo_head.png","contentUrl":"https:\/\/manskin.ethos-dev.ch\/wp-content\/uploads\/2021\/04\/cropped-logo_head.png","width":235,"height":75,"caption":"Manskin.ch - der Schweizer Onlineshop f\u00fcr qualit\u00e4tsstarke M\u00e4nnerpflege"},"image":{"@id":"https:\/\/manskin.ethos-dev.ch\/#\/schema\/logo\/image\/"},"sameAs":["https:\/\/www.facebook.com\/manskin.ch","https:\/\/www.instagram.com\/manskin.ch\/"]}]},"product_price_amount":"79.00","product_price_currency":"CHF","og_availability":"instock","product_availability":"instock","product_retailer_item_id":"700002","product_condition":"new"},"brands":[{"id":2947,"name":"Merkur","slug":"merkur"}],"_links":{"self":[{"href":"https:\/\/manskin.ethos-dev.ch\/fr\/wp-json\/wp\/v2\/product\/85208","targetHints":{"allow":["GET"]}}],"collection":[{"href":"https:\/\/manskin.ethos-dev.ch\/fr\/wp-json\/wp\/v2\/product"}],"about":[{"href":"https:\/\/manskin.ethos-dev.ch\/fr\/wp-json\/wp\/v2\/types\/product"}],"replies":[{"embeddable":true,"href":"https:\/\/manskin.ethos-dev.ch\/fr\/wp-json\/wp\/v2\/comments?post=85208"}],"wp:featuredmedia":[{"embeddable":true,"href":"https:\/\/manskin.ethos-dev.ch\/fr\/wp-json\/wp\/v2\/media\/85269"}],"wp:attachment":[{"href":"https:\/\/manskin.ethos-dev.ch\/fr\/wp-json\/wp\/v2\/media?parent=85208"}],"wp:term":[{"taxonomy":"pwb-brand","embeddable":true,"href":"https:\/\/manskin.ethos-dev.ch\/fr\/wp-json\/wp\/v2\/pwb-brand?post=85208"},{"taxonomy":"product_brand","embeddable":true,"href":"https:\/\/manskin.ethos-dev.ch\/fr\/wp-json\/wp\/v2\/product_brand?post=85208"},{"taxonomy":"product_cat","embeddable":true,"href":"https:\/\/manskin.ethos-dev.ch\/fr\/wp-json\/wp\/v2\/product_cat?post=85208"},{"taxonomy":"product_tag","embeddable":true,"href":"https:\/\/manskin.ethos-dev.ch\/fr\/wp-json\/wp\/v2\/product_tag?post=85208"}],"curies":[{"name":"wp","href":"https:\/\/api.w.org\/{rel}","templated":true}]}}