{"id":85288,"date":"2025-05-22T13:28:13","date_gmt":"2025-05-22T11:28:13","guid":{"rendered":"https:\/\/manskin.ethos-dev.ch\/produkt\/merkur-rasoir-progress-500\/"},"modified":"2025-05-26T18:42:34","modified_gmt":"2025-05-26T16:42:34","slug":"merkur-rasoir-progress-500","status":"publish","type":"product","link":"https:\/\/manskin.ethos-dev.ch\/fr\/produkt\/merkur-rasoir-progress-500\/","title":{"rendered":"Merkur &#8211; Rasoir Progress 500"},"content":{"rendered":"<h2>Merkur&nbsp;&#8211; Rasoir Progress 500<\/h2>\n<ul>\n<li>Le Merkur Progress 500 est un v&eacute;ritable rasoir polyvalent &#8211; et aussi individuel que ta barbe. Gr&acirc;ce &agrave; son entrefer de lame r&eacute;glable, tu peux adapter l&#39;intensit&eacute; du rasage par paliers &#8211; de doux et d&eacute;licat &agrave; efficace et direct.<\/li>\n<li>Id&eacute;al pour les hommes qui souhaitent adapter leur rasage &agrave; leur type de peau, &agrave; la densit&eacute; de leur barbe et &agrave; leur forme du jour.<\/li>\n<li>Avec son design intemporel, son manche compact et sa finition pr&eacute;cise &laquo; Made in Solingen &raquo;, le Progress allie l&#39;&eacute;l&eacute;gance classique &agrave; la technologie moderne.<\/li>\n<\/ul>\n<p>Points forts :<\/p>\n<ul>\n<li>R&eacute;glable en continu : 5 niveaux de rasage pour une minutie adaptable individuellement<\/li>\n<li>Utilisation polyvalente : doux pour la peau ou particuli&egrave;rement efficace &#8211; c&#39;est toi qui d&eacute;cides<\/li>\n<li>Poign&eacute;e compacte : id&eacute;ale pour les hommes ayant de petites mains ou pour les voyages<\/li>\n<li>Poign&eacute;e : lisse, avec une molette de r&eacute;glage facile &agrave; saisir &agrave; l&#39;extr&eacute;mit&eacute; inf&eacute;rieure<\/li>\n<li>M&eacute;canisme de rotation intuitif : r&eacute;glage facile via la t&ecirc;te de poign&eacute;e stri&eacute;e<\/li>\n<li>Durable et pr&eacute;cis &#8211; de fabrication Solingen<\/li>\n<\/ul>\n<p>Longueur : 8,5 cm, poids : 90 gr.<\/p>\n<p>\nConseil pour les d&eacute;butants : commence par le niveau 1 ou 2 pour avoir une bonne sensation du rasage. Ensuite, tu peux facilement t&#39;approcher de ta zone de confort personnelle &#8211; sans aucun stress pour la peau.<\/p>\n","protected":false},"excerpt":{"rendered":"<p>Merkur&nbsp;&#8211; Rasoir Progress 500 Le Merkur Progress 500 est un v&eacute;ritable rasoir polyvalent &#8211; et aussi individuel que ta barbe. Gr&acirc;ce &agrave; son entrefer de lame r&eacute;glable, tu peux adapter l&#39;intensit&eacute; du rasage par paliers &#8211; de doux et d&eacute;licat &agrave; efficace et direct. Id&eacute;al pour les hommes qui souhaitent adapter leur rasage &agrave; leur &#8230; <a title=\"Merkur &#8211; Rasoir Progress 500\" class=\"read-more\" href=\"https:\/\/manskin.ethos-dev.ch\/fr\/produkt\/merkur-rasoir-progress-500\/\" aria-label=\"En savoir plus sur Merkur &#8211; Rasoir Progress 500\">Lire la suite<\/a><\/p>\n","protected":false},"featured_media":85292,"comment_status":"closed","ping_status":"closed","template":"","meta":{"_acf_changed":false},"pwb-brand":[2947],"product_brand":[],"product_cat":[2422],"product_tag":[],"class_list":{"0":"post-85288","1":"product","2":"type-product","3":"status-publish","4":"has-post-thumbnail","6":"pwb-brand-merkur","7":"product_cat-rasoir-de-suretee","8":"product_shipping_class-standard-fr","9":"sales-flash-overlay","10":"woocommerce-text-align-center","11":"woocommerce-image-align-center","12":"do-quantity-buttons","13":"wc-has-gallery","14":"has-subscription-plans","16":"first","17":"instock","18":"taxable","19":"shipping-taxable","20":"purchasable","21":"product-type-simple"},"acf":[],"yoast_head":"<!-- This site is optimized with the Yoast SEO Premium plugin v24.8 (Yoast SEO v25.4) - https:\/\/yoast.com\/wordpress\/plugins\/seo\/ -->\n<title>Merkur Rasoir Progress 500 : R\u00e9glable individuellement | Manskin.ch<\/title>\n<meta name=\"description\" content=\"D\u00e9couvre le rasoir Merkur Progress 500 pour un rasage personnalis\u00e9. Choisis parmi cinq niveaux de rasage et d\u00e9couvre le confort et la pr\u00e9cision ! \ud83e\uddd4\" \/>\n<meta name=\"robots\" content=\"noindex, follow, max-snippet:-1, max-image-preview:large, max-video-preview:-1\" \/>\n<meta property=\"og:locale\" content=\"fr_FR\" \/>\n<meta property=\"og:type\" content=\"article\" \/>\n<meta property=\"og:title\" content=\"Merkur - Rasoir Progress 500\" \/>\n<meta property=\"og:description\" content=\"D\u00e9couvre le rasoir Merkur Progress 500 pour un rasage personnalis\u00e9. Choisis parmi cinq niveaux de rasage et d\u00e9couvre le confort et la pr\u00e9cision ! \ud83e\uddd4\" \/>\n<meta property=\"og:url\" content=\"https:\/\/manskin.ethos-dev.ch\/fr\/produkt\/merkur-rasoir-progress-500\/\" \/>\n<meta property=\"og:site_name\" content=\"Manskin.ch\" \/>\n<meta property=\"article:publisher\" content=\"https:\/\/www.facebook.com\/manskin.ch\" \/>\n<meta property=\"article:modified_time\" content=\"2025-05-26T16:42:34+00:00\" \/>\n<meta property=\"og:image\" content=\"https:\/\/manskin.ethos-dev.ch\/wp-content\/uploads\/2025\/05\/Merkur-Rasierer-Progress-500-High-Quality.webp\" \/>\n\t<meta property=\"og:image:width\" content=\"1000\" \/>\n\t<meta property=\"og:image:height\" content=\"1000\" \/>\n\t<meta property=\"og:image:type\" content=\"image\/webp\" \/>\n<meta name=\"twitter:card\" content=\"summary_large_image\" \/>\n<meta name=\"twitter:label1\" content=\"Prix\" \/>\n\t<meta name=\"twitter:data1\" content=\"75.00&#067;&#072;&#070;\" \/>\n\t<meta name=\"twitter:label2\" content=\"Disponibilit\u00e9\" \/>\n\t<meta name=\"twitter:data2\" content=\"En stock\" \/>\n<script type=\"application\/ld+json\" class=\"yoast-schema-graph\">{\"@context\":\"https:\/\/schema.org\",\"@graph\":[{\"@type\":\"WebPage\",\"@id\":\"https:\/\/manskin.ethos-dev.ch\/fr\/produkt\/merkur-rasoir-progress-500\/\",\"url\":\"https:\/\/manskin.ethos-dev.ch\/fr\/produkt\/merkur-rasoir-progress-500\/\",\"name\":\"Merkur Rasoir Progress 500 : R\u00e9glable individuellement | Manskin.ch\",\"isPartOf\":{\"@id\":\"https:\/\/manskin.ethos-dev.ch\/#website\"},\"primaryImageOfPage\":{\"@id\":\"https:\/\/manskin.ethos-dev.ch\/fr\/produkt\/merkur-rasoir-progress-500\/#primaryimage\"},\"image\":{\"@id\":\"https:\/\/manskin.ethos-dev.ch\/fr\/produkt\/merkur-rasoir-progress-500\/#primaryimage\"},\"thumbnailUrl\":\"https:\/\/manskin.ethos-dev.ch\/wp-content\/uploads\/2025\/05\/Merkur-Rasierer-Progress-500-High-Quality.webp\",\"datePublished\":\"2025-05-22T11:28:13+00:00\",\"dateModified\":\"2025-05-26T16:42:34+00:00\",\"description\":\"D\u00e9couvre le rasoir Merkur Progress 500 pour un rasage personnalis\u00e9. Choisis parmi cinq niveaux de rasage et d\u00e9couvre le confort et la pr\u00e9cision ! \ud83e\uddd4\",\"breadcrumb\":{\"@id\":\"https:\/\/manskin.ethos-dev.ch\/fr\/produkt\/merkur-rasoir-progress-500\/#breadcrumb\"},\"inLanguage\":\"fr-FR\",\"potentialAction\":[{\"@type\":\"ReadAction\",\"target\":[\"https:\/\/manskin.ethos-dev.ch\/fr\/produkt\/merkur-rasoir-progress-500\/\"]}]},{\"@type\":\"ImageObject\",\"inLanguage\":\"fr-FR\",\"@id\":\"https:\/\/manskin.ethos-dev.ch\/fr\/produkt\/merkur-rasoir-progress-500\/#primaryimage\",\"url\":\"https:\/\/manskin.ethos-dev.ch\/wp-content\/uploads\/2025\/05\/Merkur-Rasierer-Progress-500-High-Quality.webp\",\"contentUrl\":\"https:\/\/manskin.ethos-dev.ch\/wp-content\/uploads\/2025\/05\/Merkur-Rasierer-Progress-500-High-Quality.webp\",\"width\":1000,\"height\":1000},{\"@type\":\"BreadcrumbList\",\"@id\":\"https:\/\/manskin.ethos-dev.ch\/fr\/produkt\/merkur-rasoir-progress-500\/#breadcrumb\",\"itemListElement\":[{\"@type\":\"ListItem\",\"position\":1,\"name\":\"Startseite\",\"item\":\"https:\/\/manskin.ethos-dev.ch\/fr\/\"},{\"@type\":\"ListItem\",\"position\":2,\"name\":\"Shop\",\"item\":\"https:\/\/manskin.ethos-dev.ch\/shop\/\"},{\"@type\":\"ListItem\",\"position\":3,\"name\":\"Merkur &#8211; Rasoir Progress 500\"}]},{\"@type\":\"WebSite\",\"@id\":\"https:\/\/manskin.ethos-dev.ch\/#website\",\"url\":\"https:\/\/manskin.ethos-dev.ch\/\",\"name\":\"Manskin.ch\",\"description\":\"Tous les produits de beaut\u00e9 pour les hommes les plus exigeants\",\"publisher\":{\"@id\":\"https:\/\/manskin.ethos-dev.ch\/#organization\"},\"potentialAction\":[{\"@type\":\"SearchAction\",\"target\":{\"@type\":\"EntryPoint\",\"urlTemplate\":\"https:\/\/manskin.ethos-dev.ch\/?s={search_term_string}\"},\"query-input\":{\"@type\":\"PropertyValueSpecification\",\"valueRequired\":true,\"valueName\":\"search_term_string\"}}],\"inLanguage\":\"fr-FR\"},{\"@type\":\"Organization\",\"@id\":\"https:\/\/manskin.ethos-dev.ch\/#organization\",\"name\":\"Manskin.ch - der Schweizer Onlineshop f\u00fcr qualit\u00e4tsstarke M\u00e4nnerpflege\",\"url\":\"https:\/\/manskin.ethos-dev.ch\/\",\"logo\":{\"@type\":\"ImageObject\",\"inLanguage\":\"fr-FR\",\"@id\":\"https:\/\/manskin.ethos-dev.ch\/#\/schema\/logo\/image\/\",\"url\":\"https:\/\/manskin.ethos-dev.ch\/wp-content\/uploads\/2021\/04\/cropped-logo_head.png\",\"contentUrl\":\"https:\/\/manskin.ethos-dev.ch\/wp-content\/uploads\/2021\/04\/cropped-logo_head.png\",\"width\":235,\"height\":75,\"caption\":\"Manskin.ch - der Schweizer Onlineshop f\u00fcr qualit\u00e4tsstarke M\u00e4nnerpflege\"},\"image\":{\"@id\":\"https:\/\/manskin.ethos-dev.ch\/#\/schema\/logo\/image\/\"},\"sameAs\":[\"https:\/\/www.facebook.com\/manskin.ch\",\"https:\/\/www.instagram.com\/manskin.ch\/\"]}]}<\/script>\n<meta property=\"product:price:amount\" content=\"75.00\" \/>\n<meta property=\"product:price:currency\" content=\"CHF\" \/>\n<meta property=\"og:availability\" content=\"instock\" \/>\n<meta property=\"product:availability\" content=\"instock\" \/>\n<meta property=\"product:retailer_item_id\" content=\"500001\" \/>\n<meta property=\"product:condition\" content=\"new\" \/>\n<!-- \/ Yoast SEO Premium plugin. -->","yoast_head_json":{"title":"Merkur Rasoir Progress 500 : R\u00e9glable individuellement | Manskin.ch","description":"D\u00e9couvre le rasoir Merkur Progress 500 pour un rasage personnalis\u00e9. Choisis parmi cinq niveaux de rasage et d\u00e9couvre le confort et la pr\u00e9cision ! \ud83e\uddd4","robots":{"index":"noindex","follow":"follow","max-snippet":"max-snippet:-1","max-image-preview":"max-image-preview:large","max-video-preview":"max-video-preview:-1"},"og_locale":"fr_FR","og_type":"article","og_title":"Merkur - Rasoir Progress 500","og_description":"D\u00e9couvre le rasoir Merkur Progress 500 pour un rasage personnalis\u00e9. Choisis parmi cinq niveaux de rasage et d\u00e9couvre le confort et la pr\u00e9cision ! \ud83e\uddd4","og_url":"https:\/\/manskin.ethos-dev.ch\/fr\/produkt\/merkur-rasoir-progress-500\/","og_site_name":"Manskin.ch","article_publisher":"https:\/\/www.facebook.com\/manskin.ch","article_modified_time":"2025-05-26T16:42:34+00:00","og_image":[{"width":1000,"height":1000,"url":"https:\/\/manskin.ethos-dev.ch\/wp-content\/uploads\/2025\/05\/Merkur-Rasierer-Progress-500-High-Quality.webp","type":"image\/webp"}],"twitter_card":"summary_large_image","twitter_misc":{"Prix":"75.00&#67;&#72;&#70;","Disponibilit\u00e9":"En stock"},"schema":{"@context":"https:\/\/schema.org","@graph":[{"@type":"WebPage","@id":"https:\/\/manskin.ethos-dev.ch\/fr\/produkt\/merkur-rasoir-progress-500\/","url":"https:\/\/manskin.ethos-dev.ch\/fr\/produkt\/merkur-rasoir-progress-500\/","name":"Merkur Rasoir Progress 500 : R\u00e9glable individuellement | Manskin.ch","isPartOf":{"@id":"https:\/\/manskin.ethos-dev.ch\/#website"},"primaryImageOfPage":{"@id":"https:\/\/manskin.ethos-dev.ch\/fr\/produkt\/merkur-rasoir-progress-500\/#primaryimage"},"image":{"@id":"https:\/\/manskin.ethos-dev.ch\/fr\/produkt\/merkur-rasoir-progress-500\/#primaryimage"},"thumbnailUrl":"https:\/\/manskin.ethos-dev.ch\/wp-content\/uploads\/2025\/05\/Merkur-Rasierer-Progress-500-High-Quality.webp","datePublished":"2025-05-22T11:28:13+00:00","dateModified":"2025-05-26T16:42:34+00:00","description":"D\u00e9couvre le rasoir Merkur Progress 500 pour un rasage personnalis\u00e9. Choisis parmi cinq niveaux de rasage et d\u00e9couvre le confort et la pr\u00e9cision ! \ud83e\uddd4","breadcrumb":{"@id":"https:\/\/manskin.ethos-dev.ch\/fr\/produkt\/merkur-rasoir-progress-500\/#breadcrumb"},"inLanguage":"fr-FR","potentialAction":[{"@type":"ReadAction","target":["https:\/\/manskin.ethos-dev.ch\/fr\/produkt\/merkur-rasoir-progress-500\/"]}]},{"@type":"ImageObject","inLanguage":"fr-FR","@id":"https:\/\/manskin.ethos-dev.ch\/fr\/produkt\/merkur-rasoir-progress-500\/#primaryimage","url":"https:\/\/manskin.ethos-dev.ch\/wp-content\/uploads\/2025\/05\/Merkur-Rasierer-Progress-500-High-Quality.webp","contentUrl":"https:\/\/manskin.ethos-dev.ch\/wp-content\/uploads\/2025\/05\/Merkur-Rasierer-Progress-500-High-Quality.webp","width":1000,"height":1000},{"@type":"BreadcrumbList","@id":"https:\/\/manskin.ethos-dev.ch\/fr\/produkt\/merkur-rasoir-progress-500\/#breadcrumb","itemListElement":[{"@type":"ListItem","position":1,"name":"Startseite","item":"https:\/\/manskin.ethos-dev.ch\/fr\/"},{"@type":"ListItem","position":2,"name":"Shop","item":"https:\/\/manskin.ethos-dev.ch\/shop\/"},{"@type":"ListItem","position":3,"name":"Merkur &#8211; Rasoir Progress 500"}]},{"@type":"WebSite","@id":"https:\/\/manskin.ethos-dev.ch\/#website","url":"https:\/\/manskin.ethos-dev.ch\/","name":"Manskin.ch","description":"Tous les produits de beaut\u00e9 pour les hommes les plus exigeants","publisher":{"@id":"https:\/\/manskin.ethos-dev.ch\/#organization"},"potentialAction":[{"@type":"SearchAction","target":{"@type":"EntryPoint","urlTemplate":"https:\/\/manskin.ethos-dev.ch\/?s={search_term_string}"},"query-input":{"@type":"PropertyValueSpecification","valueRequired":true,"valueName":"search_term_string"}}],"inLanguage":"fr-FR"},{"@type":"Organization","@id":"https:\/\/manskin.ethos-dev.ch\/#organization","name":"Manskin.ch - der Schweizer Onlineshop f\u00fcr qualit\u00e4tsstarke M\u00e4nnerpflege","url":"https:\/\/manskin.ethos-dev.ch\/","logo":{"@type":"ImageObject","inLanguage":"fr-FR","@id":"https:\/\/manskin.ethos-dev.ch\/#\/schema\/logo\/image\/","url":"https:\/\/manskin.ethos-dev.ch\/wp-content\/uploads\/2021\/04\/cropped-logo_head.png","contentUrl":"https:\/\/manskin.ethos-dev.ch\/wp-content\/uploads\/2021\/04\/cropped-logo_head.png","width":235,"height":75,"caption":"Manskin.ch - der Schweizer Onlineshop f\u00fcr qualit\u00e4tsstarke M\u00e4nnerpflege"},"image":{"@id":"https:\/\/manskin.ethos-dev.ch\/#\/schema\/logo\/image\/"},"sameAs":["https:\/\/www.facebook.com\/manskin.ch","https:\/\/www.instagram.com\/manskin.ch\/"]}]},"product_price_amount":"75.00","product_price_currency":"CHF","og_availability":"instock","product_availability":"instock","product_retailer_item_id":"500001","product_condition":"new"},"brands":[{"id":2947,"name":"Merkur","slug":"merkur"}],"_links":{"self":[{"href":"https:\/\/manskin.ethos-dev.ch\/fr\/wp-json\/wp\/v2\/product\/85288","targetHints":{"allow":["GET"]}}],"collection":[{"href":"https:\/\/manskin.ethos-dev.ch\/fr\/wp-json\/wp\/v2\/product"}],"about":[{"href":"https:\/\/manskin.ethos-dev.ch\/fr\/wp-json\/wp\/v2\/types\/product"}],"replies":[{"embeddable":true,"href":"https:\/\/manskin.ethos-dev.ch\/fr\/wp-json\/wp\/v2\/comments?post=85288"}],"wp:featuredmedia":[{"embeddable":true,"href":"https:\/\/manskin.ethos-dev.ch\/fr\/wp-json\/wp\/v2\/media\/85292"}],"wp:attachment":[{"href":"https:\/\/manskin.ethos-dev.ch\/fr\/wp-json\/wp\/v2\/media?parent=85288"}],"wp:term":[{"taxonomy":"pwb-brand","embeddable":true,"href":"https:\/\/manskin.ethos-dev.ch\/fr\/wp-json\/wp\/v2\/pwb-brand?post=85288"},{"taxonomy":"product_brand","embeddable":true,"href":"https:\/\/manskin.ethos-dev.ch\/fr\/wp-json\/wp\/v2\/product_brand?post=85288"},{"taxonomy":"product_cat","embeddable":true,"href":"https:\/\/manskin.ethos-dev.ch\/fr\/wp-json\/wp\/v2\/product_cat?post=85288"},{"taxonomy":"product_tag","embeddable":true,"href":"https:\/\/manskin.ethos-dev.ch\/fr\/wp-json\/wp\/v2\/product_tag?post=85288"}],"curies":[{"name":"wp","href":"https:\/\/api.w.org\/{rel}","templated":true}]}}