{"id":85431,"date":"2025-05-24T15:29:07","date_gmt":"2025-05-24T13:29:07","guid":{"rendered":"https:\/\/manskin.ethos-dev.ch\/produkt\/barberinos-ultimate-creme-a-raser\/"},"modified":"2025-05-24T17:28:33","modified_gmt":"2025-05-24T15:28:33","slug":"barberinos-moiusse-a-raser","status":"publish","type":"product","link":"https:\/\/manskin.ethos-dev.ch\/fr\/produkt\/barberinos-moiusse-a-raser\/","title":{"rendered":"Barberino&#8217;s &#8211; Mousse \u00e0 raser"},"content":{"rendered":"<h2>Barberino&rsquo;s &#8211; Mousse &agrave; raser<\/h2>\n<ul>\n<li>Gr&acirc;ce &agrave; ses propri&eacute;t&eacute;s hydratantes, la formule mousse prot&egrave;ge la peau contre les irritations et garantit une exp&eacute;rience de rasage agr&eacute;able.<\/li>\n<li>La consistance de la mousse permet une application uniforme et facilite le glissement de la lame, minimisant ainsi le risque de coupures et d&#39;irritations cutan&eacute;es.<\/li>\n<li>Que ce soit pour un rasage complet ou pour tailler les contours de la barbe, cette mousse &agrave; raser est polyvalente et convient &agrave; tous les types de peau.<\/li>\n<li>La combinaison des principes traditionnels du barbier et des besoins de soins modernes fait de la Schiuma da Barba un &eacute;l&eacute;ment indispensable de la routine de soins quotidienne.<\/li>\n<li>\n\tContenu 192 ml.<\/li>\n<\/ul>\n","protected":false},"excerpt":{"rendered":"<p>Barberino&rsquo;s &#8211; Mousse &agrave; raser Gr&acirc;ce &agrave; ses propri&eacute;t&eacute;s hydratantes, la formule mousse prot&egrave;ge la peau contre les irritations et garantit une exp&eacute;rience de rasage agr&eacute;able. La consistance de la mousse permet une application uniforme et facilite le glissement de la lame, minimisant ainsi le risque de coupures et d&#39;irritations cutan&eacute;es. Que ce soit pour &#8230; <a title=\"Barberino&#8217;s &#8211; Mousse \u00e0 raser\" class=\"read-more\" href=\"https:\/\/manskin.ethos-dev.ch\/fr\/produkt\/barberinos-moiusse-a-raser\/\" aria-label=\"En savoir plus sur Barberino&#8217;s &#8211; Mousse \u00e0 raser\">Lire la suite<\/a><\/p>\n","protected":false},"featured_media":85445,"comment_status":"closed","ping_status":"closed","template":"","meta":{"_acf_changed":false},"pwb-brand":[2882],"product_brand":[],"product_cat":[2883,2421],"product_tag":[],"class_list":{"0":"post-85431","1":"product","2":"type-product","3":"status-publish","4":"has-post-thumbnail","6":"pwb-brand-barberinos","7":"product_cat-barberinos","8":"product_cat-gel-de-rasage","9":"product_shipping_class-standard-fr","10":"sales-flash-overlay","11":"woocommerce-text-align-center","12":"woocommerce-image-align-center","13":"do-quantity-buttons","14":"has-subscription-plans","16":"first","17":"instock","18":"taxable","19":"shipping-taxable","20":"purchasable","21":"product-type-simple"},"acf":[],"yoast_head":"<!-- This site is optimized with the Yoast SEO Premium plugin v24.8 (Yoast SEO v25.4) - https:\/\/yoast.com\/wordpress\/plugins\/seo\/ -->\n<title>Mousse \u00e0 raser Barberino&#039;s | Manskin.ch<\/title>\n<meta name=\"description\" content=\"Barberino&#039;s - Mousse \u00e0 raser\" \/>\n<meta name=\"robots\" content=\"noindex, follow, max-snippet:-1, max-image-preview:large, max-video-preview:-1\" \/>\n<meta property=\"og:locale\" content=\"fr_FR\" \/>\n<meta property=\"og:type\" content=\"article\" \/>\n<meta property=\"og:title\" content=\"Barberino&#039;s - Mousse \u00e0 raser\" \/>\n<meta property=\"og:description\" content=\"Barberino&#039;s - Mousse \u00e0 raser\" \/>\n<meta property=\"og:url\" content=\"https:\/\/manskin.ethos-dev.ch\/fr\/produkt\/barberinos-moiusse-a-raser\/\" \/>\n<meta property=\"og:site_name\" content=\"Manskin.ch\" \/>\n<meta property=\"article:publisher\" content=\"https:\/\/www.facebook.com\/manskin.ch\" \/>\n<meta property=\"article:modified_time\" content=\"2025-05-24T15:28:33+00:00\" \/>\n<meta property=\"og:image\" content=\"https:\/\/manskin.ethos-dev.ch\/wp-content\/uploads\/2025\/05\/Barberino_ShaveFoam.webp\" \/>\n\t<meta property=\"og:image:width\" content=\"1000\" \/>\n\t<meta property=\"og:image:height\" content=\"1000\" \/>\n\t<meta property=\"og:image:type\" content=\"image\/webp\" \/>\n<meta name=\"twitter:card\" content=\"summary_large_image\" \/>\n<meta name=\"twitter:label1\" content=\"Prix\" \/>\n\t<meta name=\"twitter:data1\" content=\"19.50&#067;&#072;&#070;\" \/>\n\t<meta name=\"twitter:label2\" content=\"Disponibilit\u00e9\" \/>\n\t<meta name=\"twitter:data2\" content=\"En stock\" \/>\n<script type=\"application\/ld+json\" class=\"yoast-schema-graph\">{\"@context\":\"https:\/\/schema.org\",\"@graph\":[{\"@type\":\"WebPage\",\"@id\":\"https:\/\/manskin.ethos-dev.ch\/fr\/produkt\/barberinos-moiusse-a-raser\/\",\"url\":\"https:\/\/manskin.ethos-dev.ch\/fr\/produkt\/barberinos-moiusse-a-raser\/\",\"name\":\"Mousse \u00e0 raser Barberino's | Manskin.ch\",\"isPartOf\":{\"@id\":\"https:\/\/manskin.ethos-dev.ch\/#website\"},\"primaryImageOfPage\":{\"@id\":\"https:\/\/manskin.ethos-dev.ch\/fr\/produkt\/barberinos-moiusse-a-raser\/#primaryimage\"},\"image\":{\"@id\":\"https:\/\/manskin.ethos-dev.ch\/fr\/produkt\/barberinos-moiusse-a-raser\/#primaryimage\"},\"thumbnailUrl\":\"https:\/\/manskin.ethos-dev.ch\/wp-content\/uploads\/2025\/05\/Barberino_ShaveFoam.webp\",\"datePublished\":\"2025-05-24T13:29:07+00:00\",\"dateModified\":\"2025-05-24T15:28:33+00:00\",\"description\":\"Barberino's - Mousse \u00e0 raser\",\"breadcrumb\":{\"@id\":\"https:\/\/manskin.ethos-dev.ch\/fr\/produkt\/barberinos-moiusse-a-raser\/#breadcrumb\"},\"inLanguage\":\"fr-FR\",\"potentialAction\":[{\"@type\":\"ReadAction\",\"target\":[\"https:\/\/manskin.ethos-dev.ch\/fr\/produkt\/barberinos-moiusse-a-raser\/\"]}]},{\"@type\":\"ImageObject\",\"inLanguage\":\"fr-FR\",\"@id\":\"https:\/\/manskin.ethos-dev.ch\/fr\/produkt\/barberinos-moiusse-a-raser\/#primaryimage\",\"url\":\"https:\/\/manskin.ethos-dev.ch\/wp-content\/uploads\/2025\/05\/Barberino_ShaveFoam.webp\",\"contentUrl\":\"https:\/\/manskin.ethos-dev.ch\/wp-content\/uploads\/2025\/05\/Barberino_ShaveFoam.webp\",\"width\":1000,\"height\":1000},{\"@type\":\"BreadcrumbList\",\"@id\":\"https:\/\/manskin.ethos-dev.ch\/fr\/produkt\/barberinos-moiusse-a-raser\/#breadcrumb\",\"itemListElement\":[{\"@type\":\"ListItem\",\"position\":1,\"name\":\"Startseite\",\"item\":\"https:\/\/manskin.ethos-dev.ch\/fr\/\"},{\"@type\":\"ListItem\",\"position\":2,\"name\":\"Shop\",\"item\":\"https:\/\/manskin.ethos-dev.ch\/shop\/\"},{\"@type\":\"ListItem\",\"position\":3,\"name\":\"Barberino&#8217;s &#8211; Mousse \u00e0 raser\"}]},{\"@type\":\"WebSite\",\"@id\":\"https:\/\/manskin.ethos-dev.ch\/#website\",\"url\":\"https:\/\/manskin.ethos-dev.ch\/\",\"name\":\"Manskin.ch\",\"description\":\"Tous les produits de beaut\u00e9 pour les hommes les plus exigeants\",\"publisher\":{\"@id\":\"https:\/\/manskin.ethos-dev.ch\/#organization\"},\"potentialAction\":[{\"@type\":\"SearchAction\",\"target\":{\"@type\":\"EntryPoint\",\"urlTemplate\":\"https:\/\/manskin.ethos-dev.ch\/?s={search_term_string}\"},\"query-input\":{\"@type\":\"PropertyValueSpecification\",\"valueRequired\":true,\"valueName\":\"search_term_string\"}}],\"inLanguage\":\"fr-FR\"},{\"@type\":\"Organization\",\"@id\":\"https:\/\/manskin.ethos-dev.ch\/#organization\",\"name\":\"Manskin.ch - der Schweizer Onlineshop f\u00fcr qualit\u00e4tsstarke M\u00e4nnerpflege\",\"url\":\"https:\/\/manskin.ethos-dev.ch\/\",\"logo\":{\"@type\":\"ImageObject\",\"inLanguage\":\"fr-FR\",\"@id\":\"https:\/\/manskin.ethos-dev.ch\/#\/schema\/logo\/image\/\",\"url\":\"https:\/\/manskin.ethos-dev.ch\/wp-content\/uploads\/2021\/04\/cropped-logo_head.png\",\"contentUrl\":\"https:\/\/manskin.ethos-dev.ch\/wp-content\/uploads\/2021\/04\/cropped-logo_head.png\",\"width\":235,\"height\":75,\"caption\":\"Manskin.ch - der Schweizer Onlineshop f\u00fcr qualit\u00e4tsstarke M\u00e4nnerpflege\"},\"image\":{\"@id\":\"https:\/\/manskin.ethos-dev.ch\/#\/schema\/logo\/image\/\"},\"sameAs\":[\"https:\/\/www.facebook.com\/manskin.ch\",\"https:\/\/www.instagram.com\/manskin.ch\/\"]}]}<\/script>\n<meta property=\"product:price:amount\" content=\"19.50\" \/>\n<meta property=\"product:price:currency\" content=\"CHF\" \/>\n<meta property=\"og:availability\" content=\"instock\" \/>\n<meta property=\"product:availability\" content=\"instock\" \/>\n<meta property=\"product:retailer_item_id\" content=\"14295\" \/>\n<meta property=\"product:condition\" content=\"new\" \/>\n<!-- \/ Yoast SEO Premium plugin. -->","yoast_head_json":{"title":"Mousse \u00e0 raser Barberino's | Manskin.ch","description":"Barberino's - Mousse \u00e0 raser","robots":{"index":"noindex","follow":"follow","max-snippet":"max-snippet:-1","max-image-preview":"max-image-preview:large","max-video-preview":"max-video-preview:-1"},"og_locale":"fr_FR","og_type":"article","og_title":"Barberino's - Mousse \u00e0 raser","og_description":"Barberino's - Mousse \u00e0 raser","og_url":"https:\/\/manskin.ethos-dev.ch\/fr\/produkt\/barberinos-moiusse-a-raser\/","og_site_name":"Manskin.ch","article_publisher":"https:\/\/www.facebook.com\/manskin.ch","article_modified_time":"2025-05-24T15:28:33+00:00","og_image":[{"width":1000,"height":1000,"url":"https:\/\/manskin.ethos-dev.ch\/wp-content\/uploads\/2025\/05\/Barberino_ShaveFoam.webp","type":"image\/webp"}],"twitter_card":"summary_large_image","twitter_misc":{"Prix":"19.50&#67;&#72;&#70;","Disponibilit\u00e9":"En stock"},"schema":{"@context":"https:\/\/schema.org","@graph":[{"@type":"WebPage","@id":"https:\/\/manskin.ethos-dev.ch\/fr\/produkt\/barberinos-moiusse-a-raser\/","url":"https:\/\/manskin.ethos-dev.ch\/fr\/produkt\/barberinos-moiusse-a-raser\/","name":"Mousse \u00e0 raser Barberino's | Manskin.ch","isPartOf":{"@id":"https:\/\/manskin.ethos-dev.ch\/#website"},"primaryImageOfPage":{"@id":"https:\/\/manskin.ethos-dev.ch\/fr\/produkt\/barberinos-moiusse-a-raser\/#primaryimage"},"image":{"@id":"https:\/\/manskin.ethos-dev.ch\/fr\/produkt\/barberinos-moiusse-a-raser\/#primaryimage"},"thumbnailUrl":"https:\/\/manskin.ethos-dev.ch\/wp-content\/uploads\/2025\/05\/Barberino_ShaveFoam.webp","datePublished":"2025-05-24T13:29:07+00:00","dateModified":"2025-05-24T15:28:33+00:00","description":"Barberino's - Mousse \u00e0 raser","breadcrumb":{"@id":"https:\/\/manskin.ethos-dev.ch\/fr\/produkt\/barberinos-moiusse-a-raser\/#breadcrumb"},"inLanguage":"fr-FR","potentialAction":[{"@type":"ReadAction","target":["https:\/\/manskin.ethos-dev.ch\/fr\/produkt\/barberinos-moiusse-a-raser\/"]}]},{"@type":"ImageObject","inLanguage":"fr-FR","@id":"https:\/\/manskin.ethos-dev.ch\/fr\/produkt\/barberinos-moiusse-a-raser\/#primaryimage","url":"https:\/\/manskin.ethos-dev.ch\/wp-content\/uploads\/2025\/05\/Barberino_ShaveFoam.webp","contentUrl":"https:\/\/manskin.ethos-dev.ch\/wp-content\/uploads\/2025\/05\/Barberino_ShaveFoam.webp","width":1000,"height":1000},{"@type":"BreadcrumbList","@id":"https:\/\/manskin.ethos-dev.ch\/fr\/produkt\/barberinos-moiusse-a-raser\/#breadcrumb","itemListElement":[{"@type":"ListItem","position":1,"name":"Startseite","item":"https:\/\/manskin.ethos-dev.ch\/fr\/"},{"@type":"ListItem","position":2,"name":"Shop","item":"https:\/\/manskin.ethos-dev.ch\/shop\/"},{"@type":"ListItem","position":3,"name":"Barberino&#8217;s &#8211; Mousse \u00e0 raser"}]},{"@type":"WebSite","@id":"https:\/\/manskin.ethos-dev.ch\/#website","url":"https:\/\/manskin.ethos-dev.ch\/","name":"Manskin.ch","description":"Tous les produits de beaut\u00e9 pour les hommes les plus exigeants","publisher":{"@id":"https:\/\/manskin.ethos-dev.ch\/#organization"},"potentialAction":[{"@type":"SearchAction","target":{"@type":"EntryPoint","urlTemplate":"https:\/\/manskin.ethos-dev.ch\/?s={search_term_string}"},"query-input":{"@type":"PropertyValueSpecification","valueRequired":true,"valueName":"search_term_string"}}],"inLanguage":"fr-FR"},{"@type":"Organization","@id":"https:\/\/manskin.ethos-dev.ch\/#organization","name":"Manskin.ch - der Schweizer Onlineshop f\u00fcr qualit\u00e4tsstarke M\u00e4nnerpflege","url":"https:\/\/manskin.ethos-dev.ch\/","logo":{"@type":"ImageObject","inLanguage":"fr-FR","@id":"https:\/\/manskin.ethos-dev.ch\/#\/schema\/logo\/image\/","url":"https:\/\/manskin.ethos-dev.ch\/wp-content\/uploads\/2021\/04\/cropped-logo_head.png","contentUrl":"https:\/\/manskin.ethos-dev.ch\/wp-content\/uploads\/2021\/04\/cropped-logo_head.png","width":235,"height":75,"caption":"Manskin.ch - der Schweizer Onlineshop f\u00fcr qualit\u00e4tsstarke M\u00e4nnerpflege"},"image":{"@id":"https:\/\/manskin.ethos-dev.ch\/#\/schema\/logo\/image\/"},"sameAs":["https:\/\/www.facebook.com\/manskin.ch","https:\/\/www.instagram.com\/manskin.ch\/"]}]},"product_price_amount":"19.50","product_price_currency":"CHF","og_availability":"instock","product_availability":"instock","product_retailer_item_id":"14295","product_condition":"new"},"brands":[{"id":2882,"name":"Barberino\u2019s","slug":"barberinos"}],"_links":{"self":[{"href":"https:\/\/manskin.ethos-dev.ch\/fr\/wp-json\/wp\/v2\/product\/85431","targetHints":{"allow":["GET"]}}],"collection":[{"href":"https:\/\/manskin.ethos-dev.ch\/fr\/wp-json\/wp\/v2\/product"}],"about":[{"href":"https:\/\/manskin.ethos-dev.ch\/fr\/wp-json\/wp\/v2\/types\/product"}],"replies":[{"embeddable":true,"href":"https:\/\/manskin.ethos-dev.ch\/fr\/wp-json\/wp\/v2\/comments?post=85431"}],"wp:featuredmedia":[{"embeddable":true,"href":"https:\/\/manskin.ethos-dev.ch\/fr\/wp-json\/wp\/v2\/media\/85445"}],"wp:attachment":[{"href":"https:\/\/manskin.ethos-dev.ch\/fr\/wp-json\/wp\/v2\/media?parent=85431"}],"wp:term":[{"taxonomy":"pwb-brand","embeddable":true,"href":"https:\/\/manskin.ethos-dev.ch\/fr\/wp-json\/wp\/v2\/pwb-brand?post=85431"},{"taxonomy":"product_brand","embeddable":true,"href":"https:\/\/manskin.ethos-dev.ch\/fr\/wp-json\/wp\/v2\/product_brand?post=85431"},{"taxonomy":"product_cat","embeddable":true,"href":"https:\/\/manskin.ethos-dev.ch\/fr\/wp-json\/wp\/v2\/product_cat?post=85431"},{"taxonomy":"product_tag","embeddable":true,"href":"https:\/\/manskin.ethos-dev.ch\/fr\/wp-json\/wp\/v2\/product_tag?post=85431"}],"curies":[{"name":"wp","href":"https:\/\/api.w.org\/{rel}","templated":true}]}}