{"id":85880,"date":"2025-05-31T15:04:15","date_gmt":"2025-05-31T13:04:15","guid":{"rendered":"https:\/\/manskin.ch\/produkt\/musgo-real-eau-de-toilette-alto-mar\/"},"modified":"2025-06-17T09:01:28","modified_gmt":"2025-06-17T07:01:28","slug":"musgo-real-eau-de-toilette-alto-mar-tester","status":"publish","type":"product","link":"https:\/\/manskin.ethos-dev.ch\/fr\/produkt\/musgo-real-eau-de-toilette-alto-mar-tester\/","title":{"rendered":"Musgo Real &#8211; Eau de Toilette Alto Mar Tester 2 ml"},"content":{"rendered":"<h2>Musgo Real &#8211; Eau de Toilette Alto Mar Tester 2ml<\/h2>\n<ul>\n<li>Vivifiante et rafra&icirc;chissante, l&#39;Edt. Musgo Real Alto Mar est une ode &agrave; la mer et &agrave; ses possibilit&eacute;s infinies.<\/li>\n<li>Ce parfum &eacute;l&eacute;gant et audacieux s&#39;appuie sur neuf d&eacute;cennies d&#39;h&eacute;ritage Musgo Real, tout en portant en lui l&#39;esprit d&#39;une nouvelle g&eacute;n&eacute;ration.<\/li>\n<li>La mer repr&eacute;sente des possibilit&eacute;s infinies, un espoir infini et une puissance sup&eacute;rieure. Elle sera toujours le point de d&eacute;part, un point d&#39;accostage, l&#39;horizon &agrave; perte de vue.<\/li>\n<li>Musgo Real Alto Mar Eau de Toilette est un hommage &agrave; la mer. Un hommage &agrave; la nostalgie et de libert&eacute; qui fait partie de l&#39;&acirc;me portugaise depuis toujours.<\/li>\n<li>Ce parfum s&#39;ouvre sur la l&eacute;g&egrave;ret&eacute; du calone et de la menthe avec une touche d&#39;anis. La note de fond associe des bois aux senteurs exquises &#8211; bois de santal et bois de cachemire.<\/li>\n<li>La note de c&oelig;ur r&eacute;v&egrave;le une combinaison aromatique de romarin, d&#39;absinthe et de jasmin, avec la douceur de la tonka et la puissance du v&eacute;tiver.<\/li>\n<li>La cr&eacute;atrice de cette fragrance est la parfumeuse fran&ccedil;aise Daphn&eacute; Bugey. Elle vit au Portugal depuis 2018 et a choisi ce pays pour &ecirc;tre plus proche de la nature et de la mer.\n<p>\tNotes de parfum :<\/li>\n<li>Notes de t&ecirc;te : Calone, menthe, anis<\/li>\n<li>Notes de c&oelig;ur : Absinthe, Jasmin, Romarin<\/li>\n<li><span style=\"font-size: 16px;\">Notes de fond : Bois de cachemire, Tonka, V&eacute;tiver<\/span>\n<p>\tId&eacute;al pour &#8211; Les personnes qui aiment les parfums aquatiques et aromatiques. &#8211; Quelqu&#39;un qui recherche des senteurs vivifiantes et &eacute;nergisantes.<\/p>\n<p>\tContenu&nbsp;2 ml.<\/li>\n<\/ul>\n","protected":false},"excerpt":{"rendered":"<p>Musgo Real &#8211; Eau de Toilette Alto Mar Tester 2ml Vivifiante et rafra&icirc;chissante, l&#39;Edt. Musgo Real Alto Mar est une ode &agrave; la mer et &agrave; ses possibilit&eacute;s infinies. Ce parfum &eacute;l&eacute;gant et audacieux s&#39;appuie sur neuf d&eacute;cennies d&#39;h&eacute;ritage Musgo Real, tout en portant en lui l&#39;esprit d&#39;une nouvelle g&eacute;n&eacute;ration. La mer repr&eacute;sente des possibilit&eacute;s &#8230; <a title=\"Musgo Real &#8211; Eau de Toilette Alto Mar Tester 2 ml\" class=\"read-more\" href=\"https:\/\/manskin.ethos-dev.ch\/fr\/produkt\/musgo-real-eau-de-toilette-alto-mar-tester\/\" aria-label=\"En savoir plus sur Musgo Real &#8211; Eau de Toilette Alto Mar Tester 2 ml\">Lire la suite<\/a><\/p>\n","protected":false},"featured_media":85895,"comment_status":"closed","ping_status":"closed","template":"","meta":{"_acf_changed":false},"pwb-brand":[],"product_brand":[],"product_cat":[],"product_tag":[],"class_list":{"0":"post-85880","1":"product","2":"type-product","3":"status-publish","4":"has-post-thumbnail","6":"sales-flash-overlay","7":"woocommerce-text-align-center","8":"woocommerce-image-align-center","9":"do-quantity-buttons","10":"has-subscription-plans","12":"first","13":"instock","14":"taxable","15":"shipping-taxable","16":"purchasable","17":"product-type-simple"},"acf":[],"yoast_head":"<!-- This site is optimized with the Yoast SEO Premium plugin v24.8 (Yoast SEO v25.4) - https:\/\/yoast.com\/wordpress\/plugins\/seo\/ -->\n<title>Musgo Real - Eau de Toilette Alto Mar Tester 2 ml | Manskin.ch<\/title>\n<meta name=\"description\" content=\"Musgo Real - Eau de Toilette Alto Mar Tester 2 ml\" \/>\n<meta name=\"robots\" content=\"noindex, follow, max-snippet:-1, max-image-preview:large, max-video-preview:-1\" \/>\n<meta property=\"og:locale\" content=\"fr_FR\" \/>\n<meta property=\"og:type\" content=\"article\" \/>\n<meta property=\"og:title\" content=\"Musgo Real - Eau de Toilette Alto Mar Tester 2 ml\" \/>\n<meta property=\"og:description\" content=\"Musgo Real - Eau de Toilette Alto Mar Tester 2 ml\" \/>\n<meta property=\"og:url\" content=\"https:\/\/manskin.ethos-dev.ch\/fr\/produkt\/musgo-real-eau-de-toilette-alto-mar-tester\/\" \/>\n<meta property=\"og:site_name\" content=\"Manskin.ch\" \/>\n<meta property=\"article:publisher\" content=\"https:\/\/www.facebook.com\/manskin.ch\" \/>\n<meta property=\"article:modified_time\" content=\"2025-06-17T07:01:28+00:00\" \/>\n<meta property=\"og:image\" content=\"https:\/\/manskin.ethos-dev.ch\/wp-content\/uploads\/2025\/05\/Alto-Mar-2ml-High-Quality.webp\" \/>\n\t<meta property=\"og:image:width\" content=\"1000\" \/>\n\t<meta property=\"og:image:height\" content=\"1000\" \/>\n\t<meta property=\"og:image:type\" content=\"image\/webp\" \/>\n<meta name=\"twitter:card\" content=\"summary_large_image\" \/>\n<meta name=\"twitter:label1\" content=\"Prix\" \/>\n\t<meta name=\"twitter:data1\" content=\"5.00&#067;&#072;&#070;\" \/>\n\t<meta name=\"twitter:label2\" content=\"Disponibilit\u00e9\" \/>\n\t<meta name=\"twitter:data2\" content=\"En stock\" \/>\n<script type=\"application\/ld+json\" class=\"yoast-schema-graph\">{\"@context\":\"https:\/\/schema.org\",\"@graph\":[{\"@type\":\"WebPage\",\"@id\":\"https:\/\/manskin.ethos-dev.ch\/fr\/produkt\/musgo-real-eau-de-toilette-alto-mar-tester\/\",\"url\":\"https:\/\/manskin.ethos-dev.ch\/fr\/produkt\/musgo-real-eau-de-toilette-alto-mar-tester\/\",\"name\":\"Musgo Real - Eau de Toilette Alto Mar Tester 2 ml | Manskin.ch\",\"isPartOf\":{\"@id\":\"https:\/\/manskin.ethos-dev.ch\/#website\"},\"primaryImageOfPage\":{\"@id\":\"https:\/\/manskin.ethos-dev.ch\/fr\/produkt\/musgo-real-eau-de-toilette-alto-mar-tester\/#primaryimage\"},\"image\":{\"@id\":\"https:\/\/manskin.ethos-dev.ch\/fr\/produkt\/musgo-real-eau-de-toilette-alto-mar-tester\/#primaryimage\"},\"thumbnailUrl\":\"https:\/\/manskin.ethos-dev.ch\/wp-content\/uploads\/2025\/05\/Alto-Mar-2ml-High-Quality.webp\",\"datePublished\":\"2025-05-31T13:04:15+00:00\",\"dateModified\":\"2025-06-17T07:01:28+00:00\",\"description\":\"Musgo Real - Eau de Toilette Alto Mar Tester 2 ml\",\"breadcrumb\":{\"@id\":\"https:\/\/manskin.ethos-dev.ch\/fr\/produkt\/musgo-real-eau-de-toilette-alto-mar-tester\/#breadcrumb\"},\"inLanguage\":\"fr-FR\",\"potentialAction\":[{\"@type\":\"ReadAction\",\"target\":[\"https:\/\/manskin.ethos-dev.ch\/fr\/produkt\/musgo-real-eau-de-toilette-alto-mar-tester\/\"]}]},{\"@type\":\"ImageObject\",\"inLanguage\":\"fr-FR\",\"@id\":\"https:\/\/manskin.ethos-dev.ch\/fr\/produkt\/musgo-real-eau-de-toilette-alto-mar-tester\/#primaryimage\",\"url\":\"https:\/\/manskin.ethos-dev.ch\/wp-content\/uploads\/2025\/05\/Alto-Mar-2ml-High-Quality.webp\",\"contentUrl\":\"https:\/\/manskin.ethos-dev.ch\/wp-content\/uploads\/2025\/05\/Alto-Mar-2ml-High-Quality.webp\",\"width\":1000,\"height\":1000},{\"@type\":\"BreadcrumbList\",\"@id\":\"https:\/\/manskin.ethos-dev.ch\/fr\/produkt\/musgo-real-eau-de-toilette-alto-mar-tester\/#breadcrumb\",\"itemListElement\":[{\"@type\":\"ListItem\",\"position\":1,\"name\":\"Startseite\",\"item\":\"https:\/\/manskin.ethos-dev.ch\/fr\/\"},{\"@type\":\"ListItem\",\"position\":2,\"name\":\"Shop\",\"item\":\"https:\/\/manskin.ethos-dev.ch\/shop\/\"},{\"@type\":\"ListItem\",\"position\":3,\"name\":\"Musgo Real &#8211; Eau de Toilette Alto Mar Tester 2 ml\"}]},{\"@type\":\"WebSite\",\"@id\":\"https:\/\/manskin.ethos-dev.ch\/#website\",\"url\":\"https:\/\/manskin.ethos-dev.ch\/\",\"name\":\"Manskin.ch\",\"description\":\"Tous les produits de beaut\u00e9 pour les hommes les plus exigeants\",\"publisher\":{\"@id\":\"https:\/\/manskin.ethos-dev.ch\/#organization\"},\"potentialAction\":[{\"@type\":\"SearchAction\",\"target\":{\"@type\":\"EntryPoint\",\"urlTemplate\":\"https:\/\/manskin.ethos-dev.ch\/?s={search_term_string}\"},\"query-input\":{\"@type\":\"PropertyValueSpecification\",\"valueRequired\":true,\"valueName\":\"search_term_string\"}}],\"inLanguage\":\"fr-FR\"},{\"@type\":\"Organization\",\"@id\":\"https:\/\/manskin.ethos-dev.ch\/#organization\",\"name\":\"Manskin.ch - der Schweizer Onlineshop f\u00fcr qualit\u00e4tsstarke M\u00e4nnerpflege\",\"url\":\"https:\/\/manskin.ethos-dev.ch\/\",\"logo\":{\"@type\":\"ImageObject\",\"inLanguage\":\"fr-FR\",\"@id\":\"https:\/\/manskin.ethos-dev.ch\/#\/schema\/logo\/image\/\",\"url\":\"https:\/\/manskin.ethos-dev.ch\/wp-content\/uploads\/2021\/04\/cropped-logo_head.png\",\"contentUrl\":\"https:\/\/manskin.ethos-dev.ch\/wp-content\/uploads\/2021\/04\/cropped-logo_head.png\",\"width\":235,\"height\":75,\"caption\":\"Manskin.ch - der Schweizer Onlineshop f\u00fcr qualit\u00e4tsstarke M\u00e4nnerpflege\"},\"image\":{\"@id\":\"https:\/\/manskin.ethos-dev.ch\/#\/schema\/logo\/image\/\"},\"sameAs\":[\"https:\/\/www.facebook.com\/manskin.ch\",\"https:\/\/www.instagram.com\/manskin.ch\/\"]}]}<\/script>\n<meta property=\"product:price:amount\" content=\"5.00\" \/>\n<meta property=\"product:price:currency\" content=\"CHF\" \/>\n<meta property=\"og:availability\" content=\"instock\" \/>\n<meta property=\"product:availability\" content=\"instock\" \/>\n<meta property=\"product:retailer_item_id\" content=\"14302\" \/>\n<meta property=\"product:condition\" content=\"new\" \/>\n<!-- \/ Yoast SEO Premium plugin. -->","yoast_head_json":{"title":"Musgo Real - Eau de Toilette Alto Mar Tester 2 ml | Manskin.ch","description":"Musgo Real - Eau de Toilette Alto Mar Tester 2 ml","robots":{"index":"noindex","follow":"follow","max-snippet":"max-snippet:-1","max-image-preview":"max-image-preview:large","max-video-preview":"max-video-preview:-1"},"og_locale":"fr_FR","og_type":"article","og_title":"Musgo Real - Eau de Toilette Alto Mar Tester 2 ml","og_description":"Musgo Real - Eau de Toilette Alto Mar Tester 2 ml","og_url":"https:\/\/manskin.ethos-dev.ch\/fr\/produkt\/musgo-real-eau-de-toilette-alto-mar-tester\/","og_site_name":"Manskin.ch","article_publisher":"https:\/\/www.facebook.com\/manskin.ch","article_modified_time":"2025-06-17T07:01:28+00:00","og_image":[{"width":1000,"height":1000,"url":"https:\/\/manskin.ethos-dev.ch\/wp-content\/uploads\/2025\/05\/Alto-Mar-2ml-High-Quality.webp","type":"image\/webp"}],"twitter_card":"summary_large_image","twitter_misc":{"Prix":"5.00&#67;&#72;&#70;","Disponibilit\u00e9":"En stock"},"schema":{"@context":"https:\/\/schema.org","@graph":[{"@type":"WebPage","@id":"https:\/\/manskin.ethos-dev.ch\/fr\/produkt\/musgo-real-eau-de-toilette-alto-mar-tester\/","url":"https:\/\/manskin.ethos-dev.ch\/fr\/produkt\/musgo-real-eau-de-toilette-alto-mar-tester\/","name":"Musgo Real - Eau de Toilette Alto Mar Tester 2 ml | Manskin.ch","isPartOf":{"@id":"https:\/\/manskin.ethos-dev.ch\/#website"},"primaryImageOfPage":{"@id":"https:\/\/manskin.ethos-dev.ch\/fr\/produkt\/musgo-real-eau-de-toilette-alto-mar-tester\/#primaryimage"},"image":{"@id":"https:\/\/manskin.ethos-dev.ch\/fr\/produkt\/musgo-real-eau-de-toilette-alto-mar-tester\/#primaryimage"},"thumbnailUrl":"https:\/\/manskin.ethos-dev.ch\/wp-content\/uploads\/2025\/05\/Alto-Mar-2ml-High-Quality.webp","datePublished":"2025-05-31T13:04:15+00:00","dateModified":"2025-06-17T07:01:28+00:00","description":"Musgo Real - Eau de Toilette Alto Mar Tester 2 ml","breadcrumb":{"@id":"https:\/\/manskin.ethos-dev.ch\/fr\/produkt\/musgo-real-eau-de-toilette-alto-mar-tester\/#breadcrumb"},"inLanguage":"fr-FR","potentialAction":[{"@type":"ReadAction","target":["https:\/\/manskin.ethos-dev.ch\/fr\/produkt\/musgo-real-eau-de-toilette-alto-mar-tester\/"]}]},{"@type":"ImageObject","inLanguage":"fr-FR","@id":"https:\/\/manskin.ethos-dev.ch\/fr\/produkt\/musgo-real-eau-de-toilette-alto-mar-tester\/#primaryimage","url":"https:\/\/manskin.ethos-dev.ch\/wp-content\/uploads\/2025\/05\/Alto-Mar-2ml-High-Quality.webp","contentUrl":"https:\/\/manskin.ethos-dev.ch\/wp-content\/uploads\/2025\/05\/Alto-Mar-2ml-High-Quality.webp","width":1000,"height":1000},{"@type":"BreadcrumbList","@id":"https:\/\/manskin.ethos-dev.ch\/fr\/produkt\/musgo-real-eau-de-toilette-alto-mar-tester\/#breadcrumb","itemListElement":[{"@type":"ListItem","position":1,"name":"Startseite","item":"https:\/\/manskin.ethos-dev.ch\/fr\/"},{"@type":"ListItem","position":2,"name":"Shop","item":"https:\/\/manskin.ethos-dev.ch\/shop\/"},{"@type":"ListItem","position":3,"name":"Musgo Real &#8211; Eau de Toilette Alto Mar Tester 2 ml"}]},{"@type":"WebSite","@id":"https:\/\/manskin.ethos-dev.ch\/#website","url":"https:\/\/manskin.ethos-dev.ch\/","name":"Manskin.ch","description":"Tous les produits de beaut\u00e9 pour les hommes les plus exigeants","publisher":{"@id":"https:\/\/manskin.ethos-dev.ch\/#organization"},"potentialAction":[{"@type":"SearchAction","target":{"@type":"EntryPoint","urlTemplate":"https:\/\/manskin.ethos-dev.ch\/?s={search_term_string}"},"query-input":{"@type":"PropertyValueSpecification","valueRequired":true,"valueName":"search_term_string"}}],"inLanguage":"fr-FR"},{"@type":"Organization","@id":"https:\/\/manskin.ethos-dev.ch\/#organization","name":"Manskin.ch - der Schweizer Onlineshop f\u00fcr qualit\u00e4tsstarke M\u00e4nnerpflege","url":"https:\/\/manskin.ethos-dev.ch\/","logo":{"@type":"ImageObject","inLanguage":"fr-FR","@id":"https:\/\/manskin.ethos-dev.ch\/#\/schema\/logo\/image\/","url":"https:\/\/manskin.ethos-dev.ch\/wp-content\/uploads\/2021\/04\/cropped-logo_head.png","contentUrl":"https:\/\/manskin.ethos-dev.ch\/wp-content\/uploads\/2021\/04\/cropped-logo_head.png","width":235,"height":75,"caption":"Manskin.ch - der Schweizer Onlineshop f\u00fcr qualit\u00e4tsstarke M\u00e4nnerpflege"},"image":{"@id":"https:\/\/manskin.ethos-dev.ch\/#\/schema\/logo\/image\/"},"sameAs":["https:\/\/www.facebook.com\/manskin.ch","https:\/\/www.instagram.com\/manskin.ch\/"]}]},"product_price_amount":"5.00","product_price_currency":"CHF","og_availability":"instock","product_availability":"instock","product_retailer_item_id":"14302","product_condition":"new"},"brands":[],"_links":{"self":[{"href":"https:\/\/manskin.ethos-dev.ch\/fr\/wp-json\/wp\/v2\/product\/85880","targetHints":{"allow":["GET"]}}],"collection":[{"href":"https:\/\/manskin.ethos-dev.ch\/fr\/wp-json\/wp\/v2\/product"}],"about":[{"href":"https:\/\/manskin.ethos-dev.ch\/fr\/wp-json\/wp\/v2\/types\/product"}],"replies":[{"embeddable":true,"href":"https:\/\/manskin.ethos-dev.ch\/fr\/wp-json\/wp\/v2\/comments?post=85880"}],"wp:featuredmedia":[{"embeddable":true,"href":"https:\/\/manskin.ethos-dev.ch\/fr\/wp-json\/wp\/v2\/media\/85895"}],"wp:attachment":[{"href":"https:\/\/manskin.ethos-dev.ch\/fr\/wp-json\/wp\/v2\/media?parent=85880"}],"wp:term":[{"taxonomy":"pwb-brand","embeddable":true,"href":"https:\/\/manskin.ethos-dev.ch\/fr\/wp-json\/wp\/v2\/pwb-brand?post=85880"},{"taxonomy":"product_brand","embeddable":true,"href":"https:\/\/manskin.ethos-dev.ch\/fr\/wp-json\/wp\/v2\/product_brand?post=85880"},{"taxonomy":"product_cat","embeddable":true,"href":"https:\/\/manskin.ethos-dev.ch\/fr\/wp-json\/wp\/v2\/product_cat?post=85880"},{"taxonomy":"product_tag","embeddable":true,"href":"https:\/\/manskin.ethos-dev.ch\/fr\/wp-json\/wp\/v2\/product_tag?post=85880"}],"curies":[{"name":"wp","href":"https:\/\/api.w.org\/{rel}","templated":true}]}}