{"id":86086,"date":"2025-06-05T08:30:27","date_gmt":"2025-06-05T06:30:27","guid":{"rendered":"https:\/\/manskin.ch\/produkt\/the-scientist-masque-visage\/"},"modified":"2025-06-28T13:52:44","modified_gmt":"2025-06-28T11:52:44","slug":"somebymi-masque-super-matcha","status":"publish","type":"product","link":"https:\/\/manskin.ethos-dev.ch\/fr\/produkt\/somebymi-masque-super-matcha\/","title":{"rendered":"Some By Mi &#8211; Masque Visage Super Matcha"},"content":{"rendered":"<h2>Some By Mi &ndash; Super Matcha Pore Clean Clay Mask<\/h2>\n<ul>\n<li>Le Super Matcha Pore Clean Clay Mask de Some By Mi est ton booster d&eacute;tox naturel pour les pores obstru&eacute;s, l&#39;exc&egrave;s de s&eacute;bum et la peau fatigu&eacute;e. Gr&acirc;ce au th&eacute; vert matcha, &agrave; l&#39;argile fran&ccedil;aise et au BHA, il nettoie en douceur mais efficacement, sans dess&eacute;cher la peau.<\/li>\n<li>Tandis que l&#39;argile absorbe les impuret&eacute;s et l&#39;exc&egrave;s de s&eacute;bum, l&#39;eau d&#39;arbre &agrave; th&eacute; contenue dans le masque &eacute;limine les impuret&eacute;s des pores et affine visiblement le grain de peau. Le masque ne s&egrave;che pas compl&egrave;tement et reste agr&eacute;ablement doux, pour une application relaxante sans sensation de tiraillement.<\/li>\n<\/ul>\n<p>Les points forts en un coup d&#39;&oelig;il :<\/p>\n<ul>\n<li>Le th&eacute; matcha et l&#39;eau d&#39;arbre &agrave; th&eacute; purifient et apaisent la peau<\/li>\n<li>L&#39;argile fran&ccedil;aise &eacute;limine le s&eacute;bum et nettoie en profondeur<\/li>\n<li>Le BHA (acide salicylique) dissout les cellules mortes et pr&eacute;vient les impuret&eacute;s<\/li>\n<li>Texture douce et cr&eacute;meuse : ne dess&egrave;che pas et ne tiraille pas<\/li>\n<li>Affine visiblement les pores et laisse une sensation de fra&icirc;cheur sur la peau<\/li>\n<li>Id&eacute;al pour les peaux mixtes, grasses ou &agrave; imperfections &ndash; &eacute;galement bien tol&eacute;r&eacute; par les peaux sensibles.<\/li>\n<\/ul>\n<p>Application : appliquer 1 &agrave; 2 fois par semaine sur le visage sec apr&egrave;s le nettoyage (en particulier sur la zone T). Laisser agir 10 &agrave; 15 minutes, puis rincer &agrave; l&#39;eau ti&egrave;de. Appliquer ensuite un soin hydratant.<\/p>\n","protected":false},"excerpt":{"rendered":"<p>Nettoyage en profondeur avec du th\u00e9 vert puissant<\/p>\n","protected":false},"featured_media":86101,"comment_status":"closed","ping_status":"closed","template":"","meta":{"_acf_changed":false},"pwb-brand":[],"product_brand":[],"product_cat":[],"product_tag":[],"class_list":{"0":"post-86086","1":"product","2":"type-product","3":"status-publish","4":"has-post-thumbnail","6":"sales-flash-overlay","7":"woocommerce-text-align-center","8":"woocommerce-image-align-center","9":"do-quantity-buttons","10":"wc-has-gallery","11":"has-subscription-plans","13":"first","14":"instock","15":"taxable","16":"shipping-taxable","17":"purchasable","18":"product-type-simple"},"acf":[],"yoast_head":"<!-- This site is optimized with the Yoast SEO Premium plugin v24.8 (Yoast SEO v25.4) - https:\/\/yoast.com\/wordpress\/plugins\/seo\/ -->\n<title>Some By Mi - Masque Visage Super Matcha | Manskin.ch<\/title>\n<meta name=\"description\" content=\"Dites adieu aux pores obstru\u00e9s ! Le masque visage Detox-Booster Super Matcha nettoie en douceur et laisse une sensation de fra\u00eecheur sur la peau.\" \/>\n<meta name=\"robots\" content=\"noindex, follow, max-snippet:-1, max-image-preview:large, max-video-preview:-1\" \/>\n<meta property=\"og:locale\" content=\"fr_FR\" \/>\n<meta property=\"og:type\" content=\"article\" \/>\n<meta property=\"og:title\" content=\"Some By Mi - Masque Visage Super Matcha\" \/>\n<meta property=\"og:description\" content=\"Dites adieu aux pores obstru\u00e9s ! Le masque visage Detox-Booster Super Matcha nettoie en douceur et laisse une sensation de fra\u00eecheur sur la peau.\" \/>\n<meta property=\"og:url\" content=\"https:\/\/manskin.ethos-dev.ch\/fr\/produkt\/somebymi-masque-super-matcha\/\" \/>\n<meta property=\"og:site_name\" content=\"Manskin.ch\" \/>\n<meta property=\"article:publisher\" content=\"https:\/\/www.facebook.com\/manskin.ch\" \/>\n<meta property=\"article:modified_time\" content=\"2025-06-28T11:52:44+00:00\" \/>\n<meta property=\"og:image\" content=\"https:\/\/manskin.ethos-dev.ch\/wp-content\/uploads\/2025\/06\/Somebymi_supermatcha.webp\" \/>\n\t<meta property=\"og:image:width\" content=\"800\" \/>\n\t<meta property=\"og:image:height\" content=\"800\" \/>\n\t<meta property=\"og:image:type\" content=\"image\/webp\" \/>\n<meta name=\"twitter:card\" content=\"summary_large_image\" \/>\n<meta name=\"twitter:label1\" content=\"Prix\" \/>\n\t<meta name=\"twitter:data1\" content=\"19.00&#067;&#072;&#070;\" \/>\n\t<meta name=\"twitter:label2\" content=\"Disponibilit\u00e9\" \/>\n\t<meta name=\"twitter:data2\" content=\"En stock\" \/>\n<script type=\"application\/ld+json\" class=\"yoast-schema-graph\">{\"@context\":\"https:\/\/schema.org\",\"@graph\":[{\"@type\":\"WebPage\",\"@id\":\"https:\/\/manskin.ethos-dev.ch\/fr\/produkt\/somebymi-masque-super-matcha\/\",\"url\":\"https:\/\/manskin.ethos-dev.ch\/fr\/produkt\/somebymi-masque-super-matcha\/\",\"name\":\"Some By Mi - Masque Visage Super Matcha | Manskin.ch\",\"isPartOf\":{\"@id\":\"https:\/\/manskin.ethos-dev.ch\/#website\"},\"primaryImageOfPage\":{\"@id\":\"https:\/\/manskin.ethos-dev.ch\/fr\/produkt\/somebymi-masque-super-matcha\/#primaryimage\"},\"image\":{\"@id\":\"https:\/\/manskin.ethos-dev.ch\/fr\/produkt\/somebymi-masque-super-matcha\/#primaryimage\"},\"thumbnailUrl\":\"https:\/\/manskin.ethos-dev.ch\/wp-content\/uploads\/2025\/06\/Somebymi_supermatcha.webp\",\"datePublished\":\"2025-06-05T06:30:27+00:00\",\"dateModified\":\"2025-06-28T11:52:44+00:00\",\"description\":\"Dites adieu aux pores obstru\u00e9s ! Le masque visage Detox-Booster Super Matcha nettoie en douceur et laisse une sensation de fra\u00eecheur sur la peau.\",\"breadcrumb\":{\"@id\":\"https:\/\/manskin.ethos-dev.ch\/fr\/produkt\/somebymi-masque-super-matcha\/#breadcrumb\"},\"inLanguage\":\"fr-FR\",\"potentialAction\":[{\"@type\":\"ReadAction\",\"target\":[\"https:\/\/manskin.ethos-dev.ch\/fr\/produkt\/somebymi-masque-super-matcha\/\"]}]},{\"@type\":\"ImageObject\",\"inLanguage\":\"fr-FR\",\"@id\":\"https:\/\/manskin.ethos-dev.ch\/fr\/produkt\/somebymi-masque-super-matcha\/#primaryimage\",\"url\":\"https:\/\/manskin.ethos-dev.ch\/wp-content\/uploads\/2025\/06\/Somebymi_supermatcha.webp\",\"contentUrl\":\"https:\/\/manskin.ethos-dev.ch\/wp-content\/uploads\/2025\/06\/Somebymi_supermatcha.webp\",\"width\":800,\"height\":800},{\"@type\":\"BreadcrumbList\",\"@id\":\"https:\/\/manskin.ethos-dev.ch\/fr\/produkt\/somebymi-masque-super-matcha\/#breadcrumb\",\"itemListElement\":[{\"@type\":\"ListItem\",\"position\":1,\"name\":\"Startseite\",\"item\":\"https:\/\/manskin.ethos-dev.ch\/fr\/\"},{\"@type\":\"ListItem\",\"position\":2,\"name\":\"Shop\",\"item\":\"https:\/\/manskin.ethos-dev.ch\/shop\/\"},{\"@type\":\"ListItem\",\"position\":3,\"name\":\"Some By Mi &#8211; Masque Visage Super Matcha\"}]},{\"@type\":\"WebSite\",\"@id\":\"https:\/\/manskin.ethos-dev.ch\/#website\",\"url\":\"https:\/\/manskin.ethos-dev.ch\/\",\"name\":\"Manskin.ch\",\"description\":\"Tous les produits de beaut\u00e9 pour les hommes les plus exigeants\",\"publisher\":{\"@id\":\"https:\/\/manskin.ethos-dev.ch\/#organization\"},\"potentialAction\":[{\"@type\":\"SearchAction\",\"target\":{\"@type\":\"EntryPoint\",\"urlTemplate\":\"https:\/\/manskin.ethos-dev.ch\/?s={search_term_string}\"},\"query-input\":{\"@type\":\"PropertyValueSpecification\",\"valueRequired\":true,\"valueName\":\"search_term_string\"}}],\"inLanguage\":\"fr-FR\"},{\"@type\":\"Organization\",\"@id\":\"https:\/\/manskin.ethos-dev.ch\/#organization\",\"name\":\"Manskin.ch - der Schweizer Onlineshop f\u00fcr qualit\u00e4tsstarke M\u00e4nnerpflege\",\"url\":\"https:\/\/manskin.ethos-dev.ch\/\",\"logo\":{\"@type\":\"ImageObject\",\"inLanguage\":\"fr-FR\",\"@id\":\"https:\/\/manskin.ethos-dev.ch\/#\/schema\/logo\/image\/\",\"url\":\"https:\/\/manskin.ethos-dev.ch\/wp-content\/uploads\/2021\/04\/cropped-logo_head.png\",\"contentUrl\":\"https:\/\/manskin.ethos-dev.ch\/wp-content\/uploads\/2021\/04\/cropped-logo_head.png\",\"width\":235,\"height\":75,\"caption\":\"Manskin.ch - der Schweizer Onlineshop f\u00fcr qualit\u00e4tsstarke M\u00e4nnerpflege\"},\"image\":{\"@id\":\"https:\/\/manskin.ethos-dev.ch\/#\/schema\/logo\/image\/\"},\"sameAs\":[\"https:\/\/www.facebook.com\/manskin.ch\",\"https:\/\/www.instagram.com\/manskin.ch\/\"]}]}<\/script>\n<meta property=\"product:price:amount\" content=\"19.00\" \/>\n<meta property=\"product:price:currency\" content=\"CHF\" \/>\n<meta property=\"og:availability\" content=\"instock\" \/>\n<meta property=\"product:availability\" content=\"instock\" \/>\n<meta property=\"product:retailer_item_id\" content=\"14306\" \/>\n<meta property=\"product:condition\" content=\"new\" \/>\n<!-- \/ Yoast SEO Premium plugin. -->","yoast_head_json":{"title":"Some By Mi - Masque Visage Super Matcha | Manskin.ch","description":"Dites adieu aux pores obstru\u00e9s ! Le masque visage Detox-Booster Super Matcha nettoie en douceur et laisse une sensation de fra\u00eecheur sur la peau.","robots":{"index":"noindex","follow":"follow","max-snippet":"max-snippet:-1","max-image-preview":"max-image-preview:large","max-video-preview":"max-video-preview:-1"},"og_locale":"fr_FR","og_type":"article","og_title":"Some By Mi - Masque Visage Super Matcha","og_description":"Dites adieu aux pores obstru\u00e9s ! Le masque visage Detox-Booster Super Matcha nettoie en douceur et laisse une sensation de fra\u00eecheur sur la peau.","og_url":"https:\/\/manskin.ethos-dev.ch\/fr\/produkt\/somebymi-masque-super-matcha\/","og_site_name":"Manskin.ch","article_publisher":"https:\/\/www.facebook.com\/manskin.ch","article_modified_time":"2025-06-28T11:52:44+00:00","og_image":[{"width":800,"height":800,"url":"https:\/\/manskin.ethos-dev.ch\/wp-content\/uploads\/2025\/06\/Somebymi_supermatcha.webp","type":"image\/webp"}],"twitter_card":"summary_large_image","twitter_misc":{"Prix":"19.00&#67;&#72;&#70;","Disponibilit\u00e9":"En stock"},"schema":{"@context":"https:\/\/schema.org","@graph":[{"@type":"WebPage","@id":"https:\/\/manskin.ethos-dev.ch\/fr\/produkt\/somebymi-masque-super-matcha\/","url":"https:\/\/manskin.ethos-dev.ch\/fr\/produkt\/somebymi-masque-super-matcha\/","name":"Some By Mi - Masque Visage Super Matcha | Manskin.ch","isPartOf":{"@id":"https:\/\/manskin.ethos-dev.ch\/#website"},"primaryImageOfPage":{"@id":"https:\/\/manskin.ethos-dev.ch\/fr\/produkt\/somebymi-masque-super-matcha\/#primaryimage"},"image":{"@id":"https:\/\/manskin.ethos-dev.ch\/fr\/produkt\/somebymi-masque-super-matcha\/#primaryimage"},"thumbnailUrl":"https:\/\/manskin.ethos-dev.ch\/wp-content\/uploads\/2025\/06\/Somebymi_supermatcha.webp","datePublished":"2025-06-05T06:30:27+00:00","dateModified":"2025-06-28T11:52:44+00:00","description":"Dites adieu aux pores obstru\u00e9s ! Le masque visage Detox-Booster Super Matcha nettoie en douceur et laisse une sensation de fra\u00eecheur sur la peau.","breadcrumb":{"@id":"https:\/\/manskin.ethos-dev.ch\/fr\/produkt\/somebymi-masque-super-matcha\/#breadcrumb"},"inLanguage":"fr-FR","potentialAction":[{"@type":"ReadAction","target":["https:\/\/manskin.ethos-dev.ch\/fr\/produkt\/somebymi-masque-super-matcha\/"]}]},{"@type":"ImageObject","inLanguage":"fr-FR","@id":"https:\/\/manskin.ethos-dev.ch\/fr\/produkt\/somebymi-masque-super-matcha\/#primaryimage","url":"https:\/\/manskin.ethos-dev.ch\/wp-content\/uploads\/2025\/06\/Somebymi_supermatcha.webp","contentUrl":"https:\/\/manskin.ethos-dev.ch\/wp-content\/uploads\/2025\/06\/Somebymi_supermatcha.webp","width":800,"height":800},{"@type":"BreadcrumbList","@id":"https:\/\/manskin.ethos-dev.ch\/fr\/produkt\/somebymi-masque-super-matcha\/#breadcrumb","itemListElement":[{"@type":"ListItem","position":1,"name":"Startseite","item":"https:\/\/manskin.ethos-dev.ch\/fr\/"},{"@type":"ListItem","position":2,"name":"Shop","item":"https:\/\/manskin.ethos-dev.ch\/shop\/"},{"@type":"ListItem","position":3,"name":"Some By Mi &#8211; Masque Visage Super Matcha"}]},{"@type":"WebSite","@id":"https:\/\/manskin.ethos-dev.ch\/#website","url":"https:\/\/manskin.ethos-dev.ch\/","name":"Manskin.ch","description":"Tous les produits de beaut\u00e9 pour les hommes les plus exigeants","publisher":{"@id":"https:\/\/manskin.ethos-dev.ch\/#organization"},"potentialAction":[{"@type":"SearchAction","target":{"@type":"EntryPoint","urlTemplate":"https:\/\/manskin.ethos-dev.ch\/?s={search_term_string}"},"query-input":{"@type":"PropertyValueSpecification","valueRequired":true,"valueName":"search_term_string"}}],"inLanguage":"fr-FR"},{"@type":"Organization","@id":"https:\/\/manskin.ethos-dev.ch\/#organization","name":"Manskin.ch - der Schweizer Onlineshop f\u00fcr qualit\u00e4tsstarke M\u00e4nnerpflege","url":"https:\/\/manskin.ethos-dev.ch\/","logo":{"@type":"ImageObject","inLanguage":"fr-FR","@id":"https:\/\/manskin.ethos-dev.ch\/#\/schema\/logo\/image\/","url":"https:\/\/manskin.ethos-dev.ch\/wp-content\/uploads\/2021\/04\/cropped-logo_head.png","contentUrl":"https:\/\/manskin.ethos-dev.ch\/wp-content\/uploads\/2021\/04\/cropped-logo_head.png","width":235,"height":75,"caption":"Manskin.ch - der Schweizer Onlineshop f\u00fcr qualit\u00e4tsstarke M\u00e4nnerpflege"},"image":{"@id":"https:\/\/manskin.ethos-dev.ch\/#\/schema\/logo\/image\/"},"sameAs":["https:\/\/www.facebook.com\/manskin.ch","https:\/\/www.instagram.com\/manskin.ch\/"]}]},"product_price_amount":"19.00","product_price_currency":"CHF","og_availability":"instock","product_availability":"instock","product_retailer_item_id":"14306","product_condition":"new"},"brands":[],"_links":{"self":[{"href":"https:\/\/manskin.ethos-dev.ch\/fr\/wp-json\/wp\/v2\/product\/86086","targetHints":{"allow":["GET"]}}],"collection":[{"href":"https:\/\/manskin.ethos-dev.ch\/fr\/wp-json\/wp\/v2\/product"}],"about":[{"href":"https:\/\/manskin.ethos-dev.ch\/fr\/wp-json\/wp\/v2\/types\/product"}],"replies":[{"embeddable":true,"href":"https:\/\/manskin.ethos-dev.ch\/fr\/wp-json\/wp\/v2\/comments?post=86086"}],"wp:featuredmedia":[{"embeddable":true,"href":"https:\/\/manskin.ethos-dev.ch\/fr\/wp-json\/wp\/v2\/media\/86101"}],"wp:attachment":[{"href":"https:\/\/manskin.ethos-dev.ch\/fr\/wp-json\/wp\/v2\/media?parent=86086"}],"wp:term":[{"taxonomy":"pwb-brand","embeddable":true,"href":"https:\/\/manskin.ethos-dev.ch\/fr\/wp-json\/wp\/v2\/pwb-brand?post=86086"},{"taxonomy":"product_brand","embeddable":true,"href":"https:\/\/manskin.ethos-dev.ch\/fr\/wp-json\/wp\/v2\/product_brand?post=86086"},{"taxonomy":"product_cat","embeddable":true,"href":"https:\/\/manskin.ethos-dev.ch\/fr\/wp-json\/wp\/v2\/product_cat?post=86086"},{"taxonomy":"product_tag","embeddable":true,"href":"https:\/\/manskin.ethos-dev.ch\/fr\/wp-json\/wp\/v2\/product_tag?post=86086"}],"curies":[{"name":"wp","href":"https:\/\/api.w.org\/{rel}","templated":true}]}}