{"id":86095,"date":"2025-06-05T08:45:06","date_gmt":"2025-06-05T06:45:06","guid":{"rendered":"https:\/\/manskin.ch\/produkt\/somebymi-retinol-intense-eye-cream-2\/"},"modified":"2025-06-28T22:14:10","modified_gmt":"2025-06-28T20:14:10","slug":"somebymi-retinol-intense-eye-cream","status":"publish","type":"product","link":"https:\/\/manskin.ethos-dev.ch\/fr\/produkt\/somebymi-retinol-intense-eye-cream\/","title":{"rendered":"Some By Mi &#8211; Retinol Intense Eye Cream"},"content":{"rendered":"<h2>Some By Mi &#8211; Retinol Intense Eye Cream<\/h2>\n<ul>\n<li>\n<p>La Retinol Intense Eye Cream de Some By Mi est votre arme secr&egrave;te contre les ridules, les cernes et la peau fatigu&eacute;e autour des yeux.<\/p>\n<\/li>\n<li>\n<p>Gr&acirc;ce &agrave; sa formule hautement efficace &agrave; base de r&eacute;tinol, de niacinamide et de peptides, elle lisse visiblement, &eacute;claircit les cernes et rend le regard &eacute;clatant et jeune.<\/p>\n<\/li>\n<li>\n<p>Ce soin doux mais efficace p&eacute;n&egrave;tre rapidement sans irriter, ce qui le rend id&eacute;al pour la zone sensible du contour des yeux.<\/p>\n<\/li>\n<\/ul>\n<p>Les points forts en un coup d&#39;&oelig;il :<\/p>\n<ul>\n<li>Le r&eacute;tinol et le r&eacute;tinal stimulent le renouvellement cellulaire et att&eacute;nuent les rides.<\/li>\n<li>La niacinamide &eacute;claircit les cernes et uniformise le teint.<\/li>\n<li>Les peptides et les boosters de collag&egrave;ne raffermissent et tonifient la peau.<\/li>\n<li>La centella et le panth&eacute;nol apaisent et nourrissent intens&eacute;ment.<\/li>\n<li>Test&eacute; cliniquement, convient &eacute;galement aux peaux sensibles.<\/li>\n<li>Pour tous les types de peau, en particulier aux premiers signes de vieillissement cutan&eacute;, de ridules ou de cernes.<\/li>\n<\/ul>\n<p>Contenu 30 ml.<\/p>\n<p>&nbsp;<\/p>\n","protected":false},"excerpt":{"rendered":"<p>Contre les ridules et cernes<\/p>\n","protected":false},"featured_media":86108,"comment_status":"closed","ping_status":"closed","template":"","meta":{"_acf_changed":false},"pwb-brand":[],"product_brand":[],"product_cat":[],"product_tag":[],"class_list":{"0":"post-86095","1":"product","2":"type-product","3":"status-publish","4":"has-post-thumbnail","6":"sales-flash-overlay","7":"woocommerce-text-align-center","8":"woocommerce-image-align-center","9":"do-quantity-buttons","10":"has-subscription-plans","12":"first","13":"instock","14":"taxable","15":"shipping-taxable","16":"purchasable","17":"product-type-simple"},"acf":[],"yoast_head":"<!-- This site is optimized with the Yoast SEO Premium plugin v24.8 (Yoast SEO v25.4) - https:\/\/yoast.com\/wordpress\/plugins\/seo\/ -->\n<title>Some By Mi - Retinol Intense Eye Cream contre les ridules autour des yeux | Manskin.ch<\/title>\n<meta name=\"description\" content=\"D\u00e9couvre la cr\u00e8me pour les yeux Retinol Intense Eye Cream pour un regard \u00e9clatant ! Gr\u00e2ce au r\u00e9tinol, \u00e0 la niacinamide et aux peptides, elle r\u00e9duit visiblement les cernes et les rides.\" \/>\n<meta name=\"robots\" content=\"noindex, follow, max-snippet:-1, max-image-preview:large, max-video-preview:-1\" \/>\n<meta property=\"og:locale\" content=\"fr_FR\" \/>\n<meta property=\"og:type\" content=\"article\" \/>\n<meta property=\"og:title\" content=\"Some By Mi - Retinol Intense Eye Cream\" \/>\n<meta property=\"og:description\" content=\"D\u00e9couvre la cr\u00e8me pour les yeux Retinol Intense Eye Cream pour un regard \u00e9clatant ! Gr\u00e2ce au r\u00e9tinol, \u00e0 la niacinamide et aux peptides, elle r\u00e9duit visiblement les cernes et les rides.\" \/>\n<meta property=\"og:url\" content=\"https:\/\/manskin.ethos-dev.ch\/fr\/produkt\/somebymi-retinol-intense-eye-cream\/\" \/>\n<meta property=\"og:site_name\" content=\"Manskin.ch\" \/>\n<meta property=\"article:publisher\" content=\"https:\/\/www.facebook.com\/manskin.ch\" \/>\n<meta property=\"article:modified_time\" content=\"2025-06-28T20:14:10+00:00\" \/>\n<meta property=\"og:image\" content=\"https:\/\/manskin.ethos-dev.ch\/wp-content\/uploads\/2025\/06\/Somebymi_eyecream.webp\" \/>\n\t<meta property=\"og:image:width\" content=\"800\" \/>\n\t<meta property=\"og:image:height\" content=\"800\" \/>\n\t<meta property=\"og:image:type\" content=\"image\/webp\" \/>\n<meta name=\"twitter:card\" content=\"summary_large_image\" \/>\n<meta name=\"twitter:label1\" content=\"Prix\" \/>\n\t<meta name=\"twitter:data1\" content=\"17.50&#067;&#072;&#070;\" \/>\n\t<meta name=\"twitter:label2\" content=\"Disponibilit\u00e9\" \/>\n\t<meta name=\"twitter:data2\" content=\"En stock\" \/>\n<script type=\"application\/ld+json\" class=\"yoast-schema-graph\">{\"@context\":\"https:\/\/schema.org\",\"@graph\":[{\"@type\":\"WebPage\",\"@id\":\"https:\/\/manskin.ethos-dev.ch\/fr\/produkt\/somebymi-retinol-intense-eye-cream\/\",\"url\":\"https:\/\/manskin.ethos-dev.ch\/fr\/produkt\/somebymi-retinol-intense-eye-cream\/\",\"name\":\"Some By Mi - Retinol Intense Eye Cream contre les ridules autour des yeux | Manskin.ch\",\"isPartOf\":{\"@id\":\"https:\/\/manskin.ethos-dev.ch\/#website\"},\"primaryImageOfPage\":{\"@id\":\"https:\/\/manskin.ethos-dev.ch\/fr\/produkt\/somebymi-retinol-intense-eye-cream\/#primaryimage\"},\"image\":{\"@id\":\"https:\/\/manskin.ethos-dev.ch\/fr\/produkt\/somebymi-retinol-intense-eye-cream\/#primaryimage\"},\"thumbnailUrl\":\"https:\/\/manskin.ethos-dev.ch\/wp-content\/uploads\/2025\/06\/Somebymi_eyecream.webp\",\"datePublished\":\"2025-06-05T06:45:06+00:00\",\"dateModified\":\"2025-06-28T20:14:10+00:00\",\"description\":\"D\u00e9couvre la cr\u00e8me pour les yeux Retinol Intense Eye Cream pour un regard \u00e9clatant ! Gr\u00e2ce au r\u00e9tinol, \u00e0 la niacinamide et aux peptides, elle r\u00e9duit visiblement les cernes et les rides.\",\"breadcrumb\":{\"@id\":\"https:\/\/manskin.ethos-dev.ch\/fr\/produkt\/somebymi-retinol-intense-eye-cream\/#breadcrumb\"},\"inLanguage\":\"fr-FR\",\"potentialAction\":[{\"@type\":\"ReadAction\",\"target\":[\"https:\/\/manskin.ethos-dev.ch\/fr\/produkt\/somebymi-retinol-intense-eye-cream\/\"]}]},{\"@type\":\"ImageObject\",\"inLanguage\":\"fr-FR\",\"@id\":\"https:\/\/manskin.ethos-dev.ch\/fr\/produkt\/somebymi-retinol-intense-eye-cream\/#primaryimage\",\"url\":\"https:\/\/manskin.ethos-dev.ch\/wp-content\/uploads\/2025\/06\/Somebymi_eyecream.webp\",\"contentUrl\":\"https:\/\/manskin.ethos-dev.ch\/wp-content\/uploads\/2025\/06\/Somebymi_eyecream.webp\",\"width\":800,\"height\":800},{\"@type\":\"BreadcrumbList\",\"@id\":\"https:\/\/manskin.ethos-dev.ch\/fr\/produkt\/somebymi-retinol-intense-eye-cream\/#breadcrumb\",\"itemListElement\":[{\"@type\":\"ListItem\",\"position\":1,\"name\":\"Startseite\",\"item\":\"https:\/\/manskin.ethos-dev.ch\/fr\/\"},{\"@type\":\"ListItem\",\"position\":2,\"name\":\"Shop\",\"item\":\"https:\/\/manskin.ethos-dev.ch\/shop\/\"},{\"@type\":\"ListItem\",\"position\":3,\"name\":\"Some By Mi &#8211; Retinol Intense Eye Cream\"}]},{\"@type\":\"WebSite\",\"@id\":\"https:\/\/manskin.ethos-dev.ch\/#website\",\"url\":\"https:\/\/manskin.ethos-dev.ch\/\",\"name\":\"Manskin.ch\",\"description\":\"Tous les produits de beaut\u00e9 pour les hommes les plus exigeants\",\"publisher\":{\"@id\":\"https:\/\/manskin.ethos-dev.ch\/#organization\"},\"potentialAction\":[{\"@type\":\"SearchAction\",\"target\":{\"@type\":\"EntryPoint\",\"urlTemplate\":\"https:\/\/manskin.ethos-dev.ch\/?s={search_term_string}\"},\"query-input\":{\"@type\":\"PropertyValueSpecification\",\"valueRequired\":true,\"valueName\":\"search_term_string\"}}],\"inLanguage\":\"fr-FR\"},{\"@type\":\"Organization\",\"@id\":\"https:\/\/manskin.ethos-dev.ch\/#organization\",\"name\":\"Manskin.ch - der Schweizer Onlineshop f\u00fcr qualit\u00e4tsstarke M\u00e4nnerpflege\",\"url\":\"https:\/\/manskin.ethos-dev.ch\/\",\"logo\":{\"@type\":\"ImageObject\",\"inLanguage\":\"fr-FR\",\"@id\":\"https:\/\/manskin.ethos-dev.ch\/#\/schema\/logo\/image\/\",\"url\":\"https:\/\/manskin.ethos-dev.ch\/wp-content\/uploads\/2021\/04\/cropped-logo_head.png\",\"contentUrl\":\"https:\/\/manskin.ethos-dev.ch\/wp-content\/uploads\/2021\/04\/cropped-logo_head.png\",\"width\":235,\"height\":75,\"caption\":\"Manskin.ch - der Schweizer Onlineshop f\u00fcr qualit\u00e4tsstarke M\u00e4nnerpflege\"},\"image\":{\"@id\":\"https:\/\/manskin.ethos-dev.ch\/#\/schema\/logo\/image\/\"},\"sameAs\":[\"https:\/\/www.facebook.com\/manskin.ch\",\"https:\/\/www.instagram.com\/manskin.ch\/\"]}]}<\/script>\n<meta property=\"product:price:amount\" content=\"17.50\" \/>\n<meta property=\"product:price:currency\" content=\"CHF\" \/>\n<meta property=\"og:availability\" content=\"instock\" \/>\n<meta property=\"product:availability\" content=\"instock\" \/>\n<meta property=\"product:retailer_item_id\" content=\"14308\" \/>\n<meta property=\"product:condition\" content=\"new\" \/>\n<!-- \/ Yoast SEO Premium plugin. -->","yoast_head_json":{"title":"Some By Mi - Retinol Intense Eye Cream contre les ridules autour des yeux | Manskin.ch","description":"D\u00e9couvre la cr\u00e8me pour les yeux Retinol Intense Eye Cream pour un regard \u00e9clatant ! Gr\u00e2ce au r\u00e9tinol, \u00e0 la niacinamide et aux peptides, elle r\u00e9duit visiblement les cernes et les rides.","robots":{"index":"noindex","follow":"follow","max-snippet":"max-snippet:-1","max-image-preview":"max-image-preview:large","max-video-preview":"max-video-preview:-1"},"og_locale":"fr_FR","og_type":"article","og_title":"Some By Mi - Retinol Intense Eye Cream","og_description":"D\u00e9couvre la cr\u00e8me pour les yeux Retinol Intense Eye Cream pour un regard \u00e9clatant ! Gr\u00e2ce au r\u00e9tinol, \u00e0 la niacinamide et aux peptides, elle r\u00e9duit visiblement les cernes et les rides.","og_url":"https:\/\/manskin.ethos-dev.ch\/fr\/produkt\/somebymi-retinol-intense-eye-cream\/","og_site_name":"Manskin.ch","article_publisher":"https:\/\/www.facebook.com\/manskin.ch","article_modified_time":"2025-06-28T20:14:10+00:00","og_image":[{"width":800,"height":800,"url":"https:\/\/manskin.ethos-dev.ch\/wp-content\/uploads\/2025\/06\/Somebymi_eyecream.webp","type":"image\/webp"}],"twitter_card":"summary_large_image","twitter_misc":{"Prix":"17.50&#67;&#72;&#70;","Disponibilit\u00e9":"En stock"},"schema":{"@context":"https:\/\/schema.org","@graph":[{"@type":"WebPage","@id":"https:\/\/manskin.ethos-dev.ch\/fr\/produkt\/somebymi-retinol-intense-eye-cream\/","url":"https:\/\/manskin.ethos-dev.ch\/fr\/produkt\/somebymi-retinol-intense-eye-cream\/","name":"Some By Mi - Retinol Intense Eye Cream contre les ridules autour des yeux | Manskin.ch","isPartOf":{"@id":"https:\/\/manskin.ethos-dev.ch\/#website"},"primaryImageOfPage":{"@id":"https:\/\/manskin.ethos-dev.ch\/fr\/produkt\/somebymi-retinol-intense-eye-cream\/#primaryimage"},"image":{"@id":"https:\/\/manskin.ethos-dev.ch\/fr\/produkt\/somebymi-retinol-intense-eye-cream\/#primaryimage"},"thumbnailUrl":"https:\/\/manskin.ethos-dev.ch\/wp-content\/uploads\/2025\/06\/Somebymi_eyecream.webp","datePublished":"2025-06-05T06:45:06+00:00","dateModified":"2025-06-28T20:14:10+00:00","description":"D\u00e9couvre la cr\u00e8me pour les yeux Retinol Intense Eye Cream pour un regard \u00e9clatant ! Gr\u00e2ce au r\u00e9tinol, \u00e0 la niacinamide et aux peptides, elle r\u00e9duit visiblement les cernes et les rides.","breadcrumb":{"@id":"https:\/\/manskin.ethos-dev.ch\/fr\/produkt\/somebymi-retinol-intense-eye-cream\/#breadcrumb"},"inLanguage":"fr-FR","potentialAction":[{"@type":"ReadAction","target":["https:\/\/manskin.ethos-dev.ch\/fr\/produkt\/somebymi-retinol-intense-eye-cream\/"]}]},{"@type":"ImageObject","inLanguage":"fr-FR","@id":"https:\/\/manskin.ethos-dev.ch\/fr\/produkt\/somebymi-retinol-intense-eye-cream\/#primaryimage","url":"https:\/\/manskin.ethos-dev.ch\/wp-content\/uploads\/2025\/06\/Somebymi_eyecream.webp","contentUrl":"https:\/\/manskin.ethos-dev.ch\/wp-content\/uploads\/2025\/06\/Somebymi_eyecream.webp","width":800,"height":800},{"@type":"BreadcrumbList","@id":"https:\/\/manskin.ethos-dev.ch\/fr\/produkt\/somebymi-retinol-intense-eye-cream\/#breadcrumb","itemListElement":[{"@type":"ListItem","position":1,"name":"Startseite","item":"https:\/\/manskin.ethos-dev.ch\/fr\/"},{"@type":"ListItem","position":2,"name":"Shop","item":"https:\/\/manskin.ethos-dev.ch\/shop\/"},{"@type":"ListItem","position":3,"name":"Some By Mi &#8211; Retinol Intense Eye Cream"}]},{"@type":"WebSite","@id":"https:\/\/manskin.ethos-dev.ch\/#website","url":"https:\/\/manskin.ethos-dev.ch\/","name":"Manskin.ch","description":"Tous les produits de beaut\u00e9 pour les hommes les plus exigeants","publisher":{"@id":"https:\/\/manskin.ethos-dev.ch\/#organization"},"potentialAction":[{"@type":"SearchAction","target":{"@type":"EntryPoint","urlTemplate":"https:\/\/manskin.ethos-dev.ch\/?s={search_term_string}"},"query-input":{"@type":"PropertyValueSpecification","valueRequired":true,"valueName":"search_term_string"}}],"inLanguage":"fr-FR"},{"@type":"Organization","@id":"https:\/\/manskin.ethos-dev.ch\/#organization","name":"Manskin.ch - der Schweizer Onlineshop f\u00fcr qualit\u00e4tsstarke M\u00e4nnerpflege","url":"https:\/\/manskin.ethos-dev.ch\/","logo":{"@type":"ImageObject","inLanguage":"fr-FR","@id":"https:\/\/manskin.ethos-dev.ch\/#\/schema\/logo\/image\/","url":"https:\/\/manskin.ethos-dev.ch\/wp-content\/uploads\/2021\/04\/cropped-logo_head.png","contentUrl":"https:\/\/manskin.ethos-dev.ch\/wp-content\/uploads\/2021\/04\/cropped-logo_head.png","width":235,"height":75,"caption":"Manskin.ch - der Schweizer Onlineshop f\u00fcr qualit\u00e4tsstarke M\u00e4nnerpflege"},"image":{"@id":"https:\/\/manskin.ethos-dev.ch\/#\/schema\/logo\/image\/"},"sameAs":["https:\/\/www.facebook.com\/manskin.ch","https:\/\/www.instagram.com\/manskin.ch\/"]}]},"product_price_amount":"17.50","product_price_currency":"CHF","og_availability":"instock","product_availability":"instock","product_retailer_item_id":"14308","product_condition":"new"},"brands":[],"_links":{"self":[{"href":"https:\/\/manskin.ethos-dev.ch\/fr\/wp-json\/wp\/v2\/product\/86095","targetHints":{"allow":["GET"]}}],"collection":[{"href":"https:\/\/manskin.ethos-dev.ch\/fr\/wp-json\/wp\/v2\/product"}],"about":[{"href":"https:\/\/manskin.ethos-dev.ch\/fr\/wp-json\/wp\/v2\/types\/product"}],"replies":[{"embeddable":true,"href":"https:\/\/manskin.ethos-dev.ch\/fr\/wp-json\/wp\/v2\/comments?post=86095"}],"wp:featuredmedia":[{"embeddable":true,"href":"https:\/\/manskin.ethos-dev.ch\/fr\/wp-json\/wp\/v2\/media\/86108"}],"wp:attachment":[{"href":"https:\/\/manskin.ethos-dev.ch\/fr\/wp-json\/wp\/v2\/media?parent=86095"}],"wp:term":[{"taxonomy":"pwb-brand","embeddable":true,"href":"https:\/\/manskin.ethos-dev.ch\/fr\/wp-json\/wp\/v2\/pwb-brand?post=86095"},{"taxonomy":"product_brand","embeddable":true,"href":"https:\/\/manskin.ethos-dev.ch\/fr\/wp-json\/wp\/v2\/product_brand?post=86095"},{"taxonomy":"product_cat","embeddable":true,"href":"https:\/\/manskin.ethos-dev.ch\/fr\/wp-json\/wp\/v2\/product_cat?post=86095"},{"taxonomy":"product_tag","embeddable":true,"href":"https:\/\/manskin.ethos-dev.ch\/fr\/wp-json\/wp\/v2\/product_tag?post=86095"}],"curies":[{"name":"wp","href":"https:\/\/api.w.org\/{rel}","templated":true}]}}