{"id":86098,"date":"2025-06-05T08:52:16","date_gmt":"2025-06-05T06:52:16","guid":{"rendered":"https:\/\/manskin.ch\/produkt\/somebymi-masque-super-matcha\/"},"modified":"2025-06-28T13:52:50","modified_gmt":"2025-06-28T11:52:50","slug":"somebymi-30-days-miracle-serum","status":"publish","type":"product","link":"https:\/\/manskin.ethos-dev.ch\/fr\/produkt\/somebymi-30-days-miracle-serum\/","title":{"rendered":"Some By Mi &#8211; AHA BHA PHA 30 Days Miracle Serum"},"content":{"rendered":"<h2>Some By Mi &ndash; S&eacute;rum miracle 30 jours AHA BHA PHA<\/h2>\n<p>Le s&eacute;rum culte pour une peau pure et &eacute;clatante &ndash; visible en 30 jours!<\/p>\n<ul>\n<li>D&eacute;couvrez le best-seller cor&eacute;en: le s&eacute;rum 30 Days Miracle de Some By Mi associe de puissants agents exfoliants &agrave; des extraits v&eacute;g&eacute;taux apaisants pour une peau plus claire, plus uniforme et plus fra&icirc;che.<\/li>\n<li>La formule intelligente &agrave; triple acide avec AHA, BHA et PHA &eacute;limine les cellules mortes, nettoie les pores en profondeur et pr&eacute;vient les impuret&eacute;s, sans aucune irritation. En m&ecirc;me temps, l&#39;extrait d&#39;arbre &agrave; th&eacute; (10 000 ppm) a un effet antibact&eacute;rien et apaisant, id&eacute;al pour l&#39;acn&eacute;, les points noirs ou les peaux sensibles et grasses.<\/li>\n<\/ul>\n<p>Les points forts en un coup d&#39;&oelig;il :<\/p>\n<ul>\n<li>L&#39;AHA lisse le grain de peau et &eacute;limine les cellules mortes.<\/li>\n<li>Le BHA p&eacute;n&egrave;tre en profondeur dans les pores et dissout le s&eacute;bum et les impuret&eacute;s.<\/li>\n<li>Le PHA assure un gommage doux et une hydratation intense.<\/li>\n<li>L&#39;huile d&#39;arbre &agrave; th&eacute; et la centella asiatica apaisent et r&eacute;g&eacute;n&egrave;rent.<\/li>\n<li>Id&eacute;al pour les imperfections, les pores obstru&eacute;s et les peaux ternes.<\/li>\n<li>Pour tous les types de peau, en particulier les peaux mixtes, grasses ou impures. Bien tol&eacute;r&eacute; m&ecirc;me par les peaux sensibles.<\/li>\n<\/ul>\n<p>Utilisation : bien agiter avant utilisation. Appliquer matin et\/ou soir apr&egrave;s le nettoyage, tapoter doucement et laisser p&eacute;n&eacute;trer. Terminer par une cr&egrave;me hydratante.<\/p>\n","protected":false},"excerpt":{"rendered":"<p>Pour une peau pure et \u00e9clatante<\/p>\n","protected":false},"featured_media":86110,"comment_status":"closed","ping_status":"closed","template":"","meta":{"_acf_changed":false},"pwb-brand":[],"product_brand":[],"product_cat":[],"product_tag":[],"class_list":{"0":"post-86098","1":"product","2":"type-product","3":"status-publish","4":"has-post-thumbnail","6":"sales-flash-overlay","7":"woocommerce-text-align-center","8":"woocommerce-image-align-center","9":"do-quantity-buttons","10":"has-subscription-plans","12":"first","13":"instock","14":"taxable","15":"shipping-taxable","16":"purchasable","17":"product-type-simple"},"acf":[],"yoast_head":"<!-- This site is optimized with the Yoast SEO Premium plugin v24.8 (Yoast SEO v25.4) - https:\/\/yoast.com\/wordpress\/plugins\/seo\/ -->\n<title>Some By Mi - AHA BHA PHA 30 Days Miracle Serum | Manskin.ch<\/title>\n<meta name=\"description\" content=\"D\u00e9couvre le s\u00e9rum 30 Days Miracle pour une peau pure et \u00e9clatante - une diff\u00e9rence visible en seulement 30 jours!\" \/>\n<meta name=\"robots\" content=\"noindex, follow, max-snippet:-1, max-image-preview:large, max-video-preview:-1\" \/>\n<meta property=\"og:locale\" content=\"fr_FR\" \/>\n<meta property=\"og:type\" content=\"article\" \/>\n<meta property=\"og:title\" content=\"Some By Mi - AHA BHA PHA 30 Days Miracle Serum\" \/>\n<meta property=\"og:description\" content=\"D\u00e9couvre le s\u00e9rum 30 Days Miracle pour une peau pure et \u00e9clatante - une diff\u00e9rence visible en seulement 30 jours!\" \/>\n<meta property=\"og:url\" content=\"https:\/\/manskin.ethos-dev.ch\/fr\/produkt\/somebymi-30-days-miracle-serum\/\" \/>\n<meta property=\"og:site_name\" content=\"Manskin.ch\" \/>\n<meta property=\"article:publisher\" content=\"https:\/\/www.facebook.com\/manskin.ch\" \/>\n<meta property=\"article:modified_time\" content=\"2025-06-28T11:52:50+00:00\" \/>\n<meta property=\"og:image\" content=\"https:\/\/manskin.ethos-dev.ch\/wp-content\/uploads\/2025\/06\/somebymi_miracleserum.webp\" \/>\n\t<meta property=\"og:image:width\" content=\"800\" \/>\n\t<meta property=\"og:image:height\" content=\"800\" \/>\n\t<meta property=\"og:image:type\" content=\"image\/webp\" \/>\n<meta name=\"twitter:card\" content=\"summary_large_image\" \/>\n<meta name=\"twitter:label1\" content=\"Prix\" \/>\n\t<meta name=\"twitter:data1\" content=\"18.00&#067;&#072;&#070;\" \/>\n\t<meta name=\"twitter:label2\" content=\"Disponibilit\u00e9\" \/>\n\t<meta name=\"twitter:data2\" content=\"En stock\" \/>\n<script type=\"application\/ld+json\" class=\"yoast-schema-graph\">{\"@context\":\"https:\/\/schema.org\",\"@graph\":[{\"@type\":\"WebPage\",\"@id\":\"https:\/\/manskin.ethos-dev.ch\/fr\/produkt\/somebymi-30-days-miracle-serum\/\",\"url\":\"https:\/\/manskin.ethos-dev.ch\/fr\/produkt\/somebymi-30-days-miracle-serum\/\",\"name\":\"Some By Mi - AHA BHA PHA 30 Days Miracle Serum | Manskin.ch\",\"isPartOf\":{\"@id\":\"https:\/\/manskin.ethos-dev.ch\/#website\"},\"primaryImageOfPage\":{\"@id\":\"https:\/\/manskin.ethos-dev.ch\/fr\/produkt\/somebymi-30-days-miracle-serum\/#primaryimage\"},\"image\":{\"@id\":\"https:\/\/manskin.ethos-dev.ch\/fr\/produkt\/somebymi-30-days-miracle-serum\/#primaryimage\"},\"thumbnailUrl\":\"https:\/\/manskin.ethos-dev.ch\/wp-content\/uploads\/2025\/06\/somebymi_miracleserum.webp\",\"datePublished\":\"2025-06-05T06:52:16+00:00\",\"dateModified\":\"2025-06-28T11:52:50+00:00\",\"description\":\"D\u00e9couvre le s\u00e9rum 30 Days Miracle pour une peau pure et \u00e9clatante - une diff\u00e9rence visible en seulement 30 jours!\",\"breadcrumb\":{\"@id\":\"https:\/\/manskin.ethos-dev.ch\/fr\/produkt\/somebymi-30-days-miracle-serum\/#breadcrumb\"},\"inLanguage\":\"fr-FR\",\"potentialAction\":[{\"@type\":\"ReadAction\",\"target\":[\"https:\/\/manskin.ethos-dev.ch\/fr\/produkt\/somebymi-30-days-miracle-serum\/\"]}]},{\"@type\":\"ImageObject\",\"inLanguage\":\"fr-FR\",\"@id\":\"https:\/\/manskin.ethos-dev.ch\/fr\/produkt\/somebymi-30-days-miracle-serum\/#primaryimage\",\"url\":\"https:\/\/manskin.ethos-dev.ch\/wp-content\/uploads\/2025\/06\/somebymi_miracleserum.webp\",\"contentUrl\":\"https:\/\/manskin.ethos-dev.ch\/wp-content\/uploads\/2025\/06\/somebymi_miracleserum.webp\",\"width\":800,\"height\":800},{\"@type\":\"BreadcrumbList\",\"@id\":\"https:\/\/manskin.ethos-dev.ch\/fr\/produkt\/somebymi-30-days-miracle-serum\/#breadcrumb\",\"itemListElement\":[{\"@type\":\"ListItem\",\"position\":1,\"name\":\"Startseite\",\"item\":\"https:\/\/manskin.ethos-dev.ch\/fr\/\"},{\"@type\":\"ListItem\",\"position\":2,\"name\":\"Shop\",\"item\":\"https:\/\/manskin.ethos-dev.ch\/shop\/\"},{\"@type\":\"ListItem\",\"position\":3,\"name\":\"Some By Mi &#8211; AHA BHA PHA 30 Days Miracle Serum\"}]},{\"@type\":\"WebSite\",\"@id\":\"https:\/\/manskin.ethos-dev.ch\/#website\",\"url\":\"https:\/\/manskin.ethos-dev.ch\/\",\"name\":\"Manskin.ch\",\"description\":\"Tous les produits de beaut\u00e9 pour les hommes les plus exigeants\",\"publisher\":{\"@id\":\"https:\/\/manskin.ethos-dev.ch\/#organization\"},\"potentialAction\":[{\"@type\":\"SearchAction\",\"target\":{\"@type\":\"EntryPoint\",\"urlTemplate\":\"https:\/\/manskin.ethos-dev.ch\/?s={search_term_string}\"},\"query-input\":{\"@type\":\"PropertyValueSpecification\",\"valueRequired\":true,\"valueName\":\"search_term_string\"}}],\"inLanguage\":\"fr-FR\"},{\"@type\":\"Organization\",\"@id\":\"https:\/\/manskin.ethos-dev.ch\/#organization\",\"name\":\"Manskin.ch - der Schweizer Onlineshop f\u00fcr qualit\u00e4tsstarke M\u00e4nnerpflege\",\"url\":\"https:\/\/manskin.ethos-dev.ch\/\",\"logo\":{\"@type\":\"ImageObject\",\"inLanguage\":\"fr-FR\",\"@id\":\"https:\/\/manskin.ethos-dev.ch\/#\/schema\/logo\/image\/\",\"url\":\"https:\/\/manskin.ethos-dev.ch\/wp-content\/uploads\/2021\/04\/cropped-logo_head.png\",\"contentUrl\":\"https:\/\/manskin.ethos-dev.ch\/wp-content\/uploads\/2021\/04\/cropped-logo_head.png\",\"width\":235,\"height\":75,\"caption\":\"Manskin.ch - der Schweizer Onlineshop f\u00fcr qualit\u00e4tsstarke M\u00e4nnerpflege\"},\"image\":{\"@id\":\"https:\/\/manskin.ethos-dev.ch\/#\/schema\/logo\/image\/\"},\"sameAs\":[\"https:\/\/www.facebook.com\/manskin.ch\",\"https:\/\/www.instagram.com\/manskin.ch\/\"]}]}<\/script>\n<meta property=\"product:price:amount\" content=\"18.00\" \/>\n<meta property=\"product:price:currency\" content=\"CHF\" \/>\n<meta property=\"og:availability\" content=\"instock\" \/>\n<meta property=\"product:availability\" content=\"instock\" \/>\n<meta property=\"product:retailer_item_id\" content=\"14309\" \/>\n<meta property=\"product:condition\" content=\"new\" \/>\n<!-- \/ Yoast SEO Premium plugin. -->","yoast_head_json":{"title":"Some By Mi - AHA BHA PHA 30 Days Miracle Serum | Manskin.ch","description":"D\u00e9couvre le s\u00e9rum 30 Days Miracle pour une peau pure et \u00e9clatante - une diff\u00e9rence visible en seulement 30 jours!","robots":{"index":"noindex","follow":"follow","max-snippet":"max-snippet:-1","max-image-preview":"max-image-preview:large","max-video-preview":"max-video-preview:-1"},"og_locale":"fr_FR","og_type":"article","og_title":"Some By Mi - AHA BHA PHA 30 Days Miracle Serum","og_description":"D\u00e9couvre le s\u00e9rum 30 Days Miracle pour une peau pure et \u00e9clatante - une diff\u00e9rence visible en seulement 30 jours!","og_url":"https:\/\/manskin.ethos-dev.ch\/fr\/produkt\/somebymi-30-days-miracle-serum\/","og_site_name":"Manskin.ch","article_publisher":"https:\/\/www.facebook.com\/manskin.ch","article_modified_time":"2025-06-28T11:52:50+00:00","og_image":[{"width":800,"height":800,"url":"https:\/\/manskin.ethos-dev.ch\/wp-content\/uploads\/2025\/06\/somebymi_miracleserum.webp","type":"image\/webp"}],"twitter_card":"summary_large_image","twitter_misc":{"Prix":"18.00&#67;&#72;&#70;","Disponibilit\u00e9":"En stock"},"schema":{"@context":"https:\/\/schema.org","@graph":[{"@type":"WebPage","@id":"https:\/\/manskin.ethos-dev.ch\/fr\/produkt\/somebymi-30-days-miracle-serum\/","url":"https:\/\/manskin.ethos-dev.ch\/fr\/produkt\/somebymi-30-days-miracle-serum\/","name":"Some By Mi - AHA BHA PHA 30 Days Miracle Serum | Manskin.ch","isPartOf":{"@id":"https:\/\/manskin.ethos-dev.ch\/#website"},"primaryImageOfPage":{"@id":"https:\/\/manskin.ethos-dev.ch\/fr\/produkt\/somebymi-30-days-miracle-serum\/#primaryimage"},"image":{"@id":"https:\/\/manskin.ethos-dev.ch\/fr\/produkt\/somebymi-30-days-miracle-serum\/#primaryimage"},"thumbnailUrl":"https:\/\/manskin.ethos-dev.ch\/wp-content\/uploads\/2025\/06\/somebymi_miracleserum.webp","datePublished":"2025-06-05T06:52:16+00:00","dateModified":"2025-06-28T11:52:50+00:00","description":"D\u00e9couvre le s\u00e9rum 30 Days Miracle pour une peau pure et \u00e9clatante - une diff\u00e9rence visible en seulement 30 jours!","breadcrumb":{"@id":"https:\/\/manskin.ethos-dev.ch\/fr\/produkt\/somebymi-30-days-miracle-serum\/#breadcrumb"},"inLanguage":"fr-FR","potentialAction":[{"@type":"ReadAction","target":["https:\/\/manskin.ethos-dev.ch\/fr\/produkt\/somebymi-30-days-miracle-serum\/"]}]},{"@type":"ImageObject","inLanguage":"fr-FR","@id":"https:\/\/manskin.ethos-dev.ch\/fr\/produkt\/somebymi-30-days-miracle-serum\/#primaryimage","url":"https:\/\/manskin.ethos-dev.ch\/wp-content\/uploads\/2025\/06\/somebymi_miracleserum.webp","contentUrl":"https:\/\/manskin.ethos-dev.ch\/wp-content\/uploads\/2025\/06\/somebymi_miracleserum.webp","width":800,"height":800},{"@type":"BreadcrumbList","@id":"https:\/\/manskin.ethos-dev.ch\/fr\/produkt\/somebymi-30-days-miracle-serum\/#breadcrumb","itemListElement":[{"@type":"ListItem","position":1,"name":"Startseite","item":"https:\/\/manskin.ethos-dev.ch\/fr\/"},{"@type":"ListItem","position":2,"name":"Shop","item":"https:\/\/manskin.ethos-dev.ch\/shop\/"},{"@type":"ListItem","position":3,"name":"Some By Mi &#8211; AHA BHA PHA 30 Days Miracle Serum"}]},{"@type":"WebSite","@id":"https:\/\/manskin.ethos-dev.ch\/#website","url":"https:\/\/manskin.ethos-dev.ch\/","name":"Manskin.ch","description":"Tous les produits de beaut\u00e9 pour les hommes les plus exigeants","publisher":{"@id":"https:\/\/manskin.ethos-dev.ch\/#organization"},"potentialAction":[{"@type":"SearchAction","target":{"@type":"EntryPoint","urlTemplate":"https:\/\/manskin.ethos-dev.ch\/?s={search_term_string}"},"query-input":{"@type":"PropertyValueSpecification","valueRequired":true,"valueName":"search_term_string"}}],"inLanguage":"fr-FR"},{"@type":"Organization","@id":"https:\/\/manskin.ethos-dev.ch\/#organization","name":"Manskin.ch - der Schweizer Onlineshop f\u00fcr qualit\u00e4tsstarke M\u00e4nnerpflege","url":"https:\/\/manskin.ethos-dev.ch\/","logo":{"@type":"ImageObject","inLanguage":"fr-FR","@id":"https:\/\/manskin.ethos-dev.ch\/#\/schema\/logo\/image\/","url":"https:\/\/manskin.ethos-dev.ch\/wp-content\/uploads\/2021\/04\/cropped-logo_head.png","contentUrl":"https:\/\/manskin.ethos-dev.ch\/wp-content\/uploads\/2021\/04\/cropped-logo_head.png","width":235,"height":75,"caption":"Manskin.ch - der Schweizer Onlineshop f\u00fcr qualit\u00e4tsstarke M\u00e4nnerpflege"},"image":{"@id":"https:\/\/manskin.ethos-dev.ch\/#\/schema\/logo\/image\/"},"sameAs":["https:\/\/www.facebook.com\/manskin.ch","https:\/\/www.instagram.com\/manskin.ch\/"]}]},"product_price_amount":"18.00","product_price_currency":"CHF","og_availability":"instock","product_availability":"instock","product_retailer_item_id":"14309","product_condition":"new"},"brands":[],"_links":{"self":[{"href":"https:\/\/manskin.ethos-dev.ch\/fr\/wp-json\/wp\/v2\/product\/86098","targetHints":{"allow":["GET"]}}],"collection":[{"href":"https:\/\/manskin.ethos-dev.ch\/fr\/wp-json\/wp\/v2\/product"}],"about":[{"href":"https:\/\/manskin.ethos-dev.ch\/fr\/wp-json\/wp\/v2\/types\/product"}],"replies":[{"embeddable":true,"href":"https:\/\/manskin.ethos-dev.ch\/fr\/wp-json\/wp\/v2\/comments?post=86098"}],"wp:featuredmedia":[{"embeddable":true,"href":"https:\/\/manskin.ethos-dev.ch\/fr\/wp-json\/wp\/v2\/media\/86110"}],"wp:attachment":[{"href":"https:\/\/manskin.ethos-dev.ch\/fr\/wp-json\/wp\/v2\/media?parent=86098"}],"wp:term":[{"taxonomy":"pwb-brand","embeddable":true,"href":"https:\/\/manskin.ethos-dev.ch\/fr\/wp-json\/wp\/v2\/pwb-brand?post=86098"},{"taxonomy":"product_brand","embeddable":true,"href":"https:\/\/manskin.ethos-dev.ch\/fr\/wp-json\/wp\/v2\/product_brand?post=86098"},{"taxonomy":"product_cat","embeddable":true,"href":"https:\/\/manskin.ethos-dev.ch\/fr\/wp-json\/wp\/v2\/product_cat?post=86098"},{"taxonomy":"product_tag","embeddable":true,"href":"https:\/\/manskin.ethos-dev.ch\/fr\/wp-json\/wp\/v2\/product_tag?post=86098"}],"curies":[{"name":"wp","href":"https:\/\/api.w.org\/{rel}","templated":true}]}}