{"id":87249,"date":"2025-07-06T18:33:51","date_gmt":"2025-07-06T16:33:51","guid":{"rendered":"https:\/\/manskin.ch\/produkt\/musgo-real-edt-black-edition-travel-2\/"},"modified":"2025-07-06T20:34:41","modified_gmt":"2025-07-06T18:34:41","slug":"musgo-real-edt-black-edition-travel","status":"publish","type":"product","link":"https:\/\/manskin.ethos-dev.ch\/fr\/produkt\/musgo-real-edt-black-edition-travel\/","title":{"rendered":"Musgo Real &#8211; Eau de Toilette Black Edition Travel"},"content":{"rendered":"<h2>Musgo Real &#8211; Eau de Toilette Black Edition Travel<\/h2>\n<p>Cette Eau de Toilette est ouvertement s&eacute;duisante et extr&ecirc;mement raffin&eacute;e. Elle d&eacute;gage un charme charismatique pour ces moments particuliers o&ugrave; vous souhaitez que tout soit parfait. Musgo Real Black Edition, d&eacute;sormais disponible dans un flacon en verre de 10 ml facile &agrave; transporter, id&eacute;al pour vos voyages.<\/p>\n<ul>\n<li>Novatrice et contemporaine, l&rsquo;Eau de Toilette Musgo Real Black Edition est un parfum sophistiqu&eacute; et sensuel.<\/li>\n<li>Une fragrance envoutante et captivante cr&eacute;&eacute;e autour d&rsquo;une base de v&eacute;tiver et de c&egrave;dre, de patchouli et de f&egrave;ve tonka.<\/li>\n<li>Dans son c&frac12;ur noir vit un m&eacute;lange s&eacute;ducteur de ganache et d&rsquo;&eacute;pices exotiques, combin&eacute;es &agrave; des notes agrestes de geni&egrave;vre, de citron et de bergamote.<br \/>\n\t&nbsp;<\/li>\n<li>Notes de t&ecirc;te:&nbsp; Bergamote, Citron et Baies de Geni&egrave;vre<\/li>\n<li>Notes de coeur: Cacao, Noix Muscade et Cardamome<\/li>\n<li>Notes de fond: V&eacute;tiver, Patchouli, C&egrave;dre et F&egrave;ve Tonka<\/li>\n<\/ul>\n<p>Contenu 10 ml.<\/p>\n","protected":false},"excerpt":{"rendered":"<p>Musgo Real &#8211; Eau de Toilette Black Edition Travel Cette Eau de Toilette est ouvertement s&eacute;duisante et extr&ecirc;mement raffin&eacute;e. Elle d&eacute;gage un charme charismatique pour ces moments particuliers o&ugrave; vous souhaitez que tout soit parfait. Musgo Real Black Edition, d&eacute;sormais disponible dans un flacon en verre de 10 ml facile &agrave; transporter, id&eacute;al pour vos &#8230; <a title=\"Musgo Real &#8211; Eau de Toilette Black Edition Travel\" class=\"read-more\" href=\"https:\/\/manskin.ethos-dev.ch\/fr\/produkt\/musgo-real-edt-black-edition-travel\/\" aria-label=\"En savoir plus sur Musgo Real &#8211; Eau de Toilette Black Edition Travel\">Lire la suite<\/a><\/p>\n","protected":false},"featured_media":87262,"comment_status":"closed","ping_status":"closed","template":"","meta":{"_acf_changed":false},"pwb-brand":[],"product_brand":[],"product_cat":[],"product_tag":[],"class_list":{"0":"post-87249","1":"product","2":"type-product","3":"status-publish","4":"has-post-thumbnail","6":"sales-flash-overlay","7":"woocommerce-text-align-center","8":"woocommerce-image-align-center","9":"do-quantity-buttons","10":"has-subscription-plans","12":"first","13":"instock","14":"taxable","15":"shipping-taxable","16":"purchasable","17":"product-type-simple"},"acf":[],"yoast_head":"<!-- This site is optimized with the Yoast SEO Premium plugin v24.8 (Yoast SEO v25.4) - https:\/\/yoast.com\/wordpress\/plugins\/seo\/ -->\n<title>Musgo Real Black Edition Travel : un parfum s\u00e9duisant | Manskin.ch<\/title>\n<meta name=\"description\" content=\"Profite de l&#039;effet charismatique du Musgo Real Black Edition Travel ! Id\u00e9al pour les voyages et les occasions sp\u00e9ciales, essaie-le!\" \/>\n<meta name=\"robots\" content=\"noindex, follow, max-snippet:-1, max-image-preview:large, max-video-preview:-1\" \/>\n<meta property=\"og:locale\" content=\"fr_FR\" \/>\n<meta property=\"og:type\" content=\"article\" \/>\n<meta property=\"og:title\" content=\"Musgo Real - Eau de Toilette Black Edition Travel\" \/>\n<meta property=\"og:description\" content=\"Profite de l&#039;effet charismatique du Musgo Real Black Edition Travel ! Id\u00e9al pour les voyages et les occasions sp\u00e9ciales, essaie-le!\" \/>\n<meta property=\"og:url\" content=\"https:\/\/manskin.ethos-dev.ch\/fr\/produkt\/musgo-real-edt-black-edition-travel\/\" \/>\n<meta property=\"og:site_name\" content=\"Manskin.ch\" \/>\n<meta property=\"article:publisher\" content=\"https:\/\/www.facebook.com\/manskin.ch\" \/>\n<meta property=\"article:modified_time\" content=\"2025-07-06T18:34:41+00:00\" \/>\n<meta property=\"og:image\" content=\"https:\/\/manskin.ethos-dev.ch\/wp-content\/uploads\/2025\/07\/Musgo-Real-Black-Edition-Travel-1.jpg\" \/>\n\t<meta property=\"og:image:width\" content=\"1000\" \/>\n\t<meta property=\"og:image:height\" content=\"1000\" \/>\n\t<meta property=\"og:image:type\" content=\"image\/jpeg\" \/>\n<meta name=\"twitter:card\" content=\"summary_large_image\" \/>\n<meta name=\"twitter:label1\" content=\"Prix\" \/>\n\t<meta name=\"twitter:data1\" content=\"30.00&#067;&#072;&#070;\" \/>\n\t<meta name=\"twitter:label2\" content=\"Disponibilit\u00e9\" \/>\n\t<meta name=\"twitter:data2\" content=\"En stock\" \/>\n<script type=\"application\/ld+json\" class=\"yoast-schema-graph\">{\"@context\":\"https:\/\/schema.org\",\"@graph\":[{\"@type\":\"WebPage\",\"@id\":\"https:\/\/manskin.ethos-dev.ch\/fr\/produkt\/musgo-real-edt-black-edition-travel\/\",\"url\":\"https:\/\/manskin.ethos-dev.ch\/fr\/produkt\/musgo-real-edt-black-edition-travel\/\",\"name\":\"Musgo Real Black Edition Travel : un parfum s\u00e9duisant | Manskin.ch\",\"isPartOf\":{\"@id\":\"https:\/\/manskin.ethos-dev.ch\/#website\"},\"primaryImageOfPage\":{\"@id\":\"https:\/\/manskin.ethos-dev.ch\/fr\/produkt\/musgo-real-edt-black-edition-travel\/#primaryimage\"},\"image\":{\"@id\":\"https:\/\/manskin.ethos-dev.ch\/fr\/produkt\/musgo-real-edt-black-edition-travel\/#primaryimage\"},\"thumbnailUrl\":\"https:\/\/manskin.ethos-dev.ch\/wp-content\/uploads\/2025\/07\/Musgo-Real-Black-Edition-Travel-1.jpg\",\"datePublished\":\"2025-07-06T16:33:51+00:00\",\"dateModified\":\"2025-07-06T18:34:41+00:00\",\"description\":\"Profite de l'effet charismatique du Musgo Real Black Edition Travel ! Id\u00e9al pour les voyages et les occasions sp\u00e9ciales, essaie-le!\",\"breadcrumb\":{\"@id\":\"https:\/\/manskin.ethos-dev.ch\/fr\/produkt\/musgo-real-edt-black-edition-travel\/#breadcrumb\"},\"inLanguage\":\"fr-FR\",\"potentialAction\":[{\"@type\":\"ReadAction\",\"target\":[\"https:\/\/manskin.ethos-dev.ch\/fr\/produkt\/musgo-real-edt-black-edition-travel\/\"]}]},{\"@type\":\"ImageObject\",\"inLanguage\":\"fr-FR\",\"@id\":\"https:\/\/manskin.ethos-dev.ch\/fr\/produkt\/musgo-real-edt-black-edition-travel\/#primaryimage\",\"url\":\"https:\/\/manskin.ethos-dev.ch\/wp-content\/uploads\/2025\/07\/Musgo-Real-Black-Edition-Travel-1.jpg\",\"contentUrl\":\"https:\/\/manskin.ethos-dev.ch\/wp-content\/uploads\/2025\/07\/Musgo-Real-Black-Edition-Travel-1.jpg\",\"width\":1000,\"height\":1000},{\"@type\":\"BreadcrumbList\",\"@id\":\"https:\/\/manskin.ethos-dev.ch\/fr\/produkt\/musgo-real-edt-black-edition-travel\/#breadcrumb\",\"itemListElement\":[{\"@type\":\"ListItem\",\"position\":1,\"name\":\"Startseite\",\"item\":\"https:\/\/manskin.ethos-dev.ch\/fr\/\"},{\"@type\":\"ListItem\",\"position\":2,\"name\":\"Shop\",\"item\":\"https:\/\/manskin.ethos-dev.ch\/shop\/\"},{\"@type\":\"ListItem\",\"position\":3,\"name\":\"Musgo Real &#8211; Eau de Toilette Black Edition Travel\"}]},{\"@type\":\"WebSite\",\"@id\":\"https:\/\/manskin.ethos-dev.ch\/#website\",\"url\":\"https:\/\/manskin.ethos-dev.ch\/\",\"name\":\"Manskin.ch\",\"description\":\"Tous les produits de beaut\u00e9 pour les hommes les plus exigeants\",\"publisher\":{\"@id\":\"https:\/\/manskin.ethos-dev.ch\/#organization\"},\"potentialAction\":[{\"@type\":\"SearchAction\",\"target\":{\"@type\":\"EntryPoint\",\"urlTemplate\":\"https:\/\/manskin.ethos-dev.ch\/?s={search_term_string}\"},\"query-input\":{\"@type\":\"PropertyValueSpecification\",\"valueRequired\":true,\"valueName\":\"search_term_string\"}}],\"inLanguage\":\"fr-FR\"},{\"@type\":\"Organization\",\"@id\":\"https:\/\/manskin.ethos-dev.ch\/#organization\",\"name\":\"Manskin.ch - der Schweizer Onlineshop f\u00fcr qualit\u00e4tsstarke M\u00e4nnerpflege\",\"url\":\"https:\/\/manskin.ethos-dev.ch\/\",\"logo\":{\"@type\":\"ImageObject\",\"inLanguage\":\"fr-FR\",\"@id\":\"https:\/\/manskin.ethos-dev.ch\/#\/schema\/logo\/image\/\",\"url\":\"https:\/\/manskin.ethos-dev.ch\/wp-content\/uploads\/2021\/04\/cropped-logo_head.png\",\"contentUrl\":\"https:\/\/manskin.ethos-dev.ch\/wp-content\/uploads\/2021\/04\/cropped-logo_head.png\",\"width\":235,\"height\":75,\"caption\":\"Manskin.ch - der Schweizer Onlineshop f\u00fcr qualit\u00e4tsstarke M\u00e4nnerpflege\"},\"image\":{\"@id\":\"https:\/\/manskin.ethos-dev.ch\/#\/schema\/logo\/image\/\"},\"sameAs\":[\"https:\/\/www.facebook.com\/manskin.ch\",\"https:\/\/www.instagram.com\/manskin.ch\/\"]}]}<\/script>\n<meta property=\"product:price:amount\" content=\"30.00\" \/>\n<meta property=\"product:price:currency\" content=\"CHF\" \/>\n<meta property=\"og:availability\" content=\"instock\" \/>\n<meta property=\"product:availability\" content=\"instock\" \/>\n<meta property=\"product:retailer_item_id\" content=\"14318\" \/>\n<meta property=\"product:condition\" content=\"new\" \/>\n<!-- \/ Yoast SEO Premium plugin. -->","yoast_head_json":{"title":"Musgo Real Black Edition Travel : un parfum s\u00e9duisant | Manskin.ch","description":"Profite de l'effet charismatique du Musgo Real Black Edition Travel ! Id\u00e9al pour les voyages et les occasions sp\u00e9ciales, essaie-le!","robots":{"index":"noindex","follow":"follow","max-snippet":"max-snippet:-1","max-image-preview":"max-image-preview:large","max-video-preview":"max-video-preview:-1"},"og_locale":"fr_FR","og_type":"article","og_title":"Musgo Real - Eau de Toilette Black Edition Travel","og_description":"Profite de l'effet charismatique du Musgo Real Black Edition Travel ! Id\u00e9al pour les voyages et les occasions sp\u00e9ciales, essaie-le!","og_url":"https:\/\/manskin.ethos-dev.ch\/fr\/produkt\/musgo-real-edt-black-edition-travel\/","og_site_name":"Manskin.ch","article_publisher":"https:\/\/www.facebook.com\/manskin.ch","article_modified_time":"2025-07-06T18:34:41+00:00","og_image":[{"width":1000,"height":1000,"url":"https:\/\/manskin.ethos-dev.ch\/wp-content\/uploads\/2025\/07\/Musgo-Real-Black-Edition-Travel-1.jpg","type":"image\/jpeg"}],"twitter_card":"summary_large_image","twitter_misc":{"Prix":"30.00&#67;&#72;&#70;","Disponibilit\u00e9":"En stock"},"schema":{"@context":"https:\/\/schema.org","@graph":[{"@type":"WebPage","@id":"https:\/\/manskin.ethos-dev.ch\/fr\/produkt\/musgo-real-edt-black-edition-travel\/","url":"https:\/\/manskin.ethos-dev.ch\/fr\/produkt\/musgo-real-edt-black-edition-travel\/","name":"Musgo Real Black Edition Travel : un parfum s\u00e9duisant | Manskin.ch","isPartOf":{"@id":"https:\/\/manskin.ethos-dev.ch\/#website"},"primaryImageOfPage":{"@id":"https:\/\/manskin.ethos-dev.ch\/fr\/produkt\/musgo-real-edt-black-edition-travel\/#primaryimage"},"image":{"@id":"https:\/\/manskin.ethos-dev.ch\/fr\/produkt\/musgo-real-edt-black-edition-travel\/#primaryimage"},"thumbnailUrl":"https:\/\/manskin.ethos-dev.ch\/wp-content\/uploads\/2025\/07\/Musgo-Real-Black-Edition-Travel-1.jpg","datePublished":"2025-07-06T16:33:51+00:00","dateModified":"2025-07-06T18:34:41+00:00","description":"Profite de l'effet charismatique du Musgo Real Black Edition Travel ! Id\u00e9al pour les voyages et les occasions sp\u00e9ciales, essaie-le!","breadcrumb":{"@id":"https:\/\/manskin.ethos-dev.ch\/fr\/produkt\/musgo-real-edt-black-edition-travel\/#breadcrumb"},"inLanguage":"fr-FR","potentialAction":[{"@type":"ReadAction","target":["https:\/\/manskin.ethos-dev.ch\/fr\/produkt\/musgo-real-edt-black-edition-travel\/"]}]},{"@type":"ImageObject","inLanguage":"fr-FR","@id":"https:\/\/manskin.ethos-dev.ch\/fr\/produkt\/musgo-real-edt-black-edition-travel\/#primaryimage","url":"https:\/\/manskin.ethos-dev.ch\/wp-content\/uploads\/2025\/07\/Musgo-Real-Black-Edition-Travel-1.jpg","contentUrl":"https:\/\/manskin.ethos-dev.ch\/wp-content\/uploads\/2025\/07\/Musgo-Real-Black-Edition-Travel-1.jpg","width":1000,"height":1000},{"@type":"BreadcrumbList","@id":"https:\/\/manskin.ethos-dev.ch\/fr\/produkt\/musgo-real-edt-black-edition-travel\/#breadcrumb","itemListElement":[{"@type":"ListItem","position":1,"name":"Startseite","item":"https:\/\/manskin.ethos-dev.ch\/fr\/"},{"@type":"ListItem","position":2,"name":"Shop","item":"https:\/\/manskin.ethos-dev.ch\/shop\/"},{"@type":"ListItem","position":3,"name":"Musgo Real &#8211; Eau de Toilette Black Edition Travel"}]},{"@type":"WebSite","@id":"https:\/\/manskin.ethos-dev.ch\/#website","url":"https:\/\/manskin.ethos-dev.ch\/","name":"Manskin.ch","description":"Tous les produits de beaut\u00e9 pour les hommes les plus exigeants","publisher":{"@id":"https:\/\/manskin.ethos-dev.ch\/#organization"},"potentialAction":[{"@type":"SearchAction","target":{"@type":"EntryPoint","urlTemplate":"https:\/\/manskin.ethos-dev.ch\/?s={search_term_string}"},"query-input":{"@type":"PropertyValueSpecification","valueRequired":true,"valueName":"search_term_string"}}],"inLanguage":"fr-FR"},{"@type":"Organization","@id":"https:\/\/manskin.ethos-dev.ch\/#organization","name":"Manskin.ch - der Schweizer Onlineshop f\u00fcr qualit\u00e4tsstarke M\u00e4nnerpflege","url":"https:\/\/manskin.ethos-dev.ch\/","logo":{"@type":"ImageObject","inLanguage":"fr-FR","@id":"https:\/\/manskin.ethos-dev.ch\/#\/schema\/logo\/image\/","url":"https:\/\/manskin.ethos-dev.ch\/wp-content\/uploads\/2021\/04\/cropped-logo_head.png","contentUrl":"https:\/\/manskin.ethos-dev.ch\/wp-content\/uploads\/2021\/04\/cropped-logo_head.png","width":235,"height":75,"caption":"Manskin.ch - der Schweizer Onlineshop f\u00fcr qualit\u00e4tsstarke M\u00e4nnerpflege"},"image":{"@id":"https:\/\/manskin.ethos-dev.ch\/#\/schema\/logo\/image\/"},"sameAs":["https:\/\/www.facebook.com\/manskin.ch","https:\/\/www.instagram.com\/manskin.ch\/"]}]},"product_price_amount":"30.00","product_price_currency":"CHF","og_availability":"instock","product_availability":"instock","product_retailer_item_id":"14318","product_condition":"new"},"brands":[],"_links":{"self":[{"href":"https:\/\/manskin.ethos-dev.ch\/fr\/wp-json\/wp\/v2\/product\/87249","targetHints":{"allow":["GET"]}}],"collection":[{"href":"https:\/\/manskin.ethos-dev.ch\/fr\/wp-json\/wp\/v2\/product"}],"about":[{"href":"https:\/\/manskin.ethos-dev.ch\/fr\/wp-json\/wp\/v2\/types\/product"}],"replies":[{"embeddable":true,"href":"https:\/\/manskin.ethos-dev.ch\/fr\/wp-json\/wp\/v2\/comments?post=87249"}],"wp:featuredmedia":[{"embeddable":true,"href":"https:\/\/manskin.ethos-dev.ch\/fr\/wp-json\/wp\/v2\/media\/87262"}],"wp:attachment":[{"href":"https:\/\/manskin.ethos-dev.ch\/fr\/wp-json\/wp\/v2\/media?parent=87249"}],"wp:term":[{"taxonomy":"pwb-brand","embeddable":true,"href":"https:\/\/manskin.ethos-dev.ch\/fr\/wp-json\/wp\/v2\/pwb-brand?post=87249"},{"taxonomy":"product_brand","embeddable":true,"href":"https:\/\/manskin.ethos-dev.ch\/fr\/wp-json\/wp\/v2\/product_brand?post=87249"},{"taxonomy":"product_cat","embeddable":true,"href":"https:\/\/manskin.ethos-dev.ch\/fr\/wp-json\/wp\/v2\/product_cat?post=87249"},{"taxonomy":"product_tag","embeddable":true,"href":"https:\/\/manskin.ethos-dev.ch\/fr\/wp-json\/wp\/v2\/product_tag?post=87249"}],"curies":[{"name":"wp","href":"https:\/\/api.w.org\/{rel}","templated":true}]}}